{"id":1085,"date":"2020-06-18T19:29:11","date_gmt":"2020-06-18T11:29:11","guid":{"rendered":"https:\/\/www.snackfoodm.com\/?page_id=1085"},"modified":"2020-06-18T19:33:09","modified_gmt":"2020-06-18T11:33:09","slug":"industrial-vegetable-and-fruit-freezer-machine","status":"publish","type":"page","link":"https:\/\/www.snackfoodm.com\/fr\/industrial-vegetable-and-fruit-freezer-machine\/","title":{"rendered":"Machine industrielle \u00e0 congeler les l\u00e9gumes et les fruits"},"content":{"rendered":"<p><strong>Machine industrielle \u00e0 congeler les l\u00e9gumes et les fruits<\/strong> est con\u00e7u pour congeler une grande vari\u00e9t\u00e9 de l\u00e9gumes et de fruits coup\u00e9s en peu de temps. \u00c9quip\u00e9 de la technologie IQF, l'\u00e9quipement commercial de cong\u00e9lation de fruits et l\u00e9gumes peut congeler les l\u00e9gumes et les fruits individuellement et rapidement. En outre, gr\u00e2ce \u00e0 une technologie avanc\u00e9e, le surg\u00e9lateur pour fruits et l\u00e9gumes peut produire des produits finis de qualit\u00e9 sup\u00e9rieure avec une utilisation durable de l'\u00e9nergie. Gr\u00e2ce \u00e0 des ann\u00e9es d'exp\u00e9rience et de connaissances, nous pouvons vous fournir des solutions sur mesure pour votre ligne de cong\u00e9lation de l\u00e9gumes et de fruits avec des machines de cong\u00e9lation de qualit\u00e9. Nous pouvons personnaliser les cong\u00e9lateurs commerciaux pour vos lignes de traitement de l\u00e9gumes et de fruits surgel\u00e9s. N'h\u00e9sitez pas \u00e0 nous contacter pour obtenir de l'aide.<\/p>\n<figure id=\"attachment_1087\" aria-describedby=\"caption-attachment-1087\" style=\"width: 620px\" class=\"wp-caption aligncenter\"><img loading=\"lazy\" decoding=\"async\" class=\"size-full wp-image-1087\" src=\"https:\/\/www.snackfoodm.com\/wp-content\/uploads\/2020\/06\/vegetables-and-fruits-freezer-machine-commercial.jpg\" alt=\"cong\u00e9lateur commercial pour l\u00e9gumes et fruits \" width=\"630\" height=\"400\" srcset=\"https:\/\/www.snackfoodm.com\/wp-content\/uploads\/2020\/06\/vegetables-and-fruits-freezer-machine-commercial.jpg 630w, https:\/\/www.snackfoodm.com\/wp-content\/uploads\/2020\/06\/vegetables-and-fruits-freezer-machine-commercial-300x190.jpg 300w\" sizes=\"auto, (max-width: 630px) 100vw, 630px\" \/><figcaption id=\"caption-attachment-1087\" class=\"wp-caption-text\">Machine \u00e0 congeler les l\u00e9gumes et les fruits<\/figcaption><\/figure>\n<p style=\"text-align: center;\"><a class=\"fancybox\" href=\"#contact_form_pop\"><strong class=\"button\">Obtenir des prix<\/strong><\/a><\/p>\n<div class=\"fancybox-hidden\" style=\"display: none;\">\n<div id=\"contact_form_pop\">\n<div class=\"wpcf7 no-js\" id=\"wpcf7-f384-o1\" lang=\"en-US\" dir=\"ltr\" data-wpcf7-id=\"384\">\n<div class=\"screen-reader-response\"><p role=\"status\" aria-live=\"polite\" aria-atomic=\"true\"><\/p> <ul><\/ul><\/div>\n<form action=\"\/fr\/wp-json\/wp\/v2\/pages\/1085#wpcf7-f384-o1\" method=\"post\" class=\"wpcf7-form init\" aria-label=\"Formulaire de contact\" novalidate=\"novalidate\" data-status=\"init\" data-trp-original-action=\"\/fr\/wp-json\/wp\/v2\/pages\/1085#wpcf7-f384-o1\">\n<fieldset class=\"hidden-fields-container\"><input type=\"hidden\" name=\"_wpcf7\" value=\"384\" \/><input type=\"hidden\" name=\"_wpcf7_version\" value=\"6.1.1\" \/><input type=\"hidden\" name=\"_wpcf7_locale\" value=\"en_US\" \/><input type=\"hidden\" name=\"_wpcf7_unit_tag\" value=\"wpcf7-f384-o1\" \/><input type=\"hidden\" name=\"_wpcf7_container_post\" value=\"0\" \/><input type=\"hidden\" name=\"_wpcf7_posted_data_hash\" value=\"\" \/>\n<\/fieldset>\n<p>Nom :\n<\/p>\n<p><span class=\"wpcf7-form-control-wrap\" data-name=\"your-name\"><input size=\"40\" maxlength=\"400\" class=\"wpcf7-form-control wpcf7-text\" aria-invalid=\"false\" value=\"\" type=\"text\" name=\"your-name\" \/><\/span>\n<\/p>\n<p>Pays :\n<\/p>\n<p><span class=\"wpcf7-form-control-wrap\" data-name=\"your-country\"><input size=\"40\" maxlength=\"400\" class=\"wpcf7-form-control wpcf7-text\" aria-invalid=\"false\" value=\"\" type=\"text\" name=\"your-country\" \/><\/span>\n<\/p>\n<p>Courriel:*\n<\/p>\n<p><span class=\"wpcf7-form-control-wrap\" data-name=\"your-email\"><input size=\"40\" maxlength=\"400\" class=\"wpcf7-form-control wpcf7-email wpcf7-validates-as-required wpcf7-text wpcf7-validates-as-email\" aria-required=\"true\" aria-invalid=\"false\" value=\"\" type=\"email\" name=\"your-email\" \/><\/span>\n<\/p>\n<p>T\u00e9l\u00e9phone*\n<\/p>\n<p><span class=\"wpcf7-form-control-wrap\" data-name=\"your-phone\"><input size=\"40\" maxlength=\"400\" class=\"wpcf7-form-control wpcf7-text wpcf7-validates-as-required\" aria-required=\"true\" aria-invalid=\"false\" placeholder=\"Veuillez ajouter les codes de pays\" value=\"\" type=\"text\" name=\"your-phone\" \/><\/span>\n<\/p>\n<p>Message:*\n<\/p>\n<p><span class=\"wpcf7-form-control-wrap\" data-name=\"your-message\"><textarea cols=\"40\" rows=\"10\" maxlength=\"2000\" class=\"wpcf7-form-control wpcf7-textarea wpcf7-validates-as-required\" aria-required=\"true\" aria-invalid=\"false\" name=\"your-message\"><\/textarea><\/span>\n<\/p>\n<p><input class=\"wpcf7-form-control wpcf7-submit has-spinner\" type=\"submit\" value=\"Obtenir des devis\" \/>\n<\/p><input type=\"hidden\" id=\"ct_checkjs_cf7_d6baf65e0b240ce177cf70da146c8dc8\" name=\"ct_checkjs_cf7\" value=\"0\" \/><script >setTimeout(function(){var ct_input_name = \"ct_checkjs_cf7_d6baf65e0b240ce177cf70da146c8dc8\";if (document.getElementById(ct_input_name) !== null) {var ct_input_value = document.getElementById(ct_input_name).value;document.getElementById(ct_input_name).value = document.getElementById(ct_input_name).value.replace(ct_input_value, 'dba04424690aafc408c5cb41194f71da80590051ae3ed0048d37dfc87b0d215e');}}, 1000);<\/script><input\n                    class=\"apbct_special_field apbct_email_id__wp_contact_form_7\"\n                    name=\"apbct__email_id__wp_contact_form_7\"\n                    aria-label=\"apbct__label_id__wp_contact_form_7\"\n                    type=\"text\" size=\"30\" maxlength=\"200\" autocomplete=\"off\"\n                    value=\"\"\n                \/><p style=\"display: none !important;\" class=\"akismet-fields-container\" data-prefix=\"_wpcf7_ak_\"><label>&#916;<textarea name=\"_wpcf7_ak_hp_textarea\" cols=\"45\" rows=\"8\" maxlength=\"100\"><\/textarea><\/label><input type=\"hidden\" id=\"ak_js_1\" name=\"_wpcf7_ak_js\" value=\"237\"\/><script>document.getElementById( \"ak_js_1\" ).setAttribute( \"value\", ( new Date() ).getTime() );<\/script><\/p><div class=\"wpcf7-response-output\" aria-hidden=\"true\"><\/div>\n<input type=\"hidden\" name=\"trp-form-language\" value=\"fr\"\/><\/form>\n<\/div>\n<\/div>\n<\/div>\n<h2>Avantages de la cong\u00e9lation rapide des fruits et l\u00e9gumes<\/h2>\n<p>Avec la mise \u00e0 jour continue des aliments <a href=\"https:\/\/www.snackfoodm.com\/fr\/quick-freezer-machine\/\">mat\u00e9riel de cong\u00e9lation rapide<\/a>De nombreuses entreprises ont adopt\u00e9 des \u00e9quipements de cong\u00e9lation rapide \u00e0 l'azote liquide. En effet, il permet de congeler les l\u00e9gumes et les fruits en peu de temps, sans qu'ils ne s'agglom\u00e8rent les uns aux autres. En outre, la surg\u00e9lation des fruits et l\u00e9gumes permet d'\u00e9conomiser de l'\u00e9nergie gr\u00e2ce \u00e0 une technologie avanc\u00e9e et \u00e0 un syst\u00e8me d'isolation thermique bien \u00e9quip\u00e9. En outre, la machine de cong\u00e9lation rapide est tr\u00e8s polyvalente, car elle peut \u00eatre utilis\u00e9e pour congeler non seulement des l\u00e9gumes et des fruits, mais aussi de la viande, des fruits de mer, des p\u00e2tisseries, etc.<\/p>\n<h2>Caract\u00e9ristiques de l'\u00e9quipement de cong\u00e9lation rapide des fruits et l\u00e9gumes<\/h2>\n<p>1. Mat\u00e9riaux de qualit\u00e9. Le cong\u00e9lateur \u00e0 fruits et l\u00e9gumes est fabriqu\u00e9 en acier inoxydable 304 de qualit\u00e9 alimentaire. Cela rend le cong\u00e9lateur durable et s\u00fbr pour un fonctionnement \u00e0 long terme, tandis que la conception robuste permet d'\u00e9conomiser de l'\u00e9nergie pendant le fonctionnement. De plus, la structure robuste permet de r\u00e9duire les co\u00fbts de nettoyage et d'entretien.<br \/>\n2. Une bonne isolation thermique. Une bonne isolation thermique permet de garantir une utilisation durable de l'\u00e9nergie et d'assurer la qualit\u00e9 des produits finis.<br \/>\n3. Grande polyvalence. La machine de cong\u00e9lation rapide des fruits et l\u00e9gumes convient aux fruits de mer (crabes, crevettes, poissons, fruits de mer import\u00e9s de qualit\u00e9 sup\u00e9rieure), aux aliments carn\u00e9s (porc, b\u0153uf, poulet, poulet entier, demi-poulet, etc.), aux pommes de terre, aux radis, aux oignons, aux champignons comestibles, aux fruits confits, aux ch\u00e2taignes, aux pommes de terre violettes, au th\u00e9 et \u00e0 d'autres produits agricoles.<br \/>\n4. Facilit\u00e9 d'utilisation. Equip\u00e9e d'un syst\u00e8me PLC, la machine de cong\u00e9lation de l\u00e9gumes et de fruits est facile \u00e0 utiliser. De plus, le syst\u00e8me de contr\u00f4le informatique peut surveiller la pr\u00e9cision du traitement des aliments congel\u00e9s.<br \/>\n5. nos \u00e9quipements de cong\u00e9lation de l\u00e9gumes et de fruits sont personnalis\u00e9s en fonction des besoins sp\u00e9cifiques des clients.<br \/>\n\n<div class=\"wpcf7 no-js\" id=\"wpcf7-f385-o2\" lang=\"en-US\" dir=\"ltr\" data-wpcf7-id=\"385\">\n<div class=\"screen-reader-response\"><p role=\"status\" aria-live=\"polite\" aria-atomic=\"true\"><\/p> <ul><\/ul><\/div>\n<form action=\"\/fr\/wp-json\/wp\/v2\/pages\/1085#wpcf7-f385-o2\" method=\"post\" class=\"wpcf7-form init\" aria-label=\"Formulaire de contact\" novalidate=\"novalidate\" data-status=\"init\" data-trp-original-action=\"\/fr\/wp-json\/wp\/v2\/pages\/1085#wpcf7-f385-o2\">\n<fieldset class=\"hidden-fields-container\"><input type=\"hidden\" name=\"_wpcf7\" value=\"385\" \/><input type=\"hidden\" name=\"_wpcf7_version\" value=\"6.1.1\" \/><input type=\"hidden\" name=\"_wpcf7_locale\" value=\"en_US\" \/><input type=\"hidden\" name=\"_wpcf7_unit_tag\" value=\"wpcf7-f385-o2\" \/><input type=\"hidden\" name=\"_wpcf7_container_post\" value=\"0\" \/><input type=\"hidden\" name=\"_wpcf7_posted_data_hash\" value=\"\" \/>\n<\/fieldset>\n<div class=\"leave-message-blockall\">\n\t<div class=\"leave-message-block\">\n\t\t<div class=\"leave-top\">\n\t\t\t<p>Veuillez remplir le formulaire ci-dessous pour obtenir les prix.\n\t\t\t<\/p>\n\t\t<\/div>\n\t\t<div class=\"leave-name\">\n\t\t\t<div class=\"leave-name-t\">\n\t\t\t\t<p>Votre nom :\n\t\t\t\t<\/p>\n\t\t\t<\/div>\n\t\t\t<p><span class=\"wpcf7-form-control-wrap\" data-name=\"your-name\"><input size=\"40\" maxlength=\"400\" class=\"wpcf7-form-control wpcf7-text\" aria-invalid=\"false\" value=\"\" type=\"text\" name=\"your-name\" \/><\/span>\n\t\t\t<\/p>\n\t\t<\/div>\n\t\t<div class=\"leave-email\">\n\t\t\t<div class=\"leave-email-t\">\n\t\t\t\t<p>Votre adresse \u00e9lectronique (obligatoire) :\n\t\t\t\t<\/p>\n\t\t\t<\/div>\n\t\t\t<p><span class=\"wpcf7-form-control-wrap\" data-name=\"your-email\"><input size=\"40\" maxlength=\"400\" class=\"wpcf7-form-control wpcf7-email wpcf7-validates-as-required wpcf7-text wpcf7-validates-as-email\" aria-required=\"true\" aria-invalid=\"false\" value=\"\" type=\"email\" name=\"your-email\" \/><\/span>\n\t\t\t<\/p>\n\t\t<\/div>\n\t\t<div class=\"leave-tel\">\n\t\t\t<div class=\"leave-tel-t\">\n\t\t\t\t<p>Votre T\u00e9l(obligatoire) :\n\t\t\t\t<\/p>\n\t\t\t<\/div>\n\t\t\t<p><span class=\"wpcf7-form-control-wrap\" data-name=\"your-tel\"><input size=\"40\" maxlength=\"400\" class=\"wpcf7-form-control wpcf7-tel wpcf7-validates-as-required wpcf7-text wpcf7-validates-as-tel\" aria-required=\"true\" aria-invalid=\"false\" placeholder=\"Veuillez ajouter les codes de pays\" value=\"\" type=\"tel\" name=\"your-tel\" \/><\/span>\n\t\t\t<\/p>\n\t\t<\/div>\n\t\t<div class=\"leave-country\">\n\t\t\t<div class=\"leave-country-t\">\n\t\t\t\t<p>Votre pays :\n\t\t\t\t<\/p>\n\t\t\t<\/div>\n\t\t\t<p><span class=\"wpcf7-form-control-wrap\" data-name=\"your-country\"><input size=\"40\" maxlength=\"400\" class=\"wpcf7-form-control wpcf7-text\" aria-invalid=\"false\" value=\"\" type=\"text\" name=\"your-country\" \/><\/span>\n\t\t\t<\/p>\n\t\t<\/div>\n\t\t<div class=\"leave-require\">\n\t\t\t<div class=\"leave-require-t\">\n\t\t\t\t<p>Votre message (obligatoire) :\n\t\t\t\t<\/p>\n\t\t\t<\/div>\n\t\t\t<p><span class=\"wpcf7-form-control-wrap\" data-name=\"your-message\"><textarea cols=\"40\" rows=\"10\" maxlength=\"2000\" class=\"wpcf7-form-control wpcf7-textarea wpcf7-validates-as-required\" aria-required=\"true\" aria-invalid=\"false\" placeholder=\"Conseils : mati\u00e8re premi\u00e8re, produit souhait\u00e9, capacit\u00e9, \u00e9quipement auxiliaire, etc.\" name=\"your-message\"><\/textarea><\/span>\n\t\t\t<\/p>\n\t\t<\/div>\n\t\t<div class=\"leave-Send\">\n\t\t\t<p><input class=\"wpcf7-form-control wpcf7-submit has-spinner\" type=\"submit\" value=\"Envoyer\" \/>\n\t\t\t<\/p>\n\t\t<\/div>\n\t<\/div>\n<\/div><input type=\"hidden\" id=\"ct_checkjs_cf7_98dce83da57b0395e163467c9dae521b\" name=\"ct_checkjs_cf7\" value=\"0\" \/><script >setTimeout(function(){var ct_input_name = \"ct_checkjs_cf7_98dce83da57b0395e163467c9dae521b\";if (document.getElementById(ct_input_name) !== null) {var ct_input_value = document.getElementById(ct_input_name).value;document.getElementById(ct_input_name).value = document.getElementById(ct_input_name).value.replace(ct_input_value, 'dba04424690aafc408c5cb41194f71da80590051ae3ed0048d37dfc87b0d215e');}}, 1000);<\/script><input\n                    class=\"apbct_special_field apbct_email_id__wp_contact_form_7\"\n                    name=\"apbct__email_id__wp_contact_form_7\"\n                    aria-label=\"apbct__label_id__wp_contact_form_7\"\n                    type=\"text\" size=\"30\" maxlength=\"200\" autocomplete=\"off\"\n                    value=\"\"\n                \/><p style=\"display: none !important;\" class=\"akismet-fields-container\" data-prefix=\"_wpcf7_ak_\"><label>&#916;<textarea name=\"_wpcf7_ak_hp_textarea\" cols=\"45\" rows=\"8\" maxlength=\"100\"><\/textarea><\/label><input type=\"hidden\" id=\"ak_js_2\" name=\"_wpcf7_ak_js\" value=\"85\"\/><script>document.getElementById( \"ak_js_2\" ).setAttribute( \"value\", ( new Date() ).getTime() );<\/script><\/p><div class=\"wpcf7-response-output\" aria-hidden=\"true\"><\/div>\n<input type=\"hidden\" name=\"trp-form-language\" value=\"fr\"\/><\/form>\n<\/div>\n\n<div style='text-align:left' class='yasr-auto-insert-visitor'><\/div>","protected":false},"excerpt":{"rendered":"<p>Industrial vegetable and fruit freezer machine is designed for freezing a great variety of cut vegetables and fruits in short time. Equipped with IQF technology, the commercial fruits and vegetables freezing equipment can freeze the vegetables and fruits individually and quickly. Besides, with advanced technology, the blast freezer for vegetables and fruits can produce superior &#8230; <a title=\"Machine industrielle \u00e0 congeler les l\u00e9gumes et les fruits\" class=\"read-more\" href=\"https:\/\/www.snackfoodm.com\/fr\/industrial-vegetable-and-fruit-freezer-machine\/\" aria-label=\"Plus sur Industrial Vegetable and Fruit Freezer Machine\">Lire plus<\/a><\/p>","protected":false},"author":1,"featured_media":0,"parent":0,"menu_order":0,"comment_status":"closed","ping_status":"closed","template":"","meta":{"generate_page_header":"","yasr_overall_rating":0,"yasr_post_is_review":"","yasr_auto_insert_disabled":"","yasr_review_type":"","footnotes":""},"class_list":["post-1085","page","type-page","status-publish"],"yoast_head":"<!-- This site is optimized with the Yoast SEO plugin v25.8 - https:\/\/yoast.com\/wordpress\/plugins\/seo\/ -->\n<title>Industrial Vegetable and Fruit Freezer Machine - Commercial Blast Freezer<\/title>\n<meta name=\"description\" content=\"Industrial vegetable and fruit freezer machine manufacturer. Top commercial blast freezing machine. Great flexibility with top end products. Get prices now.\" \/>\n<meta name=\"robots\" content=\"index, follow, max-snippet:-1, max-image-preview:large, max-video-preview:-1\" \/>\n<link rel=\"canonical\" href=\"https:\/\/www.snackfoodm.com\/fr\/industrial-vegetable-and-fruit-freezer-machine\/\" \/>\n<meta property=\"og:locale\" content=\"fr_FR\" \/>\n<meta property=\"og:type\" content=\"article\" \/>\n<meta property=\"og:title\" content=\"Industrial Vegetable and Fruit Freezer Machine - Commercial Blast Freezer\" \/>\n<meta property=\"og:description\" content=\"Industrial vegetable and fruit freezer machine manufacturer. Top commercial blast freezing machine. Great flexibility with top end products. Get prices now.\" \/>\n<meta property=\"og:url\" content=\"https:\/\/www.snackfoodm.com\/fr\/industrial-vegetable-and-fruit-freezer-machine\/\" \/>\n<meta property=\"og:site_name\" content=\"Professional Potato Chips and French Fry Process Line Manufacturer\" \/>\n<meta property=\"article:modified_time\" content=\"2020-06-18T11:33:09+00:00\" \/>\n<meta property=\"og:image\" content=\"https:\/\/www.snackfoodm.com\/wp-content\/uploads\/2020\/06\/vegetables-and-fruits-freezer-machine-commercial.jpg\" \/>\n\t<meta property=\"og:image:width\" content=\"630\" \/>\n\t<meta property=\"og:image:height\" content=\"400\" \/>\n\t<meta property=\"og:image:type\" content=\"image\/jpeg\" \/>\n<meta name=\"twitter:card\" content=\"summary_large_image\" \/>\n<meta name=\"twitter:label1\" content=\"Dur\u00e9e de lecture estim\u00e9e\" \/>\n\t<meta name=\"twitter:data1\" content=\"2 minutes\" \/>\n<script type=\"application\/ld+json\" class=\"yoast-schema-graph\">{\"@context\":\"https:\/\/schema.org\",\"@graph\":[{\"@type\":\"WebPage\",\"@id\":\"https:\/\/www.snackfoodm.com\/industrial-vegetable-and-fruit-freezer-machine\/\",\"url\":\"https:\/\/www.snackfoodm.com\/industrial-vegetable-and-fruit-freezer-machine\/\",\"name\":\"Industrial Vegetable and Fruit Freezer Machine - Commercial Blast Freezer\",\"isPartOf\":{\"@id\":\"https:\/\/www.snackfoodm.com\/#website\"},\"primaryImageOfPage\":{\"@id\":\"https:\/\/www.snackfoodm.com\/industrial-vegetable-and-fruit-freezer-machine\/#primaryimage\"},\"image\":{\"@id\":\"https:\/\/www.snackfoodm.com\/industrial-vegetable-and-fruit-freezer-machine\/#primaryimage\"},\"thumbnailUrl\":\"https:\/\/www.snackfoodm.com\/wp-content\/uploads\/2020\/06\/vegetables-and-fruits-freezer-machine-commercial.jpg\",\"datePublished\":\"2020-06-18T11:29:11+00:00\",\"dateModified\":\"2020-06-18T11:33:09+00:00\",\"description\":\"Industrial vegetable and fruit freezer machine manufacturer. Top commercial blast freezing machine. Great flexibility with top end products. Get prices now.\",\"breadcrumb\":{\"@id\":\"https:\/\/www.snackfoodm.com\/industrial-vegetable-and-fruit-freezer-machine\/#breadcrumb\"},\"inLanguage\":\"fr-FR\",\"potentialAction\":[{\"@type\":\"ReadAction\",\"target\":[\"https:\/\/www.snackfoodm.com\/industrial-vegetable-and-fruit-freezer-machine\/\"]}]},{\"@type\":\"ImageObject\",\"inLanguage\":\"fr-FR\",\"@id\":\"https:\/\/www.snackfoodm.com\/industrial-vegetable-and-fruit-freezer-machine\/#primaryimage\",\"url\":\"https:\/\/www.snackfoodm.com\/wp-content\/uploads\/2020\/06\/vegetables-and-fruits-freezer-machine-commercial.jpg\",\"contentUrl\":\"https:\/\/www.snackfoodm.com\/wp-content\/uploads\/2020\/06\/vegetables-and-fruits-freezer-machine-commercial.jpg\"},{\"@type\":\"BreadcrumbList\",\"@id\":\"https:\/\/www.snackfoodm.com\/industrial-vegetable-and-fruit-freezer-machine\/#breadcrumb\",\"itemListElement\":[{\"@type\":\"ListItem\",\"position\":1,\"name\":\"\u9996\u9875\",\"item\":\"https:\/\/www.snackfoodm.com\/\"},{\"@type\":\"ListItem\",\"position\":2,\"name\":\"Industrial Vegetable and Fruit Freezer Machine\"}]},{\"@type\":\"WebSite\",\"@id\":\"https:\/\/www.snackfoodm.com\/#website\",\"url\":\"https:\/\/www.snackfoodm.com\/\",\"name\":\"Professional Potato Chips and French Fry Process Line Manufacturer\",\"description\":\"Turnkey Solutions for Chips and French Fries Production Line\",\"publisher\":{\"@id\":\"https:\/\/www.snackfoodm.com\/#organization\"},\"potentialAction\":[{\"@type\":\"SearchAction\",\"target\":{\"@type\":\"EntryPoint\",\"urlTemplate\":\"https:\/\/www.snackfoodm.com\/?s={search_term_string}\"},\"query-input\":{\"@type\":\"PropertyValueSpecification\",\"valueRequired\":true,\"valueName\":\"search_term_string\"}}],\"inLanguage\":\"fr-FR\"},{\"@type\":\"Organization\",\"@id\":\"https:\/\/www.snackfoodm.com\/#organization\",\"name\":\"Professional Potato Chips and French Fry Process Line Manufacturer\",\"url\":\"https:\/\/www.snackfoodm.com\/\",\"logo\":{\"@type\":\"ImageObject\",\"inLanguage\":\"fr-FR\",\"@id\":\"https:\/\/www.snackfoodm.com\/#\/schema\/logo\/image\/\",\"url\":\"https:\/\/www.snackfoodm.com\/wp-content\/uploads\/2020\/02\/cropped-\u65b0\u7248LOGO1-3.png\",\"contentUrl\":\"https:\/\/www.snackfoodm.com\/wp-content\/uploads\/2020\/02\/cropped-\u65b0\u7248LOGO1-3.png\",\"width\":163,\"height\":85,\"caption\":\"Professional Potato Chips and French Fry Process Line Manufacturer\"},\"image\":{\"@id\":\"https:\/\/www.snackfoodm.com\/#\/schema\/logo\/image\/\"}},false]}<\/script>\n<!-- \/ Yoast SEO plugin. -->","yoast_head_json":{"title":"Cong\u00e9lateur industriel pour fruits et l\u00e9gumes - Cong\u00e9lateur commercial \u00e0 air puls\u00e9","description":"Fabricant de surg\u00e9lateurs industriels pour l\u00e9gumes et fruits. Machine de cong\u00e9lation \u00e0 air puls\u00e9 commerciale haut de gamme. Grande flexibilit\u00e9 avec des produits haut de gamme. Obtenez les prix maintenant.","robots":{"index":"index","follow":"follow","max-snippet":"max-snippet:-1","max-image-preview":"max-image-preview:large","max-video-preview":"max-video-preview:-1"},"canonical":"https:\/\/www.snackfoodm.com\/fr\/industrial-vegetable-and-fruit-freezer-machine\/","og_locale":"fr_FR","og_type":"article","og_title":"Industrial Vegetable and Fruit Freezer Machine - Commercial Blast Freezer","og_description":"Industrial vegetable and fruit freezer machine manufacturer. Top commercial blast freezing machine. Great flexibility with top end products. Get prices now.","og_url":"https:\/\/www.snackfoodm.com\/fr\/industrial-vegetable-and-fruit-freezer-machine\/","og_site_name":"Professional Potato Chips and French Fry Process Line Manufacturer","article_modified_time":"2020-06-18T11:33:09+00:00","og_image":[{"width":630,"height":400,"url":"https:\/\/www.snackfoodm.com\/wp-content\/uploads\/2020\/06\/vegetables-and-fruits-freezer-machine-commercial.jpg","type":"image\/jpeg"}],"twitter_card":"summary_large_image","twitter_misc":{"Dur\u00e9e de lecture estim\u00e9e":"2 minutes"},"schema":{"@context":"https:\/\/schema.org","@graph":[{"@type":"WebPage","@id":"https:\/\/www.snackfoodm.com\/industrial-vegetable-and-fruit-freezer-machine\/","url":"https:\/\/www.snackfoodm.com\/industrial-vegetable-and-fruit-freezer-machine\/","name":"Cong\u00e9lateur industriel pour fruits et l\u00e9gumes - Cong\u00e9lateur commercial \u00e0 air puls\u00e9","isPartOf":{"@id":"https:\/\/www.snackfoodm.com\/#website"},"primaryImageOfPage":{"@id":"https:\/\/www.snackfoodm.com\/industrial-vegetable-and-fruit-freezer-machine\/#primaryimage"},"image":{"@id":"https:\/\/www.snackfoodm.com\/industrial-vegetable-and-fruit-freezer-machine\/#primaryimage"},"thumbnailUrl":"https:\/\/www.snackfoodm.com\/wp-content\/uploads\/2020\/06\/vegetables-and-fruits-freezer-machine-commercial.jpg","datePublished":"2020-06-18T11:29:11+00:00","dateModified":"2020-06-18T11:33:09+00:00","description":"Fabricant de surg\u00e9lateurs industriels pour l\u00e9gumes et fruits. Machine de cong\u00e9lation \u00e0 air puls\u00e9 commerciale haut de gamme. Grande flexibilit\u00e9 avec des produits haut de gamme. Obtenez les prix maintenant.","breadcrumb":{"@id":"https:\/\/www.snackfoodm.com\/industrial-vegetable-and-fruit-freezer-machine\/#breadcrumb"},"inLanguage":"fr-FR","potentialAction":[{"@type":"ReadAction","target":["https:\/\/www.snackfoodm.com\/industrial-vegetable-and-fruit-freezer-machine\/"]}]},{"@type":"ImageObject","inLanguage":"fr-FR","@id":"https:\/\/www.snackfoodm.com\/industrial-vegetable-and-fruit-freezer-machine\/#primaryimage","url":"https:\/\/www.snackfoodm.com\/wp-content\/uploads\/2020\/06\/vegetables-and-fruits-freezer-machine-commercial.jpg","contentUrl":"https:\/\/www.snackfoodm.com\/wp-content\/uploads\/2020\/06\/vegetables-and-fruits-freezer-machine-commercial.jpg"},{"@type":"BreadcrumbList","@id":"https:\/\/www.snackfoodm.com\/industrial-vegetable-and-fruit-freezer-machine\/#breadcrumb","itemListElement":[{"@type":"ListItem","position":1,"name":"\u9996\u9875","item":"https:\/\/www.snackfoodm.com\/"},{"@type":"ListItem","position":2,"name":"Industrial Vegetable and Fruit Freezer Machine"}]},{"@type":"WebSite","@id":"https:\/\/www.snackfoodm.com\/#website","url":"https:\/\/www.snackfoodm.com\/","name":"Fabricant professionnel de lignes de production de chips et de frites","description":"Solutions cl\u00e9s en main pour une ligne de production de chips et de frites","publisher":{"@id":"https:\/\/www.snackfoodm.com\/#organization"},"potentialAction":[{"@type":"SearchAction","target":{"@type":"EntryPoint","urlTemplate":"https:\/\/www.snackfoodm.com\/?s={search_term_string}"},"query-input":{"@type":"PropertyValueSpecification","valueRequired":true,"valueName":"search_term_string"}}],"inLanguage":"fr-FR"},{"@type":"Organization","@id":"https:\/\/www.snackfoodm.com\/#organization","name":"Fabricant professionnel de lignes de production de chips et de frites","url":"https:\/\/www.snackfoodm.com\/","logo":{"@type":"ImageObject","inLanguage":"fr-FR","@id":"https:\/\/www.snackfoodm.com\/#\/schema\/logo\/image\/","url":"https:\/\/www.snackfoodm.com\/wp-content\/uploads\/2020\/02\/cropped-\u65b0\u7248LOGO1-3.png","contentUrl":"https:\/\/www.snackfoodm.com\/wp-content\/uploads\/2020\/02\/cropped-\u65b0\u7248LOGO1-3.png","width":163,"height":85,"caption":"Professional Potato Chips and French Fry Process Line Manufacturer"},"image":{"@id":"https:\/\/www.snackfoodm.com\/#\/schema\/logo\/image\/"}},false]}},"yasr_visitor_votes":{"stars_attributes":{"read_only":false,"span_bottom":false},"number_of_votes":0,"sum_votes":0},"_links":{"self":[{"href":"https:\/\/www.snackfoodm.com\/fr\/wp-json\/wp\/v2\/pages\/1085","targetHints":{"allow":["GET"]}}],"collection":[{"href":"https:\/\/www.snackfoodm.com\/fr\/wp-json\/wp\/v2\/pages"}],"about":[{"href":"https:\/\/www.snackfoodm.com\/fr\/wp-json\/wp\/v2\/types\/page"}],"author":[{"embeddable":true,"href":"https:\/\/www.snackfoodm.com\/fr\/wp-json\/wp\/v2\/users\/1"}],"replies":[{"embeddable":true,"href":"https:\/\/www.snackfoodm.com\/fr\/wp-json\/wp\/v2\/comments?post=1085"}],"version-history":[{"count":3,"href":"https:\/\/www.snackfoodm.com\/fr\/wp-json\/wp\/v2\/pages\/1085\/revisions"}],"predecessor-version":[{"id":1090,"href":"https:\/\/www.snackfoodm.com\/fr\/wp-json\/wp\/v2\/pages\/1085\/revisions\/1090"}],"wp:attachment":[{"href":"https:\/\/www.snackfoodm.com\/fr\/wp-json\/wp\/v2\/media?parent=1085"}],"curies":[{"name":"wp","href":"https:\/\/api.w.org\/{rel}","templated":true}]}}