{"id":1117,"date":"2020-06-22T20:01:07","date_gmt":"2020-06-22T12:01:07","guid":{"rendered":"https:\/\/www.snackfoodm.com\/?page_id=1117"},"modified":"2020-06-22T20:12:34","modified_gmt":"2020-06-22T12:12:34","slug":"frozen-peas-processing-plant","status":"publish","type":"page","link":"https:\/\/www.snackfoodm.com\/fr\/frozen-peas-processing-plant\/","title":{"rendered":"Usine de transformation de pois surgel\u00e9s"},"content":{"rendered":"<p><strong>Usine de transformation de pois surgel\u00e9s<\/strong> produit des pois verts surgel\u00e9s \u00e0 l'aide d'un ensemble complet de machines de fabrication de pois surgel\u00e9s. L\u00e9gumes sains et riches en nutriments, les pois verts, \u00e9galement connus sous le nom de pois de jardin, sont largement utilis\u00e9s dans de nombreuses cuisines. Et pour les savourer dans toute leur splendeur, les pois sont g\u00e9n\u00e9ralement congel\u00e9s. En fait, le pois vert est le l\u00e9gume congel\u00e9 le plus courant. Forts de notre expertise et de notre exp\u00e9rience, nous pouvons proposer des solutions sur mesure pour les usines de transformation de pois verts surgel\u00e9s avec des machines de qualit\u00e9. Equip\u00e9e de technologies avanc\u00e9es et de machines de pointe, notre usine de transformation de pois verts surgel\u00e9s peut produire des pois verts surgel\u00e9s de qualit\u00e9 sup\u00e9rieure avec une utilisation durable de l'\u00e9nergie. N'h\u00e9sitez pas \u00e0 nous contacter pour obtenir de l'aide.<\/p>\n<figure id=\"attachment_1119\" aria-describedby=\"caption-attachment-1119\" style=\"width: 620px\" class=\"wp-caption aligncenter\"><img loading=\"lazy\" decoding=\"async\" class=\"size-full wp-image-1119\" src=\"https:\/\/www.snackfoodm.com\/wp-content\/uploads\/2020\/06\/frozen-green-peas-production-plant.jpg\" alt=\"machines \u00e0 fabriquer des pois verts surgel\u00e9s\" width=\"630\" height=\"400\" srcset=\"https:\/\/www.snackfoodm.com\/wp-content\/uploads\/2020\/06\/frozen-green-peas-production-plant.jpg 630w, https:\/\/www.snackfoodm.com\/wp-content\/uploads\/2020\/06\/frozen-green-peas-production-plant-300x190.jpg 300w\" sizes=\"auto, (max-width: 630px) 100vw, 630px\" \/><figcaption id=\"caption-attachment-1119\" class=\"wp-caption-text\">Usine de transformation de pois verts surgel\u00e9s<\/figcaption><\/figure>\n<p style=\"text-align: center;\"><a class=\"fancybox\" href=\"#contact_form_pop\"><strong class=\"button\">Obtenir des prix<\/strong><\/a><\/p>\n<div class=\"fancybox-hidden\" style=\"display: none;\">\n<div id=\"contact_form_pop\">\n<div class=\"wpcf7 no-js\" id=\"wpcf7-f384-o1\" lang=\"en-US\" dir=\"ltr\" data-wpcf7-id=\"384\">\n<div class=\"screen-reader-response\"><p role=\"status\" aria-live=\"polite\" aria-atomic=\"true\"><\/p> <ul><\/ul><\/div>\n<form action=\"\/fr\/wp-json\/wp\/v2\/pages\/1117#wpcf7-f384-o1\" method=\"post\" class=\"wpcf7-form init\" aria-label=\"Formulaire de contact\" novalidate=\"novalidate\" data-status=\"init\" data-trp-original-action=\"\/fr\/wp-json\/wp\/v2\/pages\/1117#wpcf7-f384-o1\">\n<fieldset class=\"hidden-fields-container\"><input type=\"hidden\" name=\"_wpcf7\" value=\"384\" \/><input type=\"hidden\" name=\"_wpcf7_version\" value=\"6.1.1\" \/><input type=\"hidden\" name=\"_wpcf7_locale\" value=\"en_US\" \/><input type=\"hidden\" name=\"_wpcf7_unit_tag\" value=\"wpcf7-f384-o1\" \/><input type=\"hidden\" name=\"_wpcf7_container_post\" value=\"0\" \/><input type=\"hidden\" name=\"_wpcf7_posted_data_hash\" value=\"\" \/>\n<\/fieldset>\n<p>Nom :\n<\/p>\n<p><span class=\"wpcf7-form-control-wrap\" data-name=\"your-name\"><input size=\"40\" maxlength=\"400\" class=\"wpcf7-form-control wpcf7-text\" aria-invalid=\"false\" value=\"\" type=\"text\" name=\"your-name\" \/><\/span>\n<\/p>\n<p>Pays :\n<\/p>\n<p><span class=\"wpcf7-form-control-wrap\" data-name=\"your-country\"><input size=\"40\" maxlength=\"400\" class=\"wpcf7-form-control wpcf7-text\" aria-invalid=\"false\" value=\"\" type=\"text\" name=\"your-country\" \/><\/span>\n<\/p>\n<p>Courriel:*\n<\/p>\n<p><span class=\"wpcf7-form-control-wrap\" data-name=\"your-email\"><input size=\"40\" maxlength=\"400\" class=\"wpcf7-form-control wpcf7-email wpcf7-validates-as-required wpcf7-text wpcf7-validates-as-email\" aria-required=\"true\" aria-invalid=\"false\" value=\"\" type=\"email\" name=\"your-email\" \/><\/span>\n<\/p>\n<p>T\u00e9l\u00e9phone*\n<\/p>\n<p><span class=\"wpcf7-form-control-wrap\" data-name=\"your-phone\"><input size=\"40\" maxlength=\"400\" class=\"wpcf7-form-control wpcf7-text wpcf7-validates-as-required\" aria-required=\"true\" aria-invalid=\"false\" placeholder=\"Veuillez ajouter les codes de pays\" value=\"\" type=\"text\" name=\"your-phone\" \/><\/span>\n<\/p>\n<p>Message:*\n<\/p>\n<p><span class=\"wpcf7-form-control-wrap\" data-name=\"your-message\"><textarea cols=\"40\" rows=\"10\" maxlength=\"2000\" class=\"wpcf7-form-control wpcf7-textarea wpcf7-validates-as-required\" aria-required=\"true\" aria-invalid=\"false\" name=\"your-message\"><\/textarea><\/span>\n<\/p>\n<p><input class=\"wpcf7-form-control wpcf7-submit has-spinner\" type=\"submit\" value=\"Obtenir des devis\" \/>\n<\/p><input type=\"hidden\" id=\"ct_checkjs_cf7_07c5807d0d927dcd0980f86024e5208b\" name=\"ct_checkjs_cf7\" value=\"0\" \/><script >setTimeout(function(){var ct_input_name = \"ct_checkjs_cf7_07c5807d0d927dcd0980f86024e5208b\";if (document.getElementById(ct_input_name) !== null) {var ct_input_value = document.getElementById(ct_input_name).value;document.getElementById(ct_input_name).value = document.getElementById(ct_input_name).value.replace(ct_input_value, 'dba04424690aafc408c5cb41194f71da80590051ae3ed0048d37dfc87b0d215e');}}, 1000);<\/script><input\n                    class=\"apbct_special_field apbct_email_id__wp_contact_form_7\"\n                    name=\"apbct__email_id__wp_contact_form_7\"\n                    aria-label=\"apbct__label_id__wp_contact_form_7\"\n                    type=\"text\" size=\"30\" maxlength=\"200\" autocomplete=\"off\"\n                    value=\"\"\n                \/><p style=\"display: none !important;\" class=\"akismet-fields-container\" data-prefix=\"_wpcf7_ak_\"><label>&#916;<textarea name=\"_wpcf7_ak_hp_textarea\" cols=\"45\" rows=\"8\" maxlength=\"100\"><\/textarea><\/label><input type=\"hidden\" id=\"ak_js_1\" name=\"_wpcf7_ak_js\" value=\"119\"\/><script>\ndocument.getElementById( \"ak_js_1\" ).setAttribute( \"value\", ( new Date() ).getTime() );\n<\/script>\n<\/p><div class=\"wpcf7-response-output\" aria-hidden=\"true\"><\/div>\n<input type=\"hidden\" name=\"trp-form-language\" value=\"fr\"\/><\/form>\n<\/div>\n<\/div>\n<\/div>\n<h2>Processus de fabrication des pois surgel\u00e9s<\/h2>\n<p>1. Arriv\u00e9e des mati\u00e8res premi\u00e8res. Les pois verts fra\u00eechement cueillis et \u00e9coss\u00e9s sont transf\u00e9r\u00e9s \u00e0 l'usine.<br \/>\n2) \u00c9limination des coquilles. Ce proc\u00e9d\u00e9 permet de s\u00e9parer les pois verts de leurs cosses.<br \/>\n3. la s\u00e9paration. Au cours de ce processus, les feuilles et autres mati\u00e8res \u00e9trang\u00e8res l\u00e9g\u00e8res sont \u00e9limin\u00e9es.<br \/>\n4. lavage et \u00e9gouttage. Les pois verts sont lav\u00e9s pour \u00e9liminer les pierres, le sable et les autres mati\u00e8res \u00e9trang\u00e8res. Les pois lav\u00e9s sont ensuite \u00e9goutt\u00e9s, pr\u00eats pour le processus suivant.<br \/>\n5. blanchiment. Les pois verts nettoy\u00e9s sont blanchis dans de l'eau chaude pendant quelques minutes. Ce processus permet de tuer les enzymes afin de pr\u00e9server le go\u00fbt. Apr\u00e8s le blanchiment, les pois verts sont refroidis \u00e0 l'eau.<br \/>\n6. triage et inspection. Au cours de ce processus, les pois verts sont tri\u00e9s et inspect\u00e9s afin d'\u00e9liminer les pois verts inf\u00e9rieurs aux normes, ce qui garantit la qualit\u00e9 sup\u00e9rieure des produits finaux.<br \/>\n7. d\u00e9shydratation. Ce processus permet d'\u00e9liminer l'eau exc\u00e9dentaire contenue dans les pois verts.<br \/>\n8. cong\u00e9lation. Les pois verts d\u00e9shydrat\u00e9s sont congel\u00e9s \u00e0 l'aide d'un cong\u00e9lateur rapide.<br \/>\n9. emballage. Les pois verts surgel\u00e9s sont emball\u00e9s automatiquement par une machine d'emballage.<\/p>\n<h2>Machine de traitement des pois verts surgel\u00e9s IQF<\/h2>\n<p>Selon les \u00e9tapes de traitement des pois congel\u00e9s, il existe de nombreuses machines pour l'usine de traitement des pois verts congel\u00e9s, telles que les machines d'alimentation, les machines de lavage, <a href=\"https:\/\/www.snackfoodm.com\/fr\/blanching-machine\/\">machine \u00e0 blancher les l\u00e9gumes<\/a>, machine de tri et d'inspection, <a href=\"https:\/\/www.snackfoodm.com\/fr\/dewatering-machine\/\">machine de d\u00e9shydratation<\/a>Les machines de cong\u00e9lation, de cong\u00e9lation et d'emballage, etc. Parmi toutes ces machines, la machine \u00e0 congeler les pois verts est un \u00e9l\u00e9ment essentiel.<\/p>\n<h3>Pois verts IQF Machine de cong\u00e9lation rapide<\/h3>\n<p>Dot\u00e9s de la technologie IQF, nos pois verts <a href=\"https:\/\/www.snackfoodm.com\/fr\/quick-freezer-machine\/\">machine de cong\u00e9lation rapide<\/a> peut congeler une grande quantit\u00e9 de pois verts en peu de temps. Construite avec des aciers inoxydables de haute qualit\u00e9 et des conceptions intelligentes, la machine \u00e0 congeler les pois verts est durable et facile \u00e0 nettoyer et \u00e0 entretenir. En outre, gr\u00e2ce \u00e0 une technologie avanc\u00e9e, l'\u00e9quipement de cong\u00e9lation de pois verts peut fonctionner en continu pendant une longue p\u00e9riode avec un faible besoin de d\u00e9cong\u00e9lation. De plus, avec des syst\u00e8mes de fluidification efficaces, notre machine de cong\u00e9lation de pois verts peut assurer des r\u00e9sultats de cong\u00e9lation constants.<br \/>\n\n<div class=\"wpcf7 no-js\" id=\"wpcf7-f385-o2\" lang=\"en-US\" dir=\"ltr\" data-wpcf7-id=\"385\">\n<div class=\"screen-reader-response\"><p role=\"status\" aria-live=\"polite\" aria-atomic=\"true\"><\/p> <ul><\/ul><\/div>\n<form action=\"\/fr\/wp-json\/wp\/v2\/pages\/1117#wpcf7-f385-o2\" method=\"post\" class=\"wpcf7-form init\" aria-label=\"Formulaire de contact\" novalidate=\"novalidate\" data-status=\"init\" data-trp-original-action=\"\/fr\/wp-json\/wp\/v2\/pages\/1117#wpcf7-f385-o2\">\n<fieldset class=\"hidden-fields-container\"><input type=\"hidden\" name=\"_wpcf7\" value=\"385\" \/><input type=\"hidden\" name=\"_wpcf7_version\" value=\"6.1.1\" \/><input type=\"hidden\" name=\"_wpcf7_locale\" value=\"en_US\" \/><input type=\"hidden\" name=\"_wpcf7_unit_tag\" value=\"wpcf7-f385-o2\" \/><input type=\"hidden\" name=\"_wpcf7_container_post\" value=\"0\" \/><input type=\"hidden\" name=\"_wpcf7_posted_data_hash\" value=\"\" \/>\n<\/fieldset>\n<div class=\"leave-message-blockall\">\n\t<div class=\"leave-message-block\">\n\t\t<div class=\"leave-top\">\n\t\t\t<p>Veuillez remplir le formulaire ci-dessous pour obtenir les prix.\n\t\t\t<\/p>\n\t\t<\/div>\n\t\t<div class=\"leave-name\">\n\t\t\t<div class=\"leave-name-t\">\n\t\t\t\t<p>Votre nom :\n\t\t\t\t<\/p>\n\t\t\t<\/div>\n\t\t\t<p><span class=\"wpcf7-form-control-wrap\" data-name=\"your-name\"><input size=\"40\" maxlength=\"400\" class=\"wpcf7-form-control wpcf7-text\" aria-invalid=\"false\" value=\"\" type=\"text\" name=\"your-name\" \/><\/span>\n\t\t\t<\/p>\n\t\t<\/div>\n\t\t<div class=\"leave-email\">\n\t\t\t<div class=\"leave-email-t\">\n\t\t\t\t<p>Votre adresse \u00e9lectronique (obligatoire) :\n\t\t\t\t<\/p>\n\t\t\t<\/div>\n\t\t\t<p><span class=\"wpcf7-form-control-wrap\" data-name=\"your-email\"><input size=\"40\" maxlength=\"400\" class=\"wpcf7-form-control wpcf7-email wpcf7-validates-as-required wpcf7-text wpcf7-validates-as-email\" aria-required=\"true\" aria-invalid=\"false\" value=\"\" type=\"email\" name=\"your-email\" \/><\/span>\n\t\t\t<\/p>\n\t\t<\/div>\n\t\t<div class=\"leave-tel\">\n\t\t\t<div class=\"leave-tel-t\">\n\t\t\t\t<p>Votre T\u00e9l(obligatoire) :\n\t\t\t\t<\/p>\n\t\t\t<\/div>\n\t\t\t<p><span class=\"wpcf7-form-control-wrap\" data-name=\"your-tel\"><input size=\"40\" maxlength=\"400\" class=\"wpcf7-form-control wpcf7-tel wpcf7-validates-as-required wpcf7-text wpcf7-validates-as-tel\" aria-required=\"true\" aria-invalid=\"false\" placeholder=\"Veuillez ajouter les codes de pays\" value=\"\" type=\"tel\" name=\"your-tel\" \/><\/span>\n\t\t\t<\/p>\n\t\t<\/div>\n\t\t<div class=\"leave-country\">\n\t\t\t<div class=\"leave-country-t\">\n\t\t\t\t<p>Votre pays :\n\t\t\t\t<\/p>\n\t\t\t<\/div>\n\t\t\t<p><span class=\"wpcf7-form-control-wrap\" data-name=\"your-country\"><input size=\"40\" maxlength=\"400\" class=\"wpcf7-form-control wpcf7-text\" aria-invalid=\"false\" value=\"\" type=\"text\" name=\"your-country\" \/><\/span>\n\t\t\t<\/p>\n\t\t<\/div>\n\t\t<div class=\"leave-require\">\n\t\t\t<div class=\"leave-require-t\">\n\t\t\t\t<p>Votre message (obligatoire) :\n\t\t\t\t<\/p>\n\t\t\t<\/div>\n\t\t\t<p><span class=\"wpcf7-form-control-wrap\" data-name=\"your-message\"><textarea cols=\"40\" rows=\"10\" maxlength=\"2000\" class=\"wpcf7-form-control wpcf7-textarea wpcf7-validates-as-required\" aria-required=\"true\" aria-invalid=\"false\" placeholder=\"Conseils : mati\u00e8re premi\u00e8re, produit souhait\u00e9, capacit\u00e9, \u00e9quipement auxiliaire, etc.\" name=\"your-message\"><\/textarea><\/span>\n\t\t\t<\/p>\n\t\t<\/div>\n\t\t<div class=\"leave-Send\">\n\t\t\t<p><input class=\"wpcf7-form-control wpcf7-submit has-spinner\" type=\"submit\" value=\"Envoyer\" \/>\n\t\t\t<\/p>\n\t\t<\/div>\n\t<\/div>\n<\/div><input type=\"hidden\" id=\"ct_checkjs_cf7_3b5dca501ee1e6d8cd7b905f4e1bf723\" name=\"ct_checkjs_cf7\" value=\"0\" \/><script >setTimeout(function(){var ct_input_name = \"ct_checkjs_cf7_3b5dca501ee1e6d8cd7b905f4e1bf723\";if (document.getElementById(ct_input_name) !== null) {var ct_input_value = document.getElementById(ct_input_name).value;document.getElementById(ct_input_name).value = document.getElementById(ct_input_name).value.replace(ct_input_value, 'dba04424690aafc408c5cb41194f71da80590051ae3ed0048d37dfc87b0d215e');}}, 1000);<\/script><input\n                    class=\"apbct_special_field apbct_email_id__wp_contact_form_7\"\n                    name=\"apbct__email_id__wp_contact_form_7\"\n                    aria-label=\"apbct__label_id__wp_contact_form_7\"\n                    type=\"text\" size=\"30\" maxlength=\"200\" autocomplete=\"off\"\n                    value=\"\"\n                \/><p style=\"display: none !important;\" class=\"akismet-fields-container\" data-prefix=\"_wpcf7_ak_\"><label>&#916;<textarea name=\"_wpcf7_ak_hp_textarea\" cols=\"45\" rows=\"8\" maxlength=\"100\"><\/textarea><\/label><input type=\"hidden\" id=\"ak_js_2\" name=\"_wpcf7_ak_js\" value=\"109\"\/><script>\ndocument.getElementById( \"ak_js_2\" ).setAttribute( \"value\", ( new Date() ).getTime() );\n<\/script>\n<\/p><div class=\"wpcf7-response-output\" aria-hidden=\"true\"><\/div>\n<input type=\"hidden\" name=\"trp-form-language\" value=\"fr\"\/><\/form>\n<\/div>\n\n<div style='text-align:left' class='yasr-auto-insert-visitor'><\/div>","protected":false},"excerpt":{"rendered":"<p>Frozen peas processing plant produces frozen green peas with a complete set of frozen peas making machines. As a healthy vegetable with rich nutrition, green peas, also known as garden peas, are widely used in many cuisines. And to enjoy them in their prime, peas are usually frozen. In fact, green pea is the most &#8230; <a title=\"Usine de transformation de pois surgel\u00e9s\" class=\"read-more\" href=\"https:\/\/www.snackfoodm.com\/fr\/frozen-peas-processing-plant\/\" aria-label=\"Plus sur Frozen Peas Processing Plant\">Lire plus<\/a><\/p>","protected":false},"author":1,"featured_media":0,"parent":0,"menu_order":0,"comment_status":"closed","ping_status":"closed","template":"","meta":{"generate_page_header":"","yasr_overall_rating":0,"yasr_post_is_review":"","yasr_auto_insert_disabled":"","yasr_review_type":"","footnotes":""},"class_list":["post-1117","page","type-page","status-publish"],"yoast_head":"<!-- This site is optimized with the Yoast SEO plugin v25.8 - https:\/\/yoast.com\/wordpress\/plugins\/seo\/ -->\n<title>Frozen Peas Processing Plant - Frozen Green Peas Quick Freezing Plant<\/title>\n<meta name=\"description\" content=\"Frozen peas processing plant manufacturer. Green peas IQF freezing plant. Quality frozen green peas processing plant with resonable cost. Get prices now.\" \/>\n<meta name=\"robots\" content=\"index, follow, max-snippet:-1, max-image-preview:large, max-video-preview:-1\" \/>\n<link rel=\"canonical\" href=\"https:\/\/www.snackfoodm.com\/fr\/frozen-peas-processing-plant\/\" \/>\n<meta property=\"og:locale\" content=\"fr_FR\" \/>\n<meta property=\"og:type\" content=\"article\" \/>\n<meta property=\"og:title\" content=\"Frozen Peas Processing Plant - Frozen Green Peas Quick Freezing Plant\" \/>\n<meta property=\"og:description\" content=\"Frozen peas processing plant manufacturer. Green peas IQF freezing plant. Quality frozen green peas processing plant with resonable cost. Get prices now.\" \/>\n<meta property=\"og:url\" content=\"https:\/\/www.snackfoodm.com\/fr\/frozen-peas-processing-plant\/\" \/>\n<meta property=\"og:site_name\" content=\"Professional Potato Chips and French Fry Process Line Manufacturer\" \/>\n<meta property=\"article:modified_time\" content=\"2020-06-22T12:12:34+00:00\" \/>\n<meta property=\"og:image\" content=\"https:\/\/www.snackfoodm.com\/wp-content\/uploads\/2020\/06\/frozen-green-peas-production-plant.jpg\" \/>\n\t<meta property=\"og:image:width\" content=\"630\" \/>\n\t<meta property=\"og:image:height\" content=\"400\" \/>\n\t<meta property=\"og:image:type\" content=\"image\/jpeg\" \/>\n<meta name=\"twitter:card\" content=\"summary_large_image\" \/>\n<meta name=\"twitter:label1\" content=\"Dur\u00e9e de lecture estim\u00e9e\" \/>\n\t<meta name=\"twitter:data1\" content=\"2 minutes\" \/>\n<script type=\"application\/ld+json\" class=\"yoast-schema-graph\">{\"@context\":\"https:\/\/schema.org\",\"@graph\":[{\"@type\":\"WebPage\",\"@id\":\"https:\/\/www.snackfoodm.com\/frozen-peas-processing-plant\/\",\"url\":\"https:\/\/www.snackfoodm.com\/frozen-peas-processing-plant\/\",\"name\":\"Frozen Peas Processing Plant - Frozen Green Peas Quick Freezing Plant\",\"isPartOf\":{\"@id\":\"https:\/\/www.snackfoodm.com\/#website\"},\"primaryImageOfPage\":{\"@id\":\"https:\/\/www.snackfoodm.com\/frozen-peas-processing-plant\/#primaryimage\"},\"image\":{\"@id\":\"https:\/\/www.snackfoodm.com\/frozen-peas-processing-plant\/#primaryimage\"},\"thumbnailUrl\":\"https:\/\/www.snackfoodm.com\/wp-content\/uploads\/2020\/06\/frozen-green-peas-production-plant.jpg\",\"datePublished\":\"2020-06-22T12:01:07+00:00\",\"dateModified\":\"2020-06-22T12:12:34+00:00\",\"description\":\"Frozen peas processing plant manufacturer. Green peas IQF freezing plant. Quality frozen green peas processing plant with resonable cost. Get prices now.\",\"breadcrumb\":{\"@id\":\"https:\/\/www.snackfoodm.com\/frozen-peas-processing-plant\/#breadcrumb\"},\"inLanguage\":\"fr-FR\",\"potentialAction\":[{\"@type\":\"ReadAction\",\"target\":[\"https:\/\/www.snackfoodm.com\/frozen-peas-processing-plant\/\"]}]},{\"@type\":\"ImageObject\",\"inLanguage\":\"fr-FR\",\"@id\":\"https:\/\/www.snackfoodm.com\/frozen-peas-processing-plant\/#primaryimage\",\"url\":\"https:\/\/www.snackfoodm.com\/wp-content\/uploads\/2020\/06\/frozen-green-peas-production-plant.jpg\",\"contentUrl\":\"https:\/\/www.snackfoodm.com\/wp-content\/uploads\/2020\/06\/frozen-green-peas-production-plant.jpg\"},{\"@type\":\"BreadcrumbList\",\"@id\":\"https:\/\/www.snackfoodm.com\/frozen-peas-processing-plant\/#breadcrumb\",\"itemListElement\":[{\"@type\":\"ListItem\",\"position\":1,\"name\":\"\u9996\u9875\",\"item\":\"https:\/\/www.snackfoodm.com\/\"},{\"@type\":\"ListItem\",\"position\":2,\"name\":\"Frozen Peas Processing Plant\"}]},{\"@type\":\"WebSite\",\"@id\":\"https:\/\/www.snackfoodm.com\/#website\",\"url\":\"https:\/\/www.snackfoodm.com\/\",\"name\":\"Professional Potato Chips and French Fry Process Line Manufacturer\",\"description\":\"Turnkey Solutions for Chips and French Fries Production Line\",\"publisher\":{\"@id\":\"https:\/\/www.snackfoodm.com\/#organization\"},\"potentialAction\":[{\"@type\":\"SearchAction\",\"target\":{\"@type\":\"EntryPoint\",\"urlTemplate\":\"https:\/\/www.snackfoodm.com\/?s={search_term_string}\"},\"query-input\":{\"@type\":\"PropertyValueSpecification\",\"valueRequired\":true,\"valueName\":\"search_term_string\"}}],\"inLanguage\":\"fr-FR\"},{\"@type\":\"Organization\",\"@id\":\"https:\/\/www.snackfoodm.com\/#organization\",\"name\":\"Professional Potato Chips and French Fry Process Line Manufacturer\",\"url\":\"https:\/\/www.snackfoodm.com\/\",\"logo\":{\"@type\":\"ImageObject\",\"inLanguage\":\"fr-FR\",\"@id\":\"https:\/\/www.snackfoodm.com\/#\/schema\/logo\/image\/\",\"url\":\"https:\/\/www.snackfoodm.com\/wp-content\/uploads\/2020\/02\/cropped-\u65b0\u7248LOGO1-3.png\",\"contentUrl\":\"https:\/\/www.snackfoodm.com\/wp-content\/uploads\/2020\/02\/cropped-\u65b0\u7248LOGO1-3.png\",\"width\":163,\"height\":85,\"caption\":\"Professional Potato Chips and French Fry Process Line Manufacturer\"},\"image\":{\"@id\":\"https:\/\/www.snackfoodm.com\/#\/schema\/logo\/image\/\"}},false]}<\/script>\n<!-- \/ Yoast SEO plugin. -->","yoast_head_json":{"title":"Usine de traitement de pois surgel\u00e9s - Usine de cong\u00e9lation rapide de pois verts surgel\u00e9s","description":"Usine de traitement de pois surgel\u00e9s. Usine de cong\u00e9lation de pois verts IQF. Installation de traitement de pois verts surgel\u00e9s de qualit\u00e9 \u00e0 un co\u00fbt raisonnable. Obtenez les prix maintenant.","robots":{"index":"index","follow":"follow","max-snippet":"max-snippet:-1","max-image-preview":"max-image-preview:large","max-video-preview":"max-video-preview:-1"},"canonical":"https:\/\/www.snackfoodm.com\/fr\/frozen-peas-processing-plant\/","og_locale":"fr_FR","og_type":"article","og_title":"Frozen Peas Processing Plant - Frozen Green Peas Quick Freezing Plant","og_description":"Frozen peas processing plant manufacturer. Green peas IQF freezing plant. Quality frozen green peas processing plant with resonable cost. Get prices now.","og_url":"https:\/\/www.snackfoodm.com\/fr\/frozen-peas-processing-plant\/","og_site_name":"Professional Potato Chips and French Fry Process Line Manufacturer","article_modified_time":"2020-06-22T12:12:34+00:00","og_image":[{"width":630,"height":400,"url":"https:\/\/www.snackfoodm.com\/wp-content\/uploads\/2020\/06\/frozen-green-peas-production-plant.jpg","type":"image\/jpeg"}],"twitter_card":"summary_large_image","twitter_misc":{"Dur\u00e9e de lecture estim\u00e9e":"2 minutes"},"schema":{"@context":"https:\/\/schema.org","@graph":[{"@type":"WebPage","@id":"https:\/\/www.snackfoodm.com\/frozen-peas-processing-plant\/","url":"https:\/\/www.snackfoodm.com\/frozen-peas-processing-plant\/","name":"Usine de traitement de pois surgel\u00e9s - Usine de cong\u00e9lation rapide de pois verts surgel\u00e9s","isPartOf":{"@id":"https:\/\/www.snackfoodm.com\/#website"},"primaryImageOfPage":{"@id":"https:\/\/www.snackfoodm.com\/frozen-peas-processing-plant\/#primaryimage"},"image":{"@id":"https:\/\/www.snackfoodm.com\/frozen-peas-processing-plant\/#primaryimage"},"thumbnailUrl":"https:\/\/www.snackfoodm.com\/wp-content\/uploads\/2020\/06\/frozen-green-peas-production-plant.jpg","datePublished":"2020-06-22T12:01:07+00:00","dateModified":"2020-06-22T12:12:34+00:00","description":"Usine de traitement de pois surgel\u00e9s. Usine de cong\u00e9lation de pois verts IQF. Installation de traitement de pois verts surgel\u00e9s de qualit\u00e9 \u00e0 un co\u00fbt raisonnable. Obtenez les prix maintenant.","breadcrumb":{"@id":"https:\/\/www.snackfoodm.com\/frozen-peas-processing-plant\/#breadcrumb"},"inLanguage":"fr-FR","potentialAction":[{"@type":"ReadAction","target":["https:\/\/www.snackfoodm.com\/frozen-peas-processing-plant\/"]}]},{"@type":"ImageObject","inLanguage":"fr-FR","@id":"https:\/\/www.snackfoodm.com\/frozen-peas-processing-plant\/#primaryimage","url":"https:\/\/www.snackfoodm.com\/wp-content\/uploads\/2020\/06\/frozen-green-peas-production-plant.jpg","contentUrl":"https:\/\/www.snackfoodm.com\/wp-content\/uploads\/2020\/06\/frozen-green-peas-production-plant.jpg"},{"@type":"BreadcrumbList","@id":"https:\/\/www.snackfoodm.com\/frozen-peas-processing-plant\/#breadcrumb","itemListElement":[{"@type":"ListItem","position":1,"name":"\u9996\u9875","item":"https:\/\/www.snackfoodm.com\/"},{"@type":"ListItem","position":2,"name":"Frozen Peas Processing Plant"}]},{"@type":"WebSite","@id":"https:\/\/www.snackfoodm.com\/#website","url":"https:\/\/www.snackfoodm.com\/","name":"Fabricant professionnel de lignes de production de chips et de frites","description":"Solutions cl\u00e9s en main pour une ligne de production de chips et de frites","publisher":{"@id":"https:\/\/www.snackfoodm.com\/#organization"},"potentialAction":[{"@type":"SearchAction","target":{"@type":"EntryPoint","urlTemplate":"https:\/\/www.snackfoodm.com\/?s={search_term_string}"},"query-input":{"@type":"PropertyValueSpecification","valueRequired":true,"valueName":"search_term_string"}}],"inLanguage":"fr-FR"},{"@type":"Organization","@id":"https:\/\/www.snackfoodm.com\/#organization","name":"Fabricant professionnel de lignes de production de chips et de frites","url":"https:\/\/www.snackfoodm.com\/","logo":{"@type":"ImageObject","inLanguage":"fr-FR","@id":"https:\/\/www.snackfoodm.com\/#\/schema\/logo\/image\/","url":"https:\/\/www.snackfoodm.com\/wp-content\/uploads\/2020\/02\/cropped-\u65b0\u7248LOGO1-3.png","contentUrl":"https:\/\/www.snackfoodm.com\/wp-content\/uploads\/2020\/02\/cropped-\u65b0\u7248LOGO1-3.png","width":163,"height":85,"caption":"Professional Potato Chips and French Fry Process Line Manufacturer"},"image":{"@id":"https:\/\/www.snackfoodm.com\/#\/schema\/logo\/image\/"}},false]}},"yasr_visitor_votes":{"stars_attributes":{"read_only":false,"span_bottom":false},"number_of_votes":0,"sum_votes":0},"_links":{"self":[{"href":"https:\/\/www.snackfoodm.com\/fr\/wp-json\/wp\/v2\/pages\/1117","targetHints":{"allow":["GET"]}}],"collection":[{"href":"https:\/\/www.snackfoodm.com\/fr\/wp-json\/wp\/v2\/pages"}],"about":[{"href":"https:\/\/www.snackfoodm.com\/fr\/wp-json\/wp\/v2\/types\/page"}],"author":[{"embeddable":true,"href":"https:\/\/www.snackfoodm.com\/fr\/wp-json\/wp\/v2\/users\/1"}],"replies":[{"embeddable":true,"href":"https:\/\/www.snackfoodm.com\/fr\/wp-json\/wp\/v2\/comments?post=1117"}],"version-history":[{"count":4,"href":"https:\/\/www.snackfoodm.com\/fr\/wp-json\/wp\/v2\/pages\/1117\/revisions"}],"predecessor-version":[{"id":1124,"href":"https:\/\/www.snackfoodm.com\/fr\/wp-json\/wp\/v2\/pages\/1117\/revisions\/1124"}],"wp:attachment":[{"href":"https:\/\/www.snackfoodm.com\/fr\/wp-json\/wp\/v2\/media?parent=1117"}],"curies":[{"name":"wp","href":"https:\/\/api.w.org\/{rel}","templated":true}]}}