{"id":1135,"date":"2020-06-28T16:46:40","date_gmt":"2020-06-28T08:46:40","guid":{"rendered":"https:\/\/www.snackfoodm.com\/?page_id=1135"},"modified":"2020-06-28T16:48:56","modified_gmt":"2020-06-28T08:48:56","slug":"frozen-okra-processing-line","status":"publish","type":"page","link":"https:\/\/www.snackfoodm.com\/fr\/frozen-okra-processing-line\/","title":{"rendered":"Ligne de traitement d'okras surgel\u00e9s"},"content":{"rendered":"<p><strong>Ligne de traitement du gombo surgel\u00e9<\/strong> est une cha\u00eene de fabrication de gombos congel\u00e9s \u00e0 partir de gombos fra\u00eechement cueillis. Le gombo est un l\u00e9gume populaire et sain que l'on retrouve dans de nombreuses cuisines et qui est appr\u00e9ci\u00e9 par des personnes de tous \u00e2ges dans le monde entier. Le gombo est connu sous le nom de \"lady's fingers\" ou \"ochro\" dans de nombreux pays anglophones. En arabe, le gombo est \u00e9galement appel\u00e9 Bamia. Compte tenu de cette grande popularit\u00e9, le gombo est tr\u00e8s demand\u00e9 tout au long de l'ann\u00e9e. Le gombo surgel\u00e9 vient \u00e0 la rescousse car il peut non seulement \u00eatre facilement stock\u00e9 et transf\u00e9r\u00e9, mais aussi pr\u00e9server la fra\u00eecheur et la valeur nutritive du gombo frais. Gr\u00e2ce \u00e0 notre riche exp\u00e9rience, nous pouvons fournir des solutions sur mesure pour la ligne de surg\u00e9lation de gombos avec des machines de haute qualit\u00e9. Gr\u00e2ce \u00e0 une technologie avanc\u00e9e, notre usine de fabrication de gombos congel\u00e9s peut congeler de grandes quantit\u00e9s de gombos avec des performances \u00e9lev\u00e9es.<\/p>\n<figure id=\"attachment_1136\" aria-describedby=\"caption-attachment-1136\" style=\"width: 620px\" class=\"wp-caption aligncenter\"><img loading=\"lazy\" decoding=\"async\" class=\"size-full wp-image-1136\" src=\"https:\/\/www.snackfoodm.com\/wp-content\/uploads\/2020\/06\/frozen-okra-processing-line.jpg\" alt=\"machines \u00e0 fabriquer des gombos congel\u00e9s pour la vente \" width=\"630\" height=\"400\" srcset=\"https:\/\/www.snackfoodm.com\/wp-content\/uploads\/2020\/06\/frozen-okra-processing-line.jpg 630w, https:\/\/www.snackfoodm.com\/wp-content\/uploads\/2020\/06\/frozen-okra-processing-line-300x190.jpg 300w\" sizes=\"auto, (max-width: 630px) 100vw, 630px\" \/><figcaption id=\"caption-attachment-1136\" class=\"wp-caption-text\">Okra surgel\u00e9 Quick Freezer Commercial<\/figcaption><\/figure>\n<p style=\"text-align: center;\"><a class=\"fancybox\" href=\"#contact_form_pop\"><strong class=\"button\">Obtenir des prix<\/strong><\/a><\/p>\n<div class=\"fancybox-hidden\" style=\"display: none;\">\n<div id=\"contact_form_pop\">\n<div class=\"wpcf7 no-js\" id=\"wpcf7-f384-o1\" lang=\"en-US\" dir=\"ltr\" data-wpcf7-id=\"384\">\n<div class=\"screen-reader-response\"><p role=\"status\" aria-live=\"polite\" aria-atomic=\"true\"><\/p> <ul><\/ul><\/div>\n<form action=\"\/fr\/wp-json\/wp\/v2\/pages\/1135#wpcf7-f384-o1\" method=\"post\" class=\"wpcf7-form init\" aria-label=\"Formulaire de contact\" novalidate=\"novalidate\" data-status=\"init\" data-trp-original-action=\"\/fr\/wp-json\/wp\/v2\/pages\/1135#wpcf7-f384-o1\">\n<fieldset class=\"hidden-fields-container\"><input type=\"hidden\" name=\"_wpcf7\" value=\"384\" \/><input type=\"hidden\" name=\"_wpcf7_version\" value=\"6.1.1\" \/><input type=\"hidden\" name=\"_wpcf7_locale\" value=\"en_US\" \/><input type=\"hidden\" name=\"_wpcf7_unit_tag\" value=\"wpcf7-f384-o1\" \/><input type=\"hidden\" name=\"_wpcf7_container_post\" value=\"0\" \/><input type=\"hidden\" name=\"_wpcf7_posted_data_hash\" value=\"\" \/>\n<\/fieldset>\n<p>Nom :\n<\/p>\n<p><span class=\"wpcf7-form-control-wrap\" data-name=\"your-name\"><input size=\"40\" maxlength=\"400\" class=\"wpcf7-form-control wpcf7-text\" aria-invalid=\"false\" value=\"\" type=\"text\" name=\"your-name\" \/><\/span>\n<\/p>\n<p>Pays :\n<\/p>\n<p><span class=\"wpcf7-form-control-wrap\" data-name=\"your-country\"><input size=\"40\" maxlength=\"400\" class=\"wpcf7-form-control wpcf7-text\" aria-invalid=\"false\" value=\"\" type=\"text\" name=\"your-country\" \/><\/span>\n<\/p>\n<p>Courriel:*\n<\/p>\n<p><span class=\"wpcf7-form-control-wrap\" data-name=\"your-email\"><input size=\"40\" maxlength=\"400\" class=\"wpcf7-form-control wpcf7-email wpcf7-validates-as-required wpcf7-text wpcf7-validates-as-email\" aria-required=\"true\" aria-invalid=\"false\" value=\"\" type=\"email\" name=\"your-email\" \/><\/span>\n<\/p>\n<p>T\u00e9l\u00e9phone*\n<\/p>\n<p><span class=\"wpcf7-form-control-wrap\" data-name=\"your-phone\"><input size=\"40\" maxlength=\"400\" class=\"wpcf7-form-control wpcf7-text wpcf7-validates-as-required\" aria-required=\"true\" aria-invalid=\"false\" placeholder=\"Veuillez ajouter les codes de pays\" value=\"\" type=\"text\" name=\"your-phone\" \/><\/span>\n<\/p>\n<p>Message:*\n<\/p>\n<p><span class=\"wpcf7-form-control-wrap\" data-name=\"your-message\"><textarea cols=\"40\" rows=\"10\" maxlength=\"2000\" class=\"wpcf7-form-control wpcf7-textarea wpcf7-validates-as-required\" aria-required=\"true\" aria-invalid=\"false\" name=\"your-message\"><\/textarea><\/span>\n<\/p>\n<p><input class=\"wpcf7-form-control wpcf7-submit has-spinner\" type=\"submit\" value=\"Obtenir des devis\" \/>\n<\/p><input type=\"hidden\" id=\"ct_checkjs_cf7_e836d813fd184325132fca8edcdfb40e\" name=\"ct_checkjs_cf7\" value=\"0\" \/><script >setTimeout(function(){var ct_input_name = \"ct_checkjs_cf7_e836d813fd184325132fca8edcdfb40e\";if (document.getElementById(ct_input_name) !== null) {var ct_input_value = document.getElementById(ct_input_name).value;document.getElementById(ct_input_name).value = document.getElementById(ct_input_name).value.replace(ct_input_value, 'dba04424690aafc408c5cb41194f71da80590051ae3ed0048d37dfc87b0d215e');}}, 1000);<\/script><input\n                    class=\"apbct_special_field apbct_email_id__wp_contact_form_7\"\n                    name=\"apbct__email_id__wp_contact_form_7\"\n                    aria-label=\"apbct__label_id__wp_contact_form_7\"\n                    type=\"text\" size=\"30\" maxlength=\"200\" autocomplete=\"off\"\n                    value=\"\"\n                \/><p style=\"display: none !important;\" class=\"akismet-fields-container\" data-prefix=\"_wpcf7_ak_\"><label>&#916;<textarea name=\"_wpcf7_ak_hp_textarea\" cols=\"45\" rows=\"8\" maxlength=\"100\"><\/textarea><\/label><input type=\"hidden\" id=\"ak_js_1\" name=\"_wpcf7_ak_js\" value=\"218\"\/><script>\ndocument.getElementById( \"ak_js_1\" ).setAttribute( \"value\", ( new Date() ).getTime() );\n<\/script>\n<\/p><div class=\"wpcf7-response-output\" aria-hidden=\"true\"><\/div>\n<input type=\"hidden\" name=\"trp-form-language\" value=\"fr\"\/><\/form>\n<\/div>\n<\/div>\n<\/div>\n<h2>\u00c9tapes de transformation pour la fabrication d'okras surgel\u00e9s<\/h2>\n<ul>\n<li>R\u00e9ception des mati\u00e8res premi\u00e8res. Les okras fra\u00eechement cueillis sont transf\u00e9r\u00e9s \u00e0 l'usine pour y \u00eatre transform\u00e9s.<\/li>\n<li>Lavage. Le gombo est lav\u00e9 pour \u00e9liminer les mati\u00e8res \u00e9trang\u00e8res telles que les feuilles, la terre, etc.<\/li>\n<li>D\u00e9coupage. Les okras lav\u00e9s sont d\u00e9coup\u00e9s en petits morceaux ou en d'autres formes de diff\u00e9rentes tailles selon les besoins.<\/li>\n<li>Triage. Les okras tranch\u00e9s sont tri\u00e9s afin d'\u00e9liminer ceux qui sont inf\u00e9rieurs aux normes et de garantir une qualit\u00e9 constante des mati\u00e8res premi\u00e8res.<\/li>\n<li>Lavage. Les okras coup\u00e9s sont lav\u00e9s et nettoy\u00e9s \u00e0 nouveau afin d'\u00e9liminer les d\u00e9bris provenant du processus de coupe.<\/li>\n<li>Blanchiment et refroidissement. Les okras coup\u00e9s et nettoy\u00e9s sont blanchis dans de l'eau chaude pendant une courte p\u00e9riode. Le blanchiment est essentiel pour tuer les enzymes et pr\u00e9server la couleur et le go\u00fbt de l'okra. Les okras blanchis sont ensuite refroidis pour la suite du processus.<\/li>\n<li>Inspection. Au cours de ce processus, les travailleurs inspectent les okras blanchis et refroidis afin d'\u00e9liminer ceux qui sont d\u00e9fectueux.<\/li>\n<li>D\u00e9shydratation. Ce processus de d\u00e9shydratation permet d'\u00e9liminer l'eau exc\u00e9dentaire du gombo blanchi avant la cong\u00e9lation, ce qui garantit la bonne qualit\u00e9 du gombo congel\u00e9.<\/li>\n<li>Cong\u00e9lation. Les okras d\u00e9shydrat\u00e9s sont ramen\u00e9s \u00e0 de basses temp\u00e9ratures et sont rapidement congel\u00e9s.<\/li>\n<li>Classement. Les okras congel\u00e9s sont class\u00e9s en diff\u00e9rentes cat\u00e9gories.<\/li>\n<li>Pesage et emballage. Les okras surgel\u00e9s calibr\u00e9s sont pes\u00e9s et emball\u00e9s avec pr\u00e9cision pour le transport et la dur\u00e9e de conservation.<\/li>\n<\/ul>\n<h2>Machines \u00e0 fabriquer des okras surgel\u00e9s<\/h2>\n<p>En fonction des processus de fabrication du gombo congel\u00e9, il existe de nombreuses machines pour les lignes de traitement du gombo congel\u00e9. De l'alimentation initiale au pesage final et \u00e0 l'emballage, nous fournissons les meilleures machines pour la ligne compl\u00e8te de fabrication de gombos congel\u00e9s.<\/p>\n<h3>Machine \u00e0 congeler les okras IQF<\/h3>\n<p>Dans toutes les machines de la ligne de fabrication de gombos congel\u00e9s, <a href=\"https:\/\/www.snackfoodm.com\/fr\/quick-freezer-machine\/\">machine de cong\u00e9lation rapide<\/a> Gr\u00e2ce \u00e0 la technologie IQF, notre machine de cong\u00e9lation rapide de gombos peut congeler un grand nombre d'okras rapidement sans se boucher. Bien s\u00fbr, en plus des okras, la machine de cong\u00e9lation rapide commerciale peut \u00eatre utilis\u00e9e pour <a href=\"https:\/\/www.snackfoodm.com\/fr\/frozen-vegetable-processing-plant\/\">blast cong\u00e8le une grande vari\u00e9t\u00e9 de l\u00e9gumes<\/a> et les fruits, la viande, les fruits de mer, les p\u00e2tisseries, etc. De plus, \u00e9quip\u00e9 d'un syst\u00e8me de circulation de chauffage sup\u00e9rieur et structur\u00e9 avec des aciers inoxydables, le tunnel de cong\u00e9lation de gombos peut congeler les produits avec une utilisation durable de l'\u00e9nergie et des r\u00e9sultats de cong\u00e9lation constants. De plus, le cong\u00e9lateur industriel \u00e0 air puls\u00e9 est facile \u00e0 utiliser et \u00e0 surveiller gr\u00e2ce au syst\u00e8me de contr\u00f4le par ordinateur. Nous pouvons personnaliser l'\u00e9quipement de cong\u00e9lation de gombos sous tous les aspects pour r\u00e9pondre \u00e0 vos besoins et exigences sp\u00e9cifiques.<\/p>\n\n<div class=\"wpcf7 no-js\" id=\"wpcf7-f385-o2\" lang=\"en-US\" dir=\"ltr\" data-wpcf7-id=\"385\">\n<div class=\"screen-reader-response\"><p role=\"status\" aria-live=\"polite\" aria-atomic=\"true\"><\/p> <ul><\/ul><\/div>\n<form action=\"\/fr\/wp-json\/wp\/v2\/pages\/1135#wpcf7-f385-o2\" method=\"post\" class=\"wpcf7-form init\" aria-label=\"Formulaire de contact\" novalidate=\"novalidate\" data-status=\"init\" data-trp-original-action=\"\/fr\/wp-json\/wp\/v2\/pages\/1135#wpcf7-f385-o2\">\n<fieldset class=\"hidden-fields-container\"><input type=\"hidden\" name=\"_wpcf7\" value=\"385\" \/><input type=\"hidden\" name=\"_wpcf7_version\" value=\"6.1.1\" \/><input type=\"hidden\" name=\"_wpcf7_locale\" value=\"en_US\" \/><input type=\"hidden\" name=\"_wpcf7_unit_tag\" value=\"wpcf7-f385-o2\" \/><input type=\"hidden\" name=\"_wpcf7_container_post\" value=\"0\" \/><input type=\"hidden\" name=\"_wpcf7_posted_data_hash\" value=\"\" \/>\n<\/fieldset>\n<div class=\"leave-message-blockall\">\n\t<div class=\"leave-message-block\">\n\t\t<div class=\"leave-top\">\n\t\t\t<p>Veuillez remplir le formulaire ci-dessous pour obtenir les prix.\n\t\t\t<\/p>\n\t\t<\/div>\n\t\t<div class=\"leave-name\">\n\t\t\t<div class=\"leave-name-t\">\n\t\t\t\t<p>Votre nom :\n\t\t\t\t<\/p>\n\t\t\t<\/div>\n\t\t\t<p><span class=\"wpcf7-form-control-wrap\" data-name=\"your-name\"><input size=\"40\" maxlength=\"400\" class=\"wpcf7-form-control wpcf7-text\" aria-invalid=\"false\" value=\"\" type=\"text\" name=\"your-name\" \/><\/span>\n\t\t\t<\/p>\n\t\t<\/div>\n\t\t<div class=\"leave-email\">\n\t\t\t<div class=\"leave-email-t\">\n\t\t\t\t<p>Votre adresse \u00e9lectronique (obligatoire) :\n\t\t\t\t<\/p>\n\t\t\t<\/div>\n\t\t\t<p><span class=\"wpcf7-form-control-wrap\" data-name=\"your-email\"><input size=\"40\" maxlength=\"400\" class=\"wpcf7-form-control wpcf7-email wpcf7-validates-as-required wpcf7-text wpcf7-validates-as-email\" aria-required=\"true\" aria-invalid=\"false\" value=\"\" type=\"email\" name=\"your-email\" \/><\/span>\n\t\t\t<\/p>\n\t\t<\/div>\n\t\t<div class=\"leave-tel\">\n\t\t\t<div class=\"leave-tel-t\">\n\t\t\t\t<p>Votre T\u00e9l(obligatoire) :\n\t\t\t\t<\/p>\n\t\t\t<\/div>\n\t\t\t<p><span class=\"wpcf7-form-control-wrap\" data-name=\"your-tel\"><input size=\"40\" maxlength=\"400\" class=\"wpcf7-form-control wpcf7-tel wpcf7-validates-as-required wpcf7-text wpcf7-validates-as-tel\" aria-required=\"true\" aria-invalid=\"false\" placeholder=\"Veuillez ajouter les codes de pays\" value=\"\" type=\"tel\" name=\"your-tel\" \/><\/span>\n\t\t\t<\/p>\n\t\t<\/div>\n\t\t<div class=\"leave-country\">\n\t\t\t<div class=\"leave-country-t\">\n\t\t\t\t<p>Votre pays :\n\t\t\t\t<\/p>\n\t\t\t<\/div>\n\t\t\t<p><span class=\"wpcf7-form-control-wrap\" data-name=\"your-country\"><input size=\"40\" maxlength=\"400\" class=\"wpcf7-form-control wpcf7-text\" aria-invalid=\"false\" value=\"\" type=\"text\" name=\"your-country\" \/><\/span>\n\t\t\t<\/p>\n\t\t<\/div>\n\t\t<div class=\"leave-require\">\n\t\t\t<div class=\"leave-require-t\">\n\t\t\t\t<p>Votre message (obligatoire) :\n\t\t\t\t<\/p>\n\t\t\t<\/div>\n\t\t\t<p><span class=\"wpcf7-form-control-wrap\" data-name=\"your-message\"><textarea cols=\"40\" rows=\"10\" maxlength=\"2000\" class=\"wpcf7-form-control wpcf7-textarea wpcf7-validates-as-required\" aria-required=\"true\" aria-invalid=\"false\" placeholder=\"Conseils : mati\u00e8re premi\u00e8re, produit souhait\u00e9, capacit\u00e9, \u00e9quipement auxiliaire, etc.\" name=\"your-message\"><\/textarea><\/span>\n\t\t\t<\/p>\n\t\t<\/div>\n\t\t<div class=\"leave-Send\">\n\t\t\t<p><input class=\"wpcf7-form-control wpcf7-submit has-spinner\" type=\"submit\" value=\"Envoyer\" \/>\n\t\t\t<\/p>\n\t\t<\/div>\n\t<\/div>\n<\/div><input type=\"hidden\" id=\"ct_checkjs_cf7_ef575e8837d065a1683c022d2077d342\" name=\"ct_checkjs_cf7\" value=\"0\" \/><script >setTimeout(function(){var ct_input_name = \"ct_checkjs_cf7_ef575e8837d065a1683c022d2077d342\";if (document.getElementById(ct_input_name) !== null) {var ct_input_value = document.getElementById(ct_input_name).value;document.getElementById(ct_input_name).value = document.getElementById(ct_input_name).value.replace(ct_input_value, 'dba04424690aafc408c5cb41194f71da80590051ae3ed0048d37dfc87b0d215e');}}, 1000);<\/script><input\n                    class=\"apbct_special_field apbct_email_id__wp_contact_form_7\"\n                    name=\"apbct__email_id__wp_contact_form_7\"\n                    aria-label=\"apbct__label_id__wp_contact_form_7\"\n                    type=\"text\" size=\"30\" maxlength=\"200\" autocomplete=\"off\"\n                    value=\"\"\n                \/><p style=\"display: none !important;\" class=\"akismet-fields-container\" data-prefix=\"_wpcf7_ak_\"><label>&#916;<textarea name=\"_wpcf7_ak_hp_textarea\" cols=\"45\" rows=\"8\" maxlength=\"100\"><\/textarea><\/label><input type=\"hidden\" id=\"ak_js_2\" name=\"_wpcf7_ak_js\" value=\"168\"\/><script>\ndocument.getElementById( \"ak_js_2\" ).setAttribute( \"value\", ( new Date() ).getTime() );\n<\/script>\n<\/p><div class=\"wpcf7-response-output\" aria-hidden=\"true\"><\/div>\n<input type=\"hidden\" name=\"trp-form-language\" value=\"fr\"\/><\/form>\n<\/div>\n\n<div style='text-align:left' class='yasr-auto-insert-visitor'><\/div>","protected":false},"excerpt":{"rendered":"<p>Frozen okra processing line is a process line to make frozen okra from fresh picked okra. Okra is popular and healthy vegetable that are widely found in various cuisines and enjoyed by people of all ages around the world. Okra is known as lady\u2019s fingers or ochro in many English-speaking countries. And in Arabic word, &#8230; <a title=\"Ligne de traitement d&#039;okras surgel\u00e9s\" class=\"read-more\" href=\"https:\/\/www.snackfoodm.com\/fr\/frozen-okra-processing-line\/\" aria-label=\"Plus sur Frozen Okra Processing Line\">Lire plus<\/a><\/p>","protected":false},"author":1,"featured_media":0,"parent":0,"menu_order":0,"comment_status":"closed","ping_status":"closed","template":"","meta":{"generate_page_header":"","yasr_overall_rating":0,"yasr_post_is_review":"","yasr_auto_insert_disabled":"","yasr_review_type":"","footnotes":""},"class_list":["post-1135","page","type-page","status-publish"],"yoast_head":"<!-- This site is optimized with the Yoast SEO plugin v25.8 - https:\/\/yoast.com\/wordpress\/plugins\/seo\/ -->\n<title>Top Frozen Okra Processing Line - Lady&#039;s Fingers Quick Freezing Machine<\/title>\n<meta name=\"description\" content=\"Frozen okra processing line. Tailored okra freezing line with top machinery. IQF okra blast freezer commercial. Frozen Okra Making Machines. Get prices.\" \/>\n<meta name=\"robots\" content=\"index, follow, max-snippet:-1, max-image-preview:large, max-video-preview:-1\" \/>\n<link rel=\"canonical\" href=\"https:\/\/www.snackfoodm.com\/fr\/frozen-okra-processing-line\/\" \/>\n<meta property=\"og:locale\" content=\"fr_FR\" \/>\n<meta property=\"og:type\" content=\"article\" \/>\n<meta property=\"og:title\" content=\"Top Frozen Okra Processing Line - Lady&#039;s Fingers Quick Freezing Machine\" \/>\n<meta property=\"og:description\" content=\"Frozen okra processing line. Tailored okra freezing line with top machinery. IQF okra blast freezer commercial. Frozen Okra Making Machines. Get prices.\" \/>\n<meta property=\"og:url\" content=\"https:\/\/www.snackfoodm.com\/fr\/frozen-okra-processing-line\/\" \/>\n<meta property=\"og:site_name\" content=\"Professional Potato Chips and French Fry Process Line Manufacturer\" \/>\n<meta property=\"article:modified_time\" content=\"2020-06-28T08:48:56+00:00\" \/>\n<meta property=\"og:image\" content=\"https:\/\/www.snackfoodm.com\/wp-content\/uploads\/2020\/06\/frozen-okra-processing-line.jpg\" \/>\n\t<meta property=\"og:image:width\" content=\"630\" \/>\n\t<meta property=\"og:image:height\" content=\"400\" \/>\n\t<meta property=\"og:image:type\" content=\"image\/jpeg\" \/>\n<meta name=\"twitter:card\" content=\"summary_large_image\" \/>\n<meta name=\"twitter:label1\" content=\"Dur\u00e9e de lecture estim\u00e9e\" \/>\n\t<meta name=\"twitter:data1\" content=\"3 minutes\" \/>\n<script type=\"application\/ld+json\" class=\"yoast-schema-graph\">{\"@context\":\"https:\/\/schema.org\",\"@graph\":[{\"@type\":\"WebPage\",\"@id\":\"https:\/\/www.snackfoodm.com\/frozen-okra-processing-line\/\",\"url\":\"https:\/\/www.snackfoodm.com\/frozen-okra-processing-line\/\",\"name\":\"Top Frozen Okra Processing Line - Lady's Fingers Quick Freezing Machine\",\"isPartOf\":{\"@id\":\"https:\/\/www.snackfoodm.com\/#website\"},\"primaryImageOfPage\":{\"@id\":\"https:\/\/www.snackfoodm.com\/frozen-okra-processing-line\/#primaryimage\"},\"image\":{\"@id\":\"https:\/\/www.snackfoodm.com\/frozen-okra-processing-line\/#primaryimage\"},\"thumbnailUrl\":\"https:\/\/www.snackfoodm.com\/wp-content\/uploads\/2020\/06\/frozen-okra-processing-line.jpg\",\"datePublished\":\"2020-06-28T08:46:40+00:00\",\"dateModified\":\"2020-06-28T08:48:56+00:00\",\"description\":\"Frozen okra processing line. Tailored okra freezing line with top machinery. IQF okra blast freezer commercial. Frozen Okra Making Machines. Get prices.\",\"breadcrumb\":{\"@id\":\"https:\/\/www.snackfoodm.com\/frozen-okra-processing-line\/#breadcrumb\"},\"inLanguage\":\"fr-FR\",\"potentialAction\":[{\"@type\":\"ReadAction\",\"target\":[\"https:\/\/www.snackfoodm.com\/frozen-okra-processing-line\/\"]}]},{\"@type\":\"ImageObject\",\"inLanguage\":\"fr-FR\",\"@id\":\"https:\/\/www.snackfoodm.com\/frozen-okra-processing-line\/#primaryimage\",\"url\":\"https:\/\/www.snackfoodm.com\/wp-content\/uploads\/2020\/06\/frozen-okra-processing-line.jpg\",\"contentUrl\":\"https:\/\/www.snackfoodm.com\/wp-content\/uploads\/2020\/06\/frozen-okra-processing-line.jpg\"},{\"@type\":\"BreadcrumbList\",\"@id\":\"https:\/\/www.snackfoodm.com\/frozen-okra-processing-line\/#breadcrumb\",\"itemListElement\":[{\"@type\":\"ListItem\",\"position\":1,\"name\":\"\u9996\u9875\",\"item\":\"https:\/\/www.snackfoodm.com\/\"},{\"@type\":\"ListItem\",\"position\":2,\"name\":\"Frozen Okra Processing Line\"}]},{\"@type\":\"WebSite\",\"@id\":\"https:\/\/www.snackfoodm.com\/#website\",\"url\":\"https:\/\/www.snackfoodm.com\/\",\"name\":\"Professional Potato Chips and French Fry Process Line Manufacturer\",\"description\":\"Turnkey Solutions for Chips and French Fries Production Line\",\"publisher\":{\"@id\":\"https:\/\/www.snackfoodm.com\/#organization\"},\"potentialAction\":[{\"@type\":\"SearchAction\",\"target\":{\"@type\":\"EntryPoint\",\"urlTemplate\":\"https:\/\/www.snackfoodm.com\/?s={search_term_string}\"},\"query-input\":{\"@type\":\"PropertyValueSpecification\",\"valueRequired\":true,\"valueName\":\"search_term_string\"}}],\"inLanguage\":\"fr-FR\"},{\"@type\":\"Organization\",\"@id\":\"https:\/\/www.snackfoodm.com\/#organization\",\"name\":\"Professional Potato Chips and French Fry Process Line Manufacturer\",\"url\":\"https:\/\/www.snackfoodm.com\/\",\"logo\":{\"@type\":\"ImageObject\",\"inLanguage\":\"fr-FR\",\"@id\":\"https:\/\/www.snackfoodm.com\/#\/schema\/logo\/image\/\",\"url\":\"https:\/\/www.snackfoodm.com\/wp-content\/uploads\/2020\/02\/cropped-\u65b0\u7248LOGO1-3.png\",\"contentUrl\":\"https:\/\/www.snackfoodm.com\/wp-content\/uploads\/2020\/02\/cropped-\u65b0\u7248LOGO1-3.png\",\"width\":163,\"height\":85,\"caption\":\"Professional Potato Chips and French Fry Process Line Manufacturer\"},\"image\":{\"@id\":\"https:\/\/www.snackfoodm.com\/#\/schema\/logo\/image\/\"}},false]}<\/script>\n<!-- \/ Yoast SEO plugin. -->","yoast_head_json":{"title":"Ligne de traitement des gombos surgel\u00e9s - Machine de cong\u00e9lation rapide des doigts de la main","description":"Ligne de traitement du gombo congel\u00e9. Ligne de cong\u00e9lation de gombos sur mesure avec des machines de pointe. Cong\u00e9lateur commercial \u00e0 air puls\u00e9 pour gombos IQF. Machines de fabrication de gombos congel\u00e9s. Obtenir les prix.","robots":{"index":"index","follow":"follow","max-snippet":"max-snippet:-1","max-image-preview":"max-image-preview:large","max-video-preview":"max-video-preview:-1"},"canonical":"https:\/\/www.snackfoodm.com\/fr\/frozen-okra-processing-line\/","og_locale":"fr_FR","og_type":"article","og_title":"Top Frozen Okra Processing Line - Lady's Fingers Quick Freezing Machine","og_description":"Frozen okra processing line. Tailored okra freezing line with top machinery. IQF okra blast freezer commercial. Frozen Okra Making Machines. Get prices.","og_url":"https:\/\/www.snackfoodm.com\/fr\/frozen-okra-processing-line\/","og_site_name":"Professional Potato Chips and French Fry Process Line Manufacturer","article_modified_time":"2020-06-28T08:48:56+00:00","og_image":[{"width":630,"height":400,"url":"https:\/\/www.snackfoodm.com\/wp-content\/uploads\/2020\/06\/frozen-okra-processing-line.jpg","type":"image\/jpeg"}],"twitter_card":"summary_large_image","twitter_misc":{"Dur\u00e9e de lecture estim\u00e9e":"3 minutes"},"schema":{"@context":"https:\/\/schema.org","@graph":[{"@type":"WebPage","@id":"https:\/\/www.snackfoodm.com\/frozen-okra-processing-line\/","url":"https:\/\/www.snackfoodm.com\/frozen-okra-processing-line\/","name":"Ligne de traitement des gombos surgel\u00e9s - Machine de cong\u00e9lation rapide des doigts de la main","isPartOf":{"@id":"https:\/\/www.snackfoodm.com\/#website"},"primaryImageOfPage":{"@id":"https:\/\/www.snackfoodm.com\/frozen-okra-processing-line\/#primaryimage"},"image":{"@id":"https:\/\/www.snackfoodm.com\/frozen-okra-processing-line\/#primaryimage"},"thumbnailUrl":"https:\/\/www.snackfoodm.com\/wp-content\/uploads\/2020\/06\/frozen-okra-processing-line.jpg","datePublished":"2020-06-28T08:46:40+00:00","dateModified":"2020-06-28T08:48:56+00:00","description":"Ligne de traitement du gombo congel\u00e9. Ligne de cong\u00e9lation de gombos sur mesure avec des machines de pointe. Cong\u00e9lateur commercial \u00e0 air puls\u00e9 pour gombos IQF. Machines de fabrication de gombos congel\u00e9s. Obtenir les prix.","breadcrumb":{"@id":"https:\/\/www.snackfoodm.com\/frozen-okra-processing-line\/#breadcrumb"},"inLanguage":"fr-FR","potentialAction":[{"@type":"ReadAction","target":["https:\/\/www.snackfoodm.com\/frozen-okra-processing-line\/"]}]},{"@type":"ImageObject","inLanguage":"fr-FR","@id":"https:\/\/www.snackfoodm.com\/frozen-okra-processing-line\/#primaryimage","url":"https:\/\/www.snackfoodm.com\/wp-content\/uploads\/2020\/06\/frozen-okra-processing-line.jpg","contentUrl":"https:\/\/www.snackfoodm.com\/wp-content\/uploads\/2020\/06\/frozen-okra-processing-line.jpg"},{"@type":"BreadcrumbList","@id":"https:\/\/www.snackfoodm.com\/frozen-okra-processing-line\/#breadcrumb","itemListElement":[{"@type":"ListItem","position":1,"name":"\u9996\u9875","item":"https:\/\/www.snackfoodm.com\/"},{"@type":"ListItem","position":2,"name":"Frozen Okra Processing Line"}]},{"@type":"WebSite","@id":"https:\/\/www.snackfoodm.com\/#website","url":"https:\/\/www.snackfoodm.com\/","name":"Fabricant professionnel de lignes de production de chips et de frites","description":"Solutions cl\u00e9s en main pour une ligne de production de chips et de frites","publisher":{"@id":"https:\/\/www.snackfoodm.com\/#organization"},"potentialAction":[{"@type":"SearchAction","target":{"@type":"EntryPoint","urlTemplate":"https:\/\/www.snackfoodm.com\/?s={search_term_string}"},"query-input":{"@type":"PropertyValueSpecification","valueRequired":true,"valueName":"search_term_string"}}],"inLanguage":"fr-FR"},{"@type":"Organization","@id":"https:\/\/www.snackfoodm.com\/#organization","name":"Fabricant professionnel de lignes de production de chips et de frites","url":"https:\/\/www.snackfoodm.com\/","logo":{"@type":"ImageObject","inLanguage":"fr-FR","@id":"https:\/\/www.snackfoodm.com\/#\/schema\/logo\/image\/","url":"https:\/\/www.snackfoodm.com\/wp-content\/uploads\/2020\/02\/cropped-\u65b0\u7248LOGO1-3.png","contentUrl":"https:\/\/www.snackfoodm.com\/wp-content\/uploads\/2020\/02\/cropped-\u65b0\u7248LOGO1-3.png","width":163,"height":85,"caption":"Professional Potato Chips and French Fry Process Line Manufacturer"},"image":{"@id":"https:\/\/www.snackfoodm.com\/#\/schema\/logo\/image\/"}},false]}},"yasr_visitor_votes":{"stars_attributes":{"read_only":false,"span_bottom":false},"number_of_votes":0,"sum_votes":0},"_links":{"self":[{"href":"https:\/\/www.snackfoodm.com\/fr\/wp-json\/wp\/v2\/pages\/1135","targetHints":{"allow":["GET"]}}],"collection":[{"href":"https:\/\/www.snackfoodm.com\/fr\/wp-json\/wp\/v2\/pages"}],"about":[{"href":"https:\/\/www.snackfoodm.com\/fr\/wp-json\/wp\/v2\/types\/page"}],"author":[{"embeddable":true,"href":"https:\/\/www.snackfoodm.com\/fr\/wp-json\/wp\/v2\/users\/1"}],"replies":[{"embeddable":true,"href":"https:\/\/www.snackfoodm.com\/fr\/wp-json\/wp\/v2\/comments?post=1135"}],"version-history":[{"count":3,"href":"https:\/\/www.snackfoodm.com\/fr\/wp-json\/wp\/v2\/pages\/1135\/revisions"}],"predecessor-version":[{"id":1140,"href":"https:\/\/www.snackfoodm.com\/fr\/wp-json\/wp\/v2\/pages\/1135\/revisions\/1140"}],"wp:attachment":[{"href":"https:\/\/www.snackfoodm.com\/fr\/wp-json\/wp\/v2\/media?parent=1135"}],"curies":[{"name":"wp","href":"https:\/\/api.w.org\/{rel}","templated":true}]}}