{"id":1141,"date":"2020-06-29T18:39:50","date_gmt":"2020-06-29T10:39:50","guid":{"rendered":"https:\/\/www.snackfoodm.com\/?page_id=1141"},"modified":"2020-06-29T18:39:50","modified_gmt":"2020-06-29T10:39:50","slug":"frozen-green-beans-processing-line","status":"publish","type":"page","link":"https:\/\/www.snackfoodm.com\/fr\/frozen-green-beans-processing-line\/","title":{"rendered":"Ligne de traitement des haricots verts surgel\u00e9s"},"content":{"rendered":"<p><strong>Ligne de traitement des haricots verts surgel\u00e9s<\/strong> est con\u00e7ue pour produire des haricots verts surgel\u00e9s \u00e0 partir de haricots frais. La ligne de production de haricots verts surgel\u00e9s comprend un ensemble complet de machines permettant de produire des haricots verts surgel\u00e9s de qualit\u00e9 sup\u00e9rieure avec une utilisation durable de l'\u00e9nergie. Les haricots verts sont \u00e9galement connus sous le nom de haricots verts, haricots \u00e0 fil, haricots mange-tout, etc. Ils sont consomm\u00e9s dans le monde entier, bouillis, cuits \u00e0 l'\u00e9touff\u00e9e, saut\u00e9s, etc. Les haricots verts sont vendus frais, en conserve et surgel\u00e9s. Les haricots verts surgel\u00e9s se distinguent par leur longue dur\u00e9e de conservation et leur saveur originale. Gr\u00e2ce \u00e0 notre riche exp\u00e9rience et \u00e0 nos connaissances, nous pouvons fournir des lignes compl\u00e8tes sur mesure pour le traitement des haricots verts surgel\u00e9s avec des machines de qualit\u00e9. N'h\u00e9sitez pas \u00e0 nous contacter pour plus de d\u00e9tails.<\/p>\n<figure id=\"attachment_1142\" aria-describedby=\"caption-attachment-1142\" style=\"width: 620px\" class=\"wp-caption aligncenter\"><img loading=\"lazy\" decoding=\"async\" class=\"size-full wp-image-1142\" src=\"https:\/\/www.snackfoodm.com\/wp-content\/uploads\/2020\/06\/frozen-green-beans-processing-line.jpg\" alt=\"machines pour la transformation des haricots verts \" width=\"630\" height=\"400\" srcset=\"https:\/\/www.snackfoodm.com\/wp-content\/uploads\/2020\/06\/frozen-green-beans-processing-line.jpg 630w, https:\/\/www.snackfoodm.com\/wp-content\/uploads\/2020\/06\/frozen-green-beans-processing-line-300x190.jpg 300w\" sizes=\"auto, (max-width: 630px) 100vw, 630px\" \/><figcaption id=\"caption-attachment-1142\" class=\"wp-caption-text\">Haricots verts surgel\u00e9s Machines<\/figcaption><\/figure>\n<p style=\"text-align: center;\"><a class=\"fancybox\" href=\"#contact_form_pop\"><strong class=\"button\">Obtenir des prix<\/strong><\/a><\/p>\n<div class=\"fancybox-hidden\" style=\"display: none;\">\n<div id=\"contact_form_pop\">\n<div class=\"wpcf7 no-js\" id=\"wpcf7-f384-o1\" lang=\"en-US\" dir=\"ltr\" data-wpcf7-id=\"384\">\n<div class=\"screen-reader-response\"><p role=\"status\" aria-live=\"polite\" aria-atomic=\"true\"><\/p> <ul><\/ul><\/div>\n<form action=\"\/fr\/wp-json\/wp\/v2\/pages\/1141#wpcf7-f384-o1\" method=\"post\" class=\"wpcf7-form init\" aria-label=\"Formulaire de contact\" novalidate=\"novalidate\" data-status=\"init\" data-trp-original-action=\"\/fr\/wp-json\/wp\/v2\/pages\/1141#wpcf7-f384-o1\">\n<fieldset class=\"hidden-fields-container\"><input type=\"hidden\" name=\"_wpcf7\" value=\"384\" \/><input type=\"hidden\" name=\"_wpcf7_version\" value=\"6.1.1\" \/><input type=\"hidden\" name=\"_wpcf7_locale\" value=\"en_US\" \/><input type=\"hidden\" name=\"_wpcf7_unit_tag\" value=\"wpcf7-f384-o1\" \/><input type=\"hidden\" name=\"_wpcf7_container_post\" value=\"0\" \/><input type=\"hidden\" name=\"_wpcf7_posted_data_hash\" value=\"\" \/>\n<\/fieldset>\n<p>Nom :\n<\/p>\n<p><span class=\"wpcf7-form-control-wrap\" data-name=\"your-name\"><input size=\"40\" maxlength=\"400\" class=\"wpcf7-form-control wpcf7-text\" aria-invalid=\"false\" value=\"\" type=\"text\" name=\"your-name\" \/><\/span>\n<\/p>\n<p>Pays :\n<\/p>\n<p><span class=\"wpcf7-form-control-wrap\" data-name=\"your-country\"><input size=\"40\" maxlength=\"400\" class=\"wpcf7-form-control wpcf7-text\" aria-invalid=\"false\" value=\"\" type=\"text\" name=\"your-country\" \/><\/span>\n<\/p>\n<p>Courriel:*\n<\/p>\n<p><span class=\"wpcf7-form-control-wrap\" data-name=\"your-email\"><input size=\"40\" maxlength=\"400\" class=\"wpcf7-form-control wpcf7-email wpcf7-validates-as-required wpcf7-text wpcf7-validates-as-email\" aria-required=\"true\" aria-invalid=\"false\" value=\"\" type=\"email\" name=\"your-email\" \/><\/span>\n<\/p>\n<p>T\u00e9l\u00e9phone*\n<\/p>\n<p><span class=\"wpcf7-form-control-wrap\" data-name=\"your-phone\"><input size=\"40\" maxlength=\"400\" class=\"wpcf7-form-control wpcf7-text wpcf7-validates-as-required\" aria-required=\"true\" aria-invalid=\"false\" placeholder=\"Veuillez ajouter les codes de pays\" value=\"\" type=\"text\" name=\"your-phone\" \/><\/span>\n<\/p>\n<p>Message:*\n<\/p>\n<p><span class=\"wpcf7-form-control-wrap\" data-name=\"your-message\"><textarea cols=\"40\" rows=\"10\" maxlength=\"2000\" class=\"wpcf7-form-control wpcf7-textarea wpcf7-validates-as-required\" aria-required=\"true\" aria-invalid=\"false\" name=\"your-message\"><\/textarea><\/span>\n<\/p>\n<p><input class=\"wpcf7-form-control wpcf7-submit has-spinner\" type=\"submit\" value=\"Obtenir des devis\" \/>\n<\/p><input type=\"hidden\" id=\"ct_checkjs_cf7_a67f096809415ca1c9f112d96d27689b\" name=\"ct_checkjs_cf7\" value=\"0\" \/><script >setTimeout(function(){var ct_input_name = \"ct_checkjs_cf7_a67f096809415ca1c9f112d96d27689b\";if (document.getElementById(ct_input_name) !== null) {var ct_input_value = document.getElementById(ct_input_name).value;document.getElementById(ct_input_name).value = document.getElementById(ct_input_name).value.replace(ct_input_value, 'dba04424690aafc408c5cb41194f71da80590051ae3ed0048d37dfc87b0d215e');}}, 1000);<\/script><input\n                    class=\"apbct_special_field apbct_email_id__wp_contact_form_7\"\n                    name=\"apbct__email_id__wp_contact_form_7\"\n                    aria-label=\"apbct__label_id__wp_contact_form_7\"\n                    type=\"text\" size=\"30\" maxlength=\"200\" autocomplete=\"off\"\n                    value=\"\"\n                \/><p style=\"display: none !important;\" class=\"akismet-fields-container\" data-prefix=\"_wpcf7_ak_\"><label>&#916;<textarea name=\"_wpcf7_ak_hp_textarea\" cols=\"45\" rows=\"8\" maxlength=\"100\"><\/textarea><\/label><input type=\"hidden\" id=\"ak_js_1\" name=\"_wpcf7_ak_js\" value=\"170\"\/><script>\ndocument.getElementById( \"ak_js_1\" ).setAttribute( \"value\", ( new Date() ).getTime() );\n<\/script>\n<\/p><div class=\"wpcf7-response-output\" aria-hidden=\"true\"><\/div>\n<input type=\"hidden\" name=\"trp-form-language\" value=\"fr\"\/><\/form>\n<\/div>\n<\/div>\n<\/div>\n<h2>Proc\u00e9d\u00e9s de fabrication des haricots verts surgel\u00e9s<\/h2>\n<ul>\n<li>R\u00e9ception des haricots. Les haricots verts fra\u00eechement cueillis sont transport\u00e9s \u00e0 l'usine et introduits dans la machine de r\u00e9ception pour y \u00eatre trait\u00e9s.<\/li>\n<li>S\u00e9paration de l'air. Dans ce processus, les particules \u00e9trang\u00e8res l\u00e9g\u00e8res telles que les feuilles sont s\u00e9par\u00e9es des grains.<\/li>\n<li>Lavage. Ce processus de lavage permet d'\u00e9liminer les pierres et le sable des haricots verts \u00e0 l'aide d'eau courante.<\/li>\n<li>\u00c9gouttage. \u00c9goutter le surplus d'eau des haricots verts lav\u00e9s et nettoy\u00e9s.<\/li>\n<li>Le d\u00e9groupage. En utilisant l'\u00e9quipement appropri\u00e9, ce processus peut emp\u00eacher les haricots verts de se regrouper.<\/li>\n<li>L'\u00e9pluchage. Dans ce processus, les haricots verts sont cisel\u00e9s. En d'autres termes, les extr\u00e9mit\u00e9s et m\u00eame les c\u00f4t\u00e9s des haricots verts sont coup\u00e9s.<\/li>\n<li>Coupe. Les haricots verts cisel\u00e9s sont coup\u00e9s en longueur uniforme \u00e0 l'aide d'un cutter efficace.<\/li>\n<li>Blanchiment et refroidissement. Les haricots verts coup\u00e9s sont blanchis dans de l'eau chaude pendant une courte p\u00e9riode, ce qui permet de pr\u00e9server la couleur et le go\u00fbt tout en \u00e9liminant les bact\u00e9ries potentielles. Les haricots verts sont ensuite refroidis.<\/li>\n<li>Inspection et triage : les haricots verts coup\u00e9s sont inspect\u00e9s et tri\u00e9s \u00e0 nouveau pour \u00e9liminer les haricots d\u00e9fectueux, ce qui garantit une qualit\u00e9 constante des mati\u00e8res premi\u00e8res.<\/li>\n<li>D\u00e9shydratation. Dans ce processus, l'eau exc\u00e9dentaire est \u00e9vacu\u00e9e des haricots verts. En effet, l'exc\u00e8s d'eau dans les haricots verts peut affecter la qualit\u00e9 des produits finis.<\/li>\n<li>Cong\u00e9lation. Avec la machine de cong\u00e9lation rapide, les haricots verts coup\u00e9s sont congel\u00e9s en quelques secondes tout en conservant leur saveur d'origine.<\/li>\n<li>Tri. Les haricots verts surgel\u00e9s sont \u00e0 nouveau tri\u00e9s, en \u00e9liminant ceux qui ont une mauvaise forme et ainsi de suite.<\/li>\n<li>Pesage et emballage. Enfin, les haricots verts surgel\u00e9s sont pes\u00e9s et emball\u00e9s \u00e0 l'aide d'une machine automatique de pesage et d'emballage.<\/li>\n<\/ul>\n<h2>Machines \u00e0 fabriquer des haricots verts surgel\u00e9s<\/h2>\n<p>En fonction des processus de fabrication des haricots verts surgel\u00e9s, il existe des machines correspondantes dans notre usine de fabrication de haricots verts surgel\u00e9s. De l'\u00e9quipement d'alimentation en mat\u00e9riaux \u00e0 la machine de pesage et d'emballage final, nous proposons toutes les machines de fabrication pour le traitement des haricots verts surgel\u00e9s. Parmi toutes les machines, la machine de surg\u00e9lation des haricots verts m\u00e9rite une plus grande attention.<\/p>\n<h3>\u00c9quipement de cong\u00e9lation des haricots verts Commercial<\/h3>\n<p>Dot\u00e9s de la technologie IQF, nos haricots verts <a href=\"https:\/\/www.snackfoodm.com\/fr\/quick-freezer-machine\/\">machine \u00e0 congeler<\/a> peut congeler une grande quantit\u00e9 de haricots verts en peu de temps. En outre, gr\u00e2ce \u00e0 un syst\u00e8me de circulation et un syst\u00e8me d'isolation bien con\u00e7us, le tunnel de cong\u00e9lation pour haricots verts utilise l'\u00e9nergie de mani\u00e8re \u00e9conomique tout en garantissant des r\u00e9sultats de cong\u00e9lation constants pour les produits finis. Gr\u00e2ce \u00e0 des ann\u00e9es d'exp\u00e9rience et de connaissances, nous concevons des machines de cong\u00e9lation rapide sur mesure pour vos lignes de traitement des haricots verts.<br \/>\n\n<div class=\"wpcf7 no-js\" id=\"wpcf7-f385-o2\" lang=\"en-US\" dir=\"ltr\" data-wpcf7-id=\"385\">\n<div class=\"screen-reader-response\"><p role=\"status\" aria-live=\"polite\" aria-atomic=\"true\"><\/p> <ul><\/ul><\/div>\n<form action=\"\/fr\/wp-json\/wp\/v2\/pages\/1141#wpcf7-f385-o2\" method=\"post\" class=\"wpcf7-form init\" aria-label=\"Formulaire de contact\" novalidate=\"novalidate\" data-status=\"init\" data-trp-original-action=\"\/fr\/wp-json\/wp\/v2\/pages\/1141#wpcf7-f385-o2\">\n<fieldset class=\"hidden-fields-container\"><input type=\"hidden\" name=\"_wpcf7\" value=\"385\" \/><input type=\"hidden\" name=\"_wpcf7_version\" value=\"6.1.1\" \/><input type=\"hidden\" name=\"_wpcf7_locale\" value=\"en_US\" \/><input type=\"hidden\" name=\"_wpcf7_unit_tag\" value=\"wpcf7-f385-o2\" \/><input type=\"hidden\" name=\"_wpcf7_container_post\" value=\"0\" \/><input type=\"hidden\" name=\"_wpcf7_posted_data_hash\" value=\"\" \/>\n<\/fieldset>\n<div class=\"leave-message-blockall\">\n\t<div class=\"leave-message-block\">\n\t\t<div class=\"leave-top\">\n\t\t\t<p>Veuillez remplir le formulaire ci-dessous pour obtenir les prix.\n\t\t\t<\/p>\n\t\t<\/div>\n\t\t<div class=\"leave-name\">\n\t\t\t<div class=\"leave-name-t\">\n\t\t\t\t<p>Votre nom :\n\t\t\t\t<\/p>\n\t\t\t<\/div>\n\t\t\t<p><span class=\"wpcf7-form-control-wrap\" data-name=\"your-name\"><input size=\"40\" maxlength=\"400\" class=\"wpcf7-form-control wpcf7-text\" aria-invalid=\"false\" value=\"\" type=\"text\" name=\"your-name\" \/><\/span>\n\t\t\t<\/p>\n\t\t<\/div>\n\t\t<div class=\"leave-email\">\n\t\t\t<div class=\"leave-email-t\">\n\t\t\t\t<p>Votre adresse \u00e9lectronique (obligatoire) :\n\t\t\t\t<\/p>\n\t\t\t<\/div>\n\t\t\t<p><span class=\"wpcf7-form-control-wrap\" data-name=\"your-email\"><input size=\"40\" maxlength=\"400\" class=\"wpcf7-form-control wpcf7-email wpcf7-validates-as-required wpcf7-text wpcf7-validates-as-email\" aria-required=\"true\" aria-invalid=\"false\" value=\"\" type=\"email\" name=\"your-email\" \/><\/span>\n\t\t\t<\/p>\n\t\t<\/div>\n\t\t<div class=\"leave-tel\">\n\t\t\t<div class=\"leave-tel-t\">\n\t\t\t\t<p>Votre T\u00e9l(obligatoire) :\n\t\t\t\t<\/p>\n\t\t\t<\/div>\n\t\t\t<p><span class=\"wpcf7-form-control-wrap\" data-name=\"your-tel\"><input size=\"40\" maxlength=\"400\" class=\"wpcf7-form-control wpcf7-tel wpcf7-validates-as-required wpcf7-text wpcf7-validates-as-tel\" aria-required=\"true\" aria-invalid=\"false\" placeholder=\"Veuillez ajouter les codes de pays\" value=\"\" type=\"tel\" name=\"your-tel\" \/><\/span>\n\t\t\t<\/p>\n\t\t<\/div>\n\t\t<div class=\"leave-country\">\n\t\t\t<div class=\"leave-country-t\">\n\t\t\t\t<p>Votre pays :\n\t\t\t\t<\/p>\n\t\t\t<\/div>\n\t\t\t<p><span class=\"wpcf7-form-control-wrap\" data-name=\"your-country\"><input size=\"40\" maxlength=\"400\" class=\"wpcf7-form-control wpcf7-text\" aria-invalid=\"false\" value=\"\" type=\"text\" name=\"your-country\" \/><\/span>\n\t\t\t<\/p>\n\t\t<\/div>\n\t\t<div class=\"leave-require\">\n\t\t\t<div class=\"leave-require-t\">\n\t\t\t\t<p>Votre message (obligatoire) :\n\t\t\t\t<\/p>\n\t\t\t<\/div>\n\t\t\t<p><span class=\"wpcf7-form-control-wrap\" data-name=\"your-message\"><textarea cols=\"40\" rows=\"10\" maxlength=\"2000\" class=\"wpcf7-form-control wpcf7-textarea wpcf7-validates-as-required\" aria-required=\"true\" aria-invalid=\"false\" placeholder=\"Conseils : mati\u00e8re premi\u00e8re, produit souhait\u00e9, capacit\u00e9, \u00e9quipement auxiliaire, etc.\" name=\"your-message\"><\/textarea><\/span>\n\t\t\t<\/p>\n\t\t<\/div>\n\t\t<div class=\"leave-Send\">\n\t\t\t<p><input class=\"wpcf7-form-control wpcf7-submit has-spinner\" type=\"submit\" value=\"Envoyer\" \/>\n\t\t\t<\/p>\n\t\t<\/div>\n\t<\/div>\n<\/div><input type=\"hidden\" id=\"ct_checkjs_cf7_9cf81d8026a9018052c429cc4e56739b\" name=\"ct_checkjs_cf7\" value=\"0\" \/><script >setTimeout(function(){var ct_input_name = \"ct_checkjs_cf7_9cf81d8026a9018052c429cc4e56739b\";if (document.getElementById(ct_input_name) !== null) {var ct_input_value = document.getElementById(ct_input_name).value;document.getElementById(ct_input_name).value = document.getElementById(ct_input_name).value.replace(ct_input_value, 'dba04424690aafc408c5cb41194f71da80590051ae3ed0048d37dfc87b0d215e');}}, 1000);<\/script><input\n                    class=\"apbct_special_field apbct_email_id__wp_contact_form_7\"\n                    name=\"apbct__email_id__wp_contact_form_7\"\n                    aria-label=\"apbct__label_id__wp_contact_form_7\"\n                    type=\"text\" size=\"30\" maxlength=\"200\" autocomplete=\"off\"\n                    value=\"\"\n                \/><p style=\"display: none !important;\" class=\"akismet-fields-container\" data-prefix=\"_wpcf7_ak_\"><label>&#916;<textarea name=\"_wpcf7_ak_hp_textarea\" cols=\"45\" rows=\"8\" maxlength=\"100\"><\/textarea><\/label><input type=\"hidden\" id=\"ak_js_2\" name=\"_wpcf7_ak_js\" value=\"42\"\/><script>\ndocument.getElementById( \"ak_js_2\" ).setAttribute( \"value\", ( new Date() ).getTime() );\n<\/script>\n<\/p><div class=\"wpcf7-response-output\" aria-hidden=\"true\"><\/div>\n<input type=\"hidden\" name=\"trp-form-language\" value=\"fr\"\/><\/form>\n<\/div>\n\n<div style='text-align:left' class='yasr-auto-insert-visitor'><\/div>","protected":false},"excerpt":{"rendered":"<p>Frozen green beans processing line is designed for producing frozen green beans from fresh ones. And the frozen green beans process line includes complete set of machinery that can produce top frozen green beans with sustainable use of energy. Green beans are also known as French beans, string beans, snap beans, etc. And they are &#8230; <a title=\"Ligne de traitement des haricots verts surgel\u00e9s\" class=\"read-more\" href=\"https:\/\/www.snackfoodm.com\/fr\/frozen-green-beans-processing-line\/\" aria-label=\"Plus sur Frozen Green Beans Processing Line\">Lire plus<\/a><\/p>","protected":false},"author":1,"featured_media":0,"parent":0,"menu_order":0,"comment_status":"closed","ping_status":"closed","template":"","meta":{"generate_page_header":"","yasr_overall_rating":0,"yasr_post_is_review":"","yasr_auto_insert_disabled":"","yasr_review_type":"","footnotes":""},"class_list":["post-1141","page","type-page","status-publish"],"yoast_head":"<!-- This site is optimized with the Yoast SEO plugin v25.8 - https:\/\/yoast.com\/wordpress\/plugins\/seo\/ -->\n<title>Frozen Green Beans Processing Line - Snap Beans Manufacturing Plant<\/title>\n<meta name=\"description\" content=\"Frozen green beans processing line supplier. Tailored solution for green beans plant with quality machine. Top end products with less energy. Get prices\" \/>\n<meta name=\"robots\" content=\"index, follow, max-snippet:-1, max-image-preview:large, max-video-preview:-1\" \/>\n<link rel=\"canonical\" href=\"https:\/\/www.snackfoodm.com\/fr\/frozen-green-beans-processing-line\/\" \/>\n<meta property=\"og:locale\" content=\"fr_FR\" \/>\n<meta property=\"og:type\" content=\"article\" \/>\n<meta property=\"og:title\" content=\"Frozen Green Beans Processing Line - Snap Beans Manufacturing Plant\" \/>\n<meta property=\"og:description\" content=\"Frozen green beans processing line supplier. Tailored solution for green beans plant with quality machine. Top end products with less energy. Get prices\" \/>\n<meta property=\"og:url\" content=\"https:\/\/www.snackfoodm.com\/fr\/frozen-green-beans-processing-line\/\" \/>\n<meta property=\"og:site_name\" content=\"Professional Potato Chips and French Fry Process Line Manufacturer\" \/>\n<meta property=\"og:image\" content=\"https:\/\/www.snackfoodm.com\/wp-content\/uploads\/2020\/06\/frozen-green-beans-processing-line.jpg\" \/>\n\t<meta property=\"og:image:width\" content=\"630\" \/>\n\t<meta property=\"og:image:height\" content=\"400\" \/>\n\t<meta property=\"og:image:type\" content=\"image\/jpeg\" \/>\n<meta name=\"twitter:card\" content=\"summary_large_image\" \/>\n<meta name=\"twitter:label1\" content=\"Dur\u00e9e de lecture estim\u00e9e\" \/>\n\t<meta name=\"twitter:data1\" content=\"3 minutes\" \/>\n<script type=\"application\/ld+json\" class=\"yoast-schema-graph\">{\"@context\":\"https:\/\/schema.org\",\"@graph\":[{\"@type\":\"WebPage\",\"@id\":\"https:\/\/www.snackfoodm.com\/frozen-green-beans-processing-line\/\",\"url\":\"https:\/\/www.snackfoodm.com\/frozen-green-beans-processing-line\/\",\"name\":\"Frozen Green Beans Processing Line - Snap Beans Manufacturing Plant\",\"isPartOf\":{\"@id\":\"https:\/\/www.snackfoodm.com\/#website\"},\"primaryImageOfPage\":{\"@id\":\"https:\/\/www.snackfoodm.com\/frozen-green-beans-processing-line\/#primaryimage\"},\"image\":{\"@id\":\"https:\/\/www.snackfoodm.com\/frozen-green-beans-processing-line\/#primaryimage\"},\"thumbnailUrl\":\"https:\/\/www.snackfoodm.com\/wp-content\/uploads\/2020\/06\/frozen-green-beans-processing-line.jpg\",\"datePublished\":\"2020-06-29T10:39:50+00:00\",\"description\":\"Frozen green beans processing line supplier. Tailored solution for green beans plant with quality machine. Top end products with less energy. Get prices\",\"breadcrumb\":{\"@id\":\"https:\/\/www.snackfoodm.com\/frozen-green-beans-processing-line\/#breadcrumb\"},\"inLanguage\":\"fr-FR\",\"potentialAction\":[{\"@type\":\"ReadAction\",\"target\":[\"https:\/\/www.snackfoodm.com\/frozen-green-beans-processing-line\/\"]}]},{\"@type\":\"ImageObject\",\"inLanguage\":\"fr-FR\",\"@id\":\"https:\/\/www.snackfoodm.com\/frozen-green-beans-processing-line\/#primaryimage\",\"url\":\"https:\/\/www.snackfoodm.com\/wp-content\/uploads\/2020\/06\/frozen-green-beans-processing-line.jpg\",\"contentUrl\":\"https:\/\/www.snackfoodm.com\/wp-content\/uploads\/2020\/06\/frozen-green-beans-processing-line.jpg\"},{\"@type\":\"BreadcrumbList\",\"@id\":\"https:\/\/www.snackfoodm.com\/frozen-green-beans-processing-line\/#breadcrumb\",\"itemListElement\":[{\"@type\":\"ListItem\",\"position\":1,\"name\":\"\u9996\u9875\",\"item\":\"https:\/\/www.snackfoodm.com\/\"},{\"@type\":\"ListItem\",\"position\":2,\"name\":\"Frozen Green Beans Processing Line\"}]},{\"@type\":\"WebSite\",\"@id\":\"https:\/\/www.snackfoodm.com\/#website\",\"url\":\"https:\/\/www.snackfoodm.com\/\",\"name\":\"Professional Potato Chips and French Fry Process Line Manufacturer\",\"description\":\"Turnkey Solutions for Chips and French Fries Production Line\",\"publisher\":{\"@id\":\"https:\/\/www.snackfoodm.com\/#organization\"},\"potentialAction\":[{\"@type\":\"SearchAction\",\"target\":{\"@type\":\"EntryPoint\",\"urlTemplate\":\"https:\/\/www.snackfoodm.com\/?s={search_term_string}\"},\"query-input\":{\"@type\":\"PropertyValueSpecification\",\"valueRequired\":true,\"valueName\":\"search_term_string\"}}],\"inLanguage\":\"fr-FR\"},{\"@type\":\"Organization\",\"@id\":\"https:\/\/www.snackfoodm.com\/#organization\",\"name\":\"Professional Potato Chips and French Fry Process Line Manufacturer\",\"url\":\"https:\/\/www.snackfoodm.com\/\",\"logo\":{\"@type\":\"ImageObject\",\"inLanguage\":\"fr-FR\",\"@id\":\"https:\/\/www.snackfoodm.com\/#\/schema\/logo\/image\/\",\"url\":\"https:\/\/www.snackfoodm.com\/wp-content\/uploads\/2020\/02\/cropped-\u65b0\u7248LOGO1-3.png\",\"contentUrl\":\"https:\/\/www.snackfoodm.com\/wp-content\/uploads\/2020\/02\/cropped-\u65b0\u7248LOGO1-3.png\",\"width\":163,\"height\":85,\"caption\":\"Professional Potato Chips and French Fry Process Line Manufacturer\"},\"image\":{\"@id\":\"https:\/\/www.snackfoodm.com\/#\/schema\/logo\/image\/\"}},false]}<\/script>\n<!-- \/ Yoast SEO plugin. -->","yoast_head_json":{"title":"Ligne de traitement de haricots verts surgel\u00e9s - Usine de fabrication de haricots mange-tout","description":"Fournisseur de lignes de traitement de haricots verts surgel\u00e9s. Solution sur mesure pour les usines de haricots verts avec des machines de qualit\u00e9. Produits haut de gamme avec moins d'\u00e9nergie. Obtenir des prix","robots":{"index":"index","follow":"follow","max-snippet":"max-snippet:-1","max-image-preview":"max-image-preview:large","max-video-preview":"max-video-preview:-1"},"canonical":"https:\/\/www.snackfoodm.com\/fr\/frozen-green-beans-processing-line\/","og_locale":"fr_FR","og_type":"article","og_title":"Frozen Green Beans Processing Line - Snap Beans Manufacturing Plant","og_description":"Frozen green beans processing line supplier. Tailored solution for green beans plant with quality machine. Top end products with less energy. Get prices","og_url":"https:\/\/www.snackfoodm.com\/fr\/frozen-green-beans-processing-line\/","og_site_name":"Professional Potato Chips and French Fry Process Line Manufacturer","og_image":[{"width":630,"height":400,"url":"https:\/\/www.snackfoodm.com\/wp-content\/uploads\/2020\/06\/frozen-green-beans-processing-line.jpg","type":"image\/jpeg"}],"twitter_card":"summary_large_image","twitter_misc":{"Dur\u00e9e de lecture estim\u00e9e":"3 minutes"},"schema":{"@context":"https:\/\/schema.org","@graph":[{"@type":"WebPage","@id":"https:\/\/www.snackfoodm.com\/frozen-green-beans-processing-line\/","url":"https:\/\/www.snackfoodm.com\/frozen-green-beans-processing-line\/","name":"Ligne de traitement de haricots verts surgel\u00e9s - Usine de fabrication de haricots mange-tout","isPartOf":{"@id":"https:\/\/www.snackfoodm.com\/#website"},"primaryImageOfPage":{"@id":"https:\/\/www.snackfoodm.com\/frozen-green-beans-processing-line\/#primaryimage"},"image":{"@id":"https:\/\/www.snackfoodm.com\/frozen-green-beans-processing-line\/#primaryimage"},"thumbnailUrl":"https:\/\/www.snackfoodm.com\/wp-content\/uploads\/2020\/06\/frozen-green-beans-processing-line.jpg","datePublished":"2020-06-29T10:39:50+00:00","description":"Fournisseur de lignes de traitement de haricots verts surgel\u00e9s. Solution sur mesure pour les usines de haricots verts avec des machines de qualit\u00e9. Produits haut de gamme avec moins d'\u00e9nergie. Obtenir des prix","breadcrumb":{"@id":"https:\/\/www.snackfoodm.com\/frozen-green-beans-processing-line\/#breadcrumb"},"inLanguage":"fr-FR","potentialAction":[{"@type":"ReadAction","target":["https:\/\/www.snackfoodm.com\/frozen-green-beans-processing-line\/"]}]},{"@type":"ImageObject","inLanguage":"fr-FR","@id":"https:\/\/www.snackfoodm.com\/frozen-green-beans-processing-line\/#primaryimage","url":"https:\/\/www.snackfoodm.com\/wp-content\/uploads\/2020\/06\/frozen-green-beans-processing-line.jpg","contentUrl":"https:\/\/www.snackfoodm.com\/wp-content\/uploads\/2020\/06\/frozen-green-beans-processing-line.jpg"},{"@type":"BreadcrumbList","@id":"https:\/\/www.snackfoodm.com\/frozen-green-beans-processing-line\/#breadcrumb","itemListElement":[{"@type":"ListItem","position":1,"name":"\u9996\u9875","item":"https:\/\/www.snackfoodm.com\/"},{"@type":"ListItem","position":2,"name":"Frozen Green Beans Processing Line"}]},{"@type":"WebSite","@id":"https:\/\/www.snackfoodm.com\/#website","url":"https:\/\/www.snackfoodm.com\/","name":"Fabricant professionnel de lignes de production de chips et de frites","description":"Solutions cl\u00e9s en main pour une ligne de production de chips et de frites","publisher":{"@id":"https:\/\/www.snackfoodm.com\/#organization"},"potentialAction":[{"@type":"SearchAction","target":{"@type":"EntryPoint","urlTemplate":"https:\/\/www.snackfoodm.com\/?s={search_term_string}"},"query-input":{"@type":"PropertyValueSpecification","valueRequired":true,"valueName":"search_term_string"}}],"inLanguage":"fr-FR"},{"@type":"Organization","@id":"https:\/\/www.snackfoodm.com\/#organization","name":"Fabricant professionnel de lignes de production de chips et de frites","url":"https:\/\/www.snackfoodm.com\/","logo":{"@type":"ImageObject","inLanguage":"fr-FR","@id":"https:\/\/www.snackfoodm.com\/#\/schema\/logo\/image\/","url":"https:\/\/www.snackfoodm.com\/wp-content\/uploads\/2020\/02\/cropped-\u65b0\u7248LOGO1-3.png","contentUrl":"https:\/\/www.snackfoodm.com\/wp-content\/uploads\/2020\/02\/cropped-\u65b0\u7248LOGO1-3.png","width":163,"height":85,"caption":"Professional Potato Chips and French Fry Process Line Manufacturer"},"image":{"@id":"https:\/\/www.snackfoodm.com\/#\/schema\/logo\/image\/"}},false]}},"yasr_visitor_votes":{"stars_attributes":{"read_only":false,"span_bottom":false},"number_of_votes":1,"sum_votes":5},"_links":{"self":[{"href":"https:\/\/www.snackfoodm.com\/fr\/wp-json\/wp\/v2\/pages\/1141","targetHints":{"allow":["GET"]}}],"collection":[{"href":"https:\/\/www.snackfoodm.com\/fr\/wp-json\/wp\/v2\/pages"}],"about":[{"href":"https:\/\/www.snackfoodm.com\/fr\/wp-json\/wp\/v2\/types\/page"}],"author":[{"embeddable":true,"href":"https:\/\/www.snackfoodm.com\/fr\/wp-json\/wp\/v2\/users\/1"}],"replies":[{"embeddable":true,"href":"https:\/\/www.snackfoodm.com\/fr\/wp-json\/wp\/v2\/comments?post=1141"}],"version-history":[{"count":1,"href":"https:\/\/www.snackfoodm.com\/fr\/wp-json\/wp\/v2\/pages\/1141\/revisions"}],"predecessor-version":[{"id":1143,"href":"https:\/\/www.snackfoodm.com\/fr\/wp-json\/wp\/v2\/pages\/1141\/revisions\/1143"}],"wp:attachment":[{"href":"https:\/\/www.snackfoodm.com\/fr\/wp-json\/wp\/v2\/media?parent=1141"}],"curies":[{"name":"wp","href":"https:\/\/api.w.org\/{rel}","templated":true}]}}