{"id":1195,"date":"2020-07-28T20:42:55","date_gmt":"2020-07-28T12:42:55","guid":{"rendered":"https:\/\/www.snackfoodm.com\/?page_id=1195"},"modified":"2020-09-30T15:59:24","modified_gmt":"2020-09-30T07:59:24","slug":"industrial-cucumber-washing-machine","status":"publish","type":"page","link":"https:\/\/www.snackfoodm.com\/fr\/industrial-cucumber-washing-machine\/","title":{"rendered":"Machine \u00e0 laver industrielle pour concombres"},"content":{"rendered":"<p><strong>Machine \u00e0 laver industrielle pour concombres<\/strong> fabricant. En tant que fabricant et fournisseur professionnel de machines \u00e0 laver les l\u00e9gumes et les fruits, nous concevons et fabriquons diverses machines \u00e0 laver les l\u00e9gumes et les fruits. <a href=\"https:\/\/www.snackfoodm.com\/fr\/industrial-vegetable-washing-machine\/\">machines \u00e0 laver industrielles pour fruits et l\u00e9gumes<\/a> pour r\u00e9pondre aux besoins des clients. Notre machine commerciale de nettoyage de concombres est con\u00e7ue pour laver une grande quantit\u00e9 de concombres avec une grande efficacit\u00e9. Le lavage des concombres est un processus vital dans la transformation des concombres. Pour obtenir des concombres nettoy\u00e9s, apr\u00e8s le lavage, les concombres lav\u00e9s peuvent \u00eatre s\u00e9ch\u00e9s et emball\u00e9s pour la vente. Pour un traitement ult\u00e9rieur, les concombres nettoy\u00e9s peuvent \u00eatre transform\u00e9s en concombres marin\u00e9s et autres produits. Avec une riche exp\u00e9rience et des connaissances professionnelles, nous pouvons concevoir une machine \u00e0 laver les concombres pour b\u00e9b\u00e9s sur mesure afin de r\u00e9pondre \u00e0 vos exigences sp\u00e9cifiques. N'h\u00e9sitez pas \u00e0 nous contacter pour plus de d\u00e9tails.<\/p>\n<figure id=\"attachment_1196\" aria-describedby=\"caption-attachment-1196\" style=\"width: 620px\" class=\"wp-caption aligncenter\"><img loading=\"lazy\" decoding=\"async\" class=\"size-full wp-image-1196\" src=\"https:\/\/www.snackfoodm.com\/wp-content\/uploads\/2020\/07\/cucumber-washing-machine-for-sale.jpg\" alt=\"machine industrielle \u00e0 laver les concombres \" width=\"630\" height=\"400\" srcset=\"https:\/\/www.snackfoodm.com\/wp-content\/uploads\/2020\/07\/cucumber-washing-machine-for-sale.jpg 630w, https:\/\/www.snackfoodm.com\/wp-content\/uploads\/2020\/07\/cucumber-washing-machine-for-sale-300x190.jpg 300w\" sizes=\"auto, (max-width: 630px) 100vw, 630px\" \/><figcaption id=\"caption-attachment-1196\" class=\"wp-caption-text\">Machine \u00e0 laver les concombres sur mesure<\/figcaption><\/figure>\n<h2>Comment laver et nettoyer le concombre<\/h2>\n<p>En raison des caract\u00e9ristiques particuli\u00e8res des concombres, notre machine \u00e0 laver les concombres utilise les forces et les actions de l'\u00e9coulement de l'eau pour laver et nettoyer les concombres plut\u00f4t que des brosses abrasives. \u00c0 l'une des extr\u00e9mit\u00e9s de la machine industrielle \u00e0 laver les concombres, il y a des dispositifs d'entr\u00e9e par lesquels l'eau s'\u00e9coule dans la cuve de lavage. Apr\u00e8s avoir \u00e9t\u00e9 lav\u00e9s et nettoy\u00e9s, les concombres sont achemin\u00e9s par un tapis roulant vers le processus suivant.<\/p>\n<h2>Caract\u00e9ristiques de la machine \u00e0 laver Baby Cucumber<\/h2>\n<ol>\n<li>Structure robuste. L'ensemble de la structure de la machine \u00e0 laver les concombres industrielle est fabriqu\u00e9 en acier inoxydable de haute qualit\u00e9, ce qui rend la machine \u00e0 nettoyer les concombres durable et stable.<\/li>\n<li>Conception personnalis\u00e9e. Pour r\u00e9pondre aux besoins des clients, la machine \u00e0 laver les concombres est fabriqu\u00e9e sur mesure en termes de configuration, etc.<\/li>\n<li>Conception innovante. Outre le lavage efficace des concombres, la machine \u00e0 laver les concombres est sp\u00e9cialement con\u00e7ue pour pouvoir \u00eatre nettoy\u00e9e et entretenue facilement.<br \/>\n\n<div class=\"wpcf7 no-js\" id=\"wpcf7-f385-o1\" lang=\"en-US\" dir=\"ltr\" data-wpcf7-id=\"385\">\n<div class=\"screen-reader-response\"><p role=\"status\" aria-live=\"polite\" aria-atomic=\"true\"><\/p> <ul><\/ul><\/div>\n<form action=\"\/fr\/wp-json\/wp\/v2\/pages\/1195#wpcf7-f385-o1\" method=\"post\" class=\"wpcf7-form init\" aria-label=\"Formulaire de contact\" novalidate=\"novalidate\" data-status=\"init\" data-trp-original-action=\"\/fr\/wp-json\/wp\/v2\/pages\/1195#wpcf7-f385-o1\">\n<fieldset class=\"hidden-fields-container\"><input type=\"hidden\" name=\"_wpcf7\" value=\"385\" \/><input type=\"hidden\" name=\"_wpcf7_version\" value=\"6.1.1\" \/><input type=\"hidden\" name=\"_wpcf7_locale\" value=\"en_US\" \/><input type=\"hidden\" name=\"_wpcf7_unit_tag\" value=\"wpcf7-f385-o1\" \/><input type=\"hidden\" name=\"_wpcf7_container_post\" value=\"0\" \/><input type=\"hidden\" name=\"_wpcf7_posted_data_hash\" value=\"\" \/>\n<\/fieldset>\n<div class=\"leave-message-blockall\">\n\t<div class=\"leave-message-block\">\n\t\t<div class=\"leave-top\">\n\t\t\t<p>Veuillez remplir le formulaire ci-dessous pour obtenir les prix.\n\t\t\t<\/p>\n\t\t<\/div>\n\t\t<div class=\"leave-name\">\n\t\t\t<div class=\"leave-name-t\">\n\t\t\t\t<p>Votre nom :\n\t\t\t\t<\/p>\n\t\t\t<\/div>\n\t\t\t<p><span class=\"wpcf7-form-control-wrap\" data-name=\"your-name\"><input size=\"40\" maxlength=\"400\" class=\"wpcf7-form-control wpcf7-text\" aria-invalid=\"false\" value=\"\" type=\"text\" name=\"your-name\" \/><\/span>\n\t\t\t<\/p>\n\t\t<\/div>\n\t\t<div class=\"leave-email\">\n\t\t\t<div class=\"leave-email-t\">\n\t\t\t\t<p>Votre adresse \u00e9lectronique (obligatoire) :\n\t\t\t\t<\/p>\n\t\t\t<\/div>\n\t\t\t<p><span class=\"wpcf7-form-control-wrap\" data-name=\"your-email\"><input size=\"40\" maxlength=\"400\" class=\"wpcf7-form-control wpcf7-email wpcf7-validates-as-required wpcf7-text wpcf7-validates-as-email\" aria-required=\"true\" aria-invalid=\"false\" value=\"\" type=\"email\" name=\"your-email\" \/><\/span>\n\t\t\t<\/p>\n\t\t<\/div>\n\t\t<div class=\"leave-tel\">\n\t\t\t<div class=\"leave-tel-t\">\n\t\t\t\t<p>Votre T\u00e9l(obligatoire) :\n\t\t\t\t<\/p>\n\t\t\t<\/div>\n\t\t\t<p><span class=\"wpcf7-form-control-wrap\" data-name=\"your-tel\"><input size=\"40\" maxlength=\"400\" class=\"wpcf7-form-control wpcf7-tel wpcf7-validates-as-required wpcf7-text wpcf7-validates-as-tel\" aria-required=\"true\" aria-invalid=\"false\" placeholder=\"Veuillez ajouter les codes de pays\" value=\"\" type=\"tel\" name=\"your-tel\" \/><\/span>\n\t\t\t<\/p>\n\t\t<\/div>\n\t\t<div class=\"leave-country\">\n\t\t\t<div class=\"leave-country-t\">\n\t\t\t\t<p>Votre pays :\n\t\t\t\t<\/p>\n\t\t\t<\/div>\n\t\t\t<p><span class=\"wpcf7-form-control-wrap\" data-name=\"your-country\"><input size=\"40\" maxlength=\"400\" class=\"wpcf7-form-control wpcf7-text\" aria-invalid=\"false\" value=\"\" type=\"text\" name=\"your-country\" \/><\/span>\n\t\t\t<\/p>\n\t\t<\/div>\n\t\t<div class=\"leave-require\">\n\t\t\t<div class=\"leave-require-t\">\n\t\t\t\t<p>Votre message (obligatoire) :\n\t\t\t\t<\/p>\n\t\t\t<\/div>\n\t\t\t<p><span class=\"wpcf7-form-control-wrap\" data-name=\"your-message\"><textarea cols=\"40\" rows=\"10\" maxlength=\"2000\" class=\"wpcf7-form-control wpcf7-textarea wpcf7-validates-as-required\" aria-required=\"true\" aria-invalid=\"false\" placeholder=\"Conseils : mati\u00e8re premi\u00e8re, produit souhait\u00e9, capacit\u00e9, \u00e9quipement auxiliaire, etc.\" name=\"your-message\"><\/textarea><\/span>\n\t\t\t<\/p>\n\t\t<\/div>\n\t\t<div class=\"leave-Send\">\n\t\t\t<p><input class=\"wpcf7-form-control wpcf7-submit has-spinner\" type=\"submit\" value=\"Envoyer\" \/>\n\t\t\t<\/p>\n\t\t<\/div>\n\t<\/div>\n<\/div><input type=\"hidden\" id=\"ct_checkjs_cf7_66368270ffd51418ec58bd793f2d9b1b\" name=\"ct_checkjs_cf7\" value=\"0\" \/><script >setTimeout(function(){var ct_input_name = \"ct_checkjs_cf7_66368270ffd51418ec58bd793f2d9b1b\";if (document.getElementById(ct_input_name) !== null) {var ct_input_value = document.getElementById(ct_input_name).value;document.getElementById(ct_input_name).value = document.getElementById(ct_input_name).value.replace(ct_input_value, 'dba04424690aafc408c5cb41194f71da80590051ae3ed0048d37dfc87b0d215e');}}, 1000);<\/script><input\n                    class=\"apbct_special_field apbct_email_id__wp_contact_form_7\"\n                    name=\"apbct__email_id__wp_contact_form_7\"\n                    aria-label=\"apbct__label_id__wp_contact_form_7\"\n                    type=\"text\" size=\"30\" maxlength=\"200\" autocomplete=\"off\"\n                    value=\"\"\n                \/><p style=\"display: none !important;\" class=\"akismet-fields-container\" data-prefix=\"_wpcf7_ak_\"><label>&#916;<textarea name=\"_wpcf7_ak_hp_textarea\" cols=\"45\" rows=\"8\" maxlength=\"100\"><\/textarea><\/label><input type=\"hidden\" id=\"ak_js_1\" name=\"_wpcf7_ak_js\" value=\"53\"\/><script>\ndocument.getElementById( \"ak_js_1\" ).setAttribute( \"value\", ( new Date() ).getTime() );\n<\/script>\n<\/p><div class=\"wpcf7-response-output\" aria-hidden=\"true\"><\/div>\n<input type=\"hidden\" name=\"trp-form-language\" value=\"fr\"\/><\/form>\n<\/div>\n<\/li>\n<\/ol>\n<div style='text-align:left' class='yasr-auto-insert-visitor'><\/div>","protected":false},"excerpt":{"rendered":"<p>Industrial cucumber washing machine manufacturer. As a professional manufacturer and supplier of vegetable and fruit washing machines, we design and make various industrial fruit and vegetable washing machines to suit customer needs. Our commercial cucumber cleaning machine is designed for wash a great quantity of cucumbers with great efficiency. Cucumber washing is a vital process &#8230; <a title=\"Machine \u00e0 laver industrielle pour concombres\" class=\"read-more\" href=\"https:\/\/www.snackfoodm.com\/fr\/industrial-cucumber-washing-machine\/\" aria-label=\"Plus sur Industrial Cucumber Washing Machine\">Lire plus<\/a><\/p>","protected":false},"author":1,"featured_media":1196,"parent":0,"menu_order":0,"comment_status":"closed","ping_status":"closed","template":"","meta":{"generate_page_header":"","yasr_overall_rating":0,"yasr_post_is_review":"","yasr_auto_insert_disabled":"","yasr_review_type":"","footnotes":""},"class_list":["post-1195","page","type-page","status-publish","has-post-thumbnail"],"yoast_head":"<!-- This site is optimized with the Yoast SEO plugin v25.8 - https:\/\/yoast.com\/wordpress\/plugins\/seo\/ -->\n<title>Industrial Cucumber Washing Machine - Commercial Cucumber Washer<\/title>\n<meta name=\"description\" content=\"Industrial cucumber washing machine manufacturer. Quality commercial cucumber cleaning machine. Washing cucumbers effectively and efficiently. Get prices.\" \/>\n<meta name=\"robots\" content=\"index, follow, max-snippet:-1, max-image-preview:large, max-video-preview:-1\" \/>\n<link rel=\"canonical\" href=\"https:\/\/www.snackfoodm.com\/fr\/industrial-cucumber-washing-machine\/\" \/>\n<meta property=\"og:locale\" content=\"fr_FR\" \/>\n<meta property=\"og:type\" content=\"article\" \/>\n<meta property=\"og:title\" content=\"Industrial Cucumber Washing Machine - Commercial Cucumber Washer\" \/>\n<meta property=\"og:description\" content=\"Industrial cucumber washing machine manufacturer. Quality commercial cucumber cleaning machine. Washing cucumbers effectively and efficiently. Get prices.\" \/>\n<meta property=\"og:url\" content=\"https:\/\/www.snackfoodm.com\/fr\/industrial-cucumber-washing-machine\/\" \/>\n<meta property=\"og:site_name\" content=\"Professional Potato Chips and French Fry Process Line Manufacturer\" \/>\n<meta property=\"article:modified_time\" content=\"2020-09-30T07:59:24+00:00\" \/>\n<meta property=\"og:image\" content=\"https:\/\/www.snackfoodm.com\/wp-content\/uploads\/2020\/07\/cucumber-washing-machine-for-sale.jpg\" \/>\n\t<meta property=\"og:image:width\" content=\"630\" \/>\n\t<meta property=\"og:image:height\" content=\"400\" \/>\n\t<meta property=\"og:image:type\" content=\"image\/jpeg\" \/>\n<meta name=\"twitter:card\" content=\"summary_large_image\" \/>\n<meta name=\"twitter:label1\" content=\"Dur\u00e9e de lecture estim\u00e9e\" \/>\n\t<meta name=\"twitter:data1\" content=\"1 minute\" \/>\n<script type=\"application\/ld+json\" class=\"yoast-schema-graph\">{\"@context\":\"https:\/\/schema.org\",\"@graph\":[{\"@type\":\"WebPage\",\"@id\":\"https:\/\/www.snackfoodm.com\/industrial-cucumber-washing-machine\/\",\"url\":\"https:\/\/www.snackfoodm.com\/industrial-cucumber-washing-machine\/\",\"name\":\"Industrial Cucumber Washing Machine - Commercial Cucumber Washer\",\"isPartOf\":{\"@id\":\"https:\/\/www.snackfoodm.com\/#website\"},\"primaryImageOfPage\":{\"@id\":\"https:\/\/www.snackfoodm.com\/industrial-cucumber-washing-machine\/#primaryimage\"},\"image\":{\"@id\":\"https:\/\/www.snackfoodm.com\/industrial-cucumber-washing-machine\/#primaryimage\"},\"thumbnailUrl\":\"https:\/\/www.snackfoodm.com\/wp-content\/uploads\/2020\/07\/cucumber-washing-machine-for-sale.jpg\",\"datePublished\":\"2020-07-28T12:42:55+00:00\",\"dateModified\":\"2020-09-30T07:59:24+00:00\",\"description\":\"Industrial cucumber washing machine manufacturer. Quality commercial cucumber cleaning machine. Washing cucumbers effectively and efficiently. Get prices.\",\"breadcrumb\":{\"@id\":\"https:\/\/www.snackfoodm.com\/industrial-cucumber-washing-machine\/#breadcrumb\"},\"inLanguage\":\"fr-FR\",\"potentialAction\":[{\"@type\":\"ReadAction\",\"target\":[\"https:\/\/www.snackfoodm.com\/industrial-cucumber-washing-machine\/\"]}]},{\"@type\":\"ImageObject\",\"inLanguage\":\"fr-FR\",\"@id\":\"https:\/\/www.snackfoodm.com\/industrial-cucumber-washing-machine\/#primaryimage\",\"url\":\"https:\/\/www.snackfoodm.com\/wp-content\/uploads\/2020\/07\/cucumber-washing-machine-for-sale.jpg\",\"contentUrl\":\"https:\/\/www.snackfoodm.com\/wp-content\/uploads\/2020\/07\/cucumber-washing-machine-for-sale.jpg\",\"width\":630,\"height\":400,\"caption\":\"Customized Cucumber Washing Machine\"},{\"@type\":\"BreadcrumbList\",\"@id\":\"https:\/\/www.snackfoodm.com\/industrial-cucumber-washing-machine\/#breadcrumb\",\"itemListElement\":[{\"@type\":\"ListItem\",\"position\":1,\"name\":\"\u9996\u9875\",\"item\":\"https:\/\/www.snackfoodm.com\/\"},{\"@type\":\"ListItem\",\"position\":2,\"name\":\"Industrial Cucumber Washing Machine\"}]},{\"@type\":\"WebSite\",\"@id\":\"https:\/\/www.snackfoodm.com\/#website\",\"url\":\"https:\/\/www.snackfoodm.com\/\",\"name\":\"Professional Potato Chips and French Fry Process Line Manufacturer\",\"description\":\"Turnkey Solutions for Chips and French Fries Production Line\",\"publisher\":{\"@id\":\"https:\/\/www.snackfoodm.com\/#organization\"},\"potentialAction\":[{\"@type\":\"SearchAction\",\"target\":{\"@type\":\"EntryPoint\",\"urlTemplate\":\"https:\/\/www.snackfoodm.com\/?s={search_term_string}\"},\"query-input\":{\"@type\":\"PropertyValueSpecification\",\"valueRequired\":true,\"valueName\":\"search_term_string\"}}],\"inLanguage\":\"fr-FR\"},{\"@type\":\"Organization\",\"@id\":\"https:\/\/www.snackfoodm.com\/#organization\",\"name\":\"Professional Potato Chips and French Fry Process Line Manufacturer\",\"url\":\"https:\/\/www.snackfoodm.com\/\",\"logo\":{\"@type\":\"ImageObject\",\"inLanguage\":\"fr-FR\",\"@id\":\"https:\/\/www.snackfoodm.com\/#\/schema\/logo\/image\/\",\"url\":\"https:\/\/www.snackfoodm.com\/wp-content\/uploads\/2020\/02\/cropped-\u65b0\u7248LOGO1-3.png\",\"contentUrl\":\"https:\/\/www.snackfoodm.com\/wp-content\/uploads\/2020\/02\/cropped-\u65b0\u7248LOGO1-3.png\",\"width\":163,\"height\":85,\"caption\":\"Professional Potato Chips and French Fry Process Line Manufacturer\"},\"image\":{\"@id\":\"https:\/\/www.snackfoodm.com\/#\/schema\/logo\/image\/\"}},false]}<\/script>\n<!-- \/ Yoast SEO plugin. -->","yoast_head_json":{"title":"Laveuse industrielle de concombres - Laveuse commerciale de concombres","description":"Fabricant de machines \u00e0 laver industrielles pour concombres. Machine commerciale de qualit\u00e9 pour le nettoyage des concombres. Lavage efficace des concombres. Obtenir des prix.","robots":{"index":"index","follow":"follow","max-snippet":"max-snippet:-1","max-image-preview":"max-image-preview:large","max-video-preview":"max-video-preview:-1"},"canonical":"https:\/\/www.snackfoodm.com\/fr\/industrial-cucumber-washing-machine\/","og_locale":"fr_FR","og_type":"article","og_title":"Industrial Cucumber Washing Machine - Commercial Cucumber Washer","og_description":"Industrial cucumber washing machine manufacturer. Quality commercial cucumber cleaning machine. Washing cucumbers effectively and efficiently. Get prices.","og_url":"https:\/\/www.snackfoodm.com\/fr\/industrial-cucumber-washing-machine\/","og_site_name":"Professional Potato Chips and French Fry Process Line Manufacturer","article_modified_time":"2020-09-30T07:59:24+00:00","og_image":[{"width":630,"height":400,"url":"https:\/\/www.snackfoodm.com\/wp-content\/uploads\/2020\/07\/cucumber-washing-machine-for-sale.jpg","type":"image\/jpeg"}],"twitter_card":"summary_large_image","twitter_misc":{"Dur\u00e9e de lecture estim\u00e9e":"1 minute"},"schema":{"@context":"https:\/\/schema.org","@graph":[{"@type":"WebPage","@id":"https:\/\/www.snackfoodm.com\/industrial-cucumber-washing-machine\/","url":"https:\/\/www.snackfoodm.com\/industrial-cucumber-washing-machine\/","name":"Laveuse industrielle de concombres - Laveuse commerciale de concombres","isPartOf":{"@id":"https:\/\/www.snackfoodm.com\/#website"},"primaryImageOfPage":{"@id":"https:\/\/www.snackfoodm.com\/industrial-cucumber-washing-machine\/#primaryimage"},"image":{"@id":"https:\/\/www.snackfoodm.com\/industrial-cucumber-washing-machine\/#primaryimage"},"thumbnailUrl":"https:\/\/www.snackfoodm.com\/wp-content\/uploads\/2020\/07\/cucumber-washing-machine-for-sale.jpg","datePublished":"2020-07-28T12:42:55+00:00","dateModified":"2020-09-30T07:59:24+00:00","description":"Fabricant de machines \u00e0 laver industrielles pour concombres. Machine commerciale de qualit\u00e9 pour le nettoyage des concombres. Lavage efficace des concombres. Obtenir des prix.","breadcrumb":{"@id":"https:\/\/www.snackfoodm.com\/industrial-cucumber-washing-machine\/#breadcrumb"},"inLanguage":"fr-FR","potentialAction":[{"@type":"ReadAction","target":["https:\/\/www.snackfoodm.com\/industrial-cucumber-washing-machine\/"]}]},{"@type":"ImageObject","inLanguage":"fr-FR","@id":"https:\/\/www.snackfoodm.com\/industrial-cucumber-washing-machine\/#primaryimage","url":"https:\/\/www.snackfoodm.com\/wp-content\/uploads\/2020\/07\/cucumber-washing-machine-for-sale.jpg","contentUrl":"https:\/\/www.snackfoodm.com\/wp-content\/uploads\/2020\/07\/cucumber-washing-machine-for-sale.jpg","width":630,"height":400,"caption":"Customized Cucumber Washing Machine"},{"@type":"BreadcrumbList","@id":"https:\/\/www.snackfoodm.com\/industrial-cucumber-washing-machine\/#breadcrumb","itemListElement":[{"@type":"ListItem","position":1,"name":"\u9996\u9875","item":"https:\/\/www.snackfoodm.com\/"},{"@type":"ListItem","position":2,"name":"Industrial Cucumber Washing Machine"}]},{"@type":"WebSite","@id":"https:\/\/www.snackfoodm.com\/#website","url":"https:\/\/www.snackfoodm.com\/","name":"Fabricant professionnel de lignes de production de chips et de frites","description":"Solutions cl\u00e9s en main pour une ligne de production de chips et de frites","publisher":{"@id":"https:\/\/www.snackfoodm.com\/#organization"},"potentialAction":[{"@type":"SearchAction","target":{"@type":"EntryPoint","urlTemplate":"https:\/\/www.snackfoodm.com\/?s={search_term_string}"},"query-input":{"@type":"PropertyValueSpecification","valueRequired":true,"valueName":"search_term_string"}}],"inLanguage":"fr-FR"},{"@type":"Organization","@id":"https:\/\/www.snackfoodm.com\/#organization","name":"Fabricant professionnel de lignes de production de chips et de frites","url":"https:\/\/www.snackfoodm.com\/","logo":{"@type":"ImageObject","inLanguage":"fr-FR","@id":"https:\/\/www.snackfoodm.com\/#\/schema\/logo\/image\/","url":"https:\/\/www.snackfoodm.com\/wp-content\/uploads\/2020\/02\/cropped-\u65b0\u7248LOGO1-3.png","contentUrl":"https:\/\/www.snackfoodm.com\/wp-content\/uploads\/2020\/02\/cropped-\u65b0\u7248LOGO1-3.png","width":163,"height":85,"caption":"Professional Potato Chips and French Fry Process Line Manufacturer"},"image":{"@id":"https:\/\/www.snackfoodm.com\/#\/schema\/logo\/image\/"}},false]}},"yasr_visitor_votes":{"stars_attributes":{"read_only":false,"span_bottom":false},"number_of_votes":0,"sum_votes":0},"_links":{"self":[{"href":"https:\/\/www.snackfoodm.com\/fr\/wp-json\/wp\/v2\/pages\/1195","targetHints":{"allow":["GET"]}}],"collection":[{"href":"https:\/\/www.snackfoodm.com\/fr\/wp-json\/wp\/v2\/pages"}],"about":[{"href":"https:\/\/www.snackfoodm.com\/fr\/wp-json\/wp\/v2\/types\/page"}],"author":[{"embeddable":true,"href":"https:\/\/www.snackfoodm.com\/fr\/wp-json\/wp\/v2\/users\/1"}],"replies":[{"embeddable":true,"href":"https:\/\/www.snackfoodm.com\/fr\/wp-json\/wp\/v2\/comments?post=1195"}],"version-history":[{"count":1,"href":"https:\/\/www.snackfoodm.com\/fr\/wp-json\/wp\/v2\/pages\/1195\/revisions"}],"predecessor-version":[{"id":1197,"href":"https:\/\/www.snackfoodm.com\/fr\/wp-json\/wp\/v2\/pages\/1195\/revisions\/1197"}],"wp:featuredmedia":[{"embeddable":true,"href":"https:\/\/www.snackfoodm.com\/fr\/wp-json\/wp\/v2\/media\/1196"}],"wp:attachment":[{"href":"https:\/\/www.snackfoodm.com\/fr\/wp-json\/wp\/v2\/media?parent=1195"}],"curies":[{"name":"wp","href":"https:\/\/api.w.org\/{rel}","templated":true}]}}