{"id":1241,"date":"2020-10-05T17:43:32","date_gmt":"2020-10-05T09:43:32","guid":{"rendered":"https:\/\/www.snackfoodm.com\/?page_id=1241"},"modified":"2020-10-06T16:27:04","modified_gmt":"2020-10-06T08:27:04","slug":"commercial-salad-processing-line","status":"publish","type":"page","link":"https:\/\/www.snackfoodm.com\/fr\/commercial-salad-processing-line\/","title":{"rendered":"Ligne commerciale de traitement des salades"},"content":{"rendered":"<p><strong>Ligne commerciale de traitement des salades<\/strong> est con\u00e7u pour produire de grandes quantit\u00e9s de salades avec une grande efficacit\u00e9. En tant que r\u00e9gime alimentaire sain, la salade est largement consomm\u00e9e et appr\u00e9ci\u00e9e dans le monde entier. Et pour r\u00e9pondre au d\u00e9sir de sant\u00e9 et de commodit\u00e9 des gens, de plus en plus de transformateurs alimentaires produisent des salades emball\u00e9es avec divers l\u00e9gumes et fruits pour la vente. Du parage, de la coupe, du lavage, du s\u00e9chage \u00e0 l'emballage, notre ligne de traitement des salades commerciales est la r\u00e9ponse \u00e0 la demande croissante de salades emball\u00e9es. Gr\u00e2ce \u00e0 son exp\u00e9rience et \u00e0 ses connaissances approfondies, Gelgoog peut proposer des solutions sur mesure pour r\u00e9pondre aux besoins de ses clients.<\/p>\n<figure id=\"attachment_1242\" aria-describedby=\"caption-attachment-1242\" style=\"width: 620px\" class=\"wp-caption aligncenter\"><img loading=\"lazy\" decoding=\"async\" class=\"size-full wp-image-1242\" src=\"https:\/\/www.snackfoodm.com\/wp-content\/uploads\/2020\/10\/salad-washing-line-machinery.jpg\" alt=\"ligne de traitement des salades commerciales\" width=\"630\" height=\"400\" srcset=\"https:\/\/www.snackfoodm.com\/wp-content\/uploads\/2020\/10\/salad-washing-line-machinery.jpg 630w, https:\/\/www.snackfoodm.com\/wp-content\/uploads\/2020\/10\/salad-washing-line-machinery-300x190.jpg 300w, https:\/\/www.snackfoodm.com\/wp-content\/uploads\/2020\/10\/salad-washing-line-machinery-240x152.jpg 240w\" sizes=\"auto, (max-width: 630px) 100vw, 630px\" \/><figcaption id=\"caption-attachment-1242\" class=\"wp-caption-text\">Ligne de lavage de salades<\/figcaption><\/figure>\n<p style=\"text-align: center;\"><a class=\"fancybox\" href=\"#contact_form_pop\"><strong class=\"button\">Obtenir des prix<\/strong><\/a><\/p>\n<h2>Processus de pr\u00e9paration de la salade de m\u00e9lange de printemps<\/h2>\n<p>La ligne compl\u00e8te de traitement des salades se compose des machines suivantes : machines industrielles, machines de traitement des salades, machines de traitement des salades, machines de traitement des salades. <a href=\"https:\/\/www.snackfoodm.com\/fr\/multipurpose-vegetable-cutting-machine\/\">coupe-l\u00e9gumes<\/a>, <a href=\"https:\/\/www.snackfoodm.com\/fr\/industrial-vegetable-washing-machine\/\">machine industrielle \u00e0 laver les l\u00e9gumes<\/a>Les machines de s\u00e9chage \u00e0 l'air ambiant et les machines \u00e0 emballer les l\u00e9gumes.<\/p>\n<p>1) R\u00e9ception des mati\u00e8res premi\u00e8res. Les l\u00e9gumes-feuilles et autres l\u00e9gumes et fruits qualifi\u00e9s arrivent dans la zone de r\u00e9ception, o\u00f9 ils attendent d'\u00eatre tri\u00e9s et inspect\u00e9s.<br \/>\n2. le parage. Les salades de m\u00e9lange printanier sont par\u00e9es, par exemple en enlevant les tiges, en s\u00e9parant les feuilles, etc.<br \/>\n3. le lavage. Il s'agit de la premi\u00e8re \u00e9tape du lavage, qui permet de laver et de nettoyer les salades de la salet\u00e9, des pierres et d'autres mati\u00e8res \u00e9trang\u00e8res.<br \/>\n4.D\u00e9coupe. La salade de m\u00e9lange printanier est coup\u00e9e en bandes, en tranches ou en d'autres tailles selon les besoins du client.<br \/>\n5. lavage. Ce deuxi\u00e8me lavage permet d'\u00e9liminer les mati\u00e8res \u00e9trang\u00e8res l\u00e9g\u00e8res des salades.<br \/>\n6. d\u00e9shydratation et s\u00e9chage. Les machines de d\u00e9shydratation et de s\u00e9chage \u00e0 l'air ambiant permettent d'\u00e9liminer l'eau exc\u00e9dentaire des salades.<br \/>\n7. pesage et emballage. Les salades d\u00e9shydrat\u00e9es peuvent \u00eatre pes\u00e9es et emball\u00e9es automatiquement et avec pr\u00e9cision \u00e0 l'aide d'une machine de pesage et d'emballage \u00e0 t\u00eates multiples.<\/p>\n<h2>Avantages de la ligne de production de salades de l\u00e9gumes \u00e0 feuilles<\/h2>\n<p>1) Grande flexibilit\u00e9. La ligne de traitement des salades peut \u00eatre utilis\u00e9e pour traiter une grande vari\u00e9t\u00e9 de l\u00e9gumes \u00e0 feuilles et de fruits d\u00e9licats, ce qui en fait un excellent investissement.<br \/>\n2. facilit\u00e9 d'utilisation. L'ensemble de la ligne est contr\u00f4l\u00e9 par un panneau central, ce qui permet de r\u00e9duire le nombre de travailleurs.<br \/>\n3. nettoyage et entretien faciles. Con\u00e7u et fabriqu\u00e9 avec soin, l'ensemble des machines de la ligne de production de salades est facile \u00e0 nettoyer et \u00e0 entretenir, ce qui r\u00e9duit les co\u00fbts de maintenance.<br \/>\n4. solution personnalis\u00e9e. Gr\u00e2ce \u00e0 sa riche exp\u00e9rience, Gelgoog peut personnaliser les lignes de traitement des salades pour r\u00e9pondre aux besoins et aux exigences des clients.<br \/>\nStructure robuste. Toutes les pi\u00e8ces essentielles des machines de la ligne de traitement des salades de printemps sont fabriqu\u00e9es en acier inoxydable 304 pour r\u00e9pondre aux exigences en mati\u00e8re d'hygi\u00e8ne.<br \/>\n\n<div class=\"wpcf7 no-js\" id=\"wpcf7-f385-o1\" lang=\"en-US\" dir=\"ltr\" data-wpcf7-id=\"385\">\n<div class=\"screen-reader-response\"><p role=\"status\" aria-live=\"polite\" aria-atomic=\"true\"><\/p> <ul><\/ul><\/div>\n<form action=\"\/fr\/wp-json\/wp\/v2\/pages\/1241#wpcf7-f385-o1\" method=\"post\" class=\"wpcf7-form init\" aria-label=\"Formulaire de contact\" novalidate=\"novalidate\" data-status=\"init\" data-trp-original-action=\"\/fr\/wp-json\/wp\/v2\/pages\/1241#wpcf7-f385-o1\">\n<fieldset class=\"hidden-fields-container\"><input type=\"hidden\" name=\"_wpcf7\" value=\"385\" \/><input type=\"hidden\" name=\"_wpcf7_version\" value=\"6.1.1\" \/><input type=\"hidden\" name=\"_wpcf7_locale\" value=\"en_US\" \/><input type=\"hidden\" name=\"_wpcf7_unit_tag\" value=\"wpcf7-f385-o1\" \/><input type=\"hidden\" name=\"_wpcf7_container_post\" value=\"0\" \/><input type=\"hidden\" name=\"_wpcf7_posted_data_hash\" value=\"\" \/>\n<\/fieldset>\n<div class=\"leave-message-blockall\">\n\t<div class=\"leave-message-block\">\n\t\t<div class=\"leave-top\">\n\t\t\t<p>Veuillez remplir le formulaire ci-dessous pour obtenir les prix.\n\t\t\t<\/p>\n\t\t<\/div>\n\t\t<div class=\"leave-name\">\n\t\t\t<div class=\"leave-name-t\">\n\t\t\t\t<p>Votre nom :\n\t\t\t\t<\/p>\n\t\t\t<\/div>\n\t\t\t<p><span class=\"wpcf7-form-control-wrap\" data-name=\"your-name\"><input size=\"40\" maxlength=\"400\" class=\"wpcf7-form-control wpcf7-text\" aria-invalid=\"false\" value=\"\" type=\"text\" name=\"your-name\" \/><\/span>\n\t\t\t<\/p>\n\t\t<\/div>\n\t\t<div class=\"leave-email\">\n\t\t\t<div class=\"leave-email-t\">\n\t\t\t\t<p>Votre adresse \u00e9lectronique (obligatoire) :\n\t\t\t\t<\/p>\n\t\t\t<\/div>\n\t\t\t<p><span class=\"wpcf7-form-control-wrap\" data-name=\"your-email\"><input size=\"40\" maxlength=\"400\" class=\"wpcf7-form-control wpcf7-email wpcf7-validates-as-required wpcf7-text wpcf7-validates-as-email\" aria-required=\"true\" aria-invalid=\"false\" value=\"\" type=\"email\" name=\"your-email\" \/><\/span>\n\t\t\t<\/p>\n\t\t<\/div>\n\t\t<div class=\"leave-tel\">\n\t\t\t<div class=\"leave-tel-t\">\n\t\t\t\t<p>Votre T\u00e9l(obligatoire) :\n\t\t\t\t<\/p>\n\t\t\t<\/div>\n\t\t\t<p><span class=\"wpcf7-form-control-wrap\" data-name=\"your-tel\"><input size=\"40\" maxlength=\"400\" class=\"wpcf7-form-control wpcf7-tel wpcf7-validates-as-required wpcf7-text wpcf7-validates-as-tel\" aria-required=\"true\" aria-invalid=\"false\" placeholder=\"Veuillez ajouter les codes de pays\" value=\"\" type=\"tel\" name=\"your-tel\" \/><\/span>\n\t\t\t<\/p>\n\t\t<\/div>\n\t\t<div class=\"leave-country\">\n\t\t\t<div class=\"leave-country-t\">\n\t\t\t\t<p>Votre pays :\n\t\t\t\t<\/p>\n\t\t\t<\/div>\n\t\t\t<p><span class=\"wpcf7-form-control-wrap\" data-name=\"your-country\"><input size=\"40\" maxlength=\"400\" class=\"wpcf7-form-control wpcf7-text\" aria-invalid=\"false\" value=\"\" type=\"text\" name=\"your-country\" \/><\/span>\n\t\t\t<\/p>\n\t\t<\/div>\n\t\t<div class=\"leave-require\">\n\t\t\t<div class=\"leave-require-t\">\n\t\t\t\t<p>Votre message (obligatoire) :\n\t\t\t\t<\/p>\n\t\t\t<\/div>\n\t\t\t<p><span class=\"wpcf7-form-control-wrap\" data-name=\"your-message\"><textarea cols=\"40\" rows=\"10\" maxlength=\"2000\" class=\"wpcf7-form-control wpcf7-textarea wpcf7-validates-as-required\" aria-required=\"true\" aria-invalid=\"false\" placeholder=\"Conseils : mati\u00e8re premi\u00e8re, produit souhait\u00e9, capacit\u00e9, \u00e9quipement auxiliaire, etc.\" name=\"your-message\"><\/textarea><\/span>\n\t\t\t<\/p>\n\t\t<\/div>\n\t\t<div class=\"leave-Send\">\n\t\t\t<p><input class=\"wpcf7-form-control wpcf7-submit has-spinner\" type=\"submit\" value=\"Envoyer\" \/>\n\t\t\t<\/p>\n\t\t<\/div>\n\t<\/div>\n<\/div><input type=\"hidden\" id=\"ct_checkjs_cf7_2f55707d4193dc27118a0f19a1985716\" name=\"ct_checkjs_cf7\" value=\"0\" \/><script >setTimeout(function(){var ct_input_name = \"ct_checkjs_cf7_2f55707d4193dc27118a0f19a1985716\";if (document.getElementById(ct_input_name) !== null) {var ct_input_value = document.getElementById(ct_input_name).value;document.getElementById(ct_input_name).value = document.getElementById(ct_input_name).value.replace(ct_input_value, 'dba04424690aafc408c5cb41194f71da80590051ae3ed0048d37dfc87b0d215e');}}, 1000);<\/script><input\n                    class=\"apbct_special_field apbct_email_id__wp_contact_form_7\"\n                    name=\"apbct__email_id__wp_contact_form_7\"\n                    aria-label=\"apbct__label_id__wp_contact_form_7\"\n                    type=\"text\" size=\"30\" maxlength=\"200\" autocomplete=\"off\"\n                    value=\"\"\n                \/><p style=\"display: none !important;\" class=\"akismet-fields-container\" data-prefix=\"_wpcf7_ak_\"><label>&#916;<textarea name=\"_wpcf7_ak_hp_textarea\" cols=\"45\" rows=\"8\" maxlength=\"100\"><\/textarea><\/label><input type=\"hidden\" id=\"ak_js_1\" name=\"_wpcf7_ak_js\" value=\"192\"\/><script>\ndocument.getElementById( \"ak_js_1\" ).setAttribute( \"value\", ( new Date() ).getTime() );\n<\/script>\n<\/p><div class=\"wpcf7-response-output\" aria-hidden=\"true\"><\/div>\n<input type=\"hidden\" name=\"trp-form-language\" value=\"fr\"\/><\/form>\n<\/div>\n\n<div style='text-align:left' class='yasr-auto-insert-visitor'><\/div>","protected":false},"excerpt":{"rendered":"<p>Commercial salad processing line is designed for producing large quantity of salads with high efficiency. As a healthy diet, salad is widely consumed and enjoyed by people all over the world. And to meet people\u2019s desire of healthy and convenient, more and more food processors produce packaged salad with various veggies and fruits for sell. &#8230; <a title=\"Ligne commerciale de traitement des salades\" class=\"read-more\" href=\"https:\/\/www.snackfoodm.com\/fr\/commercial-salad-processing-line\/\" aria-label=\"Plus sur Commercial Salad Processing Line\">Lire plus<\/a><\/p>","protected":false},"author":1,"featured_media":1242,"parent":0,"menu_order":0,"comment_status":"closed","ping_status":"closed","template":"","meta":{"generate_page_header":"","yasr_overall_rating":0,"yasr_post_is_review":"","yasr_auto_insert_disabled":"","yasr_review_type":"","footnotes":""},"class_list":["post-1241","page","type-page","status-publish","has-post-thumbnail"],"yoast_head":"<!-- This site is optimized with the Yoast SEO plugin v25.8 - https:\/\/yoast.com\/wordpress\/plugins\/seo\/ -->\n<title>Commercial Salad Processing Line - Top Spring Salad Making Machine<\/title>\n<meta name=\"description\" content=\"Commercial salad processing line machinery manufacturer and supplier. Customized salad making line with high quality machines. Get more here.\" \/>\n<meta name=\"robots\" content=\"index, follow, max-snippet:-1, max-image-preview:large, max-video-preview:-1\" \/>\n<link rel=\"canonical\" href=\"https:\/\/www.snackfoodm.com\/fr\/commercial-salad-processing-line\/\" \/>\n<meta property=\"og:locale\" content=\"fr_FR\" \/>\n<meta property=\"og:type\" content=\"article\" \/>\n<meta property=\"og:title\" content=\"Commercial Salad Processing Line - Top Spring Salad Making Machine\" \/>\n<meta property=\"og:description\" content=\"Commercial salad processing line machinery manufacturer and supplier. Customized salad making line with high quality machines. Get more here.\" \/>\n<meta property=\"og:url\" content=\"https:\/\/www.snackfoodm.com\/fr\/commercial-salad-processing-line\/\" \/>\n<meta property=\"og:site_name\" content=\"Professional Potato Chips and French Fry Process Line Manufacturer\" \/>\n<meta property=\"article:modified_time\" content=\"2020-10-06T08:27:04+00:00\" \/>\n<meta property=\"og:image\" content=\"https:\/\/www.snackfoodm.com\/wp-content\/uploads\/2020\/10\/salad-washing-line-machinery.jpg\" \/>\n\t<meta property=\"og:image:width\" content=\"630\" \/>\n\t<meta property=\"og:image:height\" content=\"400\" \/>\n\t<meta property=\"og:image:type\" content=\"image\/jpeg\" \/>\n<meta name=\"twitter:card\" content=\"summary_large_image\" \/>\n<meta name=\"twitter:label1\" content=\"Dur\u00e9e de lecture estim\u00e9e\" \/>\n\t<meta name=\"twitter:data1\" content=\"2 minutes\" \/>\n<script type=\"application\/ld+json\" class=\"yoast-schema-graph\">{\"@context\":\"https:\/\/schema.org\",\"@graph\":[{\"@type\":\"WebPage\",\"@id\":\"https:\/\/www.snackfoodm.com\/commercial-salad-processing-line\/\",\"url\":\"https:\/\/www.snackfoodm.com\/commercial-salad-processing-line\/\",\"name\":\"Commercial Salad Processing Line - Top Spring Salad Making Machine\",\"isPartOf\":{\"@id\":\"https:\/\/www.snackfoodm.com\/#website\"},\"primaryImageOfPage\":{\"@id\":\"https:\/\/www.snackfoodm.com\/commercial-salad-processing-line\/#primaryimage\"},\"image\":{\"@id\":\"https:\/\/www.snackfoodm.com\/commercial-salad-processing-line\/#primaryimage\"},\"thumbnailUrl\":\"https:\/\/www.snackfoodm.com\/wp-content\/uploads\/2020\/10\/salad-washing-line-machinery.jpg\",\"datePublished\":\"2020-10-05T09:43:32+00:00\",\"dateModified\":\"2020-10-06T08:27:04+00:00\",\"description\":\"Commercial salad processing line machinery manufacturer and supplier. Customized salad making line with high quality machines. Get more here.\",\"breadcrumb\":{\"@id\":\"https:\/\/www.snackfoodm.com\/commercial-salad-processing-line\/#breadcrumb\"},\"inLanguage\":\"fr-FR\",\"potentialAction\":[{\"@type\":\"ReadAction\",\"target\":[\"https:\/\/www.snackfoodm.com\/commercial-salad-processing-line\/\"]}]},{\"@type\":\"ImageObject\",\"inLanguage\":\"fr-FR\",\"@id\":\"https:\/\/www.snackfoodm.com\/commercial-salad-processing-line\/#primaryimage\",\"url\":\"https:\/\/www.snackfoodm.com\/wp-content\/uploads\/2020\/10\/salad-washing-line-machinery.jpg\",\"contentUrl\":\"https:\/\/www.snackfoodm.com\/wp-content\/uploads\/2020\/10\/salad-washing-line-machinery.jpg\",\"width\":630,\"height\":400,\"caption\":\"Salad Washing Line\"},{\"@type\":\"BreadcrumbList\",\"@id\":\"https:\/\/www.snackfoodm.com\/commercial-salad-processing-line\/#breadcrumb\",\"itemListElement\":[{\"@type\":\"ListItem\",\"position\":1,\"name\":\"\u9996\u9875\",\"item\":\"https:\/\/www.snackfoodm.com\/\"},{\"@type\":\"ListItem\",\"position\":2,\"name\":\"Commercial Salad Processing Line\"}]},{\"@type\":\"WebSite\",\"@id\":\"https:\/\/www.snackfoodm.com\/#website\",\"url\":\"https:\/\/www.snackfoodm.com\/\",\"name\":\"Professional Potato Chips and French Fry Process Line Manufacturer\",\"description\":\"Turnkey Solutions for Chips and French Fries Production Line\",\"publisher\":{\"@id\":\"https:\/\/www.snackfoodm.com\/#organization\"},\"potentialAction\":[{\"@type\":\"SearchAction\",\"target\":{\"@type\":\"EntryPoint\",\"urlTemplate\":\"https:\/\/www.snackfoodm.com\/?s={search_term_string}\"},\"query-input\":{\"@type\":\"PropertyValueSpecification\",\"valueRequired\":true,\"valueName\":\"search_term_string\"}}],\"inLanguage\":\"fr-FR\"},{\"@type\":\"Organization\",\"@id\":\"https:\/\/www.snackfoodm.com\/#organization\",\"name\":\"Professional Potato Chips and French Fry Process Line Manufacturer\",\"url\":\"https:\/\/www.snackfoodm.com\/\",\"logo\":{\"@type\":\"ImageObject\",\"inLanguage\":\"fr-FR\",\"@id\":\"https:\/\/www.snackfoodm.com\/#\/schema\/logo\/image\/\",\"url\":\"https:\/\/www.snackfoodm.com\/wp-content\/uploads\/2020\/02\/cropped-\u65b0\u7248LOGO1-3.png\",\"contentUrl\":\"https:\/\/www.snackfoodm.com\/wp-content\/uploads\/2020\/02\/cropped-\u65b0\u7248LOGO1-3.png\",\"width\":163,\"height\":85,\"caption\":\"Professional Potato Chips and French Fry Process Line Manufacturer\"},\"image\":{\"@id\":\"https:\/\/www.snackfoodm.com\/#\/schema\/logo\/image\/\"}},false]}<\/script>\n<!-- \/ Yoast SEO plugin. -->","yoast_head_json":{"title":"Ligne de traitement des salades commerciales - Machine de fabrication de salades de printemps de qualit\u00e9 sup\u00e9rieure","description":"Fabricant et fournisseur de lignes de production de salades commerciales. Ligne de production de salades sur mesure avec des machines de haute qualit\u00e9. Plus d'informations ici.","robots":{"index":"index","follow":"follow","max-snippet":"max-snippet:-1","max-image-preview":"max-image-preview:large","max-video-preview":"max-video-preview:-1"},"canonical":"https:\/\/www.snackfoodm.com\/fr\/commercial-salad-processing-line\/","og_locale":"fr_FR","og_type":"article","og_title":"Commercial Salad Processing Line - Top Spring Salad Making Machine","og_description":"Commercial salad processing line machinery manufacturer and supplier. Customized salad making line with high quality machines. Get more here.","og_url":"https:\/\/www.snackfoodm.com\/fr\/commercial-salad-processing-line\/","og_site_name":"Professional Potato Chips and French Fry Process Line Manufacturer","article_modified_time":"2020-10-06T08:27:04+00:00","og_image":[{"width":630,"height":400,"url":"https:\/\/www.snackfoodm.com\/wp-content\/uploads\/2020\/10\/salad-washing-line-machinery.jpg","type":"image\/jpeg"}],"twitter_card":"summary_large_image","twitter_misc":{"Dur\u00e9e de lecture estim\u00e9e":"2 minutes"},"schema":{"@context":"https:\/\/schema.org","@graph":[{"@type":"WebPage","@id":"https:\/\/www.snackfoodm.com\/commercial-salad-processing-line\/","url":"https:\/\/www.snackfoodm.com\/commercial-salad-processing-line\/","name":"Ligne de traitement des salades commerciales - Machine de fabrication de salades de printemps de qualit\u00e9 sup\u00e9rieure","isPartOf":{"@id":"https:\/\/www.snackfoodm.com\/#website"},"primaryImageOfPage":{"@id":"https:\/\/www.snackfoodm.com\/commercial-salad-processing-line\/#primaryimage"},"image":{"@id":"https:\/\/www.snackfoodm.com\/commercial-salad-processing-line\/#primaryimage"},"thumbnailUrl":"https:\/\/www.snackfoodm.com\/wp-content\/uploads\/2020\/10\/salad-washing-line-machinery.jpg","datePublished":"2020-10-05T09:43:32+00:00","dateModified":"2020-10-06T08:27:04+00:00","description":"Fabricant et fournisseur de lignes de production de salades commerciales. Ligne de production de salades sur mesure avec des machines de haute qualit\u00e9. Plus d'informations ici.","breadcrumb":{"@id":"https:\/\/www.snackfoodm.com\/commercial-salad-processing-line\/#breadcrumb"},"inLanguage":"fr-FR","potentialAction":[{"@type":"ReadAction","target":["https:\/\/www.snackfoodm.com\/commercial-salad-processing-line\/"]}]},{"@type":"ImageObject","inLanguage":"fr-FR","@id":"https:\/\/www.snackfoodm.com\/commercial-salad-processing-line\/#primaryimage","url":"https:\/\/www.snackfoodm.com\/wp-content\/uploads\/2020\/10\/salad-washing-line-machinery.jpg","contentUrl":"https:\/\/www.snackfoodm.com\/wp-content\/uploads\/2020\/10\/salad-washing-line-machinery.jpg","width":630,"height":400,"caption":"Salad Washing Line"},{"@type":"BreadcrumbList","@id":"https:\/\/www.snackfoodm.com\/commercial-salad-processing-line\/#breadcrumb","itemListElement":[{"@type":"ListItem","position":1,"name":"\u9996\u9875","item":"https:\/\/www.snackfoodm.com\/"},{"@type":"ListItem","position":2,"name":"Commercial Salad Processing Line"}]},{"@type":"WebSite","@id":"https:\/\/www.snackfoodm.com\/#website","url":"https:\/\/www.snackfoodm.com\/","name":"Fabricant professionnel de lignes de production de chips et de frites","description":"Solutions cl\u00e9s en main pour une ligne de production de chips et de frites","publisher":{"@id":"https:\/\/www.snackfoodm.com\/#organization"},"potentialAction":[{"@type":"SearchAction","target":{"@type":"EntryPoint","urlTemplate":"https:\/\/www.snackfoodm.com\/?s={search_term_string}"},"query-input":{"@type":"PropertyValueSpecification","valueRequired":true,"valueName":"search_term_string"}}],"inLanguage":"fr-FR"},{"@type":"Organization","@id":"https:\/\/www.snackfoodm.com\/#organization","name":"Fabricant professionnel de lignes de production de chips et de frites","url":"https:\/\/www.snackfoodm.com\/","logo":{"@type":"ImageObject","inLanguage":"fr-FR","@id":"https:\/\/www.snackfoodm.com\/#\/schema\/logo\/image\/","url":"https:\/\/www.snackfoodm.com\/wp-content\/uploads\/2020\/02\/cropped-\u65b0\u7248LOGO1-3.png","contentUrl":"https:\/\/www.snackfoodm.com\/wp-content\/uploads\/2020\/02\/cropped-\u65b0\u7248LOGO1-3.png","width":163,"height":85,"caption":"Professional Potato Chips and French Fry Process Line Manufacturer"},"image":{"@id":"https:\/\/www.snackfoodm.com\/#\/schema\/logo\/image\/"}},false]}},"yasr_visitor_votes":{"stars_attributes":{"read_only":false,"span_bottom":false},"number_of_votes":0,"sum_votes":0},"_links":{"self":[{"href":"https:\/\/www.snackfoodm.com\/fr\/wp-json\/wp\/v2\/pages\/1241","targetHints":{"allow":["GET"]}}],"collection":[{"href":"https:\/\/www.snackfoodm.com\/fr\/wp-json\/wp\/v2\/pages"}],"about":[{"href":"https:\/\/www.snackfoodm.com\/fr\/wp-json\/wp\/v2\/types\/page"}],"author":[{"embeddable":true,"href":"https:\/\/www.snackfoodm.com\/fr\/wp-json\/wp\/v2\/users\/1"}],"replies":[{"embeddable":true,"href":"https:\/\/www.snackfoodm.com\/fr\/wp-json\/wp\/v2\/comments?post=1241"}],"version-history":[{"count":3,"href":"https:\/\/www.snackfoodm.com\/fr\/wp-json\/wp\/v2\/pages\/1241\/revisions"}],"predecessor-version":[{"id":1248,"href":"https:\/\/www.snackfoodm.com\/fr\/wp-json\/wp\/v2\/pages\/1241\/revisions\/1248"}],"wp:featuredmedia":[{"embeddable":true,"href":"https:\/\/www.snackfoodm.com\/fr\/wp-json\/wp\/v2\/media\/1242"}],"wp:attachment":[{"href":"https:\/\/www.snackfoodm.com\/fr\/wp-json\/wp\/v2\/media?parent=1241"}],"curies":[{"name":"wp","href":"https:\/\/api.w.org\/{rel}","templated":true}]}}