{"id":1245,"date":"2020-10-06T16:27:07","date_gmt":"2020-10-06T08:27:07","guid":{"rendered":"https:\/\/www.snackfoodm.com\/?page_id=1245"},"modified":"2020-10-06T16:27:07","modified_gmt":"2020-10-06T08:27:07","slug":"industrial-herbs-washing-machine","status":"publish","type":"page","link":"https:\/\/www.snackfoodm.com\/fr\/industrial-herbs-washing-machine\/","title":{"rendered":"Machine \u00e0 laver les herbes industrielles"},"content":{"rendered":"<p><strong>Machine \u00e0 laver les herbes industrielles<\/strong> est sp\u00e9cialement con\u00e7u pour le lavage et le nettoyage des feuilles d'herbes. En g\u00e9n\u00e9ral, les herbes d\u00e9signent les feuilles vertes ou les parties florales des plantes aromatiques. Elles peuvent \u00eatre utilis\u00e9es en cuisine, en m\u00e9decine, en cosm\u00e9tique, etc. Les herbes courantes sont les suivantes : feuilles de moringa, citronnelle, romarin, lavande, menthe, coriandre, sauge, basilic, etc. Nos machines \u00e0 laver les herbes de qualit\u00e9 peuvent laver et nettoyer toutes ces feuilles d'herbes avec une grande efficacit\u00e9. De plus, Gelgoog peut personnaliser les machines \u00e0 laver les herbes selon les besoins et les exigences des clients.<\/p>\n<figure id=\"attachment_1246\" aria-describedby=\"caption-attachment-1246\" style=\"width: 620px\" class=\"wp-caption aligncenter\"><img loading=\"lazy\" decoding=\"async\" class=\"size-full wp-image-1246\" src=\"https:\/\/www.snackfoodm.com\/wp-content\/uploads\/2020\/10\/herbs-washing-machine-supplier.jpg\" alt=\"machine \u00e0 laver les herbes industrielles \" width=\"630\" height=\"400\" srcset=\"https:\/\/www.snackfoodm.com\/wp-content\/uploads\/2020\/10\/herbs-washing-machine-supplier.jpg 630w, https:\/\/www.snackfoodm.com\/wp-content\/uploads\/2020\/10\/herbs-washing-machine-supplier-300x190.jpg 300w, https:\/\/www.snackfoodm.com\/wp-content\/uploads\/2020\/10\/herbs-washing-machine-supplier-240x152.jpg 240w\" sizes=\"auto, (max-width: 630px) 100vw, 630px\" \/><figcaption id=\"caption-attachment-1246\" class=\"wp-caption-text\">Machine \u00e0 laver les feuilles de plantes<\/figcaption><\/figure>\n<p style=\"text-align: center;\"><a class=\"fancybox\" href=\"#contact_form_pop\"><strong class=\"button\">Obtenir des prix<\/strong><\/a><\/p>\n<h2>Avantages de la machine \u00e0 nettoyer les feuilles de plantes<\/h2>\n<p>1.<strong>Structure robuste<\/strong>. Toutes les parties de nos herbes <a href=\"https:\/\/www.snackfoodm.com\/fr\/industrial-vegetable-washing-machine\/\">machines \u00e0 laver et \u00e0 nettoyer<\/a> sont construits en acier inoxydable 304 de qualit\u00e9, r\u00e9pondant \u00e0 des normes \u00e9lev\u00e9es en mati\u00e8re d'hygi\u00e8ne.<br \/>\n2.<strong>Conceptions innovantes<\/strong>. Gr\u00e2ce \u00e0 des conceptions innovantes telles qu'un syst\u00e8me de filtrage efficace et un syst\u00e8me de recyclage de l'eau, les machines industrielles de nettoyage des feuilles d'herbes aromatiques sont faciles \u00e0 nettoyer et \u00e0 entretenir. Elles garantissent \u00e9galement des r\u00e9sultats de lavage optimaux des feuilles d'herbes.<br \/>\n3.<strong>Mod\u00e8les compacts<\/strong>. Les machines \u00e0 laver et \u00e0 nettoyer les feuilles d'herbes Gelgoog sont de conception compacte et relativement peu encombrantes.<br \/>\n4.<strong>Conception personnalis\u00e9e<\/strong>. Toutes nos machines \u00e0 laver les herbes peuvent \u00eatre con\u00e7ues sur mesure en termes de capacit\u00e9 de production, de composants, etc. pour r\u00e9pondre aux besoins des clients.<br \/>\n5.<strong>Choix optionnels<\/strong>. Avec une grande adaptabilit\u00e9, les machines \u00e0 laver les herbes peuvent \u00e9galement ajouter des machines de coupe, des machines de d\u00e9shydratation et des machines de s\u00e9chage \u00e0 l'air pour former une ligne compl\u00e8te de traitement des feuilles d'herbes.<\/p>\n<h2>FAQ<\/h2>\n<p>1) Quelles sortes d'herbes peuvent \u00eatre lav\u00e9es ?<br \/>\nR : Feuilles de moringa, citronnelle, romarin, lavande, menthe, coriandre, sauge, basilic, etc. Nous pouvons personnaliser les machines \u00e0 laver les herbes en fonction de vos besoins.<\/p>\n<p>2. quelle est la capacit\u00e9 de lavage de la machine \u00e0 laver les feuilles d'herbes ?<br \/>\nR : Nos laveurs et nettoyeurs d'herbes sont destin\u00e9s \u00e0 un usage industriel uniquement, avec une capacit\u00e9 de production personnalis\u00e9e.<\/p>\n<p>3. peut-il \u00eatre dot\u00e9 d'un syst\u00e8me antibact\u00e9rien \u00e0 l'ozone ?<br \/>\nR : Oui.<\/p>\n<p>4. poss\u00e9dez-vous d'autres machines pour la transformation des herbes ?<br \/>\nR : Oui. Nous pouvons concevoir et d\u00e9velopper une ligne compl\u00e8te pour le traitement des herbes avec <a href=\"https:\/\/www.snackfoodm.com\/fr\/multipurpose-vegetable-cutting-machine\/\">machines \u00e0 d\u00e9couper<\/a>Les machines \u00e0 laver, les machines \u00e0 s\u00e9cher \u00e0 l'air ambiant, les machines \u00e0 d\u00e9shydrater ou les machines \u00e0 s\u00e9cher, les machines \u00e0 emballer, etc.<br \/>\n\n<div class=\"wpcf7 no-js\" id=\"wpcf7-f385-o1\" lang=\"en-US\" dir=\"ltr\" data-wpcf7-id=\"385\">\n<div class=\"screen-reader-response\"><p role=\"status\" aria-live=\"polite\" aria-atomic=\"true\"><\/p> <ul><\/ul><\/div>\n<form action=\"\/fr\/wp-json\/wp\/v2\/pages\/1245#wpcf7-f385-o1\" method=\"post\" class=\"wpcf7-form init\" aria-label=\"Formulaire de contact\" novalidate=\"novalidate\" data-status=\"init\" data-trp-original-action=\"\/fr\/wp-json\/wp\/v2\/pages\/1245#wpcf7-f385-o1\">\n<fieldset class=\"hidden-fields-container\"><input type=\"hidden\" name=\"_wpcf7\" value=\"385\" \/><input type=\"hidden\" name=\"_wpcf7_version\" value=\"6.1.1\" \/><input type=\"hidden\" name=\"_wpcf7_locale\" value=\"en_US\" \/><input type=\"hidden\" name=\"_wpcf7_unit_tag\" value=\"wpcf7-f385-o1\" \/><input type=\"hidden\" name=\"_wpcf7_container_post\" value=\"0\" \/><input type=\"hidden\" name=\"_wpcf7_posted_data_hash\" value=\"\" \/>\n<\/fieldset>\n<div class=\"leave-message-blockall\">\n\t<div class=\"leave-message-block\">\n\t\t<div class=\"leave-top\">\n\t\t\t<p>Veuillez remplir le formulaire ci-dessous pour obtenir les prix.\n\t\t\t<\/p>\n\t\t<\/div>\n\t\t<div class=\"leave-name\">\n\t\t\t<div class=\"leave-name-t\">\n\t\t\t\t<p>Votre nom :\n\t\t\t\t<\/p>\n\t\t\t<\/div>\n\t\t\t<p><span class=\"wpcf7-form-control-wrap\" data-name=\"your-name\"><input size=\"40\" maxlength=\"400\" class=\"wpcf7-form-control wpcf7-text\" aria-invalid=\"false\" value=\"\" type=\"text\" name=\"your-name\" \/><\/span>\n\t\t\t<\/p>\n\t\t<\/div>\n\t\t<div class=\"leave-email\">\n\t\t\t<div class=\"leave-email-t\">\n\t\t\t\t<p>Votre adresse \u00e9lectronique (obligatoire) :\n\t\t\t\t<\/p>\n\t\t\t<\/div>\n\t\t\t<p><span class=\"wpcf7-form-control-wrap\" data-name=\"your-email\"><input size=\"40\" maxlength=\"400\" class=\"wpcf7-form-control wpcf7-email wpcf7-validates-as-required wpcf7-text wpcf7-validates-as-email\" aria-required=\"true\" aria-invalid=\"false\" value=\"\" type=\"email\" name=\"your-email\" \/><\/span>\n\t\t\t<\/p>\n\t\t<\/div>\n\t\t<div class=\"leave-tel\">\n\t\t\t<div class=\"leave-tel-t\">\n\t\t\t\t<p>Votre T\u00e9l(obligatoire) :\n\t\t\t\t<\/p>\n\t\t\t<\/div>\n\t\t\t<p><span class=\"wpcf7-form-control-wrap\" data-name=\"your-tel\"><input size=\"40\" maxlength=\"400\" class=\"wpcf7-form-control wpcf7-tel wpcf7-validates-as-required wpcf7-text wpcf7-validates-as-tel\" aria-required=\"true\" aria-invalid=\"false\" placeholder=\"Veuillez ajouter les codes de pays\" value=\"\" type=\"tel\" name=\"your-tel\" \/><\/span>\n\t\t\t<\/p>\n\t\t<\/div>\n\t\t<div class=\"leave-country\">\n\t\t\t<div class=\"leave-country-t\">\n\t\t\t\t<p>Votre pays :\n\t\t\t\t<\/p>\n\t\t\t<\/div>\n\t\t\t<p><span class=\"wpcf7-form-control-wrap\" data-name=\"your-country\"><input size=\"40\" maxlength=\"400\" class=\"wpcf7-form-control wpcf7-text\" aria-invalid=\"false\" value=\"\" type=\"text\" name=\"your-country\" \/><\/span>\n\t\t\t<\/p>\n\t\t<\/div>\n\t\t<div class=\"leave-require\">\n\t\t\t<div class=\"leave-require-t\">\n\t\t\t\t<p>Votre message (obligatoire) :\n\t\t\t\t<\/p>\n\t\t\t<\/div>\n\t\t\t<p><span class=\"wpcf7-form-control-wrap\" data-name=\"your-message\"><textarea cols=\"40\" rows=\"10\" maxlength=\"2000\" class=\"wpcf7-form-control wpcf7-textarea wpcf7-validates-as-required\" aria-required=\"true\" aria-invalid=\"false\" placeholder=\"Conseils : mati\u00e8re premi\u00e8re, produit souhait\u00e9, capacit\u00e9, \u00e9quipement auxiliaire, etc.\" name=\"your-message\"><\/textarea><\/span>\n\t\t\t<\/p>\n\t\t<\/div>\n\t\t<div class=\"leave-Send\">\n\t\t\t<p><input class=\"wpcf7-form-control wpcf7-submit has-spinner\" type=\"submit\" value=\"Envoyer\" \/>\n\t\t\t<\/p>\n\t\t<\/div>\n\t<\/div>\n<\/div><input type=\"hidden\" id=\"ct_checkjs_cf7_0f28b5d49b3020afeecd95b4009adf4c\" name=\"ct_checkjs_cf7\" value=\"0\" \/><script >setTimeout(function(){var ct_input_name = \"ct_checkjs_cf7_0f28b5d49b3020afeecd95b4009adf4c\";if (document.getElementById(ct_input_name) !== null) {var ct_input_value = document.getElementById(ct_input_name).value;document.getElementById(ct_input_name).value = document.getElementById(ct_input_name).value.replace(ct_input_value, 'dba04424690aafc408c5cb41194f71da80590051ae3ed0048d37dfc87b0d215e');}}, 1000);<\/script><input\n                    class=\"apbct_special_field apbct_email_id__wp_contact_form_7\"\n                    name=\"apbct__email_id__wp_contact_form_7\"\n                    aria-label=\"apbct__label_id__wp_contact_form_7\"\n                    type=\"text\" size=\"30\" maxlength=\"200\" autocomplete=\"off\"\n                    value=\"\"\n                \/><p style=\"display: none !important;\" class=\"akismet-fields-container\" data-prefix=\"_wpcf7_ak_\"><label>&#916;<textarea name=\"_wpcf7_ak_hp_textarea\" cols=\"45\" rows=\"8\" maxlength=\"100\"><\/textarea><\/label><input type=\"hidden\" id=\"ak_js_1\" name=\"_wpcf7_ak_js\" value=\"87\"\/><script>\ndocument.getElementById( \"ak_js_1\" ).setAttribute( \"value\", ( new Date() ).getTime() );\n<\/script>\n<\/p><div class=\"wpcf7-response-output\" aria-hidden=\"true\"><\/div>\n<input type=\"hidden\" name=\"trp-form-language\" value=\"fr\"\/><\/form>\n<\/div>\n\n<div style='text-align:left' class='yasr-auto-insert-visitor'><\/div>","protected":false},"excerpt":{"rendered":"<p>Industrial herbs washing machine is specially designed for washing and cleaning of herbal leaves. In general, herbs refers to green leaves or flower parts of herb plants. And they can be used in culinary, medicine, cosmetics and so on. Common herbs are as follows: moringa leaves, lemon grass, rosemary, lavender, mint, coriander, sage, basil, and &#8230; <a title=\"Machine \u00e0 laver les herbes industrielles\" class=\"read-more\" href=\"https:\/\/www.snackfoodm.com\/fr\/industrial-herbs-washing-machine\/\" aria-label=\"Plus sur Industrial Herbs Washing Machine\">Lire plus<\/a><\/p>","protected":false},"author":1,"featured_media":0,"parent":0,"menu_order":0,"comment_status":"closed","ping_status":"closed","template":"","meta":{"generate_page_header":"","yasr_overall_rating":0,"yasr_post_is_review":"","yasr_auto_insert_disabled":"","yasr_review_type":"","footnotes":""},"class_list":["post-1245","page","type-page","status-publish"],"yoast_head":"<!-- This site is optimized with the Yoast SEO plugin v25.8 - https:\/\/yoast.com\/wordpress\/plugins\/seo\/ -->\n<title>Industrial Herbs Washing Machine - Herbal Leaves Washer and Cleaner<\/title>\n<meta name=\"description\" content=\"Industrial herbs washing machine can wash a great variety of herbal leaves with optimal results. Customized herbal leaves washer machine here.\" \/>\n<meta name=\"robots\" content=\"index, follow, max-snippet:-1, max-image-preview:large, max-video-preview:-1\" \/>\n<link rel=\"canonical\" href=\"https:\/\/www.snackfoodm.com\/fr\/industrial-herbs-washing-machine\/\" \/>\n<meta property=\"og:locale\" content=\"fr_FR\" \/>\n<meta property=\"og:type\" content=\"article\" \/>\n<meta property=\"og:title\" content=\"Industrial Herbs Washing Machine - Herbal Leaves Washer and Cleaner\" \/>\n<meta property=\"og:description\" content=\"Industrial herbs washing machine can wash a great variety of herbal leaves with optimal results. Customized herbal leaves washer machine here.\" \/>\n<meta property=\"og:url\" content=\"https:\/\/www.snackfoodm.com\/fr\/industrial-herbs-washing-machine\/\" \/>\n<meta property=\"og:site_name\" content=\"Professional Potato Chips and French Fry Process Line Manufacturer\" \/>\n<meta property=\"og:image\" content=\"https:\/\/www.snackfoodm.com\/wp-content\/uploads\/2020\/10\/herbs-washing-machine-supplier.jpg\" \/>\n<meta name=\"twitter:card\" content=\"summary_large_image\" \/>\n<meta name=\"twitter:label1\" content=\"Dur\u00e9e de lecture estim\u00e9e\" \/>\n\t<meta name=\"twitter:data1\" content=\"2 minutes\" \/>\n<script type=\"application\/ld+json\" class=\"yoast-schema-graph\">{\"@context\":\"https:\/\/schema.org\",\"@graph\":[{\"@type\":\"WebPage\",\"@id\":\"https:\/\/www.snackfoodm.com\/fr\/industrial-herbs-washing-machine\/\",\"url\":\"https:\/\/www.snackfoodm.com\/fr\/industrial-herbs-washing-machine\/\",\"name\":\"Industrial Herbs Washing Machine - Herbal Leaves Washer and Cleaner\",\"isPartOf\":{\"@id\":\"https:\/\/www.snackfoodm.com\/#website\"},\"primaryImageOfPage\":{\"@id\":\"https:\/\/www.snackfoodm.com\/fr\/industrial-herbs-washing-machine\/#primaryimage\"},\"image\":{\"@id\":\"https:\/\/www.snackfoodm.com\/fr\/industrial-herbs-washing-machine\/#primaryimage\"},\"thumbnailUrl\":\"https:\/\/www.snackfoodm.com\/wp-content\/uploads\/2020\/10\/herbs-washing-machine-supplier.jpg\",\"datePublished\":\"2020-10-06T08:27:07+00:00\",\"description\":\"Industrial herbs washing machine can wash a great variety of herbal leaves with optimal results. Customized herbal leaves washer machine here.\",\"breadcrumb\":{\"@id\":\"https:\/\/www.snackfoodm.com\/fr\/industrial-herbs-washing-machine\/#breadcrumb\"},\"inLanguage\":\"fr-FR\",\"potentialAction\":[{\"@type\":\"ReadAction\",\"target\":[\"https:\/\/www.snackfoodm.com\/fr\/industrial-herbs-washing-machine\/\"]}]},{\"@type\":\"ImageObject\",\"inLanguage\":\"fr-FR\",\"@id\":\"https:\/\/www.snackfoodm.com\/fr\/industrial-herbs-washing-machine\/#primaryimage\",\"url\":\"https:\/\/www.snackfoodm.com\/wp-content\/uploads\/2020\/10\/herbs-washing-machine-supplier.jpg\",\"contentUrl\":\"https:\/\/www.snackfoodm.com\/wp-content\/uploads\/2020\/10\/herbs-washing-machine-supplier.jpg\"},{\"@type\":\"BreadcrumbList\",\"@id\":\"https:\/\/www.snackfoodm.com\/fr\/industrial-herbs-washing-machine\/#breadcrumb\",\"itemListElement\":[{\"@type\":\"ListItem\",\"position\":1,\"name\":\"\u9996\u9875\",\"item\":\"https:\/\/www.snackfoodm.com\/\"},{\"@type\":\"ListItem\",\"position\":2,\"name\":\"Industrial Herbs Washing Machine\"}]},{\"@type\":\"WebSite\",\"@id\":\"https:\/\/www.snackfoodm.com\/#website\",\"url\":\"https:\/\/www.snackfoodm.com\/\",\"name\":\"Professional Potato Chips and French Fry Process Line Manufacturer\",\"description\":\"Turnkey Solutions for Chips and French Fries Production Line\",\"publisher\":{\"@id\":\"https:\/\/www.snackfoodm.com\/#organization\"},\"potentialAction\":[{\"@type\":\"SearchAction\",\"target\":{\"@type\":\"EntryPoint\",\"urlTemplate\":\"https:\/\/www.snackfoodm.com\/?s={search_term_string}\"},\"query-input\":{\"@type\":\"PropertyValueSpecification\",\"valueRequired\":true,\"valueName\":\"search_term_string\"}}],\"inLanguage\":\"fr-FR\"},{\"@type\":\"Organization\",\"@id\":\"https:\/\/www.snackfoodm.com\/#organization\",\"name\":\"Professional Potato Chips and French Fry Process Line Manufacturer\",\"url\":\"https:\/\/www.snackfoodm.com\/\",\"logo\":{\"@type\":\"ImageObject\",\"inLanguage\":\"fr-FR\",\"@id\":\"https:\/\/www.snackfoodm.com\/#\/schema\/logo\/image\/\",\"url\":\"https:\/\/www.snackfoodm.com\/wp-content\/uploads\/2020\/02\/cropped-\u65b0\u7248LOGO1-3.png\",\"contentUrl\":\"https:\/\/www.snackfoodm.com\/wp-content\/uploads\/2020\/02\/cropped-\u65b0\u7248LOGO1-3.png\",\"width\":163,\"height\":85,\"caption\":\"Professional Potato Chips and French Fry Process Line Manufacturer\"},\"image\":{\"@id\":\"https:\/\/www.snackfoodm.com\/#\/schema\/logo\/image\/\"}},false]}<\/script>\n<!-- \/ Yoast SEO plugin. -->","yoast_head_json":{"title":"Machine \u00e0 laver les herbes industrielles - Laveuse et nettoyeuse de feuilles d'herbes","description":"La machine \u00e0 laver les herbes industrielles peut laver une grande vari\u00e9t\u00e9 de feuilles d'herbes avec des r\u00e9sultats optimaux. La machine \u00e0 laver les feuilles d'herbes sur mesure ici.","robots":{"index":"index","follow":"follow","max-snippet":"max-snippet:-1","max-image-preview":"max-image-preview:large","max-video-preview":"max-video-preview:-1"},"canonical":"https:\/\/www.snackfoodm.com\/fr\/industrial-herbs-washing-machine\/","og_locale":"fr_FR","og_type":"article","og_title":"Industrial Herbs Washing Machine - Herbal Leaves Washer and Cleaner","og_description":"Industrial herbs washing machine can wash a great variety of herbal leaves with optimal results. Customized herbal leaves washer machine here.","og_url":"https:\/\/www.snackfoodm.com\/fr\/industrial-herbs-washing-machine\/","og_site_name":"Professional Potato Chips and French Fry Process Line Manufacturer","og_image":[{"url":"https:\/\/www.snackfoodm.com\/wp-content\/uploads\/2020\/10\/herbs-washing-machine-supplier.jpg","type":"","width":"","height":""}],"twitter_card":"summary_large_image","twitter_misc":{"Dur\u00e9e de lecture estim\u00e9e":"2 minutes"},"schema":{"@context":"https:\/\/schema.org","@graph":[{"@type":"WebPage","@id":"https:\/\/www.snackfoodm.com\/fr\/industrial-herbs-washing-machine\/","url":"https:\/\/www.snackfoodm.com\/fr\/industrial-herbs-washing-machine\/","name":"Machine \u00e0 laver les herbes industrielles - Laveuse et nettoyeuse de feuilles d'herbes","isPartOf":{"@id":"https:\/\/www.snackfoodm.com\/#website"},"primaryImageOfPage":{"@id":"https:\/\/www.snackfoodm.com\/fr\/industrial-herbs-washing-machine\/#primaryimage"},"image":{"@id":"https:\/\/www.snackfoodm.com\/fr\/industrial-herbs-washing-machine\/#primaryimage"},"thumbnailUrl":"https:\/\/www.snackfoodm.com\/wp-content\/uploads\/2020\/10\/herbs-washing-machine-supplier.jpg","datePublished":"2020-10-06T08:27:07+00:00","description":"La machine \u00e0 laver les herbes industrielles peut laver une grande vari\u00e9t\u00e9 de feuilles d'herbes avec des r\u00e9sultats optimaux. La machine \u00e0 laver les feuilles d'herbes sur mesure ici.","breadcrumb":{"@id":"https:\/\/www.snackfoodm.com\/fr\/industrial-herbs-washing-machine\/#breadcrumb"},"inLanguage":"fr-FR","potentialAction":[{"@type":"ReadAction","target":["https:\/\/www.snackfoodm.com\/fr\/industrial-herbs-washing-machine\/"]}]},{"@type":"ImageObject","inLanguage":"fr-FR","@id":"https:\/\/www.snackfoodm.com\/fr\/industrial-herbs-washing-machine\/#primaryimage","url":"https:\/\/www.snackfoodm.com\/wp-content\/uploads\/2020\/10\/herbs-washing-machine-supplier.jpg","contentUrl":"https:\/\/www.snackfoodm.com\/wp-content\/uploads\/2020\/10\/herbs-washing-machine-supplier.jpg"},{"@type":"BreadcrumbList","@id":"https:\/\/www.snackfoodm.com\/fr\/industrial-herbs-washing-machine\/#breadcrumb","itemListElement":[{"@type":"ListItem","position":1,"name":"\u9996\u9875","item":"https:\/\/www.snackfoodm.com\/"},{"@type":"ListItem","position":2,"name":"Industrial Herbs Washing Machine"}]},{"@type":"WebSite","@id":"https:\/\/www.snackfoodm.com\/#website","url":"https:\/\/www.snackfoodm.com\/","name":"Fabricant professionnel de lignes de production de chips et de frites","description":"Solutions cl\u00e9s en main pour une ligne de production de chips et de frites","publisher":{"@id":"https:\/\/www.snackfoodm.com\/#organization"},"potentialAction":[{"@type":"SearchAction","target":{"@type":"EntryPoint","urlTemplate":"https:\/\/www.snackfoodm.com\/?s={search_term_string}"},"query-input":{"@type":"PropertyValueSpecification","valueRequired":true,"valueName":"search_term_string"}}],"inLanguage":"fr-FR"},{"@type":"Organization","@id":"https:\/\/www.snackfoodm.com\/#organization","name":"Fabricant professionnel de lignes de production de chips et de frites","url":"https:\/\/www.snackfoodm.com\/","logo":{"@type":"ImageObject","inLanguage":"fr-FR","@id":"https:\/\/www.snackfoodm.com\/#\/schema\/logo\/image\/","url":"https:\/\/www.snackfoodm.com\/wp-content\/uploads\/2020\/02\/cropped-\u65b0\u7248LOGO1-3.png","contentUrl":"https:\/\/www.snackfoodm.com\/wp-content\/uploads\/2020\/02\/cropped-\u65b0\u7248LOGO1-3.png","width":163,"height":85,"caption":"Professional Potato Chips and French Fry Process Line Manufacturer"},"image":{"@id":"https:\/\/www.snackfoodm.com\/#\/schema\/logo\/image\/"}},false]}},"yasr_visitor_votes":{"stars_attributes":{"read_only":false,"span_bottom":false},"number_of_votes":0,"sum_votes":0},"_links":{"self":[{"href":"https:\/\/www.snackfoodm.com\/fr\/wp-json\/wp\/v2\/pages\/1245","targetHints":{"allow":["GET"]}}],"collection":[{"href":"https:\/\/www.snackfoodm.com\/fr\/wp-json\/wp\/v2\/pages"}],"about":[{"href":"https:\/\/www.snackfoodm.com\/fr\/wp-json\/wp\/v2\/types\/page"}],"author":[{"embeddable":true,"href":"https:\/\/www.snackfoodm.com\/fr\/wp-json\/wp\/v2\/users\/1"}],"replies":[{"embeddable":true,"href":"https:\/\/www.snackfoodm.com\/fr\/wp-json\/wp\/v2\/comments?post=1245"}],"version-history":[{"count":1,"href":"https:\/\/www.snackfoodm.com\/fr\/wp-json\/wp\/v2\/pages\/1245\/revisions"}],"predecessor-version":[{"id":1249,"href":"https:\/\/www.snackfoodm.com\/fr\/wp-json\/wp\/v2\/pages\/1245\/revisions\/1249"}],"wp:attachment":[{"href":"https:\/\/www.snackfoodm.com\/fr\/wp-json\/wp\/v2\/media?parent=1245"}],"curies":[{"name":"wp","href":"https:\/\/api.w.org\/{rel}","templated":true}]}}