{"id":1251,"date":"2020-10-07T19:58:08","date_gmt":"2020-10-07T11:58:08","guid":{"rendered":"https:\/\/www.snackfoodm.com\/?page_id=1251"},"modified":"2020-10-07T20:14:22","modified_gmt":"2020-10-07T12:14:22","slug":"potato-chips-seasoning-machine","status":"publish","type":"page","link":"https:\/\/www.snackfoodm.com\/fr\/potato-chips-seasoning-machine\/","title":{"rendered":"Machine \u00e0 assaisonner les chips"},"content":{"rendered":"<p><strong>Machine \u00e0 assaisonner les chips<\/strong> est sp\u00e9cialement con\u00e7u pour appliquer diff\u00e9rentes saisons et saveurs aux chips frites et \u00e0 d'autres aliments \u00e0 grignoter. Gr\u00e2ce \u00e0 leur conception innovante, les chips <a href=\"https:\/\/www.snackfoodm.com\/fr\/flavoring-machine\/\">machine \u00e0 aromatiser<\/a> peut fournir une couverture d'assaisonnement coh\u00e9rente et uniforme pour les chips de pommes de terre ainsi que pour d'autres aliments \u00e0 grignoter. Equip\u00e9 d'un applicateur de pulv\u00e9risation, le m\u00e9langeur d'ar\u00f4mes pour chips peut pulv\u00e9riser des assaisonnements sur les chips de pommes de terre et autres aliments \u00e0 grignoter de mani\u00e8re r\u00e9guli\u00e8re et contr\u00f4l\u00e9e. Le tambour d'aromatisation peut tourner en continu pour garantir que chaque morceau de chips est aromatis\u00e9 de mani\u00e8re homog\u00e8ne, ce qui assure une qualit\u00e9 constante. Gelgoog propose des machines \u00e0 tambour d'aromatisation de pommes de terre sur mesure pour r\u00e9pondre aux besoins des clients.<\/p>\n<figure id=\"attachment_1252\" aria-describedby=\"caption-attachment-1252\" style=\"width: 620px\" class=\"wp-caption aligncenter\"><img loading=\"lazy\" decoding=\"async\" class=\"size-full wp-image-1252\" src=\"https:\/\/www.snackfoodm.com\/wp-content\/uploads\/2020\/10\/potato-chips-flavoring-machine.jpg\" alt=\"m\u00e9langeur automatique d&#039;ar\u00f4mes de chips\" width=\"630\" height=\"400\" srcset=\"https:\/\/www.snackfoodm.com\/wp-content\/uploads\/2020\/10\/potato-chips-flavoring-machine.jpg 630w, https:\/\/www.snackfoodm.com\/wp-content\/uploads\/2020\/10\/potato-chips-flavoring-machine-300x190.jpg 300w, https:\/\/www.snackfoodm.com\/wp-content\/uploads\/2020\/10\/potato-chips-flavoring-machine-240x152.jpg 240w\" sizes=\"auto, (max-width: 630px) 100vw, 630px\" \/><figcaption id=\"caption-attachment-1252\" class=\"wp-caption-text\">Machine \u00e0 assaisonner les chips<\/figcaption><\/figure>\n<p style=\"text-align: center;\"><a class=\"fancybox\" href=\"#contact_form_pop\"><strong class=\"button\">Obtenir des prix<\/strong><\/a><\/p>\n[\/lgc_column]\n<h2>Application de la machine \u00e0 tambour pour l'aromatisation des chips<\/h2>\n<p>La machine \u00e0 aromatiser est un excellent investissement qui a de nombreuses applications. \u00c0 l'exception des chips, la machine \u00e0 aromatiser les aliments peut ajouter des saisons et des saveurs \u00e0 une grande vari\u00e9t\u00e9 de produits alimentaires, comme les snacks, les plats pr\u00e9par\u00e9s, la viande, la volaille et les fruits de mer, les noix, les frites, le caf\u00e9 et le th\u00e9, les p\u00e2tes, le fromage, les aliments et les friandises pour animaux de compagnie, et ainsi de suite. L'applicateur de pulv\u00e9risation et les tambours d'aromatisation peuvent \u00eatre personnalis\u00e9s pour r\u00e9pondre aux besoins et aux exigences des clients.<\/p>\n<h2>Avantages des m\u00e9langeurs d'ar\u00f4mes de chips<\/h2>\n<p>1. R\u00e9sultats optimaux en mati\u00e8re d'aromatisation. Gr\u00e2ce \u00e0 un syst\u00e8me de pulv\u00e9risation et d'aromatisation efficace, l'\u00e9quipement d'assaisonnement des chips peut assurer une couverture coh\u00e9rente et uniforme.<br \/>\n2. Conception compacte. Notre \u00e9quipement d'aromatisation de frites est de conception compacte et de faible encombrement.<br \/>\n3. Structure robuste. L'ensemble de la structure de la machine \u00e0 ajouter des ar\u00f4mes de chips est en acier inoxydable 304, r\u00e9pondant aux normes d'hygi\u00e8ne.<br \/>\n4. Facile \u00e0 nettoyer et \u00e0 entretenir. La machine \u00e0 assaisonner les chips est sp\u00e9cialement con\u00e7ue pour \u00eatre facile \u00e0 nettoyer et \u00e0 entretenir, ce qui permet de r\u00e9duire les co\u00fbts de maintenance et d'assurer la s\u00e9curit\u00e9 alimentaire.<br \/>\n5. Conception personnalis\u00e9e. Les machines de m\u00e9lange d'ar\u00f4mes de chips peuvent \u00eatre personnalis\u00e9es en termes de configuration et ainsi de suite pour r\u00e9pondre aux besoins et exigences des clients. Le plus appropri\u00e9 est le meilleur.<br \/>\n\n<div class=\"wpcf7 no-js\" id=\"wpcf7-f385-o1\" lang=\"en-US\" dir=\"ltr\" data-wpcf7-id=\"385\">\n<div class=\"screen-reader-response\"><p role=\"status\" aria-live=\"polite\" aria-atomic=\"true\"><\/p> <ul><\/ul><\/div>\n<form action=\"\/fr\/wp-json\/wp\/v2\/pages\/1251#wpcf7-f385-o1\" method=\"post\" class=\"wpcf7-form init\" aria-label=\"Formulaire de contact\" novalidate=\"novalidate\" data-status=\"init\" data-trp-original-action=\"\/fr\/wp-json\/wp\/v2\/pages\/1251#wpcf7-f385-o1\">\n<fieldset class=\"hidden-fields-container\"><input type=\"hidden\" name=\"_wpcf7\" value=\"385\" \/><input type=\"hidden\" name=\"_wpcf7_version\" value=\"6.1.1\" \/><input type=\"hidden\" name=\"_wpcf7_locale\" value=\"en_US\" \/><input type=\"hidden\" name=\"_wpcf7_unit_tag\" value=\"wpcf7-f385-o1\" \/><input type=\"hidden\" name=\"_wpcf7_container_post\" value=\"0\" \/><input type=\"hidden\" name=\"_wpcf7_posted_data_hash\" value=\"\" \/>\n<\/fieldset>\n<div class=\"leave-message-blockall\">\n\t<div class=\"leave-message-block\">\n\t\t<div class=\"leave-top\">\n\t\t\t<p>Veuillez remplir le formulaire ci-dessous pour obtenir les prix.\n\t\t\t<\/p>\n\t\t<\/div>\n\t\t<div class=\"leave-name\">\n\t\t\t<div class=\"leave-name-t\">\n\t\t\t\t<p>Votre nom :\n\t\t\t\t<\/p>\n\t\t\t<\/div>\n\t\t\t<p><span class=\"wpcf7-form-control-wrap\" data-name=\"your-name\"><input size=\"40\" maxlength=\"400\" class=\"wpcf7-form-control wpcf7-text\" aria-invalid=\"false\" value=\"\" type=\"text\" name=\"your-name\" \/><\/span>\n\t\t\t<\/p>\n\t\t<\/div>\n\t\t<div class=\"leave-email\">\n\t\t\t<div class=\"leave-email-t\">\n\t\t\t\t<p>Votre adresse \u00e9lectronique (obligatoire) :\n\t\t\t\t<\/p>\n\t\t\t<\/div>\n\t\t\t<p><span class=\"wpcf7-form-control-wrap\" data-name=\"your-email\"><input size=\"40\" maxlength=\"400\" class=\"wpcf7-form-control wpcf7-email wpcf7-validates-as-required wpcf7-text wpcf7-validates-as-email\" aria-required=\"true\" aria-invalid=\"false\" value=\"\" type=\"email\" name=\"your-email\" \/><\/span>\n\t\t\t<\/p>\n\t\t<\/div>\n\t\t<div class=\"leave-tel\">\n\t\t\t<div class=\"leave-tel-t\">\n\t\t\t\t<p>Votre T\u00e9l(obligatoire) :\n\t\t\t\t<\/p>\n\t\t\t<\/div>\n\t\t\t<p><span class=\"wpcf7-form-control-wrap\" data-name=\"your-tel\"><input size=\"40\" maxlength=\"400\" class=\"wpcf7-form-control wpcf7-tel wpcf7-validates-as-required wpcf7-text wpcf7-validates-as-tel\" aria-required=\"true\" aria-invalid=\"false\" placeholder=\"Veuillez ajouter les codes de pays\" value=\"\" type=\"tel\" name=\"your-tel\" \/><\/span>\n\t\t\t<\/p>\n\t\t<\/div>\n\t\t<div class=\"leave-country\">\n\t\t\t<div class=\"leave-country-t\">\n\t\t\t\t<p>Votre pays :\n\t\t\t\t<\/p>\n\t\t\t<\/div>\n\t\t\t<p><span class=\"wpcf7-form-control-wrap\" data-name=\"your-country\"><input size=\"40\" maxlength=\"400\" class=\"wpcf7-form-control wpcf7-text\" aria-invalid=\"false\" value=\"\" type=\"text\" name=\"your-country\" \/><\/span>\n\t\t\t<\/p>\n\t\t<\/div>\n\t\t<div class=\"leave-require\">\n\t\t\t<div class=\"leave-require-t\">\n\t\t\t\t<p>Votre message (obligatoire) :\n\t\t\t\t<\/p>\n\t\t\t<\/div>\n\t\t\t<p><span class=\"wpcf7-form-control-wrap\" data-name=\"your-message\"><textarea cols=\"40\" rows=\"10\" maxlength=\"2000\" class=\"wpcf7-form-control wpcf7-textarea wpcf7-validates-as-required\" aria-required=\"true\" aria-invalid=\"false\" placeholder=\"Conseils : mati\u00e8re premi\u00e8re, produit souhait\u00e9, capacit\u00e9, \u00e9quipement auxiliaire, etc.\" name=\"your-message\"><\/textarea><\/span>\n\t\t\t<\/p>\n\t\t<\/div>\n\t\t<div class=\"leave-Send\">\n\t\t\t<p><input class=\"wpcf7-form-control wpcf7-submit has-spinner\" type=\"submit\" value=\"Envoyer\" \/>\n\t\t\t<\/p>\n\t\t<\/div>\n\t<\/div>\n<\/div><input type=\"hidden\" id=\"ct_checkjs_cf7_03afdbd66e7929b125f8597834fa83a4\" name=\"ct_checkjs_cf7\" value=\"0\" \/><script >setTimeout(function(){var ct_input_name = \"ct_checkjs_cf7_03afdbd66e7929b125f8597834fa83a4\";if (document.getElementById(ct_input_name) !== null) {var ct_input_value = document.getElementById(ct_input_name).value;document.getElementById(ct_input_name).value = document.getElementById(ct_input_name).value.replace(ct_input_value, 'dba04424690aafc408c5cb41194f71da80590051ae3ed0048d37dfc87b0d215e');}}, 1000);<\/script><input\n                    class=\"apbct_special_field apbct_email_id__wp_contact_form_7\"\n                    name=\"apbct__email_id__wp_contact_form_7\"\n                    aria-label=\"apbct__label_id__wp_contact_form_7\"\n                    type=\"text\" size=\"30\" maxlength=\"200\" autocomplete=\"off\"\n                    value=\"\"\n                \/><p style=\"display: none !important;\" class=\"akismet-fields-container\" data-prefix=\"_wpcf7_ak_\"><label>&#916;<textarea name=\"_wpcf7_ak_hp_textarea\" cols=\"45\" rows=\"8\" maxlength=\"100\"><\/textarea><\/label><input type=\"hidden\" id=\"ak_js_1\" name=\"_wpcf7_ak_js\" value=\"72\"\/><script>\ndocument.getElementById( \"ak_js_1\" ).setAttribute( \"value\", ( new Date() ).getTime() );\n<\/script>\n<\/p><div class=\"wpcf7-response-output\" aria-hidden=\"true\"><\/div>\n<input type=\"hidden\" name=\"trp-form-language\" value=\"fr\"\/><\/form>\n<\/div>\n\n<div style='text-align:left' class='yasr-auto-insert-visitor'><\/div>","protected":false},"excerpt":{"rendered":"<p>Potato chips seasoning machine is specially designed for apply various seasons and flavors to fried potato chips, and other snack foods. With innovative designs, the potato chips flavoring machine can provide consistent and uniform seasoning coverage for potato chips as well as other snack foods. Equipped with spray applicator, the chips flavor mixer machine can &#8230; <a title=\"Machine \u00e0 assaisonner les chips\" class=\"read-more\" href=\"https:\/\/www.snackfoodm.com\/fr\/potato-chips-seasoning-machine\/\" aria-label=\"Plus sur Potato Chips Seasoning Machine\">Lire plus<\/a><\/p>","protected":false},"author":1,"featured_media":1252,"parent":0,"menu_order":0,"comment_status":"closed","ping_status":"closed","template":"","meta":{"generate_page_header":"","yasr_overall_rating":0,"yasr_post_is_review":"","yasr_auto_insert_disabled":"","yasr_review_type":"","footnotes":""},"class_list":["post-1251","page","type-page","status-publish","has-post-thumbnail"],"yoast_head":"<!-- This site is optimized with the Yoast SEO plugin v25.8 - https:\/\/yoast.com\/wordpress\/plugins\/seo\/ -->\n<title>Potato Chips Seasoning Machine - Industrial Chips Flavoring Equipment<\/title>\n<meta name=\"description\" content=\"Potato chips seasoning machine manufacturer and supplier. Customized industrial chips flavor mixing machine. Consistent and uniform chips.\" \/>\n<meta name=\"robots\" content=\"index, follow, max-snippet:-1, max-image-preview:large, max-video-preview:-1\" \/>\n<link rel=\"canonical\" href=\"https:\/\/www.snackfoodm.com\/fr\/potato-chips-seasoning-machine\/\" \/>\n<meta property=\"og:locale\" content=\"fr_FR\" \/>\n<meta property=\"og:type\" content=\"article\" \/>\n<meta property=\"og:title\" content=\"Potato Chips Seasoning Machine - Industrial Chips Flavoring Equipment\" \/>\n<meta property=\"og:description\" content=\"Potato chips seasoning machine manufacturer and supplier. Customized industrial chips flavor mixing machine. Consistent and uniform chips.\" \/>\n<meta property=\"og:url\" content=\"https:\/\/www.snackfoodm.com\/fr\/potato-chips-seasoning-machine\/\" \/>\n<meta property=\"og:site_name\" content=\"Professional Potato Chips and French Fry Process Line Manufacturer\" \/>\n<meta property=\"article:modified_time\" content=\"2020-10-07T12:14:22+00:00\" \/>\n<meta property=\"og:image\" content=\"https:\/\/www.snackfoodm.com\/wp-content\/uploads\/2020\/10\/potato-chips-flavoring-machine.jpg\" \/>\n\t<meta property=\"og:image:width\" content=\"630\" \/>\n\t<meta property=\"og:image:height\" content=\"400\" \/>\n\t<meta property=\"og:image:type\" content=\"image\/jpeg\" \/>\n<meta name=\"twitter:card\" content=\"summary_large_image\" \/>\n<meta name=\"twitter:label1\" content=\"Dur\u00e9e de lecture estim\u00e9e\" \/>\n\t<meta name=\"twitter:data1\" content=\"2 minutes\" \/>\n<script type=\"application\/ld+json\" class=\"yoast-schema-graph\">{\"@context\":\"https:\/\/schema.org\",\"@graph\":[{\"@type\":\"WebPage\",\"@id\":\"https:\/\/www.snackfoodm.com\/potato-chips-seasoning-machine\/\",\"url\":\"https:\/\/www.snackfoodm.com\/potato-chips-seasoning-machine\/\",\"name\":\"Potato Chips Seasoning Machine - Industrial Chips Flavoring Equipment\",\"isPartOf\":{\"@id\":\"https:\/\/www.snackfoodm.com\/#website\"},\"primaryImageOfPage\":{\"@id\":\"https:\/\/www.snackfoodm.com\/potato-chips-seasoning-machine\/#primaryimage\"},\"image\":{\"@id\":\"https:\/\/www.snackfoodm.com\/potato-chips-seasoning-machine\/#primaryimage\"},\"thumbnailUrl\":\"https:\/\/www.snackfoodm.com\/wp-content\/uploads\/2020\/10\/potato-chips-flavoring-machine.jpg\",\"datePublished\":\"2020-10-07T11:58:08+00:00\",\"dateModified\":\"2020-10-07T12:14:22+00:00\",\"description\":\"Potato chips seasoning machine manufacturer and supplier. Customized industrial chips flavor mixing machine. Consistent and uniform chips.\",\"breadcrumb\":{\"@id\":\"https:\/\/www.snackfoodm.com\/potato-chips-seasoning-machine\/#breadcrumb\"},\"inLanguage\":\"fr-FR\",\"potentialAction\":[{\"@type\":\"ReadAction\",\"target\":[\"https:\/\/www.snackfoodm.com\/potato-chips-seasoning-machine\/\"]}]},{\"@type\":\"ImageObject\",\"inLanguage\":\"fr-FR\",\"@id\":\"https:\/\/www.snackfoodm.com\/potato-chips-seasoning-machine\/#primaryimage\",\"url\":\"https:\/\/www.snackfoodm.com\/wp-content\/uploads\/2020\/10\/potato-chips-flavoring-machine.jpg\",\"contentUrl\":\"https:\/\/www.snackfoodm.com\/wp-content\/uploads\/2020\/10\/potato-chips-flavoring-machine.jpg\",\"width\":630,\"height\":400,\"caption\":\"Potato Chips Seasoning Machine\"},{\"@type\":\"BreadcrumbList\",\"@id\":\"https:\/\/www.snackfoodm.com\/potato-chips-seasoning-machine\/#breadcrumb\",\"itemListElement\":[{\"@type\":\"ListItem\",\"position\":1,\"name\":\"\u9996\u9875\",\"item\":\"https:\/\/www.snackfoodm.com\/\"},{\"@type\":\"ListItem\",\"position\":2,\"name\":\"Potato Chips Seasoning Machine\"}]},{\"@type\":\"WebSite\",\"@id\":\"https:\/\/www.snackfoodm.com\/#website\",\"url\":\"https:\/\/www.snackfoodm.com\/\",\"name\":\"Professional Potato Chips and French Fry Process Line Manufacturer\",\"description\":\"Turnkey Solutions for Chips and French Fries Production Line\",\"publisher\":{\"@id\":\"https:\/\/www.snackfoodm.com\/#organization\"},\"potentialAction\":[{\"@type\":\"SearchAction\",\"target\":{\"@type\":\"EntryPoint\",\"urlTemplate\":\"https:\/\/www.snackfoodm.com\/?s={search_term_string}\"},\"query-input\":{\"@type\":\"PropertyValueSpecification\",\"valueRequired\":true,\"valueName\":\"search_term_string\"}}],\"inLanguage\":\"fr-FR\"},{\"@type\":\"Organization\",\"@id\":\"https:\/\/www.snackfoodm.com\/#organization\",\"name\":\"Professional Potato Chips and French Fry Process Line Manufacturer\",\"url\":\"https:\/\/www.snackfoodm.com\/\",\"logo\":{\"@type\":\"ImageObject\",\"inLanguage\":\"fr-FR\",\"@id\":\"https:\/\/www.snackfoodm.com\/#\/schema\/logo\/image\/\",\"url\":\"https:\/\/www.snackfoodm.com\/wp-content\/uploads\/2020\/02\/cropped-\u65b0\u7248LOGO1-3.png\",\"contentUrl\":\"https:\/\/www.snackfoodm.com\/wp-content\/uploads\/2020\/02\/cropped-\u65b0\u7248LOGO1-3.png\",\"width\":163,\"height\":85,\"caption\":\"Professional Potato Chips and French Fry Process Line Manufacturer\"},\"image\":{\"@id\":\"https:\/\/www.snackfoodm.com\/#\/schema\/logo\/image\/\"}},false]}<\/script>\n<!-- \/ Yoast SEO plugin. -->","yoast_head_json":{"title":"Machine \u00e0 assaisonner les chips - \u00c9quipement industriel d'aromatisation des chips","description":"Fabricant et fournisseur de machines \u00e0 assaisonner les chips. Machine industrielle de m\u00e9lange d'ar\u00f4mes de chips sur mesure. Des chips homog\u00e8nes et uniformes.","robots":{"index":"index","follow":"follow","max-snippet":"max-snippet:-1","max-image-preview":"max-image-preview:large","max-video-preview":"max-video-preview:-1"},"canonical":"https:\/\/www.snackfoodm.com\/fr\/potato-chips-seasoning-machine\/","og_locale":"fr_FR","og_type":"article","og_title":"Potato Chips Seasoning Machine - Industrial Chips Flavoring Equipment","og_description":"Potato chips seasoning machine manufacturer and supplier. Customized industrial chips flavor mixing machine. Consistent and uniform chips.","og_url":"https:\/\/www.snackfoodm.com\/fr\/potato-chips-seasoning-machine\/","og_site_name":"Professional Potato Chips and French Fry Process Line Manufacturer","article_modified_time":"2020-10-07T12:14:22+00:00","og_image":[{"width":630,"height":400,"url":"https:\/\/www.snackfoodm.com\/wp-content\/uploads\/2020\/10\/potato-chips-flavoring-machine.jpg","type":"image\/jpeg"}],"twitter_card":"summary_large_image","twitter_misc":{"Dur\u00e9e de lecture estim\u00e9e":"2 minutes"},"schema":{"@context":"https:\/\/schema.org","@graph":[{"@type":"WebPage","@id":"https:\/\/www.snackfoodm.com\/potato-chips-seasoning-machine\/","url":"https:\/\/www.snackfoodm.com\/potato-chips-seasoning-machine\/","name":"Machine \u00e0 assaisonner les chips - \u00c9quipement industriel d'aromatisation des chips","isPartOf":{"@id":"https:\/\/www.snackfoodm.com\/#website"},"primaryImageOfPage":{"@id":"https:\/\/www.snackfoodm.com\/potato-chips-seasoning-machine\/#primaryimage"},"image":{"@id":"https:\/\/www.snackfoodm.com\/potato-chips-seasoning-machine\/#primaryimage"},"thumbnailUrl":"https:\/\/www.snackfoodm.com\/wp-content\/uploads\/2020\/10\/potato-chips-flavoring-machine.jpg","datePublished":"2020-10-07T11:58:08+00:00","dateModified":"2020-10-07T12:14:22+00:00","description":"Fabricant et fournisseur de machines \u00e0 assaisonner les chips. Machine industrielle de m\u00e9lange d'ar\u00f4mes de chips sur mesure. Des chips homog\u00e8nes et uniformes.","breadcrumb":{"@id":"https:\/\/www.snackfoodm.com\/potato-chips-seasoning-machine\/#breadcrumb"},"inLanguage":"fr-FR","potentialAction":[{"@type":"ReadAction","target":["https:\/\/www.snackfoodm.com\/potato-chips-seasoning-machine\/"]}]},{"@type":"ImageObject","inLanguage":"fr-FR","@id":"https:\/\/www.snackfoodm.com\/potato-chips-seasoning-machine\/#primaryimage","url":"https:\/\/www.snackfoodm.com\/wp-content\/uploads\/2020\/10\/potato-chips-flavoring-machine.jpg","contentUrl":"https:\/\/www.snackfoodm.com\/wp-content\/uploads\/2020\/10\/potato-chips-flavoring-machine.jpg","width":630,"height":400,"caption":"Potato Chips Seasoning Machine"},{"@type":"BreadcrumbList","@id":"https:\/\/www.snackfoodm.com\/potato-chips-seasoning-machine\/#breadcrumb","itemListElement":[{"@type":"ListItem","position":1,"name":"\u9996\u9875","item":"https:\/\/www.snackfoodm.com\/"},{"@type":"ListItem","position":2,"name":"Potato Chips Seasoning Machine"}]},{"@type":"WebSite","@id":"https:\/\/www.snackfoodm.com\/#website","url":"https:\/\/www.snackfoodm.com\/","name":"Fabricant professionnel de lignes de production de chips et de frites","description":"Solutions cl\u00e9s en main pour une ligne de production de chips et de frites","publisher":{"@id":"https:\/\/www.snackfoodm.com\/#organization"},"potentialAction":[{"@type":"SearchAction","target":{"@type":"EntryPoint","urlTemplate":"https:\/\/www.snackfoodm.com\/?s={search_term_string}"},"query-input":{"@type":"PropertyValueSpecification","valueRequired":true,"valueName":"search_term_string"}}],"inLanguage":"fr-FR"},{"@type":"Organization","@id":"https:\/\/www.snackfoodm.com\/#organization","name":"Fabricant professionnel de lignes de production de chips et de frites","url":"https:\/\/www.snackfoodm.com\/","logo":{"@type":"ImageObject","inLanguage":"fr-FR","@id":"https:\/\/www.snackfoodm.com\/#\/schema\/logo\/image\/","url":"https:\/\/www.snackfoodm.com\/wp-content\/uploads\/2020\/02\/cropped-\u65b0\u7248LOGO1-3.png","contentUrl":"https:\/\/www.snackfoodm.com\/wp-content\/uploads\/2020\/02\/cropped-\u65b0\u7248LOGO1-3.png","width":163,"height":85,"caption":"Professional Potato Chips and French Fry Process Line Manufacturer"},"image":{"@id":"https:\/\/www.snackfoodm.com\/#\/schema\/logo\/image\/"}},false]}},"yasr_visitor_votes":{"stars_attributes":{"read_only":false,"span_bottom":false},"number_of_votes":0,"sum_votes":0},"_links":{"self":[{"href":"https:\/\/www.snackfoodm.com\/fr\/wp-json\/wp\/v2\/pages\/1251","targetHints":{"allow":["GET"]}}],"collection":[{"href":"https:\/\/www.snackfoodm.com\/fr\/wp-json\/wp\/v2\/pages"}],"about":[{"href":"https:\/\/www.snackfoodm.com\/fr\/wp-json\/wp\/v2\/types\/page"}],"author":[{"embeddable":true,"href":"https:\/\/www.snackfoodm.com\/fr\/wp-json\/wp\/v2\/users\/1"}],"replies":[{"embeddable":true,"href":"https:\/\/www.snackfoodm.com\/fr\/wp-json\/wp\/v2\/comments?post=1251"}],"version-history":[{"count":4,"href":"https:\/\/www.snackfoodm.com\/fr\/wp-json\/wp\/v2\/pages\/1251\/revisions"}],"predecessor-version":[{"id":1258,"href":"https:\/\/www.snackfoodm.com\/fr\/wp-json\/wp\/v2\/pages\/1251\/revisions\/1258"}],"wp:featuredmedia":[{"embeddable":true,"href":"https:\/\/www.snackfoodm.com\/fr\/wp-json\/wp\/v2\/media\/1252"}],"wp:attachment":[{"href":"https:\/\/www.snackfoodm.com\/fr\/wp-json\/wp\/v2\/media?parent=1251"}],"curies":[{"name":"wp","href":"https:\/\/api.w.org\/{rel}","templated":true}]}}