{"id":1282,"date":"2020-10-21T19:52:48","date_gmt":"2020-10-21T11:52:48","guid":{"rendered":"https:\/\/www.snackfoodm.com\/?page_id=1282"},"modified":"2020-10-21T19:52:48","modified_gmt":"2020-10-21T11:52:48","slug":"industrial-rice-cracker-flavoring-machine","status":"publish","type":"page","link":"https:\/\/www.snackfoodm.com\/fr\/industrial-rice-cracker-flavoring-machine\/","title":{"rendered":"Machine industrielle \u00e0 aromatiser les biscuits de riz"},"content":{"rendered":"<p><strong>Machine industrielle \u00e0 aromatiser les biscuits de riz<\/strong> est con\u00e7ue pour ajouter des ar\u00f4mes aux crackers riches souffl\u00e9s finis et \u00e0 d'autres g\u00e2teaux de riz et snacks. Gr\u00e2ce \u00e0 sa conception innovante, la machine industrielle \u00e0 assaisonner les crackers riches peut garantir un assaisonnement coh\u00e9rent et uniforme. En m\u00eame temps, elle peut ajouter divers assaisonnements \u00e0 de grandes quantit\u00e9s de produits finis avec une grande efficacit\u00e9. Gr\u00e2ce \u00e0 sa vaste exp\u00e9rience et \u00e0 ses connaissances professionnelles, Gelgoog peut proposer des solutions sur mesure pour les machines de fabrication de crackers de riz afin de r\u00e9pondre aux besoins et aux exigences des clients.<\/p>\n<h2>Application des machines \u00e0 assaisonner les biscuits de riz souffl\u00e9<\/h2>\n<p>La machine industrielle \u00e0 aromatiser les biscuits au riz comprend principalement deux parties. L'une est le pulv\u00e9risateur d'huile, qui r\u00e9pand de l'huile sur les produits alimentaires finis. L'autre partie est la machine d'assaisonnement \u00e0 tambour, qui r\u00e9pand des ar\u00f4mes et des assaisonnements sur les produits finis \u00e0 l'aide d'un tambour d'assaisonnement rotatif.<br \/>\nEn ce qui concerne les mati\u00e8res premi\u00e8res, la machine \u00e0 assaisonner commerciale peut ajouter des saveurs et des assaisonnements \u00e0 une grande vari\u00e9t\u00e9 de produits alimentaires finis, tels que les crackers de riz souffl\u00e9, les snacks de g\u00e2teau de riz, le m\u00e9lange de crackers de riz, les chips de pomme de terre, les chips de banane, les grains de caf\u00e9, les cacahu\u00e8tes frites, les f\u00e8ves frites et ainsi de suite.<br \/>\n<div  class=\"lgc-column lgc-grid-parent lgc-grid-50 lgc-tablet-grid-50 lgc-mobile-grid-100 lgc-equal-heights\"><div  class=\"inside-grid-column\">\n<figure id=\"attachment_1283\" aria-describedby=\"caption-attachment-1283\" style=\"width: 620px\" class=\"wp-caption alignnone\"><img loading=\"lazy\" decoding=\"async\" class=\"size-full wp-image-1283\" src=\"https:\/\/www.snackfoodm.com\/wp-content\/uploads\/2020\/10\/small-scale-rice-crackers-machine.jpg\" alt=\"machine commerciale \u00e0 aromatiser les biscuits de riz \" width=\"630\" height=\"400\" srcset=\"https:\/\/www.snackfoodm.com\/wp-content\/uploads\/2020\/10\/small-scale-rice-crackers-machine.jpg 630w, https:\/\/www.snackfoodm.com\/wp-content\/uploads\/2020\/10\/small-scale-rice-crackers-machine-300x190.jpg 300w, https:\/\/www.snackfoodm.com\/wp-content\/uploads\/2020\/10\/small-scale-rice-crackers-machine-240x152.jpg 240w\" sizes=\"auto, (max-width: 630px) 100vw, 630px\" \/><figcaption id=\"caption-attachment-1283\" class=\"wp-caption-text\">Petit m\u00e9langeur d'ar\u00f4mes de biscuits de riz<\/figcaption><\/figure>\n<\/div><\/div><div  class=\"lgc-column lgc-grid-parent lgc-grid-50 lgc-tablet-grid-50 lgc-mobile-grid-100 lgc-equal-heights\"><div  class=\"inside-grid-column\">\n<figure id=\"attachment_1284\" aria-describedby=\"caption-attachment-1284\" style=\"width: 620px\" class=\"wp-caption alignnone\"><img loading=\"lazy\" decoding=\"async\" class=\"size-full wp-image-1284\" src=\"https:\/\/www.snackfoodm.com\/wp-content\/uploads\/2020\/10\/rice-crackers-flavoring-machine-price.jpg\" alt=\"\u00e9quipement commercial d&#039;aromatisation des crackers de riz\" width=\"630\" height=\"400\" srcset=\"https:\/\/www.snackfoodm.com\/wp-content\/uploads\/2020\/10\/rice-crackers-flavoring-machine-price.jpg 630w, https:\/\/www.snackfoodm.com\/wp-content\/uploads\/2020\/10\/rice-crackers-flavoring-machine-price-300x190.jpg 300w, https:\/\/www.snackfoodm.com\/wp-content\/uploads\/2020\/10\/rice-crackers-flavoring-machine-price-240x152.jpg 240w\" sizes=\"auto, (max-width: 630px) 100vw, 630px\" \/><figcaption id=\"caption-attachment-1284\" class=\"wp-caption-text\">Machine commerciale \u00e0 aromatiser les biscuits de riz<\/figcaption><\/figure>\n<\/div><\/div><div class=\"lgc-clear\"><\/div>\n<p style=\"text-align: center;\"><a class=\"fancybox\" href=\"#contact_form_pop\"><strong class=\"button\">Obtenir des prix<\/strong><\/a><\/p>\n<h2>Avantages de la machine \u00e0 ajouter de l'ar\u00f4me au g\u00e2teau de riz<\/h2>\n<p>1) Produits finis de qualit\u00e9. Gr\u00e2ce \u00e0 une technologie de pointe et \u00e0 une conception innovante, les machines industrielles \u00e0 aromatiser les crackers de riz peuvent assurer une aromatisation coh\u00e9rente et uniforme des crackers de riz.<br \/>\n2. conception personnalis\u00e9e. Gelgoog peut concevoir et d\u00e9velopper des machines industrielles \u00e0 aromatiser les craquelins riches en fonction des besoins et des exigences des clients.<br \/>\n3. conception compacte. Gr\u00e2ce \u00e0 sa conception compacte, le <a href=\"https:\/\/www.snackfoodm.com\/fr\/flavoring-machine\/\">machines \u00e0 assaisonner industrielles<\/a> pour les crackers de riz sont en petits caract\u00e8res et occupent moins d'espace.<br \/>\n4. un large \u00e9ventail d'applications. Hormis les crackers de riz, l'\u00e9quipement d'assaisonnement industriel peut \u00eatre utilis\u00e9 pour ajouter des ar\u00f4mes \u00e0 divers snacks, tels que les chips de pomme de terre, les chips de plantain, les arachides frites, les f\u00e8ves frites, les grains de caf\u00e9 et ainsi de suite. Cette grande polyvalence fait de la machine d'ajout d'ar\u00f4mes industrielle un excellent investissement.<br \/>\n5. structure robuste. L'ensemble de la structure de la machine \u00e0 craqueler le riz industrielle est en acier inoxydable 304. Par cons\u00e9quent, la machine d'aromatisation est durable et hygi\u00e9nique.<br \/>\n6. facile \u00e0 nettoyer. Gr\u00e2ce \u00e0 sa conception unique, la machine \u00e0 aromatiser les craquelins de riz souffl\u00e9 est facile \u00e0 nettoyer et \u00e0 entretenir.<\/p>\n\n<div class=\"wpcf7 no-js\" id=\"wpcf7-f385-o1\" lang=\"en-US\" dir=\"ltr\" data-wpcf7-id=\"385\">\n<div class=\"screen-reader-response\"><p role=\"status\" aria-live=\"polite\" aria-atomic=\"true\"><\/p> <ul><\/ul><\/div>\n<form action=\"\/fr\/wp-json\/wp\/v2\/pages\/1282#wpcf7-f385-o1\" method=\"post\" class=\"wpcf7-form init\" aria-label=\"Formulaire de contact\" novalidate=\"novalidate\" data-status=\"init\" data-trp-original-action=\"\/fr\/wp-json\/wp\/v2\/pages\/1282#wpcf7-f385-o1\">\n<fieldset class=\"hidden-fields-container\"><input type=\"hidden\" name=\"_wpcf7\" value=\"385\" \/><input type=\"hidden\" name=\"_wpcf7_version\" value=\"6.1.1\" \/><input type=\"hidden\" name=\"_wpcf7_locale\" value=\"en_US\" \/><input type=\"hidden\" name=\"_wpcf7_unit_tag\" value=\"wpcf7-f385-o1\" \/><input type=\"hidden\" name=\"_wpcf7_container_post\" value=\"0\" \/><input type=\"hidden\" name=\"_wpcf7_posted_data_hash\" value=\"\" \/>\n<\/fieldset>\n<div class=\"leave-message-blockall\">\n\t<div class=\"leave-message-block\">\n\t\t<div class=\"leave-top\">\n\t\t\t<p>Veuillez remplir le formulaire ci-dessous pour obtenir les prix.\n\t\t\t<\/p>\n\t\t<\/div>\n\t\t<div class=\"leave-name\">\n\t\t\t<div class=\"leave-name-t\">\n\t\t\t\t<p>Votre nom :\n\t\t\t\t<\/p>\n\t\t\t<\/div>\n\t\t\t<p><span class=\"wpcf7-form-control-wrap\" data-name=\"your-name\"><input size=\"40\" maxlength=\"400\" class=\"wpcf7-form-control wpcf7-text\" aria-invalid=\"false\" value=\"\" type=\"text\" name=\"your-name\" \/><\/span>\n\t\t\t<\/p>\n\t\t<\/div>\n\t\t<div class=\"leave-email\">\n\t\t\t<div class=\"leave-email-t\">\n\t\t\t\t<p>Votre adresse \u00e9lectronique (obligatoire) :\n\t\t\t\t<\/p>\n\t\t\t<\/div>\n\t\t\t<p><span class=\"wpcf7-form-control-wrap\" data-name=\"your-email\"><input size=\"40\" maxlength=\"400\" class=\"wpcf7-form-control wpcf7-email wpcf7-validates-as-required wpcf7-text wpcf7-validates-as-email\" aria-required=\"true\" aria-invalid=\"false\" value=\"\" type=\"email\" name=\"your-email\" \/><\/span>\n\t\t\t<\/p>\n\t\t<\/div>\n\t\t<div class=\"leave-tel\">\n\t\t\t<div class=\"leave-tel-t\">\n\t\t\t\t<p>Votre T\u00e9l(obligatoire) :\n\t\t\t\t<\/p>\n\t\t\t<\/div>\n\t\t\t<p><span class=\"wpcf7-form-control-wrap\" data-name=\"your-tel\"><input size=\"40\" maxlength=\"400\" class=\"wpcf7-form-control wpcf7-tel wpcf7-validates-as-required wpcf7-text wpcf7-validates-as-tel\" aria-required=\"true\" aria-invalid=\"false\" placeholder=\"Veuillez ajouter les codes de pays\" value=\"\" type=\"tel\" name=\"your-tel\" \/><\/span>\n\t\t\t<\/p>\n\t\t<\/div>\n\t\t<div class=\"leave-country\">\n\t\t\t<div class=\"leave-country-t\">\n\t\t\t\t<p>Votre pays :\n\t\t\t\t<\/p>\n\t\t\t<\/div>\n\t\t\t<p><span class=\"wpcf7-form-control-wrap\" data-name=\"your-country\"><input size=\"40\" maxlength=\"400\" class=\"wpcf7-form-control wpcf7-text\" aria-invalid=\"false\" value=\"\" type=\"text\" name=\"your-country\" \/><\/span>\n\t\t\t<\/p>\n\t\t<\/div>\n\t\t<div class=\"leave-require\">\n\t\t\t<div class=\"leave-require-t\">\n\t\t\t\t<p>Votre message (obligatoire) :\n\t\t\t\t<\/p>\n\t\t\t<\/div>\n\t\t\t<p><span class=\"wpcf7-form-control-wrap\" data-name=\"your-message\"><textarea cols=\"40\" rows=\"10\" maxlength=\"2000\" class=\"wpcf7-form-control wpcf7-textarea wpcf7-validates-as-required\" aria-required=\"true\" aria-invalid=\"false\" placeholder=\"Conseils : mati\u00e8re premi\u00e8re, produit souhait\u00e9, capacit\u00e9, \u00e9quipement auxiliaire, etc.\" name=\"your-message\"><\/textarea><\/span>\n\t\t\t<\/p>\n\t\t<\/div>\n\t\t<div class=\"leave-Send\">\n\t\t\t<p><input class=\"wpcf7-form-control wpcf7-submit has-spinner\" type=\"submit\" value=\"Envoyer\" \/>\n\t\t\t<\/p>\n\t\t<\/div>\n\t<\/div>\n<\/div><input type=\"hidden\" id=\"ct_checkjs_cf7_15de21c670ae7c3f6f3f1f37029303c9\" name=\"ct_checkjs_cf7\" value=\"0\" \/><script >setTimeout(function(){var ct_input_name = \"ct_checkjs_cf7_15de21c670ae7c3f6f3f1f37029303c9\";if (document.getElementById(ct_input_name) !== null) {var ct_input_value = document.getElementById(ct_input_name).value;document.getElementById(ct_input_name).value = document.getElementById(ct_input_name).value.replace(ct_input_value, 'dba04424690aafc408c5cb41194f71da80590051ae3ed0048d37dfc87b0d215e');}}, 1000);<\/script><input\n                    class=\"apbct_special_field apbct_email_id__wp_contact_form_7\"\n                    name=\"apbct__email_id__wp_contact_form_7\"\n                    aria-label=\"apbct__label_id__wp_contact_form_7\"\n                    type=\"text\" size=\"30\" maxlength=\"200\" autocomplete=\"off\"\n                    value=\"\"\n                \/><p style=\"display: none !important;\" class=\"akismet-fields-container\" data-prefix=\"_wpcf7_ak_\"><label>&#916;<textarea name=\"_wpcf7_ak_hp_textarea\" cols=\"45\" rows=\"8\" maxlength=\"100\"><\/textarea><\/label><input type=\"hidden\" id=\"ak_js_1\" name=\"_wpcf7_ak_js\" value=\"117\"\/><script>\ndocument.getElementById( \"ak_js_1\" ).setAttribute( \"value\", ( new Date() ).getTime() );\n<\/script>\n<\/p><div class=\"wpcf7-response-output\" aria-hidden=\"true\"><\/div>\n<input type=\"hidden\" name=\"trp-form-language\" value=\"fr\"\/><\/form>\n<\/div>\n\n<div style='text-align:left' class='yasr-auto-insert-visitor'><\/div>","protected":false},"excerpt":{"rendered":"<p>Industrial rice cracker flavoring machine is designed for adding flavours to finished puffed rich crackers and other rice cakes and snacks. With innovative design, the industrial rich cracker seasoning machine can ensure consistent and uniform seasoning. While at the same time, the commercial can add various seasons to large quantity of finished products with high &#8230; <a title=\"Machine industrielle \u00e0 aromatiser les biscuits de riz\" class=\"read-more\" href=\"https:\/\/www.snackfoodm.com\/fr\/industrial-rice-cracker-flavoring-machine\/\" aria-label=\"Plus sur Industrial Rice Cracker Flavoring Machine\">Lire plus<\/a><\/p>","protected":false},"author":1,"featured_media":0,"parent":0,"menu_order":0,"comment_status":"closed","ping_status":"closed","template":"","meta":{"generate_page_header":"","yasr_overall_rating":0,"yasr_post_is_review":"","yasr_auto_insert_disabled":"","yasr_review_type":"","footnotes":""},"class_list":["post-1282","page","type-page","status-publish"],"yoast_head":"<!-- This site is optimized with the Yoast SEO plugin v25.8 - https:\/\/yoast.com\/wordpress\/plugins\/seo\/ -->\n<title>Industrial Rice Cracker Flavoring Machine<\/title>\n<meta name=\"description\" content=\"Industrial rice cracker flavoring machine manufacturer and supplier. Ensure consistent and uniform seasoning of rice crackers. Get prices.\" \/>\n<meta name=\"robots\" content=\"index, follow, max-snippet:-1, max-image-preview:large, max-video-preview:-1\" \/>\n<link rel=\"canonical\" href=\"https:\/\/www.snackfoodm.com\/fr\/industrial-rice-cracker-flavoring-machine\/\" \/>\n<meta property=\"og:locale\" content=\"fr_FR\" \/>\n<meta property=\"og:type\" content=\"article\" \/>\n<meta property=\"og:title\" content=\"Industrial Rice Cracker Flavoring Machine\" \/>\n<meta property=\"og:description\" content=\"Industrial rice cracker flavoring machine manufacturer and supplier. Ensure consistent and uniform seasoning of rice crackers. Get prices.\" \/>\n<meta property=\"og:url\" content=\"https:\/\/www.snackfoodm.com\/fr\/industrial-rice-cracker-flavoring-machine\/\" \/>\n<meta property=\"og:site_name\" content=\"Professional Potato Chips and French Fry Process Line Manufacturer\" \/>\n<meta property=\"og:image\" content=\"https:\/\/www.snackfoodm.com\/wp-content\/uploads\/2020\/10\/small-scale-rice-crackers-machine.jpg\" \/>\n<meta name=\"twitter:card\" content=\"summary_large_image\" \/>\n<meta name=\"twitter:label1\" content=\"Dur\u00e9e de lecture estim\u00e9e\" \/>\n\t<meta name=\"twitter:data1\" content=\"2 minutes\" \/>\n<script type=\"application\/ld+json\" class=\"yoast-schema-graph\">{\"@context\":\"https:\/\/schema.org\",\"@graph\":[{\"@type\":\"WebPage\",\"@id\":\"https:\/\/www.snackfoodm.com\/industrial-rice-cracker-flavoring-machine\/\",\"url\":\"https:\/\/www.snackfoodm.com\/industrial-rice-cracker-flavoring-machine\/\",\"name\":\"Industrial Rice Cracker Flavoring Machine\",\"isPartOf\":{\"@id\":\"https:\/\/www.snackfoodm.com\/#website\"},\"primaryImageOfPage\":{\"@id\":\"https:\/\/www.snackfoodm.com\/industrial-rice-cracker-flavoring-machine\/#primaryimage\"},\"image\":{\"@id\":\"https:\/\/www.snackfoodm.com\/industrial-rice-cracker-flavoring-machine\/#primaryimage\"},\"thumbnailUrl\":\"https:\/\/www.snackfoodm.com\/wp-content\/uploads\/2020\/10\/small-scale-rice-crackers-machine.jpg\",\"datePublished\":\"2020-10-21T11:52:48+00:00\",\"description\":\"Industrial rice cracker flavoring machine manufacturer and supplier. Ensure consistent and uniform seasoning of rice crackers. Get prices.\",\"breadcrumb\":{\"@id\":\"https:\/\/www.snackfoodm.com\/industrial-rice-cracker-flavoring-machine\/#breadcrumb\"},\"inLanguage\":\"fr-FR\",\"potentialAction\":[{\"@type\":\"ReadAction\",\"target\":[\"https:\/\/www.snackfoodm.com\/industrial-rice-cracker-flavoring-machine\/\"]}]},{\"@type\":\"ImageObject\",\"inLanguage\":\"fr-FR\",\"@id\":\"https:\/\/www.snackfoodm.com\/industrial-rice-cracker-flavoring-machine\/#primaryimage\",\"url\":\"https:\/\/www.snackfoodm.com\/wp-content\/uploads\/2020\/10\/small-scale-rice-crackers-machine.jpg\",\"contentUrl\":\"https:\/\/www.snackfoodm.com\/wp-content\/uploads\/2020\/10\/small-scale-rice-crackers-machine.jpg\"},{\"@type\":\"BreadcrumbList\",\"@id\":\"https:\/\/www.snackfoodm.com\/industrial-rice-cracker-flavoring-machine\/#breadcrumb\",\"itemListElement\":[{\"@type\":\"ListItem\",\"position\":1,\"name\":\"\u9996\u9875\",\"item\":\"https:\/\/www.snackfoodm.com\/\"},{\"@type\":\"ListItem\",\"position\":2,\"name\":\"Industrial Rice Cracker Flavoring Machine\"}]},{\"@type\":\"WebSite\",\"@id\":\"https:\/\/www.snackfoodm.com\/#website\",\"url\":\"https:\/\/www.snackfoodm.com\/\",\"name\":\"Professional Potato Chips and French Fry Process Line Manufacturer\",\"description\":\"Turnkey Solutions for Chips and French Fries Production Line\",\"publisher\":{\"@id\":\"https:\/\/www.snackfoodm.com\/#organization\"},\"potentialAction\":[{\"@type\":\"SearchAction\",\"target\":{\"@type\":\"EntryPoint\",\"urlTemplate\":\"https:\/\/www.snackfoodm.com\/?s={search_term_string}\"},\"query-input\":{\"@type\":\"PropertyValueSpecification\",\"valueRequired\":true,\"valueName\":\"search_term_string\"}}],\"inLanguage\":\"fr-FR\"},{\"@type\":\"Organization\",\"@id\":\"https:\/\/www.snackfoodm.com\/#organization\",\"name\":\"Professional Potato Chips and French Fry Process Line Manufacturer\",\"url\":\"https:\/\/www.snackfoodm.com\/\",\"logo\":{\"@type\":\"ImageObject\",\"inLanguage\":\"fr-FR\",\"@id\":\"https:\/\/www.snackfoodm.com\/#\/schema\/logo\/image\/\",\"url\":\"https:\/\/www.snackfoodm.com\/wp-content\/uploads\/2020\/02\/cropped-\u65b0\u7248LOGO1-3.png\",\"contentUrl\":\"https:\/\/www.snackfoodm.com\/wp-content\/uploads\/2020\/02\/cropped-\u65b0\u7248LOGO1-3.png\",\"width\":163,\"height\":85,\"caption\":\"Professional Potato Chips and French Fry Process Line Manufacturer\"},\"image\":{\"@id\":\"https:\/\/www.snackfoodm.com\/#\/schema\/logo\/image\/\"}},false]}<\/script>\n<!-- \/ Yoast SEO plugin. -->","yoast_head_json":{"title":"Machine industrielle \u00e0 aromatiser les biscuits de riz","description":"Fabricant et fournisseur de machines \u00e0 aromatiser les craquelins de riz. Assurer un assaisonnement coh\u00e9rent et uniforme des crackers de riz. Obtenir des prix.","robots":{"index":"index","follow":"follow","max-snippet":"max-snippet:-1","max-image-preview":"max-image-preview:large","max-video-preview":"max-video-preview:-1"},"canonical":"https:\/\/www.snackfoodm.com\/fr\/industrial-rice-cracker-flavoring-machine\/","og_locale":"fr_FR","og_type":"article","og_title":"Industrial Rice Cracker Flavoring Machine","og_description":"Industrial rice cracker flavoring machine manufacturer and supplier. Ensure consistent and uniform seasoning of rice crackers. Get prices.","og_url":"https:\/\/www.snackfoodm.com\/fr\/industrial-rice-cracker-flavoring-machine\/","og_site_name":"Professional Potato Chips and French Fry Process Line Manufacturer","og_image":[{"url":"https:\/\/www.snackfoodm.com\/wp-content\/uploads\/2020\/10\/small-scale-rice-crackers-machine.jpg","type":"","width":"","height":""}],"twitter_card":"summary_large_image","twitter_misc":{"Dur\u00e9e de lecture estim\u00e9e":"2 minutes"},"schema":{"@context":"https:\/\/schema.org","@graph":[{"@type":"WebPage","@id":"https:\/\/www.snackfoodm.com\/industrial-rice-cracker-flavoring-machine\/","url":"https:\/\/www.snackfoodm.com\/industrial-rice-cracker-flavoring-machine\/","name":"Machine industrielle \u00e0 aromatiser les biscuits de riz","isPartOf":{"@id":"https:\/\/www.snackfoodm.com\/#website"},"primaryImageOfPage":{"@id":"https:\/\/www.snackfoodm.com\/industrial-rice-cracker-flavoring-machine\/#primaryimage"},"image":{"@id":"https:\/\/www.snackfoodm.com\/industrial-rice-cracker-flavoring-machine\/#primaryimage"},"thumbnailUrl":"https:\/\/www.snackfoodm.com\/wp-content\/uploads\/2020\/10\/small-scale-rice-crackers-machine.jpg","datePublished":"2020-10-21T11:52:48+00:00","description":"Fabricant et fournisseur de machines \u00e0 aromatiser les craquelins de riz. Assurer un assaisonnement coh\u00e9rent et uniforme des crackers de riz. Obtenir des prix.","breadcrumb":{"@id":"https:\/\/www.snackfoodm.com\/industrial-rice-cracker-flavoring-machine\/#breadcrumb"},"inLanguage":"fr-FR","potentialAction":[{"@type":"ReadAction","target":["https:\/\/www.snackfoodm.com\/industrial-rice-cracker-flavoring-machine\/"]}]},{"@type":"ImageObject","inLanguage":"fr-FR","@id":"https:\/\/www.snackfoodm.com\/industrial-rice-cracker-flavoring-machine\/#primaryimage","url":"https:\/\/www.snackfoodm.com\/wp-content\/uploads\/2020\/10\/small-scale-rice-crackers-machine.jpg","contentUrl":"https:\/\/www.snackfoodm.com\/wp-content\/uploads\/2020\/10\/small-scale-rice-crackers-machine.jpg"},{"@type":"BreadcrumbList","@id":"https:\/\/www.snackfoodm.com\/industrial-rice-cracker-flavoring-machine\/#breadcrumb","itemListElement":[{"@type":"ListItem","position":1,"name":"\u9996\u9875","item":"https:\/\/www.snackfoodm.com\/"},{"@type":"ListItem","position":2,"name":"Industrial Rice Cracker Flavoring Machine"}]},{"@type":"WebSite","@id":"https:\/\/www.snackfoodm.com\/#website","url":"https:\/\/www.snackfoodm.com\/","name":"Fabricant professionnel de lignes de production de chips et de frites","description":"Solutions cl\u00e9s en main pour une ligne de production de chips et de frites","publisher":{"@id":"https:\/\/www.snackfoodm.com\/#organization"},"potentialAction":[{"@type":"SearchAction","target":{"@type":"EntryPoint","urlTemplate":"https:\/\/www.snackfoodm.com\/?s={search_term_string}"},"query-input":{"@type":"PropertyValueSpecification","valueRequired":true,"valueName":"search_term_string"}}],"inLanguage":"fr-FR"},{"@type":"Organization","@id":"https:\/\/www.snackfoodm.com\/#organization","name":"Fabricant professionnel de lignes de production de chips et de frites","url":"https:\/\/www.snackfoodm.com\/","logo":{"@type":"ImageObject","inLanguage":"fr-FR","@id":"https:\/\/www.snackfoodm.com\/#\/schema\/logo\/image\/","url":"https:\/\/www.snackfoodm.com\/wp-content\/uploads\/2020\/02\/cropped-\u65b0\u7248LOGO1-3.png","contentUrl":"https:\/\/www.snackfoodm.com\/wp-content\/uploads\/2020\/02\/cropped-\u65b0\u7248LOGO1-3.png","width":163,"height":85,"caption":"Professional Potato Chips and French Fry Process Line Manufacturer"},"image":{"@id":"https:\/\/www.snackfoodm.com\/#\/schema\/logo\/image\/"}},false]}},"yasr_visitor_votes":{"stars_attributes":{"read_only":false,"span_bottom":false},"number_of_votes":0,"sum_votes":0},"_links":{"self":[{"href":"https:\/\/www.snackfoodm.com\/fr\/wp-json\/wp\/v2\/pages\/1282","targetHints":{"allow":["GET"]}}],"collection":[{"href":"https:\/\/www.snackfoodm.com\/fr\/wp-json\/wp\/v2\/pages"}],"about":[{"href":"https:\/\/www.snackfoodm.com\/fr\/wp-json\/wp\/v2\/types\/page"}],"author":[{"embeddable":true,"href":"https:\/\/www.snackfoodm.com\/fr\/wp-json\/wp\/v2\/users\/1"}],"replies":[{"embeddable":true,"href":"https:\/\/www.snackfoodm.com\/fr\/wp-json\/wp\/v2\/comments?post=1282"}],"version-history":[{"count":1,"href":"https:\/\/www.snackfoodm.com\/fr\/wp-json\/wp\/v2\/pages\/1282\/revisions"}],"predecessor-version":[{"id":1285,"href":"https:\/\/www.snackfoodm.com\/fr\/wp-json\/wp\/v2\/pages\/1282\/revisions\/1285"}],"wp:attachment":[{"href":"https:\/\/www.snackfoodm.com\/fr\/wp-json\/wp\/v2\/media?parent=1282"}],"curies":[{"name":"wp","href":"https:\/\/api.w.org\/{rel}","templated":true}]}}