{"id":1288,"date":"2020-10-23T18:52:50","date_gmt":"2020-10-23T10:52:50","guid":{"rendered":"https:\/\/www.snackfoodm.com\/?page_id=1288"},"modified":"2020-10-23T18:52:50","modified_gmt":"2020-10-23T10:52:50","slug":"industrial-pepper-washing-machine","status":"publish","type":"page","link":"https:\/\/www.snackfoodm.com\/fr\/industrial-pepper-washing-machine\/","title":{"rendered":"Machine industrielle \u00e0 laver les poivrons"},"content":{"rendered":"<p>La machine industrielle de lavage et de nettoyage de poivrons est utilis\u00e9e pour laver et nettoyer une grande vari\u00e9t\u00e9 de poivrons, comme le poivron, le piment et d'autres types de poivrons. Gr\u00e2ce \u00e0 des conceptions innovantes, la machine commerciale de lavage de poivrons peut effectuer le travail de lavage et de nettoyage de mani\u00e8re efficace et efficiente. Gelgoog peut proposer des machines de lavage et de nettoyage de poivrons sur mesure pour r\u00e9pondre aux besoins des clients.<\/p>\n<figure id=\"attachment_1289\" aria-describedby=\"caption-attachment-1289\" style=\"width: 620px\" class=\"wp-caption aligncenter\"><img loading=\"lazy\" decoding=\"async\" class=\"size-full wp-image-1289\" src=\"https:\/\/www.snackfoodm.com\/wp-content\/uploads\/2020\/10\/industrial-pepper-cleaning-machine.jpg\" alt=\"Laveuse et nettoyeuse de poivrons \u00e0 usage commercial \" width=\"630\" height=\"400\" srcset=\"https:\/\/www.snackfoodm.com\/wp-content\/uploads\/2020\/10\/industrial-pepper-cleaning-machine.jpg 630w, https:\/\/www.snackfoodm.com\/wp-content\/uploads\/2020\/10\/industrial-pepper-cleaning-machine-300x190.jpg 300w, https:\/\/www.snackfoodm.com\/wp-content\/uploads\/2020\/10\/industrial-pepper-cleaning-machine-240x152.jpg 240w\" sizes=\"auto, (max-width: 630px) 100vw, 630px\" \/><figcaption id=\"caption-attachment-1289\" class=\"wp-caption-text\">Machine industrielle \u00e0 laver les poivrons<\/figcaption><\/figure>\n<p style=\"text-align: center;\"><a class=\"fancybox\" href=\"#contact_form_pop\"><strong class=\"button\">Obtenir des prix<\/strong><\/a><\/p>\n<div class=\"fancybox-hidden\" style=\"display: none;\">\n<div id=\"contact_form_pop\">\n<div class=\"wpcf7 no-js\" id=\"wpcf7-f384-o1\" lang=\"en-US\" dir=\"ltr\" data-wpcf7-id=\"384\">\n<div class=\"screen-reader-response\"><p role=\"status\" aria-live=\"polite\" aria-atomic=\"true\"><\/p> <ul><\/ul><\/div>\n<form action=\"\/fr\/wp-json\/wp\/v2\/pages\/1288#wpcf7-f384-o1\" method=\"post\" class=\"wpcf7-form init\" aria-label=\"Formulaire de contact\" novalidate=\"novalidate\" data-status=\"init\" data-trp-original-action=\"\/fr\/wp-json\/wp\/v2\/pages\/1288#wpcf7-f384-o1\">\n<fieldset class=\"hidden-fields-container\"><input type=\"hidden\" name=\"_wpcf7\" value=\"384\" \/><input type=\"hidden\" name=\"_wpcf7_version\" value=\"6.1.1\" \/><input type=\"hidden\" name=\"_wpcf7_locale\" value=\"en_US\" \/><input type=\"hidden\" name=\"_wpcf7_unit_tag\" value=\"wpcf7-f384-o1\" \/><input type=\"hidden\" name=\"_wpcf7_container_post\" value=\"0\" \/><input type=\"hidden\" name=\"_wpcf7_posted_data_hash\" value=\"\" \/>\n<\/fieldset>\n<p>Nom :\n<\/p>\n<p><span class=\"wpcf7-form-control-wrap\" data-name=\"your-name\"><input size=\"40\" maxlength=\"400\" class=\"wpcf7-form-control wpcf7-text\" aria-invalid=\"false\" value=\"\" type=\"text\" name=\"your-name\" \/><\/span>\n<\/p>\n<p>Pays :\n<\/p>\n<p><span class=\"wpcf7-form-control-wrap\" data-name=\"your-country\"><input size=\"40\" maxlength=\"400\" class=\"wpcf7-form-control wpcf7-text\" aria-invalid=\"false\" value=\"\" type=\"text\" name=\"your-country\" \/><\/span>\n<\/p>\n<p>Courriel:*\n<\/p>\n<p><span class=\"wpcf7-form-control-wrap\" data-name=\"your-email\"><input size=\"40\" maxlength=\"400\" class=\"wpcf7-form-control wpcf7-email wpcf7-validates-as-required wpcf7-text wpcf7-validates-as-email\" aria-required=\"true\" aria-invalid=\"false\" value=\"\" type=\"email\" name=\"your-email\" \/><\/span>\n<\/p>\n<p>T\u00e9l\u00e9phone*\n<\/p>\n<p><span class=\"wpcf7-form-control-wrap\" data-name=\"your-phone\"><input size=\"40\" maxlength=\"400\" class=\"wpcf7-form-control wpcf7-text wpcf7-validates-as-required\" aria-required=\"true\" aria-invalid=\"false\" placeholder=\"Veuillez ajouter les codes de pays\" value=\"\" type=\"text\" name=\"your-phone\" \/><\/span>\n<\/p>\n<p>Message:*\n<\/p>\n<p><span class=\"wpcf7-form-control-wrap\" data-name=\"your-message\"><textarea cols=\"40\" rows=\"10\" maxlength=\"2000\" class=\"wpcf7-form-control wpcf7-textarea wpcf7-validates-as-required\" aria-required=\"true\" aria-invalid=\"false\" name=\"your-message\"><\/textarea><\/span>\n<\/p>\n<p><input class=\"wpcf7-form-control wpcf7-submit has-spinner\" type=\"submit\" value=\"Obtenir des devis\" \/>\n<\/p><input type=\"hidden\" id=\"ct_checkjs_cf7_08c5433a60135c32e34f46a71175850c\" name=\"ct_checkjs_cf7\" value=\"0\" \/><script >setTimeout(function(){var ct_input_name = \"ct_checkjs_cf7_08c5433a60135c32e34f46a71175850c\";if (document.getElementById(ct_input_name) !== null) {var ct_input_value = document.getElementById(ct_input_name).value;document.getElementById(ct_input_name).value = document.getElementById(ct_input_name).value.replace(ct_input_value, 'dba04424690aafc408c5cb41194f71da80590051ae3ed0048d37dfc87b0d215e');}}, 1000);<\/script><input\n                    class=\"apbct_special_field apbct_email_id__wp_contact_form_7\"\n                    name=\"apbct__email_id__wp_contact_form_7\"\n                    aria-label=\"apbct__label_id__wp_contact_form_7\"\n                    type=\"text\" size=\"30\" maxlength=\"200\" autocomplete=\"off\"\n                    value=\"\"\n                \/><p style=\"display: none !important;\" class=\"akismet-fields-container\" data-prefix=\"_wpcf7_ak_\"><label>&#916;<textarea name=\"_wpcf7_ak_hp_textarea\" cols=\"45\" rows=\"8\" maxlength=\"100\"><\/textarea><\/label><input type=\"hidden\" id=\"ak_js_1\" name=\"_wpcf7_ak_js\" value=\"217\"\/><script>\ndocument.getElementById( \"ak_js_1\" ).setAttribute( \"value\", ( new Date() ).getTime() );\n<\/script>\n<\/p><div class=\"wpcf7-response-output\" aria-hidden=\"true\"><\/div>\n<input type=\"hidden\" name=\"trp-form-language\" value=\"fr\"\/><\/form>\n<\/div>\n<\/div>\n<\/div>\n<h2>Principe de fonctionnement du laveur et nettoyeur de poivres<\/h2>\n<p>La machine \u00e0 laver industrielle pour poivre est \u00e9galement appel\u00e9e <a href=\"https:\/\/www.snackfoodm.com\/fr\/bubble-type-vegetable-washing-machine\/\">Laveuse de l\u00e9gumes \u00e0 bulles<\/a>. En effet, elle utilise les forces et les actions des bulles d'eau et de l'\u00e9coulement de l'eau pour laver et nettoyer les poivrons. Les dispositifs de pulv\u00e9risation d'eau de la machine \u00e0 laver les poivrons peuvent effectuer un autre cycle de lavage et de nettoyage. En outre, il existe des syst\u00e8mes efficaces de recyclage de l'eau et de filtrage des salet\u00e9s, de sorte que le nettoyeur industriel de poivrons peut laver efficacement tout en utilisant l'eau et l'\u00e9nergie de mani\u00e8re efficiente.<\/p>\n<h2>Caract\u00e9ristiques de la machine commerciale de nettoyage des poivrons<\/h2>\n<p>1) Lavage efficace. Gr\u00e2ce \u00e0 des conceptions innovantes, la machine \u00e0 laver industrielle pour poivrons peut laver et nettoyer les poivrons en douceur et efficacement.<br \/>\n2. utilisation durable de l'eau et de l'\u00e9nergie. Dot\u00e9e d'un syst\u00e8me efficace de filtrage des salet\u00e9s et de circulation de l'eau, la machine \u00e0 laver les poivrons peut laver les produits proprement tout en utilisant l'eau et l'\u00e9nergie de mani\u00e8re efficace.<br \/>\n3. mat\u00e9riaux de haute qualit\u00e9. Toute la structure de la machine industrielle \u00e0 laver les poivrons est fabriqu\u00e9e en acier inoxydable 304, de sorte que les machines \u00e0 l\u00e9gumes sont durables et hygi\u00e9niques.<br \/>\n4. conception personnalis\u00e9e. Gr\u00e2ce \u00e0 sa riche exp\u00e9rience et \u00e0 ses connaissances, Gelgoog peut concevoir et d\u00e9velopper des machines commerciales de nettoyage de poivrons pour r\u00e9pondre aux besoins et aux exigences des clients.<\/p>\n<div style='text-align:left' class='yasr-auto-insert-visitor'><\/div>","protected":false},"excerpt":{"rendered":"<p>Industrial pepper washing and cleaning machine is used for washing and cleaning a great variety of vegetable peppers, like bell pepper, chili pepper, and other types of peppers. With innovative designs, the commercial vegetable pepper washer machine can do the washing and cleaning work in an effective and efficient way. Gelgoog can offer tailor made &#8230; <a title=\"Machine industrielle \u00e0 laver les poivrons\" class=\"read-more\" href=\"https:\/\/www.snackfoodm.com\/fr\/industrial-pepper-washing-machine\/\" aria-label=\"Plus sur Industrial Pepper Washing Machine\">Lire plus<\/a><\/p>","protected":false},"author":1,"featured_media":0,"parent":0,"menu_order":0,"comment_status":"closed","ping_status":"closed","template":"","meta":{"generate_page_header":"","yasr_overall_rating":0,"yasr_post_is_review":"","yasr_auto_insert_disabled":"","yasr_review_type":"","footnotes":""},"class_list":["post-1288","page","type-page","status-publish"],"yoast_head":"<!-- This site is optimized with the Yoast SEO plugin v25.8 - https:\/\/yoast.com\/wordpress\/plugins\/seo\/ -->\n<title>Industrial Pepper Washing Machine - Commercial Pepper Washer<\/title>\n<meta name=\"description\" content=\"Industrial pepper washing and cleaning machine. Quality vegetable and fruit washer machine for vegetable pepper. Get prices now.\" \/>\n<meta name=\"robots\" content=\"index, follow, max-snippet:-1, max-image-preview:large, max-video-preview:-1\" \/>\n<link rel=\"canonical\" href=\"https:\/\/www.snackfoodm.com\/fr\/industrial-pepper-washing-machine\/\" \/>\n<meta property=\"og:locale\" content=\"fr_FR\" \/>\n<meta property=\"og:type\" content=\"article\" \/>\n<meta property=\"og:title\" content=\"Industrial Pepper Washing Machine - Commercial Pepper Washer\" \/>\n<meta property=\"og:description\" content=\"Industrial pepper washing and cleaning machine. Quality vegetable and fruit washer machine for vegetable pepper. Get prices now.\" \/>\n<meta property=\"og:url\" content=\"https:\/\/www.snackfoodm.com\/fr\/industrial-pepper-washing-machine\/\" \/>\n<meta property=\"og:site_name\" content=\"Professional Potato Chips and French Fry Process Line Manufacturer\" \/>\n<meta property=\"og:image\" content=\"https:\/\/www.snackfoodm.com\/wp-content\/uploads\/2020\/10\/industrial-pepper-cleaning-machine.jpg\" \/>\n<meta name=\"twitter:card\" content=\"summary_large_image\" \/>\n<meta name=\"twitter:label1\" content=\"Dur\u00e9e de lecture estim\u00e9e\" \/>\n\t<meta name=\"twitter:data1\" content=\"1 minute\" \/>\n<script type=\"application\/ld+json\" class=\"yoast-schema-graph\">{\"@context\":\"https:\/\/schema.org\",\"@graph\":[{\"@type\":\"WebPage\",\"@id\":\"https:\/\/www.snackfoodm.com\/industrial-pepper-washing-machine\/\",\"url\":\"https:\/\/www.snackfoodm.com\/industrial-pepper-washing-machine\/\",\"name\":\"Industrial Pepper Washing Machine - Commercial Pepper Washer\",\"isPartOf\":{\"@id\":\"https:\/\/www.snackfoodm.com\/#website\"},\"primaryImageOfPage\":{\"@id\":\"https:\/\/www.snackfoodm.com\/industrial-pepper-washing-machine\/#primaryimage\"},\"image\":{\"@id\":\"https:\/\/www.snackfoodm.com\/industrial-pepper-washing-machine\/#primaryimage\"},\"thumbnailUrl\":\"https:\/\/www.snackfoodm.com\/wp-content\/uploads\/2020\/10\/industrial-pepper-cleaning-machine.jpg\",\"datePublished\":\"2020-10-23T10:52:50+00:00\",\"description\":\"Industrial pepper washing and cleaning machine. Quality vegetable and fruit washer machine for vegetable pepper. Get prices now.\",\"breadcrumb\":{\"@id\":\"https:\/\/www.snackfoodm.com\/industrial-pepper-washing-machine\/#breadcrumb\"},\"inLanguage\":\"fr-FR\",\"potentialAction\":[{\"@type\":\"ReadAction\",\"target\":[\"https:\/\/www.snackfoodm.com\/industrial-pepper-washing-machine\/\"]}]},{\"@type\":\"ImageObject\",\"inLanguage\":\"fr-FR\",\"@id\":\"https:\/\/www.snackfoodm.com\/industrial-pepper-washing-machine\/#primaryimage\",\"url\":\"https:\/\/www.snackfoodm.com\/wp-content\/uploads\/2020\/10\/industrial-pepper-cleaning-machine.jpg\",\"contentUrl\":\"https:\/\/www.snackfoodm.com\/wp-content\/uploads\/2020\/10\/industrial-pepper-cleaning-machine.jpg\"},{\"@type\":\"BreadcrumbList\",\"@id\":\"https:\/\/www.snackfoodm.com\/industrial-pepper-washing-machine\/#breadcrumb\",\"itemListElement\":[{\"@type\":\"ListItem\",\"position\":1,\"name\":\"\u9996\u9875\",\"item\":\"https:\/\/www.snackfoodm.com\/\"},{\"@type\":\"ListItem\",\"position\":2,\"name\":\"Industrial Pepper Washing Machine\"}]},{\"@type\":\"WebSite\",\"@id\":\"https:\/\/www.snackfoodm.com\/#website\",\"url\":\"https:\/\/www.snackfoodm.com\/\",\"name\":\"Professional Potato Chips and French Fry Process Line Manufacturer\",\"description\":\"Turnkey Solutions for Chips and French Fries Production Line\",\"publisher\":{\"@id\":\"https:\/\/www.snackfoodm.com\/#organization\"},\"potentialAction\":[{\"@type\":\"SearchAction\",\"target\":{\"@type\":\"EntryPoint\",\"urlTemplate\":\"https:\/\/www.snackfoodm.com\/?s={search_term_string}\"},\"query-input\":{\"@type\":\"PropertyValueSpecification\",\"valueRequired\":true,\"valueName\":\"search_term_string\"}}],\"inLanguage\":\"fr-FR\"},{\"@type\":\"Organization\",\"@id\":\"https:\/\/www.snackfoodm.com\/#organization\",\"name\":\"Professional Potato Chips and French Fry Process Line Manufacturer\",\"url\":\"https:\/\/www.snackfoodm.com\/\",\"logo\":{\"@type\":\"ImageObject\",\"inLanguage\":\"fr-FR\",\"@id\":\"https:\/\/www.snackfoodm.com\/#\/schema\/logo\/image\/\",\"url\":\"https:\/\/www.snackfoodm.com\/wp-content\/uploads\/2020\/02\/cropped-\u65b0\u7248LOGO1-3.png\",\"contentUrl\":\"https:\/\/www.snackfoodm.com\/wp-content\/uploads\/2020\/02\/cropped-\u65b0\u7248LOGO1-3.png\",\"width\":163,\"height\":85,\"caption\":\"Professional Potato Chips and French Fry Process Line Manufacturer\"},\"image\":{\"@id\":\"https:\/\/www.snackfoodm.com\/#\/schema\/logo\/image\/\"}},false]}<\/script>\n<!-- \/ Yoast SEO plugin. -->","yoast_head_json":{"title":"Laveuse de poivre industrielle - Laveuse de poivre commerciale","description":"Machine industrielle de lavage et de nettoyage de poivrons. Machine \u00e0 laver les l\u00e9gumes et les fruits de qualit\u00e9 pour les poivrons. Obtenir les prix maintenant.","robots":{"index":"index","follow":"follow","max-snippet":"max-snippet:-1","max-image-preview":"max-image-preview:large","max-video-preview":"max-video-preview:-1"},"canonical":"https:\/\/www.snackfoodm.com\/fr\/industrial-pepper-washing-machine\/","og_locale":"fr_FR","og_type":"article","og_title":"Industrial Pepper Washing Machine - Commercial Pepper Washer","og_description":"Industrial pepper washing and cleaning machine. Quality vegetable and fruit washer machine for vegetable pepper. Get prices now.","og_url":"https:\/\/www.snackfoodm.com\/fr\/industrial-pepper-washing-machine\/","og_site_name":"Professional Potato Chips and French Fry Process Line Manufacturer","og_image":[{"url":"https:\/\/www.snackfoodm.com\/wp-content\/uploads\/2020\/10\/industrial-pepper-cleaning-machine.jpg","type":"","width":"","height":""}],"twitter_card":"summary_large_image","twitter_misc":{"Dur\u00e9e de lecture estim\u00e9e":"1 minute"},"schema":{"@context":"https:\/\/schema.org","@graph":[{"@type":"WebPage","@id":"https:\/\/www.snackfoodm.com\/industrial-pepper-washing-machine\/","url":"https:\/\/www.snackfoodm.com\/industrial-pepper-washing-machine\/","name":"Laveuse de poivre industrielle - Laveuse de poivre commerciale","isPartOf":{"@id":"https:\/\/www.snackfoodm.com\/#website"},"primaryImageOfPage":{"@id":"https:\/\/www.snackfoodm.com\/industrial-pepper-washing-machine\/#primaryimage"},"image":{"@id":"https:\/\/www.snackfoodm.com\/industrial-pepper-washing-machine\/#primaryimage"},"thumbnailUrl":"https:\/\/www.snackfoodm.com\/wp-content\/uploads\/2020\/10\/industrial-pepper-cleaning-machine.jpg","datePublished":"2020-10-23T10:52:50+00:00","description":"Machine industrielle de lavage et de nettoyage de poivrons. Machine \u00e0 laver les l\u00e9gumes et les fruits de qualit\u00e9 pour les poivrons. Obtenir les prix maintenant.","breadcrumb":{"@id":"https:\/\/www.snackfoodm.com\/industrial-pepper-washing-machine\/#breadcrumb"},"inLanguage":"fr-FR","potentialAction":[{"@type":"ReadAction","target":["https:\/\/www.snackfoodm.com\/industrial-pepper-washing-machine\/"]}]},{"@type":"ImageObject","inLanguage":"fr-FR","@id":"https:\/\/www.snackfoodm.com\/industrial-pepper-washing-machine\/#primaryimage","url":"https:\/\/www.snackfoodm.com\/wp-content\/uploads\/2020\/10\/industrial-pepper-cleaning-machine.jpg","contentUrl":"https:\/\/www.snackfoodm.com\/wp-content\/uploads\/2020\/10\/industrial-pepper-cleaning-machine.jpg"},{"@type":"BreadcrumbList","@id":"https:\/\/www.snackfoodm.com\/industrial-pepper-washing-machine\/#breadcrumb","itemListElement":[{"@type":"ListItem","position":1,"name":"\u9996\u9875","item":"https:\/\/www.snackfoodm.com\/"},{"@type":"ListItem","position":2,"name":"Industrial Pepper Washing Machine"}]},{"@type":"WebSite","@id":"https:\/\/www.snackfoodm.com\/#website","url":"https:\/\/www.snackfoodm.com\/","name":"Fabricant professionnel de lignes de production de chips et de frites","description":"Solutions cl\u00e9s en main pour une ligne de production de chips et de frites","publisher":{"@id":"https:\/\/www.snackfoodm.com\/#organization"},"potentialAction":[{"@type":"SearchAction","target":{"@type":"EntryPoint","urlTemplate":"https:\/\/www.snackfoodm.com\/?s={search_term_string}"},"query-input":{"@type":"PropertyValueSpecification","valueRequired":true,"valueName":"search_term_string"}}],"inLanguage":"fr-FR"},{"@type":"Organization","@id":"https:\/\/www.snackfoodm.com\/#organization","name":"Fabricant professionnel de lignes de production de chips et de frites","url":"https:\/\/www.snackfoodm.com\/","logo":{"@type":"ImageObject","inLanguage":"fr-FR","@id":"https:\/\/www.snackfoodm.com\/#\/schema\/logo\/image\/","url":"https:\/\/www.snackfoodm.com\/wp-content\/uploads\/2020\/02\/cropped-\u65b0\u7248LOGO1-3.png","contentUrl":"https:\/\/www.snackfoodm.com\/wp-content\/uploads\/2020\/02\/cropped-\u65b0\u7248LOGO1-3.png","width":163,"height":85,"caption":"Professional Potato Chips and French Fry Process Line Manufacturer"},"image":{"@id":"https:\/\/www.snackfoodm.com\/#\/schema\/logo\/image\/"}},false]}},"yasr_visitor_votes":{"stars_attributes":{"read_only":false,"span_bottom":false},"number_of_votes":0,"sum_votes":0},"_links":{"self":[{"href":"https:\/\/www.snackfoodm.com\/fr\/wp-json\/wp\/v2\/pages\/1288","targetHints":{"allow":["GET"]}}],"collection":[{"href":"https:\/\/www.snackfoodm.com\/fr\/wp-json\/wp\/v2\/pages"}],"about":[{"href":"https:\/\/www.snackfoodm.com\/fr\/wp-json\/wp\/v2\/types\/page"}],"author":[{"embeddable":true,"href":"https:\/\/www.snackfoodm.com\/fr\/wp-json\/wp\/v2\/users\/1"}],"replies":[{"embeddable":true,"href":"https:\/\/www.snackfoodm.com\/fr\/wp-json\/wp\/v2\/comments?post=1288"}],"version-history":[{"count":1,"href":"https:\/\/www.snackfoodm.com\/fr\/wp-json\/wp\/v2\/pages\/1288\/revisions"}],"predecessor-version":[{"id":1290,"href":"https:\/\/www.snackfoodm.com\/fr\/wp-json\/wp\/v2\/pages\/1288\/revisions\/1290"}],"wp:attachment":[{"href":"https:\/\/www.snackfoodm.com\/fr\/wp-json\/wp\/v2\/media?parent=1288"}],"curies":[{"name":"wp","href":"https:\/\/api.w.org\/{rel}","templated":true}]}}