{"id":1292,"date":"2020-10-26T11:04:52","date_gmt":"2020-10-26T03:04:52","guid":{"rendered":"https:\/\/www.snackfoodm.com\/?page_id=1292"},"modified":"2020-10-26T11:14:24","modified_gmt":"2020-10-26T03:14:24","slug":"industrial-moringa-leaves-washing-machine","status":"publish","type":"page","link":"https:\/\/www.snackfoodm.com\/fr\/industrial-moringa-leaves-washing-machine\/","title":{"rendered":"Machine \u00e0 laver industrielle pour les feuilles de Moringa"},"content":{"rendered":"<p><strong>Machine \u00e0 laver industrielle pour les feuilles de moringa<\/strong> est con\u00e7u pour laver et nettoyer les feuilles de moringa. Il est principalement utilis\u00e9 dans la cha\u00eene de production de poudre de feuilles de moringa. Le lavage et le nettoyage des feuilles de moringa constituent la premi\u00e8re \u00e9tape du traitement. Gr\u00e2ce \u00e0 sa grande exp\u00e9rience et \u00e0 ses connaissances professionnelles, Gelgoog peut concevoir et d\u00e9velopper des machines industrielles de lavage et de nettoyage de feuilles de moringa sur mesure pour r\u00e9pondre aux besoins et aux exigences des clients.<\/p>\n<figure id=\"attachment_1293\" aria-describedby=\"caption-attachment-1293\" style=\"width: 620px\" class=\"wp-caption aligncenter\"><img loading=\"lazy\" decoding=\"async\" class=\"size-full wp-image-1293\" src=\"https:\/\/www.snackfoodm.com\/wp-content\/uploads\/2020\/10\/industrial-moringa-leaf-washer-machine.jpg\" alt=\"fournisseur de machines \u00e0 laver industrielles pour les feuilles de moringa\" width=\"630\" height=\"400\" srcset=\"https:\/\/www.snackfoodm.com\/wp-content\/uploads\/2020\/10\/industrial-moringa-leaf-washer-machine.jpg 630w, https:\/\/www.snackfoodm.com\/wp-content\/uploads\/2020\/10\/industrial-moringa-leaf-washer-machine-300x190.jpg 300w, https:\/\/www.snackfoodm.com\/wp-content\/uploads\/2020\/10\/industrial-moringa-leaf-washer-machine-240x152.jpg 240w\" sizes=\"auto, (max-width: 630px) 100vw, 630px\" \/><figcaption id=\"caption-attachment-1293\" class=\"wp-caption-text\">Laveuse industrielle de feuilles de Moringa<\/figcaption><\/figure>\n<p style=\"text-align: center;\"><a class=\"fancybox\" href=\"#contact_form_pop\"><strong class=\"button\">Obtenir des prix<\/strong><\/a><\/p>\n<div class=\"fancybox-hidden\" style=\"display: none;\">\n<div id=\"contact_form_pop\">\n<div class=\"wpcf7 no-js\" id=\"wpcf7-f384-o1\" lang=\"en-US\" dir=\"ltr\" data-wpcf7-id=\"384\">\n<div class=\"screen-reader-response\"><p role=\"status\" aria-live=\"polite\" aria-atomic=\"true\"><\/p> <ul><\/ul><\/div>\n<form action=\"\/fr\/wp-json\/wp\/v2\/pages\/1292#wpcf7-f384-o1\" method=\"post\" class=\"wpcf7-form init\" aria-label=\"Formulaire de contact\" novalidate=\"novalidate\" data-status=\"init\" data-trp-original-action=\"\/fr\/wp-json\/wp\/v2\/pages\/1292#wpcf7-f384-o1\">\n<fieldset class=\"hidden-fields-container\"><input type=\"hidden\" name=\"_wpcf7\" value=\"384\" \/><input type=\"hidden\" name=\"_wpcf7_version\" value=\"6.1.1\" \/><input type=\"hidden\" name=\"_wpcf7_locale\" value=\"en_US\" \/><input type=\"hidden\" name=\"_wpcf7_unit_tag\" value=\"wpcf7-f384-o1\" \/><input type=\"hidden\" name=\"_wpcf7_container_post\" value=\"0\" \/><input type=\"hidden\" name=\"_wpcf7_posted_data_hash\" value=\"\" \/>\n<\/fieldset>\n<p>Nom :\n<\/p>\n<p><span class=\"wpcf7-form-control-wrap\" data-name=\"your-name\"><input size=\"40\" maxlength=\"400\" class=\"wpcf7-form-control wpcf7-text\" aria-invalid=\"false\" value=\"\" type=\"text\" name=\"your-name\" \/><\/span>\n<\/p>\n<p>Pays :\n<\/p>\n<p><span class=\"wpcf7-form-control-wrap\" data-name=\"your-country\"><input size=\"40\" maxlength=\"400\" class=\"wpcf7-form-control wpcf7-text\" aria-invalid=\"false\" value=\"\" type=\"text\" name=\"your-country\" \/><\/span>\n<\/p>\n<p>Courriel:*\n<\/p>\n<p><span class=\"wpcf7-form-control-wrap\" data-name=\"your-email\"><input size=\"40\" maxlength=\"400\" class=\"wpcf7-form-control wpcf7-email wpcf7-validates-as-required wpcf7-text wpcf7-validates-as-email\" aria-required=\"true\" aria-invalid=\"false\" value=\"\" type=\"email\" name=\"your-email\" \/><\/span>\n<\/p>\n<p>T\u00e9l\u00e9phone*\n<\/p>\n<p><span class=\"wpcf7-form-control-wrap\" data-name=\"your-phone\"><input size=\"40\" maxlength=\"400\" class=\"wpcf7-form-control wpcf7-text wpcf7-validates-as-required\" aria-required=\"true\" aria-invalid=\"false\" placeholder=\"Veuillez ajouter les codes de pays\" value=\"\" type=\"text\" name=\"your-phone\" \/><\/span>\n<\/p>\n<p>Message:*\n<\/p>\n<p><span class=\"wpcf7-form-control-wrap\" data-name=\"your-message\"><textarea cols=\"40\" rows=\"10\" maxlength=\"2000\" class=\"wpcf7-form-control wpcf7-textarea wpcf7-validates-as-required\" aria-required=\"true\" aria-invalid=\"false\" name=\"your-message\"><\/textarea><\/span>\n<\/p>\n<p><input class=\"wpcf7-form-control wpcf7-submit has-spinner\" type=\"submit\" value=\"Obtenir des devis\" \/>\n<\/p><input type=\"hidden\" id=\"ct_checkjs_cf7_15de21c670ae7c3f6f3f1f37029303c9\" name=\"ct_checkjs_cf7\" value=\"0\" \/><script >setTimeout(function(){var ct_input_name = \"ct_checkjs_cf7_15de21c670ae7c3f6f3f1f37029303c9\";if (document.getElementById(ct_input_name) !== null) {var ct_input_value = document.getElementById(ct_input_name).value;document.getElementById(ct_input_name).value = document.getElementById(ct_input_name).value.replace(ct_input_value, 'dba04424690aafc408c5cb41194f71da80590051ae3ed0048d37dfc87b0d215e');}}, 1000);<\/script><input\n                    class=\"apbct_special_field apbct_email_id__wp_contact_form_7\"\n                    name=\"apbct__email_id__wp_contact_form_7\"\n                    aria-label=\"apbct__label_id__wp_contact_form_7\"\n                    type=\"text\" size=\"30\" maxlength=\"200\" autocomplete=\"off\"\n                    value=\"\"\n                \/><p style=\"display: none !important;\" class=\"akismet-fields-container\" data-prefix=\"_wpcf7_ak_\"><label>&#916;<textarea name=\"_wpcf7_ak_hp_textarea\" cols=\"45\" rows=\"8\" maxlength=\"100\"><\/textarea><\/label><input type=\"hidden\" id=\"ak_js_1\" name=\"_wpcf7_ak_js\" value=\"51\"\/><script>\ndocument.getElementById( \"ak_js_1\" ).setAttribute( \"value\", ( new Date() ).getTime() );\n<\/script>\n<\/p><div class=\"wpcf7-response-output\" aria-hidden=\"true\"><\/div>\n<input type=\"hidden\" name=\"trp-form-language\" value=\"fr\"\/><\/form>\n<\/div>\n<\/div>\n<\/div>\n<h2>Proc\u00e9d\u00e9s de fabrication de la poudre de feuilles de Moringa<\/h2>\n<p>La poudre de feuilles de moringa est tr\u00e8s nutritive et peut \u00eatre utilis\u00e9e comme compl\u00e9ment m\u00e9dicinal. Les proc\u00e9d\u00e9s de fabrication de la poudre de feuilles de moringa sont les suivants :<br \/>\nLavage - d\u00e9shydratation - s\u00e9chage - broyage - pesage et emballage<br \/>\nPour fabriquer des comprim\u00e9s de feuilles de moringa, il faut ajouter une machine \u00e0 comprimer apr\u00e8s la machine \u00e0 broyer.<\/p>\n<h2>Caract\u00e9ristiques de la machine \u00e0 laver commerciale pour feuilles de Moringa<\/h2>\n<p>1. conception sur mesure. Gelgoog peut proposer des machines \u00e0 laver industrielles de feuilles de moringa sur mesure en fonction des besoins et des exigences des clients.<br \/>\n2. structure robuste. Toute la structure de la machine industrielle de nettoyage de moringa est fabriqu\u00e9e en acier inoxydable 304 pour assurer la durabilit\u00e9 de la machine et l'hygi\u00e8ne des produits.<br \/>\n3. lavage efficace. Notre machine \u00e0 laver les l\u00e9gumes lave et nettoie les feuilles de moringa en douceur gr\u00e2ce \u00e0 la force de l'\u00e9coulement de l'eau. Gr\u00e2ce \u00e0 un syst\u00e8me de filtrage innovant, la machine \u00e0 laver les feuilles de moringa peut retenir les mati\u00e8res \u00e9trang\u00e8res de mani\u00e8re efficace.<br \/>\n4. une grande polyvalence. En effet, \u00e0 l'exception des feuilles de moringa, les <a href=\"https:\/\/www.snackfoodm.com\/fr\/industrial-vegetable-washing-machine\/\">machines industrielles \u00e0 laver les l\u00e9gumes<\/a> peut \u00e9galement \u00eatre utilis\u00e9 pour laver et nettoyer une grande vari\u00e9t\u00e9 de l\u00e9gumes, de fruits, de feuilles d'herbes, etc.<br \/>\n\n<div class=\"wpcf7 no-js\" id=\"wpcf7-f385-o2\" lang=\"en-US\" dir=\"ltr\" data-wpcf7-id=\"385\">\n<div class=\"screen-reader-response\"><p role=\"status\" aria-live=\"polite\" aria-atomic=\"true\"><\/p> <ul><\/ul><\/div>\n<form action=\"\/fr\/wp-json\/wp\/v2\/pages\/1292#wpcf7-f385-o2\" method=\"post\" class=\"wpcf7-form init\" aria-label=\"Formulaire de contact\" novalidate=\"novalidate\" data-status=\"init\" data-trp-original-action=\"\/fr\/wp-json\/wp\/v2\/pages\/1292#wpcf7-f385-o2\">\n<fieldset class=\"hidden-fields-container\"><input type=\"hidden\" name=\"_wpcf7\" value=\"385\" \/><input type=\"hidden\" name=\"_wpcf7_version\" value=\"6.1.1\" \/><input type=\"hidden\" name=\"_wpcf7_locale\" value=\"en_US\" \/><input type=\"hidden\" name=\"_wpcf7_unit_tag\" value=\"wpcf7-f385-o2\" \/><input type=\"hidden\" name=\"_wpcf7_container_post\" value=\"0\" \/><input type=\"hidden\" name=\"_wpcf7_posted_data_hash\" value=\"\" \/>\n<\/fieldset>\n<div class=\"leave-message-blockall\">\n\t<div class=\"leave-message-block\">\n\t\t<div class=\"leave-top\">\n\t\t\t<p>Veuillez remplir le formulaire ci-dessous pour obtenir les prix.\n\t\t\t<\/p>\n\t\t<\/div>\n\t\t<div class=\"leave-name\">\n\t\t\t<div class=\"leave-name-t\">\n\t\t\t\t<p>Votre nom :\n\t\t\t\t<\/p>\n\t\t\t<\/div>\n\t\t\t<p><span class=\"wpcf7-form-control-wrap\" data-name=\"your-name\"><input size=\"40\" maxlength=\"400\" class=\"wpcf7-form-control wpcf7-text\" aria-invalid=\"false\" value=\"\" type=\"text\" name=\"your-name\" \/><\/span>\n\t\t\t<\/p>\n\t\t<\/div>\n\t\t<div class=\"leave-email\">\n\t\t\t<div class=\"leave-email-t\">\n\t\t\t\t<p>Votre adresse \u00e9lectronique (obligatoire) :\n\t\t\t\t<\/p>\n\t\t\t<\/div>\n\t\t\t<p><span class=\"wpcf7-form-control-wrap\" data-name=\"your-email\"><input size=\"40\" maxlength=\"400\" class=\"wpcf7-form-control wpcf7-email wpcf7-validates-as-required wpcf7-text wpcf7-validates-as-email\" aria-required=\"true\" aria-invalid=\"false\" value=\"\" type=\"email\" name=\"your-email\" \/><\/span>\n\t\t\t<\/p>\n\t\t<\/div>\n\t\t<div class=\"leave-tel\">\n\t\t\t<div class=\"leave-tel-t\">\n\t\t\t\t<p>Votre T\u00e9l(obligatoire) :\n\t\t\t\t<\/p>\n\t\t\t<\/div>\n\t\t\t<p><span class=\"wpcf7-form-control-wrap\" data-name=\"your-tel\"><input size=\"40\" maxlength=\"400\" class=\"wpcf7-form-control wpcf7-tel wpcf7-validates-as-required wpcf7-text wpcf7-validates-as-tel\" aria-required=\"true\" aria-invalid=\"false\" placeholder=\"Veuillez ajouter les codes de pays\" value=\"\" type=\"tel\" name=\"your-tel\" \/><\/span>\n\t\t\t<\/p>\n\t\t<\/div>\n\t\t<div class=\"leave-country\">\n\t\t\t<div class=\"leave-country-t\">\n\t\t\t\t<p>Votre pays :\n\t\t\t\t<\/p>\n\t\t\t<\/div>\n\t\t\t<p><span class=\"wpcf7-form-control-wrap\" data-name=\"your-country\"><input size=\"40\" maxlength=\"400\" class=\"wpcf7-form-control wpcf7-text\" aria-invalid=\"false\" value=\"\" type=\"text\" name=\"your-country\" \/><\/span>\n\t\t\t<\/p>\n\t\t<\/div>\n\t\t<div class=\"leave-require\">\n\t\t\t<div class=\"leave-require-t\">\n\t\t\t\t<p>Votre message (obligatoire) :\n\t\t\t\t<\/p>\n\t\t\t<\/div>\n\t\t\t<p><span class=\"wpcf7-form-control-wrap\" data-name=\"your-message\"><textarea cols=\"40\" rows=\"10\" maxlength=\"2000\" class=\"wpcf7-form-control wpcf7-textarea wpcf7-validates-as-required\" aria-required=\"true\" aria-invalid=\"false\" placeholder=\"Conseils : mati\u00e8re premi\u00e8re, produit souhait\u00e9, capacit\u00e9, \u00e9quipement auxiliaire, etc.\" name=\"your-message\"><\/textarea><\/span>\n\t\t\t<\/p>\n\t\t<\/div>\n\t\t<div class=\"leave-Send\">\n\t\t\t<p><input class=\"wpcf7-form-control wpcf7-submit has-spinner\" type=\"submit\" value=\"Envoyer\" \/>\n\t\t\t<\/p>\n\t\t<\/div>\n\t<\/div>\n<\/div><input type=\"hidden\" id=\"ct_checkjs_cf7_555d6702c950ecb729a966504af0a635\" name=\"ct_checkjs_cf7\" value=\"0\" \/><script >setTimeout(function(){var ct_input_name = \"ct_checkjs_cf7_555d6702c950ecb729a966504af0a635\";if (document.getElementById(ct_input_name) !== null) {var ct_input_value = document.getElementById(ct_input_name).value;document.getElementById(ct_input_name).value = document.getElementById(ct_input_name).value.replace(ct_input_value, 'dba04424690aafc408c5cb41194f71da80590051ae3ed0048d37dfc87b0d215e');}}, 1000);<\/script><input\n                    class=\"apbct_special_field apbct_email_id__wp_contact_form_7\"\n                    name=\"apbct__email_id__wp_contact_form_7\"\n                    aria-label=\"apbct__label_id__wp_contact_form_7\"\n                    type=\"text\" size=\"30\" maxlength=\"200\" autocomplete=\"off\"\n                    value=\"\"\n                \/><p style=\"display: none !important;\" class=\"akismet-fields-container\" data-prefix=\"_wpcf7_ak_\"><label>&#916;<textarea name=\"_wpcf7_ak_hp_textarea\" cols=\"45\" rows=\"8\" maxlength=\"100\"><\/textarea><\/label><input type=\"hidden\" id=\"ak_js_2\" name=\"_wpcf7_ak_js\" value=\"22\"\/><script>\ndocument.getElementById( \"ak_js_2\" ).setAttribute( \"value\", ( new Date() ).getTime() );\n<\/script>\n<\/p><div class=\"wpcf7-response-output\" aria-hidden=\"true\"><\/div>\n<input type=\"hidden\" name=\"trp-form-language\" value=\"fr\"\/><\/form>\n<\/div>\n\n<div style='text-align:left' class='yasr-auto-insert-visitor'><\/div>","protected":false},"excerpt":{"rendered":"<p>Industrial moringa leaves washing machine is designed for washing and cleaning moringa leaves. And it is mainly used in moringa leaves powder process line. For washing and cleaning maringa leaves is the first step of processing. Thanks to extensive experience and professional knowledge, Gelgoog can design and develop tailored industrial moringa leaf washer and cleaner &#8230; <a title=\"Machine \u00e0 laver industrielle pour les feuilles de Moringa\" class=\"read-more\" href=\"https:\/\/www.snackfoodm.com\/fr\/industrial-moringa-leaves-washing-machine\/\" aria-label=\"Plus sur Industrial Moringa Leaves Washing Machine\">Lire plus<\/a><\/p>","protected":false},"author":1,"featured_media":1293,"parent":0,"menu_order":0,"comment_status":"closed","ping_status":"closed","template":"","meta":{"generate_page_header":"","yasr_overall_rating":0,"yasr_post_is_review":"","yasr_auto_insert_disabled":"","yasr_review_type":"","footnotes":""},"class_list":["post-1292","page","type-page","status-publish","has-post-thumbnail"],"yoast_head":"<!-- This site is optimized with the Yoast SEO plugin v25.8 - https:\/\/yoast.com\/wordpress\/plugins\/seo\/ -->\n<title>Industrial Moringa Leaves Washing Machine - Commercial Herb Washer<\/title>\n<meta name=\"description\" content=\"Industrial moringa leaves washing and cleaning machine manufacturer and supplier. Wash and clean moringa leaf effectively and efficiently.\" \/>\n<meta name=\"robots\" content=\"index, follow, max-snippet:-1, max-image-preview:large, max-video-preview:-1\" \/>\n<link rel=\"canonical\" href=\"http:\/\/www.snackfoodm.com\/fr\/industrial-moringa-leaves-washing-machine\/\" \/>\n<meta property=\"og:locale\" content=\"fr_FR\" \/>\n<meta property=\"og:type\" content=\"article\" \/>\n<meta property=\"og:title\" content=\"Industrial Moringa Leaves Washing Machine - Commercial Herb Washer\" \/>\n<meta property=\"og:description\" content=\"Industrial moringa leaves washing and cleaning machine manufacturer and supplier. Wash and clean moringa leaf effectively and efficiently.\" \/>\n<meta property=\"og:url\" content=\"http:\/\/www.snackfoodm.com\/fr\/industrial-moringa-leaves-washing-machine\/\" \/>\n<meta property=\"og:site_name\" content=\"Professional Potato Chips and French Fry Process Line Manufacturer\" \/>\n<meta property=\"article:modified_time\" content=\"2020-10-26T03:14:24+00:00\" \/>\n<meta property=\"og:image\" content=\"https:\/\/www.snackfoodm.com\/wp-content\/uploads\/2020\/10\/industrial-moringa-leaf-washer-machine.jpg\" \/>\n\t<meta property=\"og:image:width\" content=\"630\" \/>\n\t<meta property=\"og:image:height\" content=\"400\" \/>\n\t<meta property=\"og:image:type\" content=\"image\/jpeg\" \/>\n<meta name=\"twitter:card\" content=\"summary_large_image\" \/>\n<meta name=\"twitter:label1\" content=\"Dur\u00e9e de lecture estim\u00e9e\" \/>\n\t<meta name=\"twitter:data1\" content=\"1 minute\" \/>\n<script type=\"application\/ld+json\" class=\"yoast-schema-graph\">{\"@context\":\"https:\/\/schema.org\",\"@graph\":[{\"@type\":\"WebPage\",\"@id\":\"http:\/\/www.snackfoodm.com\/fr\/industrial-moringa-leaves-washing-machine\/\",\"url\":\"http:\/\/www.snackfoodm.com\/fr\/industrial-moringa-leaves-washing-machine\/\",\"name\":\"Industrial Moringa Leaves Washing Machine - Commercial Herb Washer\",\"isPartOf\":{\"@id\":\"https:\/\/www.snackfoodm.com\/#website\"},\"primaryImageOfPage\":{\"@id\":\"http:\/\/www.snackfoodm.com\/fr\/industrial-moringa-leaves-washing-machine\/#primaryimage\"},\"image\":{\"@id\":\"http:\/\/www.snackfoodm.com\/fr\/industrial-moringa-leaves-washing-machine\/#primaryimage\"},\"thumbnailUrl\":\"https:\/\/www.snackfoodm.com\/wp-content\/uploads\/2020\/10\/industrial-moringa-leaf-washer-machine.jpg\",\"datePublished\":\"2020-10-26T03:04:52+00:00\",\"dateModified\":\"2020-10-26T03:14:24+00:00\",\"description\":\"Industrial moringa leaves washing and cleaning machine manufacturer and supplier. Wash and clean moringa leaf effectively and efficiently.\",\"breadcrumb\":{\"@id\":\"http:\/\/www.snackfoodm.com\/fr\/industrial-moringa-leaves-washing-machine\/#breadcrumb\"},\"inLanguage\":\"fr-FR\",\"potentialAction\":[{\"@type\":\"ReadAction\",\"target\":[\"http:\/\/www.snackfoodm.com\/fr\/industrial-moringa-leaves-washing-machine\/\"]}]},{\"@type\":\"ImageObject\",\"inLanguage\":\"fr-FR\",\"@id\":\"http:\/\/www.snackfoodm.com\/fr\/industrial-moringa-leaves-washing-machine\/#primaryimage\",\"url\":\"https:\/\/www.snackfoodm.com\/wp-content\/uploads\/2020\/10\/industrial-moringa-leaf-washer-machine.jpg\",\"contentUrl\":\"https:\/\/www.snackfoodm.com\/wp-content\/uploads\/2020\/10\/industrial-moringa-leaf-washer-machine.jpg\",\"width\":630,\"height\":400,\"caption\":\"Industrial Moringa Leaves Washer\"},{\"@type\":\"BreadcrumbList\",\"@id\":\"http:\/\/www.snackfoodm.com\/fr\/industrial-moringa-leaves-washing-machine\/#breadcrumb\",\"itemListElement\":[{\"@type\":\"ListItem\",\"position\":1,\"name\":\"\u9996\u9875\",\"item\":\"https:\/\/www.snackfoodm.com\/\"},{\"@type\":\"ListItem\",\"position\":2,\"name\":\"Industrial Moringa Leaves Washing Machine\"}]},{\"@type\":\"WebSite\",\"@id\":\"https:\/\/www.snackfoodm.com\/#website\",\"url\":\"https:\/\/www.snackfoodm.com\/\",\"name\":\"Professional Potato Chips and French Fry Process Line Manufacturer\",\"description\":\"Turnkey Solutions for Chips and French Fries Production Line\",\"publisher\":{\"@id\":\"https:\/\/www.snackfoodm.com\/#organization\"},\"potentialAction\":[{\"@type\":\"SearchAction\",\"target\":{\"@type\":\"EntryPoint\",\"urlTemplate\":\"https:\/\/www.snackfoodm.com\/?s={search_term_string}\"},\"query-input\":{\"@type\":\"PropertyValueSpecification\",\"valueRequired\":true,\"valueName\":\"search_term_string\"}}],\"inLanguage\":\"fr-FR\"},{\"@type\":\"Organization\",\"@id\":\"https:\/\/www.snackfoodm.com\/#organization\",\"name\":\"Professional Potato Chips and French Fry Process Line Manufacturer\",\"url\":\"https:\/\/www.snackfoodm.com\/\",\"logo\":{\"@type\":\"ImageObject\",\"inLanguage\":\"fr-FR\",\"@id\":\"https:\/\/www.snackfoodm.com\/#\/schema\/logo\/image\/\",\"url\":\"https:\/\/www.snackfoodm.com\/wp-content\/uploads\/2020\/02\/cropped-\u65b0\u7248LOGO1-3.png\",\"contentUrl\":\"https:\/\/www.snackfoodm.com\/wp-content\/uploads\/2020\/02\/cropped-\u65b0\u7248LOGO1-3.png\",\"width\":163,\"height\":85,\"caption\":\"Professional Potato Chips and French Fry Process Line Manufacturer\"},\"image\":{\"@id\":\"https:\/\/www.snackfoodm.com\/#\/schema\/logo\/image\/\"}},false]}<\/script>\n<!-- \/ Yoast SEO plugin. -->","yoast_head_json":{"title":"Laveuse industrielle de feuilles de Moringa - Laveuse commerciale d'herbes aromatiques","description":"Machine industrielle de lavage et de nettoyage des feuilles de moringa, fabricant et fournisseur. Lavez et nettoyez les feuilles de moringa de mani\u00e8re efficace.","robots":{"index":"index","follow":"follow","max-snippet":"max-snippet:-1","max-image-preview":"max-image-preview:large","max-video-preview":"max-video-preview:-1"},"canonical":"http:\/\/www.snackfoodm.com\/fr\/industrial-moringa-leaves-washing-machine\/","og_locale":"fr_FR","og_type":"article","og_title":"Industrial Moringa Leaves Washing Machine - Commercial Herb Washer","og_description":"Industrial moringa leaves washing and cleaning machine manufacturer and supplier. Wash and clean moringa leaf effectively and efficiently.","og_url":"http:\/\/www.snackfoodm.com\/fr\/industrial-moringa-leaves-washing-machine\/","og_site_name":"Professional Potato Chips and French Fry Process Line Manufacturer","article_modified_time":"2020-10-26T03:14:24+00:00","og_image":[{"width":630,"height":400,"url":"https:\/\/www.snackfoodm.com\/wp-content\/uploads\/2020\/10\/industrial-moringa-leaf-washer-machine.jpg","type":"image\/jpeg"}],"twitter_card":"summary_large_image","twitter_misc":{"Dur\u00e9e de lecture estim\u00e9e":"1 minute"},"schema":{"@context":"https:\/\/schema.org","@graph":[{"@type":"WebPage","@id":"http:\/\/www.snackfoodm.com\/fr\/industrial-moringa-leaves-washing-machine\/","url":"http:\/\/www.snackfoodm.com\/fr\/industrial-moringa-leaves-washing-machine\/","name":"Laveuse industrielle de feuilles de Moringa - Laveuse commerciale d'herbes aromatiques","isPartOf":{"@id":"https:\/\/www.snackfoodm.com\/#website"},"primaryImageOfPage":{"@id":"http:\/\/www.snackfoodm.com\/fr\/industrial-moringa-leaves-washing-machine\/#primaryimage"},"image":{"@id":"http:\/\/www.snackfoodm.com\/fr\/industrial-moringa-leaves-washing-machine\/#primaryimage"},"thumbnailUrl":"https:\/\/www.snackfoodm.com\/wp-content\/uploads\/2020\/10\/industrial-moringa-leaf-washer-machine.jpg","datePublished":"2020-10-26T03:04:52+00:00","dateModified":"2020-10-26T03:14:24+00:00","description":"Machine industrielle de lavage et de nettoyage des feuilles de moringa, fabricant et fournisseur. Lavez et nettoyez les feuilles de moringa de mani\u00e8re efficace.","breadcrumb":{"@id":"http:\/\/www.snackfoodm.com\/fr\/industrial-moringa-leaves-washing-machine\/#breadcrumb"},"inLanguage":"fr-FR","potentialAction":[{"@type":"ReadAction","target":["http:\/\/www.snackfoodm.com\/fr\/industrial-moringa-leaves-washing-machine\/"]}]},{"@type":"ImageObject","inLanguage":"fr-FR","@id":"http:\/\/www.snackfoodm.com\/fr\/industrial-moringa-leaves-washing-machine\/#primaryimage","url":"https:\/\/www.snackfoodm.com\/wp-content\/uploads\/2020\/10\/industrial-moringa-leaf-washer-machine.jpg","contentUrl":"https:\/\/www.snackfoodm.com\/wp-content\/uploads\/2020\/10\/industrial-moringa-leaf-washer-machine.jpg","width":630,"height":400,"caption":"Industrial Moringa Leaves Washer"},{"@type":"BreadcrumbList","@id":"http:\/\/www.snackfoodm.com\/fr\/industrial-moringa-leaves-washing-machine\/#breadcrumb","itemListElement":[{"@type":"ListItem","position":1,"name":"\u9996\u9875","item":"https:\/\/www.snackfoodm.com\/"},{"@type":"ListItem","position":2,"name":"Industrial Moringa Leaves Washing Machine"}]},{"@type":"WebSite","@id":"https:\/\/www.snackfoodm.com\/#website","url":"https:\/\/www.snackfoodm.com\/","name":"Fabricant professionnel de lignes de production de chips et de frites","description":"Solutions cl\u00e9s en main pour une ligne de production de chips et de frites","publisher":{"@id":"https:\/\/www.snackfoodm.com\/#organization"},"potentialAction":[{"@type":"SearchAction","target":{"@type":"EntryPoint","urlTemplate":"https:\/\/www.snackfoodm.com\/?s={search_term_string}"},"query-input":{"@type":"PropertyValueSpecification","valueRequired":true,"valueName":"search_term_string"}}],"inLanguage":"fr-FR"},{"@type":"Organization","@id":"https:\/\/www.snackfoodm.com\/#organization","name":"Fabricant professionnel de lignes de production de chips et de frites","url":"https:\/\/www.snackfoodm.com\/","logo":{"@type":"ImageObject","inLanguage":"fr-FR","@id":"https:\/\/www.snackfoodm.com\/#\/schema\/logo\/image\/","url":"https:\/\/www.snackfoodm.com\/wp-content\/uploads\/2020\/02\/cropped-\u65b0\u7248LOGO1-3.png","contentUrl":"https:\/\/www.snackfoodm.com\/wp-content\/uploads\/2020\/02\/cropped-\u65b0\u7248LOGO1-3.png","width":163,"height":85,"caption":"Professional Potato Chips and French Fry Process Line Manufacturer"},"image":{"@id":"https:\/\/www.snackfoodm.com\/#\/schema\/logo\/image\/"}},false]}},"yasr_visitor_votes":{"stars_attributes":{"read_only":false,"span_bottom":false},"number_of_votes":0,"sum_votes":0},"_links":{"self":[{"href":"https:\/\/www.snackfoodm.com\/fr\/wp-json\/wp\/v2\/pages\/1292","targetHints":{"allow":["GET"]}}],"collection":[{"href":"https:\/\/www.snackfoodm.com\/fr\/wp-json\/wp\/v2\/pages"}],"about":[{"href":"https:\/\/www.snackfoodm.com\/fr\/wp-json\/wp\/v2\/types\/page"}],"author":[{"embeddable":true,"href":"https:\/\/www.snackfoodm.com\/fr\/wp-json\/wp\/v2\/users\/1"}],"replies":[{"embeddable":true,"href":"https:\/\/www.snackfoodm.com\/fr\/wp-json\/wp\/v2\/comments?post=1292"}],"version-history":[{"count":3,"href":"https:\/\/www.snackfoodm.com\/fr\/wp-json\/wp\/v2\/pages\/1292\/revisions"}],"predecessor-version":[{"id":1298,"href":"https:\/\/www.snackfoodm.com\/fr\/wp-json\/wp\/v2\/pages\/1292\/revisions\/1298"}],"wp:featuredmedia":[{"embeddable":true,"href":"https:\/\/www.snackfoodm.com\/fr\/wp-json\/wp\/v2\/media\/1293"}],"wp:attachment":[{"href":"https:\/\/www.snackfoodm.com\/fr\/wp-json\/wp\/v2\/media?parent=1292"}],"curies":[{"name":"wp","href":"https:\/\/api.w.org\/{rel}","templated":true}]}}