{"id":1337,"date":"2020-11-10T17:27:59","date_gmt":"2020-11-10T09:27:59","guid":{"rendered":"https:\/\/www.snackfoodm.com\/?page_id=1337"},"modified":"2020-11-17T15:11:52","modified_gmt":"2020-11-17T07:11:52","slug":"frozen-iqf-sweet-corn-processing-line","status":"publish","type":"page","link":"https:\/\/www.snackfoodm.com\/fr\/frozen-iqf-sweet-corn-processing-line\/","title":{"rendered":"Ligne de traitement du ma\u00efs doux surgel\u00e9 IQF"},"content":{"rendered":"<p><strong>Ligne de traitement du ma\u00efs doux surgel\u00e9 IQF<\/strong> est con\u00e7ue pour produire des grains de ma\u00efs doux surgel\u00e9s IQF et des \u00e9pis de ma\u00efs doux surgel\u00e9s \u00e0 partir de grains frais. La ligne de production automatique de ma\u00efs doux congel\u00e9 peut traiter de grandes quantit\u00e9s de ma\u00efs doux congel\u00e9 avec des performances \u00e9lev\u00e9es et une grande efficacit\u00e9. Ma\u00efs doux <a href=\"https:\/\/www.snackfoodm.com\/fr\/frozen-vegetable-processing-plant\/\">ligne de traitement des produits surgel\u00e9s<\/a> La valeur ajout\u00e9e de la transformation du ma\u00efs doux est consid\u00e9rable, car le ma\u00efs doux congel\u00e9 est tr\u00e8s demand\u00e9 dans le monde entier, tant pour ses qualit\u00e9s nutritionnelles que pour sa commodit\u00e9. Gr\u00e2ce \u00e0 sa grande exp\u00e9rience, Gelgoog peut concevoir et d\u00e9velopper des solutions sur mesure pour les usines de production de ma\u00efs doux congel\u00e9 avec un ensemble complet de machines de traitement du ma\u00efs doux de qualit\u00e9. N'h\u00e9sitez pas \u00e0 nous contacter pour une solution sur mesure.<\/p>\n<figure id=\"attachment_1338\" aria-describedby=\"caption-attachment-1338\" style=\"width: 620px\" class=\"wp-caption aligncenter\"><img loading=\"lazy\" decoding=\"async\" class=\"size-full wp-image-1338\" src=\"https:\/\/www.snackfoodm.com\/wp-content\/uploads\/2020\/11\/frozen-sweet-corn-freezing-machine.jpg\" alt=\"fournisseur d&#039;une ligne de production de ma\u00efs doux congel\u00e9\" width=\"630\" height=\"400\" srcset=\"https:\/\/www.snackfoodm.com\/wp-content\/uploads\/2020\/11\/frozen-sweet-corn-freezing-machine.jpg 630w, https:\/\/www.snackfoodm.com\/wp-content\/uploads\/2020\/11\/frozen-sweet-corn-freezing-machine-300x190.jpg 300w, https:\/\/www.snackfoodm.com\/wp-content\/uploads\/2020\/11\/frozen-sweet-corn-freezing-machine-240x152.jpg 240w\" sizes=\"auto, (max-width: 630px) 100vw, 630px\" \/><figcaption id=\"caption-attachment-1338\" class=\"wp-caption-text\">Ligne de traitement du ma\u00efs doux surgel\u00e9 IQF<\/figcaption><\/figure>\n<p style=\"text-align: center;\"><a class=\"fancybox\" href=\"#contact_form_pop\"><strong class=\"button\">Obtenir des prix<\/strong><\/a><\/p>\n<div class=\"fancybox-hidden\" style=\"display: none;\">\n<div id=\"contact_form_pop\">\n<div class=\"wpcf7 no-js\" id=\"wpcf7-f384-o1\" lang=\"en-US\" dir=\"ltr\" data-wpcf7-id=\"384\">\n<div class=\"screen-reader-response\"><p role=\"status\" aria-live=\"polite\" aria-atomic=\"true\"><\/p> <ul><\/ul><\/div>\n<form action=\"\/fr\/wp-json\/wp\/v2\/pages\/1337#wpcf7-f384-o1\" method=\"post\" class=\"wpcf7-form init\" aria-label=\"Formulaire de contact\" novalidate=\"novalidate\" data-status=\"init\" data-trp-original-action=\"\/fr\/wp-json\/wp\/v2\/pages\/1337#wpcf7-f384-o1\">\n<fieldset class=\"hidden-fields-container\"><input type=\"hidden\" name=\"_wpcf7\" value=\"384\" \/><input type=\"hidden\" name=\"_wpcf7_version\" value=\"6.1.1\" \/><input type=\"hidden\" name=\"_wpcf7_locale\" value=\"en_US\" \/><input type=\"hidden\" name=\"_wpcf7_unit_tag\" value=\"wpcf7-f384-o1\" \/><input type=\"hidden\" name=\"_wpcf7_container_post\" value=\"0\" \/><input type=\"hidden\" name=\"_wpcf7_posted_data_hash\" value=\"\" \/>\n<\/fieldset>\n<p>Nom :\n<\/p>\n<p><span class=\"wpcf7-form-control-wrap\" data-name=\"your-name\"><input size=\"40\" maxlength=\"400\" class=\"wpcf7-form-control wpcf7-text\" aria-invalid=\"false\" value=\"\" type=\"text\" name=\"your-name\" \/><\/span>\n<\/p>\n<p>Pays :\n<\/p>\n<p><span class=\"wpcf7-form-control-wrap\" data-name=\"your-country\"><input size=\"40\" maxlength=\"400\" class=\"wpcf7-form-control wpcf7-text\" aria-invalid=\"false\" value=\"\" type=\"text\" name=\"your-country\" \/><\/span>\n<\/p>\n<p>Courriel:*\n<\/p>\n<p><span class=\"wpcf7-form-control-wrap\" data-name=\"your-email\"><input size=\"40\" maxlength=\"400\" class=\"wpcf7-form-control wpcf7-email wpcf7-validates-as-required wpcf7-text wpcf7-validates-as-email\" aria-required=\"true\" aria-invalid=\"false\" value=\"\" type=\"email\" name=\"your-email\" \/><\/span>\n<\/p>\n<p>T\u00e9l\u00e9phone*\n<\/p>\n<p><span class=\"wpcf7-form-control-wrap\" data-name=\"your-phone\"><input size=\"40\" maxlength=\"400\" class=\"wpcf7-form-control wpcf7-text wpcf7-validates-as-required\" aria-required=\"true\" aria-invalid=\"false\" placeholder=\"Veuillez ajouter les codes de pays\" value=\"\" type=\"text\" name=\"your-phone\" \/><\/span>\n<\/p>\n<p>Message:*\n<\/p>\n<p><span class=\"wpcf7-form-control-wrap\" data-name=\"your-message\"><textarea cols=\"40\" rows=\"10\" maxlength=\"2000\" class=\"wpcf7-form-control wpcf7-textarea wpcf7-validates-as-required\" aria-required=\"true\" aria-invalid=\"false\" name=\"your-message\"><\/textarea><\/span>\n<\/p>\n<p><input class=\"wpcf7-form-control wpcf7-submit has-spinner\" type=\"submit\" value=\"Obtenir des devis\" \/>\n<\/p><input type=\"hidden\" id=\"ct_checkjs_cf7_076a0c97d09cf1a0ec3e19c7f2529f2b\" name=\"ct_checkjs_cf7\" value=\"0\" \/><script >setTimeout(function(){var ct_input_name = \"ct_checkjs_cf7_076a0c97d09cf1a0ec3e19c7f2529f2b\";if (document.getElementById(ct_input_name) !== null) {var ct_input_value = document.getElementById(ct_input_name).value;document.getElementById(ct_input_name).value = document.getElementById(ct_input_name).value.replace(ct_input_value, 'dba04424690aafc408c5cb41194f71da80590051ae3ed0048d37dfc87b0d215e');}}, 1000);<\/script><input\n                    class=\"apbct_special_field apbct_email_id__wp_contact_form_7\"\n                    name=\"apbct__email_id__wp_contact_form_7\"\n                    aria-label=\"apbct__label_id__wp_contact_form_7\"\n                    type=\"text\" size=\"30\" maxlength=\"200\" autocomplete=\"off\"\n                    value=\"\"\n                \/><p style=\"display: none !important;\" class=\"akismet-fields-container\" data-prefix=\"_wpcf7_ak_\"><label>&#916;<textarea name=\"_wpcf7_ak_hp_textarea\" cols=\"45\" rows=\"8\" maxlength=\"100\"><\/textarea><\/label><input type=\"hidden\" id=\"ak_js_1\" name=\"_wpcf7_ak_js\" value=\"116\"\/><script>\ndocument.getElementById( \"ak_js_1\" ).setAttribute( \"value\", ( new Date() ).getTime() );\n<\/script>\n<\/p><div class=\"wpcf7-response-output\" aria-hidden=\"true\"><\/div>\n<input type=\"hidden\" name=\"trp-form-language\" value=\"fr\"\/><\/form>\n<\/div>\n<\/div>\n<\/div>\n<h2>\u00a0Processus de fabrication du ma\u00efs doux congel\u00e9<\/h2>\n<ol>\n<li>R\u00e9ception de la mati\u00e8re premi\u00e8re. Les \u00e9pis de ma\u00efs fra\u00eechement cueillis sont transf\u00e9r\u00e9s \u00e0 l'usine en attendant d'\u00eatre transform\u00e9s.<\/li>\n<li>L'\u00e9pluchage du ma\u00efs doux est la premi\u00e8re \u00e9tape de la transformation du ma\u00efs doux. Le travail d'\u00e9pluchage peut \u00eatre effectu\u00e9 manuellement ou m\u00e9caniquement.<\/li>\n<li>Notre coupeur automatique de grains de ma\u00efs doux peut retirer les grains des \u00e9pis avec une grande efficacit\u00e9 et \u00e0 grande vitesse.<\/li>\n<li>Les grains de ma\u00efs doux sont lav\u00e9s avec de l'eau. <a href=\"https:\/\/www.snackfoodm.com\/fr\/industrial-vegetable-washing-machine\/\">machine industrielle \u00e0 laver les l\u00e9gumes et les fruits<\/a>. En utilisant les forces et les actions des bulles d'eau et des flux d'eau, le laveur industriel de l\u00e9gumes et de fruits peut laver et nettoyer les grains de ma\u00efs en douceur et efficacement.<\/li>\n<li>Inspection et triage. Les ouvriers inspectent les grains de ma\u00efs lav\u00e9s et trient les grains d\u00e9fectueux ainsi que d'autres mati\u00e8res \u00e9trang\u00e8res.<\/li>\n<li>Ce processus de blanchiment permet de conserver la couleur, l'aspect, le go\u00fbt et la texture des grains de ma\u00efs. Notre machine \u00e0 blanchir industrielle peut garantir une temp\u00e9rature et une dur\u00e9e de blanchiment pr\u00e9cises.<\/li>\n<li>Les grains de ma\u00efs doux blanchis sont refroidis \u00e0 l'aide d'un refroidisseur industriel. Le processus de refroidissement permet non seulement d'\u00e9viter un blanchiment excessif, garantissant ainsi des r\u00e9sultats finaux de qualit\u00e9, mais aussi d'\u00e9conomiser l'\u00e9nergie n\u00e9cessaire au processus de cong\u00e9lation.<\/li>\n<li>La machine de d\u00e9shydratation industrielle permet d'\u00e9liminer efficacement l'exc\u00e8s d'eau dans les grains de ma\u00efs doux. En effet, l'exc\u00e8s d'eau peut avoir un impact n\u00e9gatif sur les grains de ma\u00efs doux congel\u00e9s.<\/li>\n<li>Il s'agit d'un processus essentiel pour la fabrication de ma\u00efs doux congel\u00e9. Gr\u00e2ce \u00e0 notre technologie avanc\u00e9e, nos machines de cong\u00e9lation IQF peuvent traiter de grandes quantit\u00e9s de grains de ma\u00efs doux congel\u00e9s de qualit\u00e9 sup\u00e9rieure en utilisant efficacement l'\u00e9nergie.<\/li>\n<li>Pesage et emballage. Les \u00e9pis de ma\u00efs congel\u00e9s peuvent \u00eatre pes\u00e9s et emball\u00e9s automatiquement \u00e0 l'aide d'une machine de pesage et d'emballage multit\u00eates enti\u00e8rement automatique.<\/li>\n<li>Entreposage frigorifique. Notre chambre froide avanc\u00e9e peut conserver les \u00e9pis de ma\u00efs surgel\u00e9s et d'autres produits surgel\u00e9s pendant une longue p\u00e9riode de temps avec une grande performance.<\/li>\n<\/ol>\n<div style=\"text-align: center;\">\n<p><iframe loading=\"lazy\" src=\"https:\/\/www.youtube.com\/embed\/O4_dAKrkVDM\" width=\"560\" height=\"315\" frameborder=\"0\" allowfullscreen=\"allowfullscreen\"><\/iframe><\/p>\n<\/div>\n<h2>Machine \u00e0 congeler le ma\u00efs doux surgel\u00e9 IQF<\/h2>\n<p>En tant que fabricant et fournisseur professionnel de machines de cong\u00e9lation, Gelgoog peut concevoir et fabriquer des machines de cong\u00e9lation IQF sur mesure pour r\u00e9pondre aux besoins et aux exigences des clients. Pour la cong\u00e9lation rapide des grains de ma\u00efs doux congel\u00e9s, nos machines de cong\u00e9lation IQF sont con\u00e7ues pour r\u00e9pondre aux besoins des clients. <a href=\"https:\/\/www.snackfoodm.com\/fr\/tunnel-freezer-machine\/\">Cong\u00e9lateur tunnel IQF<\/a> et la machine de cong\u00e9lation \u00e0 l'azote liquide peuvent convenir. Gr\u00e2ce \u00e0 une technologie avanc\u00e9e et \u00e0 des conceptions innovantes, nos syst\u00e8mes de cong\u00e9lation IQF peuvent garantir une cong\u00e9lation sup\u00e9rieure des grains de ma\u00efs doux avec une utilisation efficace de l'\u00e9nergie.<\/p>\n<div style='text-align:left' class='yasr-auto-insert-visitor'><\/div>","protected":false},"excerpt":{"rendered":"<p>Frozen IQF sweet corn processing line is designed to make IQF frozen sweet corn kernels and frozen sweet corn on cobs from fresh ones. Automatic frozen sweet corn production line can process large quantity of frozen sweet corns with high performance and great efficiency. Sweet corn quick frozen processing line is of great added values &#8230; <a title=\"Ligne de traitement du ma\u00efs doux surgel\u00e9 IQF\" class=\"read-more\" href=\"https:\/\/www.snackfoodm.com\/fr\/frozen-iqf-sweet-corn-processing-line\/\" aria-label=\"Plus sur Frozen IQF Sweet Corn Processing Line\">Lire plus<\/a><\/p>","protected":false},"author":1,"featured_media":1338,"parent":0,"menu_order":0,"comment_status":"closed","ping_status":"closed","template":"","meta":{"generate_page_header":"","yasr_overall_rating":0,"yasr_post_is_review":"","yasr_auto_insert_disabled":"","yasr_review_type":"","footnotes":""},"class_list":["post-1337","page","type-page","status-publish","has-post-thumbnail"],"yoast_head":"<!-- This site is optimized with the Yoast SEO plugin v25.8 - https:\/\/yoast.com\/wordpress\/plugins\/seo\/ -->\n<title>Frozen IQF Sweet Corn Process Line - Quick Frozen Line for Sweet Corn<\/title>\n<meta name=\"description\" content=\"Frozen IQF sweet corn processing line manufacturer and supplier. IQF sweet corn freezing system. Get tailored solutions now.\" \/>\n<meta name=\"robots\" content=\"index, follow, max-snippet:-1, max-image-preview:large, max-video-preview:-1\" \/>\n<link rel=\"canonical\" href=\"https:\/\/www.snackfoodm.com\/fr\/frozen-iqf-sweet-corn-processing-line\/\" \/>\n<meta property=\"og:locale\" content=\"fr_FR\" \/>\n<meta property=\"og:type\" content=\"article\" \/>\n<meta property=\"og:title\" content=\"Frozen IQF Sweet Corn Process Line - Quick Frozen Line for Sweet Corn\" \/>\n<meta property=\"og:description\" content=\"Frozen IQF sweet corn processing line manufacturer and supplier. IQF sweet corn freezing system. Get tailored solutions now.\" \/>\n<meta property=\"og:url\" content=\"https:\/\/www.snackfoodm.com\/fr\/frozen-iqf-sweet-corn-processing-line\/\" \/>\n<meta property=\"og:site_name\" content=\"Professional Potato Chips and French Fry Process Line Manufacturer\" \/>\n<meta property=\"article:modified_time\" content=\"2020-11-17T07:11:52+00:00\" \/>\n<meta property=\"og:image\" content=\"https:\/\/www.snackfoodm.com\/wp-content\/uploads\/2020\/11\/frozen-sweet-corn-freezing-machine.jpg\" \/>\n\t<meta property=\"og:image:width\" content=\"630\" \/>\n\t<meta property=\"og:image:height\" content=\"400\" \/>\n\t<meta property=\"og:image:type\" content=\"image\/jpeg\" \/>\n<meta name=\"twitter:card\" content=\"summary_large_image\" \/>\n<meta name=\"twitter:label1\" content=\"Dur\u00e9e de lecture estim\u00e9e\" \/>\n\t<meta name=\"twitter:data1\" content=\"2 minutes\" \/>\n<script type=\"application\/ld+json\" class=\"yoast-schema-graph\">{\"@context\":\"https:\/\/schema.org\",\"@graph\":[{\"@type\":\"WebPage\",\"@id\":\"https:\/\/www.snackfoodm.com\/frozen-iqf-sweet-corn-processing-line\/\",\"url\":\"https:\/\/www.snackfoodm.com\/frozen-iqf-sweet-corn-processing-line\/\",\"name\":\"Frozen IQF Sweet Corn Process Line - Quick Frozen Line for Sweet Corn\",\"isPartOf\":{\"@id\":\"https:\/\/www.snackfoodm.com\/#website\"},\"primaryImageOfPage\":{\"@id\":\"https:\/\/www.snackfoodm.com\/frozen-iqf-sweet-corn-processing-line\/#primaryimage\"},\"image\":{\"@id\":\"https:\/\/www.snackfoodm.com\/frozen-iqf-sweet-corn-processing-line\/#primaryimage\"},\"thumbnailUrl\":\"https:\/\/www.snackfoodm.com\/wp-content\/uploads\/2020\/11\/frozen-sweet-corn-freezing-machine.jpg\",\"datePublished\":\"2020-11-10T09:27:59+00:00\",\"dateModified\":\"2020-11-17T07:11:52+00:00\",\"description\":\"Frozen IQF sweet corn processing line manufacturer and supplier. IQF sweet corn freezing system. Get tailored solutions now.\",\"breadcrumb\":{\"@id\":\"https:\/\/www.snackfoodm.com\/frozen-iqf-sweet-corn-processing-line\/#breadcrumb\"},\"inLanguage\":\"fr-FR\",\"potentialAction\":[{\"@type\":\"ReadAction\",\"target\":[\"https:\/\/www.snackfoodm.com\/frozen-iqf-sweet-corn-processing-line\/\"]}]},{\"@type\":\"ImageObject\",\"inLanguage\":\"fr-FR\",\"@id\":\"https:\/\/www.snackfoodm.com\/frozen-iqf-sweet-corn-processing-line\/#primaryimage\",\"url\":\"https:\/\/www.snackfoodm.com\/wp-content\/uploads\/2020\/11\/frozen-sweet-corn-freezing-machine.jpg\",\"contentUrl\":\"https:\/\/www.snackfoodm.com\/wp-content\/uploads\/2020\/11\/frozen-sweet-corn-freezing-machine.jpg\",\"width\":630,\"height\":400,\"caption\":\"Frozen IQF Sweet Corn Processing Line\"},{\"@type\":\"BreadcrumbList\",\"@id\":\"https:\/\/www.snackfoodm.com\/frozen-iqf-sweet-corn-processing-line\/#breadcrumb\",\"itemListElement\":[{\"@type\":\"ListItem\",\"position\":1,\"name\":\"\u9996\u9875\",\"item\":\"https:\/\/www.snackfoodm.com\/\"},{\"@type\":\"ListItem\",\"position\":2,\"name\":\"Frozen IQF Sweet Corn Processing Line\"}]},{\"@type\":\"WebSite\",\"@id\":\"https:\/\/www.snackfoodm.com\/#website\",\"url\":\"https:\/\/www.snackfoodm.com\/\",\"name\":\"Professional Potato Chips and French Fry Process Line Manufacturer\",\"description\":\"Turnkey Solutions for Chips and French Fries Production Line\",\"publisher\":{\"@id\":\"https:\/\/www.snackfoodm.com\/#organization\"},\"potentialAction\":[{\"@type\":\"SearchAction\",\"target\":{\"@type\":\"EntryPoint\",\"urlTemplate\":\"https:\/\/www.snackfoodm.com\/?s={search_term_string}\"},\"query-input\":{\"@type\":\"PropertyValueSpecification\",\"valueRequired\":true,\"valueName\":\"search_term_string\"}}],\"inLanguage\":\"fr-FR\"},{\"@type\":\"Organization\",\"@id\":\"https:\/\/www.snackfoodm.com\/#organization\",\"name\":\"Professional Potato Chips and French Fry Process Line Manufacturer\",\"url\":\"https:\/\/www.snackfoodm.com\/\",\"logo\":{\"@type\":\"ImageObject\",\"inLanguage\":\"fr-FR\",\"@id\":\"https:\/\/www.snackfoodm.com\/#\/schema\/logo\/image\/\",\"url\":\"https:\/\/www.snackfoodm.com\/wp-content\/uploads\/2020\/02\/cropped-\u65b0\u7248LOGO1-3.png\",\"contentUrl\":\"https:\/\/www.snackfoodm.com\/wp-content\/uploads\/2020\/02\/cropped-\u65b0\u7248LOGO1-3.png\",\"width\":163,\"height\":85,\"caption\":\"Professional Potato Chips and French Fry Process Line Manufacturer\"},\"image\":{\"@id\":\"https:\/\/www.snackfoodm.com\/#\/schema\/logo\/image\/\"}},false]}<\/script>\n<!-- \/ Yoast SEO plugin. -->","yoast_head_json":{"title":"Ligne de production de ma\u00efs doux surgel\u00e9 IQF - Ligne de production de ma\u00efs doux surgel\u00e9","description":"Ligne de traitement de ma\u00efs doux surgel\u00e9 IQF fabricant et fournisseur. Syst\u00e8me de cong\u00e9lation de ma\u00efs doux IQF. Obtenez des solutions sur mesure d\u00e8s maintenant.","robots":{"index":"index","follow":"follow","max-snippet":"max-snippet:-1","max-image-preview":"max-image-preview:large","max-video-preview":"max-video-preview:-1"},"canonical":"https:\/\/www.snackfoodm.com\/fr\/frozen-iqf-sweet-corn-processing-line\/","og_locale":"fr_FR","og_type":"article","og_title":"Frozen IQF Sweet Corn Process Line - Quick Frozen Line for Sweet Corn","og_description":"Frozen IQF sweet corn processing line manufacturer and supplier. IQF sweet corn freezing system. Get tailored solutions now.","og_url":"https:\/\/www.snackfoodm.com\/fr\/frozen-iqf-sweet-corn-processing-line\/","og_site_name":"Professional Potato Chips and French Fry Process Line Manufacturer","article_modified_time":"2020-11-17T07:11:52+00:00","og_image":[{"width":630,"height":400,"url":"https:\/\/www.snackfoodm.com\/wp-content\/uploads\/2020\/11\/frozen-sweet-corn-freezing-machine.jpg","type":"image\/jpeg"}],"twitter_card":"summary_large_image","twitter_misc":{"Dur\u00e9e de lecture estim\u00e9e":"2 minutes"},"schema":{"@context":"https:\/\/schema.org","@graph":[{"@type":"WebPage","@id":"https:\/\/www.snackfoodm.com\/frozen-iqf-sweet-corn-processing-line\/","url":"https:\/\/www.snackfoodm.com\/frozen-iqf-sweet-corn-processing-line\/","name":"Ligne de production de ma\u00efs doux surgel\u00e9 IQF - Ligne de production de ma\u00efs doux surgel\u00e9","isPartOf":{"@id":"https:\/\/www.snackfoodm.com\/#website"},"primaryImageOfPage":{"@id":"https:\/\/www.snackfoodm.com\/frozen-iqf-sweet-corn-processing-line\/#primaryimage"},"image":{"@id":"https:\/\/www.snackfoodm.com\/frozen-iqf-sweet-corn-processing-line\/#primaryimage"},"thumbnailUrl":"https:\/\/www.snackfoodm.com\/wp-content\/uploads\/2020\/11\/frozen-sweet-corn-freezing-machine.jpg","datePublished":"2020-11-10T09:27:59+00:00","dateModified":"2020-11-17T07:11:52+00:00","description":"Ligne de traitement de ma\u00efs doux surgel\u00e9 IQF fabricant et fournisseur. Syst\u00e8me de cong\u00e9lation de ma\u00efs doux IQF. Obtenez des solutions sur mesure d\u00e8s maintenant.","breadcrumb":{"@id":"https:\/\/www.snackfoodm.com\/frozen-iqf-sweet-corn-processing-line\/#breadcrumb"},"inLanguage":"fr-FR","potentialAction":[{"@type":"ReadAction","target":["https:\/\/www.snackfoodm.com\/frozen-iqf-sweet-corn-processing-line\/"]}]},{"@type":"ImageObject","inLanguage":"fr-FR","@id":"https:\/\/www.snackfoodm.com\/frozen-iqf-sweet-corn-processing-line\/#primaryimage","url":"https:\/\/www.snackfoodm.com\/wp-content\/uploads\/2020\/11\/frozen-sweet-corn-freezing-machine.jpg","contentUrl":"https:\/\/www.snackfoodm.com\/wp-content\/uploads\/2020\/11\/frozen-sweet-corn-freezing-machine.jpg","width":630,"height":400,"caption":"Frozen IQF Sweet Corn Processing Line"},{"@type":"BreadcrumbList","@id":"https:\/\/www.snackfoodm.com\/frozen-iqf-sweet-corn-processing-line\/#breadcrumb","itemListElement":[{"@type":"ListItem","position":1,"name":"\u9996\u9875","item":"https:\/\/www.snackfoodm.com\/"},{"@type":"ListItem","position":2,"name":"Frozen IQF Sweet Corn Processing Line"}]},{"@type":"WebSite","@id":"https:\/\/www.snackfoodm.com\/#website","url":"https:\/\/www.snackfoodm.com\/","name":"Fabricant professionnel de lignes de production de chips et de frites","description":"Solutions cl\u00e9s en main pour une ligne de production de chips et de frites","publisher":{"@id":"https:\/\/www.snackfoodm.com\/#organization"},"potentialAction":[{"@type":"SearchAction","target":{"@type":"EntryPoint","urlTemplate":"https:\/\/www.snackfoodm.com\/?s={search_term_string}"},"query-input":{"@type":"PropertyValueSpecification","valueRequired":true,"valueName":"search_term_string"}}],"inLanguage":"fr-FR"},{"@type":"Organization","@id":"https:\/\/www.snackfoodm.com\/#organization","name":"Fabricant professionnel de lignes de production de chips et de frites","url":"https:\/\/www.snackfoodm.com\/","logo":{"@type":"ImageObject","inLanguage":"fr-FR","@id":"https:\/\/www.snackfoodm.com\/#\/schema\/logo\/image\/","url":"https:\/\/www.snackfoodm.com\/wp-content\/uploads\/2020\/02\/cropped-\u65b0\u7248LOGO1-3.png","contentUrl":"https:\/\/www.snackfoodm.com\/wp-content\/uploads\/2020\/02\/cropped-\u65b0\u7248LOGO1-3.png","width":163,"height":85,"caption":"Professional Potato Chips and French Fry Process Line Manufacturer"},"image":{"@id":"https:\/\/www.snackfoodm.com\/#\/schema\/logo\/image\/"}},false]}},"yasr_visitor_votes":{"stars_attributes":{"read_only":false,"span_bottom":false},"number_of_votes":0,"sum_votes":0},"_links":{"self":[{"href":"https:\/\/www.snackfoodm.com\/fr\/wp-json\/wp\/v2\/pages\/1337","targetHints":{"allow":["GET"]}}],"collection":[{"href":"https:\/\/www.snackfoodm.com\/fr\/wp-json\/wp\/v2\/pages"}],"about":[{"href":"https:\/\/www.snackfoodm.com\/fr\/wp-json\/wp\/v2\/types\/page"}],"author":[{"embeddable":true,"href":"https:\/\/www.snackfoodm.com\/fr\/wp-json\/wp\/v2\/users\/1"}],"replies":[{"embeddable":true,"href":"https:\/\/www.snackfoodm.com\/fr\/wp-json\/wp\/v2\/comments?post=1337"}],"version-history":[{"count":2,"href":"https:\/\/www.snackfoodm.com\/fr\/wp-json\/wp\/v2\/pages\/1337\/revisions"}],"predecessor-version":[{"id":1346,"href":"https:\/\/www.snackfoodm.com\/fr\/wp-json\/wp\/v2\/pages\/1337\/revisions\/1346"}],"wp:featuredmedia":[{"embeddable":true,"href":"https:\/\/www.snackfoodm.com\/fr\/wp-json\/wp\/v2\/media\/1338"}],"wp:attachment":[{"href":"https:\/\/www.snackfoodm.com\/fr\/wp-json\/wp\/v2\/media?parent=1337"}],"curies":[{"name":"wp","href":"https:\/\/api.w.org\/{rel}","templated":true}]}}