{"id":1347,"date":"2020-11-17T19:36:36","date_gmt":"2020-11-17T11:36:36","guid":{"rendered":"https:\/\/www.snackfoodm.com\/?page_id=1347"},"modified":"2020-11-17T19:36:36","modified_gmt":"2020-11-17T11:36:36","slug":"industrial-popcorn-seasoning-machine","status":"publish","type":"page","link":"https:\/\/www.snackfoodm.com\/fr\/industrial-popcorn-seasoning-machine\/","title":{"rendered":"Machine industrielle \u00e0 assaisonner le pop-corn"},"content":{"rendered":"<p><strong>Machine industrielle \u00e0 assaisonner le pop-corn<\/strong>\u00e9galement connu sous le nom de pop-corn <a href=\"https:\/\/www.snackfoodm.com\/fr\/flavoring-machine\/\">machine \u00e0 aromatiser<\/a>La machine \u00e0 tambour d'aromatisation industrielle est con\u00e7ue pour ajouter diff\u00e9rents ar\u00f4mes et saisons \u00e0 de grandes quantit\u00e9s de pop-corn. Gr\u00e2ce \u00e0 leur conception innovante, les machines industrielles \u00e0 aromatiser le pop-corn peuvent garantir une saveur homog\u00e8ne et uniforme. Toutes nos machines industrielles \u00e0 aromatiser le pop-corn peuvent \u00eatre personnalis\u00e9es en termes de mat\u00e9riaux, de capacit\u00e9, etc. pour r\u00e9pondre aux besoins et aux exigences des clients.<\/p>\n<figure id=\"attachment_1348\" aria-describedby=\"caption-attachment-1348\" style=\"width: 620px\" class=\"wp-caption aligncenter\"><img loading=\"lazy\" decoding=\"async\" class=\"size-full wp-image-1348\" src=\"https:\/\/www.snackfoodm.com\/wp-content\/uploads\/2020\/11\/industrial-popcorn-flavoring-machine.jpg\" alt=\"\u00e9quipement d&#039;aromatisation du pop-corn au caramel\" width=\"630\" height=\"400\" srcset=\"https:\/\/www.snackfoodm.com\/wp-content\/uploads\/2020\/11\/industrial-popcorn-flavoring-machine.jpg 630w, https:\/\/www.snackfoodm.com\/wp-content\/uploads\/2020\/11\/industrial-popcorn-flavoring-machine-300x190.jpg 300w, https:\/\/www.snackfoodm.com\/wp-content\/uploads\/2020\/11\/industrial-popcorn-flavoring-machine-240x152.jpg 240w\" sizes=\"auto, (max-width: 630px) 100vw, 630px\" \/><figcaption id=\"caption-attachment-1348\" class=\"wp-caption-text\">Machine industrielle \u00e0 assaisonner le pop-corn<\/figcaption><\/figure>\n<p style=\"text-align: center;\"><a class=\"fancybox\" href=\"#contact_form_pop\"><strong class=\"button\">Obtenir des prix<\/strong><\/a><\/p>\n<h2>Machine \u00e0 aromatiser le ma\u00efs souffl\u00e9 au caramel de qualit\u00e9<\/h2>\n<p>En g\u00e9n\u00e9ral, il existe deux types de machines industrielles \u00e0 aromatiser le pop-corn. La premi\u00e8re est de petite taille et de capacit\u00e9 petite \u00e0 moyenne. En raison de sa forme octogonale, elle est \u00e9galement connue sous le nom de machine d'assaisonnement octogonale. L'autre est connue sous le nom de tambour d'aromatisation en continu, car elle peut r\u00e9pandre des ar\u00f4mes et des assaisonnements en continu sur le pop-corn et d'autres aliments \u00e0 grignoter. La machine d'aromatisation continue automatique convient aux lignes d'aromatisation \u00e0 moyenne et grande \u00e9chelle.<\/p>\n<h2>Caract\u00e9ristiques de l'\u00e9quipement d'assaisonnement du pop-corn<\/h2>\n<ol>\n<li>Conception personnalis\u00e9e. Toutes les machines \u00e0 aromatiser le pop-corn peuvent \u00eatre con\u00e7ues sur mesure pour r\u00e9pondre aux besoins et aux exigences des clients.<\/li>\n<li>Structure robuste. Toute la structure de la machine \u00e0 assaisonner le pop-corn est fabriqu\u00e9e en acier inoxydable de qualit\u00e9.<\/li>\n<li>Conception compacte et faible encombrement. Les machines \u00e0 aromatiser le pop-corn occupent moins d'espace dans votre usine.<\/li>\n<li>Un r\u00e9sultat de premi\u00e8re qualit\u00e9. Gr\u00e2ce \u00e0 la pulv\u00e9risation d'huile et \u00e0 la rotation constante, la machine \u00e0 assaisonner le pop-corn peut diffuser les ar\u00f4mes de mani\u00e8re homog\u00e8ne et compl\u00e8te sur le pop-corn.<\/li>\n<li>Large application. Outre le pop-corn, les machines \u00e0 aromatiser peuvent \u00e9galement \u00eatre utilis\u00e9es pour ajouter des ar\u00f4mes \u00e0 divers aliments \u00e0 grignoter, tels que les chips, les frites, les chips de banane, les f\u00e8ves frites, les cacahu\u00e8tes frites, etc.<\/li>\n<\/ol>\n\n<div class=\"wpcf7 no-js\" id=\"wpcf7-f385-o1\" lang=\"en-US\" dir=\"ltr\" data-wpcf7-id=\"385\">\n<div class=\"screen-reader-response\"><p role=\"status\" aria-live=\"polite\" aria-atomic=\"true\"><\/p> <ul><\/ul><\/div>\n<form action=\"\/fr\/wp-json\/wp\/v2\/pages\/1347#wpcf7-f385-o1\" method=\"post\" class=\"wpcf7-form init\" aria-label=\"Formulaire de contact\" novalidate=\"novalidate\" data-status=\"init\" data-trp-original-action=\"\/fr\/wp-json\/wp\/v2\/pages\/1347#wpcf7-f385-o1\">\n<fieldset class=\"hidden-fields-container\"><input type=\"hidden\" name=\"_wpcf7\" value=\"385\" \/><input type=\"hidden\" name=\"_wpcf7_version\" value=\"6.1.1\" \/><input type=\"hidden\" name=\"_wpcf7_locale\" value=\"en_US\" \/><input type=\"hidden\" name=\"_wpcf7_unit_tag\" value=\"wpcf7-f385-o1\" \/><input type=\"hidden\" name=\"_wpcf7_container_post\" value=\"0\" \/><input type=\"hidden\" name=\"_wpcf7_posted_data_hash\" value=\"\" \/>\n<\/fieldset>\n<div class=\"leave-message-blockall\">\n\t<div class=\"leave-message-block\">\n\t\t<div class=\"leave-top\">\n\t\t\t<p>Veuillez remplir le formulaire ci-dessous pour obtenir les prix.\n\t\t\t<\/p>\n\t\t<\/div>\n\t\t<div class=\"leave-name\">\n\t\t\t<div class=\"leave-name-t\">\n\t\t\t\t<p>Votre nom :\n\t\t\t\t<\/p>\n\t\t\t<\/div>\n\t\t\t<p><span class=\"wpcf7-form-control-wrap\" data-name=\"your-name\"><input size=\"40\" maxlength=\"400\" class=\"wpcf7-form-control wpcf7-text\" aria-invalid=\"false\" value=\"\" type=\"text\" name=\"your-name\" \/><\/span>\n\t\t\t<\/p>\n\t\t<\/div>\n\t\t<div class=\"leave-email\">\n\t\t\t<div class=\"leave-email-t\">\n\t\t\t\t<p>Votre adresse \u00e9lectronique (obligatoire) :\n\t\t\t\t<\/p>\n\t\t\t<\/div>\n\t\t\t<p><span class=\"wpcf7-form-control-wrap\" data-name=\"your-email\"><input size=\"40\" maxlength=\"400\" class=\"wpcf7-form-control wpcf7-email wpcf7-validates-as-required wpcf7-text wpcf7-validates-as-email\" aria-required=\"true\" aria-invalid=\"false\" value=\"\" type=\"email\" name=\"your-email\" \/><\/span>\n\t\t\t<\/p>\n\t\t<\/div>\n\t\t<div class=\"leave-tel\">\n\t\t\t<div class=\"leave-tel-t\">\n\t\t\t\t<p>Votre T\u00e9l(obligatoire) :\n\t\t\t\t<\/p>\n\t\t\t<\/div>\n\t\t\t<p><span class=\"wpcf7-form-control-wrap\" data-name=\"your-tel\"><input size=\"40\" maxlength=\"400\" class=\"wpcf7-form-control wpcf7-tel wpcf7-validates-as-required wpcf7-text wpcf7-validates-as-tel\" aria-required=\"true\" aria-invalid=\"false\" placeholder=\"Veuillez ajouter les codes de pays\" value=\"\" type=\"tel\" name=\"your-tel\" \/><\/span>\n\t\t\t<\/p>\n\t\t<\/div>\n\t\t<div class=\"leave-country\">\n\t\t\t<div class=\"leave-country-t\">\n\t\t\t\t<p>Votre pays :\n\t\t\t\t<\/p>\n\t\t\t<\/div>\n\t\t\t<p><span class=\"wpcf7-form-control-wrap\" data-name=\"your-country\"><input size=\"40\" maxlength=\"400\" class=\"wpcf7-form-control wpcf7-text\" aria-invalid=\"false\" value=\"\" type=\"text\" name=\"your-country\" \/><\/span>\n\t\t\t<\/p>\n\t\t<\/div>\n\t\t<div class=\"leave-require\">\n\t\t\t<div class=\"leave-require-t\">\n\t\t\t\t<p>Votre message (obligatoire) :\n\t\t\t\t<\/p>\n\t\t\t<\/div>\n\t\t\t<p><span class=\"wpcf7-form-control-wrap\" data-name=\"your-message\"><textarea cols=\"40\" rows=\"10\" maxlength=\"2000\" class=\"wpcf7-form-control wpcf7-textarea wpcf7-validates-as-required\" aria-required=\"true\" aria-invalid=\"false\" placeholder=\"Conseils : mati\u00e8re premi\u00e8re, produit souhait\u00e9, capacit\u00e9, \u00e9quipement auxiliaire, etc.\" name=\"your-message\"><\/textarea><\/span>\n\t\t\t<\/p>\n\t\t<\/div>\n\t\t<div class=\"leave-Send\">\n\t\t\t<p><input class=\"wpcf7-form-control wpcf7-submit has-spinner\" type=\"submit\" value=\"Envoyer\" \/>\n\t\t\t<\/p>\n\t\t<\/div>\n\t<\/div>\n<\/div><input type=\"hidden\" id=\"ct_checkjs_cf7_aab3238922bcc25a6f606eb525ffdc56\" name=\"ct_checkjs_cf7\" value=\"0\" \/><script >setTimeout(function(){var ct_input_name = \"ct_checkjs_cf7_aab3238922bcc25a6f606eb525ffdc56\";if (document.getElementById(ct_input_name) !== null) {var ct_input_value = document.getElementById(ct_input_name).value;document.getElementById(ct_input_name).value = document.getElementById(ct_input_name).value.replace(ct_input_value, 'dba04424690aafc408c5cb41194f71da80590051ae3ed0048d37dfc87b0d215e');}}, 1000);<\/script><input\n                    class=\"apbct_special_field apbct_email_id__wp_contact_form_7\"\n                    name=\"apbct__email_id__wp_contact_form_7\"\n                    aria-label=\"apbct__label_id__wp_contact_form_7\"\n                    type=\"text\" size=\"30\" maxlength=\"200\" autocomplete=\"off\"\n                    value=\"\"\n                \/><p style=\"display: none !important;\" class=\"akismet-fields-container\" data-prefix=\"_wpcf7_ak_\"><label>&#916;<textarea name=\"_wpcf7_ak_hp_textarea\" cols=\"45\" rows=\"8\" maxlength=\"100\"><\/textarea><\/label><input type=\"hidden\" id=\"ak_js_1\" name=\"_wpcf7_ak_js\" value=\"75\"\/><script>\ndocument.getElementById( \"ak_js_1\" ).setAttribute( \"value\", ( new Date() ).getTime() );\n<\/script>\n<\/p><div class=\"wpcf7-response-output\" aria-hidden=\"true\"><\/div>\n<input type=\"hidden\" name=\"trp-form-language\" value=\"fr\"\/><\/form>\n<\/div>\n\n<div style='text-align:left' class='yasr-auto-insert-visitor'><\/div>","protected":false},"excerpt":{"rendered":"<p>Industrial popcorn seasoning machine, also known as popcorn flavoring machine, is designed to add various flavors and seasons to large quantity of popcorn. Due to innovative designs, the industrial flavoring drum machines can ensure consistent and uniform flavored popcorn. All of our industrial popcorn flavoring machines can be customized in materials, capacity and so on &#8230; <a title=\"Machine industrielle \u00e0 assaisonner le pop-corn\" class=\"read-more\" href=\"https:\/\/www.snackfoodm.com\/fr\/industrial-popcorn-seasoning-machine\/\" aria-label=\"Plus sur Industrial Popcorn Seasoning Machine\">Lire plus<\/a><\/p>","protected":false},"author":1,"featured_media":0,"parent":0,"menu_order":0,"comment_status":"closed","ping_status":"closed","template":"","meta":{"generate_page_header":"","yasr_overall_rating":0,"yasr_post_is_review":"","yasr_auto_insert_disabled":"","yasr_review_type":"","footnotes":""},"class_list":["post-1347","page","type-page","status-publish"],"yoast_head":"<!-- This site is optimized with the Yoast SEO plugin v25.8 - https:\/\/yoast.com\/wordpress\/plugins\/seo\/ -->\n<title>Industrial Popcorn Seasoning Machine - Caramel Popcorn Flavoring Line<\/title>\n<meta name=\"description\" content=\"Industrial popcorn seasoning machine manufacturer and supplier. Quality customized caramel popcorn flavoring line. Get solutions now.\" \/>\n<meta name=\"robots\" content=\"index, follow, max-snippet:-1, max-image-preview:large, max-video-preview:-1\" \/>\n<link rel=\"canonical\" href=\"https:\/\/www.snackfoodm.com\/fr\/industrial-popcorn-seasoning-machine\/\" \/>\n<meta property=\"og:locale\" content=\"fr_FR\" \/>\n<meta property=\"og:type\" content=\"article\" \/>\n<meta property=\"og:title\" content=\"Industrial Popcorn Seasoning Machine - Caramel Popcorn Flavoring Line\" \/>\n<meta property=\"og:description\" content=\"Industrial popcorn seasoning machine manufacturer and supplier. Quality customized caramel popcorn flavoring line. Get solutions now.\" \/>\n<meta property=\"og:url\" content=\"https:\/\/www.snackfoodm.com\/fr\/industrial-popcorn-seasoning-machine\/\" \/>\n<meta property=\"og:site_name\" content=\"Professional Potato Chips and French Fry Process Line Manufacturer\" \/>\n<meta property=\"og:image\" content=\"https:\/\/www.snackfoodm.com\/wp-content\/uploads\/2020\/11\/industrial-popcorn-flavoring-machine.jpg\" \/>\n<meta name=\"twitter:card\" content=\"summary_large_image\" \/>\n<meta name=\"twitter:label1\" content=\"Dur\u00e9e de lecture estim\u00e9e\" \/>\n\t<meta name=\"twitter:data1\" content=\"1 minute\" \/>\n<script type=\"application\/ld+json\" class=\"yoast-schema-graph\">{\"@context\":\"https:\/\/schema.org\",\"@graph\":[{\"@type\":\"WebPage\",\"@id\":\"https:\/\/www.snackfoodm.com\/industrial-popcorn-seasoning-machine\/\",\"url\":\"https:\/\/www.snackfoodm.com\/industrial-popcorn-seasoning-machine\/\",\"name\":\"Industrial Popcorn Seasoning Machine - Caramel Popcorn Flavoring Line\",\"isPartOf\":{\"@id\":\"https:\/\/www.snackfoodm.com\/#website\"},\"primaryImageOfPage\":{\"@id\":\"https:\/\/www.snackfoodm.com\/industrial-popcorn-seasoning-machine\/#primaryimage\"},\"image\":{\"@id\":\"https:\/\/www.snackfoodm.com\/industrial-popcorn-seasoning-machine\/#primaryimage\"},\"thumbnailUrl\":\"https:\/\/www.snackfoodm.com\/wp-content\/uploads\/2020\/11\/industrial-popcorn-flavoring-machine.jpg\",\"datePublished\":\"2020-11-17T11:36:36+00:00\",\"description\":\"Industrial popcorn seasoning machine manufacturer and supplier. Quality customized caramel popcorn flavoring line. Get solutions now.\",\"breadcrumb\":{\"@id\":\"https:\/\/www.snackfoodm.com\/industrial-popcorn-seasoning-machine\/#breadcrumb\"},\"inLanguage\":\"fr-FR\",\"potentialAction\":[{\"@type\":\"ReadAction\",\"target\":[\"https:\/\/www.snackfoodm.com\/industrial-popcorn-seasoning-machine\/\"]}]},{\"@type\":\"ImageObject\",\"inLanguage\":\"fr-FR\",\"@id\":\"https:\/\/www.snackfoodm.com\/industrial-popcorn-seasoning-machine\/#primaryimage\",\"url\":\"https:\/\/www.snackfoodm.com\/wp-content\/uploads\/2020\/11\/industrial-popcorn-flavoring-machine.jpg\",\"contentUrl\":\"https:\/\/www.snackfoodm.com\/wp-content\/uploads\/2020\/11\/industrial-popcorn-flavoring-machine.jpg\"},{\"@type\":\"BreadcrumbList\",\"@id\":\"https:\/\/www.snackfoodm.com\/industrial-popcorn-seasoning-machine\/#breadcrumb\",\"itemListElement\":[{\"@type\":\"ListItem\",\"position\":1,\"name\":\"\u9996\u9875\",\"item\":\"https:\/\/www.snackfoodm.com\/\"},{\"@type\":\"ListItem\",\"position\":2,\"name\":\"Industrial Popcorn Seasoning Machine\"}]},{\"@type\":\"WebSite\",\"@id\":\"https:\/\/www.snackfoodm.com\/#website\",\"url\":\"https:\/\/www.snackfoodm.com\/\",\"name\":\"Professional Potato Chips and French Fry Process Line Manufacturer\",\"description\":\"Turnkey Solutions for Chips and French Fries Production Line\",\"publisher\":{\"@id\":\"https:\/\/www.snackfoodm.com\/#organization\"},\"potentialAction\":[{\"@type\":\"SearchAction\",\"target\":{\"@type\":\"EntryPoint\",\"urlTemplate\":\"https:\/\/www.snackfoodm.com\/?s={search_term_string}\"},\"query-input\":{\"@type\":\"PropertyValueSpecification\",\"valueRequired\":true,\"valueName\":\"search_term_string\"}}],\"inLanguage\":\"fr-FR\"},{\"@type\":\"Organization\",\"@id\":\"https:\/\/www.snackfoodm.com\/#organization\",\"name\":\"Professional Potato Chips and French Fry Process Line Manufacturer\",\"url\":\"https:\/\/www.snackfoodm.com\/\",\"logo\":{\"@type\":\"ImageObject\",\"inLanguage\":\"fr-FR\",\"@id\":\"https:\/\/www.snackfoodm.com\/#\/schema\/logo\/image\/\",\"url\":\"https:\/\/www.snackfoodm.com\/wp-content\/uploads\/2020\/02\/cropped-\u65b0\u7248LOGO1-3.png\",\"contentUrl\":\"https:\/\/www.snackfoodm.com\/wp-content\/uploads\/2020\/02\/cropped-\u65b0\u7248LOGO1-3.png\",\"width\":163,\"height\":85,\"caption\":\"Professional Potato Chips and French Fry Process Line Manufacturer\"},\"image\":{\"@id\":\"https:\/\/www.snackfoodm.com\/#\/schema\/logo\/image\/\"}},false]}<\/script>\n<!-- \/ Yoast SEO plugin. -->","yoast_head_json":{"title":"Machine industrielle \u00e0 assaisonner le pop-corn - Ligne d'aromatisation de pop-corn au caramel","description":"Fabricant et fournisseur de machines industrielles pour l'assaisonnement du pop-corn. Ligne d'aromatisation de ma\u00efs souffl\u00e9 au caramel de qualit\u00e9 et personnalis\u00e9e. Obtenez des solutions maintenant.","robots":{"index":"index","follow":"follow","max-snippet":"max-snippet:-1","max-image-preview":"max-image-preview:large","max-video-preview":"max-video-preview:-1"},"canonical":"https:\/\/www.snackfoodm.com\/fr\/industrial-popcorn-seasoning-machine\/","og_locale":"fr_FR","og_type":"article","og_title":"Industrial Popcorn Seasoning Machine - Caramel Popcorn Flavoring Line","og_description":"Industrial popcorn seasoning machine manufacturer and supplier. Quality customized caramel popcorn flavoring line. Get solutions now.","og_url":"https:\/\/www.snackfoodm.com\/fr\/industrial-popcorn-seasoning-machine\/","og_site_name":"Professional Potato Chips and French Fry Process Line Manufacturer","og_image":[{"url":"https:\/\/www.snackfoodm.com\/wp-content\/uploads\/2020\/11\/industrial-popcorn-flavoring-machine.jpg","type":"","width":"","height":""}],"twitter_card":"summary_large_image","twitter_misc":{"Dur\u00e9e de lecture estim\u00e9e":"1 minute"},"schema":{"@context":"https:\/\/schema.org","@graph":[{"@type":"WebPage","@id":"https:\/\/www.snackfoodm.com\/industrial-popcorn-seasoning-machine\/","url":"https:\/\/www.snackfoodm.com\/industrial-popcorn-seasoning-machine\/","name":"Machine industrielle \u00e0 assaisonner le pop-corn - Ligne d'aromatisation de pop-corn au caramel","isPartOf":{"@id":"https:\/\/www.snackfoodm.com\/#website"},"primaryImageOfPage":{"@id":"https:\/\/www.snackfoodm.com\/industrial-popcorn-seasoning-machine\/#primaryimage"},"image":{"@id":"https:\/\/www.snackfoodm.com\/industrial-popcorn-seasoning-machine\/#primaryimage"},"thumbnailUrl":"https:\/\/www.snackfoodm.com\/wp-content\/uploads\/2020\/11\/industrial-popcorn-flavoring-machine.jpg","datePublished":"2020-11-17T11:36:36+00:00","description":"Fabricant et fournisseur de machines industrielles pour l'assaisonnement du pop-corn. Ligne d'aromatisation de ma\u00efs souffl\u00e9 au caramel de qualit\u00e9 et personnalis\u00e9e. Obtenez des solutions maintenant.","breadcrumb":{"@id":"https:\/\/www.snackfoodm.com\/industrial-popcorn-seasoning-machine\/#breadcrumb"},"inLanguage":"fr-FR","potentialAction":[{"@type":"ReadAction","target":["https:\/\/www.snackfoodm.com\/industrial-popcorn-seasoning-machine\/"]}]},{"@type":"ImageObject","inLanguage":"fr-FR","@id":"https:\/\/www.snackfoodm.com\/industrial-popcorn-seasoning-machine\/#primaryimage","url":"https:\/\/www.snackfoodm.com\/wp-content\/uploads\/2020\/11\/industrial-popcorn-flavoring-machine.jpg","contentUrl":"https:\/\/www.snackfoodm.com\/wp-content\/uploads\/2020\/11\/industrial-popcorn-flavoring-machine.jpg"},{"@type":"BreadcrumbList","@id":"https:\/\/www.snackfoodm.com\/industrial-popcorn-seasoning-machine\/#breadcrumb","itemListElement":[{"@type":"ListItem","position":1,"name":"\u9996\u9875","item":"https:\/\/www.snackfoodm.com\/"},{"@type":"ListItem","position":2,"name":"Industrial Popcorn Seasoning Machine"}]},{"@type":"WebSite","@id":"https:\/\/www.snackfoodm.com\/#website","url":"https:\/\/www.snackfoodm.com\/","name":"Fabricant professionnel de lignes de production de chips et de frites","description":"Solutions cl\u00e9s en main pour une ligne de production de chips et de frites","publisher":{"@id":"https:\/\/www.snackfoodm.com\/#organization"},"potentialAction":[{"@type":"SearchAction","target":{"@type":"EntryPoint","urlTemplate":"https:\/\/www.snackfoodm.com\/?s={search_term_string}"},"query-input":{"@type":"PropertyValueSpecification","valueRequired":true,"valueName":"search_term_string"}}],"inLanguage":"fr-FR"},{"@type":"Organization","@id":"https:\/\/www.snackfoodm.com\/#organization","name":"Fabricant professionnel de lignes de production de chips et de frites","url":"https:\/\/www.snackfoodm.com\/","logo":{"@type":"ImageObject","inLanguage":"fr-FR","@id":"https:\/\/www.snackfoodm.com\/#\/schema\/logo\/image\/","url":"https:\/\/www.snackfoodm.com\/wp-content\/uploads\/2020\/02\/cropped-\u65b0\u7248LOGO1-3.png","contentUrl":"https:\/\/www.snackfoodm.com\/wp-content\/uploads\/2020\/02\/cropped-\u65b0\u7248LOGO1-3.png","width":163,"height":85,"caption":"Professional Potato Chips and French Fry Process Line Manufacturer"},"image":{"@id":"https:\/\/www.snackfoodm.com\/#\/schema\/logo\/image\/"}},false]}},"yasr_visitor_votes":{"stars_attributes":{"read_only":false,"span_bottom":false},"number_of_votes":0,"sum_votes":0},"_links":{"self":[{"href":"https:\/\/www.snackfoodm.com\/fr\/wp-json\/wp\/v2\/pages\/1347","targetHints":{"allow":["GET"]}}],"collection":[{"href":"https:\/\/www.snackfoodm.com\/fr\/wp-json\/wp\/v2\/pages"}],"about":[{"href":"https:\/\/www.snackfoodm.com\/fr\/wp-json\/wp\/v2\/types\/page"}],"author":[{"embeddable":true,"href":"https:\/\/www.snackfoodm.com\/fr\/wp-json\/wp\/v2\/users\/1"}],"replies":[{"embeddable":true,"href":"https:\/\/www.snackfoodm.com\/fr\/wp-json\/wp\/v2\/comments?post=1347"}],"version-history":[{"count":2,"href":"https:\/\/www.snackfoodm.com\/fr\/wp-json\/wp\/v2\/pages\/1347\/revisions"}],"predecessor-version":[{"id":1350,"href":"https:\/\/www.snackfoodm.com\/fr\/wp-json\/wp\/v2\/pages\/1347\/revisions\/1350"}],"wp:attachment":[{"href":"https:\/\/www.snackfoodm.com\/fr\/wp-json\/wp\/v2\/media?parent=1347"}],"curies":[{"name":"wp","href":"https:\/\/api.w.org\/{rel}","templated":true}]}}