{"id":1438,"date":"2022-07-13T18:53:00","date_gmt":"2022-07-13T10:53:00","guid":{"rendered":"https:\/\/www.snackfoodm.com\/?page_id=1438"},"modified":"2022-07-13T20:17:04","modified_gmt":"2022-07-13T12:17:04","slug":"green-bean-wash-blanch-freezing","status":"publish","type":"page","link":"https:\/\/www.snackfoodm.com\/fr\/green-bean-wash-blanch-freezing\/","title":{"rendered":"Ligne de traitement des haricots verts surgel\u00e9s avec lavage, blanchiment et cong\u00e9lation"},"content":{"rendered":"<p>Les haricots verts, \u00e9galement appel\u00e9s haricots \u00e0 fil, sont riches en prot\u00e9ines, en antioxydants, en carot\u00e8ne, en vitamine K, etc. et sont connus comme la viande des l\u00e9gumes. Ils ont des propri\u00e9t\u00e9s anti-inflammatoires et renforcent les os.<br \/>\nDans la restauration rapide de plus en plus populaire, avec l'apparition des haricots verts surgel\u00e9s, les haricots verts surgel\u00e9s lav\u00e9s et blanchis peuvent d\u00e9sormais \u00eatre achet\u00e9s dans les supermarch\u00e9s. En les achetant chez soi et en les manipulant un peu, on peut r\u00e9aliser des plats d\u00e9licieux. Aujourd'hui, je vous emm\u00e8ne dans l'usine de recherche et de d\u00e9veloppement de notre entreprise pour vous faire d\u00e9couvrir le processus de fabrication des haricots verts surgel\u00e9s. <strong>nettoyage, blanchiment et cong\u00e9lation rapide des haricots verts.<\/strong><\/p>\n<h2>1. Comment laver les haricots ?<\/h2>\n<p>Les haricots sont nettoy\u00e9s \u00e0 l'aide d'une machine \u00e0 laver \u00e0 bulles d'air.<br \/>\nLes haricots verts cueillis p\u00e9n\u00e8trent dans le r\u00e9servoir d'eau de la machine \u00e0 laver les haricots verts par le biais de l'\u00e9quipement de levage et sont enti\u00e8rement dispers\u00e9s, roul\u00e9s, nettoy\u00e9s et transport\u00e9s sous l'action du flux d'eau \u00e0 haute pression et des fortes bulles. Les s\u00e9diments \u00e9lu\u00e9s de la surface des haricots verts tombent dans le bac d'isolement du fond et ne causent pas de re-pollution en raison du retournement et du reflux. Les d\u00e9bris et les vers flottant dans l'eau sont collect\u00e9s par les mailles du m\u00e9canisme d'\u00e9limination des d\u00e9bris et d\u00e9vers\u00e9s dans le sac en nylon du r\u00e9servoir d'eau inf\u00e9rieur, le flux d'eau d\u00e9bordant du r\u00e9servoir d'eau. Les haricots verts lav\u00e9s sont pulv\u00e9ris\u00e9s et nettoy\u00e9s apr\u00e8s l'\u00e9vacuation de l'eau afin de s'assurer qu'ils sont parfaitement nettoy\u00e9s avant d'\u00eatre envoy\u00e9s dans le processus suivant.<\/p>\n<p><img loading=\"lazy\" decoding=\"async\" class=\"alignnone size-full wp-image-1441\" src=\"https:\/\/www.snackfoodm.com\/wp-content\/uploads\/2022\/07\/209.jpg\" alt=\"prix de la machine \u00e0 laver les haricots\" width=\"600\" height=\"600\" srcset=\"https:\/\/www.snackfoodm.com\/wp-content\/uploads\/2022\/07\/209.jpg 600w, https:\/\/www.snackfoodm.com\/wp-content\/uploads\/2022\/07\/209-300x300.jpg 300w, https:\/\/www.snackfoodm.com\/wp-content\/uploads\/2022\/07\/209-150x150.jpg 150w, https:\/\/www.snackfoodm.com\/wp-content\/uploads\/2022\/07\/209-152x152.jpg 152w\" sizes=\"auto, (max-width: 600px) 100vw, 600px\" \/><\/p>\n<h2>2. Comment blanchir les haricots verts ?<\/h2>\n<p>Blanchir les haricots verts permet non seulement d'\u00e9liminer les toxines, mais aussi de conserver une couleur verte uniforme.<br \/>\nEn g\u00e9n\u00e9ral, la machine \u00e0 blanchir les haricots verts est utilis\u00e9e pour blanchir les haricots verts. L'\u00e9quipement est fabriqu\u00e9 en acier inoxydable SUS304 de haute qualit\u00e9, et la temp\u00e9rature et la vitesse de blanchiment des haricots verts peuvent \u00eatre r\u00e9gl\u00e9es en fonction des exigences du processus. La temp\u00e9rature de l'eau de blanchiment est automatiquement contr\u00f4l\u00e9e par le contr\u00f4leur de temp\u00e9rature, et la vitesse est contr\u00f4l\u00e9e par conversion de fr\u00e9quence.<\/p>\n<h2>3. Comment congeler les haricots verts ?<\/h2>\n<p>L'\u00e9quipement de cong\u00e9lation rapide mis au point par notre soci\u00e9t\u00e9 adopte la technologie de cong\u00e9lation rapide unique, qui augmente la zone de contact de l'air froid sur la surface des haricots verts, rend l'\u00e9change de chaleur plus suffisant et plus rapide et permet aux haricots verts de refroidir uniform\u00e9ment. En m\u00eame temps, gr\u00e2ce au dispositif de vibration intermittente, les haricots verts sont continuellement vibr\u00e9s pendant le processus de cong\u00e9lation rapide pour assurer l'int\u00e9grit\u00e9 de l'apparence et peuvent \u00eatre congel\u00e9s et s\u00e9par\u00e9s ind\u00e9pendamment apr\u00e8s une s\u00e9rie d'agitation.<\/p>\n<p><img loading=\"lazy\" decoding=\"async\" class=\"alignnone size-full wp-image-1443\" src=\"https:\/\/www.snackfoodm.com\/wp-content\/uploads\/2022\/07\/210.jpg\" alt=\"machine de traitement des haricots verts surgel\u00e9s\" width=\"600\" height=\"600\" srcset=\"https:\/\/www.snackfoodm.com\/wp-content\/uploads\/2022\/07\/210.jpg 600w, https:\/\/www.snackfoodm.com\/wp-content\/uploads\/2022\/07\/210-300x300.jpg 300w, https:\/\/www.snackfoodm.com\/wp-content\/uploads\/2022\/07\/210-150x150.jpg 150w, https:\/\/www.snackfoodm.com\/wp-content\/uploads\/2022\/07\/210-152x152.jpg 152w\" sizes=\"auto, (max-width: 600px) 100vw, 600px\" \/><\/p>\n<p>Notre soci\u00e9t\u00e9 s'engage \u00e0 respecter des normes \u00e9lev\u00e9es, et la recherche de l'hygi\u00e8ne, de la haute qualit\u00e9, de la durabilit\u00e9 et de la fonctionnalit\u00e9 est ce sur quoi nous mettons l'accent lorsque nous personnalisons les \u00e9quipements de lavage, de blanchiment et de surg\u00e9lation des haricots verts pour nos clients. Notre soci\u00e9t\u00e9 a \u00e9tabli des relations de coop\u00e9ration \u00e9troites avec ses partenaires et tous ses clients, afin de leur fournir des \u00e9quipements de traitement des aliments qui r\u00e9pondent \u00e0 leurs besoins.<\/p>\n<div style='text-align:left' class='yasr-auto-insert-visitor'><\/div>","protected":false},"excerpt":{"rendered":"<p>Green beans also called string beans, which are rich in protein, antioxidants, carotene, vitamin K, etc., and are known as the meat of vegetables. Has anti-inflammatory and strong bones. In today&#8217;s increasingly popular fast food, with the appearance of quick-frozen green beans, washed and blanched quick-frozen green beans can now be bought in supermarkets. You &#8230; <a title=\"Ligne de traitement des haricots verts surgel\u00e9s avec lavage, blanchiment et cong\u00e9lation\" class=\"read-more\" href=\"https:\/\/www.snackfoodm.com\/fr\/green-bean-wash-blanch-freezing\/\" aria-label=\"Plus sur Frozen Green Bean Processing Line With Washing Blanching Freezing\">Lire plus<\/a><\/p>","protected":false},"author":1,"featured_media":0,"parent":0,"menu_order":0,"comment_status":"closed","ping_status":"closed","template":"","meta":{"generate_page_header":"","yasr_overall_rating":0,"yasr_post_is_review":"","yasr_auto_insert_disabled":"","yasr_review_type":"","footnotes":""},"class_list":["post-1438","page","type-page","status-publish"],"yoast_head":"<!-- This site is optimized with the Yoast SEO plugin v25.8 - https:\/\/yoast.com\/wordpress\/plugins\/seo\/ -->\n<title>Frozen Green Bean Processing Line With Washing Blanching Freezing<\/title>\n<meta name=\"description\" content=\"Frozen green bean processing machines main include cleaning, blanching and quick-freezing process of green beans. Green beans are also called string beans.\" \/>\n<meta name=\"robots\" content=\"index, follow, max-snippet:-1, max-image-preview:large, max-video-preview:-1\" \/>\n<link rel=\"canonical\" href=\"https:\/\/www.snackfoodm.com\/fr\/green-bean-wash-blanch-freezing\/\" \/>\n<meta property=\"og:locale\" content=\"fr_FR\" \/>\n<meta property=\"og:type\" content=\"article\" \/>\n<meta property=\"og:title\" content=\"Frozen Green Bean Processing Line With Washing Blanching Freezing\" \/>\n<meta property=\"og:description\" content=\"Frozen green bean processing machines main include cleaning, blanching and quick-freezing process of green beans. Green beans are also called string beans.\" \/>\n<meta property=\"og:url\" content=\"https:\/\/www.snackfoodm.com\/fr\/green-bean-wash-blanch-freezing\/\" \/>\n<meta property=\"og:site_name\" content=\"Professional Potato Chips and French Fry Process Line Manufacturer\" \/>\n<meta property=\"article:modified_time\" content=\"2022-07-13T12:17:04+00:00\" \/>\n<meta property=\"og:image\" content=\"https:\/\/www.snackfoodm.com\/wp-content\/uploads\/2022\/07\/209.jpg\" \/>\n<meta name=\"twitter:card\" content=\"summary_large_image\" \/>\n<meta name=\"twitter:label1\" content=\"Dur\u00e9e de lecture estim\u00e9e\" \/>\n\t<meta name=\"twitter:data1\" content=\"2 minutes\" \/>\n<script type=\"application\/ld+json\" class=\"yoast-schema-graph\">{\"@context\":\"https:\/\/schema.org\",\"@graph\":[{\"@type\":\"WebPage\",\"@id\":\"https:\/\/www.snackfoodm.com\/ru\/green-bean-wash-blanch-freezing\/\",\"url\":\"https:\/\/www.snackfoodm.com\/ru\/green-bean-wash-blanch-freezing\/\",\"name\":\"Frozen Green Bean Processing Line With Washing Blanching Freezing\",\"isPartOf\":{\"@id\":\"https:\/\/www.snackfoodm.com\/#website\"},\"primaryImageOfPage\":{\"@id\":\"https:\/\/www.snackfoodm.com\/ru\/green-bean-wash-blanch-freezing\/#primaryimage\"},\"image\":{\"@id\":\"https:\/\/www.snackfoodm.com\/ru\/green-bean-wash-blanch-freezing\/#primaryimage\"},\"thumbnailUrl\":\"https:\/\/www.snackfoodm.com\/wp-content\/uploads\/2022\/07\/209.jpg\",\"datePublished\":\"2022-07-13T10:53:00+00:00\",\"dateModified\":\"2022-07-13T12:17:04+00:00\",\"description\":\"Frozen green bean processing machines main include cleaning, blanching and quick-freezing process of green beans. Green beans are also called string beans.\",\"breadcrumb\":{\"@id\":\"https:\/\/www.snackfoodm.com\/ru\/green-bean-wash-blanch-freezing\/#breadcrumb\"},\"inLanguage\":\"fr-FR\",\"potentialAction\":[{\"@type\":\"ReadAction\",\"target\":[\"https:\/\/www.snackfoodm.com\/ru\/green-bean-wash-blanch-freezing\/\"]}]},{\"@type\":\"ImageObject\",\"inLanguage\":\"fr-FR\",\"@id\":\"https:\/\/www.snackfoodm.com\/ru\/green-bean-wash-blanch-freezing\/#primaryimage\",\"url\":\"https:\/\/www.snackfoodm.com\/wp-content\/uploads\/2022\/07\/209.jpg\",\"contentUrl\":\"https:\/\/www.snackfoodm.com\/wp-content\/uploads\/2022\/07\/209.jpg\"},{\"@type\":\"BreadcrumbList\",\"@id\":\"https:\/\/www.snackfoodm.com\/ru\/green-bean-wash-blanch-freezing\/#breadcrumb\",\"itemListElement\":[{\"@type\":\"ListItem\",\"position\":1,\"name\":\"\u9996\u9875\",\"item\":\"https:\/\/www.snackfoodm.com\/\"},{\"@type\":\"ListItem\",\"position\":2,\"name\":\"Frozen Green Bean Processing Line With Washing Blanching Freezing\"}]},{\"@type\":\"WebSite\",\"@id\":\"https:\/\/www.snackfoodm.com\/#website\",\"url\":\"https:\/\/www.snackfoodm.com\/\",\"name\":\"Professional Potato Chips and French Fry Process Line Manufacturer\",\"description\":\"Turnkey Solutions for Chips and French Fries Production Line\",\"publisher\":{\"@id\":\"https:\/\/www.snackfoodm.com\/#organization\"},\"potentialAction\":[{\"@type\":\"SearchAction\",\"target\":{\"@type\":\"EntryPoint\",\"urlTemplate\":\"https:\/\/www.snackfoodm.com\/?s={search_term_string}\"},\"query-input\":{\"@type\":\"PropertyValueSpecification\",\"valueRequired\":true,\"valueName\":\"search_term_string\"}}],\"inLanguage\":\"fr-FR\"},{\"@type\":\"Organization\",\"@id\":\"https:\/\/www.snackfoodm.com\/#organization\",\"name\":\"Professional Potato Chips and French Fry Process Line Manufacturer\",\"url\":\"https:\/\/www.snackfoodm.com\/\",\"logo\":{\"@type\":\"ImageObject\",\"inLanguage\":\"fr-FR\",\"@id\":\"https:\/\/www.snackfoodm.com\/#\/schema\/logo\/image\/\",\"url\":\"https:\/\/www.snackfoodm.com\/wp-content\/uploads\/2020\/02\/cropped-\u65b0\u7248LOGO1-3.png\",\"contentUrl\":\"https:\/\/www.snackfoodm.com\/wp-content\/uploads\/2020\/02\/cropped-\u65b0\u7248LOGO1-3.png\",\"width\":163,\"height\":85,\"caption\":\"Professional Potato Chips and French Fry Process Line Manufacturer\"},\"image\":{\"@id\":\"https:\/\/www.snackfoodm.com\/#\/schema\/logo\/image\/\"}},false]}<\/script>\n<!-- \/ Yoast SEO plugin. -->","yoast_head_json":{"title":"Ligne de traitement des haricots verts surgel\u00e9s avec lavage, blanchiment et cong\u00e9lation","description":"Les machines de traitement des haricots verts surgel\u00e9s comprennent principalement le nettoyage, le blanchiment et la surg\u00e9lation des haricots verts. Les haricots verts sont \u00e9galement appel\u00e9s haricots \u00e0 fil.","robots":{"index":"index","follow":"follow","max-snippet":"max-snippet:-1","max-image-preview":"max-image-preview:large","max-video-preview":"max-video-preview:-1"},"canonical":"https:\/\/www.snackfoodm.com\/fr\/green-bean-wash-blanch-freezing\/","og_locale":"fr_FR","og_type":"article","og_title":"Frozen Green Bean Processing Line With Washing Blanching Freezing","og_description":"Frozen green bean processing machines main include cleaning, blanching and quick-freezing process of green beans. Green beans are also called string beans.","og_url":"https:\/\/www.snackfoodm.com\/fr\/green-bean-wash-blanch-freezing\/","og_site_name":"Professional Potato Chips and French Fry Process Line Manufacturer","article_modified_time":"2022-07-13T12:17:04+00:00","og_image":[{"url":"https:\/\/www.snackfoodm.com\/wp-content\/uploads\/2022\/07\/209.jpg","type":"","width":"","height":""}],"twitter_card":"summary_large_image","twitter_misc":{"Dur\u00e9e de lecture estim\u00e9e":"2 minutes"},"schema":{"@context":"https:\/\/schema.org","@graph":[{"@type":"WebPage","@id":"https:\/\/www.snackfoodm.com\/ru\/green-bean-wash-blanch-freezing\/","url":"https:\/\/www.snackfoodm.com\/ru\/green-bean-wash-blanch-freezing\/","name":"Ligne de traitement des haricots verts surgel\u00e9s avec lavage, blanchiment et cong\u00e9lation","isPartOf":{"@id":"https:\/\/www.snackfoodm.com\/#website"},"primaryImageOfPage":{"@id":"https:\/\/www.snackfoodm.com\/ru\/green-bean-wash-blanch-freezing\/#primaryimage"},"image":{"@id":"https:\/\/www.snackfoodm.com\/ru\/green-bean-wash-blanch-freezing\/#primaryimage"},"thumbnailUrl":"https:\/\/www.snackfoodm.com\/wp-content\/uploads\/2022\/07\/209.jpg","datePublished":"2022-07-13T10:53:00+00:00","dateModified":"2022-07-13T12:17:04+00:00","description":"Les machines de traitement des haricots verts surgel\u00e9s comprennent principalement le nettoyage, le blanchiment et la surg\u00e9lation des haricots verts. Les haricots verts sont \u00e9galement appel\u00e9s haricots \u00e0 fil.","breadcrumb":{"@id":"https:\/\/www.snackfoodm.com\/ru\/green-bean-wash-blanch-freezing\/#breadcrumb"},"inLanguage":"fr-FR","potentialAction":[{"@type":"ReadAction","target":["https:\/\/www.snackfoodm.com\/ru\/green-bean-wash-blanch-freezing\/"]}]},{"@type":"ImageObject","inLanguage":"fr-FR","@id":"https:\/\/www.snackfoodm.com\/ru\/green-bean-wash-blanch-freezing\/#primaryimage","url":"https:\/\/www.snackfoodm.com\/wp-content\/uploads\/2022\/07\/209.jpg","contentUrl":"https:\/\/www.snackfoodm.com\/wp-content\/uploads\/2022\/07\/209.jpg"},{"@type":"BreadcrumbList","@id":"https:\/\/www.snackfoodm.com\/ru\/green-bean-wash-blanch-freezing\/#breadcrumb","itemListElement":[{"@type":"ListItem","position":1,"name":"\u9996\u9875","item":"https:\/\/www.snackfoodm.com\/"},{"@type":"ListItem","position":2,"name":"Frozen Green Bean Processing Line With Washing Blanching Freezing"}]},{"@type":"WebSite","@id":"https:\/\/www.snackfoodm.com\/#website","url":"https:\/\/www.snackfoodm.com\/","name":"Fabricant professionnel de lignes de production de chips et de frites","description":"Solutions cl\u00e9s en main pour une ligne de production de chips et de frites","publisher":{"@id":"https:\/\/www.snackfoodm.com\/#organization"},"potentialAction":[{"@type":"SearchAction","target":{"@type":"EntryPoint","urlTemplate":"https:\/\/www.snackfoodm.com\/?s={search_term_string}"},"query-input":{"@type":"PropertyValueSpecification","valueRequired":true,"valueName":"search_term_string"}}],"inLanguage":"fr-FR"},{"@type":"Organization","@id":"https:\/\/www.snackfoodm.com\/#organization","name":"Fabricant professionnel de lignes de production de chips et de frites","url":"https:\/\/www.snackfoodm.com\/","logo":{"@type":"ImageObject","inLanguage":"fr-FR","@id":"https:\/\/www.snackfoodm.com\/#\/schema\/logo\/image\/","url":"https:\/\/www.snackfoodm.com\/wp-content\/uploads\/2020\/02\/cropped-\u65b0\u7248LOGO1-3.png","contentUrl":"https:\/\/www.snackfoodm.com\/wp-content\/uploads\/2020\/02\/cropped-\u65b0\u7248LOGO1-3.png","width":163,"height":85,"caption":"Professional Potato Chips and French Fry Process Line Manufacturer"},"image":{"@id":"https:\/\/www.snackfoodm.com\/#\/schema\/logo\/image\/"}},false]}},"yasr_visitor_votes":{"stars_attributes":{"read_only":false,"span_bottom":false},"number_of_votes":0,"sum_votes":0},"_links":{"self":[{"href":"https:\/\/www.snackfoodm.com\/fr\/wp-json\/wp\/v2\/pages\/1438","targetHints":{"allow":["GET"]}}],"collection":[{"href":"https:\/\/www.snackfoodm.com\/fr\/wp-json\/wp\/v2\/pages"}],"about":[{"href":"https:\/\/www.snackfoodm.com\/fr\/wp-json\/wp\/v2\/types\/page"}],"author":[{"embeddable":true,"href":"https:\/\/www.snackfoodm.com\/fr\/wp-json\/wp\/v2\/users\/1"}],"replies":[{"embeddable":true,"href":"https:\/\/www.snackfoodm.com\/fr\/wp-json\/wp\/v2\/comments?post=1438"}],"version-history":[{"count":4,"href":"https:\/\/www.snackfoodm.com\/fr\/wp-json\/wp\/v2\/pages\/1438\/revisions"}],"predecessor-version":[{"id":1444,"href":"https:\/\/www.snackfoodm.com\/fr\/wp-json\/wp\/v2\/pages\/1438\/revisions\/1444"}],"wp:attachment":[{"href":"https:\/\/www.snackfoodm.com\/fr\/wp-json\/wp\/v2\/media?parent=1438"}],"curies":[{"name":"wp","href":"https:\/\/api.w.org\/{rel}","templated":true}]}}