{"id":1447,"date":"2022-09-07T16:00:18","date_gmt":"2022-09-07T08:00:18","guid":{"rendered":"https:\/\/www.snackfoodm.com\/?page_id=1447"},"modified":"2022-09-07T16:16:18","modified_gmt":"2022-09-07T08:16:18","slug":"sushi-seaweed-fry-machine","status":"publish","type":"page","link":"https:\/\/www.snackfoodm.com\/fr\/sushi-seaweed-fry-machine\/","title":{"rendered":"Machine \u00e0 frire les rouleaux de Sushi Maki frits"},"content":{"rendered":"<p><strong>Machine \u00e0 fabriquer des rouleaux de sushi frits<\/strong> est un produit qui <strong>friture d'algues<\/strong>. La forme des algues est conserv\u00e9e, et la production et l'\u00e9quipement peuvent \u00eatre personnalis\u00e9s en fonction des besoins des clients.<\/p>\n<p><strong>Rouleaux de maki frits<\/strong> sont \u00e9galement devenus populaires parce qu'ils utilisent des ingr\u00e9dients frais et r\u00e9pondent \u00e0 un r\u00e9gime alimentaire sain. Les sushis frits sont plus agr\u00e9ables \u00e0 regarder, plus app\u00e9tissants, et plaisent aux amateurs de cuisine qui privil\u00e9gient le go\u00fbt et la commodit\u00e9 par rapport aux calories. Les rouleaux de sushi frits disponibles dans les grands supermarch\u00e9s sont d\u00e9sormais trait\u00e9s dans la ligne de friture de l'usine, dont le c\u0153ur est la friteuse continue.<\/p>\n<p>Nous vous pr\u00e9senterons le processus de traitement sp\u00e9cifique, les caract\u00e9ristiques et les avantages de la machine \u00e0 frire les rouleaux de sushi - machine \u00e0 frire en continu.<\/p>\n<h2>Machine \u00e0 frire les rouleaux de sushi frits - Application sp\u00e9cifique de la machine \u00e0 frire en continu<\/h2>\n<p><strong>Machine \u00e0 frire les rouleaux de sushi<\/strong> - La friteuse continue est remplie d'huile apr\u00e8s que la machine d'essai est normale. Une fois que le chauffage a atteint la temp\u00e9rature de friture, le processus de friture peut commencer. La temp\u00e9rature de friture g\u00e9n\u00e9rale est de 180 \u2103, et le r\u00e9glage sp\u00e9cifique de la temp\u00e9rature d\u00e9pend de la technologie de traitement locale.<\/p>\n<p>Les rouleaux de sushi pr\u00e9par\u00e9s passent par l'\u00e9l\u00e9vateur et entrent ensuite dans la friteuse en continu pour \u00eatre frits. La conception des tapis \u00e0 double couche sup\u00e9rieure et inf\u00e9rieure de la machine \u00e0 frire permet aux rouleaux de sushi de conserver une couleur de friture uniforme lorsqu'ils flottent pendant le processus de friture. Les rouleaux de sushi frits sont transport\u00e9s par une bande \u00e0 mailles, et la vitesse de la bande \u00e0 mailles peut \u00eatre r\u00e9gl\u00e9e \u00e0 volont\u00e9 en fonction des besoins du client. La machine \u00e0 frire les sushis est \u00e9quip\u00e9e d'un syst\u00e8me de r\u00e9approvisionnement automatique en huile, qui permet de r\u00e9approvisionner \u00e0 tout moment l'huile consomm\u00e9e pendant l'utilisation de l'\u00e9quipement. Une fois le processus de friture termin\u00e9, le tuyau de chauffage est \u00e9teint et la pompe de circulation d'huile continue de fonctionner pour refroidir la temp\u00e9rature de l'huile. En fonction de la situation, il est possible de transf\u00e9rer l'huile dans le r\u00e9servoir d'huile ou de la stocker dans la friteuse. La friteuse de rouleaux de maki frits en continu peut \u00eatre combin\u00e9e \u00e0 d'autres \u00e9quipements automatis\u00e9s pour former une ligne de production automatis\u00e9e, ce qui am\u00e9liore consid\u00e9rablement l'efficacit\u00e9 du travail.<\/p>\n<p><a class=\"fancybox\" href=\"#contact_form_pop\"><strong class=\"button\">Obtenir des prix<\/strong><\/a><\/p>\n<figure id=\"attachment_1451\" aria-describedby=\"caption-attachment-1451\" style=\"width: 590px\" class=\"wp-caption aligncenter\"><img loading=\"lazy\" decoding=\"async\" class=\"wp-image-1451 size-full\" src=\"https:\/\/www.snackfoodm.com\/wp-content\/uploads\/2022\/09\/4.jpg\" alt=\"machine \u00e0 frire les algues pour sushi\" width=\"600\" height=\"600\" srcset=\"https:\/\/www.snackfoodm.com\/wp-content\/uploads\/2022\/09\/4.jpg 600w, https:\/\/www.snackfoodm.com\/wp-content\/uploads\/2022\/09\/4-300x300.jpg 300w, https:\/\/www.snackfoodm.com\/wp-content\/uploads\/2022\/09\/4-150x150.jpg 150w, https:\/\/www.snackfoodm.com\/wp-content\/uploads\/2022\/09\/4-152x152.jpg 152w\" sizes=\"auto, (max-width: 600px) 100vw, 600px\" \/><figcaption id=\"caption-attachment-1451\" class=\"wp-caption-text\">machine \u00e0 frire les algues pour sushi<\/figcaption><\/figure>\n<h2 style=\"text-align: center;\"><a class=\"fancybox\" href=\"#contact_form_pop\"><strong class=\"button\">Obtenir des prix<\/strong><\/a><\/h2>\n<h2>Machine \u00e0 frire les rouleaux de sushi frits - Caract\u00e9ristiques de la machine \u00e0 frire en continu<\/h2>\n<p>Le <strong>machine \u00e0 frire les algues en continu<\/strong> adopte la m\u00e9thode de chauffage \u00e0 partir du milieu de la couche d'huile pour contr\u00f4ler la temp\u00e9rature des couches d'huile sup\u00e9rieure et inf\u00e9rieure, r\u00e9duire efficacement le degr\u00e9 d'oxydation de l'huile de friture et inhiber l'augmentation de la temp\u00e9rature du milieu acide, prolongeant ainsi la dur\u00e9e de vie de l'huile de friture. L'huile de friture reste propre, de sorte que la couleur des rouleaux de sushi frits est uniforme et coh\u00e9rente, ce qui non seulement am\u00e9liore la qualit\u00e9 du produit, mais aussi prolonge la dur\u00e9e de conservation et apporte une plus grande valeur ajout\u00e9e aux rouleaux de sushi frits. La configuration et le contr\u00f4le m\u00e9caniques avanc\u00e9s peuvent toujours maintenir une bonne condition de travail, ce qui non seulement am\u00e9liore le rendement mais rend \u00e9galement la qualit\u00e9 des rouleaux de sushi stable, et la couleur, l'ar\u00f4me et le go\u00fbt sont unifi\u00e9s.<\/p>\n<h2>Machine \u00e0 frire les rouleaux de makis frits - Avantages de la machine \u00e0 frire en continu<\/h2>\n<p>La friteuse continue pour sushi adopte la technologie de production d'\u00e9quipement de friture la plus avanc\u00e9e au monde, ce qui modifie compl\u00e8tement la structure de l'\u00e9quipement de friture traditionnel et r\u00e9sout fondamentalement les inconv\u00e9nients de la po\u00eale \u00e0 frire traditionnelle. Filtrage automatique, contr\u00f4le intelligent de la temp\u00e9rature, chauffage automatique, d\u00e9charge automatique, etc., r\u00e9duisant efficacement les co\u00fbts de main-d'\u0153uvre, plus pratique et plus intelligent. L'\u00e9lectricit\u00e9, l'huile de transfert de chaleur, le gaz naturel, le gaz liqu\u00e9fi\u00e9, le chauffage par circulation externe et d'autres m\u00e9thodes peuvent \u00eatre utilis\u00e9s. Il peut frire des aliments c\u00e9l\u00e8bres en m\u00eame temps, sans qu'ils ne se sentent les uns les autres. Cette machine est polyvalente. Elle peut \u00eatre utilis\u00e9e dans les grandes usines alimentaires et peut produire la plupart des snacks frits, tels que les frites, les chips, les beignets, les cacahu\u00e8tes et d'autres aliments.<\/p>\n<p>Le <strong>machine \u00e0 frire les rouleaux de sushi<\/strong> D\u00e9velopp\u00e9e par notre soci\u00e9t\u00e9, la machine \u00e0 frire en continu a une grande efficacit\u00e9, un rendement \u00e9lev\u00e9, des produits frits de haute qualit\u00e9 et permet d'\u00e9conomiser l'huile de friture. Au fil des ans, elle a \u00e9t\u00e9 largement pl\u00e9biscit\u00e9e par plus de 2 000 entreprises coop\u00e9ratives. Si vous souhaitez en savoir plus sur la friture des rouleaux de sushi, n'h\u00e9sitez pas \u00e0 nous contacter par t\u00e9l\u00e9phone.<\/p>\n<div style='text-align:left' class='yasr-auto-insert-visitor'><\/div>","protected":false},"excerpt":{"rendered":"<p>Deep fried sushi rolls making machine is a product that fry seaweed. The shape of the seaweed is maintained, and the output and equipment can be customized according to the needs of customers. Deep fried maki rolls have also become popular because they use fresh ingredients and satisfy a healthy diet. Deep-fried sushi rolls look &#8230; <a title=\"Machine \u00e0 frire les rouleaux de Sushi Maki frits\" class=\"read-more\" href=\"https:\/\/www.snackfoodm.com\/fr\/sushi-seaweed-fry-machine\/\" aria-label=\"Plus sur Deep Fried Sushi Maki Rolls Frying Machine\">Lire plus<\/a><\/p>","protected":false},"author":1,"featured_media":1451,"parent":0,"menu_order":0,"comment_status":"closed","ping_status":"closed","template":"","meta":{"generate_page_header":"","yasr_overall_rating":0,"yasr_post_is_review":"","yasr_auto_insert_disabled":"","yasr_review_type":"","footnotes":""},"class_list":["post-1447","page","type-page","status-publish","has-post-thumbnail"],"yoast_head":"<!-- This site is optimized with the Yoast SEO plugin v25.8 - https:\/\/yoast.com\/wordpress\/plugins\/seo\/ -->\n<title>Deep Fried Sushi Maki Rolls Frying Machine<\/title>\n<meta name=\"description\" content=\"Deep fried sushi rolls making machine is a product that frys seaweed. The shape of the seaweed is maintained, and also can be customized according detail requirement.\" \/>\n<meta name=\"robots\" content=\"index, follow, max-snippet:-1, max-image-preview:large, max-video-preview:-1\" \/>\n<link rel=\"canonical\" href=\"https:\/\/www.snackfoodm.com\/fr\/sushi-seaweed-fry-machine\/\" \/>\n<meta property=\"og:locale\" content=\"fr_FR\" \/>\n<meta property=\"og:type\" content=\"article\" \/>\n<meta property=\"og:title\" content=\"Deep Fried Sushi Maki Rolls Frying Machine\" \/>\n<meta property=\"og:description\" content=\"Deep fried sushi rolls making machine is a product that frys seaweed. The shape of the seaweed is maintained, and also can be customized according detail requirement.\" \/>\n<meta property=\"og:url\" content=\"https:\/\/www.snackfoodm.com\/fr\/sushi-seaweed-fry-machine\/\" \/>\n<meta property=\"og:site_name\" content=\"Professional Potato Chips and French Fry Process Line Manufacturer\" \/>\n<meta property=\"article:modified_time\" content=\"2022-09-07T08:16:18+00:00\" \/>\n<meta property=\"og:image\" content=\"https:\/\/www.snackfoodm.com\/wp-content\/uploads\/2022\/09\/4.jpg\" \/>\n\t<meta property=\"og:image:width\" content=\"600\" \/>\n\t<meta property=\"og:image:height\" content=\"600\" \/>\n\t<meta property=\"og:image:type\" content=\"image\/jpeg\" \/>\n<meta name=\"twitter:card\" content=\"summary_large_image\" \/>\n<meta name=\"twitter:label1\" content=\"Dur\u00e9e de lecture estim\u00e9e\" \/>\n\t<meta name=\"twitter:data1\" content=\"3 minutes\" \/>\n<script type=\"application\/ld+json\" class=\"yoast-schema-graph\">{\"@context\":\"https:\/\/schema.org\",\"@graph\":[{\"@type\":\"WebPage\",\"@id\":\"https:\/\/www.snackfoodm.com\/sushi-seaweed-fry-machine\/\",\"url\":\"https:\/\/www.snackfoodm.com\/sushi-seaweed-fry-machine\/\",\"name\":\"Deep Fried Sushi Maki Rolls Frying Machine\",\"isPartOf\":{\"@id\":\"https:\/\/www.snackfoodm.com\/#website\"},\"primaryImageOfPage\":{\"@id\":\"https:\/\/www.snackfoodm.com\/sushi-seaweed-fry-machine\/#primaryimage\"},\"image\":{\"@id\":\"https:\/\/www.snackfoodm.com\/sushi-seaweed-fry-machine\/#primaryimage\"},\"thumbnailUrl\":\"https:\/\/www.snackfoodm.com\/wp-content\/uploads\/2022\/09\/4.jpg\",\"datePublished\":\"2022-09-07T08:00:18+00:00\",\"dateModified\":\"2022-09-07T08:16:18+00:00\",\"description\":\"Deep fried sushi rolls making machine is a product that frys seaweed. The shape of the seaweed is maintained, and also can be customized according detail requirement.\",\"breadcrumb\":{\"@id\":\"https:\/\/www.snackfoodm.com\/sushi-seaweed-fry-machine\/#breadcrumb\"},\"inLanguage\":\"fr-FR\",\"potentialAction\":[{\"@type\":\"ReadAction\",\"target\":[\"https:\/\/www.snackfoodm.com\/sushi-seaweed-fry-machine\/\"]}]},{\"@type\":\"ImageObject\",\"inLanguage\":\"fr-FR\",\"@id\":\"https:\/\/www.snackfoodm.com\/sushi-seaweed-fry-machine\/#primaryimage\",\"url\":\"https:\/\/www.snackfoodm.com\/wp-content\/uploads\/2022\/09\/4.jpg\",\"contentUrl\":\"https:\/\/www.snackfoodm.com\/wp-content\/uploads\/2022\/09\/4.jpg\",\"width\":600,\"height\":600,\"caption\":\"sushi seaweed frying machine\"},{\"@type\":\"BreadcrumbList\",\"@id\":\"https:\/\/www.snackfoodm.com\/sushi-seaweed-fry-machine\/#breadcrumb\",\"itemListElement\":[{\"@type\":\"ListItem\",\"position\":1,\"name\":\"\u9996\u9875\",\"item\":\"https:\/\/www.snackfoodm.com\/\"},{\"@type\":\"ListItem\",\"position\":2,\"name\":\"Deep Fried Sushi Maki Rolls Frying Machine\"}]},{\"@type\":\"WebSite\",\"@id\":\"https:\/\/www.snackfoodm.com\/#website\",\"url\":\"https:\/\/www.snackfoodm.com\/\",\"name\":\"Professional Potato Chips and French Fry Process Line Manufacturer\",\"description\":\"Turnkey Solutions for Chips and French Fries Production Line\",\"publisher\":{\"@id\":\"https:\/\/www.snackfoodm.com\/#organization\"},\"potentialAction\":[{\"@type\":\"SearchAction\",\"target\":{\"@type\":\"EntryPoint\",\"urlTemplate\":\"https:\/\/www.snackfoodm.com\/?s={search_term_string}\"},\"query-input\":{\"@type\":\"PropertyValueSpecification\",\"valueRequired\":true,\"valueName\":\"search_term_string\"}}],\"inLanguage\":\"fr-FR\"},{\"@type\":\"Organization\",\"@id\":\"https:\/\/www.snackfoodm.com\/#organization\",\"name\":\"Professional Potato Chips and French Fry Process Line Manufacturer\",\"url\":\"https:\/\/www.snackfoodm.com\/\",\"logo\":{\"@type\":\"ImageObject\",\"inLanguage\":\"fr-FR\",\"@id\":\"https:\/\/www.snackfoodm.com\/#\/schema\/logo\/image\/\",\"url\":\"https:\/\/www.snackfoodm.com\/wp-content\/uploads\/2020\/02\/cropped-\u65b0\u7248LOGO1-3.png\",\"contentUrl\":\"https:\/\/www.snackfoodm.com\/wp-content\/uploads\/2020\/02\/cropped-\u65b0\u7248LOGO1-3.png\",\"width\":163,\"height\":85,\"caption\":\"Professional Potato Chips and French Fry Process Line Manufacturer\"},\"image\":{\"@id\":\"https:\/\/www.snackfoodm.com\/#\/schema\/logo\/image\/\"}},false]}<\/script>\n<!-- \/ Yoast SEO plugin. -->","yoast_head_json":{"title":"Machine \u00e0 frire les rouleaux de Sushi Maki frits","description":"La machine \u00e0 fabriquer des rouleaux de sushi frits est un produit qui fait frire les algues. La forme des algues est conserv\u00e9e et peut \u00eatre personnalis\u00e9e en fonction des besoins.","robots":{"index":"index","follow":"follow","max-snippet":"max-snippet:-1","max-image-preview":"max-image-preview:large","max-video-preview":"max-video-preview:-1"},"canonical":"https:\/\/www.snackfoodm.com\/fr\/sushi-seaweed-fry-machine\/","og_locale":"fr_FR","og_type":"article","og_title":"Deep Fried Sushi Maki Rolls Frying Machine","og_description":"Deep fried sushi rolls making machine is a product that frys seaweed. The shape of the seaweed is maintained, and also can be customized according detail requirement.","og_url":"https:\/\/www.snackfoodm.com\/fr\/sushi-seaweed-fry-machine\/","og_site_name":"Professional Potato Chips and French Fry Process Line Manufacturer","article_modified_time":"2022-09-07T08:16:18+00:00","og_image":[{"width":600,"height":600,"url":"https:\/\/www.snackfoodm.com\/wp-content\/uploads\/2022\/09\/4.jpg","type":"image\/jpeg"}],"twitter_card":"summary_large_image","twitter_misc":{"Dur\u00e9e de lecture estim\u00e9e":"3 minutes"},"schema":{"@context":"https:\/\/schema.org","@graph":[{"@type":"WebPage","@id":"https:\/\/www.snackfoodm.com\/sushi-seaweed-fry-machine\/","url":"https:\/\/www.snackfoodm.com\/sushi-seaweed-fry-machine\/","name":"Machine \u00e0 frire les rouleaux de Sushi Maki frits","isPartOf":{"@id":"https:\/\/www.snackfoodm.com\/#website"},"primaryImageOfPage":{"@id":"https:\/\/www.snackfoodm.com\/sushi-seaweed-fry-machine\/#primaryimage"},"image":{"@id":"https:\/\/www.snackfoodm.com\/sushi-seaweed-fry-machine\/#primaryimage"},"thumbnailUrl":"https:\/\/www.snackfoodm.com\/wp-content\/uploads\/2022\/09\/4.jpg","datePublished":"2022-09-07T08:00:18+00:00","dateModified":"2022-09-07T08:16:18+00:00","description":"La machine \u00e0 fabriquer des rouleaux de sushi frits est un produit qui fait frire les algues. La forme des algues est conserv\u00e9e et peut \u00eatre personnalis\u00e9e en fonction des besoins.","breadcrumb":{"@id":"https:\/\/www.snackfoodm.com\/sushi-seaweed-fry-machine\/#breadcrumb"},"inLanguage":"fr-FR","potentialAction":[{"@type":"ReadAction","target":["https:\/\/www.snackfoodm.com\/sushi-seaweed-fry-machine\/"]}]},{"@type":"ImageObject","inLanguage":"fr-FR","@id":"https:\/\/www.snackfoodm.com\/sushi-seaweed-fry-machine\/#primaryimage","url":"https:\/\/www.snackfoodm.com\/wp-content\/uploads\/2022\/09\/4.jpg","contentUrl":"https:\/\/www.snackfoodm.com\/wp-content\/uploads\/2022\/09\/4.jpg","width":600,"height":600,"caption":"sushi seaweed frying machine"},{"@type":"BreadcrumbList","@id":"https:\/\/www.snackfoodm.com\/sushi-seaweed-fry-machine\/#breadcrumb","itemListElement":[{"@type":"ListItem","position":1,"name":"\u9996\u9875","item":"https:\/\/www.snackfoodm.com\/"},{"@type":"ListItem","position":2,"name":"Deep Fried Sushi Maki Rolls Frying Machine"}]},{"@type":"WebSite","@id":"https:\/\/www.snackfoodm.com\/#website","url":"https:\/\/www.snackfoodm.com\/","name":"Fabricant professionnel de lignes de production de chips et de frites","description":"Solutions cl\u00e9s en main pour une ligne de production de chips et de frites","publisher":{"@id":"https:\/\/www.snackfoodm.com\/#organization"},"potentialAction":[{"@type":"SearchAction","target":{"@type":"EntryPoint","urlTemplate":"https:\/\/www.snackfoodm.com\/?s={search_term_string}"},"query-input":{"@type":"PropertyValueSpecification","valueRequired":true,"valueName":"search_term_string"}}],"inLanguage":"fr-FR"},{"@type":"Organization","@id":"https:\/\/www.snackfoodm.com\/#organization","name":"Fabricant professionnel de lignes de production de chips et de frites","url":"https:\/\/www.snackfoodm.com\/","logo":{"@type":"ImageObject","inLanguage":"fr-FR","@id":"https:\/\/www.snackfoodm.com\/#\/schema\/logo\/image\/","url":"https:\/\/www.snackfoodm.com\/wp-content\/uploads\/2020\/02\/cropped-\u65b0\u7248LOGO1-3.png","contentUrl":"https:\/\/www.snackfoodm.com\/wp-content\/uploads\/2020\/02\/cropped-\u65b0\u7248LOGO1-3.png","width":163,"height":85,"caption":"Professional Potato Chips and French Fry Process Line Manufacturer"},"image":{"@id":"https:\/\/www.snackfoodm.com\/#\/schema\/logo\/image\/"}},false]}},"yasr_visitor_votes":{"stars_attributes":{"read_only":false,"span_bottom":false},"number_of_votes":0,"sum_votes":0},"_links":{"self":[{"href":"https:\/\/www.snackfoodm.com\/fr\/wp-json\/wp\/v2\/pages\/1447","targetHints":{"allow":["GET"]}}],"collection":[{"href":"https:\/\/www.snackfoodm.com\/fr\/wp-json\/wp\/v2\/pages"}],"about":[{"href":"https:\/\/www.snackfoodm.com\/fr\/wp-json\/wp\/v2\/types\/page"}],"author":[{"embeddable":true,"href":"https:\/\/www.snackfoodm.com\/fr\/wp-json\/wp\/v2\/users\/1"}],"replies":[{"embeddable":true,"href":"https:\/\/www.snackfoodm.com\/fr\/wp-json\/wp\/v2\/comments?post=1447"}],"version-history":[{"count":4,"href":"https:\/\/www.snackfoodm.com\/fr\/wp-json\/wp\/v2\/pages\/1447\/revisions"}],"predecessor-version":[{"id":1453,"href":"https:\/\/www.snackfoodm.com\/fr\/wp-json\/wp\/v2\/pages\/1447\/revisions\/1453"}],"wp:featuredmedia":[{"embeddable":true,"href":"https:\/\/www.snackfoodm.com\/fr\/wp-json\/wp\/v2\/media\/1451"}],"wp:attachment":[{"href":"https:\/\/www.snackfoodm.com\/fr\/wp-json\/wp\/v2\/media?parent=1447"}],"curies":[{"name":"wp","href":"https:\/\/api.w.org\/{rel}","templated":true}]}}