{"id":1737,"date":"2026-01-08T15:25:20","date_gmt":"2026-01-08T07:25:20","guid":{"rendered":"https:\/\/www.snackfoodm.com\/?page_id=1737"},"modified":"2026-01-08T16:12:45","modified_gmt":"2026-01-08T08:12:45","slug":"snack-frying-machine","status":"publish","type":"page","link":"https:\/\/www.snackfoodm.com\/fr\/snack-frying-machine\/","title":{"rendered":"Machine \u00e0 frire industrielle \u00e0 convoyeur pour snacks"},"content":{"rendered":"<p>Cette machine \u00e0 frire les snacks est largement utilis\u00e9e dans la production de snacks tels que les frites, les chips de banane, les chips de pomme de terre, les chips de taro et les noix. C'est un \u00e9quipement tr\u00e8s important dans le processus de production de divers aliments frits.<\/p>\n<h2>Principe de fonctionnement de la friteuse industrielle \u00e0 convoyeur :<\/h2>\n<p>Cette machine \u00e0 frire les snacks utilise un principe de friture avanc\u00e9 avec un chauffage externe et un syst\u00e8me de circulation de l'huile, ce qui permet d'\u00e9viter les probl\u00e8mes tels que la temp\u00e9rature in\u00e9gale de l'huile, la surchauffe localis\u00e9e et la d\u00e9gradation de l'huile associ\u00e9s aux m\u00e9thodes traditionnelles de chauffage interne.<\/p>\n<p>Pendant le fonctionnement, l'huile de cuisson est d'abord chauff\u00e9e par un dispositif de chauffage externe. L'huile de cuisson chauff\u00e9e \u00e0 haute temp\u00e9rature est ensuite achemin\u00e9e r\u00e9guli\u00e8rement vers le r\u00e9servoir d'huile interne de la machine \u00e0 frire les snacks par une pompe \u00e0 huile, o\u00f9 elle fait frire uniform\u00e9ment les mat\u00e9riaux entrant dans le r\u00e9servoir. Ensuite, l'huile de cuisson \u00e0 l'int\u00e9rieur de la machine \u00e0 frire est renvoy\u00e9e vers le dispositif de chauffage externe via la pompe \u00e0 huile, formant ainsi un syst\u00e8me de chauffage continu en boucle ferm\u00e9e.<\/p>\n<p>L'ensemble du syst\u00e8me surveille la temp\u00e9rature de l'huile en temps r\u00e9el \u00e0 l'aide de capteurs de temp\u00e9rature. Lorsque la temp\u00e9rature de l'huile atteint la valeur d\u00e9finie, le dispositif de chauffage s'arr\u00eate automatiquement ; lorsque la temp\u00e9rature de l'huile tombe en dessous de la valeur d\u00e9finie en raison des besoins de production, le dispositif de chauffage d\u00e9marre automatiquement un chauffage suppl\u00e9mentaire, garantissant ainsi que la temp\u00e9rature de l'huile reste dans la plage de friture optimale.<\/p>\n<p><img loading=\"lazy\" decoding=\"async\" class=\"size-full wp-image-1739 aligncenter\" src=\"https:\/\/www.snackfoodm.com\/wp-content\/uploads\/2026\/01\/2-1.jpg\" alt=\"machine \u00e0 frire les snacks\" width=\"630\" height=\"400\" srcset=\"https:\/\/www.snackfoodm.com\/wp-content\/uploads\/2026\/01\/2-1.jpg 630w, https:\/\/www.snackfoodm.com\/wp-content\/uploads\/2026\/01\/2-1-300x190.jpg 300w, https:\/\/www.snackfoodm.com\/wp-content\/uploads\/2026\/01\/2-1-18x12.jpg 18w, https:\/\/www.snackfoodm.com\/wp-content\/uploads\/2026\/01\/2-1-240x152.jpg 240w\" sizes=\"auto, (max-width: 630px) 100vw, 630px\" \/><\/p>\n<p style=\"text-align: center;\"><a class=\"fancybox\" href=\"#contact_form_pop\"><strong class=\"button\">Obtenir des solutions<\/strong><\/a><\/p>\n<h2>Type de chauffage de la machine \u00e0 frire les snacks :<\/h2>\n<p>Pour r\u00e9pondre aux besoins de production de diff\u00e9rents clients, r\u00e9gions et conditions \u00e9nerg\u00e9tiques, cette friteuse industrielle \u00e0 convoyeur offre une vari\u00e9t\u00e9 d'options de chauffage :<\/p>\n<ol>\n<li>Type de chauffage \u00e9lectrique<\/li>\n<li>Type de chauffage au gaz (gaz naturel \/ gaz de p\u00e9trole liqu\u00e9fi\u00e9)<\/li>\n<\/ol>\n<p>Les clients peuvent choisir la m\u00e9thode de chauffage appropri\u00e9e en fonction de leurs conditions \u00e9nerg\u00e9tiques, de leur \u00e9chelle de production et de leurs exigences en mati\u00e8re de co\u00fbts d'exploitation.<\/p>\n<p><img loading=\"lazy\" decoding=\"async\" class=\"size-full wp-image-1738 aligncenter\" src=\"https:\/\/www.snackfoodm.com\/wp-content\/uploads\/2026\/01\/2.jpg\" alt=\"friteuse industrielle \u00e0 convoyeur\" width=\"630\" height=\"400\" srcset=\"https:\/\/www.snackfoodm.com\/wp-content\/uploads\/2026\/01\/2.jpg 630w, https:\/\/www.snackfoodm.com\/wp-content\/uploads\/2026\/01\/2-300x190.jpg 300w, https:\/\/www.snackfoodm.com\/wp-content\/uploads\/2026\/01\/2-18x12.jpg 18w, https:\/\/www.snackfoodm.com\/wp-content\/uploads\/2026\/01\/2-240x152.jpg 240w\" sizes=\"auto, (max-width: 630px) 100vw, 630px\" \/><\/p>\n<h2>Machine \u00e0 frire les snacks Caract\u00e9ristiques :<\/h2>\n<ol>\n<li>R\u00e9servoir de friture de qualit\u00e9 alimentaire \u00e0 haute r\u00e9sistance<\/li>\n<\/ol>\n<p>La cuve de friture est enti\u00e8rement fabriqu\u00e9e en acier inoxydable SUS304 de 5 mm d'\u00e9paisseur, ce qui lui conf\u00e8re une excellente r\u00e9sistance aux temp\u00e9ratures \u00e9lev\u00e9es et \u00e0 la corrosion.  Elle ne se d\u00e9forme pas facilement et ne vieillit pas, m\u00eame en cas de contact prolong\u00e9 avec de l'huile de cuisson \u00e0 haute temp\u00e9rature, ce qui la rend parfaitement conforme aux normes d'hygi\u00e8ne alimentaire.<\/p>\n<ol start=\"2\">\n<li>Conception de l'alimentation en mat\u00e9riaux antiadh\u00e9sifs<\/li>\n<\/ol>\n<p>La plaque du convoyeur d'alimentation \u00e0 l'entr\u00e9e est fabriqu\u00e9e en PTPE (mat\u00e9riau antiadh\u00e9sif de qualit\u00e9 alimentaire), ce qui emp\u00eache efficacement les diff\u00e9rents mat\u00e9riaux de coller, de s'accumuler ou d'\u00eatre endommag\u00e9s au moment o\u00f9 ils p\u00e9n\u00e8trent dans la friteuse industrielle \u00e0 convoyeur.<\/p>\n<ol start=\"3\">\n<li>Structure de la bande transporteuse continue<\/li>\n<\/ol>\n<p>La machine \u00e0 frire les snacks adopte une conception \u00e0 bande transporteuse continue, permettant l'alimentation automatique, la friture continue et le d\u00e9chargement automatique des snacks. La dur\u00e9e de friture peut \u00eatre r\u00e9gl\u00e9e avec pr\u00e9cision gr\u00e2ce \u00e0 la vitesse du convoyeur, ce qui la rend adapt\u00e9e \u00e0 une production standardis\u00e9e et \u00e0 grande \u00e9chelle, am\u00e9liorant consid\u00e9rablement l'efficacit\u00e9 de la production et r\u00e9duisant les co\u00fbts de main-d'\u0153uvre.<\/p>\n<h2>Applications :<\/h2>\n<p>Cette friteuse industrielle \u00e0 convoyeur est adapt\u00e9e \u00e0 une vari\u00e9t\u00e9 d'applications de transformation des aliments, telles que :<\/p>\n<p>Chips, frites, galettes de pommes de terre ;<\/p>\n<p>Chips de banane, chips de taro, chips de manioc ;<\/p>\n<p>Cacahu\u00e8tes, noix de cajou, f\u00e8ves et autres fruits \u00e0 coque.<\/p>\n\n<div class=\"wpcf7 no-js\" id=\"wpcf7-f385-o1\" lang=\"en-US\" dir=\"ltr\" data-wpcf7-id=\"385\">\n<div class=\"screen-reader-response\"><p role=\"status\" aria-live=\"polite\" aria-atomic=\"true\"><\/p> <ul><\/ul><\/div>\n<form action=\"\/fr\/wp-json\/wp\/v2\/pages\/1737#wpcf7-f385-o1\" method=\"post\" class=\"wpcf7-form init\" aria-label=\"Formulaire de contact\" novalidate=\"novalidate\" data-status=\"init\" data-trp-original-action=\"\/fr\/wp-json\/wp\/v2\/pages\/1737#wpcf7-f385-o1\">\n<fieldset class=\"hidden-fields-container\"><input type=\"hidden\" name=\"_wpcf7\" value=\"385\" \/><input type=\"hidden\" name=\"_wpcf7_version\" value=\"6.1.1\" \/><input type=\"hidden\" name=\"_wpcf7_locale\" value=\"en_US\" \/><input type=\"hidden\" name=\"_wpcf7_unit_tag\" value=\"wpcf7-f385-o1\" \/><input type=\"hidden\" name=\"_wpcf7_container_post\" value=\"0\" \/><input type=\"hidden\" name=\"_wpcf7_posted_data_hash\" value=\"\" \/>\n<\/fieldset>\n<div class=\"leave-message-blockall\">\n\t<div class=\"leave-message-block\">\n\t\t<div class=\"leave-top\">\n\t\t\t<p>Veuillez remplir le formulaire ci-dessous pour obtenir les prix.\n\t\t\t<\/p>\n\t\t<\/div>\n\t\t<div class=\"leave-name\">\n\t\t\t<div class=\"leave-name-t\">\n\t\t\t\t<p>Votre nom :\n\t\t\t\t<\/p>\n\t\t\t<\/div>\n\t\t\t<p><span class=\"wpcf7-form-control-wrap\" data-name=\"your-name\"><input size=\"40\" maxlength=\"400\" class=\"wpcf7-form-control wpcf7-text\" aria-invalid=\"false\" value=\"\" type=\"text\" name=\"your-name\" \/><\/span>\n\t\t\t<\/p>\n\t\t<\/div>\n\t\t<div class=\"leave-email\">\n\t\t\t<div class=\"leave-email-t\">\n\t\t\t\t<p>Votre adresse \u00e9lectronique (obligatoire) :\n\t\t\t\t<\/p>\n\t\t\t<\/div>\n\t\t\t<p><span class=\"wpcf7-form-control-wrap\" data-name=\"your-email\"><input size=\"40\" maxlength=\"400\" class=\"wpcf7-form-control wpcf7-email wpcf7-validates-as-required wpcf7-text wpcf7-validates-as-email\" aria-required=\"true\" aria-invalid=\"false\" value=\"\" type=\"email\" name=\"your-email\" \/><\/span>\n\t\t\t<\/p>\n\t\t<\/div>\n\t\t<div class=\"leave-tel\">\n\t\t\t<div class=\"leave-tel-t\">\n\t\t\t\t<p>Votre T\u00e9l(obligatoire) :\n\t\t\t\t<\/p>\n\t\t\t<\/div>\n\t\t\t<p><span class=\"wpcf7-form-control-wrap\" data-name=\"your-tel\"><input size=\"40\" maxlength=\"400\" class=\"wpcf7-form-control wpcf7-tel wpcf7-validates-as-required wpcf7-text wpcf7-validates-as-tel\" aria-required=\"true\" aria-invalid=\"false\" placeholder=\"Veuillez ajouter les codes de pays\" value=\"\" type=\"tel\" name=\"your-tel\" \/><\/span>\n\t\t\t<\/p>\n\t\t<\/div>\n\t\t<div class=\"leave-country\">\n\t\t\t<div class=\"leave-country-t\">\n\t\t\t\t<p>Votre pays :\n\t\t\t\t<\/p>\n\t\t\t<\/div>\n\t\t\t<p><span class=\"wpcf7-form-control-wrap\" data-name=\"your-country\"><input size=\"40\" maxlength=\"400\" class=\"wpcf7-form-control wpcf7-text\" aria-invalid=\"false\" value=\"\" type=\"text\" name=\"your-country\" \/><\/span>\n\t\t\t<\/p>\n\t\t<\/div>\n\t\t<div class=\"leave-require\">\n\t\t\t<div class=\"leave-require-t\">\n\t\t\t\t<p>Votre message (obligatoire) :\n\t\t\t\t<\/p>\n\t\t\t<\/div>\n\t\t\t<p><span class=\"wpcf7-form-control-wrap\" data-name=\"your-message\"><textarea cols=\"40\" rows=\"10\" maxlength=\"2000\" class=\"wpcf7-form-control wpcf7-textarea wpcf7-validates-as-required\" aria-required=\"true\" aria-invalid=\"false\" placeholder=\"Conseils : mati\u00e8re premi\u00e8re, produit souhait\u00e9, capacit\u00e9, \u00e9quipement auxiliaire, etc.\" name=\"your-message\"><\/textarea><\/span>\n\t\t\t<\/p>\n\t\t<\/div>\n\t\t<div class=\"leave-Send\">\n\t\t\t<p><input class=\"wpcf7-form-control wpcf7-submit has-spinner\" type=\"submit\" value=\"Envoyer\" \/>\n\t\t\t<\/p>\n\t\t<\/div>\n\t<\/div>\n<\/div><input type=\"hidden\" id=\"ct_checkjs_cf7_0ff39bbbf981ac0151d340c9aa40e63e\" name=\"ct_checkjs_cf7\" value=\"0\" \/><script >setTimeout(function(){var ct_input_name = \"ct_checkjs_cf7_0ff39bbbf981ac0151d340c9aa40e63e\";if (document.getElementById(ct_input_name) !== null) {var ct_input_value = document.getElementById(ct_input_name).value;document.getElementById(ct_input_name).value = document.getElementById(ct_input_name).value.replace(ct_input_value, 'dba04424690aafc408c5cb41194f71da80590051ae3ed0048d37dfc87b0d215e');}}, 1000);<\/script><input\n                    class=\"apbct_special_field apbct_email_id__wp_contact_form_7\"\n                    name=\"apbct__email_id__wp_contact_form_7\"\n                    aria-label=\"apbct__label_id__wp_contact_form_7\"\n                    type=\"text\" size=\"30\" maxlength=\"200\" autocomplete=\"off\"\n                    value=\"\"\n                \/><p style=\"display: none !important;\" class=\"akismet-fields-container\" data-prefix=\"_wpcf7_ak_\"><label>&#916;<textarea name=\"_wpcf7_ak_hp_textarea\" cols=\"45\" rows=\"8\" maxlength=\"100\"><\/textarea><\/label><input type=\"hidden\" id=\"ak_js_1\" name=\"_wpcf7_ak_js\" value=\"24\"\/><script>document.getElementById( \"ak_js_1\" ).setAttribute( \"value\", ( new Date() ).getTime() );<\/script><\/p><div class=\"wpcf7-response-output\" aria-hidden=\"true\"><\/div>\n<input type=\"hidden\" name=\"trp-form-language\" value=\"fr\"\/><\/form>\n<\/div>\n\n<div style='text-align:left' class='yasr-auto-insert-visitor'><\/div>","protected":false},"excerpt":{"rendered":"<p>This snack frying machine is widely used in the production of snacks such as french fries, banana chips, potato chips, taro chips, and nuts, and is a very important piece of equipment in the production process of various fried foods. Industrial Conveyor Fryer Machine\u00a0Working Principle: This snack frying machine\u00a0utilizes an advanced frying principle with external &#8230; <a title=\"Machine \u00e0 frire industrielle \u00e0 convoyeur pour snacks\" class=\"read-more\" href=\"https:\/\/www.snackfoodm.com\/fr\/snack-frying-machine\/\" aria-label=\"Plus sur Industrial Snack Conveyor Frying Machine\">Lire plus<\/a><\/p>","protected":false},"author":1,"featured_media":0,"parent":0,"menu_order":0,"comment_status":"closed","ping_status":"closed","template":"","meta":{"generate_page_header":"","yasr_overall_rating":0,"yasr_post_is_review":"","yasr_auto_insert_disabled":"","yasr_review_type":"","footnotes":""},"class_list":["post-1737","page","type-page","status-publish"],"yoast_head":"<!-- This site is optimized with the Yoast SEO plugin v25.8 - https:\/\/yoast.com\/wordpress\/plugins\/seo\/ -->\n<title>Industrial Snack Conveyor Frying Machine - Professional Potato Chips and French Fry Process Line Manufacturer<\/title>\n<meta name=\"description\" content=\"This snack frying machine is widely used for frying various snacks such as French fries, potato chips, nuts, and meat.\" \/>\n<meta name=\"robots\" content=\"index, follow, max-snippet:-1, max-image-preview:large, max-video-preview:-1\" \/>\n<link rel=\"canonical\" href=\"https:\/\/www.snackfoodm.com\/fr\/snack-frying-machine\/\" \/>\n<meta property=\"og:locale\" content=\"fr_FR\" \/>\n<meta property=\"og:type\" content=\"article\" \/>\n<meta property=\"og:title\" content=\"Industrial Snack Conveyor Frying Machine - Professional Potato Chips and French Fry Process Line Manufacturer\" \/>\n<meta property=\"og:description\" content=\"This snack frying machine is widely used for frying various snacks such as French fries, potato chips, nuts, and meat.\" \/>\n<meta property=\"og:url\" content=\"https:\/\/www.snackfoodm.com\/fr\/snack-frying-machine\/\" \/>\n<meta property=\"og:site_name\" content=\"Professional Potato Chips and French Fry Process Line Manufacturer\" \/>\n<meta property=\"article:modified_time\" content=\"2026-01-08T08:12:45+00:00\" \/>\n<meta property=\"og:image\" content=\"https:\/\/www.snackfoodm.com\/wp-content\/uploads\/2026\/01\/2-1.jpg\" \/>\n\t<meta property=\"og:image:width\" content=\"630\" \/>\n\t<meta property=\"og:image:height\" content=\"400\" \/>\n\t<meta property=\"og:image:type\" content=\"image\/jpeg\" \/>\n<meta name=\"twitter:card\" content=\"summary_large_image\" \/>\n<meta name=\"twitter:label1\" content=\"Dur\u00e9e de lecture estim\u00e9e\" \/>\n\t<meta name=\"twitter:data1\" content=\"3 minutes\" \/>\n<script type=\"application\/ld+json\" class=\"yoast-schema-graph\">{\"@context\":\"https:\/\/schema.org\",\"@graph\":[{\"@type\":\"WebPage\",\"@id\":\"https:\/\/www.snackfoodm.com\/snack-frying-machine\/\",\"url\":\"https:\/\/www.snackfoodm.com\/snack-frying-machine\/\",\"name\":\"Industrial Snack Conveyor Frying Machine - Professional Potato Chips and French Fry Process Line Manufacturer\",\"isPartOf\":{\"@id\":\"https:\/\/www.snackfoodm.com\/#website\"},\"primaryImageOfPage\":{\"@id\":\"https:\/\/www.snackfoodm.com\/snack-frying-machine\/#primaryimage\"},\"image\":{\"@id\":\"https:\/\/www.snackfoodm.com\/snack-frying-machine\/#primaryimage\"},\"thumbnailUrl\":\"https:\/\/www.snackfoodm.com\/wp-content\/uploads\/2026\/01\/2-1.jpg\",\"datePublished\":\"2026-01-08T07:25:20+00:00\",\"dateModified\":\"2026-01-08T08:12:45+00:00\",\"description\":\"This snack frying machine is widely used for frying various snacks such as French fries, potato chips, nuts, and meat.\",\"breadcrumb\":{\"@id\":\"https:\/\/www.snackfoodm.com\/snack-frying-machine\/#breadcrumb\"},\"inLanguage\":\"fr-FR\",\"potentialAction\":[{\"@type\":\"ReadAction\",\"target\":[\"https:\/\/www.snackfoodm.com\/snack-frying-machine\/\"]}]},{\"@type\":\"ImageObject\",\"inLanguage\":\"fr-FR\",\"@id\":\"https:\/\/www.snackfoodm.com\/snack-frying-machine\/#primaryimage\",\"url\":\"https:\/\/www.snackfoodm.com\/wp-content\/uploads\/2026\/01\/2-1.jpg\",\"contentUrl\":\"https:\/\/www.snackfoodm.com\/wp-content\/uploads\/2026\/01\/2-1.jpg\"},{\"@type\":\"BreadcrumbList\",\"@id\":\"https:\/\/www.snackfoodm.com\/snack-frying-machine\/#breadcrumb\",\"itemListElement\":[{\"@type\":\"ListItem\",\"position\":1,\"name\":\"\u9996\u9875\",\"item\":\"https:\/\/www.snackfoodm.com\/\"},{\"@type\":\"ListItem\",\"position\":2,\"name\":\"Industrial Snack Conveyor Frying Machine\"}]},{\"@type\":\"WebSite\",\"@id\":\"https:\/\/www.snackfoodm.com\/#website\",\"url\":\"https:\/\/www.snackfoodm.com\/\",\"name\":\"Professional Potato Chips and French Fry Process Line Manufacturer\",\"description\":\"Turnkey Solutions for Chips and French Fries Production Line\",\"publisher\":{\"@id\":\"https:\/\/www.snackfoodm.com\/#organization\"},\"potentialAction\":[{\"@type\":\"SearchAction\",\"target\":{\"@type\":\"EntryPoint\",\"urlTemplate\":\"https:\/\/www.snackfoodm.com\/?s={search_term_string}\"},\"query-input\":{\"@type\":\"PropertyValueSpecification\",\"valueRequired\":true,\"valueName\":\"search_term_string\"}}],\"inLanguage\":\"fr-FR\"},{\"@type\":\"Organization\",\"@id\":\"https:\/\/www.snackfoodm.com\/#organization\",\"name\":\"Professional Potato Chips and French Fry Process Line Manufacturer\",\"url\":\"https:\/\/www.snackfoodm.com\/\",\"logo\":{\"@type\":\"ImageObject\",\"inLanguage\":\"fr-FR\",\"@id\":\"https:\/\/www.snackfoodm.com\/#\/schema\/logo\/image\/\",\"url\":\"https:\/\/www.snackfoodm.com\/wp-content\/uploads\/2020\/02\/cropped-\u65b0\u7248LOGO1-3.png\",\"contentUrl\":\"https:\/\/www.snackfoodm.com\/wp-content\/uploads\/2020\/02\/cropped-\u65b0\u7248LOGO1-3.png\",\"width\":163,\"height\":85,\"caption\":\"Professional Potato Chips and French Fry Process Line Manufacturer\"},\"image\":{\"@id\":\"https:\/\/www.snackfoodm.com\/#\/schema\/logo\/image\/\"}},false]}<\/script>\n<!-- \/ Yoast SEO plugin. -->","yoast_head_json":{"title":"Machine \u00e0 frire industrielle \u00e0 convoyeur pour snacks - Fabricant professionnel de lignes de production de chips et de frites","description":"Cette machine \u00e0 frire les snacks est largement utilis\u00e9e pour frire divers snacks tels que les frites, les chips, les noix et la viande.","robots":{"index":"index","follow":"follow","max-snippet":"max-snippet:-1","max-image-preview":"max-image-preview:large","max-video-preview":"max-video-preview:-1"},"canonical":"https:\/\/www.snackfoodm.com\/fr\/snack-frying-machine\/","og_locale":"fr_FR","og_type":"article","og_title":"Industrial Snack Conveyor Frying Machine - Professional Potato Chips and French Fry Process Line Manufacturer","og_description":"This snack frying machine is widely used for frying various snacks such as French fries, potato chips, nuts, and meat.","og_url":"https:\/\/www.snackfoodm.com\/fr\/snack-frying-machine\/","og_site_name":"Professional Potato Chips and French Fry Process Line Manufacturer","article_modified_time":"2026-01-08T08:12:45+00:00","og_image":[{"width":630,"height":400,"url":"https:\/\/www.snackfoodm.com\/wp-content\/uploads\/2026\/01\/2-1.jpg","type":"image\/jpeg"}],"twitter_card":"summary_large_image","twitter_misc":{"Dur\u00e9e de lecture estim\u00e9e":"3 minutes"},"schema":{"@context":"https:\/\/schema.org","@graph":[{"@type":"WebPage","@id":"https:\/\/www.snackfoodm.com\/snack-frying-machine\/","url":"https:\/\/www.snackfoodm.com\/snack-frying-machine\/","name":"Machine \u00e0 frire industrielle \u00e0 convoyeur pour snacks - Fabricant professionnel de lignes de production de chips et de frites","isPartOf":{"@id":"https:\/\/www.snackfoodm.com\/#website"},"primaryImageOfPage":{"@id":"https:\/\/www.snackfoodm.com\/snack-frying-machine\/#primaryimage"},"image":{"@id":"https:\/\/www.snackfoodm.com\/snack-frying-machine\/#primaryimage"},"thumbnailUrl":"https:\/\/www.snackfoodm.com\/wp-content\/uploads\/2026\/01\/2-1.jpg","datePublished":"2026-01-08T07:25:20+00:00","dateModified":"2026-01-08T08:12:45+00:00","description":"Cette machine \u00e0 frire les snacks est largement utilis\u00e9e pour frire divers snacks tels que les frites, les chips, les noix et la viande.","breadcrumb":{"@id":"https:\/\/www.snackfoodm.com\/snack-frying-machine\/#breadcrumb"},"inLanguage":"fr-FR","potentialAction":[{"@type":"ReadAction","target":["https:\/\/www.snackfoodm.com\/snack-frying-machine\/"]}]},{"@type":"ImageObject","inLanguage":"fr-FR","@id":"https:\/\/www.snackfoodm.com\/snack-frying-machine\/#primaryimage","url":"https:\/\/www.snackfoodm.com\/wp-content\/uploads\/2026\/01\/2-1.jpg","contentUrl":"https:\/\/www.snackfoodm.com\/wp-content\/uploads\/2026\/01\/2-1.jpg"},{"@type":"BreadcrumbList","@id":"https:\/\/www.snackfoodm.com\/snack-frying-machine\/#breadcrumb","itemListElement":[{"@type":"ListItem","position":1,"name":"\u9996\u9875","item":"https:\/\/www.snackfoodm.com\/"},{"@type":"ListItem","position":2,"name":"Industrial Snack Conveyor Frying Machine"}]},{"@type":"WebSite","@id":"https:\/\/www.snackfoodm.com\/#website","url":"https:\/\/www.snackfoodm.com\/","name":"Fabricant professionnel de lignes de production de chips et de frites","description":"Solutions cl\u00e9s en main pour une ligne de production de chips et de frites","publisher":{"@id":"https:\/\/www.snackfoodm.com\/#organization"},"potentialAction":[{"@type":"SearchAction","target":{"@type":"EntryPoint","urlTemplate":"https:\/\/www.snackfoodm.com\/?s={search_term_string}"},"query-input":{"@type":"PropertyValueSpecification","valueRequired":true,"valueName":"search_term_string"}}],"inLanguage":"fr-FR"},{"@type":"Organization","@id":"https:\/\/www.snackfoodm.com\/#organization","name":"Fabricant professionnel de lignes de production de chips et de frites","url":"https:\/\/www.snackfoodm.com\/","logo":{"@type":"ImageObject","inLanguage":"fr-FR","@id":"https:\/\/www.snackfoodm.com\/#\/schema\/logo\/image\/","url":"https:\/\/www.snackfoodm.com\/wp-content\/uploads\/2020\/02\/cropped-\u65b0\u7248LOGO1-3.png","contentUrl":"https:\/\/www.snackfoodm.com\/wp-content\/uploads\/2020\/02\/cropped-\u65b0\u7248LOGO1-3.png","width":163,"height":85,"caption":"Professional Potato Chips and French Fry Process Line Manufacturer"},"image":{"@id":"https:\/\/www.snackfoodm.com\/#\/schema\/logo\/image\/"}},false]}},"yasr_visitor_votes":{"stars_attributes":{"read_only":false,"span_bottom":false},"number_of_votes":1,"sum_votes":5},"_links":{"self":[{"href":"https:\/\/www.snackfoodm.com\/fr\/wp-json\/wp\/v2\/pages\/1737","targetHints":{"allow":["GET"]}}],"collection":[{"href":"https:\/\/www.snackfoodm.com\/fr\/wp-json\/wp\/v2\/pages"}],"about":[{"href":"https:\/\/www.snackfoodm.com\/fr\/wp-json\/wp\/v2\/types\/page"}],"author":[{"embeddable":true,"href":"https:\/\/www.snackfoodm.com\/fr\/wp-json\/wp\/v2\/users\/1"}],"replies":[{"embeddable":true,"href":"https:\/\/www.snackfoodm.com\/fr\/wp-json\/wp\/v2\/comments?post=1737"}],"version-history":[{"count":2,"href":"https:\/\/www.snackfoodm.com\/fr\/wp-json\/wp\/v2\/pages\/1737\/revisions"}],"predecessor-version":[{"id":1742,"href":"https:\/\/www.snackfoodm.com\/fr\/wp-json\/wp\/v2\/pages\/1737\/revisions\/1742"}],"wp:attachment":[{"href":"https:\/\/www.snackfoodm.com\/fr\/wp-json\/wp\/v2\/media?parent=1737"}],"curies":[{"name":"wp","href":"https:\/\/api.w.org\/{rel}","templated":true}]}}