{"id":1743,"date":"2026-01-15T14:30:56","date_gmt":"2026-01-15T06:30:56","guid":{"rendered":"https:\/\/www.snackfoodm.com\/?page_id=1743"},"modified":"2026-01-15T14:30:56","modified_gmt":"2026-01-15T06:30:56","slug":"fried-garlic-frying-line","status":"publish","type":"page","link":"https:\/\/www.snackfoodm.com\/fr\/fried-garlic-frying-line\/","title":{"rendered":"Ligne de friture d'ail croustillant"},"content":{"rendered":"<p><img loading=\"lazy\" decoding=\"async\" class=\"size-full wp-image-1745 aligncenter\" src=\"https:\/\/www.snackfoodm.com\/wp-content\/uploads\/2026\/01\/fried-garlic-line.jpg\" alt=\"ligne de production d&#039;ail frit\" width=\"630\" height=\"400\" srcset=\"https:\/\/www.snackfoodm.com\/wp-content\/uploads\/2026\/01\/fried-garlic-line.jpg 630w, https:\/\/www.snackfoodm.com\/wp-content\/uploads\/2026\/01\/fried-garlic-line-300x190.jpg 300w, https:\/\/www.snackfoodm.com\/wp-content\/uploads\/2026\/01\/fried-garlic-line-18x12.jpg 18w, https:\/\/www.snackfoodm.com\/wp-content\/uploads\/2026\/01\/fried-garlic-line-240x152.jpg 240w\" sizes=\"auto, (max-width: 630px) 100vw, 630px\" \/><\/p>\n<p>L'ail frit est largement utilis\u00e9 dans les secteurs de la restauration et de l'assaisonnement, principalement sous deux formes : l'ail hach\u00e9 frit et les chips d'ail frit. Apr\u00e8s la friture, l'ail d\u00e9veloppe un ar\u00f4me riche, une texture croustillante et une couleur dor\u00e9e, tout en prolongeant la dur\u00e9e de conservation du produit. La ligne de production d'ail frit est sp\u00e9cialement con\u00e7ue pour la production de produits \u00e0 base d'ail frit, ce qui permet aux entreprises de r\u00e9aliser une production continue et standardis\u00e9e.<\/p>\n<h2>Applications de la ligne de production d'ail frit :<\/h2>\n<p>Cette ligne de friture d'ail est sp\u00e9cialement con\u00e7ue pour le traitement en profondeur de l'ail et peut \u00eatre utilis\u00e9e de mani\u00e8re flexible pour traiter les produits suivants :<\/p>\n<p>Ail hach\u00e9 frit<\/p>\n<p>Chips \u00e0 l'ail frites<\/p>\n<p>En ajustant la taille de la d\u00e9coupe, le temps de friture et la temp\u00e9rature, cette ligne de production peut r\u00e9pondre aux besoins de diff\u00e9rents march\u00e9s, go\u00fbts et formats d'emballage.<\/p>\n<p><img loading=\"lazy\" decoding=\"async\" class=\"size-full wp-image-1744 aligncenter\" src=\"https:\/\/www.snackfoodm.com\/wp-content\/uploads\/2026\/01\/fried-garlic-chips.jpg\" alt=\"chips \u00e0 l&#039;ail frites\" width=\"630\" height=\"400\" srcset=\"https:\/\/www.snackfoodm.com\/wp-content\/uploads\/2026\/01\/fried-garlic-chips.jpg 630w, https:\/\/www.snackfoodm.com\/wp-content\/uploads\/2026\/01\/fried-garlic-chips-300x190.jpg 300w, https:\/\/www.snackfoodm.com\/wp-content\/uploads\/2026\/01\/fried-garlic-chips-18x12.jpg 18w, https:\/\/www.snackfoodm.com\/wp-content\/uploads\/2026\/01\/fried-garlic-chips-240x152.jpg 240w\" sizes=\"auto, (max-width: 630px) 100vw, 630px\" \/><\/p>\n<p style=\"text-align: center;\"><a class=\"fancybox\" href=\"#contact_form_pop\"><strong class=\"button\">Obtenir des prix<\/strong><\/a><\/p>\n<h2>Flux de travail d'une ligne de production d'ail frit :<\/h2>\n<p>Une ligne de friture d'ail compl\u00e8te et efficace comprend g\u00e9n\u00e9ralement les processus de base suivants :<\/p>\n<p><strong>1. \u00c9pluchage de l'ail<\/strong><\/p>\n<p>Dans une machine \u00e0 \u00e9plucher l'ail, la peau de l'ail est enlev\u00e9e par un flux d'air ou par des moyens m\u00e9caniques, ce qui permet d'obtenir un taux d'\u00e9pluchage \u00e9lev\u00e9 et des gousses d'ail intactes.<\/p>\n<p><strong>2. Lavage<\/strong><\/p>\n<p>Le lavage permet d'\u00e9liminer efficacement les pelures d'ail r\u00e9siduelles et les impuret\u00e9s de la surface de l'ail, ce qui permet d'obtenir une mati\u00e8re premi\u00e8re propre pour la d\u00e9coupe et la friture ult\u00e9rieures.<\/p>\n<p><strong>3. Trancher \/ hacher<\/strong><\/p>\n<p>Selon la forme du produit final, l'ail peut \u00eatre :<\/p>\n<p>Tranch\u00e9 : pour les chips d'ail frites, d'une \u00e9paisseur uniforme et r\u00e9glable.<\/p>\n<p>Hach\u00e9 : pour l'ail hach\u00e9 frit.<\/p>\n<p>La taille constante de la d\u00e9coupe permet de chauffer uniform\u00e9ment les aliments pendant le processus de friture.<\/p>\n<p><strong>4. La friture<\/strong><\/p>\n<p>La friture est une \u00e9tape cruciale qui d\u00e9termine la qualit\u00e9 du produit fini, en affectant directement sa couleur, son ar\u00f4me et son croustillant. Cette ligne de production utilise une machine \u00e0 frire l'ail en continu pour s'assurer que l'ail passe uniform\u00e9ment dans le r\u00e9servoir d'huile dans un temps donn\u00e9, obtenant ainsi un effet de friture stable et contr\u00f4lable.<\/p>\n<p><strong>5. Enl\u00e8vement de l'huile<\/strong><\/p>\n<p>Apr\u00e8s la friture, l'ail contient une grande quantit\u00e9 d'huile et doit \u00eatre trait\u00e9 \u00e0 l'aide d'un \u00e9quipement de d\u00e9shuilage. Cela permet de r\u00e9duire efficacement la teneur en huile et de rendre l'ail frit plus croustillant.<\/p>\n<p><img loading=\"lazy\" decoding=\"async\" class=\"size-full wp-image-1746 aligncenter\" src=\"https:\/\/www.snackfoodm.com\/wp-content\/uploads\/2026\/01\/fried-minced-garlic.jpg\" alt=\"ail hach\u00e9 frit\" width=\"630\" height=\"400\" srcset=\"https:\/\/www.snackfoodm.com\/wp-content\/uploads\/2026\/01\/fried-minced-garlic.jpg 630w, https:\/\/www.snackfoodm.com\/wp-content\/uploads\/2026\/01\/fried-minced-garlic-300x190.jpg 300w, https:\/\/www.snackfoodm.com\/wp-content\/uploads\/2026\/01\/fried-minced-garlic-18x12.jpg 18w, https:\/\/www.snackfoodm.com\/wp-content\/uploads\/2026\/01\/fried-minced-garlic-240x152.jpg 240w\" sizes=\"auto, (max-width: 630px) 100vw, 630px\" \/><\/p>\n<h2>Ligne de production d'ail frit Caract\u00e9ristiques :<\/h2>\n<p>1. Personnalisable<\/p>\n<p>Les conditions des mati\u00e8res premi\u00e8res, les sp\u00e9cifications des produits finis et les exigences en mati\u00e8re de capacit\u00e9 de production varient consid\u00e9rablement d'un client \u00e0 l'autre. Cette ligne de friture d'ail peut \u00eatre personnalis\u00e9e en fonction des besoins sp\u00e9cifiques du client :<\/p>\n<p>La taille et le taux d'humidit\u00e9 des mati\u00e8res premi\u00e8res, la capacit\u00e9 de production vis\u00e9e, l'agencement de l'usine et le niveau d'automatisation. Gr\u00e2ce \u00e0 une conception personnalis\u00e9e, nous nous assurons que la ligne de production d'ail frit r\u00e9pond mieux aux besoins de production r\u00e9els du client et \u00e9vite le gaspillage des ressources.<\/p>\n<p>2. Le contr\u00f4le pr\u00e9cis de la temp\u00e9rature de l'huile garantit une grande homog\u00e9n\u00e9it\u00e9 du produit.<\/p>\n<p>La machine \u00e0 frire l'ail est dot\u00e9e d'un syst\u00e8me de contr\u00f4le pr\u00e9cis de la temp\u00e9rature de l'huile qui la maintient de mani\u00e8re stable entre 150-160\u2103, garantissant des r\u00e9sultats de friture constants et am\u00e9liorant la qualit\u00e9 des produits.<\/p>\n\n<div class=\"wpcf7 no-js\" id=\"wpcf7-f385-o1\" lang=\"en-US\" dir=\"ltr\" data-wpcf7-id=\"385\">\n<div class=\"screen-reader-response\"><p role=\"status\" aria-live=\"polite\" aria-atomic=\"true\"><\/p> <ul><\/ul><\/div>\n<form action=\"\/fr\/wp-json\/wp\/v2\/pages\/1743#wpcf7-f385-o1\" method=\"post\" class=\"wpcf7-form init\" aria-label=\"Formulaire de contact\" novalidate=\"novalidate\" data-status=\"init\" data-trp-original-action=\"\/fr\/wp-json\/wp\/v2\/pages\/1743#wpcf7-f385-o1\">\n<fieldset class=\"hidden-fields-container\"><input type=\"hidden\" name=\"_wpcf7\" value=\"385\" \/><input type=\"hidden\" name=\"_wpcf7_version\" value=\"6.1.1\" \/><input type=\"hidden\" name=\"_wpcf7_locale\" value=\"en_US\" \/><input type=\"hidden\" name=\"_wpcf7_unit_tag\" value=\"wpcf7-f385-o1\" \/><input type=\"hidden\" name=\"_wpcf7_container_post\" value=\"0\" \/><input type=\"hidden\" name=\"_wpcf7_posted_data_hash\" value=\"\" \/>\n<\/fieldset>\n<div class=\"leave-message-blockall\">\n\t<div class=\"leave-message-block\">\n\t\t<div class=\"leave-top\">\n\t\t\t<p>Veuillez remplir le formulaire ci-dessous pour obtenir les prix.\n\t\t\t<\/p>\n\t\t<\/div>\n\t\t<div class=\"leave-name\">\n\t\t\t<div class=\"leave-name-t\">\n\t\t\t\t<p>Votre nom :\n\t\t\t\t<\/p>\n\t\t\t<\/div>\n\t\t\t<p><span class=\"wpcf7-form-control-wrap\" data-name=\"your-name\"><input size=\"40\" maxlength=\"400\" class=\"wpcf7-form-control wpcf7-text\" aria-invalid=\"false\" value=\"\" type=\"text\" name=\"your-name\" \/><\/span>\n\t\t\t<\/p>\n\t\t<\/div>\n\t\t<div class=\"leave-email\">\n\t\t\t<div class=\"leave-email-t\">\n\t\t\t\t<p>Votre adresse \u00e9lectronique (obligatoire) :\n\t\t\t\t<\/p>\n\t\t\t<\/div>\n\t\t\t<p><span class=\"wpcf7-form-control-wrap\" data-name=\"your-email\"><input size=\"40\" maxlength=\"400\" class=\"wpcf7-form-control wpcf7-email wpcf7-validates-as-required wpcf7-text wpcf7-validates-as-email\" aria-required=\"true\" aria-invalid=\"false\" value=\"\" type=\"email\" name=\"your-email\" \/><\/span>\n\t\t\t<\/p>\n\t\t<\/div>\n\t\t<div class=\"leave-tel\">\n\t\t\t<div class=\"leave-tel-t\">\n\t\t\t\t<p>Votre T\u00e9l(obligatoire) :\n\t\t\t\t<\/p>\n\t\t\t<\/div>\n\t\t\t<p><span class=\"wpcf7-form-control-wrap\" data-name=\"your-tel\"><input size=\"40\" maxlength=\"400\" class=\"wpcf7-form-control wpcf7-tel wpcf7-validates-as-required wpcf7-text wpcf7-validates-as-tel\" aria-required=\"true\" aria-invalid=\"false\" placeholder=\"Veuillez ajouter les codes de pays\" value=\"\" type=\"tel\" name=\"your-tel\" \/><\/span>\n\t\t\t<\/p>\n\t\t<\/div>\n\t\t<div class=\"leave-country\">\n\t\t\t<div class=\"leave-country-t\">\n\t\t\t\t<p>Votre pays :\n\t\t\t\t<\/p>\n\t\t\t<\/div>\n\t\t\t<p><span class=\"wpcf7-form-control-wrap\" data-name=\"your-country\"><input size=\"40\" maxlength=\"400\" class=\"wpcf7-form-control wpcf7-text\" aria-invalid=\"false\" value=\"\" type=\"text\" name=\"your-country\" \/><\/span>\n\t\t\t<\/p>\n\t\t<\/div>\n\t\t<div class=\"leave-require\">\n\t\t\t<div class=\"leave-require-t\">\n\t\t\t\t<p>Votre message (obligatoire) :\n\t\t\t\t<\/p>\n\t\t\t<\/div>\n\t\t\t<p><span class=\"wpcf7-form-control-wrap\" data-name=\"your-message\"><textarea cols=\"40\" rows=\"10\" maxlength=\"2000\" class=\"wpcf7-form-control wpcf7-textarea wpcf7-validates-as-required\" aria-required=\"true\" aria-invalid=\"false\" placeholder=\"Conseils : mati\u00e8re premi\u00e8re, produit souhait\u00e9, capacit\u00e9, \u00e9quipement auxiliaire, etc.\" name=\"your-message\"><\/textarea><\/span>\n\t\t\t<\/p>\n\t\t<\/div>\n\t\t<div class=\"leave-Send\">\n\t\t\t<p><input class=\"wpcf7-form-control wpcf7-submit has-spinner\" type=\"submit\" value=\"Envoyer\" \/>\n\t\t\t<\/p>\n\t\t<\/div>\n\t<\/div>\n<\/div><input type=\"hidden\" id=\"ct_checkjs_cf7_e2a2dcc36a08a345332c751b2f2e476c\" name=\"ct_checkjs_cf7\" value=\"0\" \/><script >setTimeout(function(){var ct_input_name = \"ct_checkjs_cf7_e2a2dcc36a08a345332c751b2f2e476c\";if (document.getElementById(ct_input_name) !== null) {var ct_input_value = document.getElementById(ct_input_name).value;document.getElementById(ct_input_name).value = document.getElementById(ct_input_name).value.replace(ct_input_value, 'dba04424690aafc408c5cb41194f71da80590051ae3ed0048d37dfc87b0d215e');}}, 1000);<\/script><input\n                    class=\"apbct_special_field apbct_email_id__wp_contact_form_7\"\n                    name=\"apbct__email_id__wp_contact_form_7\"\n                    aria-label=\"apbct__label_id__wp_contact_form_7\"\n                    type=\"text\" size=\"30\" maxlength=\"200\" autocomplete=\"off\"\n                    value=\"\"\n                \/><p style=\"display: none !important;\" class=\"akismet-fields-container\" data-prefix=\"_wpcf7_ak_\"><label>&#916;<textarea name=\"_wpcf7_ak_hp_textarea\" cols=\"45\" rows=\"8\" maxlength=\"100\"><\/textarea><\/label><input type=\"hidden\" id=\"ak_js_1\" name=\"_wpcf7_ak_js\" value=\"139\"\/><script>document.getElementById( \"ak_js_1\" ).setAttribute( \"value\", ( new Date() ).getTime() );<\/script><\/p><div class=\"wpcf7-response-output\" aria-hidden=\"true\"><\/div>\n<input type=\"hidden\" name=\"trp-form-language\" value=\"fr\"\/><\/form>\n<\/div>\n\n<p>&nbsp;<\/p>\n<div style='text-align:left' class='yasr-auto-insert-visitor'><\/div>","protected":false},"excerpt":{"rendered":"<p>Fried garlic is widely used in the catering and seasoning industries, mainly in two forms: fried minced garlic and fried garlic chips. After frying, the garlic develops a rich aroma, a crispy texture, and a golden color, while also extending the product&#8217;s shelf life. The fried garlic production line\u00a0is specifically designed for the production of &#8230; <a title=\"Ligne de friture d&#039;ail croustillant\" class=\"read-more\" href=\"https:\/\/www.snackfoodm.com\/fr\/fried-garlic-frying-line\/\" aria-label=\"Plus sur Crispy Fried Garlic Frying Line\">Lire plus<\/a><\/p>","protected":false},"author":1,"featured_media":0,"parent":0,"menu_order":0,"comment_status":"closed","ping_status":"closed","template":"","meta":{"generate_page_header":"","yasr_overall_rating":0,"yasr_post_is_review":"","yasr_auto_insert_disabled":"","yasr_review_type":"","footnotes":""},"class_list":["post-1743","page","type-page","status-publish"],"yoast_head":"<!-- This site is optimized with the Yoast SEO plugin v25.8 - https:\/\/yoast.com\/wordpress\/plugins\/seo\/ -->\n<title>Crispy Fried Garlic Frying Line - Professional Potato Chips and French Fry Process Line Manufacturer<\/title>\n<meta name=\"description\" content=\"The fried garlic production line can be used to produce fried garlic chips, fried minced garlic, and other fried garlic products.\" \/>\n<meta name=\"robots\" content=\"index, follow, max-snippet:-1, max-image-preview:large, max-video-preview:-1\" \/>\n<link rel=\"canonical\" href=\"https:\/\/www.snackfoodm.com\/fr\/fried-garlic-frying-line\/\" \/>\n<meta property=\"og:locale\" content=\"fr_FR\" \/>\n<meta property=\"og:type\" content=\"article\" \/>\n<meta property=\"og:title\" content=\"Crispy Fried Garlic Frying Line - Professional Potato Chips and French Fry Process Line Manufacturer\" \/>\n<meta property=\"og:description\" content=\"The fried garlic production line can be used to produce fried garlic chips, fried minced garlic, and other fried garlic products.\" \/>\n<meta property=\"og:url\" content=\"https:\/\/www.snackfoodm.com\/fr\/fried-garlic-frying-line\/\" \/>\n<meta property=\"og:site_name\" content=\"Professional Potato Chips and French Fry Process Line Manufacturer\" \/>\n<meta property=\"og:image\" content=\"https:\/\/www.snackfoodm.com\/wp-content\/uploads\/2026\/01\/fried-garlic-line.jpg\" \/>\n\t<meta property=\"og:image:width\" content=\"630\" \/>\n\t<meta property=\"og:image:height\" content=\"400\" \/>\n\t<meta property=\"og:image:type\" content=\"image\/jpeg\" \/>\n<meta name=\"twitter:card\" content=\"summary_large_image\" \/>\n<meta name=\"twitter:label1\" content=\"Dur\u00e9e de lecture estim\u00e9e\" \/>\n\t<meta name=\"twitter:data1\" content=\"3 minutes\" \/>\n<script type=\"application\/ld+json\" class=\"yoast-schema-graph\">{\"@context\":\"https:\/\/schema.org\",\"@graph\":[{\"@type\":\"WebPage\",\"@id\":\"https:\/\/www.snackfoodm.com\/fried-garlic-frying-line\/\",\"url\":\"https:\/\/www.snackfoodm.com\/fried-garlic-frying-line\/\",\"name\":\"Crispy Fried Garlic Frying Line - Professional Potato Chips and French Fry Process Line Manufacturer\",\"isPartOf\":{\"@id\":\"https:\/\/www.snackfoodm.com\/#website\"},\"primaryImageOfPage\":{\"@id\":\"https:\/\/www.snackfoodm.com\/fried-garlic-frying-line\/#primaryimage\"},\"image\":{\"@id\":\"https:\/\/www.snackfoodm.com\/fried-garlic-frying-line\/#primaryimage\"},\"thumbnailUrl\":\"https:\/\/www.snackfoodm.com\/wp-content\/uploads\/2026\/01\/fried-garlic-line.jpg\",\"datePublished\":\"2026-01-15T06:30:56+00:00\",\"description\":\"The fried garlic production line can be used to produce fried garlic chips, fried minced garlic, and other fried garlic products.\",\"breadcrumb\":{\"@id\":\"https:\/\/www.snackfoodm.com\/fried-garlic-frying-line\/#breadcrumb\"},\"inLanguage\":\"fr-FR\",\"potentialAction\":[{\"@type\":\"ReadAction\",\"target\":[\"https:\/\/www.snackfoodm.com\/fried-garlic-frying-line\/\"]}]},{\"@type\":\"ImageObject\",\"inLanguage\":\"fr-FR\",\"@id\":\"https:\/\/www.snackfoodm.com\/fried-garlic-frying-line\/#primaryimage\",\"url\":\"https:\/\/www.snackfoodm.com\/wp-content\/uploads\/2026\/01\/fried-garlic-line.jpg\",\"contentUrl\":\"https:\/\/www.snackfoodm.com\/wp-content\/uploads\/2026\/01\/fried-garlic-line.jpg\"},{\"@type\":\"BreadcrumbList\",\"@id\":\"https:\/\/www.snackfoodm.com\/fried-garlic-frying-line\/#breadcrumb\",\"itemListElement\":[{\"@type\":\"ListItem\",\"position\":1,\"name\":\"\u9996\u9875\",\"item\":\"https:\/\/www.snackfoodm.com\/\"},{\"@type\":\"ListItem\",\"position\":2,\"name\":\"Crispy Fried Garlic Frying Line\"}]},{\"@type\":\"WebSite\",\"@id\":\"https:\/\/www.snackfoodm.com\/#website\",\"url\":\"https:\/\/www.snackfoodm.com\/\",\"name\":\"Professional Potato Chips and French Fry Process Line Manufacturer\",\"description\":\"Turnkey Solutions for Chips and French Fries Production Line\",\"publisher\":{\"@id\":\"https:\/\/www.snackfoodm.com\/#organization\"},\"potentialAction\":[{\"@type\":\"SearchAction\",\"target\":{\"@type\":\"EntryPoint\",\"urlTemplate\":\"https:\/\/www.snackfoodm.com\/?s={search_term_string}\"},\"query-input\":{\"@type\":\"PropertyValueSpecification\",\"valueRequired\":true,\"valueName\":\"search_term_string\"}}],\"inLanguage\":\"fr-FR\"},{\"@type\":\"Organization\",\"@id\":\"https:\/\/www.snackfoodm.com\/#organization\",\"name\":\"Professional Potato Chips and French Fry Process Line Manufacturer\",\"url\":\"https:\/\/www.snackfoodm.com\/\",\"logo\":{\"@type\":\"ImageObject\",\"inLanguage\":\"fr-FR\",\"@id\":\"https:\/\/www.snackfoodm.com\/#\/schema\/logo\/image\/\",\"url\":\"https:\/\/www.snackfoodm.com\/wp-content\/uploads\/2020\/02\/cropped-\u65b0\u7248LOGO1-3.png\",\"contentUrl\":\"https:\/\/www.snackfoodm.com\/wp-content\/uploads\/2020\/02\/cropped-\u65b0\u7248LOGO1-3.png\",\"width\":163,\"height\":85,\"caption\":\"Professional Potato Chips and French Fry Process Line Manufacturer\"},\"image\":{\"@id\":\"https:\/\/www.snackfoodm.com\/#\/schema\/logo\/image\/\"}},false]}<\/script>\n<!-- \/ Yoast SEO plugin. -->","yoast_head_json":{"title":"Ligne de friture d'ail croustillant - Fabricant professionnel de lignes de frites et de chips","description":"La ligne de production d'ail frit peut \u00eatre utilis\u00e9e pour produire des chips d'ail frit, de l'ail hach\u00e9 frit et d'autres produits \u00e0 base d'ail frit.","robots":{"index":"index","follow":"follow","max-snippet":"max-snippet:-1","max-image-preview":"max-image-preview:large","max-video-preview":"max-video-preview:-1"},"canonical":"https:\/\/www.snackfoodm.com\/fr\/fried-garlic-frying-line\/","og_locale":"fr_FR","og_type":"article","og_title":"Crispy Fried Garlic Frying Line - Professional Potato Chips and French Fry Process Line Manufacturer","og_description":"The fried garlic production line can be used to produce fried garlic chips, fried minced garlic, and other fried garlic products.","og_url":"https:\/\/www.snackfoodm.com\/fr\/fried-garlic-frying-line\/","og_site_name":"Professional Potato Chips and French Fry Process Line Manufacturer","og_image":[{"width":630,"height":400,"url":"https:\/\/www.snackfoodm.com\/wp-content\/uploads\/2026\/01\/fried-garlic-line.jpg","type":"image\/jpeg"}],"twitter_card":"summary_large_image","twitter_misc":{"Dur\u00e9e de lecture estim\u00e9e":"3 minutes"},"schema":{"@context":"https:\/\/schema.org","@graph":[{"@type":"WebPage","@id":"https:\/\/www.snackfoodm.com\/fried-garlic-frying-line\/","url":"https:\/\/www.snackfoodm.com\/fried-garlic-frying-line\/","name":"Ligne de friture d'ail croustillant - Fabricant professionnel de lignes de frites et de chips","isPartOf":{"@id":"https:\/\/www.snackfoodm.com\/#website"},"primaryImageOfPage":{"@id":"https:\/\/www.snackfoodm.com\/fried-garlic-frying-line\/#primaryimage"},"image":{"@id":"https:\/\/www.snackfoodm.com\/fried-garlic-frying-line\/#primaryimage"},"thumbnailUrl":"https:\/\/www.snackfoodm.com\/wp-content\/uploads\/2026\/01\/fried-garlic-line.jpg","datePublished":"2026-01-15T06:30:56+00:00","description":"La ligne de production d'ail frit peut \u00eatre utilis\u00e9e pour produire des chips d'ail frit, de l'ail hach\u00e9 frit et d'autres produits \u00e0 base d'ail frit.","breadcrumb":{"@id":"https:\/\/www.snackfoodm.com\/fried-garlic-frying-line\/#breadcrumb"},"inLanguage":"fr-FR","potentialAction":[{"@type":"ReadAction","target":["https:\/\/www.snackfoodm.com\/fried-garlic-frying-line\/"]}]},{"@type":"ImageObject","inLanguage":"fr-FR","@id":"https:\/\/www.snackfoodm.com\/fried-garlic-frying-line\/#primaryimage","url":"https:\/\/www.snackfoodm.com\/wp-content\/uploads\/2026\/01\/fried-garlic-line.jpg","contentUrl":"https:\/\/www.snackfoodm.com\/wp-content\/uploads\/2026\/01\/fried-garlic-line.jpg"},{"@type":"BreadcrumbList","@id":"https:\/\/www.snackfoodm.com\/fried-garlic-frying-line\/#breadcrumb","itemListElement":[{"@type":"ListItem","position":1,"name":"\u9996\u9875","item":"https:\/\/www.snackfoodm.com\/"},{"@type":"ListItem","position":2,"name":"Crispy Fried Garlic Frying Line"}]},{"@type":"WebSite","@id":"https:\/\/www.snackfoodm.com\/#website","url":"https:\/\/www.snackfoodm.com\/","name":"Fabricant professionnel de lignes de production de chips et de frites","description":"Solutions cl\u00e9s en main pour une ligne de production de chips et de frites","publisher":{"@id":"https:\/\/www.snackfoodm.com\/#organization"},"potentialAction":[{"@type":"SearchAction","target":{"@type":"EntryPoint","urlTemplate":"https:\/\/www.snackfoodm.com\/?s={search_term_string}"},"query-input":{"@type":"PropertyValueSpecification","valueRequired":true,"valueName":"search_term_string"}}],"inLanguage":"fr-FR"},{"@type":"Organization","@id":"https:\/\/www.snackfoodm.com\/#organization","name":"Fabricant professionnel de lignes de production de chips et de frites","url":"https:\/\/www.snackfoodm.com\/","logo":{"@type":"ImageObject","inLanguage":"fr-FR","@id":"https:\/\/www.snackfoodm.com\/#\/schema\/logo\/image\/","url":"https:\/\/www.snackfoodm.com\/wp-content\/uploads\/2020\/02\/cropped-\u65b0\u7248LOGO1-3.png","contentUrl":"https:\/\/www.snackfoodm.com\/wp-content\/uploads\/2020\/02\/cropped-\u65b0\u7248LOGO1-3.png","width":163,"height":85,"caption":"Professional Potato Chips and French Fry Process Line Manufacturer"},"image":{"@id":"https:\/\/www.snackfoodm.com\/#\/schema\/logo\/image\/"}},false]}},"yasr_visitor_votes":{"stars_attributes":{"read_only":false,"span_bottom":false},"number_of_votes":1,"sum_votes":5},"_links":{"self":[{"href":"https:\/\/www.snackfoodm.com\/fr\/wp-json\/wp\/v2\/pages\/1743","targetHints":{"allow":["GET"]}}],"collection":[{"href":"https:\/\/www.snackfoodm.com\/fr\/wp-json\/wp\/v2\/pages"}],"about":[{"href":"https:\/\/www.snackfoodm.com\/fr\/wp-json\/wp\/v2\/types\/page"}],"author":[{"embeddable":true,"href":"https:\/\/www.snackfoodm.com\/fr\/wp-json\/wp\/v2\/users\/1"}],"replies":[{"embeddable":true,"href":"https:\/\/www.snackfoodm.com\/fr\/wp-json\/wp\/v2\/comments?post=1743"}],"version-history":[{"count":2,"href":"https:\/\/www.snackfoodm.com\/fr\/wp-json\/wp\/v2\/pages\/1743\/revisions"}],"predecessor-version":[{"id":1748,"href":"https:\/\/www.snackfoodm.com\/fr\/wp-json\/wp\/v2\/pages\/1743\/revisions\/1748"}],"wp:attachment":[{"href":"https:\/\/www.snackfoodm.com\/fr\/wp-json\/wp\/v2\/media?parent=1743"}],"curies":[{"name":"wp","href":"https:\/\/api.w.org\/{rel}","templated":true}]}}