{"id":1753,"date":"2026-01-22T15:27:08","date_gmt":"2026-01-22T07:27:08","guid":{"rendered":"https:\/\/www.snackfoodm.com\/?page_id=1753"},"modified":"2026-01-22T15:27:34","modified_gmt":"2026-01-22T07:27:34","slug":"cashew-nuts-frying-machine","status":"publish","type":"page","link":"https:\/\/www.snackfoodm.com\/fr\/cashew-nuts-frying-machine\/","title":{"rendered":"Ligne de friture de noix de cajou en acier inoxydable"},"content":{"rendered":"<p><img loading=\"lazy\" decoding=\"async\" class=\"size-full wp-image-1755 aligncenter\" src=\"https:\/\/www.snackfoodm.com\/wp-content\/uploads\/2026\/01\/4-1.jpg\" alt=\"machine \u00e0 frire les noix de cajou\" width=\"630\" height=\"400\" srcset=\"https:\/\/www.snackfoodm.com\/wp-content\/uploads\/2026\/01\/4-1.jpg 630w, https:\/\/www.snackfoodm.com\/wp-content\/uploads\/2026\/01\/4-1-300x190.jpg 300w, https:\/\/www.snackfoodm.com\/wp-content\/uploads\/2026\/01\/4-1-18x12.jpg 18w, https:\/\/www.snackfoodm.com\/wp-content\/uploads\/2026\/01\/4-1-240x152.jpg 240w\" sizes=\"auto, (max-width: 630px) 100vw, 630px\" \/><\/p>\n<p>Les noix de cajou sont riches en prot\u00e9ines v\u00e9g\u00e9tales de haute qualit\u00e9, en acides gras insatur\u00e9s, en vitamines et en divers min\u00e9raux, et poss\u00e8dent une valeur nutritionnelle et un go\u00fbt excellents. Les noix de cajou sont g\u00e9n\u00e9ralement grill\u00e9es ou frites pour constituer de d\u00e9licieux en-cas. Pour r\u00e9pondre aux exigences d'une production \u00e0 grande \u00e9chelle, d'une qualit\u00e9 de produit constante et de la s\u00e9curit\u00e9 alimentaire, des lignes automatis\u00e9es de friture de noix de cajou sont couramment utilis\u00e9es pour une production continue et efficace.<\/p>\n<h2>Flux de travail de la ligne de friture de noix de cajou :<\/h2>\n<p>La ligne de friture de noix de cajou permet un traitement automatis\u00e9 de la friture \u00e0 l'assaisonnement final et comprend principalement les processus suivants :<\/p>\n<p><strong>1. La friture<\/strong><\/p>\n<p>Apr\u00e8s le pr\u00e9traitement, les noix de cajou sont plac\u00e9es dans une machine \u00e0 frire les noix de cajou. Pendant le processus de friture, l'humidit\u00e9 contenue dans les noix de cajou s'\u00e9vapore rapidement, ce qui leur donne une texture croustillante.<\/p>\n<p><strong>2. D\u00e9shuilage<\/strong><\/p>\n<p>Les noix de cajou frites sont ensuite soumises \u00e0 des m\u00e9thodes centrifuges ou vibratoires pour \u00e9liminer l'exc\u00e8s d'huile, ce qui r\u00e9duit le caract\u00e8re gras du produit fini.<\/p>\n<p><strong>3. Assaisonnement<\/strong><\/p>\n<p style=\"text-align: left;\">Apr\u00e8s le d\u00e9shuilage, les noix de cajou entrent dans le processus d'assaisonnement. En fonction du positionnement du produit, elles peuvent \u00eatre assaisonn\u00e9es de sel, de piment ou d'une combinaison de saveurs. Le processus d'assaisonnement est uniforme et stable, garantissant que chaque noix de cajou est enti\u00e8rement enrob\u00e9e d'assaisonnement, ce qui am\u00e9liore l'homog\u00e9n\u00e9it\u00e9 du produit et la comp\u00e9titivit\u00e9 du march\u00e9.<\/p>\n<p style=\"text-align: center;\"><iframe loading=\"lazy\" title=\"Lecteur vid\u00e9o YouTube\" src=\"https:\/\/www.youtube.com\/embed\/mhcAC-v9tDg?si=aXW2qcJG6k--nF5P\" width=\"560\" height=\"315\" frameborder=\"0\" allowfullscreen=\"allowfullscreen\"><\/iframe><\/p>\n<h2>\u00c9quipement principal de la ligne de friture de noix :<\/h2>\n<p><strong>1. Machine \u00e0 frire les noix de cajou<\/strong><\/p>\n<p>La machine \u00e0 frire les noix de cajou est l'\u00e9quipement central de toute la cha\u00eene de production. Elle utilise g\u00e9n\u00e9ralement une structure de friture continue, adapt\u00e9e \u00e0 un fonctionnement stable \u00e0 long terme.<\/p>\n<ul>\n<li>La temp\u00e9rature de l'huile est r\u00e9glable avec pr\u00e9cision, ce qui permet de chauffer uniform\u00e9ment les noix de cajou.<\/li>\n<li>Le syst\u00e8me de transport utilise une bande \u00e0 mailles en acier inoxydable r\u00e9sistant aux temp\u00e9ratures \u00e9lev\u00e9es ou une bande \u00e0 plaques \u00e0 cha\u00eenes pour un fonctionnement stable.<\/li>\n<li>Il peut \u00eatre \u00e9quip\u00e9 d'un syst\u00e8me automatique de remplissage et de filtration de l'huile pour prolonger la dur\u00e9e de vie de l'huile de cuisson.<\/li>\n<\/ul>\n<p><img loading=\"lazy\" decoding=\"async\" class=\"size-full wp-image-1754 aligncenter\" src=\"https:\/\/www.snackfoodm.com\/wp-content\/uploads\/2026\/01\/4.jpg\" alt=\"ligne de friture de noix\" width=\"630\" height=\"400\" srcset=\"https:\/\/www.snackfoodm.com\/wp-content\/uploads\/2026\/01\/4.jpg 630w, https:\/\/www.snackfoodm.com\/wp-content\/uploads\/2026\/01\/4-300x190.jpg 300w, https:\/\/www.snackfoodm.com\/wp-content\/uploads\/2026\/01\/4-18x12.jpg 18w, https:\/\/www.snackfoodm.com\/wp-content\/uploads\/2026\/01\/4-240x152.jpg 240w\" sizes=\"auto, (max-width: 630px) 100vw, 630px\" \/><\/p>\n<p style=\"text-align: center;\"><a class=\"fancybox\" href=\"#contact_form_pop\"><strong class=\"button\">Obtenir des solutions<\/strong><\/a><\/p>\n<p><strong>2. Machine \u00e0 d\u00e9shuiler les noix de cajou<\/strong><\/p>\n<p>Le <a href=\"https:\/\/www.snackfoodm.com\/fr\/deoiling-machine\/\">machine de d\u00e9shuilage<\/a> est principalement utilis\u00e9 pour \u00e9liminer l'exc\u00e8s d'huile \u00e0 la surface des noix de cajou frites. Il s'agit d'un \u00e9quipement important pour l'am\u00e9lioration de la qualit\u00e9 du produit.<\/p>\n<ul>\n<li>Il adopte des m\u00e9thodes de d\u00e9shuilage centrifuge ou vibratoire, ce qui lui conf\u00e8re une grande efficacit\u00e9 de d\u00e9shuilage.<\/li>\n<li>La vitesse de rotation ou l'amplitude sont r\u00e9glables, ce qui permet de s'adapter aux diff\u00e9rentes conditions du produit.<\/li>\n<li>Il r\u00e9duit efficacement la teneur en huile du produit fini et en am\u00e9liore le go\u00fbt.<\/li>\n<\/ul>\n<p><strong>3. Machine \u00e0 assaisonner les noix de cajou<\/strong><\/p>\n<p>Cette machine d'assaisonnement est utilis\u00e9e pour assaisonner uniform\u00e9ment les noix de cajou apr\u00e8s la friture et le d\u00e9shuilage, une \u00e9tape cruciale dans le d\u00e9veloppement de la saveur du produit.<\/p>\n<ul>\n<li>Il se caract\u00e9rise par une structure en tambour ou en continu pour un assaisonnement uniforme.<\/li>\n<li>Convient aux assaisonnements en poudre et liquides.<\/li>\n<li>Le temps d'assaisonnement et la vitesse de rotation sont r\u00e9glables pour un contr\u00f4le flexible.<\/li>\n<\/ul>\n<p>Pour r\u00e9pondre aux divers besoins des clients en termes de capacit\u00e9 de production, de niveau d'automatisation et de type de produit, nous proposons non seulement des lignes de friture de noix de cajou standard, mais aussi des configurations flexibles d'autres \u00e9quipements de transformation de la noix de cajou \u00e0 l'avant et \u00e0 l'arri\u00e8re de la ligne de production, en fonction des exigences de transformation r\u00e9elles des clients, afin de constituer une solution compl\u00e8te de transformation de la noix de cajou.<\/p>\n\n<div class=\"wpcf7 no-js\" id=\"wpcf7-f385-o1\" lang=\"en-US\" dir=\"ltr\" data-wpcf7-id=\"385\">\n<div class=\"screen-reader-response\"><p role=\"status\" aria-live=\"polite\" aria-atomic=\"true\"><\/p> <ul><\/ul><\/div>\n<form action=\"\/fr\/wp-json\/wp\/v2\/pages\/1753#wpcf7-f385-o1\" method=\"post\" class=\"wpcf7-form init\" aria-label=\"Formulaire de contact\" novalidate=\"novalidate\" data-status=\"init\" data-trp-original-action=\"\/fr\/wp-json\/wp\/v2\/pages\/1753#wpcf7-f385-o1\">\n<fieldset class=\"hidden-fields-container\"><input type=\"hidden\" name=\"_wpcf7\" value=\"385\" \/><input type=\"hidden\" name=\"_wpcf7_version\" value=\"6.1.1\" \/><input type=\"hidden\" name=\"_wpcf7_locale\" value=\"en_US\" \/><input type=\"hidden\" name=\"_wpcf7_unit_tag\" value=\"wpcf7-f385-o1\" \/><input type=\"hidden\" name=\"_wpcf7_container_post\" value=\"0\" \/><input type=\"hidden\" name=\"_wpcf7_posted_data_hash\" value=\"\" \/>\n<\/fieldset>\n<div class=\"leave-message-blockall\">\n\t<div class=\"leave-message-block\">\n\t\t<div class=\"leave-top\">\n\t\t\t<p>Veuillez remplir le formulaire ci-dessous pour obtenir les prix.\n\t\t\t<\/p>\n\t\t<\/div>\n\t\t<div class=\"leave-name\">\n\t\t\t<div class=\"leave-name-t\">\n\t\t\t\t<p>Votre nom :\n\t\t\t\t<\/p>\n\t\t\t<\/div>\n\t\t\t<p><span class=\"wpcf7-form-control-wrap\" data-name=\"your-name\"><input size=\"40\" maxlength=\"400\" class=\"wpcf7-form-control wpcf7-text\" aria-invalid=\"false\" value=\"\" type=\"text\" name=\"your-name\" \/><\/span>\n\t\t\t<\/p>\n\t\t<\/div>\n\t\t<div class=\"leave-email\">\n\t\t\t<div class=\"leave-email-t\">\n\t\t\t\t<p>Votre adresse \u00e9lectronique (obligatoire) :\n\t\t\t\t<\/p>\n\t\t\t<\/div>\n\t\t\t<p><span class=\"wpcf7-form-control-wrap\" data-name=\"your-email\"><input size=\"40\" maxlength=\"400\" class=\"wpcf7-form-control wpcf7-email wpcf7-validates-as-required wpcf7-text wpcf7-validates-as-email\" aria-required=\"true\" aria-invalid=\"false\" value=\"\" type=\"email\" name=\"your-email\" \/><\/span>\n\t\t\t<\/p>\n\t\t<\/div>\n\t\t<div class=\"leave-tel\">\n\t\t\t<div class=\"leave-tel-t\">\n\t\t\t\t<p>Votre T\u00e9l(obligatoire) :\n\t\t\t\t<\/p>\n\t\t\t<\/div>\n\t\t\t<p><span class=\"wpcf7-form-control-wrap\" data-name=\"your-tel\"><input size=\"40\" maxlength=\"400\" class=\"wpcf7-form-control wpcf7-tel wpcf7-validates-as-required wpcf7-text wpcf7-validates-as-tel\" aria-required=\"true\" aria-invalid=\"false\" placeholder=\"Veuillez ajouter les codes de pays\" value=\"\" type=\"tel\" name=\"your-tel\" \/><\/span>\n\t\t\t<\/p>\n\t\t<\/div>\n\t\t<div class=\"leave-country\">\n\t\t\t<div class=\"leave-country-t\">\n\t\t\t\t<p>Votre pays :\n\t\t\t\t<\/p>\n\t\t\t<\/div>\n\t\t\t<p><span class=\"wpcf7-form-control-wrap\" data-name=\"your-country\"><input size=\"40\" maxlength=\"400\" class=\"wpcf7-form-control wpcf7-text\" aria-invalid=\"false\" value=\"\" type=\"text\" name=\"your-country\" \/><\/span>\n\t\t\t<\/p>\n\t\t<\/div>\n\t\t<div class=\"leave-require\">\n\t\t\t<div class=\"leave-require-t\">\n\t\t\t\t<p>Votre message (obligatoire) :\n\t\t\t\t<\/p>\n\t\t\t<\/div>\n\t\t\t<p><span class=\"wpcf7-form-control-wrap\" data-name=\"your-message\"><textarea cols=\"40\" rows=\"10\" maxlength=\"2000\" class=\"wpcf7-form-control wpcf7-textarea wpcf7-validates-as-required\" aria-required=\"true\" aria-invalid=\"false\" placeholder=\"Conseils : mati\u00e8re premi\u00e8re, produit souhait\u00e9, capacit\u00e9, \u00e9quipement auxiliaire, etc.\" name=\"your-message\"><\/textarea><\/span>\n\t\t\t<\/p>\n\t\t<\/div>\n\t\t<div class=\"leave-Send\">\n\t\t\t<p><input class=\"wpcf7-form-control wpcf7-submit has-spinner\" type=\"submit\" value=\"Envoyer\" \/>\n\t\t\t<\/p>\n\t\t<\/div>\n\t<\/div>\n<\/div><input type=\"hidden\" id=\"ct_checkjs_cf7_1c383cd30b7c298ab50293adfecb7b18\" name=\"ct_checkjs_cf7\" value=\"0\" \/><script >setTimeout(function(){var ct_input_name = \"ct_checkjs_cf7_1c383cd30b7c298ab50293adfecb7b18\";if (document.getElementById(ct_input_name) !== null) {var ct_input_value = document.getElementById(ct_input_name).value;document.getElementById(ct_input_name).value = document.getElementById(ct_input_name).value.replace(ct_input_value, 'dba04424690aafc408c5cb41194f71da80590051ae3ed0048d37dfc87b0d215e');}}, 1000);<\/script><input\n                    class=\"apbct_special_field apbct_email_id__wp_contact_form_7\"\n                    name=\"apbct__email_id__wp_contact_form_7\"\n                    aria-label=\"apbct__label_id__wp_contact_form_7\"\n                    type=\"text\" size=\"30\" maxlength=\"200\" autocomplete=\"off\"\n                    value=\"\"\n                \/><p style=\"display: none !important;\" class=\"akismet-fields-container\" data-prefix=\"_wpcf7_ak_\"><label>&#916;<textarea name=\"_wpcf7_ak_hp_textarea\" cols=\"45\" rows=\"8\" maxlength=\"100\"><\/textarea><\/label><input type=\"hidden\" id=\"ak_js_1\" name=\"_wpcf7_ak_js\" value=\"91\"\/><script>document.getElementById( \"ak_js_1\" ).setAttribute( \"value\", ( new Date() ).getTime() );<\/script><\/p><div class=\"wpcf7-response-output\" aria-hidden=\"true\"><\/div>\n<input type=\"hidden\" name=\"trp-form-language\" value=\"fr\"\/><\/form>\n<\/div>\n\n<div style='text-align:left' class='yasr-auto-insert-visitor'><\/div>","protected":false},"excerpt":{"rendered":"<p>Cashews are rich in high-quality plant protein, unsaturated fatty acids, vitamins, and various minerals, possessing excellent nutritional value and taste. Cashews are typically roasted or fried to make delicious snacks. To meet the requirements of large-scale production, consistent product quality, and food safety, automated cashew nut frying lines\u00a0are commonly used for continuous and efficient production. &#8230; <a title=\"Ligne de friture de noix de cajou en acier inoxydable\" class=\"read-more\" href=\"https:\/\/www.snackfoodm.com\/fr\/cashew-nuts-frying-machine\/\" aria-label=\"Plus sur Stainless Steel Cashew Nuts Frying Machine Line\">Lire plus<\/a><\/p>","protected":false},"author":1,"featured_media":0,"parent":0,"menu_order":0,"comment_status":"closed","ping_status":"closed","template":"","meta":{"generate_page_header":"","yasr_overall_rating":0,"yasr_post_is_review":"","yasr_auto_insert_disabled":"","yasr_review_type":"","footnotes":""},"class_list":["post-1753","page","type-page","status-publish"],"yoast_head":"<!-- This site is optimized with the Yoast SEO plugin v25.8 - https:\/\/yoast.com\/wordpress\/plugins\/seo\/ -->\n<title>Stainless Steel Cashew Nuts Frying Machine Line - Professional Potato Chips and French Fry Process Line Manufacturer<\/title>\n<meta name=\"description\" content=\"The cashew nut frying line include frying, deoiling, flavoring, etc. The entire process is highly automated.\" \/>\n<meta name=\"robots\" content=\"index, follow, max-snippet:-1, max-image-preview:large, max-video-preview:-1\" \/>\n<link rel=\"canonical\" href=\"https:\/\/www.snackfoodm.com\/fr\/cashew-nuts-frying-machine\/\" \/>\n<meta property=\"og:locale\" content=\"fr_FR\" \/>\n<meta property=\"og:type\" content=\"article\" \/>\n<meta property=\"og:title\" content=\"Stainless Steel Cashew Nuts Frying Machine Line - Professional Potato Chips and French Fry Process Line Manufacturer\" \/>\n<meta property=\"og:description\" content=\"The cashew nut frying line include frying, deoiling, flavoring, etc. The entire process is highly automated.\" \/>\n<meta property=\"og:url\" content=\"https:\/\/www.snackfoodm.com\/fr\/cashew-nuts-frying-machine\/\" \/>\n<meta property=\"og:site_name\" content=\"Professional Potato Chips and French Fry Process Line Manufacturer\" \/>\n<meta property=\"article:modified_time\" content=\"2026-01-22T07:27:34+00:00\" \/>\n<meta property=\"og:image\" content=\"https:\/\/www.snackfoodm.com\/wp-content\/uploads\/2026\/01\/4-1.jpg\" \/>\n\t<meta property=\"og:image:width\" content=\"630\" \/>\n\t<meta property=\"og:image:height\" content=\"400\" \/>\n\t<meta property=\"og:image:type\" content=\"image\/jpeg\" \/>\n<meta name=\"twitter:card\" content=\"summary_large_image\" \/>\n<meta name=\"twitter:label1\" content=\"Dur\u00e9e de lecture estim\u00e9e\" \/>\n\t<meta name=\"twitter:data1\" content=\"3 minutes\" \/>\n<script type=\"application\/ld+json\" class=\"yoast-schema-graph\">{\"@context\":\"https:\/\/schema.org\",\"@graph\":[{\"@type\":\"WebPage\",\"@id\":\"https:\/\/www.snackfoodm.com\/cashew-nuts-frying-machine\/\",\"url\":\"https:\/\/www.snackfoodm.com\/cashew-nuts-frying-machine\/\",\"name\":\"Stainless Steel Cashew Nuts Frying Machine Line - Professional Potato Chips and French Fry Process Line Manufacturer\",\"isPartOf\":{\"@id\":\"https:\/\/www.snackfoodm.com\/#website\"},\"primaryImageOfPage\":{\"@id\":\"https:\/\/www.snackfoodm.com\/cashew-nuts-frying-machine\/#primaryimage\"},\"image\":{\"@id\":\"https:\/\/www.snackfoodm.com\/cashew-nuts-frying-machine\/#primaryimage\"},\"thumbnailUrl\":\"https:\/\/www.snackfoodm.com\/wp-content\/uploads\/2026\/01\/4-1.jpg\",\"datePublished\":\"2026-01-22T07:27:08+00:00\",\"dateModified\":\"2026-01-22T07:27:34+00:00\",\"description\":\"The cashew nut frying line include frying, deoiling, flavoring, etc. The entire process is highly automated.\",\"breadcrumb\":{\"@id\":\"https:\/\/www.snackfoodm.com\/cashew-nuts-frying-machine\/#breadcrumb\"},\"inLanguage\":\"fr-FR\",\"potentialAction\":[{\"@type\":\"ReadAction\",\"target\":[\"https:\/\/www.snackfoodm.com\/cashew-nuts-frying-machine\/\"]}]},{\"@type\":\"ImageObject\",\"inLanguage\":\"fr-FR\",\"@id\":\"https:\/\/www.snackfoodm.com\/cashew-nuts-frying-machine\/#primaryimage\",\"url\":\"https:\/\/www.snackfoodm.com\/wp-content\/uploads\/2026\/01\/4-1.jpg\",\"contentUrl\":\"https:\/\/www.snackfoodm.com\/wp-content\/uploads\/2026\/01\/4-1.jpg\"},{\"@type\":\"BreadcrumbList\",\"@id\":\"https:\/\/www.snackfoodm.com\/cashew-nuts-frying-machine\/#breadcrumb\",\"itemListElement\":[{\"@type\":\"ListItem\",\"position\":1,\"name\":\"\u9996\u9875\",\"item\":\"https:\/\/www.snackfoodm.com\/\"},{\"@type\":\"ListItem\",\"position\":2,\"name\":\"Stainless Steel Cashew Nuts Frying Machine Line\"}]},{\"@type\":\"WebSite\",\"@id\":\"https:\/\/www.snackfoodm.com\/#website\",\"url\":\"https:\/\/www.snackfoodm.com\/\",\"name\":\"Professional Potato Chips and French Fry Process Line Manufacturer\",\"description\":\"Turnkey Solutions for Chips and French Fries Production Line\",\"publisher\":{\"@id\":\"https:\/\/www.snackfoodm.com\/#organization\"},\"potentialAction\":[{\"@type\":\"SearchAction\",\"target\":{\"@type\":\"EntryPoint\",\"urlTemplate\":\"https:\/\/www.snackfoodm.com\/?s={search_term_string}\"},\"query-input\":{\"@type\":\"PropertyValueSpecification\",\"valueRequired\":true,\"valueName\":\"search_term_string\"}}],\"inLanguage\":\"fr-FR\"},{\"@type\":\"Organization\",\"@id\":\"https:\/\/www.snackfoodm.com\/#organization\",\"name\":\"Professional Potato Chips and French Fry Process Line Manufacturer\",\"url\":\"https:\/\/www.snackfoodm.com\/\",\"logo\":{\"@type\":\"ImageObject\",\"inLanguage\":\"fr-FR\",\"@id\":\"https:\/\/www.snackfoodm.com\/#\/schema\/logo\/image\/\",\"url\":\"https:\/\/www.snackfoodm.com\/wp-content\/uploads\/2020\/02\/cropped-\u65b0\u7248LOGO1-3.png\",\"contentUrl\":\"https:\/\/www.snackfoodm.com\/wp-content\/uploads\/2020\/02\/cropped-\u65b0\u7248LOGO1-3.png\",\"width\":163,\"height\":85,\"caption\":\"Professional Potato Chips and French Fry Process Line Manufacturer\"},\"image\":{\"@id\":\"https:\/\/www.snackfoodm.com\/#\/schema\/logo\/image\/\"}},false]}<\/script>\n<!-- \/ Yoast SEO plugin. -->","yoast_head_json":{"title":"Ligne de friture de noix de cajou en acier inoxydable - Fabricant professionnel de lignes de frites et de chips","description":"La ligne de friture de noix de cajou comprend la friture, le d\u00e9shuilage, l'aromatisation, etc. L'ensemble du processus est hautement automatis\u00e9.","robots":{"index":"index","follow":"follow","max-snippet":"max-snippet:-1","max-image-preview":"max-image-preview:large","max-video-preview":"max-video-preview:-1"},"canonical":"https:\/\/www.snackfoodm.com\/fr\/cashew-nuts-frying-machine\/","og_locale":"fr_FR","og_type":"article","og_title":"Stainless Steel Cashew Nuts Frying Machine Line - Professional Potato Chips and French Fry Process Line Manufacturer","og_description":"The cashew nut frying line include frying, deoiling, flavoring, etc. The entire process is highly automated.","og_url":"https:\/\/www.snackfoodm.com\/fr\/cashew-nuts-frying-machine\/","og_site_name":"Professional Potato Chips and French Fry Process Line Manufacturer","article_modified_time":"2026-01-22T07:27:34+00:00","og_image":[{"width":630,"height":400,"url":"https:\/\/www.snackfoodm.com\/wp-content\/uploads\/2026\/01\/4-1.jpg","type":"image\/jpeg"}],"twitter_card":"summary_large_image","twitter_misc":{"Dur\u00e9e de lecture estim\u00e9e":"3 minutes"},"schema":{"@context":"https:\/\/schema.org","@graph":[{"@type":"WebPage","@id":"https:\/\/www.snackfoodm.com\/cashew-nuts-frying-machine\/","url":"https:\/\/www.snackfoodm.com\/cashew-nuts-frying-machine\/","name":"Ligne de friture de noix de cajou en acier inoxydable - Fabricant professionnel de lignes de frites et de chips","isPartOf":{"@id":"https:\/\/www.snackfoodm.com\/#website"},"primaryImageOfPage":{"@id":"https:\/\/www.snackfoodm.com\/cashew-nuts-frying-machine\/#primaryimage"},"image":{"@id":"https:\/\/www.snackfoodm.com\/cashew-nuts-frying-machine\/#primaryimage"},"thumbnailUrl":"https:\/\/www.snackfoodm.com\/wp-content\/uploads\/2026\/01\/4-1.jpg","datePublished":"2026-01-22T07:27:08+00:00","dateModified":"2026-01-22T07:27:34+00:00","description":"La ligne de friture de noix de cajou comprend la friture, le d\u00e9shuilage, l'aromatisation, etc. L'ensemble du processus est hautement automatis\u00e9.","breadcrumb":{"@id":"https:\/\/www.snackfoodm.com\/cashew-nuts-frying-machine\/#breadcrumb"},"inLanguage":"fr-FR","potentialAction":[{"@type":"ReadAction","target":["https:\/\/www.snackfoodm.com\/cashew-nuts-frying-machine\/"]}]},{"@type":"ImageObject","inLanguage":"fr-FR","@id":"https:\/\/www.snackfoodm.com\/cashew-nuts-frying-machine\/#primaryimage","url":"https:\/\/www.snackfoodm.com\/wp-content\/uploads\/2026\/01\/4-1.jpg","contentUrl":"https:\/\/www.snackfoodm.com\/wp-content\/uploads\/2026\/01\/4-1.jpg"},{"@type":"BreadcrumbList","@id":"https:\/\/www.snackfoodm.com\/cashew-nuts-frying-machine\/#breadcrumb","itemListElement":[{"@type":"ListItem","position":1,"name":"\u9996\u9875","item":"https:\/\/www.snackfoodm.com\/"},{"@type":"ListItem","position":2,"name":"Stainless Steel Cashew Nuts Frying Machine Line"}]},{"@type":"WebSite","@id":"https:\/\/www.snackfoodm.com\/#website","url":"https:\/\/www.snackfoodm.com\/","name":"Fabricant professionnel de lignes de production de chips et de frites","description":"Solutions cl\u00e9s en main pour une ligne de production de chips et de frites","publisher":{"@id":"https:\/\/www.snackfoodm.com\/#organization"},"potentialAction":[{"@type":"SearchAction","target":{"@type":"EntryPoint","urlTemplate":"https:\/\/www.snackfoodm.com\/?s={search_term_string}"},"query-input":{"@type":"PropertyValueSpecification","valueRequired":true,"valueName":"search_term_string"}}],"inLanguage":"fr-FR"},{"@type":"Organization","@id":"https:\/\/www.snackfoodm.com\/#organization","name":"Fabricant professionnel de lignes de production de chips et de frites","url":"https:\/\/www.snackfoodm.com\/","logo":{"@type":"ImageObject","inLanguage":"fr-FR","@id":"https:\/\/www.snackfoodm.com\/#\/schema\/logo\/image\/","url":"https:\/\/www.snackfoodm.com\/wp-content\/uploads\/2020\/02\/cropped-\u65b0\u7248LOGO1-3.png","contentUrl":"https:\/\/www.snackfoodm.com\/wp-content\/uploads\/2020\/02\/cropped-\u65b0\u7248LOGO1-3.png","width":163,"height":85,"caption":"Professional Potato Chips and French Fry Process Line Manufacturer"},"image":{"@id":"https:\/\/www.snackfoodm.com\/#\/schema\/logo\/image\/"}},false]}},"yasr_visitor_votes":{"stars_attributes":{"read_only":false,"span_bottom":false},"number_of_votes":1,"sum_votes":5},"_links":{"self":[{"href":"https:\/\/www.snackfoodm.com\/fr\/wp-json\/wp\/v2\/pages\/1753","targetHints":{"allow":["GET"]}}],"collection":[{"href":"https:\/\/www.snackfoodm.com\/fr\/wp-json\/wp\/v2\/pages"}],"about":[{"href":"https:\/\/www.snackfoodm.com\/fr\/wp-json\/wp\/v2\/types\/page"}],"author":[{"embeddable":true,"href":"https:\/\/www.snackfoodm.com\/fr\/wp-json\/wp\/v2\/users\/1"}],"replies":[{"embeddable":true,"href":"https:\/\/www.snackfoodm.com\/fr\/wp-json\/wp\/v2\/comments?post=1753"}],"version-history":[{"count":3,"href":"https:\/\/www.snackfoodm.com\/fr\/wp-json\/wp\/v2\/pages\/1753\/revisions"}],"predecessor-version":[{"id":1758,"href":"https:\/\/www.snackfoodm.com\/fr\/wp-json\/wp\/v2\/pages\/1753\/revisions\/1758"}],"wp:attachment":[{"href":"https:\/\/www.snackfoodm.com\/fr\/wp-json\/wp\/v2\/media?parent=1753"}],"curies":[{"name":"wp","href":"https:\/\/api.w.org\/{rel}","templated":true}]}}