{"id":1760,"date":"2026-01-29T15:14:46","date_gmt":"2026-01-29T07:14:46","guid":{"rendered":"https:\/\/www.snackfoodm.com\/?page_id=1760"},"modified":"2026-01-29T15:18:47","modified_gmt":"2026-01-29T07:18:47","slug":"fruit-vegetable-vacuum-frying-machine","status":"publish","type":"page","link":"https:\/\/www.snackfoodm.com\/fr\/fruit-vegetable-vacuum-frying-machine\/","title":{"rendered":"Machine automatique \u00e0 frire sous vide pour les chips de fruits et de l\u00e9gumes"},"content":{"rendered":"<p><img loading=\"lazy\" decoding=\"async\" class=\"size-full wp-image-1763 aligncenter\" src=\"https:\/\/www.snackfoodm.com\/wp-content\/uploads\/2026\/01\/2-2-1.jpg\" alt=\"friture sous vide de frites\" width=\"630\" height=\"400\" srcset=\"https:\/\/www.snackfoodm.com\/wp-content\/uploads\/2026\/01\/2-2-1.jpg 630w, https:\/\/www.snackfoodm.com\/wp-content\/uploads\/2026\/01\/2-2-1-300x190.jpg 300w, https:\/\/www.snackfoodm.com\/wp-content\/uploads\/2026\/01\/2-2-1-18x12.jpg 18w, https:\/\/www.snackfoodm.com\/wp-content\/uploads\/2026\/01\/2-2-1-240x152.jpg 240w\" sizes=\"auto, (max-width: 630px) 100vw, 630px\" \/><\/p>\n<p>La machine \u00e0 frire sous vide, m\u00e9thode avanc\u00e9e de friture \u00e0 basse temp\u00e9rature, permet de r\u00e9aliser le processus de friture et de d\u00e9shydratation \u00e0 des temp\u00e9ratures plus basses et dans un environnement \u00e0 faible teneur en oxyg\u00e8ne, ce qui pr\u00e9serve efficacement la couleur naturelle, la saveur et les composants nutritionnels des aliments. Il est largement utilis\u00e9 dans le traitement des chips de fruits et de l\u00e9gumes.<\/p>\n<h2>Structure et composants de la friteuse automatique sous vide :<\/h2>\n<p>La machine \u00e0 frire sous vide pour chips de fruits et de l\u00e9gumes se caract\u00e9rise par une structure globale compacte et un degr\u00e9 \u00e9lev\u00e9 d'int\u00e9gration fonctionnelle, et se compose principalement des \u00e9l\u00e9ments de base suivants :<\/p>\n<ul>\n<li>Chambre de friture : La chambre de friture est l'\u00e9l\u00e9ment central de la machine de friture sous vide. Elle est utilis\u00e9e pour compl\u00e9ter le processus de friture et de d\u00e9shydratation des mat\u00e9riaux dans un environnement sous vide. La chambre de friture est g\u00e9n\u00e9ralement fabriqu\u00e9e en acier inoxydable, qui est r\u00e9sistant \u00e0 la corrosion et facile \u00e0 nettoyer.<\/li>\n<li>R\u00e9servoir d'huile : Le r\u00e9servoir d'huile est utilis\u00e9 pour stocker et faire circuler l'huile comestible, en conjonction avec la chambre de friture. Apr\u00e8s la friture, l'huile peut rapidement retourner dans le r\u00e9servoir de stockage d'huile, ce qui r\u00e9duit le temps de contact entre le mat\u00e9riau et l'huile et diminue ainsi efficacement la teneur en huile du produit.<\/li>\n<li>Syst\u00e8me de vide : Le syst\u00e8me de vide se compose d'une pompe \u00e0 vide, de vannes \u00e0 vide et des canalisations correspondantes ; il est essentiel pour obtenir un environnement de friture \u00e0 basse pression.<\/li>\n<\/ul>\n<p><img loading=\"lazy\" decoding=\"async\" class=\"size-full wp-image-1761 aligncenter\" src=\"https:\/\/www.snackfoodm.com\/wp-content\/uploads\/2026\/01\/2-2.jpg\" alt=\"Machine \u00e0 frire sous vide pour chips de fruits et l\u00e9gumes\" width=\"630\" height=\"400\" srcset=\"https:\/\/www.snackfoodm.com\/wp-content\/uploads\/2026\/01\/2-2.jpg 630w, https:\/\/www.snackfoodm.com\/wp-content\/uploads\/2026\/01\/2-2-300x190.jpg 300w, https:\/\/www.snackfoodm.com\/wp-content\/uploads\/2026\/01\/2-2-18x12.jpg 18w, https:\/\/www.snackfoodm.com\/wp-content\/uploads\/2026\/01\/2-2-240x152.jpg 240w\" sizes=\"auto, (max-width: 630px) 100vw, 630px\" \/><\/p>\n<p style=\"text-align: center;\"><a class=\"fancybox\" href=\"#contact_form_pop\"><strong class=\"button\">Obtenir des solutions<\/strong><\/a><\/p>\n<h2>Principe de fonctionnement de la machine \u00e0 frire sous vide pour les chips de fruits et de l\u00e9gumes :<\/h2>\n<p>La machine \u00e0 frire automatique sous vide utilise une technologie avanc\u00e9e de friture sous vide \u00e0 basse temp\u00e9rature, combinant organiquement les processus de friture et de d\u00e9shydratation. Pendant le fonctionnement, les mat\u00e9riaux sont plac\u00e9s dans une chambre de friture scell\u00e9e, et la pression \u00e0 l'int\u00e9rieur de la chambre est r\u00e9duite \u00e0 un \u00e9tat de pression n\u00e9gative inf\u00e9rieur \u00e0 la pression atmosph\u00e9rique par le biais d'un syst\u00e8me de vide. Dans un environnement sous vide, le point d'\u00e9bullition de l'eau est consid\u00e9rablement abaiss\u00e9, ce qui permet \u00e0 l'eau contenue dans les fruits et l\u00e9gumes de se vaporiser rapidement \u00e0 une temp\u00e9rature plus basse et d'obtenir ainsi un effet de d\u00e9shydratation. Simultan\u00e9ment, la temp\u00e9rature de friture est g\u00e9n\u00e9ralement contr\u00f4l\u00e9e entre 80 et 120\u2103, ce qui est bien inf\u00e9rieur \u00e0 la plage de temp\u00e9rature de la friture traditionnelle.<\/p>\n<p><img loading=\"lazy\" decoding=\"async\" class=\"size-full wp-image-1762 aligncenter\" src=\"https:\/\/www.snackfoodm.com\/wp-content\/uploads\/2026\/01\/2-1-1.jpg\" alt=\"machine \u00e0 frire automatique sous vide\" width=\"630\" height=\"400\" srcset=\"https:\/\/www.snackfoodm.com\/wp-content\/uploads\/2026\/01\/2-1-1.jpg 630w, https:\/\/www.snackfoodm.com\/wp-content\/uploads\/2026\/01\/2-1-1-300x190.jpg 300w, https:\/\/www.snackfoodm.com\/wp-content\/uploads\/2026\/01\/2-1-1-18x12.jpg 18w, https:\/\/www.snackfoodm.com\/wp-content\/uploads\/2026\/01\/2-1-1-240x152.jpg 240w\" sizes=\"auto, (max-width: 630px) 100vw, 630px\" \/><\/p>\n<h2>Machine \u00e0 frire sous vide Caract\u00e9ristiques :<\/h2>\n<p><strong>Contr\u00f4le automatique, s\u00fbr et stable<\/strong>: La machine \u00e0 frire est \u00e9quip\u00e9e d'un syst\u00e8me de contr\u00f4le automatique avanc\u00e9 qui peut surveiller et ajuster avec pr\u00e9cision la temp\u00e9rature de l'huile, le degr\u00e9 de vide et le temps de fonctionnement en temps r\u00e9el. Le syst\u00e8me poss\u00e8de de multiples fonctions de protection, \u00e9liminant le risque de surchauffe et de surpression, ce qui garantit non seulement la constance de la qualit\u00e9 du produit, mais aussi la s\u00e9curit\u00e9 et la fiabilit\u00e9 du processus de production.<\/p>\n<p><strong>La m\u00e9thode d'\u00e9limination de l'huile est flexible et a un large \u00e9ventail d'applications<\/strong>: Le syst\u00e8me de d\u00e9shuilage adopte une conception de contr\u00f4le de la vitesse \u00e0 fr\u00e9quence variable, permettant un ajustement flexible de la vitesse de rotation en fonction des caract\u00e9ristiques des diff\u00e9rents types de fruits et l\u00e9gumes. Qu'il s'agisse de fruits \u00e0 faible teneur en huile ou de l\u00e9gumes-racines \u00e0 forte teneur en huile, il est possible d'obtenir des r\u00e9sultats id\u00e9aux en mati\u00e8re d'\u00e9limination de l'huile.<\/p>\n<h2>Applications :<\/h2>\n<p>La machine \u00e0 frire sous vide pour les croustilles de fruits et de l\u00e9gumes est adapt\u00e9e au traitement en profondeur de divers fruits et l\u00e9gumes, couramment utilis\u00e9s pour.. :<\/p>\n<p>Les fruits : Pommes, bananes, ananas, mangues, fraises, kiwis, etc.<\/p>\n<p>L\u00e9gumes : Carottes, citrouilles, gombos, patates douces, pommes de terre, oignons, haricots verts, etc.<\/p>\n\n<div class=\"wpcf7 no-js\" id=\"wpcf7-f385-o1\" lang=\"en-US\" dir=\"ltr\" data-wpcf7-id=\"385\">\n<div class=\"screen-reader-response\"><p role=\"status\" aria-live=\"polite\" aria-atomic=\"true\"><\/p> <ul><\/ul><\/div>\n<form action=\"\/fr\/wp-json\/wp\/v2\/pages\/1760#wpcf7-f385-o1\" method=\"post\" class=\"wpcf7-form init\" aria-label=\"Formulaire de contact\" novalidate=\"novalidate\" data-status=\"init\" data-trp-original-action=\"\/fr\/wp-json\/wp\/v2\/pages\/1760#wpcf7-f385-o1\">\n<fieldset class=\"hidden-fields-container\"><input type=\"hidden\" name=\"_wpcf7\" value=\"385\" \/><input type=\"hidden\" name=\"_wpcf7_version\" value=\"6.1.1\" \/><input type=\"hidden\" name=\"_wpcf7_locale\" value=\"en_US\" \/><input type=\"hidden\" name=\"_wpcf7_unit_tag\" value=\"wpcf7-f385-o1\" \/><input type=\"hidden\" name=\"_wpcf7_container_post\" value=\"0\" \/><input type=\"hidden\" name=\"_wpcf7_posted_data_hash\" value=\"\" \/>\n<\/fieldset>\n<div class=\"leave-message-blockall\">\n\t<div class=\"leave-message-block\">\n\t\t<div class=\"leave-top\">\n\t\t\t<p>Veuillez remplir le formulaire ci-dessous pour obtenir les prix.\n\t\t\t<\/p>\n\t\t<\/div>\n\t\t<div class=\"leave-name\">\n\t\t\t<div class=\"leave-name-t\">\n\t\t\t\t<p>Votre nom :\n\t\t\t\t<\/p>\n\t\t\t<\/div>\n\t\t\t<p><span class=\"wpcf7-form-control-wrap\" data-name=\"your-name\"><input size=\"40\" maxlength=\"400\" class=\"wpcf7-form-control wpcf7-text\" aria-invalid=\"false\" value=\"\" type=\"text\" name=\"your-name\" \/><\/span>\n\t\t\t<\/p>\n\t\t<\/div>\n\t\t<div class=\"leave-email\">\n\t\t\t<div class=\"leave-email-t\">\n\t\t\t\t<p>Votre adresse \u00e9lectronique (obligatoire) :\n\t\t\t\t<\/p>\n\t\t\t<\/div>\n\t\t\t<p><span class=\"wpcf7-form-control-wrap\" data-name=\"your-email\"><input size=\"40\" maxlength=\"400\" class=\"wpcf7-form-control wpcf7-email wpcf7-validates-as-required wpcf7-text wpcf7-validates-as-email\" aria-required=\"true\" aria-invalid=\"false\" value=\"\" type=\"email\" name=\"your-email\" \/><\/span>\n\t\t\t<\/p>\n\t\t<\/div>\n\t\t<div class=\"leave-tel\">\n\t\t\t<div class=\"leave-tel-t\">\n\t\t\t\t<p>Votre T\u00e9l(obligatoire) :\n\t\t\t\t<\/p>\n\t\t\t<\/div>\n\t\t\t<p><span class=\"wpcf7-form-control-wrap\" data-name=\"your-tel\"><input size=\"40\" maxlength=\"400\" class=\"wpcf7-form-control wpcf7-tel wpcf7-validates-as-required wpcf7-text wpcf7-validates-as-tel\" aria-required=\"true\" aria-invalid=\"false\" placeholder=\"Veuillez ajouter les codes de pays\" value=\"\" type=\"tel\" name=\"your-tel\" \/><\/span>\n\t\t\t<\/p>\n\t\t<\/div>\n\t\t<div class=\"leave-country\">\n\t\t\t<div class=\"leave-country-t\">\n\t\t\t\t<p>Votre pays :\n\t\t\t\t<\/p>\n\t\t\t<\/div>\n\t\t\t<p><span class=\"wpcf7-form-control-wrap\" data-name=\"your-country\"><input size=\"40\" maxlength=\"400\" class=\"wpcf7-form-control wpcf7-text\" aria-invalid=\"false\" value=\"\" type=\"text\" name=\"your-country\" \/><\/span>\n\t\t\t<\/p>\n\t\t<\/div>\n\t\t<div class=\"leave-require\">\n\t\t\t<div class=\"leave-require-t\">\n\t\t\t\t<p>Votre message (obligatoire) :\n\t\t\t\t<\/p>\n\t\t\t<\/div>\n\t\t\t<p><span class=\"wpcf7-form-control-wrap\" data-name=\"your-message\"><textarea cols=\"40\" rows=\"10\" maxlength=\"2000\" class=\"wpcf7-form-control wpcf7-textarea wpcf7-validates-as-required\" aria-required=\"true\" aria-invalid=\"false\" placeholder=\"Conseils : mati\u00e8re premi\u00e8re, produit souhait\u00e9, capacit\u00e9, \u00e9quipement auxiliaire, etc.\" name=\"your-message\"><\/textarea><\/span>\n\t\t\t<\/p>\n\t\t<\/div>\n\t\t<div class=\"leave-Send\">\n\t\t\t<p><input class=\"wpcf7-form-control wpcf7-submit has-spinner\" type=\"submit\" value=\"Envoyer\" \/>\n\t\t\t<\/p>\n\t\t<\/div>\n\t<\/div>\n<\/div><input type=\"hidden\" id=\"ct_checkjs_cf7_c0f168ce8900fa56e57789e2a2f2c9d0\" name=\"ct_checkjs_cf7\" value=\"0\" \/><script >setTimeout(function(){var ct_input_name = \"ct_checkjs_cf7_c0f168ce8900fa56e57789e2a2f2c9d0\";if (document.getElementById(ct_input_name) !== null) {var ct_input_value = document.getElementById(ct_input_name).value;document.getElementById(ct_input_name).value = document.getElementById(ct_input_name).value.replace(ct_input_value, 'dba04424690aafc408c5cb41194f71da80590051ae3ed0048d37dfc87b0d215e');}}, 1000);<\/script><input\n                    class=\"apbct_special_field apbct_email_id__wp_contact_form_7\"\n                    name=\"apbct__email_id__wp_contact_form_7\"\n                    aria-label=\"apbct__label_id__wp_contact_form_7\"\n                    type=\"text\" size=\"30\" maxlength=\"200\" autocomplete=\"off\"\n                    value=\"\"\n                \/><p style=\"display: none !important;\" class=\"akismet-fields-container\" data-prefix=\"_wpcf7_ak_\"><label>&#916;<textarea name=\"_wpcf7_ak_hp_textarea\" cols=\"45\" rows=\"8\" maxlength=\"100\"><\/textarea><\/label><input type=\"hidden\" id=\"ak_js_1\" name=\"_wpcf7_ak_js\" value=\"202\"\/><script>\ndocument.getElementById( \"ak_js_1\" ).setAttribute( \"value\", ( new Date() ).getTime() );\n<\/script>\n<\/p><div class=\"wpcf7-response-output\" aria-hidden=\"true\"><\/div>\n<input type=\"hidden\" name=\"trp-form-language\" value=\"fr\"\/><\/form>\n<\/div>\n\n<div style='text-align:left' class='yasr-auto-insert-visitor'><\/div>","protected":false},"excerpt":{"rendered":"<p>Vacuum frying machine, as an advanced low-temperature frying method, can complete the frying and dehydration process at lower temperatures and in a low-oxygen environment, effectively preserving the natural color, flavor, and nutritional components of food. It is widely used in the processing of fruit and vegetable chips. Automatic Vacuum Frying Machine\u00a0Structure and Components: The vacuum &#8230; <a title=\"Machine automatique \u00e0 frire sous vide pour les chips de fruits et de l\u00e9gumes\" class=\"read-more\" href=\"https:\/\/www.snackfoodm.com\/fr\/fruit-vegetable-vacuum-frying-machine\/\" aria-label=\"Plus sur Automatic Vacuum Frying Machine for Fruit And Vegetable Chips\">Lire plus<\/a><\/p>","protected":false},"author":1,"featured_media":0,"parent":0,"menu_order":0,"comment_status":"closed","ping_status":"closed","template":"","meta":{"generate_page_header":"","yasr_overall_rating":0,"yasr_post_is_review":"","yasr_auto_insert_disabled":"","yasr_review_type":"","footnotes":""},"class_list":["post-1760","page","type-page","status-publish"],"yoast_head":"<!-- This site is optimized with the Yoast SEO plugin v25.8 - https:\/\/yoast.com\/wordpress\/plugins\/seo\/ -->\n<title>Automatic Vacuum Frying Machine for Fruit And Vegetable Chips - Professional Potato Chips and French Fry Process Line Manufacturer<\/title>\n<meta name=\"description\" content=\"Automatic vacuum frying machines can complete the frying and dehydration process at lower temperatures and in a low-oxygen environment, effectively preserving the natural color, flavor, and nutritional content of fruits and vegetables.\" \/>\n<meta name=\"robots\" content=\"index, follow, max-snippet:-1, max-image-preview:large, max-video-preview:-1\" \/>\n<link rel=\"canonical\" href=\"https:\/\/www.snackfoodm.com\/fr\/fruit-vegetable-vacuum-frying-machine\/\" \/>\n<meta property=\"og:locale\" content=\"fr_FR\" \/>\n<meta property=\"og:type\" content=\"article\" \/>\n<meta property=\"og:title\" content=\"Automatic Vacuum Frying Machine for Fruit And Vegetable Chips - Professional Potato Chips and French Fry Process Line Manufacturer\" \/>\n<meta property=\"og:description\" content=\"Automatic vacuum frying machines can complete the frying and dehydration process at lower temperatures and in a low-oxygen environment, effectively preserving the natural color, flavor, and nutritional content of fruits and vegetables.\" \/>\n<meta property=\"og:url\" content=\"https:\/\/www.snackfoodm.com\/fr\/fruit-vegetable-vacuum-frying-machine\/\" \/>\n<meta property=\"og:site_name\" content=\"Professional Potato Chips and French Fry Process Line Manufacturer\" \/>\n<meta property=\"article:modified_time\" content=\"2026-01-29T07:18:47+00:00\" \/>\n<meta property=\"og:image\" content=\"https:\/\/www.snackfoodm.com\/wp-content\/uploads\/2026\/01\/2-2-1.jpg\" \/>\n\t<meta property=\"og:image:width\" content=\"630\" \/>\n\t<meta property=\"og:image:height\" content=\"400\" \/>\n\t<meta property=\"og:image:type\" content=\"image\/jpeg\" \/>\n<meta name=\"twitter:card\" content=\"summary_large_image\" \/>\n<meta name=\"twitter:label1\" content=\"Dur\u00e9e de lecture estim\u00e9e\" \/>\n\t<meta name=\"twitter:data1\" content=\"3 minutes\" \/>\n<script type=\"application\/ld+json\" class=\"yoast-schema-graph\">{\"@context\":\"https:\/\/schema.org\",\"@graph\":[{\"@type\":\"WebPage\",\"@id\":\"https:\/\/www.snackfoodm.com\/fruit-vegetable-vacuum-frying-machine\/\",\"url\":\"https:\/\/www.snackfoodm.com\/fruit-vegetable-vacuum-frying-machine\/\",\"name\":\"Automatic Vacuum Frying Machine for Fruit And Vegetable Chips - Professional Potato Chips and French Fry Process Line Manufacturer\",\"isPartOf\":{\"@id\":\"https:\/\/www.snackfoodm.com\/#website\"},\"primaryImageOfPage\":{\"@id\":\"https:\/\/www.snackfoodm.com\/fruit-vegetable-vacuum-frying-machine\/#primaryimage\"},\"image\":{\"@id\":\"https:\/\/www.snackfoodm.com\/fruit-vegetable-vacuum-frying-machine\/#primaryimage\"},\"thumbnailUrl\":\"https:\/\/www.snackfoodm.com\/wp-content\/uploads\/2026\/01\/2-2-1.jpg\",\"datePublished\":\"2026-01-29T07:14:46+00:00\",\"dateModified\":\"2026-01-29T07:18:47+00:00\",\"description\":\"Automatic vacuum frying machines can complete the frying and dehydration process at lower temperatures and in a low-oxygen environment, effectively preserving the natural color, flavor, and nutritional content of fruits and vegetables.\",\"breadcrumb\":{\"@id\":\"https:\/\/www.snackfoodm.com\/fruit-vegetable-vacuum-frying-machine\/#breadcrumb\"},\"inLanguage\":\"fr-FR\",\"potentialAction\":[{\"@type\":\"ReadAction\",\"target\":[\"https:\/\/www.snackfoodm.com\/fruit-vegetable-vacuum-frying-machine\/\"]}]},{\"@type\":\"ImageObject\",\"inLanguage\":\"fr-FR\",\"@id\":\"https:\/\/www.snackfoodm.com\/fruit-vegetable-vacuum-frying-machine\/#primaryimage\",\"url\":\"https:\/\/www.snackfoodm.com\/wp-content\/uploads\/2026\/01\/2-2-1.jpg\",\"contentUrl\":\"https:\/\/www.snackfoodm.com\/wp-content\/uploads\/2026\/01\/2-2-1.jpg\"},{\"@type\":\"BreadcrumbList\",\"@id\":\"https:\/\/www.snackfoodm.com\/fruit-vegetable-vacuum-frying-machine\/#breadcrumb\",\"itemListElement\":[{\"@type\":\"ListItem\",\"position\":1,\"name\":\"\u9996\u9875\",\"item\":\"https:\/\/www.snackfoodm.com\/\"},{\"@type\":\"ListItem\",\"position\":2,\"name\":\"Automatic Vacuum Frying Machine for Fruit And Vegetable Chips\"}]},{\"@type\":\"WebSite\",\"@id\":\"https:\/\/www.snackfoodm.com\/#website\",\"url\":\"https:\/\/www.snackfoodm.com\/\",\"name\":\"Professional Potato Chips and French Fry Process Line Manufacturer\",\"description\":\"Turnkey Solutions for Chips and French Fries Production Line\",\"publisher\":{\"@id\":\"https:\/\/www.snackfoodm.com\/#organization\"},\"potentialAction\":[{\"@type\":\"SearchAction\",\"target\":{\"@type\":\"EntryPoint\",\"urlTemplate\":\"https:\/\/www.snackfoodm.com\/?s={search_term_string}\"},\"query-input\":{\"@type\":\"PropertyValueSpecification\",\"valueRequired\":true,\"valueName\":\"search_term_string\"}}],\"inLanguage\":\"fr-FR\"},{\"@type\":\"Organization\",\"@id\":\"https:\/\/www.snackfoodm.com\/#organization\",\"name\":\"Professional Potato Chips and French Fry Process Line Manufacturer\",\"url\":\"https:\/\/www.snackfoodm.com\/\",\"logo\":{\"@type\":\"ImageObject\",\"inLanguage\":\"fr-FR\",\"@id\":\"https:\/\/www.snackfoodm.com\/#\/schema\/logo\/image\/\",\"url\":\"https:\/\/www.snackfoodm.com\/wp-content\/uploads\/2020\/02\/cropped-\u65b0\u7248LOGO1-3.png\",\"contentUrl\":\"https:\/\/www.snackfoodm.com\/wp-content\/uploads\/2020\/02\/cropped-\u65b0\u7248LOGO1-3.png\",\"width\":163,\"height\":85,\"caption\":\"Professional Potato Chips and French Fry Process Line Manufacturer\"},\"image\":{\"@id\":\"https:\/\/www.snackfoodm.com\/#\/schema\/logo\/image\/\"}},false]}<\/script>\n<!-- \/ Yoast SEO plugin. -->","yoast_head_json":{"title":"Machine automatique \u00e0 frire sous vide pour chips de fruits et l\u00e9gumes - Fabricant professionnel de lignes de production de chips et de frites","description":"Les machines \u00e0 frire automatiques sous vide peuvent r\u00e9aliser le processus de friture et de d\u00e9shydratation \u00e0 des temp\u00e9ratures plus basses et dans un environnement \u00e0 faible teneur en oxyg\u00e8ne, ce qui permet de pr\u00e9server efficacement la couleur naturelle, la saveur et le contenu nutritionnel des fruits et des l\u00e9gumes.","robots":{"index":"index","follow":"follow","max-snippet":"max-snippet:-1","max-image-preview":"max-image-preview:large","max-video-preview":"max-video-preview:-1"},"canonical":"https:\/\/www.snackfoodm.com\/fr\/fruit-vegetable-vacuum-frying-machine\/","og_locale":"fr_FR","og_type":"article","og_title":"Automatic Vacuum Frying Machine for Fruit And Vegetable Chips - Professional Potato Chips and French Fry Process Line Manufacturer","og_description":"Automatic vacuum frying machines can complete the frying and dehydration process at lower temperatures and in a low-oxygen environment, effectively preserving the natural color, flavor, and nutritional content of fruits and vegetables.","og_url":"https:\/\/www.snackfoodm.com\/fr\/fruit-vegetable-vacuum-frying-machine\/","og_site_name":"Professional Potato Chips and French Fry Process Line Manufacturer","article_modified_time":"2026-01-29T07:18:47+00:00","og_image":[{"width":630,"height":400,"url":"https:\/\/www.snackfoodm.com\/wp-content\/uploads\/2026\/01\/2-2-1.jpg","type":"image\/jpeg"}],"twitter_card":"summary_large_image","twitter_misc":{"Dur\u00e9e de lecture estim\u00e9e":"3 minutes"},"schema":{"@context":"https:\/\/schema.org","@graph":[{"@type":"WebPage","@id":"https:\/\/www.snackfoodm.com\/fruit-vegetable-vacuum-frying-machine\/","url":"https:\/\/www.snackfoodm.com\/fruit-vegetable-vacuum-frying-machine\/","name":"Machine automatique \u00e0 frire sous vide pour chips de fruits et l\u00e9gumes - Fabricant professionnel de lignes de production de chips et de frites","isPartOf":{"@id":"https:\/\/www.snackfoodm.com\/#website"},"primaryImageOfPage":{"@id":"https:\/\/www.snackfoodm.com\/fruit-vegetable-vacuum-frying-machine\/#primaryimage"},"image":{"@id":"https:\/\/www.snackfoodm.com\/fruit-vegetable-vacuum-frying-machine\/#primaryimage"},"thumbnailUrl":"https:\/\/www.snackfoodm.com\/wp-content\/uploads\/2026\/01\/2-2-1.jpg","datePublished":"2026-01-29T07:14:46+00:00","dateModified":"2026-01-29T07:18:47+00:00","description":"Les machines \u00e0 frire automatiques sous vide peuvent r\u00e9aliser le processus de friture et de d\u00e9shydratation \u00e0 des temp\u00e9ratures plus basses et dans un environnement \u00e0 faible teneur en oxyg\u00e8ne, ce qui permet de pr\u00e9server efficacement la couleur naturelle, la saveur et le contenu nutritionnel des fruits et des l\u00e9gumes.","breadcrumb":{"@id":"https:\/\/www.snackfoodm.com\/fruit-vegetable-vacuum-frying-machine\/#breadcrumb"},"inLanguage":"fr-FR","potentialAction":[{"@type":"ReadAction","target":["https:\/\/www.snackfoodm.com\/fruit-vegetable-vacuum-frying-machine\/"]}]},{"@type":"ImageObject","inLanguage":"fr-FR","@id":"https:\/\/www.snackfoodm.com\/fruit-vegetable-vacuum-frying-machine\/#primaryimage","url":"https:\/\/www.snackfoodm.com\/wp-content\/uploads\/2026\/01\/2-2-1.jpg","contentUrl":"https:\/\/www.snackfoodm.com\/wp-content\/uploads\/2026\/01\/2-2-1.jpg"},{"@type":"BreadcrumbList","@id":"https:\/\/www.snackfoodm.com\/fruit-vegetable-vacuum-frying-machine\/#breadcrumb","itemListElement":[{"@type":"ListItem","position":1,"name":"\u9996\u9875","item":"https:\/\/www.snackfoodm.com\/"},{"@type":"ListItem","position":2,"name":"Automatic Vacuum Frying Machine for Fruit And Vegetable Chips"}]},{"@type":"WebSite","@id":"https:\/\/www.snackfoodm.com\/#website","url":"https:\/\/www.snackfoodm.com\/","name":"Fabricant professionnel de lignes de production de chips et de frites","description":"Solutions cl\u00e9s en main pour une ligne de production de chips et de frites","publisher":{"@id":"https:\/\/www.snackfoodm.com\/#organization"},"potentialAction":[{"@type":"SearchAction","target":{"@type":"EntryPoint","urlTemplate":"https:\/\/www.snackfoodm.com\/?s={search_term_string}"},"query-input":{"@type":"PropertyValueSpecification","valueRequired":true,"valueName":"search_term_string"}}],"inLanguage":"fr-FR"},{"@type":"Organization","@id":"https:\/\/www.snackfoodm.com\/#organization","name":"Fabricant professionnel de lignes de production de chips et de frites","url":"https:\/\/www.snackfoodm.com\/","logo":{"@type":"ImageObject","inLanguage":"fr-FR","@id":"https:\/\/www.snackfoodm.com\/#\/schema\/logo\/image\/","url":"https:\/\/www.snackfoodm.com\/wp-content\/uploads\/2020\/02\/cropped-\u65b0\u7248LOGO1-3.png","contentUrl":"https:\/\/www.snackfoodm.com\/wp-content\/uploads\/2020\/02\/cropped-\u65b0\u7248LOGO1-3.png","width":163,"height":85,"caption":"Professional Potato Chips and French Fry Process Line Manufacturer"},"image":{"@id":"https:\/\/www.snackfoodm.com\/#\/schema\/logo\/image\/"}},false]}},"yasr_visitor_votes":{"stars_attributes":{"read_only":false,"span_bottom":false},"number_of_votes":1,"sum_votes":5},"_links":{"self":[{"href":"https:\/\/www.snackfoodm.com\/fr\/wp-json\/wp\/v2\/pages\/1760","targetHints":{"allow":["GET"]}}],"collection":[{"href":"https:\/\/www.snackfoodm.com\/fr\/wp-json\/wp\/v2\/pages"}],"about":[{"href":"https:\/\/www.snackfoodm.com\/fr\/wp-json\/wp\/v2\/types\/page"}],"author":[{"embeddable":true,"href":"https:\/\/www.snackfoodm.com\/fr\/wp-json\/wp\/v2\/users\/1"}],"replies":[{"embeddable":true,"href":"https:\/\/www.snackfoodm.com\/fr\/wp-json\/wp\/v2\/comments?post=1760"}],"version-history":[{"count":1,"href":"https:\/\/www.snackfoodm.com\/fr\/wp-json\/wp\/v2\/pages\/1760\/revisions"}],"predecessor-version":[{"id":1764,"href":"https:\/\/www.snackfoodm.com\/fr\/wp-json\/wp\/v2\/pages\/1760\/revisions\/1764"}],"wp:attachment":[{"href":"https:\/\/www.snackfoodm.com\/fr\/wp-json\/wp\/v2\/media?parent=1760"}],"curies":[{"name":"wp","href":"https:\/\/api.w.org\/{rel}","templated":true}]}}