{"id":1768,"date":"2026-02-12T15:49:32","date_gmt":"2026-02-12T07:49:32","guid":{"rendered":"https:\/\/www.snackfoodm.com\/?page_id=1768"},"modified":"2026-02-12T15:49:32","modified_gmt":"2026-02-12T07:49:32","slug":"chicken-nugget-frying-machine","status":"publish","type":"page","link":"https:\/\/www.snackfoodm.com\/fr\/chicken-nugget-frying-machine\/","title":{"rendered":"Machine industrielle \u00e0 frire les nuggets de poulet"},"content":{"rendered":"<p><img loading=\"lazy\" decoding=\"async\" class=\"size-full wp-image-1769 aligncenter\" src=\"https:\/\/www.snackfoodm.com\/wp-content\/uploads\/2026\/02\/1.jpg\" alt=\"machine \u00e0 frire les nuggets de poulet\" width=\"630\" height=\"400\" srcset=\"https:\/\/www.snackfoodm.com\/wp-content\/uploads\/2026\/02\/1.jpg 630w, https:\/\/www.snackfoodm.com\/wp-content\/uploads\/2026\/02\/1-300x190.jpg 300w, https:\/\/www.snackfoodm.com\/wp-content\/uploads\/2026\/02\/1-18x12.jpg 18w, https:\/\/www.snackfoodm.com\/wp-content\/uploads\/2026\/02\/1-240x152.jpg 240w\" sizes=\"auto, (max-width: 630px) 100vw, 630px\" \/><\/p>\n<p>La friteuse de nuggets de poulet se caract\u00e9rise par une conception de friture continue et peut \u00eatre utilis\u00e9e de mani\u00e8re ind\u00e9pendante ou connect\u00e9e \u00e0 d'autres \u00e9quipements tels qu'une friteuse de nuggets de poulet. <a href=\"https:\/\/www.snackfoodm.com\/fr\/deoiling-machine\/\">d\u00e9shuileur<\/a> et une machine \u00e0 assaisonner pour former une ligne de friture compl\u00e8te. En outre, elle peut \u00eatre int\u00e9gr\u00e9e \u00e0 des \u00e9quipements en amont tels qu'une machine \u00e0 former, une machine \u00e0 paner et une machine \u00e0 battre pour cr\u00e9er une ligne de production de nuggets de poulet enti\u00e8rement automatis\u00e9e, permettant un traitement enti\u00e8rement automatis\u00e9 depuis la formation des mati\u00e8res premi\u00e8res jusqu'\u00e0 la friture, l'enl\u00e8vement de l'huile et l'assaisonnement.<\/p>\n<h2>Principe de fonctionnement de la machine \u00e0 frire les nuggets de poulet :<\/h2>\n<p>Pendant le fonctionnement, la viande de poulet enrob\u00e9e de farine ou de p\u00e2te \u00e0 frire est automatiquement introduite dans la cuve de friture par une bande transporteuse et frite en continu \u00e0 une temp\u00e9rature donn\u00e9e. Apr\u00e8s la friture, les nuggets de poulet sont automatiquement d\u00e9charg\u00e9s par un convoyeur de d\u00e9charge et peuvent directement entrer dans le d\u00e9shuileur pour \u00eatre d\u00e9graiss\u00e9s, puis assaisonn\u00e9s dans la machine d'assaisonnement. Cet \u00e9quipement convient \u00e0 la friture de divers produits carn\u00e9s tels que les nuggets de poulet, la viande de poulet, les ailes de poulet et les cuisses de poulet.<\/p>\n<p><img loading=\"lazy\" decoding=\"async\" class=\"alignnone size-full wp-image-1770 aligncenter\" src=\"https:\/\/www.snackfoodm.com\/wp-content\/uploads\/2026\/02\/1-1.jpg\" alt=\"machine \u00e0 frire les nuggets de poulet\" width=\"630\" height=\"400\" srcset=\"https:\/\/www.snackfoodm.com\/wp-content\/uploads\/2026\/02\/1-1.jpg 630w, https:\/\/www.snackfoodm.com\/wp-content\/uploads\/2026\/02\/1-1-300x190.jpg 300w, https:\/\/www.snackfoodm.com\/wp-content\/uploads\/2026\/02\/1-1-18x12.jpg 18w, https:\/\/www.snackfoodm.com\/wp-content\/uploads\/2026\/02\/1-1-240x152.jpg 240w\" sizes=\"auto, (max-width: 630px) 100vw, 630px\" \/><\/p>\n<p style=\"text-align: center;\"><a class=\"fancybox\" href=\"#contact_form_pop\"><strong class=\"button\">Obtenir des prix<\/strong><\/a><\/p>\n<h2>Principales caract\u00e9ristiques des friteuses de nuggets de poulet :<\/h2>\n<ol>\n<li>Production continue et haute efficacit\u00e9 : Les friteuses en continu adoptent une structure de convoyeur \u00e0 mailles ou \u00e0 plaques pour r\u00e9aliser l'alimentation et l'\u00e9vacuation automatiques des mat\u00e9riaux. Le processus de production est ininterrompu, ce qui convient \u00e0 une production continue \u00e0 grande \u00e9chelle.<\/li>\n<li>Contr\u00f4le pr\u00e9cis de la temp\u00e9rature et stabilit\u00e9 de la temp\u00e9rature de l'huile : La temp\u00e9rature de friture est un facteur cl\u00e9 qui d\u00e9termine la qualit\u00e9 des nuggets de poulet. Cette machine \u00e0 frire les nuggets de poulet est \u00e9quip\u00e9e d'un syst\u00e8me de contr\u00f4le automatique de la temp\u00e9rature, utilisant un chauffage \u00e9lectrique ou au gaz. Un contr\u00f4leur de temp\u00e9rature intelligent surveille la temp\u00e9rature de l'huile en temps r\u00e9el, ce qui permet de minimiser les fluctuations et de maintenir la stabilit\u00e9 dans la plage d\u00e9finie.<\/li>\n<li>Structure de la bande en maille \u00e0 double couche : Pour \u00e9viter que les morceaux de poulet ne flottent pendant la friture et n'affectent l'uniformit\u00e9 du chauffage, la machine \u00e0 frire les nuggets de poulet peut adopter une structure de courroie \u00e0 double couche. La bande de pression sup\u00e9rieure presse doucement les morceaux de poulet sous la surface de l'huile, les maintenant stables pendant la friture et assurant un chauffage uniforme des deux c\u00f4t\u00e9s pour une couleur homog\u00e8ne.<\/li>\n<\/ol>\n<p><img loading=\"lazy\" decoding=\"async\" class=\"size-full wp-image-1771 aligncenter\" src=\"https:\/\/www.snackfoodm.com\/wp-content\/uploads\/2026\/02\/1-2.jpg\" alt=\"machine \u00e0 frire la viande de poulet\" width=\"630\" height=\"400\" srcset=\"https:\/\/www.snackfoodm.com\/wp-content\/uploads\/2026\/02\/1-2.jpg 630w, https:\/\/www.snackfoodm.com\/wp-content\/uploads\/2026\/02\/1-2-300x190.jpg 300w, https:\/\/www.snackfoodm.com\/wp-content\/uploads\/2026\/02\/1-2-18x12.jpg 18w, https:\/\/www.snackfoodm.com\/wp-content\/uploads\/2026\/02\/1-2-240x152.jpg 240w\" sizes=\"auto, (max-width: 630px) 100vw, 630px\" \/><\/p>\n<h2>Points cl\u00e9s de la transformation pour garantir des nuggets de poulet dor\u00e9s et croustillants :<\/h2>\n<p>Pour produire des nuggets de poulet de haute qualit\u00e9, croustillants, dor\u00e9s et tendres \u00e0 l'int\u00e9rieur, il faut non seulement des mati\u00e8res premi\u00e8res de haute qualit\u00e9, mais aussi un contr\u00f4le scientifique de la transformation.<\/p>\n<ol>\n<li>Contr\u00f4ler la temp\u00e9rature de friture de mani\u00e8re appropri\u00e9e : Les nuggets de poulet sont g\u00e9n\u00e9ralement frits \u00e0 une temp\u00e9rature comprise entre 160\u2103 et 180\u2103. Si la temp\u00e9rature est trop basse, les nuggets de poulet absorberont trop d'huile, ce qui rendra la peau ext\u00e9rieure moins croustillante.<\/li>\n<li>Contr\u00f4ler le temps de friture : Le temps de friture doit \u00eatre ajust\u00e9 en fonction de la taille et de l'\u00e9paisseur des nuggets de poulet. Il est g\u00e9n\u00e9ralement compris entre 1,5 et 4 minutes.<\/li>\n<li>Choisissez le proc\u00e9d\u00e9 de panure et de p\u00e2te \u00e0 frire appropri\u00e9 : La texture croustillante des nuggets de poulet provient de la structure de la panure ext\u00e9rieure. Un rapport ad\u00e9quat entre la p\u00e2te et la poudre cr\u00e9e une structure poreuse et croustillante pendant la friture.<\/li>\n<\/ol>\n<p>4. Enlever l'huile en temps voulu : Apr\u00e8s la friture, les nuggets de poulet doivent \u00eatre plac\u00e9s rapidement dans un d\u00e9shuileur afin d'\u00e9liminer l'huile. L'\u00e9limination de l'huile permet non seulement de r\u00e9duire la teneur en huile du produit fini, mais aussi de rendre la peau ext\u00e9rieure plus s\u00e8che et plus croustillante, ce qui am\u00e9liore \u00e0 la fois le go\u00fbt et l'aspect du produit.<\/p>\n\n<div class=\"wpcf7 no-js\" id=\"wpcf7-f385-o1\" lang=\"en-US\" dir=\"ltr\" data-wpcf7-id=\"385\">\n<div class=\"screen-reader-response\"><p role=\"status\" aria-live=\"polite\" aria-atomic=\"true\"><\/p> <ul><\/ul><\/div>\n<form action=\"\/fr\/wp-json\/wp\/v2\/pages\/1768#wpcf7-f385-o1\" method=\"post\" class=\"wpcf7-form init\" aria-label=\"Formulaire de contact\" novalidate=\"novalidate\" data-status=\"init\" data-trp-original-action=\"\/fr\/wp-json\/wp\/v2\/pages\/1768#wpcf7-f385-o1\">\n<fieldset class=\"hidden-fields-container\"><input type=\"hidden\" name=\"_wpcf7\" value=\"385\" \/><input type=\"hidden\" name=\"_wpcf7_version\" value=\"6.1.1\" \/><input type=\"hidden\" name=\"_wpcf7_locale\" value=\"en_US\" \/><input type=\"hidden\" name=\"_wpcf7_unit_tag\" value=\"wpcf7-f385-o1\" \/><input type=\"hidden\" name=\"_wpcf7_container_post\" value=\"0\" \/><input type=\"hidden\" name=\"_wpcf7_posted_data_hash\" value=\"\" \/>\n<\/fieldset>\n<div class=\"leave-message-blockall\">\n\t<div class=\"leave-message-block\">\n\t\t<div class=\"leave-top\">\n\t\t\t<p>Veuillez remplir le formulaire ci-dessous pour obtenir les prix.\n\t\t\t<\/p>\n\t\t<\/div>\n\t\t<div class=\"leave-name\">\n\t\t\t<div class=\"leave-name-t\">\n\t\t\t\t<p>Votre nom :\n\t\t\t\t<\/p>\n\t\t\t<\/div>\n\t\t\t<p><span class=\"wpcf7-form-control-wrap\" data-name=\"your-name\"><input size=\"40\" maxlength=\"400\" class=\"wpcf7-form-control wpcf7-text\" aria-invalid=\"false\" value=\"\" type=\"text\" name=\"your-name\" \/><\/span>\n\t\t\t<\/p>\n\t\t<\/div>\n\t\t<div class=\"leave-email\">\n\t\t\t<div class=\"leave-email-t\">\n\t\t\t\t<p>Votre adresse \u00e9lectronique (obligatoire) :\n\t\t\t\t<\/p>\n\t\t\t<\/div>\n\t\t\t<p><span class=\"wpcf7-form-control-wrap\" data-name=\"your-email\"><input size=\"40\" maxlength=\"400\" class=\"wpcf7-form-control wpcf7-email wpcf7-validates-as-required wpcf7-text wpcf7-validates-as-email\" aria-required=\"true\" aria-invalid=\"false\" value=\"\" type=\"email\" name=\"your-email\" \/><\/span>\n\t\t\t<\/p>\n\t\t<\/div>\n\t\t<div class=\"leave-tel\">\n\t\t\t<div class=\"leave-tel-t\">\n\t\t\t\t<p>Votre T\u00e9l(obligatoire) :\n\t\t\t\t<\/p>\n\t\t\t<\/div>\n\t\t\t<p><span class=\"wpcf7-form-control-wrap\" data-name=\"your-tel\"><input size=\"40\" maxlength=\"400\" class=\"wpcf7-form-control wpcf7-tel wpcf7-validates-as-required wpcf7-text wpcf7-validates-as-tel\" aria-required=\"true\" aria-invalid=\"false\" placeholder=\"Veuillez ajouter les codes de pays\" value=\"\" type=\"tel\" name=\"your-tel\" \/><\/span>\n\t\t\t<\/p>\n\t\t<\/div>\n\t\t<div class=\"leave-country\">\n\t\t\t<div class=\"leave-country-t\">\n\t\t\t\t<p>Votre pays :\n\t\t\t\t<\/p>\n\t\t\t<\/div>\n\t\t\t<p><span class=\"wpcf7-form-control-wrap\" data-name=\"your-country\"><input size=\"40\" maxlength=\"400\" class=\"wpcf7-form-control wpcf7-text\" aria-invalid=\"false\" value=\"\" type=\"text\" name=\"your-country\" \/><\/span>\n\t\t\t<\/p>\n\t\t<\/div>\n\t\t<div class=\"leave-require\">\n\t\t\t<div class=\"leave-require-t\">\n\t\t\t\t<p>Votre message (obligatoire) :\n\t\t\t\t<\/p>\n\t\t\t<\/div>\n\t\t\t<p><span class=\"wpcf7-form-control-wrap\" data-name=\"your-message\"><textarea cols=\"40\" rows=\"10\" maxlength=\"2000\" class=\"wpcf7-form-control wpcf7-textarea wpcf7-validates-as-required\" aria-required=\"true\" aria-invalid=\"false\" placeholder=\"Conseils : mati\u00e8re premi\u00e8re, produit souhait\u00e9, capacit\u00e9, \u00e9quipement auxiliaire, etc.\" name=\"your-message\"><\/textarea><\/span>\n\t\t\t<\/p>\n\t\t<\/div>\n\t\t<div class=\"leave-Send\">\n\t\t\t<p><input class=\"wpcf7-form-control wpcf7-submit has-spinner\" type=\"submit\" value=\"Envoyer\" \/>\n\t\t\t<\/p>\n\t\t<\/div>\n\t<\/div>\n<\/div><input type=\"hidden\" id=\"ct_checkjs_cf7_fe7ee8fc1959cc7214fa21c4840dff0a\" name=\"ct_checkjs_cf7\" value=\"0\" \/><script >setTimeout(function(){var ct_input_name = \"ct_checkjs_cf7_fe7ee8fc1959cc7214fa21c4840dff0a\";if (document.getElementById(ct_input_name) !== null) {var ct_input_value = document.getElementById(ct_input_name).value;document.getElementById(ct_input_name).value = document.getElementById(ct_input_name).value.replace(ct_input_value, 'dba04424690aafc408c5cb41194f71da80590051ae3ed0048d37dfc87b0d215e');}}, 1000);<\/script><input\n                    class=\"apbct_special_field apbct_email_id__wp_contact_form_7\"\n                    name=\"apbct__email_id__wp_contact_form_7\"\n                    aria-label=\"apbct__label_id__wp_contact_form_7\"\n                    type=\"text\" size=\"30\" maxlength=\"200\" autocomplete=\"off\"\n                    value=\"\"\n                \/><p style=\"display: none !important;\" class=\"akismet-fields-container\" data-prefix=\"_wpcf7_ak_\"><label>&#916;<textarea name=\"_wpcf7_ak_hp_textarea\" cols=\"45\" rows=\"8\" maxlength=\"100\"><\/textarea><\/label><input type=\"hidden\" id=\"ak_js_1\" name=\"_wpcf7_ak_js\" value=\"161\"\/><script>document.getElementById( \"ak_js_1\" ).setAttribute( \"value\", ( new Date() ).getTime() );<\/script><\/p><div class=\"wpcf7-response-output\" aria-hidden=\"true\"><\/div>\n<input type=\"hidden\" name=\"trp-form-language\" value=\"fr\"\/><\/form>\n<\/div>\n\n<div style='text-align:left' class='yasr-auto-insert-visitor'><\/div>","protected":false},"excerpt":{"rendered":"<p>The chicken nugget fryer machine\u00a0features a continuous frying design and can be used independently or connected to other equipment such as an oil remover and seasoning machine to form a complete frying line. Furthermore, it can be integrated with upstream equipment such as a forming machine, breading machine, and battering machine to create a fully &#8230; <a title=\"Machine industrielle \u00e0 frire les nuggets de poulet\" class=\"read-more\" href=\"https:\/\/www.snackfoodm.com\/fr\/chicken-nugget-frying-machine\/\" aria-label=\"Plus sur Industrial Chicken Nugget Frying Machine\">Lire plus<\/a><\/p>","protected":false},"author":1,"featured_media":0,"parent":0,"menu_order":0,"comment_status":"closed","ping_status":"closed","template":"","meta":{"generate_page_header":"","yasr_overall_rating":0,"yasr_post_is_review":"","yasr_auto_insert_disabled":"","yasr_review_type":"","footnotes":""},"class_list":["post-1768","page","type-page","status-publish"],"yoast_head":"<!-- This site is optimized with the Yoast SEO plugin v25.8 - https:\/\/yoast.com\/wordpress\/plugins\/seo\/ -->\n<title>Industrial Chicken Nugget Frying Machine - Professional Potato Chips and French Fry Process Line Manufacturer<\/title>\n<meta name=\"description\" content=\"This chicken nugget frying machine can fry chicken nuggets, chicken meat, and various other chicken products with precise temperature control and consistent frying results.\" \/>\n<meta name=\"robots\" content=\"index, follow, max-snippet:-1, max-image-preview:large, max-video-preview:-1\" \/>\n<link rel=\"canonical\" href=\"https:\/\/www.snackfoodm.com\/fr\/chicken-nugget-frying-machine\/\" \/>\n<meta property=\"og:locale\" content=\"fr_FR\" \/>\n<meta property=\"og:type\" content=\"article\" \/>\n<meta property=\"og:title\" content=\"Industrial Chicken Nugget Frying Machine - Professional Potato Chips and French Fry Process Line Manufacturer\" \/>\n<meta property=\"og:description\" content=\"This chicken nugget frying machine can fry chicken nuggets, chicken meat, and various other chicken products with precise temperature control and consistent frying results.\" \/>\n<meta property=\"og:url\" content=\"https:\/\/www.snackfoodm.com\/fr\/chicken-nugget-frying-machine\/\" \/>\n<meta property=\"og:site_name\" content=\"Professional Potato Chips and French Fry Process Line Manufacturer\" \/>\n<meta property=\"og:image\" content=\"https:\/\/www.snackfoodm.com\/wp-content\/uploads\/2026\/02\/1.jpg\" \/>\n\t<meta property=\"og:image:width\" content=\"630\" \/>\n\t<meta property=\"og:image:height\" content=\"400\" \/>\n\t<meta property=\"og:image:type\" content=\"image\/jpeg\" \/>\n<meta name=\"twitter:card\" content=\"summary_large_image\" \/>\n<meta name=\"twitter:label1\" content=\"Dur\u00e9e de lecture estim\u00e9e\" \/>\n\t<meta name=\"twitter:data1\" content=\"3 minutes\" \/>\n<script type=\"application\/ld+json\" class=\"yoast-schema-graph\">{\"@context\":\"https:\/\/schema.org\",\"@graph\":[{\"@type\":\"WebPage\",\"@id\":\"https:\/\/www.snackfoodm.com\/chicken-nugget-frying-machine\/\",\"url\":\"https:\/\/www.snackfoodm.com\/chicken-nugget-frying-machine\/\",\"name\":\"Industrial Chicken Nugget Frying Machine - Professional Potato Chips and French Fry Process Line Manufacturer\",\"isPartOf\":{\"@id\":\"https:\/\/www.snackfoodm.com\/#website\"},\"primaryImageOfPage\":{\"@id\":\"https:\/\/www.snackfoodm.com\/chicken-nugget-frying-machine\/#primaryimage\"},\"image\":{\"@id\":\"https:\/\/www.snackfoodm.com\/chicken-nugget-frying-machine\/#primaryimage\"},\"thumbnailUrl\":\"https:\/\/www.snackfoodm.com\/wp-content\/uploads\/2026\/02\/1.jpg\",\"datePublished\":\"2026-02-12T07:49:32+00:00\",\"description\":\"This chicken nugget frying machine can fry chicken nuggets, chicken meat, and various other chicken products with precise temperature control and consistent frying results.\",\"breadcrumb\":{\"@id\":\"https:\/\/www.snackfoodm.com\/chicken-nugget-frying-machine\/#breadcrumb\"},\"inLanguage\":\"fr-FR\",\"potentialAction\":[{\"@type\":\"ReadAction\",\"target\":[\"https:\/\/www.snackfoodm.com\/chicken-nugget-frying-machine\/\"]}]},{\"@type\":\"ImageObject\",\"inLanguage\":\"fr-FR\",\"@id\":\"https:\/\/www.snackfoodm.com\/chicken-nugget-frying-machine\/#primaryimage\",\"url\":\"https:\/\/www.snackfoodm.com\/wp-content\/uploads\/2026\/02\/1.jpg\",\"contentUrl\":\"https:\/\/www.snackfoodm.com\/wp-content\/uploads\/2026\/02\/1.jpg\"},{\"@type\":\"BreadcrumbList\",\"@id\":\"https:\/\/www.snackfoodm.com\/chicken-nugget-frying-machine\/#breadcrumb\",\"itemListElement\":[{\"@type\":\"ListItem\",\"position\":1,\"name\":\"\u9996\u9875\",\"item\":\"https:\/\/www.snackfoodm.com\/\"},{\"@type\":\"ListItem\",\"position\":2,\"name\":\"Industrial Chicken Nugget Frying Machine\"}]},{\"@type\":\"WebSite\",\"@id\":\"https:\/\/www.snackfoodm.com\/#website\",\"url\":\"https:\/\/www.snackfoodm.com\/\",\"name\":\"Professional Potato Chips and French Fry Process Line Manufacturer\",\"description\":\"Turnkey Solutions for Chips and French Fries Production Line\",\"publisher\":{\"@id\":\"https:\/\/www.snackfoodm.com\/#organization\"},\"potentialAction\":[{\"@type\":\"SearchAction\",\"target\":{\"@type\":\"EntryPoint\",\"urlTemplate\":\"https:\/\/www.snackfoodm.com\/?s={search_term_string}\"},\"query-input\":{\"@type\":\"PropertyValueSpecification\",\"valueRequired\":true,\"valueName\":\"search_term_string\"}}],\"inLanguage\":\"fr-FR\"},{\"@type\":\"Organization\",\"@id\":\"https:\/\/www.snackfoodm.com\/#organization\",\"name\":\"Professional Potato Chips and French Fry Process Line Manufacturer\",\"url\":\"https:\/\/www.snackfoodm.com\/\",\"logo\":{\"@type\":\"ImageObject\",\"inLanguage\":\"fr-FR\",\"@id\":\"https:\/\/www.snackfoodm.com\/#\/schema\/logo\/image\/\",\"url\":\"https:\/\/www.snackfoodm.com\/wp-content\/uploads\/2020\/02\/cropped-\u65b0\u7248LOGO1-3.png\",\"contentUrl\":\"https:\/\/www.snackfoodm.com\/wp-content\/uploads\/2020\/02\/cropped-\u65b0\u7248LOGO1-3.png\",\"width\":163,\"height\":85,\"caption\":\"Professional Potato Chips and French Fry Process Line Manufacturer\"},\"image\":{\"@id\":\"https:\/\/www.snackfoodm.com\/#\/schema\/logo\/image\/\"}},false]}<\/script>\n<!-- \/ Yoast SEO plugin. -->","yoast_head_json":{"title":"Machine industrielle \u00e0 frire les nuggets de poulet - Fabricant professionnel de lignes de production de chips et de frites","description":"Cette machine \u00e0 frire les nuggets de poulet peut frire des nuggets de poulet, de la viande de poulet et divers autres produits \u00e0 base de poulet avec un contr\u00f4le pr\u00e9cis de la temp\u00e9rature et des r\u00e9sultats de friture constants.","robots":{"index":"index","follow":"follow","max-snippet":"max-snippet:-1","max-image-preview":"max-image-preview:large","max-video-preview":"max-video-preview:-1"},"canonical":"https:\/\/www.snackfoodm.com\/fr\/chicken-nugget-frying-machine\/","og_locale":"fr_FR","og_type":"article","og_title":"Industrial Chicken Nugget Frying Machine - Professional Potato Chips and French Fry Process Line Manufacturer","og_description":"This chicken nugget frying machine can fry chicken nuggets, chicken meat, and various other chicken products with precise temperature control and consistent frying results.","og_url":"https:\/\/www.snackfoodm.com\/fr\/chicken-nugget-frying-machine\/","og_site_name":"Professional Potato Chips and French Fry Process Line Manufacturer","og_image":[{"width":630,"height":400,"url":"https:\/\/www.snackfoodm.com\/wp-content\/uploads\/2026\/02\/1.jpg","type":"image\/jpeg"}],"twitter_card":"summary_large_image","twitter_misc":{"Dur\u00e9e de lecture estim\u00e9e":"3 minutes"},"schema":{"@context":"https:\/\/schema.org","@graph":[{"@type":"WebPage","@id":"https:\/\/www.snackfoodm.com\/chicken-nugget-frying-machine\/","url":"https:\/\/www.snackfoodm.com\/chicken-nugget-frying-machine\/","name":"Machine industrielle \u00e0 frire les nuggets de poulet - Fabricant professionnel de lignes de production de chips et de frites","isPartOf":{"@id":"https:\/\/www.snackfoodm.com\/#website"},"primaryImageOfPage":{"@id":"https:\/\/www.snackfoodm.com\/chicken-nugget-frying-machine\/#primaryimage"},"image":{"@id":"https:\/\/www.snackfoodm.com\/chicken-nugget-frying-machine\/#primaryimage"},"thumbnailUrl":"https:\/\/www.snackfoodm.com\/wp-content\/uploads\/2026\/02\/1.jpg","datePublished":"2026-02-12T07:49:32+00:00","description":"Cette machine \u00e0 frire les nuggets de poulet peut frire des nuggets de poulet, de la viande de poulet et divers autres produits \u00e0 base de poulet avec un contr\u00f4le pr\u00e9cis de la temp\u00e9rature et des r\u00e9sultats de friture constants.","breadcrumb":{"@id":"https:\/\/www.snackfoodm.com\/chicken-nugget-frying-machine\/#breadcrumb"},"inLanguage":"fr-FR","potentialAction":[{"@type":"ReadAction","target":["https:\/\/www.snackfoodm.com\/chicken-nugget-frying-machine\/"]}]},{"@type":"ImageObject","inLanguage":"fr-FR","@id":"https:\/\/www.snackfoodm.com\/chicken-nugget-frying-machine\/#primaryimage","url":"https:\/\/www.snackfoodm.com\/wp-content\/uploads\/2026\/02\/1.jpg","contentUrl":"https:\/\/www.snackfoodm.com\/wp-content\/uploads\/2026\/02\/1.jpg"},{"@type":"BreadcrumbList","@id":"https:\/\/www.snackfoodm.com\/chicken-nugget-frying-machine\/#breadcrumb","itemListElement":[{"@type":"ListItem","position":1,"name":"\u9996\u9875","item":"https:\/\/www.snackfoodm.com\/"},{"@type":"ListItem","position":2,"name":"Industrial Chicken Nugget Frying Machine"}]},{"@type":"WebSite","@id":"https:\/\/www.snackfoodm.com\/#website","url":"https:\/\/www.snackfoodm.com\/","name":"Fabricant professionnel de lignes de production de chips et de frites","description":"Solutions cl\u00e9s en main pour une ligne de production de chips et de frites","publisher":{"@id":"https:\/\/www.snackfoodm.com\/#organization"},"potentialAction":[{"@type":"SearchAction","target":{"@type":"EntryPoint","urlTemplate":"https:\/\/www.snackfoodm.com\/?s={search_term_string}"},"query-input":{"@type":"PropertyValueSpecification","valueRequired":true,"valueName":"search_term_string"}}],"inLanguage":"fr-FR"},{"@type":"Organization","@id":"https:\/\/www.snackfoodm.com\/#organization","name":"Fabricant professionnel de lignes de production de chips et de frites","url":"https:\/\/www.snackfoodm.com\/","logo":{"@type":"ImageObject","inLanguage":"fr-FR","@id":"https:\/\/www.snackfoodm.com\/#\/schema\/logo\/image\/","url":"https:\/\/www.snackfoodm.com\/wp-content\/uploads\/2020\/02\/cropped-\u65b0\u7248LOGO1-3.png","contentUrl":"https:\/\/www.snackfoodm.com\/wp-content\/uploads\/2020\/02\/cropped-\u65b0\u7248LOGO1-3.png","width":163,"height":85,"caption":"Professional Potato Chips and French Fry Process Line Manufacturer"},"image":{"@id":"https:\/\/www.snackfoodm.com\/#\/schema\/logo\/image\/"}},false]}},"yasr_visitor_votes":{"stars_attributes":{"read_only":false,"span_bottom":false},"number_of_votes":1,"sum_votes":5},"_links":{"self":[{"href":"https:\/\/www.snackfoodm.com\/fr\/wp-json\/wp\/v2\/pages\/1768","targetHints":{"allow":["GET"]}}],"collection":[{"href":"https:\/\/www.snackfoodm.com\/fr\/wp-json\/wp\/v2\/pages"}],"about":[{"href":"https:\/\/www.snackfoodm.com\/fr\/wp-json\/wp\/v2\/types\/page"}],"author":[{"embeddable":true,"href":"https:\/\/www.snackfoodm.com\/fr\/wp-json\/wp\/v2\/users\/1"}],"replies":[{"embeddable":true,"href":"https:\/\/www.snackfoodm.com\/fr\/wp-json\/wp\/v2\/comments?post=1768"}],"version-history":[{"count":1,"href":"https:\/\/www.snackfoodm.com\/fr\/wp-json\/wp\/v2\/pages\/1768\/revisions"}],"predecessor-version":[{"id":1772,"href":"https:\/\/www.snackfoodm.com\/fr\/wp-json\/wp\/v2\/pages\/1768\/revisions\/1772"}],"wp:attachment":[{"href":"https:\/\/www.snackfoodm.com\/fr\/wp-json\/wp\/v2\/media?parent=1768"}],"curies":[{"name":"wp","href":"https:\/\/api.w.org\/{rel}","templated":true}]}}