{"id":1778,"date":"2026-03-05T17:26:36","date_gmt":"2026-03-05T09:26:36","guid":{"rendered":"https:\/\/www.snackfoodm.com\/?page_id=1778"},"modified":"2026-03-05T17:26:36","modified_gmt":"2026-03-05T09:26:36","slug":"french-fry-processing-plant","status":"publish","type":"page","link":"https:\/\/www.snackfoodm.com\/fr\/french-fry-processing-plant\/","title":{"rendered":"Usine de transformation de frites"},"content":{"rendered":"<p><img loading=\"lazy\" decoding=\"async\" class=\"size-full wp-image-1779 aligncenter\" src=\"https:\/\/www.snackfoodm.com\/wp-content\/uploads\/2026\/03\/1.jpg\" alt=\"usine de transformation des frites\" width=\"630\" height=\"400\" srcset=\"https:\/\/www.snackfoodm.com\/wp-content\/uploads\/2026\/03\/1.jpg 630w, https:\/\/www.snackfoodm.com\/wp-content\/uploads\/2026\/03\/1-300x190.jpg 300w, https:\/\/www.snackfoodm.com\/wp-content\/uploads\/2026\/03\/1-18x12.jpg 18w, https:\/\/www.snackfoodm.com\/wp-content\/uploads\/2026\/03\/1-240x152.jpg 240w\" sizes=\"auto, (max-width: 630px) 100vw, 630px\" \/><\/p>\n<p>Les frites sont un aliment fabriqu\u00e9 principalement \u00e0 partir de pommes de terre fra\u00eeches, trait\u00e9es par lavage, d\u00e9coupage, blanchiment et friture. En fonction de la m\u00e9thode de transformation et de la demande des consommateurs, les frites peuvent \u00eatre class\u00e9es en plusieurs cat\u00e9gories, telles que les frites, les frites pr\u00eates \u00e0 consommer et les frites surgel\u00e9es.<\/p>\n<p>Pour r\u00e9pondre \u00e0 la demande importante du march\u00e9 en mati\u00e8re de frites, les entreprises modernes de transformation des aliments utilisent g\u00e9n\u00e9ralement des installations automatis\u00e9es de transformation des frites. Ces lignes peuvent \u00eatre con\u00e7ues avec diff\u00e9rentes capacit\u00e9s en fonction des besoins du client, telles que 200 kg, 500 kg ou m\u00eame 2000 kg par heure. Gr\u00e2ce \u00e0 un syst\u00e8me de contr\u00f4le automatis\u00e9, la machine de transformation des frites peut fonctionner de mani\u00e8re stable, ce qui permet de r\u00e9duire les co\u00fbts de main-d'\u0153uvre et de garantir une qualit\u00e9 constante des produits.<\/p>\n<p><img loading=\"lazy\" decoding=\"async\" class=\"size-full wp-image-1780 aligncenter\" src=\"https:\/\/www.snackfoodm.com\/wp-content\/uploads\/2026\/03\/2-1.jpg\" alt=\"machine de traitement des frites\" width=\"630\" height=\"400\" srcset=\"https:\/\/www.snackfoodm.com\/wp-content\/uploads\/2026\/03\/2-1.jpg 630w, https:\/\/www.snackfoodm.com\/wp-content\/uploads\/2026\/03\/2-1-300x190.jpg 300w, https:\/\/www.snackfoodm.com\/wp-content\/uploads\/2026\/03\/2-1-18x12.jpg 18w, https:\/\/www.snackfoodm.com\/wp-content\/uploads\/2026\/03\/2-1-240x152.jpg 240w\" sizes=\"auto, (max-width: 630px) 100vw, 630px\" \/><\/p>\n<p style=\"text-align: center;\"><a class=\"fancybox\" href=\"#contact_form_pop\"><strong class=\"button\">Obtenir des solutions<\/strong><\/a><\/p>\n<p>Les usines de transformation de frites sont g\u00e9n\u00e9ralement fabriqu\u00e9es en acier inoxydable de qualit\u00e9 alimentaire, r\u00e9pondant ainsi aux normes d'hygi\u00e8ne de l'industrie alimentaire. En outre, la ligne de production peut \u00eatre configur\u00e9e de mani\u00e8re flexible en fonction de l'espace disponible dans l'usine et des besoins de production, par exemple en ajoutant un \u00e9quipement d'alimentation automatique, un \u00e9quipement de cong\u00e9lation rapide ou des syst\u00e8mes d'emballage automatique, formant ainsi une usine de transformation de frites compl\u00e8te.<\/p>\n<h2>Les principales \u00e9tapes de la transformation des frites :<\/h2>\n<ol>\n<li>Lavage et \u00e9pluchage : L'\u00e9quipement de lavage utilise un d\u00e9bit d'eau et des rouleaux pour \u00e9liminer la boue et les impuret\u00e9s de la surface des pommes de terre, tout en \u00e9pluchant les pommes de terre, ce qui permet d'obtenir une surface plus propre et plus lisse.<\/li>\n<li>D\u00e9coupage : Une machine de d\u00e9coupe coupe rapidement les pommes de terre en bandes uniformes. En changeant les lames, il est possible de produire des frites de diff\u00e9rentes tailles, voire des chips.<\/li>\n<li>Blanchiment : le blanchiment permet principalement d'\u00e9liminer l'exc\u00e8s d'amidon et de d\u00e9sactiver les enzymes, ce qui emp\u00eache la d\u00e9coloration au cours du traitement. Apr\u00e8s le blanchiment, les frites ont une couleur plus uniforme et un go\u00fbt plus constant.<\/li>\n<li>La friture : La friture est l'une des \u00e9tapes les plus cruciales de la production de frites. Les frites sont rapidement frites dans de l'huile chaude \u00e0 une temp\u00e9rature constante afin de cr\u00e9er une surface croustillante tout en restant moelleuse \u00e0 l'int\u00e9rieur. La temp\u00e9rature et la dur\u00e9e de la friture doivent \u00eatre contr\u00f4l\u00e9es avec pr\u00e9cision pour que les frites soient dor\u00e9es et croustillantes.<\/li>\n<li>\u00c9limination de l'huile : Le d\u00e9shuilage r\u00e9duit la teneur en huile des frites, ce qui les rend plus croustillantes et plus saines.<\/li>\n<li>Emballage : Apr\u00e8s le retrait de l'huile, les frites peuvent \u00eatre directement emball\u00e9es. Pour les frites surgel\u00e9es, un processus de cong\u00e9lation rapide peut \u00eatre ajout\u00e9, suivi d'un pesage et d'un emballage automatiques.<\/li>\n<\/ol>\n<p><img loading=\"lazy\" decoding=\"async\" class=\"size-full wp-image-1781 aligncenter\" src=\"https:\/\/www.snackfoodm.com\/wp-content\/uploads\/2026\/03\/2-2.jpg\" alt=\"frites\" width=\"630\" height=\"400\" srcset=\"https:\/\/www.snackfoodm.com\/wp-content\/uploads\/2026\/03\/2-2.jpg 630w, https:\/\/www.snackfoodm.com\/wp-content\/uploads\/2026\/03\/2-2-300x190.jpg 300w, https:\/\/www.snackfoodm.com\/wp-content\/uploads\/2026\/03\/2-2-18x12.jpg 18w, https:\/\/www.snackfoodm.com\/wp-content\/uploads\/2026\/03\/2-2-240x152.jpg 240w\" sizes=\"auto, (max-width: 630px) 100vw, 630px\" \/><\/p>\n<p>Lors de la production de frites, il est essentiel de pr\u00eater attention au nettoyage et \u00e0 l'entretien de l'\u00e9quipement. La machine de transformation des frites doit \u00eatre nettoy\u00e9e et d\u00e9sinfect\u00e9e r\u00e9guli\u00e8rement pour \u00e9viter la prolif\u00e9ration des bact\u00e9ries et garantir un fonctionnement stable \u00e0 long terme.<\/p>\n\n<div class=\"wpcf7 no-js\" id=\"wpcf7-f385-o1\" lang=\"en-US\" dir=\"ltr\" data-wpcf7-id=\"385\">\n<div class=\"screen-reader-response\"><p role=\"status\" aria-live=\"polite\" aria-atomic=\"true\"><\/p> <ul><\/ul><\/div>\n<form action=\"\/fr\/wp-json\/wp\/v2\/pages\/1778#wpcf7-f385-o1\" method=\"post\" class=\"wpcf7-form init\" aria-label=\"Formulaire de contact\" novalidate=\"novalidate\" data-status=\"init\" data-trp-original-action=\"\/fr\/wp-json\/wp\/v2\/pages\/1778#wpcf7-f385-o1\">\n<fieldset class=\"hidden-fields-container\"><input type=\"hidden\" name=\"_wpcf7\" value=\"385\" \/><input type=\"hidden\" name=\"_wpcf7_version\" value=\"6.1.1\" \/><input type=\"hidden\" name=\"_wpcf7_locale\" value=\"en_US\" \/><input type=\"hidden\" name=\"_wpcf7_unit_tag\" value=\"wpcf7-f385-o1\" \/><input type=\"hidden\" name=\"_wpcf7_container_post\" value=\"0\" \/><input type=\"hidden\" name=\"_wpcf7_posted_data_hash\" value=\"\" \/>\n<\/fieldset>\n<div class=\"leave-message-blockall\">\n\t<div class=\"leave-message-block\">\n\t\t<div class=\"leave-top\">\n\t\t\t<p>Veuillez remplir le formulaire ci-dessous pour obtenir les prix.\n\t\t\t<\/p>\n\t\t<\/div>\n\t\t<div class=\"leave-name\">\n\t\t\t<div class=\"leave-name-t\">\n\t\t\t\t<p>Votre nom :\n\t\t\t\t<\/p>\n\t\t\t<\/div>\n\t\t\t<p><span class=\"wpcf7-form-control-wrap\" data-name=\"your-name\"><input size=\"40\" maxlength=\"400\" class=\"wpcf7-form-control wpcf7-text\" aria-invalid=\"false\" value=\"\" type=\"text\" name=\"your-name\" \/><\/span>\n\t\t\t<\/p>\n\t\t<\/div>\n\t\t<div class=\"leave-email\">\n\t\t\t<div class=\"leave-email-t\">\n\t\t\t\t<p>Votre adresse \u00e9lectronique (obligatoire) :\n\t\t\t\t<\/p>\n\t\t\t<\/div>\n\t\t\t<p><span class=\"wpcf7-form-control-wrap\" data-name=\"your-email\"><input size=\"40\" maxlength=\"400\" class=\"wpcf7-form-control wpcf7-email wpcf7-validates-as-required wpcf7-text wpcf7-validates-as-email\" aria-required=\"true\" aria-invalid=\"false\" value=\"\" type=\"email\" name=\"your-email\" \/><\/span>\n\t\t\t<\/p>\n\t\t<\/div>\n\t\t<div class=\"leave-tel\">\n\t\t\t<div class=\"leave-tel-t\">\n\t\t\t\t<p>Votre T\u00e9l(obligatoire) :\n\t\t\t\t<\/p>\n\t\t\t<\/div>\n\t\t\t<p><span class=\"wpcf7-form-control-wrap\" data-name=\"your-tel\"><input size=\"40\" maxlength=\"400\" class=\"wpcf7-form-control wpcf7-tel wpcf7-validates-as-required wpcf7-text wpcf7-validates-as-tel\" aria-required=\"true\" aria-invalid=\"false\" placeholder=\"Veuillez ajouter les codes de pays\" value=\"\" type=\"tel\" name=\"your-tel\" \/><\/span>\n\t\t\t<\/p>\n\t\t<\/div>\n\t\t<div class=\"leave-country\">\n\t\t\t<div class=\"leave-country-t\">\n\t\t\t\t<p>Votre pays :\n\t\t\t\t<\/p>\n\t\t\t<\/div>\n\t\t\t<p><span class=\"wpcf7-form-control-wrap\" data-name=\"your-country\"><input size=\"40\" maxlength=\"400\" class=\"wpcf7-form-control wpcf7-text\" aria-invalid=\"false\" value=\"\" type=\"text\" name=\"your-country\" \/><\/span>\n\t\t\t<\/p>\n\t\t<\/div>\n\t\t<div class=\"leave-require\">\n\t\t\t<div class=\"leave-require-t\">\n\t\t\t\t<p>Votre message (obligatoire) :\n\t\t\t\t<\/p>\n\t\t\t<\/div>\n\t\t\t<p><span class=\"wpcf7-form-control-wrap\" data-name=\"your-message\"><textarea cols=\"40\" rows=\"10\" maxlength=\"2000\" class=\"wpcf7-form-control wpcf7-textarea wpcf7-validates-as-required\" aria-required=\"true\" aria-invalid=\"false\" placeholder=\"Conseils : mati\u00e8re premi\u00e8re, produit souhait\u00e9, capacit\u00e9, \u00e9quipement auxiliaire, etc.\" name=\"your-message\"><\/textarea><\/span>\n\t\t\t<\/p>\n\t\t<\/div>\n\t\t<div class=\"leave-Send\">\n\t\t\t<p><input class=\"wpcf7-form-control wpcf7-submit has-spinner\" type=\"submit\" value=\"Envoyer\" \/>\n\t\t\t<\/p>\n\t\t<\/div>\n\t<\/div>\n<\/div><input type=\"hidden\" id=\"ct_checkjs_cf7_e2c0be24560d78c5e599c2a9c9d0bbd2\" name=\"ct_checkjs_cf7\" value=\"0\" \/><script >setTimeout(function(){var ct_input_name = \"ct_checkjs_cf7_e2c0be24560d78c5e599c2a9c9d0bbd2\";if (document.getElementById(ct_input_name) !== null) {var ct_input_value = document.getElementById(ct_input_name).value;document.getElementById(ct_input_name).value = document.getElementById(ct_input_name).value.replace(ct_input_value, 'dba04424690aafc408c5cb41194f71da80590051ae3ed0048d37dfc87b0d215e');}}, 1000);<\/script><input\n                    class=\"apbct_special_field apbct_email_id__wp_contact_form_7\"\n                    name=\"apbct__email_id__wp_contact_form_7\"\n                    aria-label=\"apbct__label_id__wp_contact_form_7\"\n                    type=\"text\" size=\"30\" maxlength=\"200\" autocomplete=\"off\"\n                    value=\"\"\n                \/><p style=\"display: none !important;\" class=\"akismet-fields-container\" data-prefix=\"_wpcf7_ak_\"><label>&#916;<textarea name=\"_wpcf7_ak_hp_textarea\" cols=\"45\" rows=\"8\" maxlength=\"100\"><\/textarea><\/label><input type=\"hidden\" id=\"ak_js_1\" name=\"_wpcf7_ak_js\" value=\"247\"\/><script>document.getElementById( \"ak_js_1\" ).setAttribute( \"value\", ( new Date() ).getTime() );<\/script><\/p><div class=\"wpcf7-response-output\" aria-hidden=\"true\"><\/div>\n<input type=\"hidden\" name=\"trp-form-language\" value=\"fr\"\/><\/form>\n<\/div>\n\n<div style='text-align:left' class='yasr-auto-insert-visitor'><\/div>","protected":false},"excerpt":{"rendered":"<p>French fries are a food made primarily from fresh potatoes, processed through washing, cutting, blanching, and frying. Depending on the processing method and consumer demand, French fries can be categorized into various types, such as french fries, ready-to-eat fries, and frozen french fries. To meet the large-scale market demand for french fries, modern food processing &#8230; <a title=\"Usine de transformation de frites\" class=\"read-more\" href=\"https:\/\/www.snackfoodm.com\/fr\/french-fry-processing-plant\/\" aria-label=\"Plus sur French Fry Processing Machine Plant\">Lire plus<\/a><\/p>","protected":false},"author":1,"featured_media":0,"parent":0,"menu_order":0,"comment_status":"closed","ping_status":"closed","template":"","meta":{"generate_page_header":"","yasr_overall_rating":0,"yasr_post_is_review":"","yasr_auto_insert_disabled":"","yasr_review_type":"","footnotes":""},"class_list":["post-1778","page","type-page","status-publish"],"yoast_head":"<!-- This site is optimized with the Yoast SEO plugin v25.8 - https:\/\/yoast.com\/wordpress\/plugins\/seo\/ -->\n<title>French Fry Processing Machine Plant - Professional Potato Chips and French Fry Process Line Manufacturer<\/title>\n<meta name=\"description\" content=\"The french fry processing plant capacity from 200-2000kg\/h, include washing peeling, cutting, frying, packing, etc.\" \/>\n<meta name=\"robots\" content=\"index, follow, max-snippet:-1, max-image-preview:large, max-video-preview:-1\" \/>\n<link rel=\"canonical\" href=\"https:\/\/www.snackfoodm.com\/fr\/french-fry-processing-plant\/\" \/>\n<meta property=\"og:locale\" content=\"fr_FR\" \/>\n<meta property=\"og:type\" content=\"article\" \/>\n<meta property=\"og:title\" content=\"French Fry Processing Machine Plant - Professional Potato Chips and French Fry Process Line Manufacturer\" \/>\n<meta property=\"og:description\" content=\"The french fry processing plant capacity from 200-2000kg\/h, include washing peeling, cutting, frying, packing, etc.\" \/>\n<meta property=\"og:url\" content=\"https:\/\/www.snackfoodm.com\/fr\/french-fry-processing-plant\/\" \/>\n<meta property=\"og:site_name\" content=\"Professional Potato Chips and French Fry Process Line Manufacturer\" \/>\n<meta property=\"og:image\" content=\"https:\/\/www.snackfoodm.com\/wp-content\/uploads\/2026\/03\/1.jpg\" \/>\n\t<meta property=\"og:image:width\" content=\"630\" \/>\n\t<meta property=\"og:image:height\" content=\"400\" \/>\n\t<meta property=\"og:image:type\" content=\"image\/jpeg\" \/>\n<meta name=\"twitter:card\" content=\"summary_large_image\" \/>\n<meta name=\"twitter:label1\" content=\"Dur\u00e9e de lecture estim\u00e9e\" \/>\n\t<meta name=\"twitter:data1\" content=\"3 minutes\" \/>\n<script type=\"application\/ld+json\" class=\"yoast-schema-graph\">{\"@context\":\"https:\/\/schema.org\",\"@graph\":[{\"@type\":\"WebPage\",\"@id\":\"https:\/\/www.snackfoodm.com\/french-fry-processing-plant\/\",\"url\":\"https:\/\/www.snackfoodm.com\/french-fry-processing-plant\/\",\"name\":\"French Fry Processing Machine Plant - Professional Potato Chips and French Fry Process Line Manufacturer\",\"isPartOf\":{\"@id\":\"https:\/\/www.snackfoodm.com\/#website\"},\"primaryImageOfPage\":{\"@id\":\"https:\/\/www.snackfoodm.com\/french-fry-processing-plant\/#primaryimage\"},\"image\":{\"@id\":\"https:\/\/www.snackfoodm.com\/french-fry-processing-plant\/#primaryimage\"},\"thumbnailUrl\":\"https:\/\/www.snackfoodm.com\/wp-content\/uploads\/2026\/03\/1.jpg\",\"datePublished\":\"2026-03-05T09:26:36+00:00\",\"description\":\"The french fry processing plant capacity from 200-2000kg\/h, include washing peeling, cutting, frying, packing, etc.\",\"breadcrumb\":{\"@id\":\"https:\/\/www.snackfoodm.com\/french-fry-processing-plant\/#breadcrumb\"},\"inLanguage\":\"fr-FR\",\"potentialAction\":[{\"@type\":\"ReadAction\",\"target\":[\"https:\/\/www.snackfoodm.com\/french-fry-processing-plant\/\"]}]},{\"@type\":\"ImageObject\",\"inLanguage\":\"fr-FR\",\"@id\":\"https:\/\/www.snackfoodm.com\/french-fry-processing-plant\/#primaryimage\",\"url\":\"https:\/\/www.snackfoodm.com\/wp-content\/uploads\/2026\/03\/1.jpg\",\"contentUrl\":\"https:\/\/www.snackfoodm.com\/wp-content\/uploads\/2026\/03\/1.jpg\"},{\"@type\":\"BreadcrumbList\",\"@id\":\"https:\/\/www.snackfoodm.com\/french-fry-processing-plant\/#breadcrumb\",\"itemListElement\":[{\"@type\":\"ListItem\",\"position\":1,\"name\":\"\u9996\u9875\",\"item\":\"https:\/\/www.snackfoodm.com\/\"},{\"@type\":\"ListItem\",\"position\":2,\"name\":\"French Fry Processing Machine Plant\"}]},{\"@type\":\"WebSite\",\"@id\":\"https:\/\/www.snackfoodm.com\/#website\",\"url\":\"https:\/\/www.snackfoodm.com\/\",\"name\":\"Professional Potato Chips and French Fry Process Line Manufacturer\",\"description\":\"Turnkey Solutions for Chips and French Fries Production Line\",\"publisher\":{\"@id\":\"https:\/\/www.snackfoodm.com\/#organization\"},\"potentialAction\":[{\"@type\":\"SearchAction\",\"target\":{\"@type\":\"EntryPoint\",\"urlTemplate\":\"https:\/\/www.snackfoodm.com\/?s={search_term_string}\"},\"query-input\":{\"@type\":\"PropertyValueSpecification\",\"valueRequired\":true,\"valueName\":\"search_term_string\"}}],\"inLanguage\":\"fr-FR\"},{\"@type\":\"Organization\",\"@id\":\"https:\/\/www.snackfoodm.com\/#organization\",\"name\":\"Professional Potato Chips and French Fry Process Line Manufacturer\",\"url\":\"https:\/\/www.snackfoodm.com\/\",\"logo\":{\"@type\":\"ImageObject\",\"inLanguage\":\"fr-FR\",\"@id\":\"https:\/\/www.snackfoodm.com\/#\/schema\/logo\/image\/\",\"url\":\"https:\/\/www.snackfoodm.com\/wp-content\/uploads\/2020\/02\/cropped-\u65b0\u7248LOGO1-3.png\",\"contentUrl\":\"https:\/\/www.snackfoodm.com\/wp-content\/uploads\/2020\/02\/cropped-\u65b0\u7248LOGO1-3.png\",\"width\":163,\"height\":85,\"caption\":\"Professional Potato Chips and French Fry Process Line Manufacturer\"},\"image\":{\"@id\":\"https:\/\/www.snackfoodm.com\/#\/schema\/logo\/image\/\"}},false]}<\/script>\n<!-- \/ Yoast SEO plugin. -->","yoast_head_json":{"title":"Usine de transformation de frites - Fabricant professionnel de lignes de transformation de frites et de pommes de terre frites","description":"L'usine de transformation de frites a une capacit\u00e9 de 200 \u00e0 2000 kg\/h et comprend le lavage, l'\u00e9pluchage, la d\u00e9coupe, la friture, l'emballage, etc.","robots":{"index":"index","follow":"follow","max-snippet":"max-snippet:-1","max-image-preview":"max-image-preview:large","max-video-preview":"max-video-preview:-1"},"canonical":"https:\/\/www.snackfoodm.com\/fr\/french-fry-processing-plant\/","og_locale":"fr_FR","og_type":"article","og_title":"French Fry Processing Machine Plant - Professional Potato Chips and French Fry Process Line Manufacturer","og_description":"The french fry processing plant capacity from 200-2000kg\/h, include washing peeling, cutting, frying, packing, etc.","og_url":"https:\/\/www.snackfoodm.com\/fr\/french-fry-processing-plant\/","og_site_name":"Professional Potato Chips and French Fry Process Line Manufacturer","og_image":[{"width":630,"height":400,"url":"https:\/\/www.snackfoodm.com\/wp-content\/uploads\/2026\/03\/1.jpg","type":"image\/jpeg"}],"twitter_card":"summary_large_image","twitter_misc":{"Dur\u00e9e de lecture estim\u00e9e":"3 minutes"},"schema":{"@context":"https:\/\/schema.org","@graph":[{"@type":"WebPage","@id":"https:\/\/www.snackfoodm.com\/french-fry-processing-plant\/","url":"https:\/\/www.snackfoodm.com\/french-fry-processing-plant\/","name":"Usine de transformation de frites - Fabricant professionnel de lignes de transformation de frites et de pommes de terre frites","isPartOf":{"@id":"https:\/\/www.snackfoodm.com\/#website"},"primaryImageOfPage":{"@id":"https:\/\/www.snackfoodm.com\/french-fry-processing-plant\/#primaryimage"},"image":{"@id":"https:\/\/www.snackfoodm.com\/french-fry-processing-plant\/#primaryimage"},"thumbnailUrl":"https:\/\/www.snackfoodm.com\/wp-content\/uploads\/2026\/03\/1.jpg","datePublished":"2026-03-05T09:26:36+00:00","description":"L'usine de transformation de frites a une capacit\u00e9 de 200 \u00e0 2000 kg\/h et comprend le lavage, l'\u00e9pluchage, la d\u00e9coupe, la friture, l'emballage, etc.","breadcrumb":{"@id":"https:\/\/www.snackfoodm.com\/french-fry-processing-plant\/#breadcrumb"},"inLanguage":"fr-FR","potentialAction":[{"@type":"ReadAction","target":["https:\/\/www.snackfoodm.com\/french-fry-processing-plant\/"]}]},{"@type":"ImageObject","inLanguage":"fr-FR","@id":"https:\/\/www.snackfoodm.com\/french-fry-processing-plant\/#primaryimage","url":"https:\/\/www.snackfoodm.com\/wp-content\/uploads\/2026\/03\/1.jpg","contentUrl":"https:\/\/www.snackfoodm.com\/wp-content\/uploads\/2026\/03\/1.jpg"},{"@type":"BreadcrumbList","@id":"https:\/\/www.snackfoodm.com\/french-fry-processing-plant\/#breadcrumb","itemListElement":[{"@type":"ListItem","position":1,"name":"\u9996\u9875","item":"https:\/\/www.snackfoodm.com\/"},{"@type":"ListItem","position":2,"name":"French Fry Processing Machine Plant"}]},{"@type":"WebSite","@id":"https:\/\/www.snackfoodm.com\/#website","url":"https:\/\/www.snackfoodm.com\/","name":"Fabricant professionnel de lignes de production de chips et de frites","description":"Solutions cl\u00e9s en main pour une ligne de production de chips et de frites","publisher":{"@id":"https:\/\/www.snackfoodm.com\/#organization"},"potentialAction":[{"@type":"SearchAction","target":{"@type":"EntryPoint","urlTemplate":"https:\/\/www.snackfoodm.com\/?s={search_term_string}"},"query-input":{"@type":"PropertyValueSpecification","valueRequired":true,"valueName":"search_term_string"}}],"inLanguage":"fr-FR"},{"@type":"Organization","@id":"https:\/\/www.snackfoodm.com\/#organization","name":"Fabricant professionnel de lignes de production de chips et de frites","url":"https:\/\/www.snackfoodm.com\/","logo":{"@type":"ImageObject","inLanguage":"fr-FR","@id":"https:\/\/www.snackfoodm.com\/#\/schema\/logo\/image\/","url":"https:\/\/www.snackfoodm.com\/wp-content\/uploads\/2020\/02\/cropped-\u65b0\u7248LOGO1-3.png","contentUrl":"https:\/\/www.snackfoodm.com\/wp-content\/uploads\/2020\/02\/cropped-\u65b0\u7248LOGO1-3.png","width":163,"height":85,"caption":"Professional Potato Chips and French Fry Process Line Manufacturer"},"image":{"@id":"https:\/\/www.snackfoodm.com\/#\/schema\/logo\/image\/"}},false]}},"yasr_visitor_votes":{"stars_attributes":{"read_only":false,"span_bottom":false},"number_of_votes":1,"sum_votes":5},"_links":{"self":[{"href":"https:\/\/www.snackfoodm.com\/fr\/wp-json\/wp\/v2\/pages\/1778","targetHints":{"allow":["GET"]}}],"collection":[{"href":"https:\/\/www.snackfoodm.com\/fr\/wp-json\/wp\/v2\/pages"}],"about":[{"href":"https:\/\/www.snackfoodm.com\/fr\/wp-json\/wp\/v2\/types\/page"}],"author":[{"embeddable":true,"href":"https:\/\/www.snackfoodm.com\/fr\/wp-json\/wp\/v2\/users\/1"}],"replies":[{"embeddable":true,"href":"https:\/\/www.snackfoodm.com\/fr\/wp-json\/wp\/v2\/comments?post=1778"}],"version-history":[{"count":1,"href":"https:\/\/www.snackfoodm.com\/fr\/wp-json\/wp\/v2\/pages\/1778\/revisions"}],"predecessor-version":[{"id":1782,"href":"https:\/\/www.snackfoodm.com\/fr\/wp-json\/wp\/v2\/pages\/1778\/revisions\/1782"}],"wp:attachment":[{"href":"https:\/\/www.snackfoodm.com\/fr\/wp-json\/wp\/v2\/media?parent=1778"}],"curies":[{"name":"wp","href":"https:\/\/api.w.org\/{rel}","templated":true}]}}