{"id":1784,"date":"2026-03-11T17:41:50","date_gmt":"2026-03-11T09:41:50","guid":{"rendered":"https:\/\/www.snackfoodm.com\/?page_id=1784"},"modified":"2026-03-11T17:41:50","modified_gmt":"2026-03-11T09:41:50","slug":"freeze-dried-vegetables-machine","status":"publish","type":"page","link":"https:\/\/www.snackfoodm.com\/fr\/freeze-dried-vegetables-machine\/","title":{"rendered":"Machine de traitement des l\u00e9gumes lyophilis\u00e9s"},"content":{"rendered":"<p>La machine de traitement des l\u00e9gumes lyophilis\u00e9s utilise une technologie avanc\u00e9e de s\u00e9chage sous vide \u00e0 basse temp\u00e9rature pour \u00e9liminer l'humidit\u00e9 sans endommager la structure originale des l\u00e9gumes, ce qui permet aux produits d'\u00eatre stock\u00e9s pendant une longue p\u00e9riode tout en pr\u00e9servant au maximum leur nutrition et leur saveur.<\/p>\n<p><img loading=\"lazy\" decoding=\"async\" class=\"size-full wp-image-1785 aligncenter\" src=\"https:\/\/www.snackfoodm.com\/wp-content\/uploads\/2026\/03\/3.jpg\" alt=\"machine \u00e0 lyophiliser\" width=\"630\" height=\"400\" srcset=\"https:\/\/www.snackfoodm.com\/wp-content\/uploads\/2026\/03\/3.jpg 630w, https:\/\/www.snackfoodm.com\/wp-content\/uploads\/2026\/03\/3-300x190.jpg 300w, https:\/\/www.snackfoodm.com\/wp-content\/uploads\/2026\/03\/3-18x12.jpg 18w, https:\/\/www.snackfoodm.com\/wp-content\/uploads\/2026\/03\/3-240x152.jpg 240w\" sizes=\"auto, (max-width: 630px) 100vw, 630px\" \/><\/p>\n<h2>Principe de fonctionnement de la machine de lyophilisation :<\/h2>\n<p>Le principe de base de la lyophilisation consiste \u00e0 congeler rapidement les l\u00e9gumes \u00e0 basse temp\u00e9rature, puis \u00e0 sublimer la glace directement en vapeur d'eau dans un environnement sous vide, ce qui permet d'\u00e9liminer l'humidit\u00e9 des l\u00e9gumes. Par rapport au s\u00e9chage traditionnel \u00e0 l'air chaud ou \u00e0 la friture, la lyophilisation implique des temp\u00e9ratures plus basses, ce qui permet d'\u00e9viter les dommages caus\u00e9s aux composants nutritionnels et \u00e0 la structure des aliments par les temp\u00e9ratures \u00e9lev\u00e9es.<\/p>\n<p><img loading=\"lazy\" decoding=\"async\" class=\"size-full wp-image-1786 aligncenter\" src=\"https:\/\/www.snackfoodm.com\/wp-content\/uploads\/2026\/03\/3-1.jpg\" alt=\"machine de traitement des l\u00e9gumes lyophilis\u00e9s\" width=\"630\" height=\"400\" srcset=\"https:\/\/www.snackfoodm.com\/wp-content\/uploads\/2026\/03\/3-1.jpg 630w, https:\/\/www.snackfoodm.com\/wp-content\/uploads\/2026\/03\/3-1-300x190.jpg 300w, https:\/\/www.snackfoodm.com\/wp-content\/uploads\/2026\/03\/3-1-18x12.jpg 18w, https:\/\/www.snackfoodm.com\/wp-content\/uploads\/2026\/03\/3-1-240x152.jpg 240w\" sizes=\"auto, (max-width: 630px) 100vw, 630px\" \/><\/p>\n<p style=\"text-align: center;\"><a class=\"fancybox\" href=\"#contact_form_pop\"><strong class=\"button\">Obtenir des solutions<\/strong><\/a><\/p>\n<h2>Machine de traitement des l\u00e9gumes lyophilis\u00e9s Applications :<\/h2>\n<p>Les lyophilisateurs ont un large \u00e9ventail d'utilisations et peuvent \u00eatre utilis\u00e9s pour traiter divers ingr\u00e9dients alimentaires. Pour les fruits tels que les fraises, les pommes, les mangues et les ananas, la lyophilisation permet de produire des tranches de fruits lyophilis\u00e9es, qui sont largement utilis\u00e9es dans les snacks, les c\u00e9r\u00e9ales pour le petit-d\u00e9jeuner et les ingr\u00e9dients de boulangerie. Pour les l\u00e9gumes tels que les carottes, le ma\u00efs, les haricots verts, les champignons shiitake et les brocolis, la lyophilisation peut \u00eatre utilis\u00e9e dans les aliments pr\u00eats \u00e0 consommer et les ingr\u00e9dients des nouilles instantan\u00e9es.<\/p>\n<p><img loading=\"lazy\" decoding=\"async\" class=\"size-full wp-image-1787 aligncenter\" src=\"https:\/\/www.snackfoodm.com\/wp-content\/uploads\/2026\/03\/3-2.jpg\" alt=\"L\u00e9gumes lyophilis\u00e9s\" width=\"630\" height=\"400\" srcset=\"https:\/\/www.snackfoodm.com\/wp-content\/uploads\/2026\/03\/3-2.jpg 630w, https:\/\/www.snackfoodm.com\/wp-content\/uploads\/2026\/03\/3-2-300x190.jpg 300w, https:\/\/www.snackfoodm.com\/wp-content\/uploads\/2026\/03\/3-2-18x12.jpg 18w, https:\/\/www.snackfoodm.com\/wp-content\/uploads\/2026\/03\/3-2-240x152.jpg 240w\" sizes=\"auto, (max-width: 630px) 100vw, 630px\" \/><\/p>\n<h2>Avantages de la machine de lyophilisation :<\/h2>\n<ul>\n<li>Les l\u00e9gumes trait\u00e9s dans les lyophilisateurs peuvent \u00eatre stock\u00e9s pendant de longues p\u00e9riodes ou transport\u00e9s sur de longues distances sans r\u00e9frig\u00e9ration.<\/li>\n<li>Les machines de traitement des l\u00e9gumes lyophilis\u00e9s conservent au maximum les nutriments, la saveur naturelle, l'ar\u00f4me, la couleur, la forme et la texture des l\u00e9gumes.<\/li>\n<li>La machine est g\u00e9n\u00e9ralement \u00e9quip\u00e9e de syst\u00e8mes de contr\u00f4le intelligents qui permettent un contr\u00f4le pr\u00e9cis de param\u00e8tres tels que la temp\u00e9rature, le niveau de vide et la dur\u00e9e.<\/li>\n<li>Les produits lyophilis\u00e9s sont l\u00e9gers et compacts, ce qui r\u00e9duit les co\u00fbts de transport et le recours \u00e0 la cha\u00eene du froid.<\/li>\n<\/ul>\n\n<div class=\"wpcf7 no-js\" id=\"wpcf7-f385-o1\" lang=\"en-US\" dir=\"ltr\" data-wpcf7-id=\"385\">\n<div class=\"screen-reader-response\"><p role=\"status\" aria-live=\"polite\" aria-atomic=\"true\"><\/p> <ul><\/ul><\/div>\n<form action=\"\/fr\/wp-json\/wp\/v2\/pages\/1784#wpcf7-f385-o1\" method=\"post\" class=\"wpcf7-form init\" aria-label=\"Formulaire de contact\" novalidate=\"novalidate\" data-status=\"init\" data-trp-original-action=\"\/fr\/wp-json\/wp\/v2\/pages\/1784#wpcf7-f385-o1\">\n<fieldset class=\"hidden-fields-container\"><input type=\"hidden\" name=\"_wpcf7\" value=\"385\" \/><input type=\"hidden\" name=\"_wpcf7_version\" value=\"6.1.1\" \/><input type=\"hidden\" name=\"_wpcf7_locale\" value=\"en_US\" \/><input type=\"hidden\" name=\"_wpcf7_unit_tag\" value=\"wpcf7-f385-o1\" \/><input type=\"hidden\" name=\"_wpcf7_container_post\" value=\"0\" \/><input type=\"hidden\" name=\"_wpcf7_posted_data_hash\" value=\"\" \/>\n<\/fieldset>\n<div class=\"leave-message-blockall\">\n\t<div class=\"leave-message-block\">\n\t\t<div class=\"leave-top\">\n\t\t\t<p>Veuillez remplir le formulaire ci-dessous pour obtenir les prix.\n\t\t\t<\/p>\n\t\t<\/div>\n\t\t<div class=\"leave-name\">\n\t\t\t<div class=\"leave-name-t\">\n\t\t\t\t<p>Votre nom :\n\t\t\t\t<\/p>\n\t\t\t<\/div>\n\t\t\t<p><span class=\"wpcf7-form-control-wrap\" data-name=\"your-name\"><input size=\"40\" maxlength=\"400\" class=\"wpcf7-form-control wpcf7-text\" aria-invalid=\"false\" value=\"\" type=\"text\" name=\"your-name\" \/><\/span>\n\t\t\t<\/p>\n\t\t<\/div>\n\t\t<div class=\"leave-email\">\n\t\t\t<div class=\"leave-email-t\">\n\t\t\t\t<p>Votre adresse \u00e9lectronique (obligatoire) :\n\t\t\t\t<\/p>\n\t\t\t<\/div>\n\t\t\t<p><span class=\"wpcf7-form-control-wrap\" data-name=\"your-email\"><input size=\"40\" maxlength=\"400\" class=\"wpcf7-form-control wpcf7-email wpcf7-validates-as-required wpcf7-text wpcf7-validates-as-email\" aria-required=\"true\" aria-invalid=\"false\" value=\"\" type=\"email\" name=\"your-email\" \/><\/span>\n\t\t\t<\/p>\n\t\t<\/div>\n\t\t<div class=\"leave-tel\">\n\t\t\t<div class=\"leave-tel-t\">\n\t\t\t\t<p>Votre T\u00e9l(obligatoire) :\n\t\t\t\t<\/p>\n\t\t\t<\/div>\n\t\t\t<p><span class=\"wpcf7-form-control-wrap\" data-name=\"your-tel\"><input size=\"40\" maxlength=\"400\" class=\"wpcf7-form-control wpcf7-tel wpcf7-validates-as-required wpcf7-text wpcf7-validates-as-tel\" aria-required=\"true\" aria-invalid=\"false\" placeholder=\"Veuillez ajouter les codes de pays\" value=\"\" type=\"tel\" name=\"your-tel\" \/><\/span>\n\t\t\t<\/p>\n\t\t<\/div>\n\t\t<div class=\"leave-country\">\n\t\t\t<div class=\"leave-country-t\">\n\t\t\t\t<p>Votre pays :\n\t\t\t\t<\/p>\n\t\t\t<\/div>\n\t\t\t<p><span class=\"wpcf7-form-control-wrap\" data-name=\"your-country\"><input size=\"40\" maxlength=\"400\" class=\"wpcf7-form-control wpcf7-text\" aria-invalid=\"false\" value=\"\" type=\"text\" name=\"your-country\" \/><\/span>\n\t\t\t<\/p>\n\t\t<\/div>\n\t\t<div class=\"leave-require\">\n\t\t\t<div class=\"leave-require-t\">\n\t\t\t\t<p>Votre message (obligatoire) :\n\t\t\t\t<\/p>\n\t\t\t<\/div>\n\t\t\t<p><span class=\"wpcf7-form-control-wrap\" data-name=\"your-message\"><textarea cols=\"40\" rows=\"10\" maxlength=\"2000\" class=\"wpcf7-form-control wpcf7-textarea wpcf7-validates-as-required\" aria-required=\"true\" aria-invalid=\"false\" placeholder=\"Conseils : mati\u00e8re premi\u00e8re, produit souhait\u00e9, capacit\u00e9, \u00e9quipement auxiliaire, etc.\" name=\"your-message\"><\/textarea><\/span>\n\t\t\t<\/p>\n\t\t<\/div>\n\t\t<div class=\"leave-Send\">\n\t\t\t<p><input class=\"wpcf7-form-control wpcf7-submit has-spinner\" type=\"submit\" value=\"Envoyer\" \/>\n\t\t\t<\/p>\n\t\t<\/div>\n\t<\/div>\n<\/div><input type=\"hidden\" id=\"ct_checkjs_cf7_4b04a686b0ad13dce35fa99fa4161c65\" name=\"ct_checkjs_cf7\" value=\"0\" \/><script >setTimeout(function(){var ct_input_name = \"ct_checkjs_cf7_4b04a686b0ad13dce35fa99fa4161c65\";if (document.getElementById(ct_input_name) !== null) {var ct_input_value = document.getElementById(ct_input_name).value;document.getElementById(ct_input_name).value = document.getElementById(ct_input_name).value.replace(ct_input_value, 'dba04424690aafc408c5cb41194f71da80590051ae3ed0048d37dfc87b0d215e');}}, 1000);<\/script><input\n                    class=\"apbct_special_field apbct_email_id__wp_contact_form_7\"\n                    name=\"apbct__email_id__wp_contact_form_7\"\n                    aria-label=\"apbct__label_id__wp_contact_form_7\"\n                    type=\"text\" size=\"30\" maxlength=\"200\" autocomplete=\"off\"\n                    value=\"\"\n                \/><p style=\"display: none !important;\" class=\"akismet-fields-container\" data-prefix=\"_wpcf7_ak_\"><label>&#916;<textarea name=\"_wpcf7_ak_hp_textarea\" cols=\"45\" rows=\"8\" maxlength=\"100\"><\/textarea><\/label><input type=\"hidden\" id=\"ak_js_1\" name=\"_wpcf7_ak_js\" value=\"15\"\/><script>document.getElementById( \"ak_js_1\" ).setAttribute( \"value\", ( new Date() ).getTime() );<\/script><\/p><div class=\"wpcf7-response-output\" aria-hidden=\"true\"><\/div>\n<input type=\"hidden\" name=\"trp-form-language\" value=\"fr\"\/><\/form>\n<\/div>\n\n<p>&nbsp;<\/p>\n<div style='text-align:left' class='yasr-auto-insert-visitor'><\/div>","protected":false},"excerpt":{"rendered":"<p>Freeze dried vegetables processing machine uses advanced low-temperature vacuum drying technology to remove moisture without damaging the original structure of vegetables, allowing the products to be stored for a long time while preserving their nutrition and flavor to the greatest extent. Freeze Dryer Machine\u00a0Working Principle: The basic principle of freeze-drying is to first rapidly freeze &#8230; <a title=\"Machine de traitement des l\u00e9gumes lyophilis\u00e9s\" class=\"read-more\" href=\"https:\/\/www.snackfoodm.com\/fr\/freeze-dried-vegetables-machine\/\" aria-label=\"Plus sur Freeze Dried Vegetables Processing Machine\">Lire plus<\/a><\/p>","protected":false},"author":1,"featured_media":0,"parent":0,"menu_order":0,"comment_status":"closed","ping_status":"closed","template":"","meta":{"generate_page_header":"","yasr_overall_rating":0,"yasr_post_is_review":"","yasr_auto_insert_disabled":"","yasr_review_type":"","footnotes":""},"class_list":["post-1784","page","type-page","status-publish"],"yoast_head":"<!-- This site is optimized with the Yoast SEO plugin v25.8 - https:\/\/yoast.com\/wordpress\/plugins\/seo\/ -->\n<title>Freeze Dried Vegetables Processing Machine - Professional Potato Chips and French Fry Process Line Manufacturer<\/title>\n<meta name=\"description\" content=\"Freeze dryer machine sublimates ice directly into water vapor in a vacuum environment, thereby removing moisture from vegetables and effectively extending their shelf life.\" \/>\n<meta name=\"robots\" content=\"index, follow, max-snippet:-1, max-image-preview:large, max-video-preview:-1\" \/>\n<link rel=\"canonical\" href=\"https:\/\/www.snackfoodm.com\/fr\/freeze-dried-vegetables-machine\/\" \/>\n<meta property=\"og:locale\" content=\"fr_FR\" \/>\n<meta property=\"og:type\" content=\"article\" \/>\n<meta property=\"og:title\" content=\"Freeze Dried Vegetables Processing Machine - Professional Potato Chips and French Fry Process Line Manufacturer\" \/>\n<meta property=\"og:description\" content=\"Freeze dryer machine sublimates ice directly into water vapor in a vacuum environment, thereby removing moisture from vegetables and effectively extending their shelf life.\" \/>\n<meta property=\"og:url\" content=\"https:\/\/www.snackfoodm.com\/fr\/freeze-dried-vegetables-machine\/\" \/>\n<meta property=\"og:site_name\" content=\"Professional Potato Chips and French Fry Process Line Manufacturer\" \/>\n<meta property=\"og:image\" content=\"https:\/\/www.snackfoodm.com\/wp-content\/uploads\/2026\/03\/3.jpg\" \/>\n\t<meta property=\"og:image:width\" content=\"630\" \/>\n\t<meta property=\"og:image:height\" content=\"400\" \/>\n\t<meta property=\"og:image:type\" content=\"image\/jpeg\" \/>\n<meta name=\"twitter:card\" content=\"summary_large_image\" \/>\n<meta name=\"twitter:label1\" content=\"Dur\u00e9e de lecture estim\u00e9e\" \/>\n\t<meta name=\"twitter:data1\" content=\"2 minutes\" \/>\n<script type=\"application\/ld+json\" class=\"yoast-schema-graph\">{\"@context\":\"https:\/\/schema.org\",\"@graph\":[{\"@type\":\"WebPage\",\"@id\":\"https:\/\/www.snackfoodm.com\/freeze-dried-vegetables-machine\/\",\"url\":\"https:\/\/www.snackfoodm.com\/freeze-dried-vegetables-machine\/\",\"name\":\"Freeze Dried Vegetables Processing Machine - Professional Potato Chips and French Fry Process Line Manufacturer\",\"isPartOf\":{\"@id\":\"https:\/\/www.snackfoodm.com\/#website\"},\"primaryImageOfPage\":{\"@id\":\"https:\/\/www.snackfoodm.com\/freeze-dried-vegetables-machine\/#primaryimage\"},\"image\":{\"@id\":\"https:\/\/www.snackfoodm.com\/freeze-dried-vegetables-machine\/#primaryimage\"},\"thumbnailUrl\":\"https:\/\/www.snackfoodm.com\/wp-content\/uploads\/2026\/03\/3.jpg\",\"datePublished\":\"2026-03-11T09:41:50+00:00\",\"description\":\"Freeze dryer machine sublimates ice directly into water vapor in a vacuum environment, thereby removing moisture from vegetables and effectively extending their shelf life.\",\"breadcrumb\":{\"@id\":\"https:\/\/www.snackfoodm.com\/freeze-dried-vegetables-machine\/#breadcrumb\"},\"inLanguage\":\"fr-FR\",\"potentialAction\":[{\"@type\":\"ReadAction\",\"target\":[\"https:\/\/www.snackfoodm.com\/freeze-dried-vegetables-machine\/\"]}]},{\"@type\":\"ImageObject\",\"inLanguage\":\"fr-FR\",\"@id\":\"https:\/\/www.snackfoodm.com\/freeze-dried-vegetables-machine\/#primaryimage\",\"url\":\"https:\/\/www.snackfoodm.com\/wp-content\/uploads\/2026\/03\/3.jpg\",\"contentUrl\":\"https:\/\/www.snackfoodm.com\/wp-content\/uploads\/2026\/03\/3.jpg\"},{\"@type\":\"BreadcrumbList\",\"@id\":\"https:\/\/www.snackfoodm.com\/freeze-dried-vegetables-machine\/#breadcrumb\",\"itemListElement\":[{\"@type\":\"ListItem\",\"position\":1,\"name\":\"\u9996\u9875\",\"item\":\"https:\/\/www.snackfoodm.com\/\"},{\"@type\":\"ListItem\",\"position\":2,\"name\":\"Freeze Dried Vegetables Processing Machine\"}]},{\"@type\":\"WebSite\",\"@id\":\"https:\/\/www.snackfoodm.com\/#website\",\"url\":\"https:\/\/www.snackfoodm.com\/\",\"name\":\"Professional Potato Chips and French Fry Process Line Manufacturer\",\"description\":\"Turnkey Solutions for Chips and French Fries Production Line\",\"publisher\":{\"@id\":\"https:\/\/www.snackfoodm.com\/#organization\"},\"potentialAction\":[{\"@type\":\"SearchAction\",\"target\":{\"@type\":\"EntryPoint\",\"urlTemplate\":\"https:\/\/www.snackfoodm.com\/?s={search_term_string}\"},\"query-input\":{\"@type\":\"PropertyValueSpecification\",\"valueRequired\":true,\"valueName\":\"search_term_string\"}}],\"inLanguage\":\"fr-FR\"},{\"@type\":\"Organization\",\"@id\":\"https:\/\/www.snackfoodm.com\/#organization\",\"name\":\"Professional Potato Chips and French Fry Process Line Manufacturer\",\"url\":\"https:\/\/www.snackfoodm.com\/\",\"logo\":{\"@type\":\"ImageObject\",\"inLanguage\":\"fr-FR\",\"@id\":\"https:\/\/www.snackfoodm.com\/#\/schema\/logo\/image\/\",\"url\":\"https:\/\/www.snackfoodm.com\/wp-content\/uploads\/2020\/02\/cropped-\u65b0\u7248LOGO1-3.png\",\"contentUrl\":\"https:\/\/www.snackfoodm.com\/wp-content\/uploads\/2020\/02\/cropped-\u65b0\u7248LOGO1-3.png\",\"width\":163,\"height\":85,\"caption\":\"Professional Potato Chips and French Fry Process Line Manufacturer\"},\"image\":{\"@id\":\"https:\/\/www.snackfoodm.com\/#\/schema\/logo\/image\/\"}},false]}<\/script>\n<!-- \/ Yoast SEO plugin. -->","yoast_head_json":{"title":"Machine de traitement des l\u00e9gumes lyophilis\u00e9s - Fabricant professionnel de lignes de traitement de chips et de frites","description":"La machine de lyophilisation sublime la glace directement en vapeur d'eau dans un environnement sous vide, \u00e9liminant ainsi l'humidit\u00e9 des l\u00e9gumes et prolongeant efficacement leur dur\u00e9e de conservation.","robots":{"index":"index","follow":"follow","max-snippet":"max-snippet:-1","max-image-preview":"max-image-preview:large","max-video-preview":"max-video-preview:-1"},"canonical":"https:\/\/www.snackfoodm.com\/fr\/freeze-dried-vegetables-machine\/","og_locale":"fr_FR","og_type":"article","og_title":"Freeze Dried Vegetables Processing Machine - Professional Potato Chips and French Fry Process Line Manufacturer","og_description":"Freeze dryer machine sublimates ice directly into water vapor in a vacuum environment, thereby removing moisture from vegetables and effectively extending their shelf life.","og_url":"https:\/\/www.snackfoodm.com\/fr\/freeze-dried-vegetables-machine\/","og_site_name":"Professional Potato Chips and French Fry Process Line Manufacturer","og_image":[{"width":630,"height":400,"url":"https:\/\/www.snackfoodm.com\/wp-content\/uploads\/2026\/03\/3.jpg","type":"image\/jpeg"}],"twitter_card":"summary_large_image","twitter_misc":{"Dur\u00e9e de lecture estim\u00e9e":"2 minutes"},"schema":{"@context":"https:\/\/schema.org","@graph":[{"@type":"WebPage","@id":"https:\/\/www.snackfoodm.com\/freeze-dried-vegetables-machine\/","url":"https:\/\/www.snackfoodm.com\/freeze-dried-vegetables-machine\/","name":"Machine de traitement des l\u00e9gumes lyophilis\u00e9s - Fabricant professionnel de lignes de traitement de chips et de frites","isPartOf":{"@id":"https:\/\/www.snackfoodm.com\/#website"},"primaryImageOfPage":{"@id":"https:\/\/www.snackfoodm.com\/freeze-dried-vegetables-machine\/#primaryimage"},"image":{"@id":"https:\/\/www.snackfoodm.com\/freeze-dried-vegetables-machine\/#primaryimage"},"thumbnailUrl":"https:\/\/www.snackfoodm.com\/wp-content\/uploads\/2026\/03\/3.jpg","datePublished":"2026-03-11T09:41:50+00:00","description":"La machine de lyophilisation sublime la glace directement en vapeur d'eau dans un environnement sous vide, \u00e9liminant ainsi l'humidit\u00e9 des l\u00e9gumes et prolongeant efficacement leur dur\u00e9e de conservation.","breadcrumb":{"@id":"https:\/\/www.snackfoodm.com\/freeze-dried-vegetables-machine\/#breadcrumb"},"inLanguage":"fr-FR","potentialAction":[{"@type":"ReadAction","target":["https:\/\/www.snackfoodm.com\/freeze-dried-vegetables-machine\/"]}]},{"@type":"ImageObject","inLanguage":"fr-FR","@id":"https:\/\/www.snackfoodm.com\/freeze-dried-vegetables-machine\/#primaryimage","url":"https:\/\/www.snackfoodm.com\/wp-content\/uploads\/2026\/03\/3.jpg","contentUrl":"https:\/\/www.snackfoodm.com\/wp-content\/uploads\/2026\/03\/3.jpg"},{"@type":"BreadcrumbList","@id":"https:\/\/www.snackfoodm.com\/freeze-dried-vegetables-machine\/#breadcrumb","itemListElement":[{"@type":"ListItem","position":1,"name":"\u9996\u9875","item":"https:\/\/www.snackfoodm.com\/"},{"@type":"ListItem","position":2,"name":"Freeze Dried Vegetables Processing Machine"}]},{"@type":"WebSite","@id":"https:\/\/www.snackfoodm.com\/#website","url":"https:\/\/www.snackfoodm.com\/","name":"Fabricant professionnel de lignes de production de chips et de frites","description":"Solutions cl\u00e9s en main pour une ligne de production de chips et de frites","publisher":{"@id":"https:\/\/www.snackfoodm.com\/#organization"},"potentialAction":[{"@type":"SearchAction","target":{"@type":"EntryPoint","urlTemplate":"https:\/\/www.snackfoodm.com\/?s={search_term_string}"},"query-input":{"@type":"PropertyValueSpecification","valueRequired":true,"valueName":"search_term_string"}}],"inLanguage":"fr-FR"},{"@type":"Organization","@id":"https:\/\/www.snackfoodm.com\/#organization","name":"Fabricant professionnel de lignes de production de chips et de frites","url":"https:\/\/www.snackfoodm.com\/","logo":{"@type":"ImageObject","inLanguage":"fr-FR","@id":"https:\/\/www.snackfoodm.com\/#\/schema\/logo\/image\/","url":"https:\/\/www.snackfoodm.com\/wp-content\/uploads\/2020\/02\/cropped-\u65b0\u7248LOGO1-3.png","contentUrl":"https:\/\/www.snackfoodm.com\/wp-content\/uploads\/2020\/02\/cropped-\u65b0\u7248LOGO1-3.png","width":163,"height":85,"caption":"Professional Potato Chips and French Fry Process Line Manufacturer"},"image":{"@id":"https:\/\/www.snackfoodm.com\/#\/schema\/logo\/image\/"}},false]}},"yasr_visitor_votes":{"stars_attributes":{"read_only":false,"span_bottom":false},"number_of_votes":1,"sum_votes":5},"_links":{"self":[{"href":"https:\/\/www.snackfoodm.com\/fr\/wp-json\/wp\/v2\/pages\/1784","targetHints":{"allow":["GET"]}}],"collection":[{"href":"https:\/\/www.snackfoodm.com\/fr\/wp-json\/wp\/v2\/pages"}],"about":[{"href":"https:\/\/www.snackfoodm.com\/fr\/wp-json\/wp\/v2\/types\/page"}],"author":[{"embeddable":true,"href":"https:\/\/www.snackfoodm.com\/fr\/wp-json\/wp\/v2\/users\/1"}],"replies":[{"embeddable":true,"href":"https:\/\/www.snackfoodm.com\/fr\/wp-json\/wp\/v2\/comments?post=1784"}],"version-history":[{"count":1,"href":"https:\/\/www.snackfoodm.com\/fr\/wp-json\/wp\/v2\/pages\/1784\/revisions"}],"predecessor-version":[{"id":1788,"href":"https:\/\/www.snackfoodm.com\/fr\/wp-json\/wp\/v2\/pages\/1784\/revisions\/1788"}],"wp:attachment":[{"href":"https:\/\/www.snackfoodm.com\/fr\/wp-json\/wp\/v2\/media?parent=1784"}],"curies":[{"name":"wp","href":"https:\/\/api.w.org\/{rel}","templated":true}]}}