{"id":1790,"date":"2026-03-24T17:25:20","date_gmt":"2026-03-24T09:25:20","guid":{"rendered":"https:\/\/www.snackfoodm.com\/?page_id=1790"},"modified":"2026-03-24T17:25:20","modified_gmt":"2026-03-24T09:25:20","slug":"fried-onion-production-line","status":"publish","type":"page","link":"https:\/\/www.snackfoodm.com\/fr\/fried-onion-production-line\/","title":{"rendered":"Ligne de production d'oignons frits 500kg\/h"},"content":{"rendered":"<p><img loading=\"lazy\" decoding=\"async\" class=\"size-full wp-image-1793 aligncenter\" src=\"https:\/\/www.snackfoodm.com\/wp-content\/uploads\/2026\/03\/2.jpg\" alt=\"ligne de production d&#039;oignons frits\" width=\"630\" height=\"400\" srcset=\"https:\/\/www.snackfoodm.com\/wp-content\/uploads\/2026\/03\/2.jpg 630w, https:\/\/www.snackfoodm.com\/wp-content\/uploads\/2026\/03\/2-300x190.jpg 300w, https:\/\/www.snackfoodm.com\/wp-content\/uploads\/2026\/03\/2-18x12.jpg 18w, https:\/\/www.snackfoodm.com\/wp-content\/uploads\/2026\/03\/2-240x152.jpg 240w\" sizes=\"auto, (max-width: 630px) 100vw, 630px\" \/><\/p>\n<p>Les oignons frits \u2013 tels que les rondelles d'oignon, les lamelles et les d\u00e9s \u2013 sont produits en soumettant des oignons frais \u00e0 une s\u00e9rie d'\u00e9tapes de traitement\u00a0; les produits obtenus pr\u00e9sentent une texture croustillante et sont appr\u00e9ci\u00e9s par les personnes de tous \u00e2ges. G\u00e9n\u00e9ralement, la production de ces produits \u00e0 base d'oignons frits est r\u00e9alis\u00e9e \u00e0 l'aide d'une cha\u00eene de friture d\u00e9di\u00e9e aux oignons.<\/p>\n<h2>Le flux de travail global pour la ligne de production d'oignons frits comprend :<\/h2>\n<p>\u00e9pluchage \u2192 d\u00e9coupe (en tranches\/en d\u00e9s\/en rondelles) \u2192 friture \u2192 \u00e9gouttage de l'huile \u2192 assaisonnement \u2192 emballage.<\/p>\n<p>Premi\u00e8rement, des oignons frais subissent un processus d'\u00e9pluchage pour \u00e9liminer leurs couches externes s\u00e8ches et les impuret\u00e9s. Par la suite, selon les sp\u00e9cifications du produit, les oignons sont trait\u00e9s \u00e0 l'aide de machines de coupe en diverses formes, telles que des fines lamelles, des d\u00e9s ou des rondelles. Les oignons coup\u00e9s passent ensuite \u00e0 l'\u00e9tape de friture, o\u00f9 ils sont frits uniform\u00e9ment sous des temp\u00e9ratures pr\u00e9cis\u00e9ment contr\u00f4l\u00e9es pour les d\u00e9shydrater rapidement et d\u00e9velopper une texture croustillante. Une fois la friture termin\u00e9e, l'exc\u00e8s d'huile est retir\u00e9 pour am\u00e9liorer \u00e0 la fois la palatabilit\u00e9 du produit et son profil nutritionnel.<\/p>\n<p>L'ensemble du flux de processus est int\u00e9gr\u00e9 de mani\u00e8re transparente, permettant une production continue qui garantit non seulement l'efficacit\u00e9, mais assure \u00e9galement une qualit\u00e9 stable pour chaque lot de produits.<\/p>\n<p><iframe loading=\"lazy\" title=\"Lecteur vid\u00e9o YouTube\" src=\"https:\/\/www.youtube.com\/embed\/mOW8jkXvUtk?si=KurWAjlV-ENVoctg\" width=\"560\" height=\"315\" frameborder=\"0\" allowfullscreen=\"allowfullscreen\"><\/iframe><\/p>\n<h2>Principaux \u00e9quipements de la ligne de production d'oignons frits :<\/h2>\n<p><strong>Machine \u00e0 \u00e9plucher les oignons<\/strong><\/p>\n<p>Cette machine sert d'\u00e9quipement principal dans une ligne de friture d'oignons, con\u00e7ue sp\u00e9cifiquement pour l'\u00e9limination efficace des peaux d'oignons. Utilisant un m\u00e9canisme bas\u00e9 sur un flux d'air, l'appareil effectue l'op\u00e9ration de pelage sans causer de dommages aux oignons. Elle offre une vitesse de traitement rapide et un taux d'\u00e9pluchage allant jusqu'\u00e0 95%, r\u00e9duisant ainsi efficacement les co\u00fbts de main-d'\u0153uvre.<\/p>\n<p><strong>Trieuse d'oignons<\/strong><\/p>\n<p>Selon les exigences sp\u00e9cifiques du produit, cette trancheuse peut couper les oignons en tranches uniformes, en d\u00e9s ou en rondelles. L'\u00e9paisseur de coupe est r\u00e9glable et les surfaces de coupe sont lisses et r\u00e9guli\u00e8res, facilitant un chauffage uniforme lors du processus de friture subs\u00e9quent.<\/p>\n<p><strong>Machine \u00e0 frire automatique<\/strong><\/p>\n<p>Le <a href=\"https:\/\/www.snackfoodm.com\/fr\/commercial-onion-frying-machine\/\">machine \u00e0 frire les oignons<\/a> sert de composant central de la cha\u00eene de production d'oignons frits. \u00c9quip\u00e9e d'un syst\u00e8me de contr\u00f4le pr\u00e9cis de la temp\u00e9rature, la machine r\u00e9gule la temp\u00e9rature de l'huile pour garantir que les oignons soient frits dans une plage de temp\u00e9rature optimale. De plus, le mode de chauffage, qu'il soit au gaz ou \u00e9lectrique, peut \u00eatre configur\u00e9 selon les exigences sp\u00e9cifiques du client.<\/p>\n<p><img loading=\"lazy\" decoding=\"async\" class=\"size-full wp-image-1792 aligncenter\" src=\"https:\/\/www.snackfoodm.com\/wp-content\/uploads\/2026\/03\/1-1.jpg\" alt=\"ligne de friture d&#039;oignons\" width=\"630\" height=\"400\" srcset=\"https:\/\/www.snackfoodm.com\/wp-content\/uploads\/2026\/03\/1-1.jpg 630w, https:\/\/www.snackfoodm.com\/wp-content\/uploads\/2026\/03\/1-1-300x190.jpg 300w, https:\/\/www.snackfoodm.com\/wp-content\/uploads\/2026\/03\/1-1-18x12.jpg 18w, https:\/\/www.snackfoodm.com\/wp-content\/uploads\/2026\/03\/1-1-240x152.jpg 240w\" sizes=\"auto, (max-width: 630px) 100vw, 630px\" \/><\/p>\n<p style=\"text-align: center;\"><a class=\"fancybox\" href=\"#contact_form_pop\"><strong class=\"button\">Obtenir des solutions<\/strong><\/a><\/p>\n<h2>Solutions personnalis\u00e9es d'oignons frits<\/h2>\n<p>\u00c9tant donn\u00e9 que les diff\u00e9rents clients varient en termes de vari\u00e9t\u00e9s de mati\u00e8res premi\u00e8res, d'exigences de capacit\u00e9 de production et de sp\u00e9cifications de produits finis, nous proposons des solutions de conception personnalis\u00e9es adapt\u00e9es aux circonstances sp\u00e9cifiques de chaque client. Par exemple :<\/p>\n<ul>\n<li>Nous ajustons la configuration des \u00e9quipements d'\u00e9pluchage et de d\u00e9coupe en fonction de la taille et de la vari\u00e9t\u00e9 des oignons.<\/li>\n<li>Nous adaptons les proc\u00e9d\u00e9s de coupe et de friture appropri\u00e9s au type de produit sp\u00e9cifique (par exemple, rondelles d'oignon, lamelles, d\u00e9s d'oignon, etc.).<\/li>\n<li>Nous proposons un choix de m\u00e9thodes de chauffage \u2014 tel que le chauffage \u00e9lectrique ou au gaz \u2014 en fonction de l'infrastructure \u00e9nerg\u00e9tique disponible.<\/li>\n<\/ul>\n<p>De plus, nous pouvons optimiser la conception globale de la ligne de production d'oignons frits en l'alignant sur l'agencement de l'usine du client, maximisant ainsi l'utilisation de l'espace et garantissant un flux de production fluide et tr\u00e8s efficace.<\/p>\n\n<div class=\"wpcf7 no-js\" id=\"wpcf7-f385-o1\" lang=\"en-US\" dir=\"ltr\" data-wpcf7-id=\"385\">\n<div class=\"screen-reader-response\"><p role=\"status\" aria-live=\"polite\" aria-atomic=\"true\"><\/p> <ul><\/ul><\/div>\n<form action=\"\/fr\/wp-json\/wp\/v2\/pages\/1790#wpcf7-f385-o1\" method=\"post\" class=\"wpcf7-form init\" aria-label=\"Formulaire de contact\" novalidate=\"novalidate\" data-status=\"init\" data-trp-original-action=\"\/fr\/wp-json\/wp\/v2\/pages\/1790#wpcf7-f385-o1\">\n<fieldset class=\"hidden-fields-container\"><input type=\"hidden\" name=\"_wpcf7\" value=\"385\" \/><input type=\"hidden\" name=\"_wpcf7_version\" value=\"6.1.1\" \/><input type=\"hidden\" name=\"_wpcf7_locale\" value=\"en_US\" \/><input type=\"hidden\" name=\"_wpcf7_unit_tag\" value=\"wpcf7-f385-o1\" \/><input type=\"hidden\" name=\"_wpcf7_container_post\" value=\"0\" \/><input type=\"hidden\" name=\"_wpcf7_posted_data_hash\" value=\"\" \/>\n<\/fieldset>\n<div class=\"leave-message-blockall\">\n\t<div class=\"leave-message-block\">\n\t\t<div class=\"leave-top\">\n\t\t\t<p>Veuillez remplir le formulaire ci-dessous pour obtenir les prix.\n\t\t\t<\/p>\n\t\t<\/div>\n\t\t<div class=\"leave-name\">\n\t\t\t<div class=\"leave-name-t\">\n\t\t\t\t<p>Votre nom :\n\t\t\t\t<\/p>\n\t\t\t<\/div>\n\t\t\t<p><span class=\"wpcf7-form-control-wrap\" data-name=\"your-name\"><input size=\"40\" maxlength=\"400\" class=\"wpcf7-form-control wpcf7-text\" aria-invalid=\"false\" value=\"\" type=\"text\" name=\"your-name\" \/><\/span>\n\t\t\t<\/p>\n\t\t<\/div>\n\t\t<div class=\"leave-email\">\n\t\t\t<div class=\"leave-email-t\">\n\t\t\t\t<p>Votre adresse \u00e9lectronique (obligatoire) :\n\t\t\t\t<\/p>\n\t\t\t<\/div>\n\t\t\t<p><span class=\"wpcf7-form-control-wrap\" data-name=\"your-email\"><input size=\"40\" maxlength=\"400\" class=\"wpcf7-form-control wpcf7-email wpcf7-validates-as-required wpcf7-text wpcf7-validates-as-email\" aria-required=\"true\" aria-invalid=\"false\" value=\"\" type=\"email\" name=\"your-email\" \/><\/span>\n\t\t\t<\/p>\n\t\t<\/div>\n\t\t<div class=\"leave-tel\">\n\t\t\t<div class=\"leave-tel-t\">\n\t\t\t\t<p>Votre T\u00e9l(obligatoire) :\n\t\t\t\t<\/p>\n\t\t\t<\/div>\n\t\t\t<p><span class=\"wpcf7-form-control-wrap\" data-name=\"your-tel\"><input size=\"40\" maxlength=\"400\" class=\"wpcf7-form-control wpcf7-tel wpcf7-validates-as-required wpcf7-text wpcf7-validates-as-tel\" aria-required=\"true\" aria-invalid=\"false\" placeholder=\"Veuillez ajouter les codes de pays\" value=\"\" type=\"tel\" name=\"your-tel\" \/><\/span>\n\t\t\t<\/p>\n\t\t<\/div>\n\t\t<div class=\"leave-country\">\n\t\t\t<div class=\"leave-country-t\">\n\t\t\t\t<p>Votre pays :\n\t\t\t\t<\/p>\n\t\t\t<\/div>\n\t\t\t<p><span class=\"wpcf7-form-control-wrap\" data-name=\"your-country\"><input size=\"40\" maxlength=\"400\" class=\"wpcf7-form-control wpcf7-text\" aria-invalid=\"false\" value=\"\" type=\"text\" name=\"your-country\" \/><\/span>\n\t\t\t<\/p>\n\t\t<\/div>\n\t\t<div class=\"leave-require\">\n\t\t\t<div class=\"leave-require-t\">\n\t\t\t\t<p>Votre message (obligatoire) :\n\t\t\t\t<\/p>\n\t\t\t<\/div>\n\t\t\t<p><span class=\"wpcf7-form-control-wrap\" data-name=\"your-message\"><textarea cols=\"40\" rows=\"10\" maxlength=\"2000\" class=\"wpcf7-form-control wpcf7-textarea wpcf7-validates-as-required\" aria-required=\"true\" aria-invalid=\"false\" placeholder=\"Conseils : mati\u00e8re premi\u00e8re, produit souhait\u00e9, capacit\u00e9, \u00e9quipement auxiliaire, etc.\" name=\"your-message\"><\/textarea><\/span>\n\t\t\t<\/p>\n\t\t<\/div>\n\t\t<div class=\"leave-Send\">\n\t\t\t<p><input class=\"wpcf7-form-control wpcf7-submit has-spinner\" type=\"submit\" value=\"Envoyer\" \/>\n\t\t\t<\/p>\n\t\t<\/div>\n\t<\/div>\n<\/div><input type=\"hidden\" id=\"ct_checkjs_cf7_aff1621254f7c1be92f64550478c56e6\" name=\"ct_checkjs_cf7\" value=\"0\" \/><script >setTimeout(function(){var ct_input_name = \"ct_checkjs_cf7_aff1621254f7c1be92f64550478c56e6\";if (document.getElementById(ct_input_name) !== null) {var ct_input_value = document.getElementById(ct_input_name).value;document.getElementById(ct_input_name).value = document.getElementById(ct_input_name).value.replace(ct_input_value, 'dba04424690aafc408c5cb41194f71da80590051ae3ed0048d37dfc87b0d215e');}}, 1000);<\/script><input\n                    class=\"apbct_special_field apbct_email_id__wp_contact_form_7\"\n                    name=\"apbct__email_id__wp_contact_form_7\"\n                    aria-label=\"apbct__label_id__wp_contact_form_7\"\n                    type=\"text\" size=\"30\" maxlength=\"200\" autocomplete=\"off\"\n                    value=\"\"\n                \/><p style=\"display: none !important;\" class=\"akismet-fields-container\" data-prefix=\"_wpcf7_ak_\"><label>&#916;<textarea name=\"_wpcf7_ak_hp_textarea\" cols=\"45\" rows=\"8\" maxlength=\"100\"><\/textarea><\/label><input type=\"hidden\" id=\"ak_js_1\" name=\"_wpcf7_ak_js\" value=\"91\"\/><script>\ndocument.getElementById( \"ak_js_1\" ).setAttribute( \"value\", ( new Date() ).getTime() );\n<\/script>\n<\/p><div class=\"wpcf7-response-output\" aria-hidden=\"true\"><\/div>\n<input type=\"hidden\" name=\"trp-form-language\" value=\"fr\"\/><\/form>\n<\/div>\n\n<div style='text-align:left' class='yasr-auto-insert-visitor'><\/div>","protected":false},"excerpt":{"rendered":"<p>Fried onion\u2014such as onion rings, slices, and diced pieces\u2014are produced by subjecting fresh onions to a series of processing steps; the resulting products feature a crispy texture and are enjoyed by people of all ages. Typically, the production of these fried onion products is carried out using a dedicated onion frying line. The overall processing &#8230; <a title=\"Ligne de production d&#039;oignons frits 500kg\/h\" class=\"read-more\" href=\"https:\/\/www.snackfoodm.com\/fr\/fried-onion-production-line\/\" aria-label=\"Plus sur 500kg\/h Fried Onion Production Line\">Lire plus<\/a><\/p>","protected":false},"author":1,"featured_media":0,"parent":0,"menu_order":0,"comment_status":"closed","ping_status":"closed","template":"","meta":{"generate_page_header":"","yasr_overall_rating":0,"yasr_post_is_review":"","yasr_auto_insert_disabled":"","yasr_review_type":"","footnotes":""},"class_list":["post-1790","page","type-page","status-publish"],"yoast_head":"<!-- This site is optimized with the Yoast SEO plugin v25.8 - https:\/\/yoast.com\/wordpress\/plugins\/seo\/ -->\n<title>500kg\/h Fried Onion Production Line - Professional Potato Chips and French Fry Process Line Manufacturer<\/title>\n<meta name=\"description\" content=\"The fried onion production line processing steps include: peeling, cutting, frying, deoiling, etc.\" \/>\n<meta name=\"robots\" content=\"index, follow, max-snippet:-1, max-image-preview:large, max-video-preview:-1\" \/>\n<link rel=\"canonical\" href=\"https:\/\/www.snackfoodm.com\/fr\/fried-onion-production-line\/\" \/>\n<meta property=\"og:locale\" content=\"fr_FR\" \/>\n<meta property=\"og:type\" content=\"article\" \/>\n<meta property=\"og:title\" content=\"500kg\/h Fried Onion Production Line - Professional Potato Chips and French Fry Process Line Manufacturer\" \/>\n<meta property=\"og:description\" content=\"The fried onion production line processing steps include: peeling, cutting, frying, deoiling, etc.\" \/>\n<meta property=\"og:url\" content=\"https:\/\/www.snackfoodm.com\/fr\/fried-onion-production-line\/\" \/>\n<meta property=\"og:site_name\" content=\"Professional Potato Chips and French Fry Process Line Manufacturer\" \/>\n<meta property=\"og:image\" content=\"https:\/\/www.snackfoodm.com\/wp-content\/uploads\/2026\/03\/2.jpg\" \/>\n\t<meta property=\"og:image:width\" content=\"630\" \/>\n\t<meta property=\"og:image:height\" content=\"400\" \/>\n\t<meta property=\"og:image:type\" content=\"image\/jpeg\" \/>\n<meta name=\"twitter:card\" content=\"summary_large_image\" \/>\n<meta name=\"twitter:label1\" content=\"Dur\u00e9e de lecture estim\u00e9e\" \/>\n\t<meta name=\"twitter:data1\" content=\"3 minutes\" \/>\n<script type=\"application\/ld+json\" class=\"yoast-schema-graph\">{\"@context\":\"https:\/\/schema.org\",\"@graph\":[{\"@type\":\"WebPage\",\"@id\":\"https:\/\/www.snackfoodm.com\/fried-onion-production-line\/\",\"url\":\"https:\/\/www.snackfoodm.com\/fried-onion-production-line\/\",\"name\":\"500kg\/h Fried Onion Production Line - Professional Potato Chips and French Fry Process Line Manufacturer\",\"isPartOf\":{\"@id\":\"https:\/\/www.snackfoodm.com\/#website\"},\"primaryImageOfPage\":{\"@id\":\"https:\/\/www.snackfoodm.com\/fried-onion-production-line\/#primaryimage\"},\"image\":{\"@id\":\"https:\/\/www.snackfoodm.com\/fried-onion-production-line\/#primaryimage\"},\"thumbnailUrl\":\"https:\/\/www.snackfoodm.com\/wp-content\/uploads\/2026\/03\/2.jpg\",\"datePublished\":\"2026-03-24T09:25:20+00:00\",\"description\":\"The fried onion production line processing steps include: peeling, cutting, frying, deoiling, etc.\",\"breadcrumb\":{\"@id\":\"https:\/\/www.snackfoodm.com\/fried-onion-production-line\/#breadcrumb\"},\"inLanguage\":\"fr-FR\",\"potentialAction\":[{\"@type\":\"ReadAction\",\"target\":[\"https:\/\/www.snackfoodm.com\/fried-onion-production-line\/\"]}]},{\"@type\":\"ImageObject\",\"inLanguage\":\"fr-FR\",\"@id\":\"https:\/\/www.snackfoodm.com\/fried-onion-production-line\/#primaryimage\",\"url\":\"https:\/\/www.snackfoodm.com\/wp-content\/uploads\/2026\/03\/2.jpg\",\"contentUrl\":\"https:\/\/www.snackfoodm.com\/wp-content\/uploads\/2026\/03\/2.jpg\"},{\"@type\":\"BreadcrumbList\",\"@id\":\"https:\/\/www.snackfoodm.com\/fried-onion-production-line\/#breadcrumb\",\"itemListElement\":[{\"@type\":\"ListItem\",\"position\":1,\"name\":\"\u9996\u9875\",\"item\":\"https:\/\/www.snackfoodm.com\/\"},{\"@type\":\"ListItem\",\"position\":2,\"name\":\"500kg\/h Fried Onion Production Line\"}]},{\"@type\":\"WebSite\",\"@id\":\"https:\/\/www.snackfoodm.com\/#website\",\"url\":\"https:\/\/www.snackfoodm.com\/\",\"name\":\"Professional Potato Chips and French Fry Process Line Manufacturer\",\"description\":\"Turnkey Solutions for Chips and French Fries Production Line\",\"publisher\":{\"@id\":\"https:\/\/www.snackfoodm.com\/#organization\"},\"potentialAction\":[{\"@type\":\"SearchAction\",\"target\":{\"@type\":\"EntryPoint\",\"urlTemplate\":\"https:\/\/www.snackfoodm.com\/?s={search_term_string}\"},\"query-input\":{\"@type\":\"PropertyValueSpecification\",\"valueRequired\":true,\"valueName\":\"search_term_string\"}}],\"inLanguage\":\"fr-FR\"},{\"@type\":\"Organization\",\"@id\":\"https:\/\/www.snackfoodm.com\/#organization\",\"name\":\"Professional Potato Chips and French Fry Process Line Manufacturer\",\"url\":\"https:\/\/www.snackfoodm.com\/\",\"logo\":{\"@type\":\"ImageObject\",\"inLanguage\":\"fr-FR\",\"@id\":\"https:\/\/www.snackfoodm.com\/#\/schema\/logo\/image\/\",\"url\":\"https:\/\/www.snackfoodm.com\/wp-content\/uploads\/2020\/02\/cropped-\u65b0\u7248LOGO1-3.png\",\"contentUrl\":\"https:\/\/www.snackfoodm.com\/wp-content\/uploads\/2020\/02\/cropped-\u65b0\u7248LOGO1-3.png\",\"width\":163,\"height\":85,\"caption\":\"Professional Potato Chips and French Fry Process Line Manufacturer\"},\"image\":{\"@id\":\"https:\/\/www.snackfoodm.com\/#\/schema\/logo\/image\/\"}},false]}<\/script>\n<!-- \/ Yoast SEO plugin. -->","yoast_head_json":{"title":"Ligne de Production d'Oignons Frits 500kg\/h - Fabricant Professionnel de Lignes de Traitement de Chips de Pommes de Terre et de Frites","description":"Les \u00e9tapes de traitement de la cha\u00eene de production d'oignons frits comprennent : le pelage, la coupe, la friture, le d\u00e9graissage, etc.","robots":{"index":"index","follow":"follow","max-snippet":"max-snippet:-1","max-image-preview":"max-image-preview:large","max-video-preview":"max-video-preview:-1"},"canonical":"https:\/\/www.snackfoodm.com\/fr\/fried-onion-production-line\/","og_locale":"fr_FR","og_type":"article","og_title":"500kg\/h Fried Onion Production Line - Professional Potato Chips and French Fry Process Line Manufacturer","og_description":"The fried onion production line processing steps include: peeling, cutting, frying, deoiling, etc.","og_url":"https:\/\/www.snackfoodm.com\/fr\/fried-onion-production-line\/","og_site_name":"Professional Potato Chips and French Fry Process Line Manufacturer","og_image":[{"width":630,"height":400,"url":"https:\/\/www.snackfoodm.com\/wp-content\/uploads\/2026\/03\/2.jpg","type":"image\/jpeg"}],"twitter_card":"summary_large_image","twitter_misc":{"Dur\u00e9e de lecture estim\u00e9e":"3 minutes"},"schema":{"@context":"https:\/\/schema.org","@graph":[{"@type":"WebPage","@id":"https:\/\/www.snackfoodm.com\/fried-onion-production-line\/","url":"https:\/\/www.snackfoodm.com\/fried-onion-production-line\/","name":"Ligne de Production d'Oignons Frits 500kg\/h - Fabricant Professionnel de Lignes de Traitement de Chips de Pommes de Terre et de Frites","isPartOf":{"@id":"https:\/\/www.snackfoodm.com\/#website"},"primaryImageOfPage":{"@id":"https:\/\/www.snackfoodm.com\/fried-onion-production-line\/#primaryimage"},"image":{"@id":"https:\/\/www.snackfoodm.com\/fried-onion-production-line\/#primaryimage"},"thumbnailUrl":"https:\/\/www.snackfoodm.com\/wp-content\/uploads\/2026\/03\/2.jpg","datePublished":"2026-03-24T09:25:20+00:00","description":"Les \u00e9tapes de traitement de la cha\u00eene de production d'oignons frits comprennent : le pelage, la coupe, la friture, le d\u00e9graissage, etc.","breadcrumb":{"@id":"https:\/\/www.snackfoodm.com\/fried-onion-production-line\/#breadcrumb"},"inLanguage":"fr-FR","potentialAction":[{"@type":"ReadAction","target":["https:\/\/www.snackfoodm.com\/fried-onion-production-line\/"]}]},{"@type":"ImageObject","inLanguage":"fr-FR","@id":"https:\/\/www.snackfoodm.com\/fried-onion-production-line\/#primaryimage","url":"https:\/\/www.snackfoodm.com\/wp-content\/uploads\/2026\/03\/2.jpg","contentUrl":"https:\/\/www.snackfoodm.com\/wp-content\/uploads\/2026\/03\/2.jpg"},{"@type":"BreadcrumbList","@id":"https:\/\/www.snackfoodm.com\/fried-onion-production-line\/#breadcrumb","itemListElement":[{"@type":"ListItem","position":1,"name":"\u9996\u9875","item":"https:\/\/www.snackfoodm.com\/"},{"@type":"ListItem","position":2,"name":"500kg\/h Fried Onion Production Line"}]},{"@type":"WebSite","@id":"https:\/\/www.snackfoodm.com\/#website","url":"https:\/\/www.snackfoodm.com\/","name":"Fabricant professionnel de lignes de production de chips et de frites","description":"Solutions cl\u00e9s en main pour une ligne de production de chips et de frites","publisher":{"@id":"https:\/\/www.snackfoodm.com\/#organization"},"potentialAction":[{"@type":"SearchAction","target":{"@type":"EntryPoint","urlTemplate":"https:\/\/www.snackfoodm.com\/?s={search_term_string}"},"query-input":{"@type":"PropertyValueSpecification","valueRequired":true,"valueName":"search_term_string"}}],"inLanguage":"fr-FR"},{"@type":"Organization","@id":"https:\/\/www.snackfoodm.com\/#organization","name":"Fabricant professionnel de lignes de production de chips et de frites","url":"https:\/\/www.snackfoodm.com\/","logo":{"@type":"ImageObject","inLanguage":"fr-FR","@id":"https:\/\/www.snackfoodm.com\/#\/schema\/logo\/image\/","url":"https:\/\/www.snackfoodm.com\/wp-content\/uploads\/2020\/02\/cropped-\u65b0\u7248LOGO1-3.png","contentUrl":"https:\/\/www.snackfoodm.com\/wp-content\/uploads\/2020\/02\/cropped-\u65b0\u7248LOGO1-3.png","width":163,"height":85,"caption":"Professional Potato Chips and French Fry Process Line Manufacturer"},"image":{"@id":"https:\/\/www.snackfoodm.com\/#\/schema\/logo\/image\/"}},false]}},"yasr_visitor_votes":{"stars_attributes":{"read_only":false,"span_bottom":false},"number_of_votes":1,"sum_votes":5},"_links":{"self":[{"href":"https:\/\/www.snackfoodm.com\/fr\/wp-json\/wp\/v2\/pages\/1790","targetHints":{"allow":["GET"]}}],"collection":[{"href":"https:\/\/www.snackfoodm.com\/fr\/wp-json\/wp\/v2\/pages"}],"about":[{"href":"https:\/\/www.snackfoodm.com\/fr\/wp-json\/wp\/v2\/types\/page"}],"author":[{"embeddable":true,"href":"https:\/\/www.snackfoodm.com\/fr\/wp-json\/wp\/v2\/users\/1"}],"replies":[{"embeddable":true,"href":"https:\/\/www.snackfoodm.com\/fr\/wp-json\/wp\/v2\/comments?post=1790"}],"version-history":[{"count":1,"href":"https:\/\/www.snackfoodm.com\/fr\/wp-json\/wp\/v2\/pages\/1790\/revisions"}],"predecessor-version":[{"id":1794,"href":"https:\/\/www.snackfoodm.com\/fr\/wp-json\/wp\/v2\/pages\/1790\/revisions\/1794"}],"wp:attachment":[{"href":"https:\/\/www.snackfoodm.com\/fr\/wp-json\/wp\/v2\/media?parent=1790"}],"curies":[{"name":"wp","href":"https:\/\/api.w.org\/{rel}","templated":true}]}}