{"id":1802,"date":"2026-04-28T17:22:17","date_gmt":"2026-04-28T09:22:17","guid":{"rendered":"https:\/\/www.snackfoodm.com\/?page_id=1802"},"modified":"2026-04-28T17:22:17","modified_gmt":"2026-04-28T09:22:17","slug":"pork-cracklings-processing-line","status":"publish","type":"page","link":"https:\/\/www.snackfoodm.com\/fr\/pork-cracklings-processing-line\/","title":{"rendered":"Ligne de traitement de couennes de porc croustillantes"},"content":{"rendered":"<p><img loading=\"lazy\" decoding=\"async\" class=\"size-full wp-image-1805 aligncenter\" src=\"https:\/\/www.snackfoodm.com\/wp-content\/uploads\/2026\/04\/2-3-1.jpg\" alt=\"Cha\u00eene de production de couennes de porc\" width=\"630\" height=\"400\" srcset=\"https:\/\/www.snackfoodm.com\/wp-content\/uploads\/2026\/04\/2-3-1.jpg 630w, https:\/\/www.snackfoodm.com\/wp-content\/uploads\/2026\/04\/2-3-1-300x190.jpg 300w, https:\/\/www.snackfoodm.com\/wp-content\/uploads\/2026\/04\/2-3-1-18x12.jpg 18w, https:\/\/www.snackfoodm.com\/wp-content\/uploads\/2026\/04\/2-3-1-240x152.jpg 240w\" sizes=\"auto, (max-width: 630px) 100vw, 630px\" \/><\/p>\n<p>Les grattons de porc sont une collation traditionnelle appr\u00e9ci\u00e9e pour leur haute teneur en prot\u00e9ines et leur texture croustillante, et ils gagnent en popularit\u00e9 aupr\u00e8s des consommateurs. Leur structure souffl\u00e9e unique et leur go\u00fbt croquant leur conf\u00e8rent un avenir commercial prometteur. En tant que fabricant d'\u00e9quipements de transformation alimentaire, nous avons sp\u00e9cialement con\u00e7u cette ligne de transformation de grattons de porc pour les entreprises sp\u00e9cialis\u00e9es dans le traitement de couennes de porc.<\/p>\n<h2>\u00c9tapes de transformation du couenne de porc :<\/h2>\n<p>Une ligne compl\u00e8te de fabrication de couennes de porc tourne g\u00e9n\u00e9ralement autour des \u00e9tapes de \u00ab friture, d\u00e9graissage, assaisonnement et emballage \u00bb. En fonction du positionnement du produit et des besoins de production des diff\u00e9rents clients, le flux de traitement peut \u00e9galement \u00eatre configur\u00e9 de mani\u00e8re flexible avec d'autres \u00e9quipements auxiliaires pour obtenir un rendement de produit fini de meilleure qualit\u00e9.<\/p>\n<p><strong>1. Pr\u00e9traitement des mati\u00e8res premi\u00e8res (facultatif)<\/strong><\/p>\n<p>Avant la friture, certains clients choisissent d'ajouter une \u00e9tape de blanchiment ou de pr\u00e9-cuisson pour \u00e9liminer les impuret\u00e9s et les odeurs de la couenne de porc, tout en am\u00e9liorant sa texture. La machine de blanchiment utilise un traitement \u00e0 l'eau \u00e0 temp\u00e9rature constante pour faciliter le gonflement de la couenne de porc et am\u00e9liorer la texture finale.<\/p>\n<p><img loading=\"lazy\" decoding=\"async\" class=\"size-full wp-image-1804 aligncenter\" src=\"https:\/\/www.snackfoodm.com\/wp-content\/uploads\/2026\/04\/2-2.jpg\" alt=\"peau de porc\" width=\"630\" height=\"400\" srcset=\"https:\/\/www.snackfoodm.com\/wp-content\/uploads\/2026\/04\/2-2.jpg 630w, https:\/\/www.snackfoodm.com\/wp-content\/uploads\/2026\/04\/2-2-300x190.jpg 300w, https:\/\/www.snackfoodm.com\/wp-content\/uploads\/2026\/04\/2-2-18x12.jpg 18w, https:\/\/www.snackfoodm.com\/wp-content\/uploads\/2026\/04\/2-2-240x152.jpg 240w\" sizes=\"auto, (max-width: 630px) 100vw, 630px\" \/><\/p>\n<p style=\"text-align: center;\"><a class=\"fancybox\" href=\"#contact_form_pop\"><strong class=\"button\">Obtenir des solutions<\/strong><\/a><\/p>\n<p><strong>2. S\u00e9chage (Facultatif)<\/strong><\/p>\n<p>Pour am\u00e9liorer les r\u00e9sultats de friture, certains proc\u00e9d\u00e9s de production incluent une \u00e9tape de s\u00e9chage avant la friture. L'\u00e9limination de l'exc\u00e8s d'humidit\u00e9 \u00e0 l'aide d'un s\u00e9choir emp\u00eache efficacement les \u00e9claboussures d'huile pendant la friture et am\u00e9liore le soufflage, ce qui donne des couennes de porc plus croustillantes et plus uniformes.<\/p>\n<p><img loading=\"lazy\" decoding=\"async\" class=\"size-full wp-image-1806 aligncenter\" src=\"https:\/\/www.snackfoodm.com\/wp-content\/uploads\/2026\/04\/2-4.jpg\" alt=\"couenne de porc\" width=\"630\" height=\"400\" srcset=\"https:\/\/www.snackfoodm.com\/wp-content\/uploads\/2026\/04\/2-4.jpg 630w, https:\/\/www.snackfoodm.com\/wp-content\/uploads\/2026\/04\/2-4-300x190.jpg 300w, https:\/\/www.snackfoodm.com\/wp-content\/uploads\/2026\/04\/2-4-18x12.jpg 18w, https:\/\/www.snackfoodm.com\/wp-content\/uploads\/2026\/04\/2-4-240x152.jpg 240w\" sizes=\"auto, (max-width: 630px) 100vw, 630px\" \/><\/p>\n<p><strong>3. L'\u00e9tape de friture<\/strong><\/p>\n<p>La couenne de porc pr\u00e9-trait\u00e9e est ensuite frite dans une machine \u00e0 frire la couenne de porc \u00e0 haute temp\u00e9rature. Sous un contr\u00f4le pr\u00e9cis de la temp\u00e9rature et du temps, la couenne de porc gonfle rapidement, formant une structure poreuse et croustillante.<\/p>\n<p><img loading=\"lazy\" decoding=\"async\" class=\"size-full wp-image-1803 aligncenter\" src=\"https:\/\/www.snackfoodm.com\/wp-content\/uploads\/2026\/04\/2-1-1.jpg\" alt=\"Grattons de porc\" width=\"630\" height=\"400\" srcset=\"https:\/\/www.snackfoodm.com\/wp-content\/uploads\/2026\/04\/2-1-1.jpg 630w, https:\/\/www.snackfoodm.com\/wp-content\/uploads\/2026\/04\/2-1-1-300x190.jpg 300w, https:\/\/www.snackfoodm.com\/wp-content\/uploads\/2026\/04\/2-1-1-18x12.jpg 18w, https:\/\/www.snackfoodm.com\/wp-content\/uploads\/2026\/04\/2-1-1-240x152.jpg 240w\" sizes=\"auto, (max-width: 630px) 100vw, 630px\" \/><\/p>\n<p style=\"text-align: center;\"><a class=\"fancybox\" href=\"#contact_form_pop\"><strong class=\"button\">Obtenir des solutions<\/strong><\/a><\/p>\n<p><strong>4. Traitement d'\u00e9limination des huiles<\/strong><\/p>\n<p>Les couennes de porc frites ont une teneur \u00e9lev\u00e9e en huile et doivent \u00eatre trait\u00e9es \u00e0 l'aide d'une machine \u00e0 d\u00e9graisser pour r\u00e9duire leur teneur en huile et prolonger leur dur\u00e9e de conservation.<\/p>\n<p><strong>5. Traitement des assaisonnements<\/strong><\/p>\n<p>Selon la demande du march\u00e9, les couennes de porc peuvent \u00eatre assaisonn\u00e9es avec diverses saveurs, telles que nature, \u00e9pic\u00e9 et barbecue. La machine \u00e0 assaisonner utilise un syst\u00e8me de rouleaux ou de pulv\u00e9risation pour assurer que les assaisonnements adh\u00e8rent uniform\u00e9ment \u00e0 la surface des couennes de porc frites, garantissant un go\u00fbt constant.<\/p>\n<h2>\u00c9quipement principal de la ligne de friture de couennes de porc :<\/h2>\n<p><strong>Machine \u00e0 frire<\/strong><\/p>\n<p>Cette machine est l'\u00e9quipement principal de la ligne de traitement des couennes de porc. Elle pr\u00e9sente :<\/p>\n<p>Contr\u00f4le automatique de la temp\u00e9rature pour garantir un processus de friture stable ;<\/p>\n<p>Vitesse de convoyeur r\u00e9glable pour s'adapter aux diff\u00e9rentes exigences des produits ;<\/p>\n<p>Syst\u00e8me de filtration automatique pour \u00e9liminer les r\u00e9sidus d'huile en temps r\u00e9el et maintenir la propret\u00e9 de l'huile.<\/p>\n<p><strong>2. Machine d'enl\u00e8vement d'huile<\/strong><\/p>\n<p>Cette machine \u00e9limine la graisse de la surface des couennes de porc \u00e0 l'aide de la force centrifuge ou de vibrations. Ses avantages incluent :<\/p>\n<p>\u00e9limination tr\u00e8s efficace du p\u00e9trole, r\u00e9duisant consid\u00e9rablement la teneur en p\u00e9trole ;<\/p>\n<p>fonctionnement simple et haut degr\u00e9 d'automatisation\u00a0;<\/p>\n<p>et am\u00e9liorant ainsi efficacement le go\u00fbt et l'apparence des grattons.<\/p>\n<p><strong>3. Ensileuse<\/strong><\/p>\n<p>Une machine \u00e0 assaisonner est utilis\u00e9e pour enrober uniform\u00e9ment la surface des couennes de porc avec des assaisonnements, ce qui en fait un \u00e9quipement important pour augmenter la valeur ajout\u00e9e du produit. Ses caract\u00e9ristiques comprennent :<\/p>\n<p>Structure en forme de tambour pour assurer un assaisonnement uniforme ;<\/p>\n<p>Vitesse r\u00e9glable pour s'adapter \u00e0 diff\u00e9rentes formes de produits ;<\/p>\n<p>Support pour les m\u00e9thodes d'assaisonnement en poudre s\u00e8che ou liquide ;<\/p>\n<p>Conception facile \u00e0 nettoyer qui respecte les normes d'hygi\u00e8ne alimentaire.<\/p>\n<p><iframe loading=\"lazy\" title=\"Lecteur vid\u00e9o YouTube\" src=\"https:\/\/www.youtube.com\/embed\/H4XbADPBwH0?si=3Fl7it0AQMwt0ba6\" width=\"560\" height=\"315\" frameborder=\"0\" allowfullscreen=\"allowfullscreen\"><\/iframe><\/p>\n<p>La ligne de traitement des couennes de porc adopte une conception modulaire et peut \u00eatre personnalis\u00e9e en fonction de la capacit\u00e9 de production du client, des conditions d'usine et du march\u00e9 cible. De plus, en tant que fabricant professionnel d'\u00e9quipements de transformation alimentaire, nous fournissons non seulement des \u00e9quipements de qualit\u00e9 pour les couennes de porc, mais offrons \u00e9galement un support de service complet\u00a0:<\/p>\n<ol>\n<li>Conception de solutions : Solutions de production personnalis\u00e9es bas\u00e9es sur les exigences du produit client et du march\u00e9.<\/li>\n<li>Fabrication et livraison d'\u00e9quipements : contr\u00f4le qualit\u00e9 rigoureux pour assurer un fonctionnement stable des \u00e9quipements.<\/li>\n<li>Installation et mise en service : Envoi de techniciens professionnels pour l'installation et la mise en service sur site.<\/li>\n<li>Formation op\u00e9rationnelle : Fournir une formation syst\u00e9matique pour assurer une ma\u00eetrise rapide des \u00e9quipements.<\/li>\n<\/ol>\n\n<div class=\"wpcf7 no-js\" id=\"wpcf7-f385-o1\" lang=\"en-US\" dir=\"ltr\" data-wpcf7-id=\"385\">\n<div class=\"screen-reader-response\"><p role=\"status\" aria-live=\"polite\" aria-atomic=\"true\"><\/p> <ul><\/ul><\/div>\n<form action=\"\/fr\/wp-json\/wp\/v2\/pages\/1802#wpcf7-f385-o1\" method=\"post\" class=\"wpcf7-form init\" aria-label=\"Formulaire de contact\" novalidate=\"novalidate\" data-status=\"init\" data-trp-original-action=\"\/fr\/wp-json\/wp\/v2\/pages\/1802#wpcf7-f385-o1\">\n<fieldset class=\"hidden-fields-container\"><input type=\"hidden\" name=\"_wpcf7\" value=\"385\" \/><input type=\"hidden\" name=\"_wpcf7_version\" value=\"6.1.1\" \/><input type=\"hidden\" name=\"_wpcf7_locale\" value=\"en_US\" \/><input type=\"hidden\" name=\"_wpcf7_unit_tag\" value=\"wpcf7-f385-o1\" \/><input type=\"hidden\" name=\"_wpcf7_container_post\" value=\"0\" \/><input type=\"hidden\" name=\"_wpcf7_posted_data_hash\" value=\"\" \/>\n<\/fieldset>\n<div class=\"leave-message-blockall\">\n\t<div class=\"leave-message-block\">\n\t\t<div class=\"leave-top\">\n\t\t\t<p>Veuillez remplir le formulaire ci-dessous pour obtenir les prix.\n\t\t\t<\/p>\n\t\t<\/div>\n\t\t<div class=\"leave-name\">\n\t\t\t<div class=\"leave-name-t\">\n\t\t\t\t<p>Votre nom :\n\t\t\t\t<\/p>\n\t\t\t<\/div>\n\t\t\t<p><span class=\"wpcf7-form-control-wrap\" data-name=\"your-name\"><input size=\"40\" maxlength=\"400\" class=\"wpcf7-form-control wpcf7-text\" aria-invalid=\"false\" value=\"\" type=\"text\" name=\"your-name\" \/><\/span>\n\t\t\t<\/p>\n\t\t<\/div>\n\t\t<div class=\"leave-email\">\n\t\t\t<div class=\"leave-email-t\">\n\t\t\t\t<p>Votre adresse \u00e9lectronique (obligatoire) :\n\t\t\t\t<\/p>\n\t\t\t<\/div>\n\t\t\t<p><span class=\"wpcf7-form-control-wrap\" data-name=\"your-email\"><input size=\"40\" maxlength=\"400\" class=\"wpcf7-form-control wpcf7-email wpcf7-validates-as-required wpcf7-text wpcf7-validates-as-email\" aria-required=\"true\" aria-invalid=\"false\" value=\"\" type=\"email\" name=\"your-email\" \/><\/span>\n\t\t\t<\/p>\n\t\t<\/div>\n\t\t<div class=\"leave-tel\">\n\t\t\t<div class=\"leave-tel-t\">\n\t\t\t\t<p>Votre T\u00e9l(obligatoire) :\n\t\t\t\t<\/p>\n\t\t\t<\/div>\n\t\t\t<p><span class=\"wpcf7-form-control-wrap\" data-name=\"your-tel\"><input size=\"40\" maxlength=\"400\" class=\"wpcf7-form-control wpcf7-tel wpcf7-validates-as-required wpcf7-text wpcf7-validates-as-tel\" aria-required=\"true\" aria-invalid=\"false\" placeholder=\"Veuillez ajouter les codes de pays\" value=\"\" type=\"tel\" name=\"your-tel\" \/><\/span>\n\t\t\t<\/p>\n\t\t<\/div>\n\t\t<div class=\"leave-country\">\n\t\t\t<div class=\"leave-country-t\">\n\t\t\t\t<p>Votre pays :\n\t\t\t\t<\/p>\n\t\t\t<\/div>\n\t\t\t<p><span class=\"wpcf7-form-control-wrap\" data-name=\"your-country\"><input size=\"40\" maxlength=\"400\" class=\"wpcf7-form-control wpcf7-text\" aria-invalid=\"false\" value=\"\" type=\"text\" name=\"your-country\" \/><\/span>\n\t\t\t<\/p>\n\t\t<\/div>\n\t\t<div class=\"leave-require\">\n\t\t\t<div class=\"leave-require-t\">\n\t\t\t\t<p>Votre message (obligatoire) :\n\t\t\t\t<\/p>\n\t\t\t<\/div>\n\t\t\t<p><span class=\"wpcf7-form-control-wrap\" data-name=\"your-message\"><textarea cols=\"40\" rows=\"10\" maxlength=\"2000\" class=\"wpcf7-form-control wpcf7-textarea wpcf7-validates-as-required\" aria-required=\"true\" aria-invalid=\"false\" placeholder=\"Conseils : mati\u00e8re premi\u00e8re, produit souhait\u00e9, capacit\u00e9, \u00e9quipement auxiliaire, etc.\" name=\"your-message\"><\/textarea><\/span>\n\t\t\t<\/p>\n\t\t<\/div>\n\t\t<div class=\"leave-Send\">\n\t\t\t<p><input class=\"wpcf7-form-control wpcf7-submit has-spinner\" type=\"submit\" value=\"Envoyer\" \/>\n\t\t\t<\/p>\n\t\t<\/div>\n\t<\/div>\n<\/div><input type=\"hidden\" id=\"ct_checkjs_cf7_9778d5d219c5080b9a6a17bef029331c\" name=\"ct_checkjs_cf7\" value=\"0\" \/><script >setTimeout(function(){var ct_input_name = \"ct_checkjs_cf7_9778d5d219c5080b9a6a17bef029331c\";if (document.getElementById(ct_input_name) !== null) {var ct_input_value = document.getElementById(ct_input_name).value;document.getElementById(ct_input_name).value = document.getElementById(ct_input_name).value.replace(ct_input_value, 'dba04424690aafc408c5cb41194f71da80590051ae3ed0048d37dfc87b0d215e');}}, 1000);<\/script><input\n                    class=\"apbct_special_field apbct_email_id__wp_contact_form_7\"\n                    name=\"apbct__email_id__wp_contact_form_7\"\n                    aria-label=\"apbct__label_id__wp_contact_form_7\"\n                    type=\"text\" size=\"30\" maxlength=\"200\" autocomplete=\"off\"\n                    value=\"\"\n                \/><p style=\"display: none !important;\" class=\"akismet-fields-container\" data-prefix=\"_wpcf7_ak_\"><label>&#916;<textarea name=\"_wpcf7_ak_hp_textarea\" cols=\"45\" rows=\"8\" maxlength=\"100\"><\/textarea><\/label><input type=\"hidden\" id=\"ak_js_1\" name=\"_wpcf7_ak_js\" value=\"237\"\/><script>document.getElementById( \"ak_js_1\" ).setAttribute( \"value\", ( new Date() ).getTime() );<\/script><\/p><div class=\"wpcf7-response-output\" aria-hidden=\"true\"><\/div>\n<input type=\"hidden\" name=\"trp-form-language\" value=\"fr\"\/><\/form>\n<\/div>\n\n<div style='text-align:left' class='yasr-auto-insert-visitor'><\/div>","protected":false},"excerpt":{"rendered":"<p>Pork cracklings are a traditional snack known for their high protein and crispy texture, and they are gaining popularity among consumers. Their unique puffed structure and crunchy taste give them a promising commercial future. As a food processing equipment manufacturer, we have specifically designed this pork cracklings processing line\u00a0for pork skin processing companies. Pork Crackling &#8230; <a title=\"Ligne de traitement de couennes de porc croustillantes\" class=\"read-more\" href=\"https:\/\/www.snackfoodm.com\/fr\/pork-cracklings-processing-line\/\" aria-label=\"Plus sur Crispy Pork Cracklings Processing Line\">Lire plus<\/a><\/p>","protected":false},"author":1,"featured_media":0,"parent":0,"menu_order":0,"comment_status":"closed","ping_status":"closed","template":"","meta":{"generate_page_header":"","yasr_overall_rating":0,"yasr_post_is_review":"","yasr_auto_insert_disabled":"","yasr_review_type":"","footnotes":""},"class_list":["post-1802","page","type-page","status-publish"],"yoast_head":"<!-- This site is optimized with the Yoast SEO plugin v25.8 - https:\/\/yoast.com\/wordpress\/plugins\/seo\/ -->\n<title>Crispy Pork Cracklings Processing Line - Professional Potato Chips and French Fry Process Line Manufacturer<\/title>\n<meta name=\"description\" content=\"The pork cracklings processing line includes frying, deoiling, flavoring, etc. Capacity from 100-2000kg\/h.\" \/>\n<meta name=\"robots\" content=\"index, follow, max-snippet:-1, max-image-preview:large, max-video-preview:-1\" \/>\n<link rel=\"canonical\" href=\"https:\/\/www.snackfoodm.com\/fr\/pork-cracklings-processing-line\/\" \/>\n<meta property=\"og:locale\" content=\"fr_FR\" \/>\n<meta property=\"og:type\" content=\"article\" \/>\n<meta property=\"og:title\" content=\"Crispy Pork Cracklings Processing Line - Professional Potato Chips and French Fry Process Line Manufacturer\" \/>\n<meta property=\"og:description\" content=\"The pork cracklings processing line includes frying, deoiling, flavoring, etc. Capacity from 100-2000kg\/h.\" \/>\n<meta property=\"og:url\" content=\"https:\/\/www.snackfoodm.com\/fr\/pork-cracklings-processing-line\/\" \/>\n<meta property=\"og:site_name\" content=\"Professional Potato Chips and French Fry Process Line Manufacturer\" \/>\n<meta property=\"og:image\" content=\"https:\/\/www.snackfoodm.com\/wp-content\/uploads\/2026\/04\/2-3-1.jpg\" \/>\n\t<meta property=\"og:image:width\" content=\"630\" \/>\n\t<meta property=\"og:image:height\" content=\"400\" \/>\n\t<meta property=\"og:image:type\" content=\"image\/jpeg\" \/>\n<meta name=\"twitter:card\" content=\"summary_large_image\" \/>\n<meta name=\"twitter:label1\" content=\"Dur\u00e9e de lecture estim\u00e9e\" \/>\n\t<meta name=\"twitter:data1\" content=\"4 minutes\" \/>\n<script type=\"application\/ld+json\" class=\"yoast-schema-graph\">{\"@context\":\"https:\/\/schema.org\",\"@graph\":[{\"@type\":\"WebPage\",\"@id\":\"https:\/\/www.snackfoodm.com\/pork-cracklings-processing-line\/\",\"url\":\"https:\/\/www.snackfoodm.com\/pork-cracklings-processing-line\/\",\"name\":\"Crispy Pork Cracklings Processing Line - Professional Potato Chips and French Fry Process Line Manufacturer\",\"isPartOf\":{\"@id\":\"https:\/\/www.snackfoodm.com\/#website\"},\"primaryImageOfPage\":{\"@id\":\"https:\/\/www.snackfoodm.com\/pork-cracklings-processing-line\/#primaryimage\"},\"image\":{\"@id\":\"https:\/\/www.snackfoodm.com\/pork-cracklings-processing-line\/#primaryimage\"},\"thumbnailUrl\":\"https:\/\/www.snackfoodm.com\/wp-content\/uploads\/2026\/04\/2-3-1.jpg\",\"datePublished\":\"2026-04-28T09:22:17+00:00\",\"description\":\"The pork cracklings processing line includes frying, deoiling, flavoring, etc. Capacity from 100-2000kg\/h.\",\"breadcrumb\":{\"@id\":\"https:\/\/www.snackfoodm.com\/pork-cracklings-processing-line\/#breadcrumb\"},\"inLanguage\":\"fr-FR\",\"potentialAction\":[{\"@type\":\"ReadAction\",\"target\":[\"https:\/\/www.snackfoodm.com\/pork-cracklings-processing-line\/\"]}]},{\"@type\":\"ImageObject\",\"inLanguage\":\"fr-FR\",\"@id\":\"https:\/\/www.snackfoodm.com\/pork-cracklings-processing-line\/#primaryimage\",\"url\":\"https:\/\/www.snackfoodm.com\/wp-content\/uploads\/2026\/04\/2-3-1.jpg\",\"contentUrl\":\"https:\/\/www.snackfoodm.com\/wp-content\/uploads\/2026\/04\/2-3-1.jpg\"},{\"@type\":\"BreadcrumbList\",\"@id\":\"https:\/\/www.snackfoodm.com\/pork-cracklings-processing-line\/#breadcrumb\",\"itemListElement\":[{\"@type\":\"ListItem\",\"position\":1,\"name\":\"\u9996\u9875\",\"item\":\"https:\/\/www.snackfoodm.com\/\"},{\"@type\":\"ListItem\",\"position\":2,\"name\":\"Crispy Pork Cracklings Processing Line\"}]},{\"@type\":\"WebSite\",\"@id\":\"https:\/\/www.snackfoodm.com\/#website\",\"url\":\"https:\/\/www.snackfoodm.com\/\",\"name\":\"Professional Potato Chips and French Fry Process Line Manufacturer\",\"description\":\"Turnkey Solutions for Chips and French Fries Production Line\",\"publisher\":{\"@id\":\"https:\/\/www.snackfoodm.com\/#organization\"},\"potentialAction\":[{\"@type\":\"SearchAction\",\"target\":{\"@type\":\"EntryPoint\",\"urlTemplate\":\"https:\/\/www.snackfoodm.com\/?s={search_term_string}\"},\"query-input\":{\"@type\":\"PropertyValueSpecification\",\"valueRequired\":true,\"valueName\":\"search_term_string\"}}],\"inLanguage\":\"fr-FR\"},{\"@type\":\"Organization\",\"@id\":\"https:\/\/www.snackfoodm.com\/#organization\",\"name\":\"Professional Potato Chips and French Fry Process Line Manufacturer\",\"url\":\"https:\/\/www.snackfoodm.com\/\",\"logo\":{\"@type\":\"ImageObject\",\"inLanguage\":\"fr-FR\",\"@id\":\"https:\/\/www.snackfoodm.com\/#\/schema\/logo\/image\/\",\"url\":\"https:\/\/www.snackfoodm.com\/wp-content\/uploads\/2020\/02\/cropped-\u65b0\u7248LOGO1-3.png\",\"contentUrl\":\"https:\/\/www.snackfoodm.com\/wp-content\/uploads\/2020\/02\/cropped-\u65b0\u7248LOGO1-3.png\",\"width\":163,\"height\":85,\"caption\":\"Professional Potato Chips and French Fry Process Line Manufacturer\"},\"image\":{\"@id\":\"https:\/\/www.snackfoodm.com\/#\/schema\/logo\/image\/\"}},false]}<\/script>\n<!-- \/ Yoast SEO plugin. -->","yoast_head_json":{"title":"Ligne de traitement des couennes de porc croustillantes - Fabricant professionnel de lignes de traitement de croustilles et de frites","description":"La ligne de traitement des couennes de porc comprend le friture, le d\u00e9graissage, l'assaisonnement, etc. Capacit\u00e9 de 100 \u00e0 2000 kg\/h.","robots":{"index":"index","follow":"follow","max-snippet":"max-snippet:-1","max-image-preview":"max-image-preview:large","max-video-preview":"max-video-preview:-1"},"canonical":"https:\/\/www.snackfoodm.com\/fr\/pork-cracklings-processing-line\/","og_locale":"fr_FR","og_type":"article","og_title":"Crispy Pork Cracklings Processing Line - Professional Potato Chips and French Fry Process Line Manufacturer","og_description":"The pork cracklings processing line includes frying, deoiling, flavoring, etc. Capacity from 100-2000kg\/h.","og_url":"https:\/\/www.snackfoodm.com\/fr\/pork-cracklings-processing-line\/","og_site_name":"Professional Potato Chips and French Fry Process Line Manufacturer","og_image":[{"width":630,"height":400,"url":"https:\/\/www.snackfoodm.com\/wp-content\/uploads\/2026\/04\/2-3-1.jpg","type":"image\/jpeg"}],"twitter_card":"summary_large_image","twitter_misc":{"Dur\u00e9e de lecture estim\u00e9e":"4 minutes"},"schema":{"@context":"https:\/\/schema.org","@graph":[{"@type":"WebPage","@id":"https:\/\/www.snackfoodm.com\/pork-cracklings-processing-line\/","url":"https:\/\/www.snackfoodm.com\/pork-cracklings-processing-line\/","name":"Ligne de traitement des couennes de porc croustillantes - Fabricant professionnel de lignes de traitement de croustilles et de frites","isPartOf":{"@id":"https:\/\/www.snackfoodm.com\/#website"},"primaryImageOfPage":{"@id":"https:\/\/www.snackfoodm.com\/pork-cracklings-processing-line\/#primaryimage"},"image":{"@id":"https:\/\/www.snackfoodm.com\/pork-cracklings-processing-line\/#primaryimage"},"thumbnailUrl":"https:\/\/www.snackfoodm.com\/wp-content\/uploads\/2026\/04\/2-3-1.jpg","datePublished":"2026-04-28T09:22:17+00:00","description":"La ligne de traitement des couennes de porc comprend le friture, le d\u00e9graissage, l'assaisonnement, etc. Capacit\u00e9 de 100 \u00e0 2000 kg\/h.","breadcrumb":{"@id":"https:\/\/www.snackfoodm.com\/pork-cracklings-processing-line\/#breadcrumb"},"inLanguage":"fr-FR","potentialAction":[{"@type":"ReadAction","target":["https:\/\/www.snackfoodm.com\/pork-cracklings-processing-line\/"]}]},{"@type":"ImageObject","inLanguage":"fr-FR","@id":"https:\/\/www.snackfoodm.com\/pork-cracklings-processing-line\/#primaryimage","url":"https:\/\/www.snackfoodm.com\/wp-content\/uploads\/2026\/04\/2-3-1.jpg","contentUrl":"https:\/\/www.snackfoodm.com\/wp-content\/uploads\/2026\/04\/2-3-1.jpg"},{"@type":"BreadcrumbList","@id":"https:\/\/www.snackfoodm.com\/pork-cracklings-processing-line\/#breadcrumb","itemListElement":[{"@type":"ListItem","position":1,"name":"\u9996\u9875","item":"https:\/\/www.snackfoodm.com\/"},{"@type":"ListItem","position":2,"name":"Crispy Pork Cracklings Processing Line"}]},{"@type":"WebSite","@id":"https:\/\/www.snackfoodm.com\/#website","url":"https:\/\/www.snackfoodm.com\/","name":"Fabricant professionnel de lignes de production de chips et de frites","description":"Solutions cl\u00e9s en main pour une ligne de production de chips et de frites","publisher":{"@id":"https:\/\/www.snackfoodm.com\/#organization"},"potentialAction":[{"@type":"SearchAction","target":{"@type":"EntryPoint","urlTemplate":"https:\/\/www.snackfoodm.com\/?s={search_term_string}"},"query-input":{"@type":"PropertyValueSpecification","valueRequired":true,"valueName":"search_term_string"}}],"inLanguage":"fr-FR"},{"@type":"Organization","@id":"https:\/\/www.snackfoodm.com\/#organization","name":"Fabricant professionnel de lignes de production de chips et de frites","url":"https:\/\/www.snackfoodm.com\/","logo":{"@type":"ImageObject","inLanguage":"fr-FR","@id":"https:\/\/www.snackfoodm.com\/#\/schema\/logo\/image\/","url":"https:\/\/www.snackfoodm.com\/wp-content\/uploads\/2020\/02\/cropped-\u65b0\u7248LOGO1-3.png","contentUrl":"https:\/\/www.snackfoodm.com\/wp-content\/uploads\/2020\/02\/cropped-\u65b0\u7248LOGO1-3.png","width":163,"height":85,"caption":"Professional Potato Chips and French Fry Process Line Manufacturer"},"image":{"@id":"https:\/\/www.snackfoodm.com\/#\/schema\/logo\/image\/"}},false]}},"yasr_visitor_votes":{"stars_attributes":{"read_only":false,"span_bottom":false},"number_of_votes":0,"sum_votes":0},"_links":{"self":[{"href":"https:\/\/www.snackfoodm.com\/fr\/wp-json\/wp\/v2\/pages\/1802","targetHints":{"allow":["GET"]}}],"collection":[{"href":"https:\/\/www.snackfoodm.com\/fr\/wp-json\/wp\/v2\/pages"}],"about":[{"href":"https:\/\/www.snackfoodm.com\/fr\/wp-json\/wp\/v2\/types\/page"}],"author":[{"embeddable":true,"href":"https:\/\/www.snackfoodm.com\/fr\/wp-json\/wp\/v2\/users\/1"}],"replies":[{"embeddable":true,"href":"https:\/\/www.snackfoodm.com\/fr\/wp-json\/wp\/v2\/comments?post=1802"}],"version-history":[{"count":1,"href":"https:\/\/www.snackfoodm.com\/fr\/wp-json\/wp\/v2\/pages\/1802\/revisions"}],"predecessor-version":[{"id":1807,"href":"https:\/\/www.snackfoodm.com\/fr\/wp-json\/wp\/v2\/pages\/1802\/revisions\/1807"}],"wp:attachment":[{"href":"https:\/\/www.snackfoodm.com\/fr\/wp-json\/wp\/v2\/media?parent=1802"}],"curies":[{"name":"wp","href":"https:\/\/api.w.org\/{rel}","templated":true}]}}