{"id":265,"date":"2020-02-12T12:05:03","date_gmt":"2020-02-12T04:05:03","guid":{"rendered":"https:\/\/www.snackfoodm.com\/?page_id=265"},"modified":"2020-02-16T16:26:37","modified_gmt":"2020-02-16T08:26:37","slug":"deoiling-machine","status":"publish","type":"page","link":"https:\/\/www.snackfoodm.com\/fr\/deoiling-machine\/","title":{"rendered":"Machine \u00e0 d\u00e9shuiler"},"content":{"rendered":"<p><strong>Machine \u00e0 d\u00e9shuiler<\/strong> peut \u00e9galement \u00eatre appel\u00e9e machine \u00e0 d\u00e9graisser. En <a href=\"https:\/\/www.snackfoodm.com\/fr\/potato-chips-production-line\/\">ligne de traitement des pommes de terre pour les chips<\/a> ou des frites, cette machine est plac\u00e9e juste apr\u00e8s la machine \u00e0 frire. Apr\u00e8s avoir \u00e9t\u00e9 frites, les chips ou les frites sont recouvertes d'huile. La machine \u00e0 d\u00e9graisser les frites et les chips est n\u00e9cessaire pour deux raisons principales. La premi\u00e8re est d'emp\u00eacher les produits de pommes de terre de s'agglom\u00e9rer entre eux. La seconde est de r\u00e9pondre au go\u00fbt des clients pour des chips et des frites croustillantes \u00e0 faible teneur en mati\u00e8re grasse. Gr\u00e2ce \u00e0 une technologie de pointe et \u00e0 une conception soign\u00e9e, notre machine \u00e0 d\u00e9shuiler les frites et les chips peut atteindre ces deux objectifs de mani\u00e8re efficace et efficiente. La configuration exacte de ces machines est con\u00e7ue pour r\u00e9pondre \u00e0 vos besoins.<\/p>\n<div  class=\"lgc-column lgc-grid-parent lgc-grid-50 lgc-tablet-grid-50 lgc-mobile-grid-100 lgc-equal-heights\"><div  class=\"inside-grid-column\">\n<figure id=\"attachment_517\" aria-describedby=\"caption-attachment-517\" style=\"width: 620px\" class=\"wp-caption alignnone\"><img loading=\"lazy\" decoding=\"async\" class=\"size-full wp-image-517\" src=\"https:\/\/www.snackfoodm.com\/wp-content\/uploads\/2020\/02\/deoiling-machine-for-potato-chip-line.jpg\" alt=\"machine \u00e0 d\u00e9graisser les chips et les frites\" width=\"630\" height=\"400\" srcset=\"https:\/\/www.snackfoodm.com\/wp-content\/uploads\/2020\/02\/deoiling-machine-for-potato-chip-line.jpg 630w, https:\/\/www.snackfoodm.com\/wp-content\/uploads\/2020\/02\/deoiling-machine-for-potato-chip-line-300x190.jpg 300w\" sizes=\"auto, (max-width: 630px) 100vw, 630px\" \/><figcaption id=\"caption-attachment-517\" class=\"wp-caption-text\">Machine \u00e0 d\u00e9graisser<\/figcaption><\/figure>\n<\/div><\/div><div  class=\"lgc-column lgc-grid-parent lgc-grid-50 lgc-tablet-grid-50 lgc-mobile-grid-100 lgc-equal-heights\"><div  class=\"inside-grid-column\">\n<figure id=\"attachment_520\" aria-describedby=\"caption-attachment-520\" style=\"width: 620px\" class=\"wp-caption alignnone\"><img loading=\"lazy\" decoding=\"async\" class=\"size-full wp-image-520\" src=\"https:\/\/www.snackfoodm.com\/wp-content\/uploads\/2020\/02\/vibrating-deoiling-machine-for-potato-chips-and-french-fries.jpg\" alt=\"machine \u00e0 d\u00e9graisser les chips et les frites \" width=\"630\" height=\"400\" srcset=\"https:\/\/www.snackfoodm.com\/wp-content\/uploads\/2020\/02\/vibrating-deoiling-machine-for-potato-chips-and-french-fries.jpg 630w, https:\/\/www.snackfoodm.com\/wp-content\/uploads\/2020\/02\/vibrating-deoiling-machine-for-potato-chips-and-french-fries-300x190.jpg 300w\" sizes=\"auto, (max-width: 630px) 100vw, 630px\" \/><figcaption id=\"caption-attachment-520\" class=\"wp-caption-text\">Machine de d\u00e9graissage \u00e0 vibration<\/figcaption><\/figure>\n<\/div><\/div><div class=\"lgc-clear\"><\/div>\n<p style=\"text-align: center;\"><a class=\"fancybox\" href=\"#contact_form_pop\"><strong class=\"button\">Obtenir des prix<\/strong><\/a><\/p>\n<div class=\"fancybox-hidden\" style=\"display: none;\">\n<div id=\"contact_form_pop\">\n<div class=\"wpcf7 no-js\" id=\"wpcf7-f384-o1\" lang=\"en-US\" dir=\"ltr\" data-wpcf7-id=\"384\">\n<div class=\"screen-reader-response\"><p role=\"status\" aria-live=\"polite\" aria-atomic=\"true\"><\/p> <ul><\/ul><\/div>\n<form action=\"\/fr\/wp-json\/wp\/v2\/pages\/265#wpcf7-f384-o1\" method=\"post\" class=\"wpcf7-form init\" aria-label=\"Formulaire de contact\" novalidate=\"novalidate\" data-status=\"init\" data-trp-original-action=\"\/fr\/wp-json\/wp\/v2\/pages\/265#wpcf7-f384-o1\">\n<fieldset class=\"hidden-fields-container\"><input type=\"hidden\" name=\"_wpcf7\" value=\"384\" \/><input type=\"hidden\" name=\"_wpcf7_version\" value=\"6.1.1\" \/><input type=\"hidden\" name=\"_wpcf7_locale\" value=\"en_US\" \/><input type=\"hidden\" name=\"_wpcf7_unit_tag\" value=\"wpcf7-f384-o1\" \/><input type=\"hidden\" name=\"_wpcf7_container_post\" value=\"0\" \/><input type=\"hidden\" name=\"_wpcf7_posted_data_hash\" value=\"\" \/>\n<\/fieldset>\n<p>Nom :\n<\/p>\n<p><span class=\"wpcf7-form-control-wrap\" data-name=\"your-name\"><input size=\"40\" maxlength=\"400\" class=\"wpcf7-form-control wpcf7-text\" aria-invalid=\"false\" value=\"\" type=\"text\" name=\"your-name\" \/><\/span>\n<\/p>\n<p>Pays :\n<\/p>\n<p><span class=\"wpcf7-form-control-wrap\" data-name=\"your-country\"><input size=\"40\" maxlength=\"400\" class=\"wpcf7-form-control wpcf7-text\" aria-invalid=\"false\" value=\"\" type=\"text\" name=\"your-country\" \/><\/span>\n<\/p>\n<p>Courriel:*\n<\/p>\n<p><span class=\"wpcf7-form-control-wrap\" data-name=\"your-email\"><input size=\"40\" maxlength=\"400\" class=\"wpcf7-form-control wpcf7-email wpcf7-validates-as-required wpcf7-text wpcf7-validates-as-email\" aria-required=\"true\" aria-invalid=\"false\" value=\"\" type=\"email\" name=\"your-email\" \/><\/span>\n<\/p>\n<p>T\u00e9l\u00e9phone*\n<\/p>\n<p><span class=\"wpcf7-form-control-wrap\" data-name=\"your-phone\"><input size=\"40\" maxlength=\"400\" class=\"wpcf7-form-control wpcf7-text wpcf7-validates-as-required\" aria-required=\"true\" aria-invalid=\"false\" placeholder=\"Veuillez ajouter les codes de pays\" value=\"\" type=\"text\" name=\"your-phone\" \/><\/span>\n<\/p>\n<p>Message:*\n<\/p>\n<p><span class=\"wpcf7-form-control-wrap\" data-name=\"your-message\"><textarea cols=\"40\" rows=\"10\" maxlength=\"2000\" class=\"wpcf7-form-control wpcf7-textarea wpcf7-validates-as-required\" aria-required=\"true\" aria-invalid=\"false\" name=\"your-message\"><\/textarea><\/span>\n<\/p>\n<p><input class=\"wpcf7-form-control wpcf7-submit has-spinner\" type=\"submit\" value=\"Obtenir des devis\" \/>\n<\/p><input type=\"hidden\" id=\"ct_checkjs_cf7_5b8add2a5d98b1a652ea7fd72d942dac\" name=\"ct_checkjs_cf7\" value=\"0\" \/><script >setTimeout(function(){var ct_input_name = \"ct_checkjs_cf7_5b8add2a5d98b1a652ea7fd72d942dac\";if (document.getElementById(ct_input_name) !== null) {var ct_input_value = document.getElementById(ct_input_name).value;document.getElementById(ct_input_name).value = document.getElementById(ct_input_name).value.replace(ct_input_value, 'dba04424690aafc408c5cb41194f71da80590051ae3ed0048d37dfc87b0d215e');}}, 1000);<\/script><input\n                    class=\"apbct_special_field apbct_email_id__wp_contact_form_7\"\n                    name=\"apbct__email_id__wp_contact_form_7\"\n                    aria-label=\"apbct__label_id__wp_contact_form_7\"\n                    type=\"text\" size=\"30\" maxlength=\"200\" autocomplete=\"off\"\n                    value=\"\"\n                \/><p style=\"display: none !important;\" class=\"akismet-fields-container\" data-prefix=\"_wpcf7_ak_\"><label>&#916;<textarea name=\"_wpcf7_ak_hp_textarea\" cols=\"45\" rows=\"8\" maxlength=\"100\"><\/textarea><\/label><input type=\"hidden\" id=\"ak_js_1\" name=\"_wpcf7_ak_js\" value=\"144\"\/><script>document.getElementById( \"ak_js_1\" ).setAttribute( \"value\", ( new Date() ).getTime() );<\/script><\/p><div class=\"wpcf7-response-output\" aria-hidden=\"true\"><\/div>\n<input type=\"hidden\" name=\"trp-form-language\" value=\"fr\"\/><\/form>\n<\/div>\n<\/div>\n<\/div>\n<h2>Types de d\u00e9graisseurs<\/h2>\n<p>En fait, notre machine \u00e0 d\u00e9shuiler peut \u00e9galement \u00eatre utilis\u00e9e pour d\u00e9shydrater les chips et les frites. Ainsi, comme <a href=\"https:\/\/www.snackfoodm.com\/fr\/dewatering-machine\/\">machines de d\u00e9shydratation<\/a>Il existe deux types de machines de d\u00e9graissage pour les chips et les frites : un type vibrant avec convoyeur \u00e0 bande et un type \u00e0 tambour avec force centrifuge. Dans la cha\u00eene de production de chips ou de frites, les chips ou les frites frites sont transport\u00e9es vers la machine de d\u00e9shuilage \u00e0 vibration. La vibration permet d'\u00e9liminer et de filtrer l'huile exc\u00e9dentaire \u00e0 la surface des produits de pommes de terre. L'huile provenant de la machine de d\u00e9shuilage peut \u00eatre collect\u00e9e en vue d'une utilisation ult\u00e9rieure. En ce qui concerne la machine de d\u00e9graissage \u00e0 tambour, lorsque les chips et les frites sont introduites, la machine de d\u00e9shuilage commence \u00e0 tourner. Sous l'effet de la force centrifuge, l'huile exc\u00e9dentaire sur les produits de pommes de terre frits est \u00e9limin\u00e9e. Le produit d\u00e9graiss\u00e9 est d\u00e9charg\u00e9 par le bas de la machine.<\/p>\n<table>\n<tbody>\n<tr>\n<td width=\"142\">Mod\u00e8le<\/td>\n<td width=\"142\">Capacit\u00e9<\/td>\n<td width=\"142\">Puissance<\/td>\n<td width=\"142\">Dimension<\/td>\n<\/tr>\n<tr>\n<td width=\"142\">LGD-100<\/td>\n<td width=\"142\">200Kg\/h<\/td>\n<td width=\"142\">2.2KW<\/td>\n<td width=\"142\">1200*1100*1400mm<\/td>\n<\/tr>\n<\/tbody>\n<\/table>\n<h2>Avantages des machines \u00e0 d\u00e9shuiler<\/h2>\n<ol>\n<li><strong>Conception robuste et \u00e9pur\u00e9e<\/strong>. Toutes nos machines de d\u00e9graissage sont fabriqu\u00e9es en acier inoxydable, ce qui leur conf\u00e8re non seulement une grande long\u00e9vit\u00e9, mais garantit \u00e9galement la propret\u00e9 des aliments lors du traitement.<\/li>\n<li><strong>Entretien minimal<\/strong>. Nos machines \u00e0 d\u00e9shuiler les frites et les chips sont sp\u00e9cialement con\u00e7ues pour \u00eatre nettoy\u00e9es et entretenues rapidement et en profondeur.<\/li>\n<li><strong>Un bon r\u00e9sultat avec une grande efficacit\u00e9<\/strong>. Nos machines de d\u00e9graissage permettent d'\u00e9liminer l'huile exc\u00e9dentaire sur les chips et les frites frites de mani\u00e8re efficace.<\/li>\n<li><strong>Grande flexibilit\u00e9<\/strong>. Outre les chips et les frites, les machines \u00e0 d\u00e9shydrater peuvent \u00e9galement \u00eatre utilis\u00e9es dans d'autres lignes de traitement de l\u00e9gumes et de fruits. Elles peuvent m\u00eame \u00eatre utilis\u00e9es pour d\u00e9shydrater des produits blanchis.<\/li>\n<\/ol>\n\n<div class=\"wpcf7 no-js\" id=\"wpcf7-f385-o2\" lang=\"en-US\" dir=\"ltr\" data-wpcf7-id=\"385\">\n<div class=\"screen-reader-response\"><p role=\"status\" aria-live=\"polite\" aria-atomic=\"true\"><\/p> <ul><\/ul><\/div>\n<form action=\"\/fr\/wp-json\/wp\/v2\/pages\/265#wpcf7-f385-o2\" method=\"post\" class=\"wpcf7-form init\" aria-label=\"Formulaire de contact\" novalidate=\"novalidate\" data-status=\"init\" data-trp-original-action=\"\/fr\/wp-json\/wp\/v2\/pages\/265#wpcf7-f385-o2\">\n<fieldset class=\"hidden-fields-container\"><input type=\"hidden\" name=\"_wpcf7\" value=\"385\" \/><input type=\"hidden\" name=\"_wpcf7_version\" value=\"6.1.1\" \/><input type=\"hidden\" name=\"_wpcf7_locale\" value=\"en_US\" \/><input type=\"hidden\" name=\"_wpcf7_unit_tag\" value=\"wpcf7-f385-o2\" \/><input type=\"hidden\" name=\"_wpcf7_container_post\" value=\"0\" \/><input type=\"hidden\" name=\"_wpcf7_posted_data_hash\" value=\"\" \/>\n<\/fieldset>\n<div class=\"leave-message-blockall\">\n\t<div class=\"leave-message-block\">\n\t\t<div class=\"leave-top\">\n\t\t\t<p>Veuillez remplir le formulaire ci-dessous pour obtenir les prix.\n\t\t\t<\/p>\n\t\t<\/div>\n\t\t<div class=\"leave-name\">\n\t\t\t<div class=\"leave-name-t\">\n\t\t\t\t<p>Votre nom :\n\t\t\t\t<\/p>\n\t\t\t<\/div>\n\t\t\t<p><span class=\"wpcf7-form-control-wrap\" data-name=\"your-name\"><input size=\"40\" maxlength=\"400\" class=\"wpcf7-form-control wpcf7-text\" aria-invalid=\"false\" value=\"\" type=\"text\" name=\"your-name\" \/><\/span>\n\t\t\t<\/p>\n\t\t<\/div>\n\t\t<div class=\"leave-email\">\n\t\t\t<div class=\"leave-email-t\">\n\t\t\t\t<p>Votre adresse \u00e9lectronique (obligatoire) :\n\t\t\t\t<\/p>\n\t\t\t<\/div>\n\t\t\t<p><span class=\"wpcf7-form-control-wrap\" data-name=\"your-email\"><input size=\"40\" maxlength=\"400\" class=\"wpcf7-form-control wpcf7-email wpcf7-validates-as-required wpcf7-text wpcf7-validates-as-email\" aria-required=\"true\" aria-invalid=\"false\" value=\"\" type=\"email\" name=\"your-email\" \/><\/span>\n\t\t\t<\/p>\n\t\t<\/div>\n\t\t<div class=\"leave-tel\">\n\t\t\t<div class=\"leave-tel-t\">\n\t\t\t\t<p>Votre T\u00e9l(obligatoire) :\n\t\t\t\t<\/p>\n\t\t\t<\/div>\n\t\t\t<p><span class=\"wpcf7-form-control-wrap\" data-name=\"your-tel\"><input size=\"40\" maxlength=\"400\" class=\"wpcf7-form-control wpcf7-tel wpcf7-validates-as-required wpcf7-text wpcf7-validates-as-tel\" aria-required=\"true\" aria-invalid=\"false\" placeholder=\"Veuillez ajouter les codes de pays\" value=\"\" type=\"tel\" name=\"your-tel\" \/><\/span>\n\t\t\t<\/p>\n\t\t<\/div>\n\t\t<div class=\"leave-country\">\n\t\t\t<div class=\"leave-country-t\">\n\t\t\t\t<p>Votre pays :\n\t\t\t\t<\/p>\n\t\t\t<\/div>\n\t\t\t<p><span class=\"wpcf7-form-control-wrap\" data-name=\"your-country\"><input size=\"40\" maxlength=\"400\" class=\"wpcf7-form-control wpcf7-text\" aria-invalid=\"false\" value=\"\" type=\"text\" name=\"your-country\" \/><\/span>\n\t\t\t<\/p>\n\t\t<\/div>\n\t\t<div class=\"leave-require\">\n\t\t\t<div class=\"leave-require-t\">\n\t\t\t\t<p>Votre message (obligatoire) :\n\t\t\t\t<\/p>\n\t\t\t<\/div>\n\t\t\t<p><span class=\"wpcf7-form-control-wrap\" data-name=\"your-message\"><textarea cols=\"40\" rows=\"10\" maxlength=\"2000\" class=\"wpcf7-form-control wpcf7-textarea wpcf7-validates-as-required\" aria-required=\"true\" aria-invalid=\"false\" placeholder=\"Conseils : mati\u00e8re premi\u00e8re, produit souhait\u00e9, capacit\u00e9, \u00e9quipement auxiliaire, etc.\" name=\"your-message\"><\/textarea><\/span>\n\t\t\t<\/p>\n\t\t<\/div>\n\t\t<div class=\"leave-Send\">\n\t\t\t<p><input class=\"wpcf7-form-control wpcf7-submit has-spinner\" type=\"submit\" value=\"Envoyer\" \/>\n\t\t\t<\/p>\n\t\t<\/div>\n\t<\/div>\n<\/div><input type=\"hidden\" id=\"ct_checkjs_cf7_c0f168ce8900fa56e57789e2a2f2c9d0\" name=\"ct_checkjs_cf7\" value=\"0\" \/><script >setTimeout(function(){var ct_input_name = \"ct_checkjs_cf7_c0f168ce8900fa56e57789e2a2f2c9d0\";if (document.getElementById(ct_input_name) !== null) {var ct_input_value = document.getElementById(ct_input_name).value;document.getElementById(ct_input_name).value = document.getElementById(ct_input_name).value.replace(ct_input_value, 'dba04424690aafc408c5cb41194f71da80590051ae3ed0048d37dfc87b0d215e');}}, 1000);<\/script><input\n                    class=\"apbct_special_field apbct_email_id__wp_contact_form_7\"\n                    name=\"apbct__email_id__wp_contact_form_7\"\n                    aria-label=\"apbct__label_id__wp_contact_form_7\"\n                    type=\"text\" size=\"30\" maxlength=\"200\" autocomplete=\"off\"\n                    value=\"\"\n                \/><p style=\"display: none !important;\" class=\"akismet-fields-container\" data-prefix=\"_wpcf7_ak_\"><label>&#916;<textarea name=\"_wpcf7_ak_hp_textarea\" cols=\"45\" rows=\"8\" maxlength=\"100\"><\/textarea><\/label><input type=\"hidden\" id=\"ak_js_2\" name=\"_wpcf7_ak_js\" value=\"54\"\/><script>document.getElementById( \"ak_js_2\" ).setAttribute( \"value\", ( new Date() ).getTime() );<\/script><\/p><div class=\"wpcf7-response-output\" aria-hidden=\"true\"><\/div>\n<input type=\"hidden\" name=\"trp-form-language\" value=\"fr\"\/><\/form>\n<\/div>\n\n<div style='text-align:left' class='yasr-auto-insert-visitor'><\/div>","protected":false},"excerpt":{"rendered":"<p>Deoiling machine can be also called defatting machine. In potato processing line for chips or french fries, this machine is positioned right after frying machine. After being fried, the potato chips or french fries are covered with oil. The defatting machine for potato chips and french fries is necessary for two main reasons. The first &#8230; <a title=\"Machine \u00e0 d\u00e9shuiler\" class=\"read-more\" href=\"https:\/\/www.snackfoodm.com\/fr\/deoiling-machine\/\" aria-label=\"Plus sur Deoiling Machine\">Lire plus<\/a><\/p>","protected":false},"author":1,"featured_media":0,"parent":0,"menu_order":0,"comment_status":"closed","ping_status":"closed","template":"","meta":{"generate_page_header":"","yasr_overall_rating":0,"yasr_post_is_review":"","yasr_auto_insert_disabled":"","yasr_review_type":"","footnotes":""},"class_list":["post-265","page","type-page","status-publish"],"yoast_head":"<!-- This site is optimized with the Yoast SEO plugin v25.8 - https:\/\/yoast.com\/wordpress\/plugins\/seo\/ -->\n<title>Deoiling Machine for Sale - Defatting Machine for Chips and French Fry<\/title>\n<meta name=\"description\" content=\"Quality deoiling machine for sale. Professional Defatting machine manufacturer. Efficient removal of oil on fried potato chips and french fries. Check more.\" \/>\n<meta name=\"robots\" content=\"index, follow, max-snippet:-1, max-image-preview:large, max-video-preview:-1\" \/>\n<link rel=\"canonical\" href=\"https:\/\/www.snackfoodm.com\/fr\/deoiling-machine\/\" \/>\n<meta property=\"og:locale\" content=\"fr_FR\" \/>\n<meta property=\"og:type\" content=\"article\" \/>\n<meta property=\"og:title\" content=\"Deoiling Machine for Sale - Defatting Machine for Chips and French Fry\" \/>\n<meta property=\"og:description\" content=\"Quality deoiling machine for sale. Professional Defatting machine manufacturer. Efficient removal of oil on fried potato chips and french fries. Check more.\" \/>\n<meta property=\"og:url\" content=\"https:\/\/www.snackfoodm.com\/fr\/deoiling-machine\/\" \/>\n<meta property=\"og:site_name\" content=\"Professional Potato Chips and French Fry Process Line Manufacturer\" \/>\n<meta property=\"article:modified_time\" content=\"2020-02-16T08:26:37+00:00\" \/>\n<meta property=\"og:image\" content=\"https:\/\/www.snackfoodm.com\/wp-content\/uploads\/2020\/02\/deoiling-machine-for-potato-chip-line.jpg\" \/>\n<meta name=\"twitter:card\" content=\"summary_large_image\" \/>\n<meta name=\"twitter:label1\" content=\"Dur\u00e9e de lecture estim\u00e9e\" \/>\n\t<meta name=\"twitter:data1\" content=\"2 minutes\" \/>\n<script type=\"application\/ld+json\" class=\"yoast-schema-graph\">{\"@context\":\"https:\/\/schema.org\",\"@graph\":[{\"@type\":\"WebPage\",\"@id\":\"https:\/\/www.snackfoodm.com\/deoiling-machine\/\",\"url\":\"https:\/\/www.snackfoodm.com\/deoiling-machine\/\",\"name\":\"Deoiling Machine for Sale - Defatting Machine for Chips and French Fry\",\"isPartOf\":{\"@id\":\"https:\/\/www.snackfoodm.com\/#website\"},\"primaryImageOfPage\":{\"@id\":\"https:\/\/www.snackfoodm.com\/deoiling-machine\/#primaryimage\"},\"image\":{\"@id\":\"https:\/\/www.snackfoodm.com\/deoiling-machine\/#primaryimage\"},\"thumbnailUrl\":\"https:\/\/www.snackfoodm.com\/wp-content\/uploads\/2020\/02\/deoiling-machine-for-potato-chip-line.jpg\",\"datePublished\":\"2020-02-12T04:05:03+00:00\",\"dateModified\":\"2020-02-16T08:26:37+00:00\",\"description\":\"Quality deoiling machine for sale. Professional Defatting machine manufacturer. Efficient removal of oil on fried potato chips and french fries. Check more.\",\"breadcrumb\":{\"@id\":\"https:\/\/www.snackfoodm.com\/deoiling-machine\/#breadcrumb\"},\"inLanguage\":\"fr-FR\",\"potentialAction\":[{\"@type\":\"ReadAction\",\"target\":[\"https:\/\/www.snackfoodm.com\/deoiling-machine\/\"]}]},{\"@type\":\"ImageObject\",\"inLanguage\":\"fr-FR\",\"@id\":\"https:\/\/www.snackfoodm.com\/deoiling-machine\/#primaryimage\",\"url\":\"https:\/\/www.snackfoodm.com\/wp-content\/uploads\/2020\/02\/deoiling-machine-for-potato-chip-line.jpg\",\"contentUrl\":\"https:\/\/www.snackfoodm.com\/wp-content\/uploads\/2020\/02\/deoiling-machine-for-potato-chip-line.jpg\"},{\"@type\":\"BreadcrumbList\",\"@id\":\"https:\/\/www.snackfoodm.com\/deoiling-machine\/#breadcrumb\",\"itemListElement\":[{\"@type\":\"ListItem\",\"position\":1,\"name\":\"\u9996\u9875\",\"item\":\"https:\/\/www.snackfoodm.com\/\"},{\"@type\":\"ListItem\",\"position\":2,\"name\":\"Deoiling Machine\"}]},{\"@type\":\"WebSite\",\"@id\":\"https:\/\/www.snackfoodm.com\/#website\",\"url\":\"https:\/\/www.snackfoodm.com\/\",\"name\":\"Professional Potato Chips and French Fry Process Line Manufacturer\",\"description\":\"Turnkey Solutions for Chips and French Fries Production Line\",\"publisher\":{\"@id\":\"https:\/\/www.snackfoodm.com\/#organization\"},\"potentialAction\":[{\"@type\":\"SearchAction\",\"target\":{\"@type\":\"EntryPoint\",\"urlTemplate\":\"https:\/\/www.snackfoodm.com\/?s={search_term_string}\"},\"query-input\":{\"@type\":\"PropertyValueSpecification\",\"valueRequired\":true,\"valueName\":\"search_term_string\"}}],\"inLanguage\":\"fr-FR\"},{\"@type\":\"Organization\",\"@id\":\"https:\/\/www.snackfoodm.com\/#organization\",\"name\":\"Professional Potato Chips and French Fry Process Line Manufacturer\",\"url\":\"https:\/\/www.snackfoodm.com\/\",\"logo\":{\"@type\":\"ImageObject\",\"inLanguage\":\"fr-FR\",\"@id\":\"https:\/\/www.snackfoodm.com\/#\/schema\/logo\/image\/\",\"url\":\"https:\/\/www.snackfoodm.com\/wp-content\/uploads\/2020\/02\/cropped-\u65b0\u7248LOGO1-3.png\",\"contentUrl\":\"https:\/\/www.snackfoodm.com\/wp-content\/uploads\/2020\/02\/cropped-\u65b0\u7248LOGO1-3.png\",\"width\":163,\"height\":85,\"caption\":\"Professional Potato Chips and French Fry Process Line Manufacturer\"},\"image\":{\"@id\":\"https:\/\/www.snackfoodm.com\/#\/schema\/logo\/image\/\"}},false]}<\/script>\n<!-- \/ Yoast SEO plugin. -->","yoast_head_json":{"title":"Machine \u00e0 d\u00e9graisser \u00e0 vendre - Machine \u00e0 d\u00e9graisser les frites et les chips","description":"Machine de d\u00e9shuilage de qualit\u00e9 \u00e0 vendre. Fabricant professionnel de machines de d\u00e9graissage. \u00c9limination efficace de l'huile sur les frites et les chips. En savoir plus.","robots":{"index":"index","follow":"follow","max-snippet":"max-snippet:-1","max-image-preview":"max-image-preview:large","max-video-preview":"max-video-preview:-1"},"canonical":"https:\/\/www.snackfoodm.com\/fr\/deoiling-machine\/","og_locale":"fr_FR","og_type":"article","og_title":"Deoiling Machine for Sale - Defatting Machine for Chips and French Fry","og_description":"Quality deoiling machine for sale. Professional Defatting machine manufacturer. Efficient removal of oil on fried potato chips and french fries. Check more.","og_url":"https:\/\/www.snackfoodm.com\/fr\/deoiling-machine\/","og_site_name":"Professional Potato Chips and French Fry Process Line Manufacturer","article_modified_time":"2020-02-16T08:26:37+00:00","og_image":[{"url":"https:\/\/www.snackfoodm.com\/wp-content\/uploads\/2020\/02\/deoiling-machine-for-potato-chip-line.jpg","type":"","width":"","height":""}],"twitter_card":"summary_large_image","twitter_misc":{"Dur\u00e9e de lecture estim\u00e9e":"2 minutes"},"schema":{"@context":"https:\/\/schema.org","@graph":[{"@type":"WebPage","@id":"https:\/\/www.snackfoodm.com\/deoiling-machine\/","url":"https:\/\/www.snackfoodm.com\/deoiling-machine\/","name":"Machine \u00e0 d\u00e9graisser \u00e0 vendre - Machine \u00e0 d\u00e9graisser les frites et les chips","isPartOf":{"@id":"https:\/\/www.snackfoodm.com\/#website"},"primaryImageOfPage":{"@id":"https:\/\/www.snackfoodm.com\/deoiling-machine\/#primaryimage"},"image":{"@id":"https:\/\/www.snackfoodm.com\/deoiling-machine\/#primaryimage"},"thumbnailUrl":"https:\/\/www.snackfoodm.com\/wp-content\/uploads\/2020\/02\/deoiling-machine-for-potato-chip-line.jpg","datePublished":"2020-02-12T04:05:03+00:00","dateModified":"2020-02-16T08:26:37+00:00","description":"Machine de d\u00e9shuilage de qualit\u00e9 \u00e0 vendre. Fabricant professionnel de machines de d\u00e9graissage. \u00c9limination efficace de l'huile sur les frites et les chips. En savoir plus.","breadcrumb":{"@id":"https:\/\/www.snackfoodm.com\/deoiling-machine\/#breadcrumb"},"inLanguage":"fr-FR","potentialAction":[{"@type":"ReadAction","target":["https:\/\/www.snackfoodm.com\/deoiling-machine\/"]}]},{"@type":"ImageObject","inLanguage":"fr-FR","@id":"https:\/\/www.snackfoodm.com\/deoiling-machine\/#primaryimage","url":"https:\/\/www.snackfoodm.com\/wp-content\/uploads\/2020\/02\/deoiling-machine-for-potato-chip-line.jpg","contentUrl":"https:\/\/www.snackfoodm.com\/wp-content\/uploads\/2020\/02\/deoiling-machine-for-potato-chip-line.jpg"},{"@type":"BreadcrumbList","@id":"https:\/\/www.snackfoodm.com\/deoiling-machine\/#breadcrumb","itemListElement":[{"@type":"ListItem","position":1,"name":"\u9996\u9875","item":"https:\/\/www.snackfoodm.com\/"},{"@type":"ListItem","position":2,"name":"Deoiling Machine"}]},{"@type":"WebSite","@id":"https:\/\/www.snackfoodm.com\/#website","url":"https:\/\/www.snackfoodm.com\/","name":"Fabricant professionnel de lignes de production de chips et de frites","description":"Solutions cl\u00e9s en main pour une ligne de production de chips et de frites","publisher":{"@id":"https:\/\/www.snackfoodm.com\/#organization"},"potentialAction":[{"@type":"SearchAction","target":{"@type":"EntryPoint","urlTemplate":"https:\/\/www.snackfoodm.com\/?s={search_term_string}"},"query-input":{"@type":"PropertyValueSpecification","valueRequired":true,"valueName":"search_term_string"}}],"inLanguage":"fr-FR"},{"@type":"Organization","@id":"https:\/\/www.snackfoodm.com\/#organization","name":"Fabricant professionnel de lignes de production de chips et de frites","url":"https:\/\/www.snackfoodm.com\/","logo":{"@type":"ImageObject","inLanguage":"fr-FR","@id":"https:\/\/www.snackfoodm.com\/#\/schema\/logo\/image\/","url":"https:\/\/www.snackfoodm.com\/wp-content\/uploads\/2020\/02\/cropped-\u65b0\u7248LOGO1-3.png","contentUrl":"https:\/\/www.snackfoodm.com\/wp-content\/uploads\/2020\/02\/cropped-\u65b0\u7248LOGO1-3.png","width":163,"height":85,"caption":"Professional Potato Chips and French Fry Process Line Manufacturer"},"image":{"@id":"https:\/\/www.snackfoodm.com\/#\/schema\/logo\/image\/"}},false]}},"yasr_visitor_votes":{"stars_attributes":{"read_only":false,"span_bottom":false},"number_of_votes":0,"sum_votes":0},"_links":{"self":[{"href":"https:\/\/www.snackfoodm.com\/fr\/wp-json\/wp\/v2\/pages\/265","targetHints":{"allow":["GET"]}}],"collection":[{"href":"https:\/\/www.snackfoodm.com\/fr\/wp-json\/wp\/v2\/pages"}],"about":[{"href":"https:\/\/www.snackfoodm.com\/fr\/wp-json\/wp\/v2\/types\/page"}],"author":[{"embeddable":true,"href":"https:\/\/www.snackfoodm.com\/fr\/wp-json\/wp\/v2\/users\/1"}],"replies":[{"embeddable":true,"href":"https:\/\/www.snackfoodm.com\/fr\/wp-json\/wp\/v2\/comments?post=265"}],"version-history":[{"count":0,"href":"https:\/\/www.snackfoodm.com\/fr\/wp-json\/wp\/v2\/pages\/265\/revisions"}],"wp:attachment":[{"href":"https:\/\/www.snackfoodm.com\/fr\/wp-json\/wp\/v2\/media?parent=265"}],"curies":[{"name":"wp","href":"https:\/\/api.w.org\/{rel}","templated":true}]}}