{"id":267,"date":"2020-02-12T12:06:03","date_gmt":"2020-02-12T04:06:03","guid":{"rendered":"https:\/\/www.snackfoodm.com\/?page_id=267"},"modified":"2020-09-01T18:03:04","modified_gmt":"2020-09-01T10:03:04","slug":"chips-and-french-fries-packing-machine","status":"publish","type":"page","link":"https:\/\/www.snackfoodm.com\/fr\/chips-and-french-fries-packing-machine\/","title":{"rendered":"Machine \u00e0 emballer les chips et les frites"},"content":{"rendered":"<p><b>Machine \u00e0 emballer les chips et les frites<\/b> est utilis\u00e9 pour emballer des produits finis tels que les chips et les frites. L'emballage est le processus final de <a href=\"https:\/\/www.snackfoodm.com\/fr\/potato-chips-production-line\/\">ligne de production de chips<\/a> et la ligne de production de frites. L'emballage peut non seulement prot\u00e9ger le produit final, prolonger sa dur\u00e9e de conservation, mais aussi vous aider \u00e0 promouvoir vos activit\u00e9s. En tant que fabricant professionnel de machines d'emballage, nous fournissons diverses machines d'emballage pour les chips et les frites en fonction de vos besoins. En fait, \u00e0 part les chips et les frites, nos machines d'emballage peuvent \u00eatre utilis\u00e9es dans diverses industries pour emballer les produits finis de mani\u00e8re efficace. Nous concevons des machines d'emballage sur mesure pour r\u00e9pondre \u00e0 vos besoins.<br \/>\n<div  class=\"lgc-column lgc-grid-parent lgc-grid-50 lgc-tablet-grid-50 lgc-mobile-grid-100 lgc-equal-heights\"><div  class=\"inside-grid-column\">\n<figure id=\"attachment_1047\" aria-describedby=\"caption-attachment-1047\" style=\"width: 620px\" class=\"wp-caption alignnone\"><img loading=\"lazy\" decoding=\"async\" class=\"size-full wp-image-1047\" src=\"https:\/\/www.snackfoodm.com\/wp-content\/uploads\/2020\/05\/french-fries-potato-chips-packing-machine.jpg\" alt=\"machine d&#039;emballage de chips \" width=\"630\" height=\"400\" srcset=\"https:\/\/www.snackfoodm.com\/wp-content\/uploads\/2020\/05\/french-fries-potato-chips-packing-machine.jpg 630w, https:\/\/www.snackfoodm.com\/wp-content\/uploads\/2020\/05\/french-fries-potato-chips-packing-machine-300x190.jpg 300w\" sizes=\"auto, (max-width: 630px) 100vw, 630px\" \/><figcaption id=\"caption-attachment-1047\" class=\"wp-caption-text\">Machine \u00e0 emballer automatique<\/figcaption><\/figure>\n<\/div><\/div><div  class=\"lgc-column lgc-grid-parent lgc-grid-50 lgc-tablet-grid-50 lgc-mobile-grid-100 lgc-equal-heights\"><div  class=\"inside-grid-column\">\n<figure id=\"attachment_909\" aria-describedby=\"caption-attachment-909\" style=\"width: 620px\" class=\"wp-caption alignnone\"><img loading=\"lazy\" decoding=\"async\" class=\"size-full wp-image-909\" src=\"https:\/\/www.snackfoodm.com\/wp-content\/uploads\/2020\/05\/semi-automatic-potato-chips-and-french-fries-packaging-machine.jpg\" alt=\"machines d&#039;emballage de chips et de frites \" width=\"630\" height=\"400\" srcset=\"https:\/\/www.snackfoodm.com\/wp-content\/uploads\/2020\/05\/semi-automatic-potato-chips-and-french-fries-packaging-machine.jpg 630w, https:\/\/www.snackfoodm.com\/wp-content\/uploads\/2020\/05\/semi-automatic-potato-chips-and-french-fries-packaging-machine-300x190.jpg 300w\" sizes=\"auto, (max-width: 630px) 100vw, 630px\" \/><figcaption id=\"caption-attachment-909\" class=\"wp-caption-text\">Machine \u00e0 emballer semi-automatique pour chips et frites<\/figcaption><\/figure>\n<\/div><\/div><div class=\"lgc-clear\"><\/div>\n<p style=\"text-align: center;\"><a class=\"fancybox\" href=\"#contact_form_pop\"><strong class=\"button\">Obtenir des prix<\/strong><\/a><\/p>\n<div class=\"fancybox-hidden\" style=\"display: none;\">\n<div id=\"contact_form_pop\">\n<div class=\"wpcf7 no-js\" id=\"wpcf7-f384-o1\" lang=\"en-US\" dir=\"ltr\" data-wpcf7-id=\"384\">\n<div class=\"screen-reader-response\"><p role=\"status\" aria-live=\"polite\" aria-atomic=\"true\"><\/p> <ul><\/ul><\/div>\n<form action=\"\/fr\/wp-json\/wp\/v2\/pages\/267#wpcf7-f384-o1\" method=\"post\" class=\"wpcf7-form init\" aria-label=\"Formulaire de contact\" novalidate=\"novalidate\" data-status=\"init\" data-trp-original-action=\"\/fr\/wp-json\/wp\/v2\/pages\/267#wpcf7-f384-o1\">\n<fieldset class=\"hidden-fields-container\"><input type=\"hidden\" name=\"_wpcf7\" value=\"384\" \/><input type=\"hidden\" name=\"_wpcf7_version\" value=\"6.1.1\" \/><input type=\"hidden\" name=\"_wpcf7_locale\" value=\"en_US\" \/><input type=\"hidden\" name=\"_wpcf7_unit_tag\" value=\"wpcf7-f384-o1\" \/><input type=\"hidden\" name=\"_wpcf7_container_post\" value=\"0\" \/><input type=\"hidden\" name=\"_wpcf7_posted_data_hash\" value=\"\" \/>\n<\/fieldset>\n<p>Nom :\n<\/p>\n<p><span class=\"wpcf7-form-control-wrap\" data-name=\"your-name\"><input size=\"40\" maxlength=\"400\" class=\"wpcf7-form-control wpcf7-text\" aria-invalid=\"false\" value=\"\" type=\"text\" name=\"your-name\" \/><\/span>\n<\/p>\n<p>Pays :\n<\/p>\n<p><span class=\"wpcf7-form-control-wrap\" data-name=\"your-country\"><input size=\"40\" maxlength=\"400\" class=\"wpcf7-form-control wpcf7-text\" aria-invalid=\"false\" value=\"\" type=\"text\" name=\"your-country\" \/><\/span>\n<\/p>\n<p>Courriel:*\n<\/p>\n<p><span class=\"wpcf7-form-control-wrap\" data-name=\"your-email\"><input size=\"40\" maxlength=\"400\" class=\"wpcf7-form-control wpcf7-email wpcf7-validates-as-required wpcf7-text wpcf7-validates-as-email\" aria-required=\"true\" aria-invalid=\"false\" value=\"\" type=\"email\" name=\"your-email\" \/><\/span>\n<\/p>\n<p>T\u00e9l\u00e9phone*\n<\/p>\n<p><span class=\"wpcf7-form-control-wrap\" data-name=\"your-phone\"><input size=\"40\" maxlength=\"400\" class=\"wpcf7-form-control wpcf7-text wpcf7-validates-as-required\" aria-required=\"true\" aria-invalid=\"false\" placeholder=\"Veuillez ajouter les codes de pays\" value=\"\" type=\"text\" name=\"your-phone\" \/><\/span>\n<\/p>\n<p>Message:*\n<\/p>\n<p><span class=\"wpcf7-form-control-wrap\" data-name=\"your-message\"><textarea cols=\"40\" rows=\"10\" maxlength=\"2000\" class=\"wpcf7-form-control wpcf7-textarea wpcf7-validates-as-required\" aria-required=\"true\" aria-invalid=\"false\" name=\"your-message\"><\/textarea><\/span>\n<\/p>\n<p><input class=\"wpcf7-form-control wpcf7-submit has-spinner\" type=\"submit\" value=\"Obtenir des devis\" \/>\n<\/p><input type=\"hidden\" id=\"ct_checkjs_cf7_9c01802ddb981e6bcfbec0f0516b8e35\" name=\"ct_checkjs_cf7\" value=\"0\" \/><script >setTimeout(function(){var ct_input_name = \"ct_checkjs_cf7_9c01802ddb981e6bcfbec0f0516b8e35\";if (document.getElementById(ct_input_name) !== null) {var ct_input_value = document.getElementById(ct_input_name).value;document.getElementById(ct_input_name).value = document.getElementById(ct_input_name).value.replace(ct_input_value, 'dba04424690aafc408c5cb41194f71da80590051ae3ed0048d37dfc87b0d215e');}}, 1000);<\/script><input\n                    class=\"apbct_special_field apbct_email_id__wp_contact_form_7\"\n                    name=\"apbct__email_id__wp_contact_form_7\"\n                    aria-label=\"apbct__label_id__wp_contact_form_7\"\n                    type=\"text\" size=\"30\" maxlength=\"200\" autocomplete=\"off\"\n                    value=\"\"\n                \/><p style=\"display: none !important;\" class=\"akismet-fields-container\" data-prefix=\"_wpcf7_ak_\"><label>&#916;<textarea name=\"_wpcf7_ak_hp_textarea\" cols=\"45\" rows=\"8\" maxlength=\"100\"><\/textarea><\/label><input type=\"hidden\" id=\"ak_js_1\" name=\"_wpcf7_ak_js\" value=\"214\"\/><script>\ndocument.getElementById( \"ak_js_1\" ).setAttribute( \"value\", ( new Date() ).getTime() );\n<\/script>\n<\/p><div class=\"wpcf7-response-output\" aria-hidden=\"true\"><\/div>\n<input type=\"hidden\" name=\"trp-form-language\" value=\"fr\"\/><\/form>\n<\/div>\n<\/div>\n<\/div>\n<h2>Peseuse multi-t\u00eates Machine d'emballage<\/h2>\n<p>Comme son nom l'indique, la machine d'emballage automatique est \u00e9quip\u00e9e d'une peseuse associative qui peut peser les chips et les frites automatiquement et avec pr\u00e9cision. Apr\u00e8s avoir \u00e9t\u00e9 pes\u00e9s, les chips et les frites sont d\u00e9charg\u00e9s et emball\u00e9s automatiquement. En fait, \u00e0 part les chips et les frites, la machine d'emballage automatique multit\u00eates peut \u00eatre utilis\u00e9e pour peser et emballer une grande vari\u00e9t\u00e9 de produits dans diff\u00e9rents secteurs. De plus, la peseuse automatique multit\u00eates convient aux lignes de production \u00e0 grande \u00e9chelle, car elle peut peser et emballer automatiquement de grandes quantit\u00e9s de produits en continu. La peseuse automatique multit\u00eates peut simplifier la ligne de production de chips et de frites, car elle peut effectuer le travail de pesage et d'emballage de mani\u00e8re pr\u00e9cise et automatique.<\/p>\n<h2>Machine \u00e0 emballer semi-automatique pour chips et frites<\/h2>\n<p>La machine d'emballage semi-automatique pour chips et frites convient pour <a href=\"https:\/\/www.snackfoodm.com\/fr\/potato-chips-mini-plant\/\">ligne de production de chips \u00e0 petite \u00e9chelle<\/a> et de frites. Pour cela, il faut peser manuellement les frites et les chips avant de les emballer. En g\u00e9n\u00e9ral, il y a plusieurs dispositifs en forme de V dans lesquels les produits finis pes\u00e9s sont introduits. Lorsqu'ils sont activ\u00e9s, ils sont continuellement vid\u00e9s afin que les produits finis \u00e0 l'int\u00e9rieur soient emball\u00e9s. Ce mod\u00e8le de fonctionnement est pr\u00e9f\u00e9rable pour les lignes de production de chips et de frites \u00e0 petite \u00e9chelle et \u00e0 faible capacit\u00e9 de production. Les machines d'emballage semi-automatiques pr\u00e9sentent d'autres caract\u00e9ristiques remarquables. Elles peuvent \u00e9galement \u00eatre utilis\u00e9es pour emballer un grand nombre de produits, \u00e0 l'exception des chips et des frites. De plus, les machines d'emballage semi-automatiques sont souvent de conception compacte et occupent moins d'espace.<br \/>\n\n<div class=\"wpcf7 no-js\" id=\"wpcf7-f385-o2\" lang=\"en-US\" dir=\"ltr\" data-wpcf7-id=\"385\">\n<div class=\"screen-reader-response\"><p role=\"status\" aria-live=\"polite\" aria-atomic=\"true\"><\/p> <ul><\/ul><\/div>\n<form action=\"\/fr\/wp-json\/wp\/v2\/pages\/267#wpcf7-f385-o2\" method=\"post\" class=\"wpcf7-form init\" aria-label=\"Formulaire de contact\" novalidate=\"novalidate\" data-status=\"init\" data-trp-original-action=\"\/fr\/wp-json\/wp\/v2\/pages\/267#wpcf7-f385-o2\">\n<fieldset class=\"hidden-fields-container\"><input type=\"hidden\" name=\"_wpcf7\" value=\"385\" \/><input type=\"hidden\" name=\"_wpcf7_version\" value=\"6.1.1\" \/><input type=\"hidden\" name=\"_wpcf7_locale\" value=\"en_US\" \/><input type=\"hidden\" name=\"_wpcf7_unit_tag\" value=\"wpcf7-f385-o2\" \/><input type=\"hidden\" name=\"_wpcf7_container_post\" value=\"0\" \/><input type=\"hidden\" name=\"_wpcf7_posted_data_hash\" value=\"\" \/>\n<\/fieldset>\n<div class=\"leave-message-blockall\">\n\t<div class=\"leave-message-block\">\n\t\t<div class=\"leave-top\">\n\t\t\t<p>Veuillez remplir le formulaire ci-dessous pour obtenir les prix.\n\t\t\t<\/p>\n\t\t<\/div>\n\t\t<div class=\"leave-name\">\n\t\t\t<div class=\"leave-name-t\">\n\t\t\t\t<p>Votre nom :\n\t\t\t\t<\/p>\n\t\t\t<\/div>\n\t\t\t<p><span class=\"wpcf7-form-control-wrap\" data-name=\"your-name\"><input size=\"40\" maxlength=\"400\" class=\"wpcf7-form-control wpcf7-text\" aria-invalid=\"false\" value=\"\" type=\"text\" name=\"your-name\" \/><\/span>\n\t\t\t<\/p>\n\t\t<\/div>\n\t\t<div class=\"leave-email\">\n\t\t\t<div class=\"leave-email-t\">\n\t\t\t\t<p>Votre adresse \u00e9lectronique (obligatoire) :\n\t\t\t\t<\/p>\n\t\t\t<\/div>\n\t\t\t<p><span class=\"wpcf7-form-control-wrap\" data-name=\"your-email\"><input size=\"40\" maxlength=\"400\" class=\"wpcf7-form-control wpcf7-email wpcf7-validates-as-required wpcf7-text wpcf7-validates-as-email\" aria-required=\"true\" aria-invalid=\"false\" value=\"\" type=\"email\" name=\"your-email\" \/><\/span>\n\t\t\t<\/p>\n\t\t<\/div>\n\t\t<div class=\"leave-tel\">\n\t\t\t<div class=\"leave-tel-t\">\n\t\t\t\t<p>Votre T\u00e9l(obligatoire) :\n\t\t\t\t<\/p>\n\t\t\t<\/div>\n\t\t\t<p><span class=\"wpcf7-form-control-wrap\" data-name=\"your-tel\"><input size=\"40\" maxlength=\"400\" class=\"wpcf7-form-control wpcf7-tel wpcf7-validates-as-required wpcf7-text wpcf7-validates-as-tel\" aria-required=\"true\" aria-invalid=\"false\" placeholder=\"Veuillez ajouter les codes de pays\" value=\"\" type=\"tel\" name=\"your-tel\" \/><\/span>\n\t\t\t<\/p>\n\t\t<\/div>\n\t\t<div class=\"leave-country\">\n\t\t\t<div class=\"leave-country-t\">\n\t\t\t\t<p>Votre pays :\n\t\t\t\t<\/p>\n\t\t\t<\/div>\n\t\t\t<p><span class=\"wpcf7-form-control-wrap\" data-name=\"your-country\"><input size=\"40\" maxlength=\"400\" class=\"wpcf7-form-control wpcf7-text\" aria-invalid=\"false\" value=\"\" type=\"text\" name=\"your-country\" \/><\/span>\n\t\t\t<\/p>\n\t\t<\/div>\n\t\t<div class=\"leave-require\">\n\t\t\t<div class=\"leave-require-t\">\n\t\t\t\t<p>Votre message (obligatoire) :\n\t\t\t\t<\/p>\n\t\t\t<\/div>\n\t\t\t<p><span class=\"wpcf7-form-control-wrap\" data-name=\"your-message\"><textarea cols=\"40\" rows=\"10\" maxlength=\"2000\" class=\"wpcf7-form-control wpcf7-textarea wpcf7-validates-as-required\" aria-required=\"true\" aria-invalid=\"false\" placeholder=\"Conseils : mati\u00e8re premi\u00e8re, produit souhait\u00e9, capacit\u00e9, \u00e9quipement auxiliaire, etc.\" name=\"your-message\"><\/textarea><\/span>\n\t\t\t<\/p>\n\t\t<\/div>\n\t\t<div class=\"leave-Send\">\n\t\t\t<p><input class=\"wpcf7-form-control wpcf7-submit has-spinner\" type=\"submit\" value=\"Envoyer\" \/>\n\t\t\t<\/p>\n\t\t<\/div>\n\t<\/div>\n<\/div><input type=\"hidden\" id=\"ct_checkjs_cf7_a86c450b76fb8c371afead6410d55534\" name=\"ct_checkjs_cf7\" value=\"0\" \/><script >setTimeout(function(){var ct_input_name = \"ct_checkjs_cf7_a86c450b76fb8c371afead6410d55534\";if (document.getElementById(ct_input_name) !== null) {var ct_input_value = document.getElementById(ct_input_name).value;document.getElementById(ct_input_name).value = document.getElementById(ct_input_name).value.replace(ct_input_value, 'dba04424690aafc408c5cb41194f71da80590051ae3ed0048d37dfc87b0d215e');}}, 1000);<\/script><input\n                    class=\"apbct_special_field apbct_email_id__wp_contact_form_7\"\n                    name=\"apbct__email_id__wp_contact_form_7\"\n                    aria-label=\"apbct__label_id__wp_contact_form_7\"\n                    type=\"text\" size=\"30\" maxlength=\"200\" autocomplete=\"off\"\n                    value=\"\"\n                \/><p style=\"display: none !important;\" class=\"akismet-fields-container\" data-prefix=\"_wpcf7_ak_\"><label>&#916;<textarea name=\"_wpcf7_ak_hp_textarea\" cols=\"45\" rows=\"8\" maxlength=\"100\"><\/textarea><\/label><input type=\"hidden\" id=\"ak_js_2\" name=\"_wpcf7_ak_js\" value=\"77\"\/><script>\ndocument.getElementById( \"ak_js_2\" ).setAttribute( \"value\", ( new Date() ).getTime() );\n<\/script>\n<\/p><div class=\"wpcf7-response-output\" aria-hidden=\"true\"><\/div>\n<input type=\"hidden\" name=\"trp-form-language\" value=\"fr\"\/><\/form>\n<\/div>\n\n<div style='text-align:left' class='yasr-auto-insert-visitor'><\/div>","protected":false},"excerpt":{"rendered":"<p>Potato chips and french fries packing machine is used to pack end products like potato chips and french fries. Packaging is the end process of potato chips line and french fries making line. Packing can not only protect the end product, prolong its shelf life, but also can help you to promote your businesses. As &#8230; <a title=\"Machine \u00e0 emballer les chips et les frites\" class=\"read-more\" href=\"https:\/\/www.snackfoodm.com\/fr\/chips-and-french-fries-packing-machine\/\" aria-label=\"Plus sur Chips and French Fries Packing Machine\">Lire plus<\/a><\/p>","protected":false},"author":1,"featured_media":0,"parent":0,"menu_order":0,"comment_status":"closed","ping_status":"closed","template":"","meta":{"generate_page_header":"","yasr_overall_rating":0,"yasr_post_is_review":"","yasr_auto_insert_disabled":"","yasr_review_type":"","footnotes":""},"class_list":["post-267","page","type-page","status-publish"],"yoast_head":"<!-- This site is optimized with the Yoast SEO plugin v25.8 - https:\/\/yoast.com\/wordpress\/plugins\/seo\/ -->\n<title>Chips and French Fries Packing Machine - Packaging Equipment Supplier<\/title>\n<meta name=\"description\" content=\"Quality potato chips and french fries packing machine for sale. Customized packaging machines for your chips and french fries lines. Get prices here now.\" \/>\n<meta name=\"robots\" content=\"index, follow, max-snippet:-1, max-image-preview:large, max-video-preview:-1\" \/>\n<link rel=\"canonical\" href=\"https:\/\/www.snackfoodm.com\/fr\/chips-and-french-fries-packing-machine\/\" \/>\n<meta property=\"og:locale\" content=\"fr_FR\" \/>\n<meta property=\"og:type\" content=\"article\" \/>\n<meta property=\"og:title\" content=\"Chips and French Fries Packing Machine - Packaging Equipment Supplier\" \/>\n<meta property=\"og:description\" content=\"Quality potato chips and french fries packing machine for sale. Customized packaging machines for your chips and french fries lines. Get prices here now.\" \/>\n<meta property=\"og:url\" content=\"https:\/\/www.snackfoodm.com\/fr\/chips-and-french-fries-packing-machine\/\" \/>\n<meta property=\"og:site_name\" content=\"Professional Potato Chips and French Fry Process Line Manufacturer\" \/>\n<meta property=\"article:modified_time\" content=\"2020-09-01T10:03:04+00:00\" \/>\n<meta property=\"og:image\" content=\"https:\/\/www.snackfoodm.com\/wp-content\/uploads\/2020\/05\/french-fries-potato-chips-packing-machine.jpg\" \/>\n\t<meta property=\"og:image:width\" content=\"630\" \/>\n\t<meta property=\"og:image:height\" content=\"400\" \/>\n\t<meta property=\"og:image:type\" content=\"image\/jpeg\" \/>\n<meta name=\"twitter:card\" content=\"summary_large_image\" \/>\n<meta name=\"twitter:label1\" content=\"Dur\u00e9e de lecture estim\u00e9e\" \/>\n\t<meta name=\"twitter:data1\" content=\"2 minutes\" \/>\n<script type=\"application\/ld+json\" class=\"yoast-schema-graph\">{\"@context\":\"https:\/\/schema.org\",\"@graph\":[{\"@type\":\"WebPage\",\"@id\":\"https:\/\/www.snackfoodm.com\/chips-and-french-fries-packing-machine\/\",\"url\":\"https:\/\/www.snackfoodm.com\/chips-and-french-fries-packing-machine\/\",\"name\":\"Chips and French Fries Packing Machine - Packaging Equipment Supplier\",\"isPartOf\":{\"@id\":\"https:\/\/www.snackfoodm.com\/#website\"},\"primaryImageOfPage\":{\"@id\":\"https:\/\/www.snackfoodm.com\/chips-and-french-fries-packing-machine\/#primaryimage\"},\"image\":{\"@id\":\"https:\/\/www.snackfoodm.com\/chips-and-french-fries-packing-machine\/#primaryimage\"},\"thumbnailUrl\":\"https:\/\/www.snackfoodm.com\/wp-content\/uploads\/2020\/05\/french-fries-potato-chips-packing-machine.jpg\",\"datePublished\":\"2020-02-12T04:06:03+00:00\",\"dateModified\":\"2020-09-01T10:03:04+00:00\",\"description\":\"Quality potato chips and french fries packing machine for sale. Customized packaging machines for your chips and french fries lines. Get prices here now.\",\"breadcrumb\":{\"@id\":\"https:\/\/www.snackfoodm.com\/chips-and-french-fries-packing-machine\/#breadcrumb\"},\"inLanguage\":\"fr-FR\",\"potentialAction\":[{\"@type\":\"ReadAction\",\"target\":[\"https:\/\/www.snackfoodm.com\/chips-and-french-fries-packing-machine\/\"]}]},{\"@type\":\"ImageObject\",\"inLanguage\":\"fr-FR\",\"@id\":\"https:\/\/www.snackfoodm.com\/chips-and-french-fries-packing-machine\/#primaryimage\",\"url\":\"https:\/\/www.snackfoodm.com\/wp-content\/uploads\/2020\/05\/french-fries-potato-chips-packing-machine.jpg\",\"contentUrl\":\"https:\/\/www.snackfoodm.com\/wp-content\/uploads\/2020\/05\/french-fries-potato-chips-packing-machine.jpg\"},{\"@type\":\"BreadcrumbList\",\"@id\":\"https:\/\/www.snackfoodm.com\/chips-and-french-fries-packing-machine\/#breadcrumb\",\"itemListElement\":[{\"@type\":\"ListItem\",\"position\":1,\"name\":\"\u9996\u9875\",\"item\":\"https:\/\/www.snackfoodm.com\/\"},{\"@type\":\"ListItem\",\"position\":2,\"name\":\"Chips and French Fries Packing Machine\"}]},{\"@type\":\"WebSite\",\"@id\":\"https:\/\/www.snackfoodm.com\/#website\",\"url\":\"https:\/\/www.snackfoodm.com\/\",\"name\":\"Professional Potato Chips and French Fry Process Line Manufacturer\",\"description\":\"Turnkey Solutions for Chips and French Fries Production Line\",\"publisher\":{\"@id\":\"https:\/\/www.snackfoodm.com\/#organization\"},\"potentialAction\":[{\"@type\":\"SearchAction\",\"target\":{\"@type\":\"EntryPoint\",\"urlTemplate\":\"https:\/\/www.snackfoodm.com\/?s={search_term_string}\"},\"query-input\":{\"@type\":\"PropertyValueSpecification\",\"valueRequired\":true,\"valueName\":\"search_term_string\"}}],\"inLanguage\":\"fr-FR\"},{\"@type\":\"Organization\",\"@id\":\"https:\/\/www.snackfoodm.com\/#organization\",\"name\":\"Professional Potato Chips and French Fry Process Line Manufacturer\",\"url\":\"https:\/\/www.snackfoodm.com\/\",\"logo\":{\"@type\":\"ImageObject\",\"inLanguage\":\"fr-FR\",\"@id\":\"https:\/\/www.snackfoodm.com\/#\/schema\/logo\/image\/\",\"url\":\"https:\/\/www.snackfoodm.com\/wp-content\/uploads\/2020\/02\/cropped-\u65b0\u7248LOGO1-3.png\",\"contentUrl\":\"https:\/\/www.snackfoodm.com\/wp-content\/uploads\/2020\/02\/cropped-\u65b0\u7248LOGO1-3.png\",\"width\":163,\"height\":85,\"caption\":\"Professional Potato Chips and French Fry Process Line Manufacturer\"},\"image\":{\"@id\":\"https:\/\/www.snackfoodm.com\/#\/schema\/logo\/image\/\"}},false]}<\/script>\n<!-- \/ Yoast SEO plugin. -->","yoast_head_json":{"title":"Machine \u00e0 emballer les chips et les frites - Fournisseur d'\u00e9quipements d'emballage","description":"Machine d'emballage de chips et de frites de qualit\u00e9 \u00e0 vendre. Machines d'emballage sur mesure pour vos lignes de chips et de frites. Obtenez les prix ici maintenant.","robots":{"index":"index","follow":"follow","max-snippet":"max-snippet:-1","max-image-preview":"max-image-preview:large","max-video-preview":"max-video-preview:-1"},"canonical":"https:\/\/www.snackfoodm.com\/fr\/chips-and-french-fries-packing-machine\/","og_locale":"fr_FR","og_type":"article","og_title":"Chips and French Fries Packing Machine - Packaging Equipment Supplier","og_description":"Quality potato chips and french fries packing machine for sale. Customized packaging machines for your chips and french fries lines. Get prices here now.","og_url":"https:\/\/www.snackfoodm.com\/fr\/chips-and-french-fries-packing-machine\/","og_site_name":"Professional Potato Chips and French Fry Process Line Manufacturer","article_modified_time":"2020-09-01T10:03:04+00:00","og_image":[{"width":630,"height":400,"url":"https:\/\/www.snackfoodm.com\/wp-content\/uploads\/2020\/05\/french-fries-potato-chips-packing-machine.jpg","type":"image\/jpeg"}],"twitter_card":"summary_large_image","twitter_misc":{"Dur\u00e9e de lecture estim\u00e9e":"2 minutes"},"schema":{"@context":"https:\/\/schema.org","@graph":[{"@type":"WebPage","@id":"https:\/\/www.snackfoodm.com\/chips-and-french-fries-packing-machine\/","url":"https:\/\/www.snackfoodm.com\/chips-and-french-fries-packing-machine\/","name":"Machine \u00e0 emballer les chips et les frites - Fournisseur d'\u00e9quipements d'emballage","isPartOf":{"@id":"https:\/\/www.snackfoodm.com\/#website"},"primaryImageOfPage":{"@id":"https:\/\/www.snackfoodm.com\/chips-and-french-fries-packing-machine\/#primaryimage"},"image":{"@id":"https:\/\/www.snackfoodm.com\/chips-and-french-fries-packing-machine\/#primaryimage"},"thumbnailUrl":"https:\/\/www.snackfoodm.com\/wp-content\/uploads\/2020\/05\/french-fries-potato-chips-packing-machine.jpg","datePublished":"2020-02-12T04:06:03+00:00","dateModified":"2020-09-01T10:03:04+00:00","description":"Machine d'emballage de chips et de frites de qualit\u00e9 \u00e0 vendre. Machines d'emballage sur mesure pour vos lignes de chips et de frites. Obtenez les prix ici maintenant.","breadcrumb":{"@id":"https:\/\/www.snackfoodm.com\/chips-and-french-fries-packing-machine\/#breadcrumb"},"inLanguage":"fr-FR","potentialAction":[{"@type":"ReadAction","target":["https:\/\/www.snackfoodm.com\/chips-and-french-fries-packing-machine\/"]}]},{"@type":"ImageObject","inLanguage":"fr-FR","@id":"https:\/\/www.snackfoodm.com\/chips-and-french-fries-packing-machine\/#primaryimage","url":"https:\/\/www.snackfoodm.com\/wp-content\/uploads\/2020\/05\/french-fries-potato-chips-packing-machine.jpg","contentUrl":"https:\/\/www.snackfoodm.com\/wp-content\/uploads\/2020\/05\/french-fries-potato-chips-packing-machine.jpg"},{"@type":"BreadcrumbList","@id":"https:\/\/www.snackfoodm.com\/chips-and-french-fries-packing-machine\/#breadcrumb","itemListElement":[{"@type":"ListItem","position":1,"name":"\u9996\u9875","item":"https:\/\/www.snackfoodm.com\/"},{"@type":"ListItem","position":2,"name":"Chips and French Fries Packing Machine"}]},{"@type":"WebSite","@id":"https:\/\/www.snackfoodm.com\/#website","url":"https:\/\/www.snackfoodm.com\/","name":"Fabricant professionnel de lignes de production de chips et de frites","description":"Solutions cl\u00e9s en main pour une ligne de production de chips et de frites","publisher":{"@id":"https:\/\/www.snackfoodm.com\/#organization"},"potentialAction":[{"@type":"SearchAction","target":{"@type":"EntryPoint","urlTemplate":"https:\/\/www.snackfoodm.com\/?s={search_term_string}"},"query-input":{"@type":"PropertyValueSpecification","valueRequired":true,"valueName":"search_term_string"}}],"inLanguage":"fr-FR"},{"@type":"Organization","@id":"https:\/\/www.snackfoodm.com\/#organization","name":"Fabricant professionnel de lignes de production de chips et de frites","url":"https:\/\/www.snackfoodm.com\/","logo":{"@type":"ImageObject","inLanguage":"fr-FR","@id":"https:\/\/www.snackfoodm.com\/#\/schema\/logo\/image\/","url":"https:\/\/www.snackfoodm.com\/wp-content\/uploads\/2020\/02\/cropped-\u65b0\u7248LOGO1-3.png","contentUrl":"https:\/\/www.snackfoodm.com\/wp-content\/uploads\/2020\/02\/cropped-\u65b0\u7248LOGO1-3.png","width":163,"height":85,"caption":"Professional Potato Chips and French Fry Process Line Manufacturer"},"image":{"@id":"https:\/\/www.snackfoodm.com\/#\/schema\/logo\/image\/"}},false]}},"yasr_visitor_votes":{"stars_attributes":{"read_only":false,"span_bottom":false},"number_of_votes":0,"sum_votes":0},"_links":{"self":[{"href":"https:\/\/www.snackfoodm.com\/fr\/wp-json\/wp\/v2\/pages\/267","targetHints":{"allow":["GET"]}}],"collection":[{"href":"https:\/\/www.snackfoodm.com\/fr\/wp-json\/wp\/v2\/pages"}],"about":[{"href":"https:\/\/www.snackfoodm.com\/fr\/wp-json\/wp\/v2\/types\/page"}],"author":[{"embeddable":true,"href":"https:\/\/www.snackfoodm.com\/fr\/wp-json\/wp\/v2\/users\/1"}],"replies":[{"embeddable":true,"href":"https:\/\/www.snackfoodm.com\/fr\/wp-json\/wp\/v2\/comments?post=267"}],"version-history":[{"count":7,"href":"https:\/\/www.snackfoodm.com\/fr\/wp-json\/wp\/v2\/pages\/267\/revisions"}],"predecessor-version":[{"id":1225,"href":"https:\/\/www.snackfoodm.com\/fr\/wp-json\/wp\/v2\/pages\/267\/revisions\/1225"}],"wp:attachment":[{"href":"https:\/\/www.snackfoodm.com\/fr\/wp-json\/wp\/v2\/media?parent=267"}],"curies":[{"name":"wp","href":"https:\/\/api.w.org\/{rel}","templated":true}]}}