{"id":269,"date":"2020-02-12T12:07:34","date_gmt":"2020-02-12T04:07:34","guid":{"rendered":"https:\/\/www.snackfoodm.com\/?page_id=269"},"modified":"2020-03-06T17:29:44","modified_gmt":"2020-03-06T09:29:44","slug":"tunnel-freezer-machine","status":"publish","type":"page","link":"https:\/\/www.snackfoodm.com\/fr\/tunnel-freezer-machine\/","title":{"rendered":"Machine de cong\u00e9lation \u00e0 tunnel"},"content":{"rendered":"<p><strong>Cong\u00e9lateur tunnel<\/strong> est \u00e9galement connue sous le nom de machine de cong\u00e9lation. Elle est largement utilis\u00e9e dans <a href=\"https:\/\/www.snackfoodm.com\/fr\/frozen-french-fries-production-line\/\">ligne de frites surgel\u00e9es<\/a> et d'autres lignes de traitement de l\u00e9gumes et de fruits surgel\u00e9s. En g\u00e9n\u00e9ral, il peut \u00eatre utilis\u00e9 pour congeler des fruits, des frites, couper et d\u00e9couper de la viande, des fruits de mer et autres. Dans une usine de production de frites surgel\u00e9es, le cong\u00e9lateur est une machine essentielle. Il est g\u00e9n\u00e9ralement situ\u00e9 entre la machine de refroidissement et la machine d'emballage. Lorsque le refroidisseur refroidit les frites, la machine de cong\u00e9lation diminue encore la temp\u00e9rature. Con\u00e7u avec une technologie de pointe, notre tunnel de cong\u00e9lation peut congeler les frites rapidement jusqu'\u00e0 moins 38 degr\u00e9s de mani\u00e8re efficace. C'est la solution id\u00e9ale pour votre ligne de transformation de produits surgel\u00e9s. Nous pouvons configurer les tunnels de cong\u00e9lation en fonction de vos besoins et exigences. N'h\u00e9sitez pas \u00e0 nous contacter pour plus d'informations.<br \/>\n<div  class=\"lgc-column lgc-grid-parent lgc-grid-50 lgc-tablet-grid-50 lgc-mobile-grid-100 lgc-equal-heights\"><div  class=\"inside-grid-column\">\n<figure id=\"attachment_544\" aria-describedby=\"caption-attachment-544\" style=\"width: 620px\" class=\"wp-caption alignnone\"><img loading=\"lazy\" decoding=\"async\" class=\"size-full wp-image-544\" src=\"https:\/\/www.snackfoodm.com\/wp-content\/uploads\/2020\/02\/french-fries-quick-freezer-machine-in-gelgoog.jpg\" alt=\"machine de cong\u00e9lation rapide en acier inoxydable \" width=\"630\" height=\"400\" srcset=\"https:\/\/www.snackfoodm.com\/wp-content\/uploads\/2020\/02\/french-fries-quick-freezer-machine-in-gelgoog.jpg 630w, https:\/\/www.snackfoodm.com\/wp-content\/uploads\/2020\/02\/french-fries-quick-freezer-machine-in-gelgoog-300x190.jpg 300w\" sizes=\"auto, (max-width: 630px) 100vw, 630px\" \/><figcaption id=\"caption-attachment-544\" class=\"wp-caption-text\">Frites surgel\u00e9es Cong\u00e9lation rapide<\/figcaption><\/figure>\n<\/div><\/div><div  class=\"lgc-column lgc-grid-parent lgc-grid-50 lgc-tablet-grid-50 lgc-mobile-grid-100 lgc-equal-heights\"><div  class=\"inside-grid-column\">\n<figure id=\"attachment_543\" aria-describedby=\"caption-attachment-543\" style=\"width: 620px\" class=\"wp-caption alignnone\"><img loading=\"lazy\" decoding=\"async\" class=\"size-full wp-image-543\" src=\"https:\/\/www.snackfoodm.com\/wp-content\/uploads\/2020\/02\/tunnel-freezer-machine-for-potato-french-fries.jpg\" alt=\"machine de cong\u00e9lation rapide pour les l\u00e9gumes et les fruits\" width=\"630\" height=\"400\" srcset=\"https:\/\/www.snackfoodm.com\/wp-content\/uploads\/2020\/02\/tunnel-freezer-machine-for-potato-french-fries.jpg 630w, https:\/\/www.snackfoodm.com\/wp-content\/uploads\/2020\/02\/tunnel-freezer-machine-for-potato-french-fries-300x190.jpg 300w\" sizes=\"auto, (max-width: 630px) 100vw, 630px\" \/><figcaption id=\"caption-attachment-543\" class=\"wp-caption-text\">Tunnel de cong\u00e9lation<\/figcaption><\/figure>\n<\/div><\/div><div class=\"lgc-clear\"><\/div>\n<p style=\"text-align: center;\"><a class=\"fancybox\" href=\"#contact_form_pop\"><strong class=\"button\">Obtenir des prix<\/strong><\/a><\/p>\n<div class=\"fancybox-hidden\" style=\"display: none;\">\n<div id=\"contact_form_pop\">\n<div class=\"wpcf7 no-js\" id=\"wpcf7-f384-o1\" lang=\"en-US\" dir=\"ltr\" data-wpcf7-id=\"384\">\n<div class=\"screen-reader-response\"><p role=\"status\" aria-live=\"polite\" aria-atomic=\"true\"><\/p> <ul><\/ul><\/div>\n<form action=\"\/fr\/wp-json\/wp\/v2\/pages\/269#wpcf7-f384-o1\" method=\"post\" class=\"wpcf7-form init\" aria-label=\"Formulaire de contact\" novalidate=\"novalidate\" data-status=\"init\" data-trp-original-action=\"\/fr\/wp-json\/wp\/v2\/pages\/269#wpcf7-f384-o1\">\n<fieldset class=\"hidden-fields-container\"><input type=\"hidden\" name=\"_wpcf7\" value=\"384\" \/><input type=\"hidden\" name=\"_wpcf7_version\" value=\"6.1.1\" \/><input type=\"hidden\" name=\"_wpcf7_locale\" value=\"en_US\" \/><input type=\"hidden\" name=\"_wpcf7_unit_tag\" value=\"wpcf7-f384-o1\" \/><input type=\"hidden\" name=\"_wpcf7_container_post\" value=\"0\" \/><input type=\"hidden\" name=\"_wpcf7_posted_data_hash\" value=\"\" \/>\n<\/fieldset>\n<p>Nom :\n<\/p>\n<p><span class=\"wpcf7-form-control-wrap\" data-name=\"your-name\"><input size=\"40\" maxlength=\"400\" class=\"wpcf7-form-control wpcf7-text\" aria-invalid=\"false\" value=\"\" type=\"text\" name=\"your-name\" \/><\/span>\n<\/p>\n<p>Pays :\n<\/p>\n<p><span class=\"wpcf7-form-control-wrap\" data-name=\"your-country\"><input size=\"40\" maxlength=\"400\" class=\"wpcf7-form-control wpcf7-text\" aria-invalid=\"false\" value=\"\" type=\"text\" name=\"your-country\" \/><\/span>\n<\/p>\n<p>Courriel:*\n<\/p>\n<p><span class=\"wpcf7-form-control-wrap\" data-name=\"your-email\"><input size=\"40\" maxlength=\"400\" class=\"wpcf7-form-control wpcf7-email wpcf7-validates-as-required wpcf7-text wpcf7-validates-as-email\" aria-required=\"true\" aria-invalid=\"false\" value=\"\" type=\"email\" name=\"your-email\" \/><\/span>\n<\/p>\n<p>T\u00e9l\u00e9phone*\n<\/p>\n<p><span class=\"wpcf7-form-control-wrap\" data-name=\"your-phone\"><input size=\"40\" maxlength=\"400\" class=\"wpcf7-form-control wpcf7-text wpcf7-validates-as-required\" aria-required=\"true\" aria-invalid=\"false\" placeholder=\"Veuillez ajouter les codes de pays\" value=\"\" type=\"text\" name=\"your-phone\" \/><\/span>\n<\/p>\n<p>Message:*\n<\/p>\n<p><span class=\"wpcf7-form-control-wrap\" data-name=\"your-message\"><textarea cols=\"40\" rows=\"10\" maxlength=\"2000\" class=\"wpcf7-form-control wpcf7-textarea wpcf7-validates-as-required\" aria-required=\"true\" aria-invalid=\"false\" name=\"your-message\"><\/textarea><\/span>\n<\/p>\n<p><input class=\"wpcf7-form-control wpcf7-submit has-spinner\" type=\"submit\" value=\"Obtenir des devis\" \/>\n<\/p><input type=\"hidden\" id=\"ct_checkjs_cf7_6c9882bbac1c7093bd25041881277658\" name=\"ct_checkjs_cf7\" value=\"0\" \/><script >setTimeout(function(){var ct_input_name = \"ct_checkjs_cf7_6c9882bbac1c7093bd25041881277658\";if (document.getElementById(ct_input_name) !== null) {var ct_input_value = document.getElementById(ct_input_name).value;document.getElementById(ct_input_name).value = document.getElementById(ct_input_name).value.replace(ct_input_value, 'dba04424690aafc408c5cb41194f71da80590051ae3ed0048d37dfc87b0d215e');}}, 1000);<\/script><input\n                    class=\"apbct_special_field apbct_email_id__wp_contact_form_7\"\n                    name=\"apbct__email_id__wp_contact_form_7\"\n                    aria-label=\"apbct__label_id__wp_contact_form_7\"\n                    type=\"text\" size=\"30\" maxlength=\"200\" autocomplete=\"off\"\n                    value=\"\"\n                \/><p style=\"display: none !important;\" class=\"akismet-fields-container\" data-prefix=\"_wpcf7_ak_\"><label>&#916;<textarea name=\"_wpcf7_ak_hp_textarea\" cols=\"45\" rows=\"8\" maxlength=\"100\"><\/textarea><\/label><input type=\"hidden\" id=\"ak_js_1\" name=\"_wpcf7_ak_js\" value=\"79\"\/><script>\ndocument.getElementById( \"ak_js_1\" ).setAttribute( \"value\", ( new Date() ).getTime() );\n<\/script>\n<\/p><div class=\"wpcf7-response-output\" aria-hidden=\"true\"><\/div>\n<input type=\"hidden\" name=\"trp-form-language\" value=\"fr\"\/><\/form>\n<\/div>\n<\/div>\n<\/div>\n<h2>Configuration de la machine \u00e0 congeler les frites<\/h2>\n<p>Notre tunnel de cong\u00e9lation est compos\u00e9 de divers \u00e9l\u00e9ments qui lui permettent d'obtenir de bons r\u00e9sultats de cong\u00e9lation avec une grande efficacit\u00e9. Lorsque les frites sont transport\u00e9es vers le cong\u00e9lateur, elles arrivent d'abord \u00e0 la station d'alimentation. De l\u00e0, les frites et les autres produits peuvent \u00eatre transport\u00e9s sur un tapis vers le cong\u00e9lateur en douceur. La bande peut \u00eatre nettoy\u00e9e pendant la production. En outre, il y a un vibrateur qui agite doucement les frites sur le tapis \u00e0 une vitesse r\u00e9glable. Ces pi\u00e8ces sont les parties centrales de notre tunnel de cong\u00e9lation pour la ligne de frites congel\u00e9es. En outre, les \u00e9vaporateurs sont construits en interne afin de transf\u00e9rer la chaleur de mani\u00e8re durable et optimale, et le syst\u00e8me de circulation de l'air utilise les derni\u00e8res technologies. Quant \u00e0 l'ext\u00e9rieur du cong\u00e9lateur, il est isol\u00e9 par une hotte en acier inoxydable, ce qui \u00e9vite les pertes d'\u00e9nergie.<\/p>\n<h2>Avantages de la cong\u00e9lation en tunnel des frites<\/h2>\n<ol>\n<li><strong>Durabilit\u00e9<\/strong>. Toute la structure de notre machine de cong\u00e9lation est construite en acier inoxydable, ce qui rend la machine durable et capable de fonctionner pendant longtemps.<\/li>\n<li><strong>Flexibilit\u00e9<\/strong>. Notre tunnel de cong\u00e9lation permet de congeler une large gamme de fruits et l\u00e9gumes, de viandes tranch\u00e9es et de fruits de mer.<\/li>\n<li>\u00a0<strong>Hygi\u00e8ne<\/strong>. L'ensemble de la structure du cong\u00e9lateur, tant \u00e0 l'int\u00e9rieur qu'\u00e0 l'ext\u00e9rieur, est enti\u00e8rement soud\u00e9, ce qui garantit la salubrit\u00e9 du processus. En outre, la machine de cong\u00e9lation est sur\u00e9lev\u00e9e par rapport au sol afin de r\u00e9duire les zones de r\u00e9tention des bact\u00e9ries.<\/li>\n<li><strong>Installation facile<\/strong>. Notre cong\u00e9lateur \u00e0 frites ne n\u00e9cessite pas de rev\u00eatement de sol sp\u00e9cial. Toutes les pi\u00e8ces peuvent \u00eatre assembl\u00e9es facilement.<\/li>\n<li><strong>Facilit\u00e9 d'entretien<\/strong>. Tous les composants sont facilement accessibles, ce qui permet un nettoyage rapide et un entretien approfondi.<\/li>\n<li><strong>Conception du client<\/strong>. Les configurations de nos tunnels de cong\u00e9lation peuvent \u00eatre construites pour r\u00e9pondre \u00e0 vos besoins.<br \/>\n\n<div class=\"wpcf7 no-js\" id=\"wpcf7-f385-o2\" lang=\"en-US\" dir=\"ltr\" data-wpcf7-id=\"385\">\n<div class=\"screen-reader-response\"><p role=\"status\" aria-live=\"polite\" aria-atomic=\"true\"><\/p> <ul><\/ul><\/div>\n<form action=\"\/fr\/wp-json\/wp\/v2\/pages\/269#wpcf7-f385-o2\" method=\"post\" class=\"wpcf7-form init\" aria-label=\"Formulaire de contact\" novalidate=\"novalidate\" data-status=\"init\" data-trp-original-action=\"\/fr\/wp-json\/wp\/v2\/pages\/269#wpcf7-f385-o2\">\n<fieldset class=\"hidden-fields-container\"><input type=\"hidden\" name=\"_wpcf7\" value=\"385\" \/><input type=\"hidden\" name=\"_wpcf7_version\" value=\"6.1.1\" \/><input type=\"hidden\" name=\"_wpcf7_locale\" value=\"en_US\" \/><input type=\"hidden\" name=\"_wpcf7_unit_tag\" value=\"wpcf7-f385-o2\" \/><input type=\"hidden\" name=\"_wpcf7_container_post\" value=\"0\" \/><input type=\"hidden\" name=\"_wpcf7_posted_data_hash\" value=\"\" \/>\n<\/fieldset>\n<div class=\"leave-message-blockall\">\n\t<div class=\"leave-message-block\">\n\t\t<div class=\"leave-top\">\n\t\t\t<p>Veuillez remplir le formulaire ci-dessous pour obtenir les prix.\n\t\t\t<\/p>\n\t\t<\/div>\n\t\t<div class=\"leave-name\">\n\t\t\t<div class=\"leave-name-t\">\n\t\t\t\t<p>Votre nom :\n\t\t\t\t<\/p>\n\t\t\t<\/div>\n\t\t\t<p><span class=\"wpcf7-form-control-wrap\" data-name=\"your-name\"><input size=\"40\" maxlength=\"400\" class=\"wpcf7-form-control wpcf7-text\" aria-invalid=\"false\" value=\"\" type=\"text\" name=\"your-name\" \/><\/span>\n\t\t\t<\/p>\n\t\t<\/div>\n\t\t<div class=\"leave-email\">\n\t\t\t<div class=\"leave-email-t\">\n\t\t\t\t<p>Votre adresse \u00e9lectronique (obligatoire) :\n\t\t\t\t<\/p>\n\t\t\t<\/div>\n\t\t\t<p><span class=\"wpcf7-form-control-wrap\" data-name=\"your-email\"><input size=\"40\" maxlength=\"400\" class=\"wpcf7-form-control wpcf7-email wpcf7-validates-as-required wpcf7-text wpcf7-validates-as-email\" aria-required=\"true\" aria-invalid=\"false\" value=\"\" type=\"email\" name=\"your-email\" \/><\/span>\n\t\t\t<\/p>\n\t\t<\/div>\n\t\t<div class=\"leave-tel\">\n\t\t\t<div class=\"leave-tel-t\">\n\t\t\t\t<p>Votre T\u00e9l(obligatoire) :\n\t\t\t\t<\/p>\n\t\t\t<\/div>\n\t\t\t<p><span class=\"wpcf7-form-control-wrap\" data-name=\"your-tel\"><input size=\"40\" maxlength=\"400\" class=\"wpcf7-form-control wpcf7-tel wpcf7-validates-as-required wpcf7-text wpcf7-validates-as-tel\" aria-required=\"true\" aria-invalid=\"false\" placeholder=\"Veuillez ajouter les codes de pays\" value=\"\" type=\"tel\" name=\"your-tel\" \/><\/span>\n\t\t\t<\/p>\n\t\t<\/div>\n\t\t<div class=\"leave-country\">\n\t\t\t<div class=\"leave-country-t\">\n\t\t\t\t<p>Votre pays :\n\t\t\t\t<\/p>\n\t\t\t<\/div>\n\t\t\t<p><span class=\"wpcf7-form-control-wrap\" data-name=\"your-country\"><input size=\"40\" maxlength=\"400\" class=\"wpcf7-form-control wpcf7-text\" aria-invalid=\"false\" value=\"\" type=\"text\" name=\"your-country\" \/><\/span>\n\t\t\t<\/p>\n\t\t<\/div>\n\t\t<div class=\"leave-require\">\n\t\t\t<div class=\"leave-require-t\">\n\t\t\t\t<p>Votre message (obligatoire) :\n\t\t\t\t<\/p>\n\t\t\t<\/div>\n\t\t\t<p><span class=\"wpcf7-form-control-wrap\" data-name=\"your-message\"><textarea cols=\"40\" rows=\"10\" maxlength=\"2000\" class=\"wpcf7-form-control wpcf7-textarea wpcf7-validates-as-required\" aria-required=\"true\" aria-invalid=\"false\" placeholder=\"Conseils : mati\u00e8re premi\u00e8re, produit souhait\u00e9, capacit\u00e9, \u00e9quipement auxiliaire, etc.\" name=\"your-message\"><\/textarea><\/span>\n\t\t\t<\/p>\n\t\t<\/div>\n\t\t<div class=\"leave-Send\">\n\t\t\t<p><input class=\"wpcf7-form-control wpcf7-submit has-spinner\" type=\"submit\" value=\"Envoyer\" \/>\n\t\t\t<\/p>\n\t\t<\/div>\n\t<\/div>\n<\/div><input type=\"hidden\" id=\"ct_checkjs_cf7_ad972f10e0800b49d76fed33a21f6698\" name=\"ct_checkjs_cf7\" value=\"0\" \/><script >setTimeout(function(){var ct_input_name = \"ct_checkjs_cf7_ad972f10e0800b49d76fed33a21f6698\";if (document.getElementById(ct_input_name) !== null) {var ct_input_value = document.getElementById(ct_input_name).value;document.getElementById(ct_input_name).value = document.getElementById(ct_input_name).value.replace(ct_input_value, 'dba04424690aafc408c5cb41194f71da80590051ae3ed0048d37dfc87b0d215e');}}, 1000);<\/script><input\n                    class=\"apbct_special_field apbct_email_id__wp_contact_form_7\"\n                    name=\"apbct__email_id__wp_contact_form_7\"\n                    aria-label=\"apbct__label_id__wp_contact_form_7\"\n                    type=\"text\" size=\"30\" maxlength=\"200\" autocomplete=\"off\"\n                    value=\"\"\n                \/><p style=\"display: none !important;\" class=\"akismet-fields-container\" data-prefix=\"_wpcf7_ak_\"><label>&#916;<textarea name=\"_wpcf7_ak_hp_textarea\" cols=\"45\" rows=\"8\" maxlength=\"100\"><\/textarea><\/label><input type=\"hidden\" id=\"ak_js_2\" name=\"_wpcf7_ak_js\" value=\"42\"\/><script>\ndocument.getElementById( \"ak_js_2\" ).setAttribute( \"value\", ( new Date() ).getTime() );\n<\/script>\n<\/p><div class=\"wpcf7-response-output\" aria-hidden=\"true\"><\/div>\n<input type=\"hidden\" name=\"trp-form-language\" value=\"fr\"\/><\/form>\n<\/div>\n<\/li>\n<\/ol>\n<div style='text-align:left' class='yasr-auto-insert-visitor'><\/div>","protected":false},"excerpt":{"rendered":"<p>Tunnel freezer is also known as freezing machine. It is widely used in frozen french fries line and other frozen vegetables and fruits processing line. Generally, it can be used to freeze fruits, french fries, cut and dice meat, seafood and others. In frozen french fries production plant, the freezer is a vital machine. Usually, &#8230; <a title=\"Machine de cong\u00e9lation \u00e0 tunnel\" class=\"read-more\" href=\"https:\/\/www.snackfoodm.com\/fr\/tunnel-freezer-machine\/\" aria-label=\"Plus sur Tunnel Freezer Machine\">Lire plus<\/a><\/p>","protected":false},"author":1,"featured_media":0,"parent":0,"menu_order":0,"comment_status":"closed","ping_status":"closed","template":"","meta":{"generate_page_header":"","yasr_overall_rating":0,"yasr_post_is_review":"","yasr_auto_insert_disabled":"","yasr_review_type":"","footnotes":""},"class_list":["post-269","page","type-page","status-publish"],"yoast_head":"<!-- This site is optimized with the Yoast SEO plugin v25.8 - https:\/\/yoast.com\/wordpress\/plugins\/seo\/ -->\n<title>Tunnel Freezer Machine - Quick Freezing Machine for Frozen Fries Line<\/title>\n<meta name=\"description\" content=\"Tunnel freezer machine for frozen French fries, sliced meat and seafood, ect. Quality instant freezing machine with high efficiency. Find out more here.\" \/>\n<meta name=\"robots\" content=\"index, follow, max-snippet:-1, max-image-preview:large, max-video-preview:-1\" \/>\n<link rel=\"canonical\" href=\"https:\/\/www.snackfoodm.com\/fr\/tunnel-freezer-machine\/\" \/>\n<meta property=\"og:locale\" content=\"fr_FR\" \/>\n<meta property=\"og:type\" content=\"article\" \/>\n<meta property=\"og:title\" content=\"Tunnel Freezer Machine - Quick Freezing Machine for Frozen Fries Line\" \/>\n<meta property=\"og:description\" content=\"Tunnel freezer machine for frozen French fries, sliced meat and seafood, ect. Quality instant freezing machine with high efficiency. Find out more here.\" \/>\n<meta property=\"og:url\" content=\"https:\/\/www.snackfoodm.com\/fr\/tunnel-freezer-machine\/\" \/>\n<meta property=\"og:site_name\" content=\"Professional Potato Chips and French Fry Process Line Manufacturer\" \/>\n<meta property=\"article:modified_time\" content=\"2020-03-06T09:29:44+00:00\" \/>\n<meta property=\"og:image\" content=\"https:\/\/www.snackfoodm.com\/wp-content\/uploads\/2020\/02\/french-fries-quick-freezer-machine-in-gelgoog.jpg\" \/>\n\t<meta property=\"og:image:width\" content=\"630\" \/>\n\t<meta property=\"og:image:height\" content=\"400\" \/>\n\t<meta property=\"og:image:type\" content=\"image\/jpeg\" \/>\n<meta name=\"twitter:card\" content=\"summary_large_image\" \/>\n<meta name=\"twitter:label1\" content=\"Dur\u00e9e de lecture estim\u00e9e\" \/>\n\t<meta name=\"twitter:data1\" content=\"2 minutes\" \/>\n<script type=\"application\/ld+json\" class=\"yoast-schema-graph\">{\"@context\":\"https:\/\/schema.org\",\"@graph\":[{\"@type\":\"WebPage\",\"@id\":\"https:\/\/www.snackfoodm.com\/ru\/tunnel-freezer-machine\/\",\"url\":\"https:\/\/www.snackfoodm.com\/ru\/tunnel-freezer-machine\/\",\"name\":\"Tunnel Freezer Machine - Quick Freezing Machine for Frozen Fries Line\",\"isPartOf\":{\"@id\":\"https:\/\/www.snackfoodm.com\/#website\"},\"primaryImageOfPage\":{\"@id\":\"https:\/\/www.snackfoodm.com\/ru\/tunnel-freezer-machine\/#primaryimage\"},\"image\":{\"@id\":\"https:\/\/www.snackfoodm.com\/ru\/tunnel-freezer-machine\/#primaryimage\"},\"thumbnailUrl\":\"https:\/\/www.snackfoodm.com\/wp-content\/uploads\/2020\/02\/french-fries-quick-freezer-machine-in-gelgoog.jpg\",\"datePublished\":\"2020-02-12T04:07:34+00:00\",\"dateModified\":\"2020-03-06T09:29:44+00:00\",\"description\":\"Tunnel freezer machine for frozen French fries, sliced meat and seafood, ect. Quality instant freezing machine with high efficiency. Find out more here.\",\"breadcrumb\":{\"@id\":\"https:\/\/www.snackfoodm.com\/ru\/tunnel-freezer-machine\/#breadcrumb\"},\"inLanguage\":\"fr-FR\",\"potentialAction\":[{\"@type\":\"ReadAction\",\"target\":[\"https:\/\/www.snackfoodm.com\/ru\/tunnel-freezer-machine\/\"]}]},{\"@type\":\"ImageObject\",\"inLanguage\":\"fr-FR\",\"@id\":\"https:\/\/www.snackfoodm.com\/ru\/tunnel-freezer-machine\/#primaryimage\",\"url\":\"https:\/\/www.snackfoodm.com\/wp-content\/uploads\/2020\/02\/french-fries-quick-freezer-machine-in-gelgoog.jpg\",\"contentUrl\":\"https:\/\/www.snackfoodm.com\/wp-content\/uploads\/2020\/02\/french-fries-quick-freezer-machine-in-gelgoog.jpg\"},{\"@type\":\"BreadcrumbList\",\"@id\":\"https:\/\/www.snackfoodm.com\/ru\/tunnel-freezer-machine\/#breadcrumb\",\"itemListElement\":[{\"@type\":\"ListItem\",\"position\":1,\"name\":\"\u9996\u9875\",\"item\":\"https:\/\/www.snackfoodm.com\/\"},{\"@type\":\"ListItem\",\"position\":2,\"name\":\"Tunnel Freezer Machine\"}]},{\"@type\":\"WebSite\",\"@id\":\"https:\/\/www.snackfoodm.com\/#website\",\"url\":\"https:\/\/www.snackfoodm.com\/\",\"name\":\"Professional Potato Chips and French Fry Process Line Manufacturer\",\"description\":\"Turnkey Solutions for Chips and French Fries Production Line\",\"publisher\":{\"@id\":\"https:\/\/www.snackfoodm.com\/#organization\"},\"potentialAction\":[{\"@type\":\"SearchAction\",\"target\":{\"@type\":\"EntryPoint\",\"urlTemplate\":\"https:\/\/www.snackfoodm.com\/?s={search_term_string}\"},\"query-input\":{\"@type\":\"PropertyValueSpecification\",\"valueRequired\":true,\"valueName\":\"search_term_string\"}}],\"inLanguage\":\"fr-FR\"},{\"@type\":\"Organization\",\"@id\":\"https:\/\/www.snackfoodm.com\/#organization\",\"name\":\"Professional Potato Chips and French Fry Process Line Manufacturer\",\"url\":\"https:\/\/www.snackfoodm.com\/\",\"logo\":{\"@type\":\"ImageObject\",\"inLanguage\":\"fr-FR\",\"@id\":\"https:\/\/www.snackfoodm.com\/#\/schema\/logo\/image\/\",\"url\":\"https:\/\/www.snackfoodm.com\/wp-content\/uploads\/2020\/02\/cropped-\u65b0\u7248LOGO1-3.png\",\"contentUrl\":\"https:\/\/www.snackfoodm.com\/wp-content\/uploads\/2020\/02\/cropped-\u65b0\u7248LOGO1-3.png\",\"width\":163,\"height\":85,\"caption\":\"Professional Potato Chips and French Fry Process Line Manufacturer\"},\"image\":{\"@id\":\"https:\/\/www.snackfoodm.com\/#\/schema\/logo\/image\/\"}},false]}<\/script>\n<!-- \/ Yoast SEO plugin. -->","yoast_head_json":{"title":"Tunnel de cong\u00e9lation - Machine de cong\u00e9lation rapide pour ligne de frites surgel\u00e9es","description":"Machine de cong\u00e9lation en tunnel pour les frites congel\u00e9es, les tranches de viande et de fruits de mer, etc. Machine de cong\u00e9lation instantan\u00e9e de qualit\u00e9 \u00e0 haute efficacit\u00e9. Pour en savoir plus, cliquez ici.","robots":{"index":"index","follow":"follow","max-snippet":"max-snippet:-1","max-image-preview":"max-image-preview:large","max-video-preview":"max-video-preview:-1"},"canonical":"https:\/\/www.snackfoodm.com\/fr\/tunnel-freezer-machine\/","og_locale":"fr_FR","og_type":"article","og_title":"Tunnel Freezer Machine - Quick Freezing Machine for Frozen Fries Line","og_description":"Tunnel freezer machine for frozen French fries, sliced meat and seafood, ect. Quality instant freezing machine with high efficiency. Find out more here.","og_url":"https:\/\/www.snackfoodm.com\/fr\/tunnel-freezer-machine\/","og_site_name":"Professional Potato Chips and French Fry Process Line Manufacturer","article_modified_time":"2020-03-06T09:29:44+00:00","og_image":[{"width":630,"height":400,"url":"https:\/\/www.snackfoodm.com\/wp-content\/uploads\/2020\/02\/french-fries-quick-freezer-machine-in-gelgoog.jpg","type":"image\/jpeg"}],"twitter_card":"summary_large_image","twitter_misc":{"Dur\u00e9e de lecture estim\u00e9e":"2 minutes"},"schema":{"@context":"https:\/\/schema.org","@graph":[{"@type":"WebPage","@id":"https:\/\/www.snackfoodm.com\/ru\/tunnel-freezer-machine\/","url":"https:\/\/www.snackfoodm.com\/ru\/tunnel-freezer-machine\/","name":"Tunnel de cong\u00e9lation - Machine de cong\u00e9lation rapide pour ligne de frites surgel\u00e9es","isPartOf":{"@id":"https:\/\/www.snackfoodm.com\/#website"},"primaryImageOfPage":{"@id":"https:\/\/www.snackfoodm.com\/ru\/tunnel-freezer-machine\/#primaryimage"},"image":{"@id":"https:\/\/www.snackfoodm.com\/ru\/tunnel-freezer-machine\/#primaryimage"},"thumbnailUrl":"https:\/\/www.snackfoodm.com\/wp-content\/uploads\/2020\/02\/french-fries-quick-freezer-machine-in-gelgoog.jpg","datePublished":"2020-02-12T04:07:34+00:00","dateModified":"2020-03-06T09:29:44+00:00","description":"Machine de cong\u00e9lation en tunnel pour les frites congel\u00e9es, les tranches de viande et de fruits de mer, etc. Machine de cong\u00e9lation instantan\u00e9e de qualit\u00e9 \u00e0 haute efficacit\u00e9. Pour en savoir plus, cliquez ici.","breadcrumb":{"@id":"https:\/\/www.snackfoodm.com\/ru\/tunnel-freezer-machine\/#breadcrumb"},"inLanguage":"fr-FR","potentialAction":[{"@type":"ReadAction","target":["https:\/\/www.snackfoodm.com\/ru\/tunnel-freezer-machine\/"]}]},{"@type":"ImageObject","inLanguage":"fr-FR","@id":"https:\/\/www.snackfoodm.com\/ru\/tunnel-freezer-machine\/#primaryimage","url":"https:\/\/www.snackfoodm.com\/wp-content\/uploads\/2020\/02\/french-fries-quick-freezer-machine-in-gelgoog.jpg","contentUrl":"https:\/\/www.snackfoodm.com\/wp-content\/uploads\/2020\/02\/french-fries-quick-freezer-machine-in-gelgoog.jpg"},{"@type":"BreadcrumbList","@id":"https:\/\/www.snackfoodm.com\/ru\/tunnel-freezer-machine\/#breadcrumb","itemListElement":[{"@type":"ListItem","position":1,"name":"\u9996\u9875","item":"https:\/\/www.snackfoodm.com\/"},{"@type":"ListItem","position":2,"name":"Tunnel Freezer Machine"}]},{"@type":"WebSite","@id":"https:\/\/www.snackfoodm.com\/#website","url":"https:\/\/www.snackfoodm.com\/","name":"Fabricant professionnel de lignes de production de chips et de frites","description":"Solutions cl\u00e9s en main pour une ligne de production de chips et de frites","publisher":{"@id":"https:\/\/www.snackfoodm.com\/#organization"},"potentialAction":[{"@type":"SearchAction","target":{"@type":"EntryPoint","urlTemplate":"https:\/\/www.snackfoodm.com\/?s={search_term_string}"},"query-input":{"@type":"PropertyValueSpecification","valueRequired":true,"valueName":"search_term_string"}}],"inLanguage":"fr-FR"},{"@type":"Organization","@id":"https:\/\/www.snackfoodm.com\/#organization","name":"Fabricant professionnel de lignes de production de chips et de frites","url":"https:\/\/www.snackfoodm.com\/","logo":{"@type":"ImageObject","inLanguage":"fr-FR","@id":"https:\/\/www.snackfoodm.com\/#\/schema\/logo\/image\/","url":"https:\/\/www.snackfoodm.com\/wp-content\/uploads\/2020\/02\/cropped-\u65b0\u7248LOGO1-3.png","contentUrl":"https:\/\/www.snackfoodm.com\/wp-content\/uploads\/2020\/02\/cropped-\u65b0\u7248LOGO1-3.png","width":163,"height":85,"caption":"Professional Potato Chips and French Fry Process Line Manufacturer"},"image":{"@id":"https:\/\/www.snackfoodm.com\/#\/schema\/logo\/image\/"}},false]}},"yasr_visitor_votes":{"stars_attributes":{"read_only":false,"span_bottom":false},"number_of_votes":0,"sum_votes":0},"_links":{"self":[{"href":"https:\/\/www.snackfoodm.com\/fr\/wp-json\/wp\/v2\/pages\/269","targetHints":{"allow":["GET"]}}],"collection":[{"href":"https:\/\/www.snackfoodm.com\/fr\/wp-json\/wp\/v2\/pages"}],"about":[{"href":"https:\/\/www.snackfoodm.com\/fr\/wp-json\/wp\/v2\/types\/page"}],"author":[{"embeddable":true,"href":"https:\/\/www.snackfoodm.com\/fr\/wp-json\/wp\/v2\/users\/1"}],"replies":[{"embeddable":true,"href":"https:\/\/www.snackfoodm.com\/fr\/wp-json\/wp\/v2\/comments?post=269"}],"version-history":[{"count":1,"href":"https:\/\/www.snackfoodm.com\/fr\/wp-json\/wp\/v2\/pages\/269\/revisions"}],"predecessor-version":[{"id":720,"href":"https:\/\/www.snackfoodm.com\/fr\/wp-json\/wp\/v2\/pages\/269\/revisions\/720"}],"wp:attachment":[{"href":"https:\/\/www.snackfoodm.com\/fr\/wp-json\/wp\/v2\/media?parent=269"}],"curies":[{"name":"wp","href":"https:\/\/api.w.org\/{rel}","templated":true}]}}