{"id":306,"date":"2020-02-12T19:20:34","date_gmt":"2020-02-12T11:20:34","guid":{"rendered":"https:\/\/www.snackfoodm.com\/?page_id=306"},"modified":"2020-02-17T18:50:32","modified_gmt":"2020-02-17T10:50:32","slug":"about-us","status":"publish","type":"page","link":"https:\/\/www.snackfoodm.com\/fr\/about-us\/","title":{"rendered":"\u00c0 propos de"},"content":{"rendered":"<p><a href=\"https:\/\/www.snackfoodm.com\/fr\/\">Machines Gelgoog<\/a> est situ\u00e9e \u00e0 Zhengzhou, dans la province du Henan. Fond\u00e9e en 2010, nous sommes sp\u00e9cialis\u00e9s dans la transformation des chips et des frites. Gr\u00e2ce \u00e0 notre riche exp\u00e9rience et \u00e0 nos connaissances professionnelles, nous pouvons vous proposer des solutions sur mesure pour votre ligne de production de chips et de frites, ainsi que des machines autonomes. Nous am\u00e9liorons constamment nos technologies pour r\u00e9pondre aux besoins et aux exigences des clients, en proposant des \u00e9quipements de haute performance.<\/p>\n<p>Quant \u00e0 nos chips et <a href=\"https:\/\/www.snackfoodm.com\/fr\/frozen-french-fries-production-line\/\">lignes de fabrication de frites<\/a>Avec nos machines de haute qualit\u00e9, nous nous assurons que vous pouvez produire des produits finis optimaux. Qu'il s'agisse d'une ligne de traitement \u00e0 grande \u00e9chelle pour les chips et les frites ou d'un \u00e9quipement individuel, nous ne vous proposons que les mieux adapt\u00e9s. Le choix d'une ligne de production adapt\u00e9e est vital pour le succ\u00e8s de votre entreprise de fabrication de chips et de frites. N'h\u00e9sitez pas \u00e0 contacter nos collaborateurs pour plus d'informations.<\/p>\n<div class=\"pt-cv-wrapper\"><div class=\"pt-cv-view pt-cv-grid pt-cv-colsys pt-cv-sharp-buttons\" id=\"pt-cv-view-94aa22e638\"><div data-id=\"pt-cv-page-1\" class=\"pt-cv-page\" data-cvc=\"2\"><div class=\"col-md-6 col-sm-6 col-xs-12 pt-cv-content-item pt-cv-1-col\"  data-pid=\"231\"><div class='pt-cv-ifield'><a href=\"https:\/\/www.snackfoodm.com\/fr\/potato-chips-production-line\/\" class=\"_blank pt-cv-href-thumbnail pt-cv-thumb-default cvplbd\" target=\"_blank\" ><img loading=\"lazy\" decoding=\"async\" width=\"470\" height=\"253\" src=\"https:\/\/www.snackfoodm.com\/wp-content\/uploads\/2020\/02\/potato-chips-production-line-470x253.jpg\" class=\"pt-cv-thumbnail img-none\" alt=\"usine de fabrication de chips\" srcset=\"https:\/\/www.snackfoodm.com\/wp-content\/uploads\/2020\/02\/potato-chips-production-line-470x253.jpg\" sizes=\"auto, (max-width: 460px) 100vw, 460px\" \/><\/a>\n<h4 class=\"pt-cv-title\"><a href=\"https:\/\/www.snackfoodm.com\/fr\/potato-chips-production-line\/\" class=\"_blank cvplbd\" target=\"_blank\" >Ligne de production de chips<\/a><\/h4>\n<div class=\"pt-cv-content\">La ligne de production de chips est \u00e9galement connue sous le nom de ligne de traitement des chips, ou simplement de ligne de production de chips. Il s'agit d'un ensemble complet de machines permettant de produire des chips croustillantes tr\u00e8s appr\u00e9ci\u00e9es \u00e0 partir de pommes de terre fra\u00eeches. Pour obtenir des chips de bonne qualit\u00e9, chaque ...<br \/><div class=\"pt-cv-rmwrap\"><a href=\"https:\/\/www.snackfoodm.com\/fr\/potato-chips-production-line\/\" class=\"_blank pt-cv-readmore btn btn-success cvplbd\" target=\"_blank\">Obtenir des prix<\/a><\/div><\/div><\/div><\/div>\n<div class=\"col-md-6 col-sm-6 col-xs-12 pt-cv-content-item pt-cv-1-col\"  data-pid=\"237\"><div class='pt-cv-ifield'><a href=\"https:\/\/www.snackfoodm.com\/fr\/french-fries-production-line\/\" class=\"_blank pt-cv-href-thumbnail pt-cv-thumb-default cvplbd\" target=\"_blank\" ><img loading=\"lazy\" decoding=\"async\" width=\"470\" height=\"253\" src=\"https:\/\/www.snackfoodm.com\/wp-content\/uploads\/2020\/07\/french-fries-production-line-machines-470x253.jpg\" class=\"pt-cv-thumbnail img-none\" alt=\"ligne de production de frites surgel\u00e9es\" srcset=\"https:\/\/www.snackfoodm.com\/wp-content\/uploads\/2020\/07\/french-fries-production-line-machines-470x253.jpg\" sizes=\"auto, (max-width: 460px) 100vw, 460px\" \/><\/a>\n<h4 class=\"pt-cv-title\"><a href=\"https:\/\/www.snackfoodm.com\/fr\/french-fries-production-line\/\" class=\"_blank cvplbd\" target=\"_blank\" >Ligne de production de frites<\/a><\/h4>\n<div class=\"pt-cv-content\">Ligne de production de frites \u00e0 vendre \u00e0 Gelgoog. L'usine de production de frites, \u00e9galement connue sous le nom d'usine de fabrication de bandes de pommes de terre, est une ligne de processus compl\u00e8te pour la fabrication de frites \u00e0 partir de pommes de terre. Comme les chips, les frites sont \u00e9galement populaires ...<br \/><div class=\"pt-cv-rmwrap\"><a href=\"https:\/\/www.snackfoodm.com\/fr\/french-fries-production-line\/\" class=\"_blank pt-cv-readmore btn btn-success cvplbd\" target=\"_blank\">Obtenir des prix<\/a><\/div><\/div><\/div><\/div>\n<div class=\"col-md-6 col-sm-6 col-xs-12 pt-cv-content-item pt-cv-1-col\"  data-pid=\"239\"><div class='pt-cv-ifield'><a href=\"https:\/\/www.snackfoodm.com\/fr\/frozen-french-fries-production-line\/\" class=\"_blank pt-cv-href-thumbnail pt-cv-thumb-default cvplbd\" target=\"_blank\" ><img decoding=\"async\" width=\"470\" src=\"https:\/\/www.snackfoodm.com\/wp-content\/uploads\/2020\/02\/automatic-frozen-french-fries-making-machine-470x253.jpg\" class=\"pt-cv-thumbnail img-none cvp-substitute\" alt=\"usine de transformation de frites congel\u00e9es pour la vente\" style=\"width: 470px;\" \/><\/a>\n<h4 class=\"pt-cv-title\"><a href=\"https:\/\/www.snackfoodm.com\/fr\/frozen-french-fries-production-line\/\" class=\"_blank cvplbd\" target=\"_blank\" >Ligne de production de frites surgel\u00e9es<\/a><\/h4>\n<div class=\"pt-cv-content\">La ligne de production de frites surgel\u00e9es est \u00e9galement connue sous le nom d'usine de transformation de frites surgel\u00e9es ou simplement de ligne de production de frites surgel\u00e9es. La ligne permet de transformer les pommes de terre fra\u00eeches en leur version \u00e0 valeur ajout\u00e9e : les frites surgel\u00e9es. Les frites surgel\u00e9es peuvent \u00eatre ...<br \/><div class=\"pt-cv-rmwrap\"><a href=\"https:\/\/www.snackfoodm.com\/fr\/frozen-french-fries-production-line\/\" class=\"_blank pt-cv-readmore btn btn-success cvplbd\" target=\"_blank\">Obtenir des prix<\/a><\/div><\/div><\/div><\/div>\n<div class=\"col-md-6 col-sm-6 col-xs-12 pt-cv-content-item pt-cv-1-col\"  data-pid=\"354\"><div class='pt-cv-ifield'><a href=\"https:\/\/www.snackfoodm.com\/fr\/potato-process-machinery\/\" class=\"_blank pt-cv-href-thumbnail pt-cv-thumb-default cvplbd\" target=\"_blank\" ><img loading=\"lazy\" decoding=\"async\" width=\"470\" height=\"253\" src=\"https:\/\/www.snackfoodm.com\/wp-content\/uploads\/2020\/02\/continuous-frying-machine-for-chips-and-french-fries-in-gelgoog-470x253.jpg\" class=\"pt-cv-thumbnail img-none\" alt=\"fabricant de friteuses de pommes de terre et de frites\" srcset=\"https:\/\/www.snackfoodm.com\/wp-content\/uploads\/2020\/02\/continuous-frying-machine-for-chips-and-french-fries-in-gelgoog-470x253.jpg\" sizes=\"auto, (max-width: 398px) 100vw, 398px\" \/><\/a>\n<h4 class=\"pt-cv-title\"><a href=\"https:\/\/www.snackfoodm.com\/fr\/potato-process-machinery\/\" class=\"_blank cvplbd\" target=\"_blank\" >Machines de traitement des pommes de terre<\/a><\/h4>\n<div class=\"pt-cv-content\">Outre les lignes de production de chips et de frites, nous fournissons \u00e9galement des machines de traitement individuelles de qualit\u00e9. Comme nous le savons tous, la production de chips et de frites \u00e0 partir de pommes de terre fra\u00eeches doit passer par plusieurs processus, depuis le tri et le calibrage initiaux jusqu'\u00e0 ...<br \/><div class=\"pt-cv-rmwrap\"><a href=\"https:\/\/www.snackfoodm.com\/fr\/potato-process-machinery\/\" class=\"_blank pt-cv-readmore btn btn-success cvplbd\" target=\"_blank\">Obtenir des prix<\/a><\/div><\/div><\/div><\/div><\/div><\/div><\/div>\t\t\t<style type=\"text\/css\" id=\"pt-cv-inline-style-7e5def757q\">#pt-cv-view-94aa22e638.pt-cv-post-border { margin: 0; border-top-width: 1px; border-left-width: 1px }\n#pt-cv-view-94aa22e638.pt-cv-post-border { margin: 0; border-top-style: solid; border-left-style: solid }\n#pt-cv-view-94aa22e638.pt-cv-post-border .pt-cv-content-item   { border-right-width: 1px; border-bottom-width: 1px; border-right-style: solid; border-bottom-style: solid; }\n#pt-cv-view-94aa22e638 .pt-cv-title a, #pt-cv-view-94aa22e638  .panel-title { font-weight: 600 !important; }\n#pt-cv-view-94aa22e638  .pt-cv-hover-wrapper::before   { background-color: rgba(0,0,0,.3) !important; }\n#pt-cv-view-94aa22e638  .pt-cv-content-item:hover .pt-cv-hover-wrapper::before   { background-color: rgba(51,51,51,.6) !important; }\n#pt-cv-view-94aa22e638:not(.pt-cv-nohover) .pt-cv-mask *   { color: #fff; }\n#pt-cv-view-94aa22e638 .pt-cv-carousel-caption  { background-color: rgba(51,51,51,.6) !important; }\n#pt-cv-view-94aa22e638 .pt-cv-specialp * { color: #fff !important; background-color: #CC3333 !important; }\n#pt-cv-view-94aa22e638 .pt-cv-pficon  { color: #bbb !important; }\n#pt-cv-view-94aa22e638  .add_to_cart_button, #pt-cv-view-94aa22e638  .add_to_cart_button *   { color: #ffffff !important; background-color: #00aeef !important; }\n#pt-cv-view-94aa22e638  .woocommerce-onsale   { color: #ffffff !important; background-color: #ff5a5f !important; }\n#pt-cv-view-94aa22e638 .pt-cv-readmore  { color: #ffffff !important; background-color: #dd3333 !important; }\n#pt-cv-view-94aa22e638 .pt-cv-readmore:hover  { color: #ffffff !important; background-color: #00aeef !important; }\n#pt-cv-view-94aa22e638  + .pt-cv-pagination-wrapper .pt-cv-more , #pt-cv-view-94aa22e638  + .pt-cv-pagination-wrapper .pagination .active a { color: #ffffff !important; background-color: #00aeef !important; }\n[id^='pt-cv-filter-bar-94aa22e638'] .active.pt-cv-filter-option, [id^='pt-cv-filter-bar-94aa22e638'] .active .pt-cv-filter-option, [id^='pt-cv-filter-bar-94aa22e638'] .selected.pt-cv-filter-option, [id^='pt-cv-filter-bar-94aa22e638'] .dropdown-toggle   { color: #fff !important; background-color: #00aeef !important; }\n[id^='pt-cv-filter-bar-94aa22e638'] .pt-cv-filter-title   { color: #fff !important; background-color: #00aeef !important; }\n#pt-cv-gls-94aa22e638 li a.pt-active   { color: #fff !important; background-color: #ff5a5f !important; }\n#pt-cv-view-94aa22e638 .pt-cv-gls-header  { color: #fff !important; background-color: #00aeef !important; }<\/style>\r\n\t\t\t\n\n<div class=\"wpcf7 no-js\" id=\"wpcf7-f385-o1\" lang=\"en-US\" dir=\"ltr\" data-wpcf7-id=\"385\">\n<div class=\"screen-reader-response\"><p role=\"status\" aria-live=\"polite\" aria-atomic=\"true\"><\/p> <ul><\/ul><\/div>\n<form action=\"\/fr\/wp-json\/wp\/v2\/pages\/306#wpcf7-f385-o1\" method=\"post\" class=\"wpcf7-form init\" aria-label=\"Formulaire de contact\" novalidate=\"novalidate\" data-status=\"init\" data-trp-original-action=\"\/fr\/wp-json\/wp\/v2\/pages\/306#wpcf7-f385-o1\">\n<fieldset class=\"hidden-fields-container\"><input type=\"hidden\" name=\"_wpcf7\" value=\"385\" \/><input type=\"hidden\" name=\"_wpcf7_version\" value=\"6.1.1\" \/><input type=\"hidden\" name=\"_wpcf7_locale\" value=\"en_US\" \/><input type=\"hidden\" name=\"_wpcf7_unit_tag\" value=\"wpcf7-f385-o1\" \/><input type=\"hidden\" name=\"_wpcf7_container_post\" value=\"0\" \/><input type=\"hidden\" name=\"_wpcf7_posted_data_hash\" value=\"\" \/>\n<\/fieldset>\n<div class=\"leave-message-blockall\">\n\t<div class=\"leave-message-block\">\n\t\t<div class=\"leave-top\">\n\t\t\t<p>Veuillez remplir le formulaire ci-dessous pour obtenir les prix.\n\t\t\t<\/p>\n\t\t<\/div>\n\t\t<div class=\"leave-name\">\n\t\t\t<div class=\"leave-name-t\">\n\t\t\t\t<p>Votre nom :\n\t\t\t\t<\/p>\n\t\t\t<\/div>\n\t\t\t<p><span class=\"wpcf7-form-control-wrap\" data-name=\"your-name\"><input size=\"40\" maxlength=\"400\" class=\"wpcf7-form-control wpcf7-text\" aria-invalid=\"false\" value=\"\" type=\"text\" name=\"your-name\" \/><\/span>\n\t\t\t<\/p>\n\t\t<\/div>\n\t\t<div class=\"leave-email\">\n\t\t\t<div class=\"leave-email-t\">\n\t\t\t\t<p>Votre adresse \u00e9lectronique (obligatoire) :\n\t\t\t\t<\/p>\n\t\t\t<\/div>\n\t\t\t<p><span class=\"wpcf7-form-control-wrap\" data-name=\"your-email\"><input size=\"40\" maxlength=\"400\" class=\"wpcf7-form-control wpcf7-email wpcf7-validates-as-required wpcf7-text wpcf7-validates-as-email\" aria-required=\"true\" aria-invalid=\"false\" value=\"\" type=\"email\" name=\"your-email\" \/><\/span>\n\t\t\t<\/p>\n\t\t<\/div>\n\t\t<div class=\"leave-tel\">\n\t\t\t<div class=\"leave-tel-t\">\n\t\t\t\t<p>Votre T\u00e9l(obligatoire) :\n\t\t\t\t<\/p>\n\t\t\t<\/div>\n\t\t\t<p><span class=\"wpcf7-form-control-wrap\" data-name=\"your-tel\"><input size=\"40\" maxlength=\"400\" class=\"wpcf7-form-control wpcf7-tel wpcf7-validates-as-required wpcf7-text wpcf7-validates-as-tel\" aria-required=\"true\" aria-invalid=\"false\" placeholder=\"Veuillez ajouter les codes de pays\" value=\"\" type=\"tel\" name=\"your-tel\" \/><\/span>\n\t\t\t<\/p>\n\t\t<\/div>\n\t\t<div class=\"leave-country\">\n\t\t\t<div class=\"leave-country-t\">\n\t\t\t\t<p>Votre pays :\n\t\t\t\t<\/p>\n\t\t\t<\/div>\n\t\t\t<p><span class=\"wpcf7-form-control-wrap\" data-name=\"your-country\"><input size=\"40\" maxlength=\"400\" class=\"wpcf7-form-control wpcf7-text\" aria-invalid=\"false\" value=\"\" type=\"text\" name=\"your-country\" \/><\/span>\n\t\t\t<\/p>\n\t\t<\/div>\n\t\t<div class=\"leave-require\">\n\t\t\t<div class=\"leave-require-t\">\n\t\t\t\t<p>Votre message (obligatoire) :\n\t\t\t\t<\/p>\n\t\t\t<\/div>\n\t\t\t<p><span class=\"wpcf7-form-control-wrap\" data-name=\"your-message\"><textarea cols=\"40\" rows=\"10\" maxlength=\"2000\" class=\"wpcf7-form-control wpcf7-textarea wpcf7-validates-as-required\" aria-required=\"true\" aria-invalid=\"false\" placeholder=\"Conseils : mati\u00e8re premi\u00e8re, produit souhait\u00e9, capacit\u00e9, \u00e9quipement auxiliaire, etc.\" name=\"your-message\"><\/textarea><\/span>\n\t\t\t<\/p>\n\t\t<\/div>\n\t\t<div class=\"leave-Send\">\n\t\t\t<p><input class=\"wpcf7-form-control wpcf7-submit has-spinner\" type=\"submit\" value=\"Envoyer\" \/>\n\t\t\t<\/p>\n\t\t<\/div>\n\t<\/div>\n<\/div><input type=\"hidden\" id=\"ct_checkjs_cf7_6aca97005c68f1206823815f66102863\" name=\"ct_checkjs_cf7\" value=\"0\" \/><script >setTimeout(function(){var ct_input_name = \"ct_checkjs_cf7_6aca97005c68f1206823815f66102863\";if (document.getElementById(ct_input_name) !== null) {var ct_input_value = document.getElementById(ct_input_name).value;document.getElementById(ct_input_name).value = document.getElementById(ct_input_name).value.replace(ct_input_value, 'dba04424690aafc408c5cb41194f71da80590051ae3ed0048d37dfc87b0d215e');}}, 1000);<\/script><input\n                    class=\"apbct_special_field apbct_email_id__wp_contact_form_7\"\n                    name=\"apbct__email_id__wp_contact_form_7\"\n                    aria-label=\"apbct__label_id__wp_contact_form_7\"\n                    type=\"text\" size=\"30\" maxlength=\"200\" autocomplete=\"off\"\n                    value=\"\"\n                \/><p style=\"display: none !important;\" class=\"akismet-fields-container\" data-prefix=\"_wpcf7_ak_\"><label>&#916;<textarea name=\"_wpcf7_ak_hp_textarea\" cols=\"45\" rows=\"8\" maxlength=\"100\"><\/textarea><\/label><input type=\"hidden\" id=\"ak_js_1\" name=\"_wpcf7_ak_js\" value=\"8\"\/><script>\ndocument.getElementById( \"ak_js_1\" ).setAttribute( \"value\", ( new Date() ).getTime() );\n<\/script>\n<\/p><div class=\"wpcf7-response-output\" aria-hidden=\"true\"><\/div>\n<input type=\"hidden\" name=\"trp-form-language\" value=\"fr\"\/><\/form>\n<\/div>\n\n<div style='text-align:left' class='yasr-auto-insert-visitor'><\/div>","protected":false},"excerpt":{"rendered":"<p>Gelgoog machinery company is located in Zhengzhou city, Henan province. Established in 2010, we specialize in potato chips and french fries processing. Due to rich experience and professional knowledge, we can offer tailor made solutions for your potato chips and french fries process line and also provide stand-alone machines. We constantly improve our technologies to &#8230; <a title=\"\u00c0 propos de\" class=\"read-more\" href=\"https:\/\/www.snackfoodm.com\/fr\/about-us\/\" aria-label=\"Plus sur About Us\">Lire plus<\/a><\/p>","protected":false},"author":1,"featured_media":0,"parent":0,"menu_order":0,"comment_status":"closed","ping_status":"closed","template":"","meta":{"generate_page_header":"","yasr_overall_rating":0,"yasr_post_is_review":"","yasr_auto_insert_disabled":"","yasr_review_type":"","footnotes":""},"class_list":["post-306","page","type-page","status-publish"],"yoast_head":"<!-- This site is optimized with the Yoast SEO plugin v25.8 - https:\/\/yoast.com\/wordpress\/plugins\/seo\/ -->\n<title>About Us - Professional Potato Chips and French Fry Process Line Manufacturer<\/title>\n<meta name=\"robots\" content=\"index, follow, max-snippet:-1, max-image-preview:large, max-video-preview:-1\" \/>\n<link rel=\"canonical\" href=\"https:\/\/www.snackfoodm.com\/fr\/about-us\/\" \/>\n<meta property=\"og:locale\" content=\"fr_FR\" \/>\n<meta property=\"og:type\" content=\"article\" \/>\n<meta property=\"og:title\" content=\"About Us - Professional Potato Chips and French Fry Process Line Manufacturer\" \/>\n<meta property=\"og:description\" content=\"Gelgoog machinery company is located in Zhengzhou city, Henan province. Established in 2010, we specialize in potato chips and french fries processing. Due to rich experience and professional knowledge, we can offer tailor made solutions for your potato chips and french fries process line and also provide stand-alone machines. We constantly improve our technologies to ... Lire plus\" \/>\n<meta property=\"og:url\" content=\"https:\/\/www.snackfoodm.com\/fr\/about-us\/\" \/>\n<meta property=\"og:site_name\" content=\"Professional Potato Chips and French Fry Process Line Manufacturer\" \/>\n<meta property=\"article:modified_time\" content=\"2020-02-17T10:50:32+00:00\" \/>\n<meta name=\"twitter:card\" content=\"summary_large_image\" \/>\n<meta name=\"twitter:label1\" content=\"Dur\u00e9e de lecture estim\u00e9e\" \/>\n\t<meta name=\"twitter:data1\" content=\"1 minute\" \/>\n<script type=\"application\/ld+json\" class=\"yoast-schema-graph\">{\"@context\":\"https:\/\/schema.org\",\"@graph\":[{\"@type\":\"WebPage\",\"@id\":\"https:\/\/www.snackfoodm.com\/about-us\/\",\"url\":\"https:\/\/www.snackfoodm.com\/about-us\/\",\"name\":\"About Us - Professional Potato Chips and French Fry Process Line Manufacturer\",\"isPartOf\":{\"@id\":\"https:\/\/www.snackfoodm.com\/#website\"},\"datePublished\":\"2020-02-12T11:20:34+00:00\",\"dateModified\":\"2020-02-17T10:50:32+00:00\",\"breadcrumb\":{\"@id\":\"https:\/\/www.snackfoodm.com\/about-us\/#breadcrumb\"},\"inLanguage\":\"fr-FR\",\"potentialAction\":[{\"@type\":\"ReadAction\",\"target\":[\"https:\/\/www.snackfoodm.com\/about-us\/\"]}]},{\"@type\":\"BreadcrumbList\",\"@id\":\"https:\/\/www.snackfoodm.com\/about-us\/#breadcrumb\",\"itemListElement\":[{\"@type\":\"ListItem\",\"position\":1,\"name\":\"\u9996\u9875\",\"item\":\"https:\/\/www.snackfoodm.com\/\"},{\"@type\":\"ListItem\",\"position\":2,\"name\":\"About Us\"}]},{\"@type\":\"WebSite\",\"@id\":\"https:\/\/www.snackfoodm.com\/#website\",\"url\":\"https:\/\/www.snackfoodm.com\/\",\"name\":\"Professional Potato Chips and French Fry Process Line Manufacturer\",\"description\":\"Turnkey Solutions for Chips and French Fries Production Line\",\"publisher\":{\"@id\":\"https:\/\/www.snackfoodm.com\/#organization\"},\"potentialAction\":[{\"@type\":\"SearchAction\",\"target\":{\"@type\":\"EntryPoint\",\"urlTemplate\":\"https:\/\/www.snackfoodm.com\/?s={search_term_string}\"},\"query-input\":{\"@type\":\"PropertyValueSpecification\",\"valueRequired\":true,\"valueName\":\"search_term_string\"}}],\"inLanguage\":\"fr-FR\"},{\"@type\":\"Organization\",\"@id\":\"https:\/\/www.snackfoodm.com\/#organization\",\"name\":\"Professional Potato Chips and French Fry Process Line Manufacturer\",\"url\":\"https:\/\/www.snackfoodm.com\/\",\"logo\":{\"@type\":\"ImageObject\",\"inLanguage\":\"fr-FR\",\"@id\":\"https:\/\/www.snackfoodm.com\/#\/schema\/logo\/image\/\",\"url\":\"https:\/\/www.snackfoodm.com\/wp-content\/uploads\/2020\/02\/cropped-\u65b0\u7248LOGO1-3.png\",\"contentUrl\":\"https:\/\/www.snackfoodm.com\/wp-content\/uploads\/2020\/02\/cropped-\u65b0\u7248LOGO1-3.png\",\"width\":163,\"height\":85,\"caption\":\"Professional Potato Chips and French Fry Process Line Manufacturer\"},\"image\":{\"@id\":\"https:\/\/www.snackfoodm.com\/#\/schema\/logo\/image\/\"}},false]}<\/script>\n<!-- \/ Yoast SEO plugin. -->","yoast_head_json":{"title":"A propos de nous - Fabricant professionnel de lignes de production de chips et de frites","robots":{"index":"index","follow":"follow","max-snippet":"max-snippet:-1","max-image-preview":"max-image-preview:large","max-video-preview":"max-video-preview:-1"},"canonical":"https:\/\/www.snackfoodm.com\/fr\/about-us\/","og_locale":"fr_FR","og_type":"article","og_title":"About Us - Professional Potato Chips and French Fry Process Line Manufacturer","og_description":"Gelgoog machinery company is located in Zhengzhou city, Henan province. Established in 2010, we specialize in potato chips and french fries processing. Due to rich experience and professional knowledge, we can offer tailor made solutions for your potato chips and french fries process line and also provide stand-alone machines. We constantly improve our technologies to ... Lire plus","og_url":"https:\/\/www.snackfoodm.com\/fr\/about-us\/","og_site_name":"Professional Potato Chips and French Fry Process Line Manufacturer","article_modified_time":"2020-02-17T10:50:32+00:00","twitter_card":"summary_large_image","twitter_misc":{"Dur\u00e9e de lecture estim\u00e9e":"1 minute"},"schema":{"@context":"https:\/\/schema.org","@graph":[{"@type":"WebPage","@id":"https:\/\/www.snackfoodm.com\/about-us\/","url":"https:\/\/www.snackfoodm.com\/about-us\/","name":"A propos de nous - Fabricant professionnel de lignes de production de chips et de frites","isPartOf":{"@id":"https:\/\/www.snackfoodm.com\/#website"},"datePublished":"2020-02-12T11:20:34+00:00","dateModified":"2020-02-17T10:50:32+00:00","breadcrumb":{"@id":"https:\/\/www.snackfoodm.com\/about-us\/#breadcrumb"},"inLanguage":"fr-FR","potentialAction":[{"@type":"ReadAction","target":["https:\/\/www.snackfoodm.com\/about-us\/"]}]},{"@type":"BreadcrumbList","@id":"https:\/\/www.snackfoodm.com\/about-us\/#breadcrumb","itemListElement":[{"@type":"ListItem","position":1,"name":"\u9996\u9875","item":"https:\/\/www.snackfoodm.com\/"},{"@type":"ListItem","position":2,"name":"About Us"}]},{"@type":"WebSite","@id":"https:\/\/www.snackfoodm.com\/#website","url":"https:\/\/www.snackfoodm.com\/","name":"Fabricant professionnel de lignes de production de chips et de frites","description":"Solutions cl\u00e9s en main pour une ligne de production de chips et de frites","publisher":{"@id":"https:\/\/www.snackfoodm.com\/#organization"},"potentialAction":[{"@type":"SearchAction","target":{"@type":"EntryPoint","urlTemplate":"https:\/\/www.snackfoodm.com\/?s={search_term_string}"},"query-input":{"@type":"PropertyValueSpecification","valueRequired":true,"valueName":"search_term_string"}}],"inLanguage":"fr-FR"},{"@type":"Organization","@id":"https:\/\/www.snackfoodm.com\/#organization","name":"Fabricant professionnel de lignes de production de chips et de frites","url":"https:\/\/www.snackfoodm.com\/","logo":{"@type":"ImageObject","inLanguage":"fr-FR","@id":"https:\/\/www.snackfoodm.com\/#\/schema\/logo\/image\/","url":"https:\/\/www.snackfoodm.com\/wp-content\/uploads\/2020\/02\/cropped-\u65b0\u7248LOGO1-3.png","contentUrl":"https:\/\/www.snackfoodm.com\/wp-content\/uploads\/2020\/02\/cropped-\u65b0\u7248LOGO1-3.png","width":163,"height":85,"caption":"Professional Potato Chips and French Fry Process Line Manufacturer"},"image":{"@id":"https:\/\/www.snackfoodm.com\/#\/schema\/logo\/image\/"}},false]}},"yasr_visitor_votes":{"stars_attributes":{"read_only":false,"span_bottom":false},"number_of_votes":0,"sum_votes":0},"_links":{"self":[{"href":"https:\/\/www.snackfoodm.com\/fr\/wp-json\/wp\/v2\/pages\/306","targetHints":{"allow":["GET"]}}],"collection":[{"href":"https:\/\/www.snackfoodm.com\/fr\/wp-json\/wp\/v2\/pages"}],"about":[{"href":"https:\/\/www.snackfoodm.com\/fr\/wp-json\/wp\/v2\/types\/page"}],"author":[{"embeddable":true,"href":"https:\/\/www.snackfoodm.com\/fr\/wp-json\/wp\/v2\/users\/1"}],"replies":[{"embeddable":true,"href":"https:\/\/www.snackfoodm.com\/fr\/wp-json\/wp\/v2\/comments?post=306"}],"version-history":[{"count":0,"href":"https:\/\/www.snackfoodm.com\/fr\/wp-json\/wp\/v2\/pages\/306\/revisions"}],"wp:attachment":[{"href":"https:\/\/www.snackfoodm.com\/fr\/wp-json\/wp\/v2\/media?parent=306"}],"curies":[{"name":"wp","href":"https:\/\/api.w.org\/{rel}","templated":true}]}}