{"id":795,"date":"2020-03-25T19:13:13","date_gmt":"2020-03-25T11:13:13","guid":{"rendered":"https:\/\/www.snackfoodm.com\/?page_id=795"},"modified":"2020-06-20T16:12:45","modified_gmt":"2020-06-20T08:12:45","slug":"commercial-basket-deep-fryer-machine","status":"publish","type":"page","link":"https:\/\/www.snackfoodm.com\/fr\/commercial-basket-deep-fryer-machine\/","title":{"rendered":"Friteuse commerciale \u00e0 panier"},"content":{"rendered":"<p><strong>Friteuse commerciale \u00e0 panier<\/strong> est utilis\u00e9e pour frire des frites, des chips de pommes de terre, des chips de bananes, des chips d'oignons et d'autres l\u00e9gumes et fruits de petite capacit\u00e9. Par cons\u00e9quent, la friteuse \u00e0 panier convient aux petites unit\u00e9s de traitement des l\u00e9gumes et des fruits, telles que les restaurants rapides, les stands de restauration de rue, les petits restaurants, les magasins de vente \u00e0 emporter et les caf\u00e9s. Dans l'ensemble, en raison de sa capacit\u00e9 de production limit\u00e9e, la friteuse commerciale est pr\u00e9f\u00e9rable pour les restaurants et les entreprises de restauration. En tant que produit fiable <a href=\"https:\/\/www.snackfoodm.com\/fr\/\">fabricant de friteuses<\/a>Nous pouvons concevoir sur mesure le type de panier qui convient. <a href=\"https:\/\/www.snackfoodm.com\/fr\/potato-frying-machine\/\">machines \u00e0 frire<\/a> en fonction de vos besoins et de vos exigences.<\/p>\n<figure id=\"attachment_739\" aria-describedby=\"caption-attachment-739\" style=\"width: 620px\" class=\"wp-caption aligncenter\"><img loading=\"lazy\" decoding=\"async\" class=\"size-full wp-image-739\" src=\"https:\/\/www.snackfoodm.com\/wp-content\/uploads\/2020\/03\/quality-basket-fryer-machines-manufacturer.jpg\" alt=\"friteuses commerciales \u00e0 panier \u00e0 vendre\" width=\"630\" height=\"400\" srcset=\"https:\/\/www.snackfoodm.com\/wp-content\/uploads\/2020\/03\/quality-basket-fryer-machines-manufacturer.jpg 630w, https:\/\/www.snackfoodm.com\/wp-content\/uploads\/2020\/03\/quality-basket-fryer-machines-manufacturer-300x190.jpg 300w\" sizes=\"auto, (max-width: 630px) 100vw, 630px\" \/><figcaption id=\"caption-attachment-739\" class=\"wp-caption-text\">Friteuse \u00e0 panier<\/figcaption><\/figure>\n<p style=\"text-align: center;\"><a class=\"fancybox\" href=\"#contact_form_pop\"><strong class=\"button\">Obtenir des prix<\/strong><\/a><\/p>\n<div class=\"fancybox-hidden\" style=\"display: none;\">\n<div id=\"contact_form_pop\">\n<div class=\"wpcf7 no-js\" id=\"wpcf7-f384-o1\" lang=\"en-US\" dir=\"ltr\" data-wpcf7-id=\"384\">\n<div class=\"screen-reader-response\"><p role=\"status\" aria-live=\"polite\" aria-atomic=\"true\"><\/p> <ul><\/ul><\/div>\n<form action=\"\/fr\/wp-json\/wp\/v2\/pages\/795#wpcf7-f384-o1\" method=\"post\" class=\"wpcf7-form init\" aria-label=\"Formulaire de contact\" novalidate=\"novalidate\" data-status=\"init\" data-trp-original-action=\"\/fr\/wp-json\/wp\/v2\/pages\/795#wpcf7-f384-o1\">\n<fieldset class=\"hidden-fields-container\"><input type=\"hidden\" name=\"_wpcf7\" value=\"384\" \/><input type=\"hidden\" name=\"_wpcf7_version\" value=\"6.1.1\" \/><input type=\"hidden\" name=\"_wpcf7_locale\" value=\"en_US\" \/><input type=\"hidden\" name=\"_wpcf7_unit_tag\" value=\"wpcf7-f384-o1\" \/><input type=\"hidden\" name=\"_wpcf7_container_post\" value=\"0\" \/><input type=\"hidden\" name=\"_wpcf7_posted_data_hash\" value=\"\" \/>\n<\/fieldset>\n<p>Nom :\n<\/p>\n<p><span class=\"wpcf7-form-control-wrap\" data-name=\"your-name\"><input size=\"40\" maxlength=\"400\" class=\"wpcf7-form-control wpcf7-text\" aria-invalid=\"false\" value=\"\" type=\"text\" name=\"your-name\" \/><\/span>\n<\/p>\n<p>Pays :\n<\/p>\n<p><span class=\"wpcf7-form-control-wrap\" data-name=\"your-country\"><input size=\"40\" maxlength=\"400\" class=\"wpcf7-form-control wpcf7-text\" aria-invalid=\"false\" value=\"\" type=\"text\" name=\"your-country\" \/><\/span>\n<\/p>\n<p>Courriel:*\n<\/p>\n<p><span class=\"wpcf7-form-control-wrap\" data-name=\"your-email\"><input size=\"40\" maxlength=\"400\" class=\"wpcf7-form-control wpcf7-email wpcf7-validates-as-required wpcf7-text wpcf7-validates-as-email\" aria-required=\"true\" aria-invalid=\"false\" value=\"\" type=\"email\" name=\"your-email\" \/><\/span>\n<\/p>\n<p>T\u00e9l\u00e9phone*\n<\/p>\n<p><span class=\"wpcf7-form-control-wrap\" data-name=\"your-phone\"><input size=\"40\" maxlength=\"400\" class=\"wpcf7-form-control wpcf7-text wpcf7-validates-as-required\" aria-required=\"true\" aria-invalid=\"false\" placeholder=\"Veuillez ajouter les codes de pays\" value=\"\" type=\"text\" name=\"your-phone\" \/><\/span>\n<\/p>\n<p>Message:*\n<\/p>\n<p><span class=\"wpcf7-form-control-wrap\" data-name=\"your-message\"><textarea cols=\"40\" rows=\"10\" maxlength=\"2000\" class=\"wpcf7-form-control wpcf7-textarea wpcf7-validates-as-required\" aria-required=\"true\" aria-invalid=\"false\" name=\"your-message\"><\/textarea><\/span>\n<\/p>\n<p><input class=\"wpcf7-form-control wpcf7-submit has-spinner\" type=\"submit\" value=\"Obtenir des devis\" \/>\n<\/p><input type=\"hidden\" id=\"ct_checkjs_cf7_eda80a3d5b344bc40f3bc04f65b7a357\" name=\"ct_checkjs_cf7\" value=\"0\" \/><script >setTimeout(function(){var ct_input_name = \"ct_checkjs_cf7_eda80a3d5b344bc40f3bc04f65b7a357\";if (document.getElementById(ct_input_name) !== null) {var ct_input_value = document.getElementById(ct_input_name).value;document.getElementById(ct_input_name).value = document.getElementById(ct_input_name).value.replace(ct_input_value, 'dba04424690aafc408c5cb41194f71da80590051ae3ed0048d37dfc87b0d215e');}}, 1000);<\/script><input\n                    class=\"apbct_special_field apbct_email_id__wp_contact_form_7\"\n                    name=\"apbct__email_id__wp_contact_form_7\"\n                    aria-label=\"apbct__label_id__wp_contact_form_7\"\n                    type=\"text\" size=\"30\" maxlength=\"200\" autocomplete=\"off\"\n                    value=\"\"\n                \/><p style=\"display: none !important;\" class=\"akismet-fields-container\" data-prefix=\"_wpcf7_ak_\"><label>&#916;<textarea name=\"_wpcf7_ak_hp_textarea\" cols=\"45\" rows=\"8\" maxlength=\"100\"><\/textarea><\/label><input type=\"hidden\" id=\"ak_js_1\" name=\"_wpcf7_ak_js\" value=\"37\"\/><script>document.getElementById( \"ak_js_1\" ).setAttribute( \"value\", ( new Date() ).getTime() );<\/script><\/p><div class=\"wpcf7-response-output\" aria-hidden=\"true\"><\/div>\n<input type=\"hidden\" name=\"trp-form-language\" value=\"fr\"\/><\/form>\n<\/div>\n<\/div>\n<\/div>\n<h2>Types de friteuses disponibles<\/h2>\n<p>Selon le nombre de cuves et de paniers de friture, les friteuses commerciales peuvent \u00eatre \u00e9quip\u00e9es d'une \u00e0 quatre cuves. Plus le nombre de cuves et de paniers est \u00e9lev\u00e9, plus la capacit\u00e9 de friture est importante. En ce qui concerne le syst\u00e8me de chauffage, notre friteuse commerciale peut fonctionner \u00e0 l'\u00e9lectricit\u00e9, au gaz ou \u00e0 la vapeur. Vous pouvez choisir ce que vous voulez. Quels que soient les syst\u00e8mes de chauffage que vous choisissez, nous les concevons avec une technologie avanc\u00e9e et un grand soin. Par cons\u00e9quent, les syst\u00e8mes de chauffage peuvent vous aider \u00e0 frire des produits de mani\u00e8re efficace et efficiente. Quant aux configurations d\u00e9taill\u00e9es, elles peuvent \u00eatre con\u00e7ues et fabriqu\u00e9es en fonction de vos besoins et de vos exigences. En ce qui concerne les produits \u00e0 frire, nos friteuses commerciales peuvent frire une grande vari\u00e9t\u00e9 de l\u00e9gumes et de fruits, de viandes, etc. De plus, en prenant la friteuse \u00e0 double r\u00e9servoir comme exemple, vous pouvez frire deux types de produits s\u00e9par\u00e9ment sans les affecter l'un l'autre.<\/p>\n<table>\n<tbody>\n<tr>\n<td width=\"71\">Mod\u00e8le<\/td>\n<td width=\"185\">Cuve de la friteuse (mm)<\/td>\n<td width=\"138\">Puissance de chauffage (kw)<\/td>\n<td width=\"215\">Taille (mm)<\/td>\n<\/tr>\n<tr>\n<td width=\"71\">KZE1<\/td>\n<td width=\"185\">500*500*240<\/td>\n<td width=\"138\">12<\/td>\n<td width=\"215\">700*700*920<\/td>\n<\/tr>\n<tr>\n<td width=\"71\">KZE2<\/td>\n<td width=\"185\">500*500*240<\/td>\n<td width=\"138\">27<\/td>\n<td width=\"215\">1310*710*920<\/td>\n<\/tr>\n<tr>\n<td width=\"71\">KZE3<\/td>\n<td width=\"185\">500*500*240<\/td>\n<td width=\"138\">36<\/td>\n<td width=\"215\">1850*710*920<\/td>\n<\/tr>\n<tr>\n<td width=\"71\">KZE4<\/td>\n<td width=\"185\">500*500*240<\/td>\n<td width=\"138\">48<\/td>\n<td width=\"215\">2400*710*920<\/td>\n<\/tr>\n<tr>\n<td width=\"71\">KZG3<\/td>\n<td width=\"185\">500*500*240<\/td>\n<td width=\"138\">10<\/td>\n<td width=\"215\">1700*1100*1000<\/td>\n<\/tr>\n<tr>\n<td width=\"71\">KZG4<\/td>\n<td width=\"185\">500*500*240<\/td>\n<td width=\"138\">15<\/td>\n<td width=\"215\">2200*1100*1000<\/td>\n<\/tr>\n<\/tbody>\n<\/table>\n<h2>Avantages des friteuses en acier inoxydable<\/h2>\n<ol>\n<li>Conception par le client. Vous pouvez choisir parmi notre gamme de friteuses, mais nous pouvons \u00e9galement concevoir des lignes de friture commerciales sur mesure pour r\u00e9pondre \u00e0 vos besoins et \u00e0 vos exigences.<\/li>\n<li>Conception robuste. Nos friteuses commerciales sont construites en acier inoxydable de qualit\u00e9, ce qui les rend durables et hygi\u00e9niques.<\/li>\n<li>Grande flexibilit\u00e9. Comme indiqu\u00e9 ci-dessus, la friteuse \u00e0 panier commerciale peut \u00eatre utilis\u00e9e pour frire une grande vari\u00e9t\u00e9 de produits, tels que des l\u00e9gumes, des fruits, de la viande, des p\u00e2tisseries, etc.<\/li>\n<li>Facilit\u00e9 d'entretien. Gr\u00e2ce \u00e0 sa qualit\u00e9 de fabrication et \u00e0 sa conception intelligente, notre friteuse commerciale \u00e0 panier peut \u00eatre nettoy\u00e9e et entretenue facilement.<\/li>\n<li>Conception compacte. La friteuse commerciale est peu encombrante et occupe peu d'espace.<\/li>\n<li>Prix raisonnables. Toutes les friteuses commerciales sont con\u00e7ues et fabriqu\u00e9es dans notre propre usine, ce qui vous garantit des prix comp\u00e9titifs.<br \/>\n\n<div class=\"wpcf7 no-js\" id=\"wpcf7-f385-o2\" lang=\"en-US\" dir=\"ltr\" data-wpcf7-id=\"385\">\n<div class=\"screen-reader-response\"><p role=\"status\" aria-live=\"polite\" aria-atomic=\"true\"><\/p> <ul><\/ul><\/div>\n<form action=\"\/fr\/wp-json\/wp\/v2\/pages\/795#wpcf7-f385-o2\" method=\"post\" class=\"wpcf7-form init\" aria-label=\"Formulaire de contact\" novalidate=\"novalidate\" data-status=\"init\" data-trp-original-action=\"\/fr\/wp-json\/wp\/v2\/pages\/795#wpcf7-f385-o2\">\n<fieldset class=\"hidden-fields-container\"><input type=\"hidden\" name=\"_wpcf7\" value=\"385\" \/><input type=\"hidden\" name=\"_wpcf7_version\" value=\"6.1.1\" \/><input type=\"hidden\" name=\"_wpcf7_locale\" value=\"en_US\" \/><input type=\"hidden\" name=\"_wpcf7_unit_tag\" value=\"wpcf7-f385-o2\" \/><input type=\"hidden\" name=\"_wpcf7_container_post\" value=\"0\" \/><input type=\"hidden\" name=\"_wpcf7_posted_data_hash\" value=\"\" \/>\n<\/fieldset>\n<div class=\"leave-message-blockall\">\n\t<div class=\"leave-message-block\">\n\t\t<div class=\"leave-top\">\n\t\t\t<p>Veuillez remplir le formulaire ci-dessous pour obtenir les prix.\n\t\t\t<\/p>\n\t\t<\/div>\n\t\t<div class=\"leave-name\">\n\t\t\t<div class=\"leave-name-t\">\n\t\t\t\t<p>Votre nom :\n\t\t\t\t<\/p>\n\t\t\t<\/div>\n\t\t\t<p><span class=\"wpcf7-form-control-wrap\" data-name=\"your-name\"><input size=\"40\" maxlength=\"400\" class=\"wpcf7-form-control wpcf7-text\" aria-invalid=\"false\" value=\"\" type=\"text\" name=\"your-name\" \/><\/span>\n\t\t\t<\/p>\n\t\t<\/div>\n\t\t<div class=\"leave-email\">\n\t\t\t<div class=\"leave-email-t\">\n\t\t\t\t<p>Votre adresse \u00e9lectronique (obligatoire) :\n\t\t\t\t<\/p>\n\t\t\t<\/div>\n\t\t\t<p><span class=\"wpcf7-form-control-wrap\" data-name=\"your-email\"><input size=\"40\" maxlength=\"400\" class=\"wpcf7-form-control wpcf7-email wpcf7-validates-as-required wpcf7-text wpcf7-validates-as-email\" aria-required=\"true\" aria-invalid=\"false\" value=\"\" type=\"email\" name=\"your-email\" \/><\/span>\n\t\t\t<\/p>\n\t\t<\/div>\n\t\t<div class=\"leave-tel\">\n\t\t\t<div class=\"leave-tel-t\">\n\t\t\t\t<p>Votre T\u00e9l(obligatoire) :\n\t\t\t\t<\/p>\n\t\t\t<\/div>\n\t\t\t<p><span class=\"wpcf7-form-control-wrap\" data-name=\"your-tel\"><input size=\"40\" maxlength=\"400\" class=\"wpcf7-form-control wpcf7-tel wpcf7-validates-as-required wpcf7-text wpcf7-validates-as-tel\" aria-required=\"true\" aria-invalid=\"false\" placeholder=\"Veuillez ajouter les codes de pays\" value=\"\" type=\"tel\" name=\"your-tel\" \/><\/span>\n\t\t\t<\/p>\n\t\t<\/div>\n\t\t<div class=\"leave-country\">\n\t\t\t<div class=\"leave-country-t\">\n\t\t\t\t<p>Votre pays :\n\t\t\t\t<\/p>\n\t\t\t<\/div>\n\t\t\t<p><span class=\"wpcf7-form-control-wrap\" data-name=\"your-country\"><input size=\"40\" maxlength=\"400\" class=\"wpcf7-form-control wpcf7-text\" aria-invalid=\"false\" value=\"\" type=\"text\" name=\"your-country\" \/><\/span>\n\t\t\t<\/p>\n\t\t<\/div>\n\t\t<div class=\"leave-require\">\n\t\t\t<div class=\"leave-require-t\">\n\t\t\t\t<p>Votre message (obligatoire) :\n\t\t\t\t<\/p>\n\t\t\t<\/div>\n\t\t\t<p><span class=\"wpcf7-form-control-wrap\" data-name=\"your-message\"><textarea cols=\"40\" rows=\"10\" maxlength=\"2000\" class=\"wpcf7-form-control wpcf7-textarea wpcf7-validates-as-required\" aria-required=\"true\" aria-invalid=\"false\" placeholder=\"Conseils : mati\u00e8re premi\u00e8re, produit souhait\u00e9, capacit\u00e9, \u00e9quipement auxiliaire, etc.\" name=\"your-message\"><\/textarea><\/span>\n\t\t\t<\/p>\n\t\t<\/div>\n\t\t<div class=\"leave-Send\">\n\t\t\t<p><input class=\"wpcf7-form-control wpcf7-submit has-spinner\" type=\"submit\" value=\"Envoyer\" \/>\n\t\t\t<\/p>\n\t\t<\/div>\n\t<\/div>\n<\/div><input type=\"hidden\" id=\"ct_checkjs_cf7_cdc0d6e63aa8e41c89689f54970bb35f\" name=\"ct_checkjs_cf7\" value=\"0\" \/><script >setTimeout(function(){var ct_input_name = \"ct_checkjs_cf7_cdc0d6e63aa8e41c89689f54970bb35f\";if (document.getElementById(ct_input_name) !== null) {var ct_input_value = document.getElementById(ct_input_name).value;document.getElementById(ct_input_name).value = document.getElementById(ct_input_name).value.replace(ct_input_value, 'dba04424690aafc408c5cb41194f71da80590051ae3ed0048d37dfc87b0d215e');}}, 1000);<\/script><input\n                    class=\"apbct_special_field apbct_email_id__wp_contact_form_7\"\n                    name=\"apbct__email_id__wp_contact_form_7\"\n                    aria-label=\"apbct__label_id__wp_contact_form_7\"\n                    type=\"text\" size=\"30\" maxlength=\"200\" autocomplete=\"off\"\n                    value=\"\"\n                \/><p style=\"display: none !important;\" class=\"akismet-fields-container\" data-prefix=\"_wpcf7_ak_\"><label>&#916;<textarea name=\"_wpcf7_ak_hp_textarea\" cols=\"45\" rows=\"8\" maxlength=\"100\"><\/textarea><\/label><input type=\"hidden\" id=\"ak_js_2\" name=\"_wpcf7_ak_js\" value=\"103\"\/><script>document.getElementById( \"ak_js_2\" ).setAttribute( \"value\", ( new Date() ).getTime() );<\/script><\/p><div class=\"wpcf7-response-output\" aria-hidden=\"true\"><\/div>\n<input type=\"hidden\" name=\"trp-form-language\" value=\"fr\"\/><\/form>\n<\/div>\n<\/li>\n<\/ol>\n<div style='text-align:left' class='yasr-auto-insert-visitor'><\/div>","protected":false},"excerpt":{"rendered":"<p>Commercial basket deep fryer machine is used for frying french fries, potato chips, banana chips, onion ring chips, and other vegetables and fruits with small capacities. As a result, the basket type frying machine is suitable for small scale vegetables and fruits process units, such as fast food restaurants, street food stands, small restaurants, take &#8230; <a title=\"Friteuse commerciale \u00e0 panier\" class=\"read-more\" href=\"https:\/\/www.snackfoodm.com\/fr\/commercial-basket-deep-fryer-machine\/\" aria-label=\"Plus sur Commercial Basket Deep Fryer Machine\">Lire plus<\/a><\/p>","protected":false},"author":1,"featured_media":739,"parent":0,"menu_order":0,"comment_status":"closed","ping_status":"closed","template":"","meta":{"generate_page_header":"","yasr_overall_rating":0,"yasr_post_is_review":"","yasr_auto_insert_disabled":"","yasr_review_type":"","footnotes":""},"class_list":["post-795","page","type-page","status-publish","has-post-thumbnail"],"yoast_head":"<!-- This site is optimized with the Yoast SEO plugin v25.8 - https:\/\/yoast.com\/wordpress\/plugins\/seo\/ -->\n<title>Commercial Basket Deep Fryer Machine - Quality Frying Machine Supplier<\/title>\n<meta name=\"description\" content=\"Commercial basket deep fryer machine for sale. Fry a variety of vegetables, fruits, and meat. Suitable for small food frying lines. Check more.\" \/>\n<meta name=\"robots\" content=\"index, follow, max-snippet:-1, max-image-preview:large, max-video-preview:-1\" \/>\n<link rel=\"canonical\" href=\"https:\/\/www.snackfoodm.com\/fr\/commercial-basket-deep-fryer-machine\/\" \/>\n<meta property=\"og:locale\" content=\"fr_FR\" \/>\n<meta property=\"og:type\" content=\"article\" \/>\n<meta property=\"og:title\" content=\"Commercial Basket Deep Fryer Machine - Quality Frying Machine Supplier\" \/>\n<meta property=\"og:description\" content=\"Commercial basket deep fryer machine for sale. Fry a variety of vegetables, fruits, and meat. Suitable for small food frying lines. Check more.\" \/>\n<meta property=\"og:url\" content=\"https:\/\/www.snackfoodm.com\/fr\/commercial-basket-deep-fryer-machine\/\" \/>\n<meta property=\"og:site_name\" content=\"Professional Potato Chips and French Fry Process Line Manufacturer\" \/>\n<meta property=\"article:modified_time\" content=\"2020-06-20T08:12:45+00:00\" \/>\n<meta property=\"og:image\" content=\"https:\/\/www.snackfoodm.com\/wp-content\/uploads\/2020\/03\/quality-basket-fryer-machines-manufacturer.jpg\" \/>\n\t<meta property=\"og:image:width\" content=\"630\" \/>\n\t<meta property=\"og:image:height\" content=\"400\" \/>\n\t<meta property=\"og:image:type\" content=\"image\/jpeg\" \/>\n<meta name=\"twitter:card\" content=\"summary_large_image\" \/>\n<meta name=\"twitter:label1\" content=\"Dur\u00e9e de lecture estim\u00e9e\" \/>\n\t<meta name=\"twitter:data1\" content=\"2 minutes\" \/>\n<script type=\"application\/ld+json\" class=\"yoast-schema-graph\">{\"@context\":\"https:\/\/schema.org\",\"@graph\":[{\"@type\":\"WebPage\",\"@id\":\"https:\/\/www.snackfoodm.com\/commercial-basket-deep-fryer-machine\/\",\"url\":\"https:\/\/www.snackfoodm.com\/commercial-basket-deep-fryer-machine\/\",\"name\":\"Commercial Basket Deep Fryer Machine - Quality Frying Machine Supplier\",\"isPartOf\":{\"@id\":\"https:\/\/www.snackfoodm.com\/#website\"},\"primaryImageOfPage\":{\"@id\":\"https:\/\/www.snackfoodm.com\/commercial-basket-deep-fryer-machine\/#primaryimage\"},\"image\":{\"@id\":\"https:\/\/www.snackfoodm.com\/commercial-basket-deep-fryer-machine\/#primaryimage\"},\"thumbnailUrl\":\"https:\/\/www.snackfoodm.com\/wp-content\/uploads\/2020\/03\/quality-basket-fryer-machines-manufacturer.jpg\",\"datePublished\":\"2020-03-25T11:13:13+00:00\",\"dateModified\":\"2020-06-20T08:12:45+00:00\",\"description\":\"Commercial basket deep fryer machine for sale. Fry a variety of vegetables, fruits, and meat. Suitable for small food frying lines. Check more.\",\"breadcrumb\":{\"@id\":\"https:\/\/www.snackfoodm.com\/commercial-basket-deep-fryer-machine\/#breadcrumb\"},\"inLanguage\":\"fr-FR\",\"potentialAction\":[{\"@type\":\"ReadAction\",\"target\":[\"https:\/\/www.snackfoodm.com\/commercial-basket-deep-fryer-machine\/\"]}]},{\"@type\":\"ImageObject\",\"inLanguage\":\"fr-FR\",\"@id\":\"https:\/\/www.snackfoodm.com\/commercial-basket-deep-fryer-machine\/#primaryimage\",\"url\":\"https:\/\/www.snackfoodm.com\/wp-content\/uploads\/2020\/03\/quality-basket-fryer-machines-manufacturer.jpg\",\"contentUrl\":\"https:\/\/www.snackfoodm.com\/wp-content\/uploads\/2020\/03\/quality-basket-fryer-machines-manufacturer.jpg\",\"width\":630,\"height\":400,\"caption\":\"Basket Type French Fries Fryer\"},{\"@type\":\"BreadcrumbList\",\"@id\":\"https:\/\/www.snackfoodm.com\/commercial-basket-deep-fryer-machine\/#breadcrumb\",\"itemListElement\":[{\"@type\":\"ListItem\",\"position\":1,\"name\":\"\u9996\u9875\",\"item\":\"https:\/\/www.snackfoodm.com\/\"},{\"@type\":\"ListItem\",\"position\":2,\"name\":\"Commercial Basket Deep Fryer Machine\"}]},{\"@type\":\"WebSite\",\"@id\":\"https:\/\/www.snackfoodm.com\/#website\",\"url\":\"https:\/\/www.snackfoodm.com\/\",\"name\":\"Professional Potato Chips and French Fry Process Line Manufacturer\",\"description\":\"Turnkey Solutions for Chips and French Fries Production Line\",\"publisher\":{\"@id\":\"https:\/\/www.snackfoodm.com\/#organization\"},\"potentialAction\":[{\"@type\":\"SearchAction\",\"target\":{\"@type\":\"EntryPoint\",\"urlTemplate\":\"https:\/\/www.snackfoodm.com\/?s={search_term_string}\"},\"query-input\":{\"@type\":\"PropertyValueSpecification\",\"valueRequired\":true,\"valueName\":\"search_term_string\"}}],\"inLanguage\":\"fr-FR\"},{\"@type\":\"Organization\",\"@id\":\"https:\/\/www.snackfoodm.com\/#organization\",\"name\":\"Professional Potato Chips and French Fry Process Line Manufacturer\",\"url\":\"https:\/\/www.snackfoodm.com\/\",\"logo\":{\"@type\":\"ImageObject\",\"inLanguage\":\"fr-FR\",\"@id\":\"https:\/\/www.snackfoodm.com\/#\/schema\/logo\/image\/\",\"url\":\"https:\/\/www.snackfoodm.com\/wp-content\/uploads\/2020\/02\/cropped-\u65b0\u7248LOGO1-3.png\",\"contentUrl\":\"https:\/\/www.snackfoodm.com\/wp-content\/uploads\/2020\/02\/cropped-\u65b0\u7248LOGO1-3.png\",\"width\":163,\"height\":85,\"caption\":\"Professional Potato Chips and French Fry Process Line Manufacturer\"},\"image\":{\"@id\":\"https:\/\/www.snackfoodm.com\/#\/schema\/logo\/image\/\"}},false]}<\/script>\n<!-- \/ Yoast SEO plugin. -->","yoast_head_json":{"title":"Friteuse commerciale \u00e0 panier - Quality Frying Machine Supplier","description":"Friteuse commerciale \u00e0 panier \u00e0 vendre. Permet de frire une grande vari\u00e9t\u00e9 de l\u00e9gumes, de fruits et de viandes. Convient aux petites lignes de friture. Plus d'informations.","robots":{"index":"index","follow":"follow","max-snippet":"max-snippet:-1","max-image-preview":"max-image-preview:large","max-video-preview":"max-video-preview:-1"},"canonical":"https:\/\/www.snackfoodm.com\/fr\/commercial-basket-deep-fryer-machine\/","og_locale":"fr_FR","og_type":"article","og_title":"Commercial Basket Deep Fryer Machine - Quality Frying Machine Supplier","og_description":"Commercial basket deep fryer machine for sale. Fry a variety of vegetables, fruits, and meat. Suitable for small food frying lines. Check more.","og_url":"https:\/\/www.snackfoodm.com\/fr\/commercial-basket-deep-fryer-machine\/","og_site_name":"Professional Potato Chips and French Fry Process Line Manufacturer","article_modified_time":"2020-06-20T08:12:45+00:00","og_image":[{"width":630,"height":400,"url":"https:\/\/www.snackfoodm.com\/wp-content\/uploads\/2020\/03\/quality-basket-fryer-machines-manufacturer.jpg","type":"image\/jpeg"}],"twitter_card":"summary_large_image","twitter_misc":{"Dur\u00e9e de lecture estim\u00e9e":"2 minutes"},"schema":{"@context":"https:\/\/schema.org","@graph":[{"@type":"WebPage","@id":"https:\/\/www.snackfoodm.com\/commercial-basket-deep-fryer-machine\/","url":"https:\/\/www.snackfoodm.com\/commercial-basket-deep-fryer-machine\/","name":"Friteuse commerciale \u00e0 panier - Quality Frying Machine Supplier","isPartOf":{"@id":"https:\/\/www.snackfoodm.com\/#website"},"primaryImageOfPage":{"@id":"https:\/\/www.snackfoodm.com\/commercial-basket-deep-fryer-machine\/#primaryimage"},"image":{"@id":"https:\/\/www.snackfoodm.com\/commercial-basket-deep-fryer-machine\/#primaryimage"},"thumbnailUrl":"https:\/\/www.snackfoodm.com\/wp-content\/uploads\/2020\/03\/quality-basket-fryer-machines-manufacturer.jpg","datePublished":"2020-03-25T11:13:13+00:00","dateModified":"2020-06-20T08:12:45+00:00","description":"Friteuse commerciale \u00e0 panier \u00e0 vendre. Permet de frire une grande vari\u00e9t\u00e9 de l\u00e9gumes, de fruits et de viandes. Convient aux petites lignes de friture. Plus d'informations.","breadcrumb":{"@id":"https:\/\/www.snackfoodm.com\/commercial-basket-deep-fryer-machine\/#breadcrumb"},"inLanguage":"fr-FR","potentialAction":[{"@type":"ReadAction","target":["https:\/\/www.snackfoodm.com\/commercial-basket-deep-fryer-machine\/"]}]},{"@type":"ImageObject","inLanguage":"fr-FR","@id":"https:\/\/www.snackfoodm.com\/commercial-basket-deep-fryer-machine\/#primaryimage","url":"https:\/\/www.snackfoodm.com\/wp-content\/uploads\/2020\/03\/quality-basket-fryer-machines-manufacturer.jpg","contentUrl":"https:\/\/www.snackfoodm.com\/wp-content\/uploads\/2020\/03\/quality-basket-fryer-machines-manufacturer.jpg","width":630,"height":400,"caption":"Basket Type French Fries Fryer"},{"@type":"BreadcrumbList","@id":"https:\/\/www.snackfoodm.com\/commercial-basket-deep-fryer-machine\/#breadcrumb","itemListElement":[{"@type":"ListItem","position":1,"name":"\u9996\u9875","item":"https:\/\/www.snackfoodm.com\/"},{"@type":"ListItem","position":2,"name":"Commercial Basket Deep Fryer Machine"}]},{"@type":"WebSite","@id":"https:\/\/www.snackfoodm.com\/#website","url":"https:\/\/www.snackfoodm.com\/","name":"Fabricant professionnel de lignes de production de chips et de frites","description":"Solutions cl\u00e9s en main pour une ligne de production de chips et de frites","publisher":{"@id":"https:\/\/www.snackfoodm.com\/#organization"},"potentialAction":[{"@type":"SearchAction","target":{"@type":"EntryPoint","urlTemplate":"https:\/\/www.snackfoodm.com\/?s={search_term_string}"},"query-input":{"@type":"PropertyValueSpecification","valueRequired":true,"valueName":"search_term_string"}}],"inLanguage":"fr-FR"},{"@type":"Organization","@id":"https:\/\/www.snackfoodm.com\/#organization","name":"Fabricant professionnel de lignes de production de chips et de frites","url":"https:\/\/www.snackfoodm.com\/","logo":{"@type":"ImageObject","inLanguage":"fr-FR","@id":"https:\/\/www.snackfoodm.com\/#\/schema\/logo\/image\/","url":"https:\/\/www.snackfoodm.com\/wp-content\/uploads\/2020\/02\/cropped-\u65b0\u7248LOGO1-3.png","contentUrl":"https:\/\/www.snackfoodm.com\/wp-content\/uploads\/2020\/02\/cropped-\u65b0\u7248LOGO1-3.png","width":163,"height":85,"caption":"Professional Potato Chips and French Fry Process Line Manufacturer"},"image":{"@id":"https:\/\/www.snackfoodm.com\/#\/schema\/logo\/image\/"}},false]}},"yasr_visitor_votes":{"stars_attributes":{"read_only":false,"span_bottom":false},"number_of_votes":0,"sum_votes":0},"_links":{"self":[{"href":"https:\/\/www.snackfoodm.com\/fr\/wp-json\/wp\/v2\/pages\/795","targetHints":{"allow":["GET"]}}],"collection":[{"href":"https:\/\/www.snackfoodm.com\/fr\/wp-json\/wp\/v2\/pages"}],"about":[{"href":"https:\/\/www.snackfoodm.com\/fr\/wp-json\/wp\/v2\/types\/page"}],"author":[{"embeddable":true,"href":"https:\/\/www.snackfoodm.com\/fr\/wp-json\/wp\/v2\/users\/1"}],"replies":[{"embeddable":true,"href":"https:\/\/www.snackfoodm.com\/fr\/wp-json\/wp\/v2\/comments?post=795"}],"version-history":[{"count":3,"href":"https:\/\/www.snackfoodm.com\/fr\/wp-json\/wp\/v2\/pages\/795\/revisions"}],"predecessor-version":[{"id":1111,"href":"https:\/\/www.snackfoodm.com\/fr\/wp-json\/wp\/v2\/pages\/795\/revisions\/1111"}],"wp:featuredmedia":[{"embeddable":true,"href":"https:\/\/www.snackfoodm.com\/fr\/wp-json\/wp\/v2\/media\/739"}],"wp:attachment":[{"href":"https:\/\/www.snackfoodm.com\/fr\/wp-json\/wp\/v2\/media?parent=795"}],"curies":[{"name":"wp","href":"https:\/\/api.w.org\/{rel}","templated":true}]}}