{"id":833,"date":"2020-04-07T20:13:18","date_gmt":"2020-04-07T12:13:18","guid":{"rendered":"https:\/\/www.snackfoodm.com\/?page_id=833"},"modified":"2020-06-03T17:18:07","modified_gmt":"2020-06-03T09:18:07","slug":"multipurpose-vegetable-cutting-machine","status":"publish","type":"page","link":"https:\/\/www.snackfoodm.com\/fr\/multipurpose-vegetable-cutting-machine\/","title":{"rendered":"Machine \u00e0 couper les l\u00e9gumes \u00e0 usages multiples"},"content":{"rendered":"<p><strong>Machine polyvalente pour couper les l\u00e9gumes<\/strong> est utilis\u00e9 pour couper une grande vari\u00e9t\u00e9 de l\u00e9gumes et de fruits en diff\u00e9rentes formes, comme des cubes, des bandes, des tranches, etc. Compte tenu de cette caract\u00e9ristique, l'\u00e9quipement de coupe multifonctionnel est un investissement rentable qui vous permet de traiter de nombreux produits avec une seule machine. La coupe est un processus simple mais essentiel dans la cha\u00eene de transformation des l\u00e9gumes et des fruits. Le choix d'un coupeur industriel appropri\u00e9 et de qualit\u00e9 est donc vital. En tant que fabricant fiable, notre soci\u00e9t\u00e9 con\u00e7oit et fabrique des coupeuses de l\u00e9gumes et de fruits de qualit\u00e9 en fonction de vos besoins et de vos exigences.<br \/>\n<div  class=\"lgc-column lgc-grid-parent lgc-grid-50 lgc-tablet-grid-50 lgc-mobile-grid-100 lgc-equal-heights\"><div  class=\"inside-grid-column\">\n<figure id=\"attachment_834\" aria-describedby=\"caption-attachment-834\" style=\"width: 590px\" class=\"wp-caption alignnone\"><img loading=\"lazy\" decoding=\"async\" class=\"size-full wp-image-834\" src=\"https:\/\/www.snackfoodm.com\/wp-content\/uploads\/2020\/04\/multipurpose-vegetable-cutting-machine-for-sale.jpg\" alt=\"coupeur de l\u00e9gumes et de fruits \u00e0 vendre \" width=\"600\" height=\"430\" srcset=\"https:\/\/www.snackfoodm.com\/wp-content\/uploads\/2020\/04\/multipurpose-vegetable-cutting-machine-for-sale.jpg 600w, https:\/\/www.snackfoodm.com\/wp-content\/uploads\/2020\/04\/multipurpose-vegetable-cutting-machine-for-sale-300x215.jpg 300w\" sizes=\"auto, (max-width: 600px) 100vw, 600px\" \/><figcaption id=\"caption-attachment-834\" class=\"wp-caption-text\">Machine \u00e0 couper les l\u00e9gumes<\/figcaption><\/figure>\n<\/div><\/div><div  class=\"lgc-column lgc-grid-parent lgc-grid-50 lgc-tablet-grid-50 lgc-mobile-grid-100 lgc-equal-heights\"><div  class=\"inside-grid-column\">\n<figure id=\"attachment_835\" aria-describedby=\"caption-attachment-835\" style=\"width: 590px\" class=\"wp-caption alignnone\"><img loading=\"lazy\" decoding=\"async\" class=\"size-full wp-image-835\" src=\"https:\/\/www.snackfoodm.com\/wp-content\/uploads\/2020\/04\/multifunctional-vegetable-and-fruit-cutting-machine.jpg\" alt=\"machine \u00e0 couper les l\u00e9gumes et les fruits\" width=\"600\" height=\"430\" srcset=\"https:\/\/www.snackfoodm.com\/wp-content\/uploads\/2020\/04\/multifunctional-vegetable-and-fruit-cutting-machine.jpg 600w, https:\/\/www.snackfoodm.com\/wp-content\/uploads\/2020\/04\/multifunctional-vegetable-and-fruit-cutting-machine-300x215.jpg 300w\" sizes=\"auto, (max-width: 600px) 100vw, 600px\" \/><figcaption id=\"caption-attachment-835\" class=\"wp-caption-text\">Coupe-l\u00e9gumes commercial<\/figcaption><\/figure>\n<\/div><\/div><div class=\"lgc-clear\"><\/div>\n<p style=\"text-align: center;\"><a class=\"fancybox\" href=\"#contact_form_pop\"><strong class=\"button\">Obtenir des prix<\/strong><\/a><\/p>\n<div class=\"fancybox-hidden\" style=\"display: none;\">\n<div id=\"contact_form_pop\">\n<div class=\"wpcf7 no-js\" id=\"wpcf7-f384-o1\" lang=\"en-US\" dir=\"ltr\" data-wpcf7-id=\"384\">\n<div class=\"screen-reader-response\"><p role=\"status\" aria-live=\"polite\" aria-atomic=\"true\"><\/p> <ul><\/ul><\/div>\n<form action=\"\/fr\/wp-json\/wp\/v2\/pages\/833#wpcf7-f384-o1\" method=\"post\" class=\"wpcf7-form init\" aria-label=\"Formulaire de contact\" novalidate=\"novalidate\" data-status=\"init\" data-trp-original-action=\"\/fr\/wp-json\/wp\/v2\/pages\/833#wpcf7-f384-o1\">\n<fieldset class=\"hidden-fields-container\"><input type=\"hidden\" name=\"_wpcf7\" value=\"384\" \/><input type=\"hidden\" name=\"_wpcf7_version\" value=\"6.1.1\" \/><input type=\"hidden\" name=\"_wpcf7_locale\" value=\"en_US\" \/><input type=\"hidden\" name=\"_wpcf7_unit_tag\" value=\"wpcf7-f384-o1\" \/><input type=\"hidden\" name=\"_wpcf7_container_post\" value=\"0\" \/><input type=\"hidden\" name=\"_wpcf7_posted_data_hash\" value=\"\" \/>\n<\/fieldset>\n<p>Nom :\n<\/p>\n<p><span class=\"wpcf7-form-control-wrap\" data-name=\"your-name\"><input size=\"40\" maxlength=\"400\" class=\"wpcf7-form-control wpcf7-text\" aria-invalid=\"false\" value=\"\" type=\"text\" name=\"your-name\" \/><\/span>\n<\/p>\n<p>Pays :\n<\/p>\n<p><span class=\"wpcf7-form-control-wrap\" data-name=\"your-country\"><input size=\"40\" maxlength=\"400\" class=\"wpcf7-form-control wpcf7-text\" aria-invalid=\"false\" value=\"\" type=\"text\" name=\"your-country\" \/><\/span>\n<\/p>\n<p>Courriel:*\n<\/p>\n<p><span class=\"wpcf7-form-control-wrap\" data-name=\"your-email\"><input size=\"40\" maxlength=\"400\" class=\"wpcf7-form-control wpcf7-email wpcf7-validates-as-required wpcf7-text wpcf7-validates-as-email\" aria-required=\"true\" aria-invalid=\"false\" value=\"\" type=\"email\" name=\"your-email\" \/><\/span>\n<\/p>\n<p>T\u00e9l\u00e9phone*\n<\/p>\n<p><span class=\"wpcf7-form-control-wrap\" data-name=\"your-phone\"><input size=\"40\" maxlength=\"400\" class=\"wpcf7-form-control wpcf7-text wpcf7-validates-as-required\" aria-required=\"true\" aria-invalid=\"false\" placeholder=\"Veuillez ajouter les codes de pays\" value=\"\" type=\"text\" name=\"your-phone\" \/><\/span>\n<\/p>\n<p>Message:*\n<\/p>\n<p><span class=\"wpcf7-form-control-wrap\" data-name=\"your-message\"><textarea cols=\"40\" rows=\"10\" maxlength=\"2000\" class=\"wpcf7-form-control wpcf7-textarea wpcf7-validates-as-required\" aria-required=\"true\" aria-invalid=\"false\" name=\"your-message\"><\/textarea><\/span>\n<\/p>\n<p><input class=\"wpcf7-form-control wpcf7-submit has-spinner\" type=\"submit\" value=\"Obtenir des devis\" \/>\n<\/p><input type=\"hidden\" id=\"ct_checkjs_cf7_4e732ced3463d06de0ca9a15b6153677\" name=\"ct_checkjs_cf7\" value=\"0\" \/><script >setTimeout(function(){var ct_input_name = \"ct_checkjs_cf7_4e732ced3463d06de0ca9a15b6153677\";if (document.getElementById(ct_input_name) !== null) {var ct_input_value = document.getElementById(ct_input_name).value;document.getElementById(ct_input_name).value = document.getElementById(ct_input_name).value.replace(ct_input_value, 'dba04424690aafc408c5cb41194f71da80590051ae3ed0048d37dfc87b0d215e');}}, 1000);<\/script><input\n                    class=\"apbct_special_field apbct_email_id__wp_contact_form_7\"\n                    name=\"apbct__email_id__wp_contact_form_7\"\n                    aria-label=\"apbct__label_id__wp_contact_form_7\"\n                    type=\"text\" size=\"30\" maxlength=\"200\" autocomplete=\"off\"\n                    value=\"\"\n                \/><p style=\"display: none !important;\" class=\"akismet-fields-container\" data-prefix=\"_wpcf7_ak_\"><label>&#916;<textarea name=\"_wpcf7_ak_hp_textarea\" cols=\"45\" rows=\"8\" maxlength=\"100\"><\/textarea><\/label><input type=\"hidden\" id=\"ak_js_1\" name=\"_wpcf7_ak_js\" value=\"19\"\/><script>\ndocument.getElementById( \"ak_js_1\" ).setAttribute( \"value\", ( new Date() ).getTime() );\n<\/script>\n<\/p><div class=\"wpcf7-response-output\" aria-hidden=\"true\"><\/div>\n<input type=\"hidden\" name=\"trp-form-language\" value=\"fr\"\/><\/form>\n<\/div>\n<\/div>\n<\/div>\n<h2>Avantages du coupe-l\u00e9gumes multifonctionnel<\/h2>\n<ol>\n<li>Des conceptions robustes. Nos produits commerciaux <a href=\"https:\/\/www.snackfoodm.com\/fr\/potato-cutting-machine\/\">mat\u00e9riel de coupe de l\u00e9gumes et de fruits<\/a> Le corps de l'appareil est en aluminium. Les parties essentielles de la d\u00e9coupeuse industrielle sont fabriqu\u00e9es en acier inoxydable. Ces \u00e9l\u00e9ments rendent les machines de d\u00e9coupe industrielle durables pour un fonctionnement \u00e0 long terme.<\/li>\n<li>Grande flexibilit\u00e9. Notre machine \u00e0 d\u00e9couper polyvalente peut couper un grand nombre de l\u00e9gumes et de fruits tels que les pommes de terre, les carottes, les patates douces, les cassaves, etc. De plus, les l\u00e9gumes et les fruits peuvent \u00eatre coup\u00e9s en diff\u00e9rentes formes telles que des tranches, des bandes, des cubes, etc. L'\u00e9paisseur des produits coup\u00e9s est r\u00e9glable.<\/li>\n<li>Conception compacte. Toutes nos coupeuses de l\u00e9gumes et de fruits sont de conception compacte, de sorte qu'elles n'occupent que peu d'espace.<\/li>\n<li>Nettoyage facile. Gr\u00e2ce \u00e0 une conception intelligente, les coupe-fruits et les coupe-l\u00e9gumes sont facilement accessibles, ce qui permet de les nettoyer et de les entretenir ais\u00e9ment.<br \/>\n\n<div class=\"wpcf7 no-js\" id=\"wpcf7-f385-o2\" lang=\"en-US\" dir=\"ltr\" data-wpcf7-id=\"385\">\n<div class=\"screen-reader-response\"><p role=\"status\" aria-live=\"polite\" aria-atomic=\"true\"><\/p> <ul><\/ul><\/div>\n<form action=\"\/fr\/wp-json\/wp\/v2\/pages\/833#wpcf7-f385-o2\" method=\"post\" class=\"wpcf7-form init\" aria-label=\"Formulaire de contact\" novalidate=\"novalidate\" data-status=\"init\" data-trp-original-action=\"\/fr\/wp-json\/wp\/v2\/pages\/833#wpcf7-f385-o2\">\n<fieldset class=\"hidden-fields-container\"><input type=\"hidden\" name=\"_wpcf7\" value=\"385\" \/><input type=\"hidden\" name=\"_wpcf7_version\" value=\"6.1.1\" \/><input type=\"hidden\" name=\"_wpcf7_locale\" value=\"en_US\" \/><input type=\"hidden\" name=\"_wpcf7_unit_tag\" value=\"wpcf7-f385-o2\" \/><input type=\"hidden\" name=\"_wpcf7_container_post\" value=\"0\" \/><input type=\"hidden\" name=\"_wpcf7_posted_data_hash\" value=\"\" \/>\n<\/fieldset>\n<div class=\"leave-message-blockall\">\n\t<div class=\"leave-message-block\">\n\t\t<div class=\"leave-top\">\n\t\t\t<p>Veuillez remplir le formulaire ci-dessous pour obtenir les prix.\n\t\t\t<\/p>\n\t\t<\/div>\n\t\t<div class=\"leave-name\">\n\t\t\t<div class=\"leave-name-t\">\n\t\t\t\t<p>Votre nom :\n\t\t\t\t<\/p>\n\t\t\t<\/div>\n\t\t\t<p><span class=\"wpcf7-form-control-wrap\" data-name=\"your-name\"><input size=\"40\" maxlength=\"400\" class=\"wpcf7-form-control wpcf7-text\" aria-invalid=\"false\" value=\"\" type=\"text\" name=\"your-name\" \/><\/span>\n\t\t\t<\/p>\n\t\t<\/div>\n\t\t<div class=\"leave-email\">\n\t\t\t<div class=\"leave-email-t\">\n\t\t\t\t<p>Votre adresse \u00e9lectronique (obligatoire) :\n\t\t\t\t<\/p>\n\t\t\t<\/div>\n\t\t\t<p><span class=\"wpcf7-form-control-wrap\" data-name=\"your-email\"><input size=\"40\" maxlength=\"400\" class=\"wpcf7-form-control wpcf7-email wpcf7-validates-as-required wpcf7-text wpcf7-validates-as-email\" aria-required=\"true\" aria-invalid=\"false\" value=\"\" type=\"email\" name=\"your-email\" \/><\/span>\n\t\t\t<\/p>\n\t\t<\/div>\n\t\t<div class=\"leave-tel\">\n\t\t\t<div class=\"leave-tel-t\">\n\t\t\t\t<p>Votre T\u00e9l(obligatoire) :\n\t\t\t\t<\/p>\n\t\t\t<\/div>\n\t\t\t<p><span class=\"wpcf7-form-control-wrap\" data-name=\"your-tel\"><input size=\"40\" maxlength=\"400\" class=\"wpcf7-form-control wpcf7-tel wpcf7-validates-as-required wpcf7-text wpcf7-validates-as-tel\" aria-required=\"true\" aria-invalid=\"false\" placeholder=\"Veuillez ajouter les codes de pays\" value=\"\" type=\"tel\" name=\"your-tel\" \/><\/span>\n\t\t\t<\/p>\n\t\t<\/div>\n\t\t<div class=\"leave-country\">\n\t\t\t<div class=\"leave-country-t\">\n\t\t\t\t<p>Votre pays :\n\t\t\t\t<\/p>\n\t\t\t<\/div>\n\t\t\t<p><span class=\"wpcf7-form-control-wrap\" data-name=\"your-country\"><input size=\"40\" maxlength=\"400\" class=\"wpcf7-form-control wpcf7-text\" aria-invalid=\"false\" value=\"\" type=\"text\" name=\"your-country\" \/><\/span>\n\t\t\t<\/p>\n\t\t<\/div>\n\t\t<div class=\"leave-require\">\n\t\t\t<div class=\"leave-require-t\">\n\t\t\t\t<p>Votre message (obligatoire) :\n\t\t\t\t<\/p>\n\t\t\t<\/div>\n\t\t\t<p><span class=\"wpcf7-form-control-wrap\" data-name=\"your-message\"><textarea cols=\"40\" rows=\"10\" maxlength=\"2000\" class=\"wpcf7-form-control wpcf7-textarea wpcf7-validates-as-required\" aria-required=\"true\" aria-invalid=\"false\" placeholder=\"Conseils : mati\u00e8re premi\u00e8re, produit souhait\u00e9, capacit\u00e9, \u00e9quipement auxiliaire, etc.\" name=\"your-message\"><\/textarea><\/span>\n\t\t\t<\/p>\n\t\t<\/div>\n\t\t<div class=\"leave-Send\">\n\t\t\t<p><input class=\"wpcf7-form-control wpcf7-submit has-spinner\" type=\"submit\" value=\"Envoyer\" \/>\n\t\t\t<\/p>\n\t\t<\/div>\n\t<\/div>\n<\/div><input type=\"hidden\" id=\"ct_checkjs_cf7_d240e3d38a8882ecad8633c8f9c78c9b\" name=\"ct_checkjs_cf7\" value=\"0\" \/><script >setTimeout(function(){var ct_input_name = \"ct_checkjs_cf7_d240e3d38a8882ecad8633c8f9c78c9b\";if (document.getElementById(ct_input_name) !== null) {var ct_input_value = document.getElementById(ct_input_name).value;document.getElementById(ct_input_name).value = document.getElementById(ct_input_name).value.replace(ct_input_value, 'dba04424690aafc408c5cb41194f71da80590051ae3ed0048d37dfc87b0d215e');}}, 1000);<\/script><input\n                    class=\"apbct_special_field apbct_email_id__wp_contact_form_7\"\n                    name=\"apbct__email_id__wp_contact_form_7\"\n                    aria-label=\"apbct__label_id__wp_contact_form_7\"\n                    type=\"text\" size=\"30\" maxlength=\"200\" autocomplete=\"off\"\n                    value=\"\"\n                \/><p style=\"display: none !important;\" class=\"akismet-fields-container\" data-prefix=\"_wpcf7_ak_\"><label>&#916;<textarea name=\"_wpcf7_ak_hp_textarea\" cols=\"45\" rows=\"8\" maxlength=\"100\"><\/textarea><\/label><input type=\"hidden\" id=\"ak_js_2\" name=\"_wpcf7_ak_js\" value=\"210\"\/><script>\ndocument.getElementById( \"ak_js_2\" ).setAttribute( \"value\", ( new Date() ).getTime() );\n<\/script>\n<\/p><div class=\"wpcf7-response-output\" aria-hidden=\"true\"><\/div>\n<input type=\"hidden\" name=\"trp-form-language\" value=\"fr\"\/><\/form>\n<\/div>\n<\/li>\n<\/ol>\n<div style='text-align:left' class='yasr-auto-insert-visitor'><\/div>","protected":false},"excerpt":{"rendered":"<p>Multipurpose vegetable cutting machine is used to cut a great variety of vegetables and fruits into various shapes, like cubes, strips, slices and so on. In light of this feature, the multifunctional cutting equipment is such a profitable investment so that you can process many products with one machine. Cutting is a simple but essential &#8230; <a title=\"Machine \u00e0 couper les l\u00e9gumes \u00e0 usages multiples\" class=\"read-more\" href=\"https:\/\/www.snackfoodm.com\/fr\/multipurpose-vegetable-cutting-machine\/\" aria-label=\"Plus sur Multipurpose Vegetable Cutting Machine\">Lire plus<\/a><\/p>","protected":false},"author":1,"featured_media":834,"parent":0,"menu_order":0,"comment_status":"closed","ping_status":"closed","template":"","meta":{"generate_page_header":"","yasr_overall_rating":0,"yasr_post_is_review":"","yasr_auto_insert_disabled":"","yasr_review_type":"","footnotes":""},"class_list":["post-833","page","type-page","status-publish","has-post-thumbnail"],"yoast_head":"<!-- This site is optimized with the Yoast SEO plugin v25.8 - https:\/\/yoast.com\/wordpress\/plugins\/seo\/ -->\n<title>Multipurpose Vegetable Cutting Machine -Commercial Vegetable Cutter<\/title>\n<meta name=\"description\" content=\"Multipurpose vegetable cutting machine for sale. Cut a great variety of vegetables and fruits with various shapes. Great cutting results. Get prices now.\" \/>\n<meta name=\"robots\" content=\"index, follow, max-snippet:-1, max-image-preview:large, max-video-preview:-1\" \/>\n<link rel=\"canonical\" href=\"https:\/\/www.snackfoodm.com\/fr\/multipurpose-vegetable-cutting-machine\/\" \/>\n<meta property=\"og:locale\" content=\"fr_FR\" \/>\n<meta property=\"og:type\" content=\"article\" \/>\n<meta property=\"og:title\" content=\"Multipurpose Vegetable Cutting Machine -Commercial Vegetable Cutter\" \/>\n<meta property=\"og:description\" content=\"Multipurpose vegetable cutting machine for sale. Cut a great variety of vegetables and fruits with various shapes. Great cutting results. Get prices now.\" \/>\n<meta property=\"og:url\" content=\"https:\/\/www.snackfoodm.com\/fr\/multipurpose-vegetable-cutting-machine\/\" \/>\n<meta property=\"og:site_name\" content=\"Professional Potato Chips and French Fry Process Line Manufacturer\" \/>\n<meta property=\"article:modified_time\" content=\"2020-06-03T09:18:07+00:00\" \/>\n<meta property=\"og:image\" content=\"https:\/\/www.snackfoodm.com\/wp-content\/uploads\/2020\/04\/multipurpose-vegetable-cutting-machine-for-sale.jpg\" \/>\n\t<meta property=\"og:image:width\" content=\"600\" \/>\n\t<meta property=\"og:image:height\" content=\"430\" \/>\n\t<meta property=\"og:image:type\" content=\"image\/jpeg\" \/>\n<meta name=\"twitter:card\" content=\"summary_large_image\" \/>\n<meta name=\"twitter:label1\" content=\"Dur\u00e9e de lecture estim\u00e9e\" \/>\n\t<meta name=\"twitter:data1\" content=\"1 minute\" \/>\n<script type=\"application\/ld+json\" class=\"yoast-schema-graph\">{\"@context\":\"https:\/\/schema.org\",\"@graph\":[{\"@type\":\"WebPage\",\"@id\":\"https:\/\/www.snackfoodm.com\/multipurpose-vegetable-cutting-machine\/\",\"url\":\"https:\/\/www.snackfoodm.com\/multipurpose-vegetable-cutting-machine\/\",\"name\":\"Multipurpose Vegetable Cutting Machine -Commercial Vegetable Cutter\",\"isPartOf\":{\"@id\":\"https:\/\/www.snackfoodm.com\/#website\"},\"primaryImageOfPage\":{\"@id\":\"https:\/\/www.snackfoodm.com\/multipurpose-vegetable-cutting-machine\/#primaryimage\"},\"image\":{\"@id\":\"https:\/\/www.snackfoodm.com\/multipurpose-vegetable-cutting-machine\/#primaryimage\"},\"thumbnailUrl\":\"https:\/\/www.snackfoodm.com\/wp-content\/uploads\/2020\/04\/multipurpose-vegetable-cutting-machine-for-sale.jpg\",\"datePublished\":\"2020-04-07T12:13:18+00:00\",\"dateModified\":\"2020-06-03T09:18:07+00:00\",\"description\":\"Multipurpose vegetable cutting machine for sale. Cut a great variety of vegetables and fruits with various shapes. Great cutting results. Get prices now.\",\"breadcrumb\":{\"@id\":\"https:\/\/www.snackfoodm.com\/multipurpose-vegetable-cutting-machine\/#breadcrumb\"},\"inLanguage\":\"fr-FR\",\"potentialAction\":[{\"@type\":\"ReadAction\",\"target\":[\"https:\/\/www.snackfoodm.com\/multipurpose-vegetable-cutting-machine\/\"]}]},{\"@type\":\"ImageObject\",\"inLanguage\":\"fr-FR\",\"@id\":\"https:\/\/www.snackfoodm.com\/multipurpose-vegetable-cutting-machine\/#primaryimage\",\"url\":\"https:\/\/www.snackfoodm.com\/wp-content\/uploads\/2020\/04\/multipurpose-vegetable-cutting-machine-for-sale.jpg\",\"contentUrl\":\"https:\/\/www.snackfoodm.com\/wp-content\/uploads\/2020\/04\/multipurpose-vegetable-cutting-machine-for-sale.jpg\",\"width\":600,\"height\":430,\"caption\":\"Vegetable Cutter Machine\"},{\"@type\":\"BreadcrumbList\",\"@id\":\"https:\/\/www.snackfoodm.com\/multipurpose-vegetable-cutting-machine\/#breadcrumb\",\"itemListElement\":[{\"@type\":\"ListItem\",\"position\":1,\"name\":\"\u9996\u9875\",\"item\":\"https:\/\/www.snackfoodm.com\/\"},{\"@type\":\"ListItem\",\"position\":2,\"name\":\"Multipurpose Vegetable Cutting Machine\"}]},{\"@type\":\"WebSite\",\"@id\":\"https:\/\/www.snackfoodm.com\/#website\",\"url\":\"https:\/\/www.snackfoodm.com\/\",\"name\":\"Professional Potato Chips and French Fry Process Line Manufacturer\",\"description\":\"Turnkey Solutions for Chips and French Fries Production Line\",\"publisher\":{\"@id\":\"https:\/\/www.snackfoodm.com\/#organization\"},\"potentialAction\":[{\"@type\":\"SearchAction\",\"target\":{\"@type\":\"EntryPoint\",\"urlTemplate\":\"https:\/\/www.snackfoodm.com\/?s={search_term_string}\"},\"query-input\":{\"@type\":\"PropertyValueSpecification\",\"valueRequired\":true,\"valueName\":\"search_term_string\"}}],\"inLanguage\":\"fr-FR\"},{\"@type\":\"Organization\",\"@id\":\"https:\/\/www.snackfoodm.com\/#organization\",\"name\":\"Professional Potato Chips and French Fry Process Line Manufacturer\",\"url\":\"https:\/\/www.snackfoodm.com\/\",\"logo\":{\"@type\":\"ImageObject\",\"inLanguage\":\"fr-FR\",\"@id\":\"https:\/\/www.snackfoodm.com\/#\/schema\/logo\/image\/\",\"url\":\"https:\/\/www.snackfoodm.com\/wp-content\/uploads\/2020\/02\/cropped-\u65b0\u7248LOGO1-3.png\",\"contentUrl\":\"https:\/\/www.snackfoodm.com\/wp-content\/uploads\/2020\/02\/cropped-\u65b0\u7248LOGO1-3.png\",\"width\":163,\"height\":85,\"caption\":\"Professional Potato Chips and French Fry Process Line Manufacturer\"},\"image\":{\"@id\":\"https:\/\/www.snackfoodm.com\/#\/schema\/logo\/image\/\"}},false]}<\/script>\n<!-- \/ Yoast SEO plugin. -->","yoast_head_json":{"title":"Coupe-l\u00e9gumes polyvalent - Coupe-l\u00e9gumes commercial","description":"Machine \u00e0 couper les l\u00e9gumes polyvalente \u00e0 vendre. Coupe une grande vari\u00e9t\u00e9 de l\u00e9gumes et de fruits de formes diverses. Excellents r\u00e9sultats de coupe. Obtenez les prix maintenant.","robots":{"index":"index","follow":"follow","max-snippet":"max-snippet:-1","max-image-preview":"max-image-preview:large","max-video-preview":"max-video-preview:-1"},"canonical":"https:\/\/www.snackfoodm.com\/fr\/multipurpose-vegetable-cutting-machine\/","og_locale":"fr_FR","og_type":"article","og_title":"Multipurpose Vegetable Cutting Machine -Commercial Vegetable Cutter","og_description":"Multipurpose vegetable cutting machine for sale. Cut a great variety of vegetables and fruits with various shapes. Great cutting results. Get prices now.","og_url":"https:\/\/www.snackfoodm.com\/fr\/multipurpose-vegetable-cutting-machine\/","og_site_name":"Professional Potato Chips and French Fry Process Line Manufacturer","article_modified_time":"2020-06-03T09:18:07+00:00","og_image":[{"width":600,"height":430,"url":"https:\/\/www.snackfoodm.com\/wp-content\/uploads\/2020\/04\/multipurpose-vegetable-cutting-machine-for-sale.jpg","type":"image\/jpeg"}],"twitter_card":"summary_large_image","twitter_misc":{"Dur\u00e9e de lecture estim\u00e9e":"1 minute"},"schema":{"@context":"https:\/\/schema.org","@graph":[{"@type":"WebPage","@id":"https:\/\/www.snackfoodm.com\/multipurpose-vegetable-cutting-machine\/","url":"https:\/\/www.snackfoodm.com\/multipurpose-vegetable-cutting-machine\/","name":"Coupe-l\u00e9gumes polyvalent - Coupe-l\u00e9gumes commercial","isPartOf":{"@id":"https:\/\/www.snackfoodm.com\/#website"},"primaryImageOfPage":{"@id":"https:\/\/www.snackfoodm.com\/multipurpose-vegetable-cutting-machine\/#primaryimage"},"image":{"@id":"https:\/\/www.snackfoodm.com\/multipurpose-vegetable-cutting-machine\/#primaryimage"},"thumbnailUrl":"https:\/\/www.snackfoodm.com\/wp-content\/uploads\/2020\/04\/multipurpose-vegetable-cutting-machine-for-sale.jpg","datePublished":"2020-04-07T12:13:18+00:00","dateModified":"2020-06-03T09:18:07+00:00","description":"Machine \u00e0 couper les l\u00e9gumes polyvalente \u00e0 vendre. Coupe une grande vari\u00e9t\u00e9 de l\u00e9gumes et de fruits de formes diverses. Excellents r\u00e9sultats de coupe. Obtenez les prix maintenant.","breadcrumb":{"@id":"https:\/\/www.snackfoodm.com\/multipurpose-vegetable-cutting-machine\/#breadcrumb"},"inLanguage":"fr-FR","potentialAction":[{"@type":"ReadAction","target":["https:\/\/www.snackfoodm.com\/multipurpose-vegetable-cutting-machine\/"]}]},{"@type":"ImageObject","inLanguage":"fr-FR","@id":"https:\/\/www.snackfoodm.com\/multipurpose-vegetable-cutting-machine\/#primaryimage","url":"https:\/\/www.snackfoodm.com\/wp-content\/uploads\/2020\/04\/multipurpose-vegetable-cutting-machine-for-sale.jpg","contentUrl":"https:\/\/www.snackfoodm.com\/wp-content\/uploads\/2020\/04\/multipurpose-vegetable-cutting-machine-for-sale.jpg","width":600,"height":430,"caption":"Vegetable Cutter Machine"},{"@type":"BreadcrumbList","@id":"https:\/\/www.snackfoodm.com\/multipurpose-vegetable-cutting-machine\/#breadcrumb","itemListElement":[{"@type":"ListItem","position":1,"name":"\u9996\u9875","item":"https:\/\/www.snackfoodm.com\/"},{"@type":"ListItem","position":2,"name":"Multipurpose Vegetable Cutting Machine"}]},{"@type":"WebSite","@id":"https:\/\/www.snackfoodm.com\/#website","url":"https:\/\/www.snackfoodm.com\/","name":"Fabricant professionnel de lignes de production de chips et de frites","description":"Solutions cl\u00e9s en main pour une ligne de production de chips et de frites","publisher":{"@id":"https:\/\/www.snackfoodm.com\/#organization"},"potentialAction":[{"@type":"SearchAction","target":{"@type":"EntryPoint","urlTemplate":"https:\/\/www.snackfoodm.com\/?s={search_term_string}"},"query-input":{"@type":"PropertyValueSpecification","valueRequired":true,"valueName":"search_term_string"}}],"inLanguage":"fr-FR"},{"@type":"Organization","@id":"https:\/\/www.snackfoodm.com\/#organization","name":"Fabricant professionnel de lignes de production de chips et de frites","url":"https:\/\/www.snackfoodm.com\/","logo":{"@type":"ImageObject","inLanguage":"fr-FR","@id":"https:\/\/www.snackfoodm.com\/#\/schema\/logo\/image\/","url":"https:\/\/www.snackfoodm.com\/wp-content\/uploads\/2020\/02\/cropped-\u65b0\u7248LOGO1-3.png","contentUrl":"https:\/\/www.snackfoodm.com\/wp-content\/uploads\/2020\/02\/cropped-\u65b0\u7248LOGO1-3.png","width":163,"height":85,"caption":"Professional Potato Chips and French Fry Process Line Manufacturer"},"image":{"@id":"https:\/\/www.snackfoodm.com\/#\/schema\/logo\/image\/"}},false]}},"yasr_visitor_votes":{"stars_attributes":{"read_only":false,"span_bottom":false},"number_of_votes":0,"sum_votes":0},"_links":{"self":[{"href":"https:\/\/www.snackfoodm.com\/fr\/wp-json\/wp\/v2\/pages\/833","targetHints":{"allow":["GET"]}}],"collection":[{"href":"https:\/\/www.snackfoodm.com\/fr\/wp-json\/wp\/v2\/pages"}],"about":[{"href":"https:\/\/www.snackfoodm.com\/fr\/wp-json\/wp\/v2\/types\/page"}],"author":[{"embeddable":true,"href":"https:\/\/www.snackfoodm.com\/fr\/wp-json\/wp\/v2\/users\/1"}],"replies":[{"embeddable":true,"href":"https:\/\/www.snackfoodm.com\/fr\/wp-json\/wp\/v2\/comments?post=833"}],"version-history":[{"count":2,"href":"https:\/\/www.snackfoodm.com\/fr\/wp-json\/wp\/v2\/pages\/833\/revisions"}],"predecessor-version":[{"id":1072,"href":"https:\/\/www.snackfoodm.com\/fr\/wp-json\/wp\/v2\/pages\/833\/revisions\/1072"}],"wp:featuredmedia":[{"embeddable":true,"href":"https:\/\/www.snackfoodm.com\/fr\/wp-json\/wp\/v2\/media\/834"}],"wp:attachment":[{"href":"https:\/\/www.snackfoodm.com\/fr\/wp-json\/wp\/v2\/media?parent=833"}],"curies":[{"name":"wp","href":"https:\/\/api.w.org\/{rel}","templated":true}]}}