{"id":892,"date":"2020-04-30T17:49:13","date_gmt":"2020-04-30T09:49:13","guid":{"rendered":"https:\/\/www.snackfoodm.com\/?page_id=892"},"modified":"2020-04-30T20:45:41","modified_gmt":"2020-04-30T12:45:41","slug":"industrial-seaweed-chips-frying-machine","status":"publish","type":"page","link":"https:\/\/www.snackfoodm.com\/fr\/industrial-seaweed-chips-frying-machine\/","title":{"rendered":"Machine industrielle \u00e0 frire les chips d'algues"},"content":{"rendered":"<p>Les chips d'algues frites, \u00e9galement connues sous le nom de kombu frit et de nori frit, sont des en-cas de plus en plus populaires. En effet, les chips d'algues croustillantes sont consid\u00e9r\u00e9es comme des en-cas sains. Par cons\u00e9quent, les chips d'algues frites sont largement consomm\u00e9es par des personnes de tous \u00e2ges dans le monde entier. Nos produits <strong>machine industrielle \u00e0 frire les chips d'algues<\/strong> peut faire frire des chips d'algues \u00e0 la texture croustillante et \u00e0 la qualit\u00e9 et aux formes uniformes. Si vous souhaitez cr\u00e9er une entreprise de production de chips d'algues, n'h\u00e9sitez pas \u00e0 nous contacter.<\/p>\n<figure id=\"attachment_894\" aria-describedby=\"caption-attachment-894\" style=\"width: 620px\" class=\"wp-caption aligncenter\"><img loading=\"lazy\" decoding=\"async\" class=\"size-full wp-image-894\" src=\"https:\/\/www.snackfoodm.com\/wp-content\/uploads\/2020\/04\/seaweed-chips-continuous-fryer-machine.jpg\" alt=\"machine \u00e0 frire en continu les chips d&#039;algues \" width=\"630\" height=\"400\" srcset=\"https:\/\/www.snackfoodm.com\/wp-content\/uploads\/2020\/04\/seaweed-chips-continuous-fryer-machine.jpg 630w, https:\/\/www.snackfoodm.com\/wp-content\/uploads\/2020\/04\/seaweed-chips-continuous-fryer-machine-300x190.jpg 300w\" sizes=\"auto, (max-width: 630px) 100vw, 630px\" \/><figcaption id=\"caption-attachment-894\" class=\"wp-caption-text\">Chips d'algues croustillantes Friteuse continue<\/figcaption><\/figure>\n<p style=\"text-align: center;\"><a class=\"fancybox\" href=\"#contact_form_pop\"><strong class=\"button\">Obtenir des prix<\/strong><\/a><\/p>\n<h2>Friteuses de chips d'algues croustillantes<\/h2>\n<p>En tant que fabricant et fournisseur professionnel de machines \u00e0 frire le kombu frit, nous concevons et fabriquons une grande vari\u00e9t\u00e9 de friteuses. En g\u00e9n\u00e9ral, il existe plusieurs types de machines \u00e0 frire commerciales pour les chips d'algues : automatiques, automatiques et automatiques. <a href=\"https:\/\/www.snackfoodm.com\/fr\/automatic-continuous-frying-machine\/\">friteuse en continu<\/a>\u00e9quipement de friture semi-automatique de kombu frit, et <a href=\"https:\/\/www.snackfoodm.com\/fr\/commercial-basket-deep-fryer-machine\/\">panier friteuse commerciale<\/a>. En ce qui concerne la capacit\u00e9, la machine de friture continue est destin\u00e9e \u00e0 la ligne de production de chips d'algues \u00e0 grande \u00e9chelle, la friteuse semi-automatique de type batch aux entreprises de production de kombu frit de taille moyenne et petite, la friteuse commerciale \u00e0 panier aux lignes de friture de chips d'algues de petite taille. En ce qui concerne les r\u00e9sultats de friture, toutes les friteuses industrielles de chips d'algues sont \u00e9quip\u00e9es d'un syst\u00e8me de contr\u00f4le automatique de la temp\u00e9rature et d'un syst\u00e8me de filtrage efficace. Tous ces \u00e9l\u00e9ments garantissent des produits finis de qualit\u00e9 sup\u00e9rieure avec une utilisation durable de l'huile et de l'\u00e9nergie. Pour les syst\u00e8mes de chauffage, les friteuses commerciales de chips d'algues croustillantes peuvent utiliser le gaz, l'\u00e9lectricit\u00e9 et la vapeur. En fait, toutes les friteuses pour chips d'algues peuvent \u00eatre personnalis\u00e9es en fonction des besoins et des exigences du client.<br \/>\n<div  class=\"lgc-column lgc-grid-parent lgc-grid-50 lgc-tablet-grid-50 lgc-mobile-grid-100 lgc-equal-heights\"><div  class=\"inside-grid-column\">\n<figure id=\"attachment_895\" aria-describedby=\"caption-attachment-895\" style=\"width: 620px\" class=\"wp-caption alignnone\"><img loading=\"lazy\" decoding=\"async\" class=\"size-full wp-image-895\" src=\"https:\/\/www.snackfoodm.com\/wp-content\/uploads\/2020\/04\/batch-type-deep-frying-machine-for-seaweed-chips.jpg\" alt=\"Machine \u00e0 frire les chips d&#039;algues frites \" width=\"630\" height=\"400\" srcset=\"https:\/\/www.snackfoodm.com\/wp-content\/uploads\/2020\/04\/batch-type-deep-frying-machine-for-seaweed-chips.jpg 630w, https:\/\/www.snackfoodm.com\/wp-content\/uploads\/2020\/04\/batch-type-deep-frying-machine-for-seaweed-chips-300x190.jpg 300w\" sizes=\"auto, (max-width: 630px) 100vw, 630px\" \/><figcaption id=\"caption-attachment-895\" class=\"wp-caption-text\">Machine commerciale \u00e0 frire les chips d'algues<\/figcaption><\/figure>\n<\/div><\/div><div  class=\"lgc-column lgc-grid-parent lgc-grid-50 lgc-tablet-grid-50 lgc-mobile-grid-100 lgc-equal-heights\"><div  class=\"inside-grid-column\">\n<figure id=\"attachment_896\" aria-describedby=\"caption-attachment-896\" style=\"width: 620px\" class=\"wp-caption alignnone\"><img loading=\"lazy\" decoding=\"async\" class=\"size-full wp-image-896\" src=\"https:\/\/www.snackfoodm.com\/wp-content\/uploads\/2020\/04\/commercial-deep-fryer-for-crispy-seaweed-chips.jpg\" alt=\"machine \u00e0 frire les chips d&#039;algues\" width=\"630\" height=\"400\" srcset=\"https:\/\/www.snackfoodm.com\/wp-content\/uploads\/2020\/04\/commercial-deep-fryer-for-crispy-seaweed-chips.jpg 630w, https:\/\/www.snackfoodm.com\/wp-content\/uploads\/2020\/04\/commercial-deep-fryer-for-crispy-seaweed-chips-300x190.jpg 300w\" sizes=\"auto, (max-width: 630px) 100vw, 630px\" \/><figcaption id=\"caption-attachment-896\" class=\"wp-caption-text\">Friteuse \u00e0 panier pour chips d'algues<\/figcaption><\/figure>\n<\/div><\/div><div class=\"lgc-clear\"><\/div>\n<p style=\"text-align: center;\"><a class=\"fancybox\" href=\"#contact_form_pop\"><strong class=\"button\">Obtenir des prix<\/strong><\/a><\/p>\n<h2>Caract\u00e9ristiques des machines de fabrication de nori frit<\/h2>\n<p>1) Structure en acier inoxydable. Toutes les friteuses de chips d'algues sont fabriqu\u00e9es en acier inoxydable de qualit\u00e9, conform\u00e9ment aux normes alimentaires. La structure en acier inoxydable rend les friteuses commerciales non seulement durables pour un fonctionnement \u00e0 long terme, mais aussi hygi\u00e9niques pour l'ensemble du processus.<br \/>\n2) Conceptions personnalis\u00e9es. Toutes les configurations des machines \u00e0 frire les chips d'algues peuvent \u00eatre con\u00e7ues sur mesure pour r\u00e9pondre aux besoins et aux exigences des clients.<br \/>\n3. nettoyage facile. \u00c0 l'exception des aciers inoxydables, les \u00e9quipements de friture de chips d'algues sont con\u00e7us et fabriqu\u00e9s avec soin de mani\u00e8re \u00e0 pouvoir \u00eatre facilement nettoy\u00e9s et entretenus.<br \/>\n4) Produits finis de qualit\u00e9 sup\u00e9rieure. Gr\u00e2ce \u00e0 une technologie avanc\u00e9e, les machines \u00e0 frire industrielles pour chips d'algues assurent une temp\u00e9rature \u00e9lev\u00e9e constante, \u00e9liminent rapidement les particules et ajustent le temps de transit pour garantir des produits finis de qualit\u00e9.<br \/>\nPrix comp\u00e9titifs. Toutes les lignes de friture commerciale de chips d'algues croustillantes sont fabriqu\u00e9es par nos ouvriers professionnels en usine, ce qui vous \u00e9vite les frais de tiers. Et en tant qu'acteur s\u00e9rieux dans l'industrie des machines de traitement des aliments, nous ne compromettons jamais la qualit\u00e9 simplement pour les prix.<br \/>\n\n<div class=\"wpcf7 no-js\" id=\"wpcf7-f385-o1\" lang=\"en-US\" dir=\"ltr\" data-wpcf7-id=\"385\">\n<div class=\"screen-reader-response\"><p role=\"status\" aria-live=\"polite\" aria-atomic=\"true\"><\/p> <ul><\/ul><\/div>\n<form action=\"\/fr\/wp-json\/wp\/v2\/pages\/892#wpcf7-f385-o1\" method=\"post\" class=\"wpcf7-form init\" aria-label=\"Formulaire de contact\" novalidate=\"novalidate\" data-status=\"init\" data-trp-original-action=\"\/fr\/wp-json\/wp\/v2\/pages\/892#wpcf7-f385-o1\">\n<fieldset class=\"hidden-fields-container\"><input type=\"hidden\" name=\"_wpcf7\" value=\"385\" \/><input type=\"hidden\" name=\"_wpcf7_version\" value=\"6.1.1\" \/><input type=\"hidden\" name=\"_wpcf7_locale\" value=\"en_US\" \/><input type=\"hidden\" name=\"_wpcf7_unit_tag\" value=\"wpcf7-f385-o1\" \/><input type=\"hidden\" name=\"_wpcf7_container_post\" value=\"0\" \/><input type=\"hidden\" name=\"_wpcf7_posted_data_hash\" value=\"\" \/>\n<\/fieldset>\n<div class=\"leave-message-blockall\">\n\t<div class=\"leave-message-block\">\n\t\t<div class=\"leave-top\">\n\t\t\t<p>Veuillez remplir le formulaire ci-dessous pour obtenir les prix.\n\t\t\t<\/p>\n\t\t<\/div>\n\t\t<div class=\"leave-name\">\n\t\t\t<div class=\"leave-name-t\">\n\t\t\t\t<p>Votre nom :\n\t\t\t\t<\/p>\n\t\t\t<\/div>\n\t\t\t<p><span class=\"wpcf7-form-control-wrap\" data-name=\"your-name\"><input size=\"40\" maxlength=\"400\" class=\"wpcf7-form-control wpcf7-text\" aria-invalid=\"false\" value=\"\" type=\"text\" name=\"your-name\" \/><\/span>\n\t\t\t<\/p>\n\t\t<\/div>\n\t\t<div class=\"leave-email\">\n\t\t\t<div class=\"leave-email-t\">\n\t\t\t\t<p>Votre adresse \u00e9lectronique (obligatoire) :\n\t\t\t\t<\/p>\n\t\t\t<\/div>\n\t\t\t<p><span class=\"wpcf7-form-control-wrap\" data-name=\"your-email\"><input size=\"40\" maxlength=\"400\" class=\"wpcf7-form-control wpcf7-email wpcf7-validates-as-required wpcf7-text wpcf7-validates-as-email\" aria-required=\"true\" aria-invalid=\"false\" value=\"\" type=\"email\" name=\"your-email\" \/><\/span>\n\t\t\t<\/p>\n\t\t<\/div>\n\t\t<div class=\"leave-tel\">\n\t\t\t<div class=\"leave-tel-t\">\n\t\t\t\t<p>Votre T\u00e9l(obligatoire) :\n\t\t\t\t<\/p>\n\t\t\t<\/div>\n\t\t\t<p><span class=\"wpcf7-form-control-wrap\" data-name=\"your-tel\"><input size=\"40\" maxlength=\"400\" class=\"wpcf7-form-control wpcf7-tel wpcf7-validates-as-required wpcf7-text wpcf7-validates-as-tel\" aria-required=\"true\" aria-invalid=\"false\" placeholder=\"Veuillez ajouter les codes de pays\" value=\"\" type=\"tel\" name=\"your-tel\" \/><\/span>\n\t\t\t<\/p>\n\t\t<\/div>\n\t\t<div class=\"leave-country\">\n\t\t\t<div class=\"leave-country-t\">\n\t\t\t\t<p>Votre pays :\n\t\t\t\t<\/p>\n\t\t\t<\/div>\n\t\t\t<p><span class=\"wpcf7-form-control-wrap\" data-name=\"your-country\"><input size=\"40\" maxlength=\"400\" class=\"wpcf7-form-control wpcf7-text\" aria-invalid=\"false\" value=\"\" type=\"text\" name=\"your-country\" \/><\/span>\n\t\t\t<\/p>\n\t\t<\/div>\n\t\t<div class=\"leave-require\">\n\t\t\t<div class=\"leave-require-t\">\n\t\t\t\t<p>Votre message (obligatoire) :\n\t\t\t\t<\/p>\n\t\t\t<\/div>\n\t\t\t<p><span class=\"wpcf7-form-control-wrap\" data-name=\"your-message\"><textarea cols=\"40\" rows=\"10\" maxlength=\"2000\" class=\"wpcf7-form-control wpcf7-textarea wpcf7-validates-as-required\" aria-required=\"true\" aria-invalid=\"false\" placeholder=\"Conseils : mati\u00e8re premi\u00e8re, produit souhait\u00e9, capacit\u00e9, \u00e9quipement auxiliaire, etc.\" name=\"your-message\"><\/textarea><\/span>\n\t\t\t<\/p>\n\t\t<\/div>\n\t\t<div class=\"leave-Send\">\n\t\t\t<p><input class=\"wpcf7-form-control wpcf7-submit has-spinner\" type=\"submit\" value=\"Envoyer\" \/>\n\t\t\t<\/p>\n\t\t<\/div>\n\t<\/div>\n<\/div><input type=\"hidden\" id=\"ct_checkjs_cf7_ef575e8837d065a1683c022d2077d342\" name=\"ct_checkjs_cf7\" value=\"0\" \/><script >setTimeout(function(){var ct_input_name = \"ct_checkjs_cf7_ef575e8837d065a1683c022d2077d342\";if (document.getElementById(ct_input_name) !== null) {var ct_input_value = document.getElementById(ct_input_name).value;document.getElementById(ct_input_name).value = document.getElementById(ct_input_name).value.replace(ct_input_value, 'dba04424690aafc408c5cb41194f71da80590051ae3ed0048d37dfc87b0d215e');}}, 1000);<\/script><input\n                    class=\"apbct_special_field apbct_email_id__wp_contact_form_7\"\n                    name=\"apbct__email_id__wp_contact_form_7\"\n                    aria-label=\"apbct__label_id__wp_contact_form_7\"\n                    type=\"text\" size=\"30\" maxlength=\"200\" autocomplete=\"off\"\n                    value=\"\"\n                \/><p style=\"display: none !important;\" class=\"akismet-fields-container\" data-prefix=\"_wpcf7_ak_\"><label>&#916;<textarea name=\"_wpcf7_ak_hp_textarea\" cols=\"45\" rows=\"8\" maxlength=\"100\"><\/textarea><\/label><input type=\"hidden\" id=\"ak_js_1\" name=\"_wpcf7_ak_js\" value=\"211\"\/><script>\ndocument.getElementById( \"ak_js_1\" ).setAttribute( \"value\", ( new Date() ).getTime() );\n<\/script>\n<\/p><div class=\"wpcf7-response-output\" aria-hidden=\"true\"><\/div>\n<input type=\"hidden\" name=\"trp-form-language\" value=\"fr\"\/><\/form>\n<\/div>\n\n<div style='text-align:left' class='yasr-auto-insert-visitor'><\/div>","protected":false},"excerpt":{"rendered":"<p>Fried seaweed chips, also known as fried kombu and fried nori, are snack food with rising popularity. For the crispy seaweed chips are seen as healthy snack foods. As a result, the fried seaweed chips are widely consumed by people of all ages around the world. Our industrial seaweed chips frying machine can deep fry &#8230; <a title=\"Machine industrielle \u00e0 frire les chips d&#039;algues\" class=\"read-more\" href=\"https:\/\/www.snackfoodm.com\/fr\/industrial-seaweed-chips-frying-machine\/\" aria-label=\"Plus sur Industrial Seaweed Chips Frying Machine\">Lire plus<\/a><\/p>","protected":false},"author":1,"featured_media":894,"parent":0,"menu_order":0,"comment_status":"closed","ping_status":"closed","template":"","meta":{"generate_page_header":"","yasr_overall_rating":0,"yasr_post_is_review":"","yasr_auto_insert_disabled":"","yasr_review_type":"","footnotes":""},"class_list":["post-892","page","type-page","status-publish","has-post-thumbnail"],"yoast_head":"<!-- This site is optimized with the Yoast SEO plugin v25.8 - https:\/\/yoast.com\/wordpress\/plugins\/seo\/ -->\n<title>Industrial Seaweed Chips Frying Machine -Crispy Seaweed Chips Fryer<\/title>\n<meta name=\"description\" content=\"Industrial seaweed chips frying machine prices. Custom design deep fryers for crispy seaweed chips. Top end products with energy efficiency. Get prices now.\" \/>\n<meta name=\"robots\" content=\"index, follow, max-snippet:-1, max-image-preview:large, max-video-preview:-1\" \/>\n<link rel=\"canonical\" href=\"https:\/\/www.snackfoodm.com\/fr\/industrial-seaweed-chips-frying-machine\/\" \/>\n<meta property=\"og:locale\" content=\"fr_FR\" \/>\n<meta property=\"og:type\" content=\"article\" \/>\n<meta property=\"og:title\" content=\"Industrial Seaweed Chips Frying Machine -Crispy Seaweed Chips Fryer\" \/>\n<meta property=\"og:description\" content=\"Industrial seaweed chips frying machine prices. Custom design deep fryers for crispy seaweed chips. Top end products with energy efficiency. Get prices now.\" \/>\n<meta property=\"og:url\" content=\"https:\/\/www.snackfoodm.com\/fr\/industrial-seaweed-chips-frying-machine\/\" \/>\n<meta property=\"og:site_name\" content=\"Professional Potato Chips and French Fry Process Line Manufacturer\" \/>\n<meta property=\"article:modified_time\" content=\"2020-04-30T12:45:41+00:00\" \/>\n<meta property=\"og:image\" content=\"https:\/\/www.snackfoodm.com\/wp-content\/uploads\/2020\/04\/seaweed-chips-continuous-fryer-machine.jpg\" \/>\n\t<meta property=\"og:image:width\" content=\"630\" \/>\n\t<meta property=\"og:image:height\" content=\"400\" \/>\n\t<meta property=\"og:image:type\" content=\"image\/jpeg\" \/>\n<meta name=\"twitter:card\" content=\"summary_large_image\" \/>\n<meta name=\"twitter:label1\" content=\"Dur\u00e9e de lecture estim\u00e9e\" \/>\n\t<meta name=\"twitter:data1\" content=\"2 minutes\" \/>\n<script type=\"application\/ld+json\" class=\"yoast-schema-graph\">{\"@context\":\"https:\/\/schema.org\",\"@graph\":[{\"@type\":\"WebPage\",\"@id\":\"https:\/\/www.snackfoodm.com\/fr\/industrial-seaweed-chips-frying-machine\/\",\"url\":\"https:\/\/www.snackfoodm.com\/fr\/industrial-seaweed-chips-frying-machine\/\",\"name\":\"Industrial Seaweed Chips Frying Machine -Crispy Seaweed Chips Fryer\",\"isPartOf\":{\"@id\":\"https:\/\/www.snackfoodm.com\/#website\"},\"primaryImageOfPage\":{\"@id\":\"https:\/\/www.snackfoodm.com\/fr\/industrial-seaweed-chips-frying-machine\/#primaryimage\"},\"image\":{\"@id\":\"https:\/\/www.snackfoodm.com\/fr\/industrial-seaweed-chips-frying-machine\/#primaryimage\"},\"thumbnailUrl\":\"https:\/\/www.snackfoodm.com\/wp-content\/uploads\/2020\/04\/seaweed-chips-continuous-fryer-machine.jpg\",\"datePublished\":\"2020-04-30T09:49:13+00:00\",\"dateModified\":\"2020-04-30T12:45:41+00:00\",\"description\":\"Industrial seaweed chips frying machine prices. Custom design deep fryers for crispy seaweed chips. Top end products with energy efficiency. Get prices now.\",\"breadcrumb\":{\"@id\":\"https:\/\/www.snackfoodm.com\/fr\/industrial-seaweed-chips-frying-machine\/#breadcrumb\"},\"inLanguage\":\"fr-FR\",\"potentialAction\":[{\"@type\":\"ReadAction\",\"target\":[\"https:\/\/www.snackfoodm.com\/fr\/industrial-seaweed-chips-frying-machine\/\"]}]},{\"@type\":\"ImageObject\",\"inLanguage\":\"fr-FR\",\"@id\":\"https:\/\/www.snackfoodm.com\/fr\/industrial-seaweed-chips-frying-machine\/#primaryimage\",\"url\":\"https:\/\/www.snackfoodm.com\/wp-content\/uploads\/2020\/04\/seaweed-chips-continuous-fryer-machine.jpg\",\"contentUrl\":\"https:\/\/www.snackfoodm.com\/wp-content\/uploads\/2020\/04\/seaweed-chips-continuous-fryer-machine.jpg\",\"width\":630,\"height\":400,\"caption\":\"Crispy Seaweed Chips Continuous Fryer\"},{\"@type\":\"BreadcrumbList\",\"@id\":\"https:\/\/www.snackfoodm.com\/fr\/industrial-seaweed-chips-frying-machine\/#breadcrumb\",\"itemListElement\":[{\"@type\":\"ListItem\",\"position\":1,\"name\":\"\u9996\u9875\",\"item\":\"https:\/\/www.snackfoodm.com\/\"},{\"@type\":\"ListItem\",\"position\":2,\"name\":\"Industrial Seaweed Chips Frying Machine\"}]},{\"@type\":\"WebSite\",\"@id\":\"https:\/\/www.snackfoodm.com\/#website\",\"url\":\"https:\/\/www.snackfoodm.com\/\",\"name\":\"Professional Potato Chips and French Fry Process Line Manufacturer\",\"description\":\"Turnkey Solutions for Chips and French Fries Production Line\",\"publisher\":{\"@id\":\"https:\/\/www.snackfoodm.com\/#organization\"},\"potentialAction\":[{\"@type\":\"SearchAction\",\"target\":{\"@type\":\"EntryPoint\",\"urlTemplate\":\"https:\/\/www.snackfoodm.com\/?s={search_term_string}\"},\"query-input\":{\"@type\":\"PropertyValueSpecification\",\"valueRequired\":true,\"valueName\":\"search_term_string\"}}],\"inLanguage\":\"fr-FR\"},{\"@type\":\"Organization\",\"@id\":\"https:\/\/www.snackfoodm.com\/#organization\",\"name\":\"Professional Potato Chips and French Fry Process Line Manufacturer\",\"url\":\"https:\/\/www.snackfoodm.com\/\",\"logo\":{\"@type\":\"ImageObject\",\"inLanguage\":\"fr-FR\",\"@id\":\"https:\/\/www.snackfoodm.com\/#\/schema\/logo\/image\/\",\"url\":\"https:\/\/www.snackfoodm.com\/wp-content\/uploads\/2020\/02\/cropped-\u65b0\u7248LOGO1-3.png\",\"contentUrl\":\"https:\/\/www.snackfoodm.com\/wp-content\/uploads\/2020\/02\/cropped-\u65b0\u7248LOGO1-3.png\",\"width\":163,\"height\":85,\"caption\":\"Professional Potato Chips and French Fry Process Line Manufacturer\"},\"image\":{\"@id\":\"https:\/\/www.snackfoodm.com\/#\/schema\/logo\/image\/\"}},false]}<\/script>\n<!-- \/ Yoast SEO plugin. -->","yoast_head_json":{"title":"Machine industrielle \u00e0 frire les chips d'algues - Friteuse de chips d'algues croustillantes","description":"Prix des friteuses industrielles pour chips d'algues. Friteuses sur mesure pour des chips d'algues croustillantes. Produits haut de gamme avec efficacit\u00e9 \u00e9nerg\u00e9tique. Obtenez les prix maintenant.","robots":{"index":"index","follow":"follow","max-snippet":"max-snippet:-1","max-image-preview":"max-image-preview:large","max-video-preview":"max-video-preview:-1"},"canonical":"https:\/\/www.snackfoodm.com\/fr\/industrial-seaweed-chips-frying-machine\/","og_locale":"fr_FR","og_type":"article","og_title":"Industrial Seaweed Chips Frying Machine -Crispy Seaweed Chips Fryer","og_description":"Industrial seaweed chips frying machine prices. Custom design deep fryers for crispy seaweed chips. Top end products with energy efficiency. Get prices now.","og_url":"https:\/\/www.snackfoodm.com\/fr\/industrial-seaweed-chips-frying-machine\/","og_site_name":"Professional Potato Chips and French Fry Process Line Manufacturer","article_modified_time":"2020-04-30T12:45:41+00:00","og_image":[{"width":630,"height":400,"url":"https:\/\/www.snackfoodm.com\/wp-content\/uploads\/2020\/04\/seaweed-chips-continuous-fryer-machine.jpg","type":"image\/jpeg"}],"twitter_card":"summary_large_image","twitter_misc":{"Dur\u00e9e de lecture estim\u00e9e":"2 minutes"},"schema":{"@context":"https:\/\/schema.org","@graph":[{"@type":"WebPage","@id":"https:\/\/www.snackfoodm.com\/fr\/industrial-seaweed-chips-frying-machine\/","url":"https:\/\/www.snackfoodm.com\/fr\/industrial-seaweed-chips-frying-machine\/","name":"Machine industrielle \u00e0 frire les chips d'algues - Friteuse de chips d'algues croustillantes","isPartOf":{"@id":"https:\/\/www.snackfoodm.com\/#website"},"primaryImageOfPage":{"@id":"https:\/\/www.snackfoodm.com\/fr\/industrial-seaweed-chips-frying-machine\/#primaryimage"},"image":{"@id":"https:\/\/www.snackfoodm.com\/fr\/industrial-seaweed-chips-frying-machine\/#primaryimage"},"thumbnailUrl":"https:\/\/www.snackfoodm.com\/wp-content\/uploads\/2020\/04\/seaweed-chips-continuous-fryer-machine.jpg","datePublished":"2020-04-30T09:49:13+00:00","dateModified":"2020-04-30T12:45:41+00:00","description":"Prix des friteuses industrielles pour chips d'algues. Friteuses sur mesure pour des chips d'algues croustillantes. Produits haut de gamme avec efficacit\u00e9 \u00e9nerg\u00e9tique. Obtenez les prix maintenant.","breadcrumb":{"@id":"https:\/\/www.snackfoodm.com\/fr\/industrial-seaweed-chips-frying-machine\/#breadcrumb"},"inLanguage":"fr-FR","potentialAction":[{"@type":"ReadAction","target":["https:\/\/www.snackfoodm.com\/fr\/industrial-seaweed-chips-frying-machine\/"]}]},{"@type":"ImageObject","inLanguage":"fr-FR","@id":"https:\/\/www.snackfoodm.com\/fr\/industrial-seaweed-chips-frying-machine\/#primaryimage","url":"https:\/\/www.snackfoodm.com\/wp-content\/uploads\/2020\/04\/seaweed-chips-continuous-fryer-machine.jpg","contentUrl":"https:\/\/www.snackfoodm.com\/wp-content\/uploads\/2020\/04\/seaweed-chips-continuous-fryer-machine.jpg","width":630,"height":400,"caption":"Crispy Seaweed Chips Continuous Fryer"},{"@type":"BreadcrumbList","@id":"https:\/\/www.snackfoodm.com\/fr\/industrial-seaweed-chips-frying-machine\/#breadcrumb","itemListElement":[{"@type":"ListItem","position":1,"name":"\u9996\u9875","item":"https:\/\/www.snackfoodm.com\/"},{"@type":"ListItem","position":2,"name":"Industrial Seaweed Chips Frying Machine"}]},{"@type":"WebSite","@id":"https:\/\/www.snackfoodm.com\/#website","url":"https:\/\/www.snackfoodm.com\/","name":"Fabricant professionnel de lignes de production de chips et de frites","description":"Solutions cl\u00e9s en main pour une ligne de production de chips et de frites","publisher":{"@id":"https:\/\/www.snackfoodm.com\/#organization"},"potentialAction":[{"@type":"SearchAction","target":{"@type":"EntryPoint","urlTemplate":"https:\/\/www.snackfoodm.com\/?s={search_term_string}"},"query-input":{"@type":"PropertyValueSpecification","valueRequired":true,"valueName":"search_term_string"}}],"inLanguage":"fr-FR"},{"@type":"Organization","@id":"https:\/\/www.snackfoodm.com\/#organization","name":"Fabricant professionnel de lignes de production de chips et de frites","url":"https:\/\/www.snackfoodm.com\/","logo":{"@type":"ImageObject","inLanguage":"fr-FR","@id":"https:\/\/www.snackfoodm.com\/#\/schema\/logo\/image\/","url":"https:\/\/www.snackfoodm.com\/wp-content\/uploads\/2020\/02\/cropped-\u65b0\u7248LOGO1-3.png","contentUrl":"https:\/\/www.snackfoodm.com\/wp-content\/uploads\/2020\/02\/cropped-\u65b0\u7248LOGO1-3.png","width":163,"height":85,"caption":"Professional Potato Chips and French Fry Process Line Manufacturer"},"image":{"@id":"https:\/\/www.snackfoodm.com\/#\/schema\/logo\/image\/"}},false]}},"yasr_visitor_votes":{"stars_attributes":{"read_only":false,"span_bottom":false},"number_of_votes":1,"sum_votes":5},"_links":{"self":[{"href":"https:\/\/www.snackfoodm.com\/fr\/wp-json\/wp\/v2\/pages\/892","targetHints":{"allow":["GET"]}}],"collection":[{"href":"https:\/\/www.snackfoodm.com\/fr\/wp-json\/wp\/v2\/pages"}],"about":[{"href":"https:\/\/www.snackfoodm.com\/fr\/wp-json\/wp\/v2\/types\/page"}],"author":[{"embeddable":true,"href":"https:\/\/www.snackfoodm.com\/fr\/wp-json\/wp\/v2\/users\/1"}],"replies":[{"embeddable":true,"href":"https:\/\/www.snackfoodm.com\/fr\/wp-json\/wp\/v2\/comments?post=892"}],"version-history":[{"count":3,"href":"https:\/\/www.snackfoodm.com\/fr\/wp-json\/wp\/v2\/pages\/892\/revisions"}],"predecessor-version":[{"id":898,"href":"https:\/\/www.snackfoodm.com\/fr\/wp-json\/wp\/v2\/pages\/892\/revisions\/898"}],"wp:featuredmedia":[{"embeddable":true,"href":"https:\/\/www.snackfoodm.com\/fr\/wp-json\/wp\/v2\/media\/894"}],"wp:attachment":[{"href":"https:\/\/www.snackfoodm.com\/fr\/wp-json\/wp\/v2\/media?parent=892"}],"curies":[{"name":"wp","href":"https:\/\/api.w.org\/{rel}","templated":true}]}}